{"id":112,"date":"2021-04-05T12:50:47","date_gmt":"2021-04-05T11:50:47","guid":{"rendered":"https:\/\/zapateneo.net\/wordpress\/?post_type=product&#038;p=112"},"modified":"2021-10-26T10:31:35","modified_gmt":"2021-10-26T09:31:35","slug":"oriol-sole-sugranyes","status":"publish","type":"product","link":"https:\/\/zapateneo.net\/wordpress\/index.php\/producto\/oriol-sole-sugranyes\/","title":{"rendered":"Oriol Sol\u00e9 Sugranyes"},"content":{"rendered":"<p>Por la ma\u00f1ana del d\u00eda 6 de abril de\u00a01976 -hoy hace cuarenta a\u00f1os- era\u00a0abatido por los rasgos de la Guardia\u00a0Civil Oriol Sol\u00e9 Sugranyes, a\u00a0pocos metros de la frontera con\u00a0el Estado franc\u00e9s, en territorio navarro\u00a0de Euskal Herria, mucho a\u00a0cerca de la libertad, al d\u00eda siguiente\u00a0de haber escapado de la prisi\u00f3n de\u00a0Segovia con 28 presos m\u00e1s.\u00a0Oriol, exmiembro de el\u00a0MIL y compa\u00f1ero de Salvador\u00a0Puig Antich, ya desde bien joven\u00a0mantuvo un compromiso\u00a0por la libertad, un combate encarnizado\u00a0en contra de todo tipo\u00a0de explotaci\u00f3n y opresi\u00f3n, en un\u00a0contexto social dominado por\u00a0la imposici\u00f3n del capitalismo\u00a0apoyado por la dictadura franquista.\u00a0Revolucionario anticapitalista\u00a0y libertario, cont\u00f3\u00a0siempre con la estimaci\u00f3n de los\u00a0suyos compa\u00f1eros y amigos. Fue\u00a0asesinado cuando ya era muerto el\u00a0dictador, cuando apenas se estaba\u00a0iniciando la llamada transici\u00f3n,\u00a0resultado de un pacto entre \u00e9lits\u00a0politiques y econ\u00f3micas hecho\u00a0bajo la aprobaci\u00f3n de los militares\u00a0que result\u00f3 sobre todo en un\u00a0fraude hist\u00f3rico y social que perpetu\u00f3\u00a0y mantuvo intacta la estructura\u00a0de dominaci\u00f3n existente.\u00a0En estas cuatro d\u00e9cadas,\u00a0Oriol se ha mantenido vive\u00a0en el recuerdo de sus familiares,\u00a0amigos y compa\u00f1eros. Pero su\u00a0presencia se mantendr\u00e1 viva\u00a0ahora y siempre a cada lucha que\u00a0se comience que vaya encaminada\u00a0a una emancipaci\u00f3n personal y\u00a0colectiva contra todo tipo de\u00a0dominaci\u00f3n.<\/p>\n","protected":false},"excerpt":{"rendered":"<p><strong>varios autores<\/strong><br \/>\n9788416553778 &#8211; Descontrol &#8211; &#8211; 350 p\u00e1ginas \/orri.<\/p>\n","protected":false},"featured_media":8733,"template":"","meta":[],"product_brand":[],"product_cat":[160,16],"product_tag":[53],"class_list":{"0":"post-112","1":"product","2":"type-product","3":"status-publish","4":"has-post-thumbnail","6":"product_cat-biografiak-biografias","7":"product_cat-libros","8":"product_tag-descontrol","10":"first","11":"instock","12":"shipping-taxable","13":"purchasable","14":"product-type-simple"},"yoast_head":"<!-- This site is optimized with the Yoast SEO plugin v27.3 - https:\/\/yoast.com\/product\/yoast-seo-wordpress\/ -->\n<title>Oriol Sol\u00e9 Sugranyes &#8212; Zapateneo<\/title>\n<meta name=\"robots\" content=\"index, follow, max-snippet:-1, max-image-preview:large, max-video-preview:-1\" \/>\n<link rel=\"canonical\" href=\"https:\/\/zapateneo.net\/wordpress\/index.php\/producto\/oriol-sole-sugranyes\/\" \/>\n<meta property=\"og:locale\" content=\"es_ES\" \/>\n<meta property=\"og:type\" content=\"article\" \/>\n<meta property=\"og:title\" content=\"Oriol Sol\u00e9 Sugranyes &#8212; Zapateneo\" \/>\n<meta property=\"og:description\" content=\"varios autores 9788416553778 - Descontrol - - 350 p\u00e1ginas \/orri.\" \/>\n<meta property=\"og:url\" content=\"https:\/\/zapateneo.net\/wordpress\/index.php\/producto\/oriol-sole-sugranyes\/\" \/>\n<meta property=\"og:site_name\" content=\"Zapateneo\" \/>\n<meta property=\"article:modified_time\" content=\"2021-10-26T09:31:35+00:00\" \/>\n<meta property=\"og:image\" content=\"https:\/\/zapateneo.net\/wordpress\/wp-content\/uploads\/2021\/04\/9788416553778-1.gif\" \/>\n\t<meta property=\"og:image:width\" content=\"201\" \/>\n\t<meta property=\"og:image:height\" content=\"288\" \/>\n\t<meta property=\"og:image:type\" content=\"image\/gif\" \/>\n<meta name=\"twitter:card\" content=\"summary_large_image\" \/>\n<meta name=\"twitter:site\" content=\"@zapateneo\" \/>\n<meta name=\"twitter:label1\" content=\"Tiempo de lectura\" \/>\n\t<meta name=\"twitter:data1\" content=\"1 minuto\" \/>\n<script type=\"application\/ld+json\" class=\"yoast-schema-graph\">{\"@context\":\"https:\\\/\\\/schema.org\",\"@graph\":[{\"@type\":\"WebPage\",\"@id\":\"https:\\\/\\\/zapateneo.net\\\/wordpress\\\/index.php\\\/producto\\\/oriol-sole-sugranyes\\\/\",\"url\":\"https:\\\/\\\/zapateneo.net\\\/wordpress\\\/index.php\\\/producto\\\/oriol-sole-sugranyes\\\/\",\"name\":\"Oriol Sol\u00e9 Sugranyes &#8212; Zapateneo\",\"isPartOf\":{\"@id\":\"https:\\\/\\\/zapateneo.net\\\/wordpress\\\/#website\"},\"primaryImageOfPage\":{\"@id\":\"https:\\\/\\\/zapateneo.net\\\/wordpress\\\/index.php\\\/producto\\\/oriol-sole-sugranyes\\\/#primaryimage\"},\"image\":{\"@id\":\"https:\\\/\\\/zapateneo.net\\\/wordpress\\\/index.php\\\/producto\\\/oriol-sole-sugranyes\\\/#primaryimage\"},\"thumbnailUrl\":\"https:\\\/\\\/zapateneo.net\\\/wordpress\\\/wp-content\\\/uploads\\\/2021\\\/04\\\/9788416553778-1.gif\",\"datePublished\":\"2021-04-05T11:50:47+00:00\",\"dateModified\":\"2021-10-26T09:31:35+00:00\",\"breadcrumb\":{\"@id\":\"https:\\\/\\\/zapateneo.net\\\/wordpress\\\/index.php\\\/producto\\\/oriol-sole-sugranyes\\\/#breadcrumb\"},\"inLanguage\":\"es\",\"potentialAction\":[{\"@type\":\"ReadAction\",\"target\":[\"https:\\\/\\\/zapateneo.net\\\/wordpress\\\/index.php\\\/producto\\\/oriol-sole-sugranyes\\\/\"]}]},{\"@type\":\"ImageObject\",\"inLanguage\":\"es\",\"@id\":\"https:\\\/\\\/zapateneo.net\\\/wordpress\\\/index.php\\\/producto\\\/oriol-sole-sugranyes\\\/#primaryimage\",\"url\":\"https:\\\/\\\/zapateneo.net\\\/wordpress\\\/wp-content\\\/uploads\\\/2021\\\/04\\\/9788416553778-1.gif\",\"contentUrl\":\"https:\\\/\\\/zapateneo.net\\\/wordpress\\\/wp-content\\\/uploads\\\/2021\\\/04\\\/9788416553778-1.gif\",\"width\":201,\"height\":288},{\"@type\":\"BreadcrumbList\",\"@id\":\"https:\\\/\\\/zapateneo.net\\\/wordpress\\\/index.php\\\/producto\\\/oriol-sole-sugranyes\\\/#breadcrumb\",\"itemListElement\":[{\"@type\":\"ListItem\",\"position\":1,\"name\":\"Portada\",\"item\":\"https:\\\/\\\/zapateneo.net\\\/wordpress\\\/\"},{\"@type\":\"ListItem\",\"position\":2,\"name\":\"Tienda\",\"item\":\"https:\\\/\\\/zapateneo.net\\\/wordpress\\\/\"},{\"@type\":\"ListItem\",\"position\":3,\"name\":\"Oriol Sol\u00e9 Sugranyes\"}]},{\"@type\":\"WebSite\",\"@id\":\"https:\\\/\\\/zapateneo.net\\\/wordpress\\\/#website\",\"url\":\"https:\\\/\\\/zapateneo.net\\\/wordpress\\\/\",\"name\":\"Zapateneo\",\"description\":\"Zapateneoaren webgunea\",\"publisher\":{\"@id\":\"https:\\\/\\\/zapateneo.net\\\/wordpress\\\/#organization\"},\"potentialAction\":[{\"@type\":\"SearchAction\",\"target\":{\"@type\":\"EntryPoint\",\"urlTemplate\":\"https:\\\/\\\/zapateneo.net\\\/wordpress\\\/?s={search_term_string}\"},\"query-input\":{\"@type\":\"PropertyValueSpecification\",\"valueRequired\":true,\"valueName\":\"search_term_string\"}}],\"inLanguage\":\"es\"},{\"@type\":\"Organization\",\"@id\":\"https:\\\/\\\/zapateneo.net\\\/wordpress\\\/#organization\",\"name\":\"Zapateneo Kultur Elkartea\",\"url\":\"https:\\\/\\\/zapateneo.net\\\/wordpress\\\/\",\"logo\":{\"@type\":\"ImageObject\",\"inLanguage\":\"es\",\"@id\":\"https:\\\/\\\/zapateneo.net\\\/wordpress\\\/#\\\/schema\\\/logo\\\/image\\\/\",\"url\":\"https:\\\/\\\/zapateneo.net\\\/wordpress\\\/wp-content\\\/uploads\\\/2021\\\/04\\\/zap-libu-kolec.jpg\",\"contentUrl\":\"https:\\\/\\\/zapateneo.net\\\/wordpress\\\/wp-content\\\/uploads\\\/2021\\\/04\\\/zap-libu-kolec.jpg\",\"width\":2234,\"height\":398,\"caption\":\"Zapateneo Kultur Elkartea\"},\"image\":{\"@id\":\"https:\\\/\\\/zapateneo.net\\\/wordpress\\\/#\\\/schema\\\/logo\\\/image\\\/\"},\"sameAs\":[\"https:\\\/\\\/x.com\\\/zapateneo\"]}]}<\/script>\n<!-- \/ Yoast SEO plugin. -->","yoast_head_json":{"title":"Oriol Sol\u00e9 Sugranyes &#8212; Zapateneo","robots":{"index":"index","follow":"follow","max-snippet":"max-snippet:-1","max-image-preview":"max-image-preview:large","max-video-preview":"max-video-preview:-1"},"canonical":"https:\/\/zapateneo.net\/wordpress\/index.php\/producto\/oriol-sole-sugranyes\/","og_locale":"es_ES","og_type":"article","og_title":"Oriol Sol\u00e9 Sugranyes &#8212; Zapateneo","og_description":"varios autores 9788416553778 - Descontrol - - 350 p\u00e1ginas \/orri.","og_url":"https:\/\/zapateneo.net\/wordpress\/index.php\/producto\/oriol-sole-sugranyes\/","og_site_name":"Zapateneo","article_modified_time":"2021-10-26T09:31:35+00:00","og_image":[{"width":201,"height":288,"url":"https:\/\/zapateneo.net\/wordpress\/wp-content\/uploads\/2021\/04\/9788416553778-1.gif","type":"image\/gif"}],"twitter_card":"summary_large_image","twitter_site":"@zapateneo","twitter_misc":{"Tiempo de lectura":"1 minuto"},"schema":{"@context":"https:\/\/schema.org","@graph":[{"@type":"WebPage","@id":"https:\/\/zapateneo.net\/wordpress\/index.php\/producto\/oriol-sole-sugranyes\/","url":"https:\/\/zapateneo.net\/wordpress\/index.php\/producto\/oriol-sole-sugranyes\/","name":"Oriol Sol\u00e9 Sugranyes &#8212; Zapateneo","isPartOf":{"@id":"https:\/\/zapateneo.net\/wordpress\/#website"},"primaryImageOfPage":{"@id":"https:\/\/zapateneo.net\/wordpress\/index.php\/producto\/oriol-sole-sugranyes\/#primaryimage"},"image":{"@id":"https:\/\/zapateneo.net\/wordpress\/index.php\/producto\/oriol-sole-sugranyes\/#primaryimage"},"thumbnailUrl":"https:\/\/zapateneo.net\/wordpress\/wp-content\/uploads\/2021\/04\/9788416553778-1.gif","datePublished":"2021-04-05T11:50:47+00:00","dateModified":"2021-10-26T09:31:35+00:00","breadcrumb":{"@id":"https:\/\/zapateneo.net\/wordpress\/index.php\/producto\/oriol-sole-sugranyes\/#breadcrumb"},"inLanguage":"es","potentialAction":[{"@type":"ReadAction","target":["https:\/\/zapateneo.net\/wordpress\/index.php\/producto\/oriol-sole-sugranyes\/"]}]},{"@type":"ImageObject","inLanguage":"es","@id":"https:\/\/zapateneo.net\/wordpress\/index.php\/producto\/oriol-sole-sugranyes\/#primaryimage","url":"https:\/\/zapateneo.net\/wordpress\/wp-content\/uploads\/2021\/04\/9788416553778-1.gif","contentUrl":"https:\/\/zapateneo.net\/wordpress\/wp-content\/uploads\/2021\/04\/9788416553778-1.gif","width":201,"height":288},{"@type":"BreadcrumbList","@id":"https:\/\/zapateneo.net\/wordpress\/index.php\/producto\/oriol-sole-sugranyes\/#breadcrumb","itemListElement":[{"@type":"ListItem","position":1,"name":"Portada","item":"https:\/\/zapateneo.net\/wordpress\/"},{"@type":"ListItem","position":2,"name":"Tienda","item":"https:\/\/zapateneo.net\/wordpress\/"},{"@type":"ListItem","position":3,"name":"Oriol Sol\u00e9 Sugranyes"}]},{"@type":"WebSite","@id":"https:\/\/zapateneo.net\/wordpress\/#website","url":"https:\/\/zapateneo.net\/wordpress\/","name":"Zapateneo","description":"Zapateneoaren webgunea","publisher":{"@id":"https:\/\/zapateneo.net\/wordpress\/#organization"},"potentialAction":[{"@type":"SearchAction","target":{"@type":"EntryPoint","urlTemplate":"https:\/\/zapateneo.net\/wordpress\/?s={search_term_string}"},"query-input":{"@type":"PropertyValueSpecification","valueRequired":true,"valueName":"search_term_string"}}],"inLanguage":"es"},{"@type":"Organization","@id":"https:\/\/zapateneo.net\/wordpress\/#organization","name":"Zapateneo Kultur Elkartea","url":"https:\/\/zapateneo.net\/wordpress\/","logo":{"@type":"ImageObject","inLanguage":"es","@id":"https:\/\/zapateneo.net\/wordpress\/#\/schema\/logo\/image\/","url":"https:\/\/zapateneo.net\/wordpress\/wp-content\/uploads\/2021\/04\/zap-libu-kolec.jpg","contentUrl":"https:\/\/zapateneo.net\/wordpress\/wp-content\/uploads\/2021\/04\/zap-libu-kolec.jpg","width":2234,"height":398,"caption":"Zapateneo Kultur Elkartea"},"image":{"@id":"https:\/\/zapateneo.net\/wordpress\/#\/schema\/logo\/image\/"},"sameAs":["https:\/\/x.com\/zapateneo"]}]}},"_links":{"self":[{"href":"https:\/\/zapateneo.net\/wordpress\/index.php\/wp-json\/wp\/v2\/product\/112","targetHints":{"allow":["GET"]}}],"collection":[{"href":"https:\/\/zapateneo.net\/wordpress\/index.php\/wp-json\/wp\/v2\/product"}],"about":[{"href":"https:\/\/zapateneo.net\/wordpress\/index.php\/wp-json\/wp\/v2\/types\/product"}],"wp:featuredmedia":[{"embeddable":true,"href":"https:\/\/zapateneo.net\/wordpress\/index.php\/wp-json\/wp\/v2\/media\/8733"}],"wp:attachment":[{"href":"https:\/\/zapateneo.net\/wordpress\/index.php\/wp-json\/wp\/v2\/media?parent=112"}],"wp:term":[{"taxonomy":"product_brand","embeddable":true,"href":"https:\/\/zapateneo.net\/wordpress\/index.php\/wp-json\/wp\/v2\/product_brand?post=112"},{"taxonomy":"product_cat","embeddable":true,"href":"https:\/\/zapateneo.net\/wordpress\/index.php\/wp-json\/wp\/v2\/product_cat?post=112"},{"taxonomy":"product_tag","embeddable":true,"href":"https:\/\/zapateneo.net\/wordpress\/index.php\/wp-json\/wp\/v2\/product_tag?post=112"}],"curies":[{"name":"wp","href":"https:\/\/api.w.org\/{rel}","templated":true}]}}