{"id":11186,"date":"2022-05-28T17:22:02","date_gmt":"2022-05-28T16:22:02","guid":{"rendered":"https:\/\/zapateneo.net\/wordpress\/?post_type=product&#038;p=11186"},"modified":"2022-05-28T17:22:14","modified_gmt":"2022-05-28T16:22:14","slug":"mi-traje-de-hombre-una-mirada-feminista-desde-la-masculinidad","status":"publish","type":"product","link":"https:\/\/zapateneo.net\/wordpress\/index.php\/producto\/mi-traje-de-hombre-una-mirada-feminista-desde-la-masculinidad\/","title":{"rendered":"MI TRAJE DE HOMBRE Una mirada feminista desde la masculinidad"},"content":{"rendered":"<p>Confieso que si alg\u00fan m\u00e9rito tiene este libro, no es otro que el recoger las reflexiones de un hombre machista como yo, sobre cuestiones acerca de las que los hombres no solemos pronunciarnos. No es f\u00e1cil escuchar o leer a hombres, hablando de igualdad y patriarcado, un concepto del que la mayor\u00eda de nosotros ignoramos el significado. Este libro es para hombres sobre hombres, pero no para todos los hombres, sino solo para aquellos que se atrevan a cuestionarse y a cuestionar el modelo de hombre que son. En cierta manera es un libro para hombres valientes.<\/p>\n<p>No pretendo sentar c\u00e1tedra, ni abrir pol\u00e9micas que duelan, solo hacer o\u00edr una voz necesaria y reflexionar junto a otros hombres sobre el mundo en que nos ha tocado vivir y el que nos gustar\u00eda dejar a quienes nos sucedan, y tambi\u00e9n sobre cu\u00e1l es nuestra responsabilidad en la desigualdad y la violencia que sufren las mujeres. En este libro se recoge un resumen de las opiniones que a lo largo de casi cuatro a\u00f1os, y con periodicidad semanal, he venido publicando en medios digitales como La Voz del Sur, El Salto y Diario16, y en la revista feminismo16.<\/p>\n<p>Quiz\u00e1s este sea un libro que deje indiferente a la mayor\u00eda de los hombres, indigne a muchos y a unos pocos los lleve a reflexionar. Con esto \u00faltimo me quedo, pues es raz\u00f3n suficiente para su existencia. <\/p>\n<p>Juan Miguel Garrido Pe\u00f1a (Sevilla 1960). Padre, feminista, andaluz. Promotor y miembro de la Asociaci\u00f3n de Hombres Igualitarios de Andaluc\u00eda (AHIGE). Promotor del Grupo de Hombres Por la Igualdad de G\u00e9nero de la Diputaci\u00f3n de Sevilla. Hombre activista por el cambio de los hombres hac\u00eda la igualdad.<\/p>\n","protected":false},"excerpt":{"rendered":"<p><strong>Juan Miguel Garrido Pe\u00f1a<\/strong><br \/>\n9788418723438 &#8211; Bellaterra &#8211; 2022 &#8211; 180 p\u00e1ginas \/orri.<\/p>\n","protected":false},"featured_media":11205,"template":"","meta":[],"product_brand":[],"product_cat":[174,16],"product_tag":[92,5616],"class_list":{"0":"post-11186","1":"product","2":"type-product","3":"status-publish","4":"has-post-thumbnail","6":"product_cat-generoak-generos","7":"product_cat-libros","8":"product_tag-bellaterra","9":"product_tag-juan-miguel-garrido-pena","11":"first","12":"instock","13":"sold-individually","14":"shipping-taxable","15":"purchasable","16":"product-type-simple"},"yoast_head":"<!-- This site is optimized with the Yoast SEO plugin v27.3 - https:\/\/yoast.com\/product\/yoast-seo-wordpress\/ -->\n<title>MI TRAJE DE HOMBRE Una mirada feminista desde la masculinidad &#8212; Zapateneo<\/title>\n<meta name=\"robots\" content=\"index, follow, max-snippet:-1, max-image-preview:large, max-video-preview:-1\" \/>\n<link rel=\"canonical\" href=\"https:\/\/zapateneo.net\/wordpress\/index.php\/producto\/mi-traje-de-hombre-una-mirada-feminista-desde-la-masculinidad\/\" \/>\n<meta property=\"og:locale\" content=\"es_ES\" \/>\n<meta property=\"og:type\" content=\"article\" \/>\n<meta property=\"og:title\" content=\"MI TRAJE DE HOMBRE Una mirada feminista desde la masculinidad &#8212; Zapateneo\" \/>\n<meta property=\"og:description\" content=\"Juan Miguel Garrido Pe\u00f1a 9788418723438 - Bellaterra - 2022 - 180 p\u00e1ginas \/orri.\" \/>\n<meta property=\"og:url\" content=\"https:\/\/zapateneo.net\/wordpress\/index.php\/producto\/mi-traje-de-hombre-una-mirada-feminista-desde-la-masculinidad\/\" \/>\n<meta property=\"og:site_name\" content=\"Zapateneo\" \/>\n<meta property=\"article:modified_time\" content=\"2022-05-28T16:22:14+00:00\" \/>\n<meta name=\"twitter:card\" content=\"summary_large_image\" \/>\n<meta name=\"twitter:site\" content=\"@zapateneo\" \/>\n<meta name=\"twitter:label1\" content=\"Tiempo de lectura\" \/>\n\t<meta name=\"twitter:data1\" content=\"1 minuto\" \/>\n<script type=\"application\/ld+json\" class=\"yoast-schema-graph\">{\"@context\":\"https:\\\/\\\/schema.org\",\"@graph\":[{\"@type\":\"WebPage\",\"@id\":\"https:\\\/\\\/zapateneo.net\\\/wordpress\\\/index.php\\\/producto\\\/mi-traje-de-hombre-una-mirada-feminista-desde-la-masculinidad\\\/\",\"url\":\"https:\\\/\\\/zapateneo.net\\\/wordpress\\\/index.php\\\/producto\\\/mi-traje-de-hombre-una-mirada-feminista-desde-la-masculinidad\\\/\",\"name\":\"MI TRAJE DE HOMBRE Una mirada feminista desde la masculinidad &#8212; Zapateneo\",\"isPartOf\":{\"@id\":\"https:\\\/\\\/zapateneo.net\\\/wordpress\\\/#website\"},\"primaryImageOfPage\":{\"@id\":\"https:\\\/\\\/zapateneo.net\\\/wordpress\\\/index.php\\\/producto\\\/mi-traje-de-hombre-una-mirada-feminista-desde-la-masculinidad\\\/#primaryimage\"},\"image\":{\"@id\":\"https:\\\/\\\/zapateneo.net\\\/wordpress\\\/index.php\\\/producto\\\/mi-traje-de-hombre-una-mirada-feminista-desde-la-masculinidad\\\/#primaryimage\"},\"thumbnailUrl\":\"https:\\\/\\\/zapateneo.net\\\/wordpress\\\/wp-content\\\/uploads\\\/2022\\\/05\\\/mi-traje-de-hombre-9788418723438.jpg\",\"datePublished\":\"2022-05-28T16:22:02+00:00\",\"dateModified\":\"2022-05-28T16:22:14+00:00\",\"breadcrumb\":{\"@id\":\"https:\\\/\\\/zapateneo.net\\\/wordpress\\\/index.php\\\/producto\\\/mi-traje-de-hombre-una-mirada-feminista-desde-la-masculinidad\\\/#breadcrumb\"},\"inLanguage\":\"es\",\"potentialAction\":[{\"@type\":\"ReadAction\",\"target\":[\"https:\\\/\\\/zapateneo.net\\\/wordpress\\\/index.php\\\/producto\\\/mi-traje-de-hombre-una-mirada-feminista-desde-la-masculinidad\\\/\"]}]},{\"@type\":\"ImageObject\",\"inLanguage\":\"es\",\"@id\":\"https:\\\/\\\/zapateneo.net\\\/wordpress\\\/index.php\\\/producto\\\/mi-traje-de-hombre-una-mirada-feminista-desde-la-masculinidad\\\/#primaryimage\",\"url\":\"https:\\\/\\\/zapateneo.net\\\/wordpress\\\/wp-content\\\/uploads\\\/2022\\\/05\\\/mi-traje-de-hombre-9788418723438.jpg\",\"contentUrl\":\"https:\\\/\\\/zapateneo.net\\\/wordpress\\\/wp-content\\\/uploads\\\/2022\\\/05\\\/mi-traje-de-hombre-9788418723438.jpg\",\"width\":268,\"height\":400},{\"@type\":\"BreadcrumbList\",\"@id\":\"https:\\\/\\\/zapateneo.net\\\/wordpress\\\/index.php\\\/producto\\\/mi-traje-de-hombre-una-mirada-feminista-desde-la-masculinidad\\\/#breadcrumb\",\"itemListElement\":[{\"@type\":\"ListItem\",\"position\":1,\"name\":\"Portada\",\"item\":\"https:\\\/\\\/zapateneo.net\\\/wordpress\\\/\"},{\"@type\":\"ListItem\",\"position\":2,\"name\":\"Tienda\",\"item\":\"https:\\\/\\\/zapateneo.net\\\/wordpress\\\/\"},{\"@type\":\"ListItem\",\"position\":3,\"name\":\"MI TRAJE DE HOMBRE Una mirada feminista desde la masculinidad\"}]},{\"@type\":\"WebSite\",\"@id\":\"https:\\\/\\\/zapateneo.net\\\/wordpress\\\/#website\",\"url\":\"https:\\\/\\\/zapateneo.net\\\/wordpress\\\/\",\"name\":\"Zapateneo\",\"description\":\"Zapateneoaren webgunea\",\"publisher\":{\"@id\":\"https:\\\/\\\/zapateneo.net\\\/wordpress\\\/#organization\"},\"potentialAction\":[{\"@type\":\"SearchAction\",\"target\":{\"@type\":\"EntryPoint\",\"urlTemplate\":\"https:\\\/\\\/zapateneo.net\\\/wordpress\\\/?s={search_term_string}\"},\"query-input\":{\"@type\":\"PropertyValueSpecification\",\"valueRequired\":true,\"valueName\":\"search_term_string\"}}],\"inLanguage\":\"es\"},{\"@type\":\"Organization\",\"@id\":\"https:\\\/\\\/zapateneo.net\\\/wordpress\\\/#organization\",\"name\":\"Zapateneo Kultur Elkartea\",\"url\":\"https:\\\/\\\/zapateneo.net\\\/wordpress\\\/\",\"logo\":{\"@type\":\"ImageObject\",\"inLanguage\":\"es\",\"@id\":\"https:\\\/\\\/zapateneo.net\\\/wordpress\\\/#\\\/schema\\\/logo\\\/image\\\/\",\"url\":\"https:\\\/\\\/zapateneo.net\\\/wordpress\\\/wp-content\\\/uploads\\\/2021\\\/04\\\/zap-libu-kolec.jpg\",\"contentUrl\":\"https:\\\/\\\/zapateneo.net\\\/wordpress\\\/wp-content\\\/uploads\\\/2021\\\/04\\\/zap-libu-kolec.jpg\",\"width\":2234,\"height\":398,\"caption\":\"Zapateneo Kultur Elkartea\"},\"image\":{\"@id\":\"https:\\\/\\\/zapateneo.net\\\/wordpress\\\/#\\\/schema\\\/logo\\\/image\\\/\"},\"sameAs\":[\"https:\\\/\\\/x.com\\\/zapateneo\"]}]}<\/script>\n<!-- \/ Yoast SEO plugin. -->","yoast_head_json":{"title":"MI TRAJE DE HOMBRE Una mirada feminista desde la masculinidad &#8212; Zapateneo","robots":{"index":"index","follow":"follow","max-snippet":"max-snippet:-1","max-image-preview":"max-image-preview:large","max-video-preview":"max-video-preview:-1"},"canonical":"https:\/\/zapateneo.net\/wordpress\/index.php\/producto\/mi-traje-de-hombre-una-mirada-feminista-desde-la-masculinidad\/","og_locale":"es_ES","og_type":"article","og_title":"MI TRAJE DE HOMBRE Una mirada feminista desde la masculinidad &#8212; Zapateneo","og_description":"Juan Miguel Garrido Pe\u00f1a 9788418723438 - Bellaterra - 2022 - 180 p\u00e1ginas \/orri.","og_url":"https:\/\/zapateneo.net\/wordpress\/index.php\/producto\/mi-traje-de-hombre-una-mirada-feminista-desde-la-masculinidad\/","og_site_name":"Zapateneo","article_modified_time":"2022-05-28T16:22:14+00:00","twitter_card":"summary_large_image","twitter_site":"@zapateneo","twitter_misc":{"Tiempo de lectura":"1 minuto"},"schema":{"@context":"https:\/\/schema.org","@graph":[{"@type":"WebPage","@id":"https:\/\/zapateneo.net\/wordpress\/index.php\/producto\/mi-traje-de-hombre-una-mirada-feminista-desde-la-masculinidad\/","url":"https:\/\/zapateneo.net\/wordpress\/index.php\/producto\/mi-traje-de-hombre-una-mirada-feminista-desde-la-masculinidad\/","name":"MI TRAJE DE HOMBRE Una mirada feminista desde la masculinidad &#8212; Zapateneo","isPartOf":{"@id":"https:\/\/zapateneo.net\/wordpress\/#website"},"primaryImageOfPage":{"@id":"https:\/\/zapateneo.net\/wordpress\/index.php\/producto\/mi-traje-de-hombre-una-mirada-feminista-desde-la-masculinidad\/#primaryimage"},"image":{"@id":"https:\/\/zapateneo.net\/wordpress\/index.php\/producto\/mi-traje-de-hombre-una-mirada-feminista-desde-la-masculinidad\/#primaryimage"},"thumbnailUrl":"https:\/\/zapateneo.net\/wordpress\/wp-content\/uploads\/2022\/05\/mi-traje-de-hombre-9788418723438.jpg","datePublished":"2022-05-28T16:22:02+00:00","dateModified":"2022-05-28T16:22:14+00:00","breadcrumb":{"@id":"https:\/\/zapateneo.net\/wordpress\/index.php\/producto\/mi-traje-de-hombre-una-mirada-feminista-desde-la-masculinidad\/#breadcrumb"},"inLanguage":"es","potentialAction":[{"@type":"ReadAction","target":["https:\/\/zapateneo.net\/wordpress\/index.php\/producto\/mi-traje-de-hombre-una-mirada-feminista-desde-la-masculinidad\/"]}]},{"@type":"ImageObject","inLanguage":"es","@id":"https:\/\/zapateneo.net\/wordpress\/index.php\/producto\/mi-traje-de-hombre-una-mirada-feminista-desde-la-masculinidad\/#primaryimage","url":"https:\/\/zapateneo.net\/wordpress\/wp-content\/uploads\/2022\/05\/mi-traje-de-hombre-9788418723438.jpg","contentUrl":"https:\/\/zapateneo.net\/wordpress\/wp-content\/uploads\/2022\/05\/mi-traje-de-hombre-9788418723438.jpg","width":268,"height":400},{"@type":"BreadcrumbList","@id":"https:\/\/zapateneo.net\/wordpress\/index.php\/producto\/mi-traje-de-hombre-una-mirada-feminista-desde-la-masculinidad\/#breadcrumb","itemListElement":[{"@type":"ListItem","position":1,"name":"Portada","item":"https:\/\/zapateneo.net\/wordpress\/"},{"@type":"ListItem","position":2,"name":"Tienda","item":"https:\/\/zapateneo.net\/wordpress\/"},{"@type":"ListItem","position":3,"name":"MI TRAJE DE HOMBRE Una mirada feminista desde la masculinidad"}]},{"@type":"WebSite","@id":"https:\/\/zapateneo.net\/wordpress\/#website","url":"https:\/\/zapateneo.net\/wordpress\/","name":"Zapateneo","description":"Zapateneoaren webgunea","publisher":{"@id":"https:\/\/zapateneo.net\/wordpress\/#organization"},"potentialAction":[{"@type":"SearchAction","target":{"@type":"EntryPoint","urlTemplate":"https:\/\/zapateneo.net\/wordpress\/?s={search_term_string}"},"query-input":{"@type":"PropertyValueSpecification","valueRequired":true,"valueName":"search_term_string"}}],"inLanguage":"es"},{"@type":"Organization","@id":"https:\/\/zapateneo.net\/wordpress\/#organization","name":"Zapateneo Kultur Elkartea","url":"https:\/\/zapateneo.net\/wordpress\/","logo":{"@type":"ImageObject","inLanguage":"es","@id":"https:\/\/zapateneo.net\/wordpress\/#\/schema\/logo\/image\/","url":"https:\/\/zapateneo.net\/wordpress\/wp-content\/uploads\/2021\/04\/zap-libu-kolec.jpg","contentUrl":"https:\/\/zapateneo.net\/wordpress\/wp-content\/uploads\/2021\/04\/zap-libu-kolec.jpg","width":2234,"height":398,"caption":"Zapateneo Kultur Elkartea"},"image":{"@id":"https:\/\/zapateneo.net\/wordpress\/#\/schema\/logo\/image\/"},"sameAs":["https:\/\/x.com\/zapateneo"]}]}},"_links":{"self":[{"href":"https:\/\/zapateneo.net\/wordpress\/index.php\/wp-json\/wp\/v2\/product\/11186","targetHints":{"allow":["GET"]}}],"collection":[{"href":"https:\/\/zapateneo.net\/wordpress\/index.php\/wp-json\/wp\/v2\/product"}],"about":[{"href":"https:\/\/zapateneo.net\/wordpress\/index.php\/wp-json\/wp\/v2\/types\/product"}],"wp:featuredmedia":[{"embeddable":true,"href":"https:\/\/zapateneo.net\/wordpress\/index.php\/wp-json\/wp\/v2\/media\/11205"}],"wp:attachment":[{"href":"https:\/\/zapateneo.net\/wordpress\/index.php\/wp-json\/wp\/v2\/media?parent=11186"}],"wp:term":[{"taxonomy":"product_brand","embeddable":true,"href":"https:\/\/zapateneo.net\/wordpress\/index.php\/wp-json\/wp\/v2\/product_brand?post=11186"},{"taxonomy":"product_cat","embeddable":true,"href":"https:\/\/zapateneo.net\/wordpress\/index.php\/wp-json\/wp\/v2\/product_cat?post=11186"},{"taxonomy":"product_tag","embeddable":true,"href":"https:\/\/zapateneo.net\/wordpress\/index.php\/wp-json\/wp\/v2\/product_tag?post=11186"}],"curies":[{"name":"wp","href":"https:\/\/api.w.org\/{rel}","templated":true}]}}