{"id":11185,"date":"2022-05-28T17:22:02","date_gmt":"2022-05-28T16:22:02","guid":{"rendered":"https:\/\/zapateneo.net\/wordpress\/?post_type=product&#038;p=11185"},"modified":"2022-05-28T17:22:13","modified_gmt":"2022-05-28T16:22:13","slug":"la-critica-agotada-claves-para-el-cambio-de-civilizacion","status":"publish","type":"product","link":"https:\/\/zapateneo.net\/wordpress\/index.php\/producto\/la-critica-agotada-claves-para-el-cambio-de-civilizacion\/","title":{"rendered":"LA CR\u00cdTICA AGOTADA Claves para el cambio de civilizaci\u00f3n"},"content":{"rendered":"<p>Al igual que S\u00edsifo, el discurso cr\u00edtico est\u00e1 agotado de repetir un frustrante y est\u00e9ril ejercicio: si aquel ten\u00eda que subir una enorme roca hasta lo alto de una monta\u00f1a para, una vez coronada, ver c\u00f3mo se deslizaba pendiente abajo, la cr\u00edtica tiene que hacer rodar unos pseudoconceptos producto de la ideolog\u00eda econ\u00f3mica y pol\u00edtica dominante para que, aun pretendiendo cuestionarlo todo, al final nada cambie. \u00abProducci\u00f3n\u00bb, \u00abmedio ambiente\u00bb, \u00abdesarrollo sostenible\u00bb, \u00ablucha contra el cambio clim\u00e1tico\u00bb, \u00abneoliberalismo\u00bb, \u00abposcapitalismo\u00bb o \u00abfundamentalismo de mercado\u00bb son solo ejemplos de t\u00e9rminos fetiche a la moda con los que la cr\u00edtica se lastra, desviando la atenci\u00f3n de los aut\u00e9nticos problemas y responsables de la situaci\u00f3n actual.<\/p>\n<p>En La cr\u00edtica agotada, Jos\u00e9 Manuel Naredo no solo muestra la opacidad y lo vac\u00edo de estos \u00abno-conceptos\u00bb y de d\u00f3nde surgen, sino que adem\u00e1s despliega toda la potencia del genuino pensamiento cr\u00edtico cuando trasciende esos \u00abpuntos ciegos\u00bb. Solo con ese cambio de perspectiva, solo pensando fuera de los m\u00e1rgenes delimitados por el sentido com\u00fan dictado por la ideolog\u00eda econ\u00f3mica dominante, podremos construir un nuevo paradigma civilizatorio que emancipe a seres humanos y devuelva la dignidad a la naturaleza.<\/p>\n","protected":false},"excerpt":{"rendered":"<p><strong>Jos\u00e9 Manuel Naredo<\/strong><br \/>\n9788432320422 &#8211; Siglo XXI &#8211; 2022 &#8211; 328 p\u00e1ginas \/orri.<\/p>\n","protected":false},"featured_media":11204,"template":"","meta":[],"product_brand":[],"product_cat":[16,173],"product_tag":[5615,423],"class_list":{"0":"post-11185","1":"product","2":"type-product","3":"status-publish","4":"has-post-thumbnail","6":"product_cat-libros","7":"product_cat-saiakera-ensayo","8":"product_tag-jose-manuel-naredo","9":"product_tag-siglo-xxi","11":"first","12":"instock","13":"sold-individually","14":"shipping-taxable","15":"purchasable","16":"product-type-simple"},"yoast_head":"<!-- This site is optimized with the Yoast SEO plugin v27.3 - https:\/\/yoast.com\/product\/yoast-seo-wordpress\/ -->\n<title>LA CR\u00cdTICA AGOTADA Claves para el cambio de civilizaci\u00f3n &#8212; Zapateneo<\/title>\n<meta name=\"robots\" content=\"index, follow, max-snippet:-1, max-image-preview:large, max-video-preview:-1\" \/>\n<link rel=\"canonical\" href=\"https:\/\/zapateneo.net\/wordpress\/index.php\/producto\/la-critica-agotada-claves-para-el-cambio-de-civilizacion\/\" \/>\n<meta property=\"og:locale\" content=\"es_ES\" \/>\n<meta property=\"og:type\" content=\"article\" \/>\n<meta property=\"og:title\" content=\"LA CR\u00cdTICA AGOTADA Claves para el cambio de civilizaci\u00f3n &#8212; Zapateneo\" \/>\n<meta property=\"og:description\" content=\"Jos\u00e9 Manuel Naredo 9788432320422 - Siglo XXI - 2022 - 328 p\u00e1ginas \/orri.\" \/>\n<meta property=\"og:url\" content=\"https:\/\/zapateneo.net\/wordpress\/index.php\/producto\/la-critica-agotada-claves-para-el-cambio-de-civilizacion\/\" \/>\n<meta property=\"og:site_name\" content=\"Zapateneo\" \/>\n<meta property=\"article:modified_time\" content=\"2022-05-28T16:22:13+00:00\" \/>\n<meta name=\"twitter:card\" content=\"summary_large_image\" \/>\n<meta name=\"twitter:site\" content=\"@zapateneo\" \/>\n<meta name=\"twitter:label1\" content=\"Tiempo de lectura\" \/>\n\t<meta name=\"twitter:data1\" content=\"1 minuto\" \/>\n<script type=\"application\/ld+json\" class=\"yoast-schema-graph\">{\"@context\":\"https:\\\/\\\/schema.org\",\"@graph\":[{\"@type\":\"WebPage\",\"@id\":\"https:\\\/\\\/zapateneo.net\\\/wordpress\\\/index.php\\\/producto\\\/la-critica-agotada-claves-para-el-cambio-de-civilizacion\\\/\",\"url\":\"https:\\\/\\\/zapateneo.net\\\/wordpress\\\/index.php\\\/producto\\\/la-critica-agotada-claves-para-el-cambio-de-civilizacion\\\/\",\"name\":\"LA CR\u00cdTICA AGOTADA Claves para el cambio de civilizaci\u00f3n &#8212; Zapateneo\",\"isPartOf\":{\"@id\":\"https:\\\/\\\/zapateneo.net\\\/wordpress\\\/#website\"},\"primaryImageOfPage\":{\"@id\":\"https:\\\/\\\/zapateneo.net\\\/wordpress\\\/index.php\\\/producto\\\/la-critica-agotada-claves-para-el-cambio-de-civilizacion\\\/#primaryimage\"},\"image\":{\"@id\":\"https:\\\/\\\/zapateneo.net\\\/wordpress\\\/index.php\\\/producto\\\/la-critica-agotada-claves-para-el-cambio-de-civilizacion\\\/#primaryimage\"},\"thumbnailUrl\":\"https:\\\/\\\/zapateneo.net\\\/wordpress\\\/wp-content\\\/uploads\\\/2022\\\/05\\\/la-critica-agotada.jpg\",\"datePublished\":\"2022-05-28T16:22:02+00:00\",\"dateModified\":\"2022-05-28T16:22:13+00:00\",\"breadcrumb\":{\"@id\":\"https:\\\/\\\/zapateneo.net\\\/wordpress\\\/index.php\\\/producto\\\/la-critica-agotada-claves-para-el-cambio-de-civilizacion\\\/#breadcrumb\"},\"inLanguage\":\"es\",\"potentialAction\":[{\"@type\":\"ReadAction\",\"target\":[\"https:\\\/\\\/zapateneo.net\\\/wordpress\\\/index.php\\\/producto\\\/la-critica-agotada-claves-para-el-cambio-de-civilizacion\\\/\"]}]},{\"@type\":\"ImageObject\",\"inLanguage\":\"es\",\"@id\":\"https:\\\/\\\/zapateneo.net\\\/wordpress\\\/index.php\\\/producto\\\/la-critica-agotada-claves-para-el-cambio-de-civilizacion\\\/#primaryimage\",\"url\":\"https:\\\/\\\/zapateneo.net\\\/wordpress\\\/wp-content\\\/uploads\\\/2022\\\/05\\\/la-critica-agotada.jpg\",\"contentUrl\":\"https:\\\/\\\/zapateneo.net\\\/wordpress\\\/wp-content\\\/uploads\\\/2022\\\/05\\\/la-critica-agotada.jpg\",\"width\":258,\"height\":400},{\"@type\":\"BreadcrumbList\",\"@id\":\"https:\\\/\\\/zapateneo.net\\\/wordpress\\\/index.php\\\/producto\\\/la-critica-agotada-claves-para-el-cambio-de-civilizacion\\\/#breadcrumb\",\"itemListElement\":[{\"@type\":\"ListItem\",\"position\":1,\"name\":\"Portada\",\"item\":\"https:\\\/\\\/zapateneo.net\\\/wordpress\\\/\"},{\"@type\":\"ListItem\",\"position\":2,\"name\":\"Tienda\",\"item\":\"https:\\\/\\\/zapateneo.net\\\/wordpress\\\/\"},{\"@type\":\"ListItem\",\"position\":3,\"name\":\"LA CR\u00cdTICA AGOTADA Claves para el cambio de civilizaci\u00f3n\"}]},{\"@type\":\"WebSite\",\"@id\":\"https:\\\/\\\/zapateneo.net\\\/wordpress\\\/#website\",\"url\":\"https:\\\/\\\/zapateneo.net\\\/wordpress\\\/\",\"name\":\"Zapateneo\",\"description\":\"Zapateneoaren webgunea\",\"publisher\":{\"@id\":\"https:\\\/\\\/zapateneo.net\\\/wordpress\\\/#organization\"},\"potentialAction\":[{\"@type\":\"SearchAction\",\"target\":{\"@type\":\"EntryPoint\",\"urlTemplate\":\"https:\\\/\\\/zapateneo.net\\\/wordpress\\\/?s={search_term_string}\"},\"query-input\":{\"@type\":\"PropertyValueSpecification\",\"valueRequired\":true,\"valueName\":\"search_term_string\"}}],\"inLanguage\":\"es\"},{\"@type\":\"Organization\",\"@id\":\"https:\\\/\\\/zapateneo.net\\\/wordpress\\\/#organization\",\"name\":\"Zapateneo Kultur Elkartea\",\"url\":\"https:\\\/\\\/zapateneo.net\\\/wordpress\\\/\",\"logo\":{\"@type\":\"ImageObject\",\"inLanguage\":\"es\",\"@id\":\"https:\\\/\\\/zapateneo.net\\\/wordpress\\\/#\\\/schema\\\/logo\\\/image\\\/\",\"url\":\"https:\\\/\\\/zapateneo.net\\\/wordpress\\\/wp-content\\\/uploads\\\/2021\\\/04\\\/zap-libu-kolec.jpg\",\"contentUrl\":\"https:\\\/\\\/zapateneo.net\\\/wordpress\\\/wp-content\\\/uploads\\\/2021\\\/04\\\/zap-libu-kolec.jpg\",\"width\":2234,\"height\":398,\"caption\":\"Zapateneo Kultur Elkartea\"},\"image\":{\"@id\":\"https:\\\/\\\/zapateneo.net\\\/wordpress\\\/#\\\/schema\\\/logo\\\/image\\\/\"},\"sameAs\":[\"https:\\\/\\\/x.com\\\/zapateneo\"]}]}<\/script>\n<!-- \/ Yoast SEO plugin. -->","yoast_head_json":{"title":"LA CR\u00cdTICA AGOTADA Claves para el cambio de civilizaci\u00f3n &#8212; Zapateneo","robots":{"index":"index","follow":"follow","max-snippet":"max-snippet:-1","max-image-preview":"max-image-preview:large","max-video-preview":"max-video-preview:-1"},"canonical":"https:\/\/zapateneo.net\/wordpress\/index.php\/producto\/la-critica-agotada-claves-para-el-cambio-de-civilizacion\/","og_locale":"es_ES","og_type":"article","og_title":"LA CR\u00cdTICA AGOTADA Claves para el cambio de civilizaci\u00f3n &#8212; Zapateneo","og_description":"Jos\u00e9 Manuel Naredo 9788432320422 - Siglo XXI - 2022 - 328 p\u00e1ginas \/orri.","og_url":"https:\/\/zapateneo.net\/wordpress\/index.php\/producto\/la-critica-agotada-claves-para-el-cambio-de-civilizacion\/","og_site_name":"Zapateneo","article_modified_time":"2022-05-28T16:22:13+00:00","twitter_card":"summary_large_image","twitter_site":"@zapateneo","twitter_misc":{"Tiempo de lectura":"1 minuto"},"schema":{"@context":"https:\/\/schema.org","@graph":[{"@type":"WebPage","@id":"https:\/\/zapateneo.net\/wordpress\/index.php\/producto\/la-critica-agotada-claves-para-el-cambio-de-civilizacion\/","url":"https:\/\/zapateneo.net\/wordpress\/index.php\/producto\/la-critica-agotada-claves-para-el-cambio-de-civilizacion\/","name":"LA CR\u00cdTICA AGOTADA Claves para el cambio de civilizaci\u00f3n &#8212; Zapateneo","isPartOf":{"@id":"https:\/\/zapateneo.net\/wordpress\/#website"},"primaryImageOfPage":{"@id":"https:\/\/zapateneo.net\/wordpress\/index.php\/producto\/la-critica-agotada-claves-para-el-cambio-de-civilizacion\/#primaryimage"},"image":{"@id":"https:\/\/zapateneo.net\/wordpress\/index.php\/producto\/la-critica-agotada-claves-para-el-cambio-de-civilizacion\/#primaryimage"},"thumbnailUrl":"https:\/\/zapateneo.net\/wordpress\/wp-content\/uploads\/2022\/05\/la-critica-agotada.jpg","datePublished":"2022-05-28T16:22:02+00:00","dateModified":"2022-05-28T16:22:13+00:00","breadcrumb":{"@id":"https:\/\/zapateneo.net\/wordpress\/index.php\/producto\/la-critica-agotada-claves-para-el-cambio-de-civilizacion\/#breadcrumb"},"inLanguage":"es","potentialAction":[{"@type":"ReadAction","target":["https:\/\/zapateneo.net\/wordpress\/index.php\/producto\/la-critica-agotada-claves-para-el-cambio-de-civilizacion\/"]}]},{"@type":"ImageObject","inLanguage":"es","@id":"https:\/\/zapateneo.net\/wordpress\/index.php\/producto\/la-critica-agotada-claves-para-el-cambio-de-civilizacion\/#primaryimage","url":"https:\/\/zapateneo.net\/wordpress\/wp-content\/uploads\/2022\/05\/la-critica-agotada.jpg","contentUrl":"https:\/\/zapateneo.net\/wordpress\/wp-content\/uploads\/2022\/05\/la-critica-agotada.jpg","width":258,"height":400},{"@type":"BreadcrumbList","@id":"https:\/\/zapateneo.net\/wordpress\/index.php\/producto\/la-critica-agotada-claves-para-el-cambio-de-civilizacion\/#breadcrumb","itemListElement":[{"@type":"ListItem","position":1,"name":"Portada","item":"https:\/\/zapateneo.net\/wordpress\/"},{"@type":"ListItem","position":2,"name":"Tienda","item":"https:\/\/zapateneo.net\/wordpress\/"},{"@type":"ListItem","position":3,"name":"LA CR\u00cdTICA AGOTADA Claves para el cambio de civilizaci\u00f3n"}]},{"@type":"WebSite","@id":"https:\/\/zapateneo.net\/wordpress\/#website","url":"https:\/\/zapateneo.net\/wordpress\/","name":"Zapateneo","description":"Zapateneoaren webgunea","publisher":{"@id":"https:\/\/zapateneo.net\/wordpress\/#organization"},"potentialAction":[{"@type":"SearchAction","target":{"@type":"EntryPoint","urlTemplate":"https:\/\/zapateneo.net\/wordpress\/?s={search_term_string}"},"query-input":{"@type":"PropertyValueSpecification","valueRequired":true,"valueName":"search_term_string"}}],"inLanguage":"es"},{"@type":"Organization","@id":"https:\/\/zapateneo.net\/wordpress\/#organization","name":"Zapateneo Kultur Elkartea","url":"https:\/\/zapateneo.net\/wordpress\/","logo":{"@type":"ImageObject","inLanguage":"es","@id":"https:\/\/zapateneo.net\/wordpress\/#\/schema\/logo\/image\/","url":"https:\/\/zapateneo.net\/wordpress\/wp-content\/uploads\/2021\/04\/zap-libu-kolec.jpg","contentUrl":"https:\/\/zapateneo.net\/wordpress\/wp-content\/uploads\/2021\/04\/zap-libu-kolec.jpg","width":2234,"height":398,"caption":"Zapateneo Kultur Elkartea"},"image":{"@id":"https:\/\/zapateneo.net\/wordpress\/#\/schema\/logo\/image\/"},"sameAs":["https:\/\/x.com\/zapateneo"]}]}},"_links":{"self":[{"href":"https:\/\/zapateneo.net\/wordpress\/index.php\/wp-json\/wp\/v2\/product\/11185","targetHints":{"allow":["GET"]}}],"collection":[{"href":"https:\/\/zapateneo.net\/wordpress\/index.php\/wp-json\/wp\/v2\/product"}],"about":[{"href":"https:\/\/zapateneo.net\/wordpress\/index.php\/wp-json\/wp\/v2\/types\/product"}],"wp:featuredmedia":[{"embeddable":true,"href":"https:\/\/zapateneo.net\/wordpress\/index.php\/wp-json\/wp\/v2\/media\/11204"}],"wp:attachment":[{"href":"https:\/\/zapateneo.net\/wordpress\/index.php\/wp-json\/wp\/v2\/media?parent=11185"}],"wp:term":[{"taxonomy":"product_brand","embeddable":true,"href":"https:\/\/zapateneo.net\/wordpress\/index.php\/wp-json\/wp\/v2\/product_brand?post=11185"},{"taxonomy":"product_cat","embeddable":true,"href":"https:\/\/zapateneo.net\/wordpress\/index.php\/wp-json\/wp\/v2\/product_cat?post=11185"},{"taxonomy":"product_tag","embeddable":true,"href":"https:\/\/zapateneo.net\/wordpress\/index.php\/wp-json\/wp\/v2\/product_tag?post=11185"}],"curies":[{"name":"wp","href":"https:\/\/api.w.org\/{rel}","templated":true}]}}