{"id":11183,"date":"2022-05-28T17:22:02","date_gmt":"2022-05-28T16:22:02","guid":{"rendered":"https:\/\/zapateneo.net\/wordpress\/?post_type=product&#038;p=11183"},"modified":"2022-05-28T17:22:12","modified_gmt":"2022-05-28T16:22:12","slug":"auambabuluba-balambambu-la-edad-de-oro-del-rock-and-roll","status":"publish","type":"product","link":"https:\/\/zapateneo.net\/wordpress\/index.php\/producto\/auambabuluba-balambambu-la-edad-de-oro-del-rock-and-roll\/","title":{"rendered":"AUAMBABULUBA BALAMBAMB\u00da La edad de oro del rock and roll"},"content":{"rendered":"<p>\u00abSimplemente la mejor pieza de escritura pop de todos los tiempos: herej\u00eda y revelaci\u00f3n a la vez. Nunca ha sido superado\u00bb (Simon Reynolds)<\/p>\n<p>Nadie, tras medio siglo desde su publicaci\u00f3n, ha escrito algo as\u00ed. No al menos con esa frescura. Tampoco con una honestidad tan despiadada y, al mismo tiempo, divertida. David Bowie, Simon Reynolds, Greil Marcus o Jarvis Cocker, entre muchos otros, lo consideran uno de sus libros favoritos, una obra aun hoy nunca superada. The Guardian, por su parte y con letras doradas, lo nombra el Gran Libro sobre Pop.<\/p>\n<p>Cohn nos dice que est\u00e1 ah\u00ed, en primera l\u00ednea; es testigo de todo y ha venido a cont\u00e1rnoslo. Es un fan escribiendo sobre su obsesi\u00f3n, el pop, con una pulsi\u00f3n y erudici\u00f3n tremendas. Tambi\u00e9n con una pasi\u00f3n que es pura y cristalina.<\/p>\n<p>\u00ab\u00bfQu\u00e9 le falta a este libro? \u2014se pregunta Kiko Amat en el pr\u00f3logo a esta edici\u00f3n\u2013. No mucho, a decir verdad. No mucho. Awopbopalobop Alopbamboom es puro totalitarismo adolescente, eso s\u00ed, y como tal hay que leerlo. El A\u00f1o Cero lleg\u00f3, y en un flash se march\u00f3, parece decirnos. Cohn habla de las ra\u00edces, de Elvis y James Brown, el Merseybeat y los mods, pero le pone el cerrojo a la era y al g\u00e9nero en 1968, asegurando que la \u00e9poca dorada hab\u00eda terminado, que tanto Beatles como Stones estaban acabados, geri\u00e1tricos, arterioescler\u00f3ticos, pura carne de anuncio de detergente, y que desde entonces solo pod\u00eda haber degeneraci\u00f3n, pretenciosidad, impureza y tedio. Me maravillaba con cada frase, cada staccato, cada comparaci\u00f3n, cada maldito epigrama de Cohn. Este es el mejor libro sobre pop jam\u00e1s escrito, pens\u00e9 entonces, cuando no hab\u00eda le\u00eddo otro. Y lo sigo pensando ahora, cuando he le\u00eddo todos los dem\u00e1s\u00bb.<\/p>\n<p>Esta es la esperada reedici\u00f3n, tras m\u00e1s de dos d\u00e9cadas descatalogado, de una de las obras monumentales del pop en\u00e9rgico y el rock and roll en su momento m\u00e1s dulce y tambi\u00e9n salvaje escrito por el \u00abpadre\u00bb de la cr\u00edtica musical. \u00abUno de los mejores libros de rock de todos los tiempos\u00bb (The Guardian) \u00abGrande, brillante e inspirador\u00bb (Greil Marcus)<\/p>\n<p>Nik Cohn (Londres, 1946), hijo del historiador Norman Cohn y de la dada\u00edsta Vera Broido, es considerado el padre de la cr\u00edtica de rock gracias al libro Awopbopaloobop Alopbamboom. Entre su numerosa obra destacan King Death, Ball the Wall: Nik Cohn in the Age of Rock, Yes We Have No: Adventures in the Other England o Triksta: Life and Death and New Orleans Rap. Su art\u00edculo \u00abTribal Rites of the New Saturday Night\u00bb (1976) fue la base para la pel\u00edcula Fiebre del s\u00e1bado noche. El legendario personaje de Tony Manero fue creaci\u00f3n suya, y su mirada aguda y mordaz abarca la casi totalidad de la cultura.<\/p>\n","protected":false},"excerpt":{"rendered":"<p><strong>Nik Cohn<\/strong><br \/>\n9788412466928 &#8211; LA FELGUERA &#8211; 2022 &#8211; 404 p\u00e1ginas \/orri.<\/p>\n","protected":false},"featured_media":11202,"template":"","meta":[],"product_brand":[],"product_cat":[183,16],"product_tag":[582,5613],"class_list":{"0":"post-11183","1":"product","2":"type-product","3":"status-publish","4":"has-post-thumbnail","6":"product_cat-kultur-adierazpenak-expresiones-culturales","7":"product_cat-libros","8":"product_tag-la-felguera","9":"product_tag-nik-cohn","11":"first","12":"instock","13":"sold-individually","14":"shipping-taxable","15":"purchasable","16":"product-type-simple"},"yoast_head":"<!-- This site is optimized with the Yoast SEO plugin v27.3 - https:\/\/yoast.com\/product\/yoast-seo-wordpress\/ -->\n<title>AUAMBABULUBA BALAMBAMB\u00da La edad de oro del rock and roll &#8212; Zapateneo<\/title>\n<meta name=\"robots\" content=\"index, follow, max-snippet:-1, max-image-preview:large, max-video-preview:-1\" \/>\n<link rel=\"canonical\" href=\"https:\/\/zapateneo.net\/wordpress\/index.php\/producto\/auambabuluba-balambambu-la-edad-de-oro-del-rock-and-roll\/\" \/>\n<meta property=\"og:locale\" content=\"es_ES\" \/>\n<meta property=\"og:type\" content=\"article\" \/>\n<meta property=\"og:title\" content=\"AUAMBABULUBA BALAMBAMB\u00da La edad de oro del rock and roll &#8212; Zapateneo\" \/>\n<meta property=\"og:description\" content=\"Nik Cohn 9788412466928 - LA FELGUERA - 2022 - 404 p\u00e1ginas \/orri.\" \/>\n<meta property=\"og:url\" content=\"https:\/\/zapateneo.net\/wordpress\/index.php\/producto\/auambabuluba-balambambu-la-edad-de-oro-del-rock-and-roll\/\" \/>\n<meta property=\"og:site_name\" content=\"Zapateneo\" \/>\n<meta property=\"article:modified_time\" content=\"2022-05-28T16:22:12+00:00\" \/>\n<meta name=\"twitter:card\" content=\"summary_large_image\" \/>\n<meta name=\"twitter:site\" content=\"@zapateneo\" \/>\n<meta name=\"twitter:label1\" content=\"Tiempo de lectura\" \/>\n\t<meta name=\"twitter:data1\" content=\"2 minutos\" \/>\n<script type=\"application\/ld+json\" class=\"yoast-schema-graph\">{\"@context\":\"https:\\\/\\\/schema.org\",\"@graph\":[{\"@type\":\"WebPage\",\"@id\":\"https:\\\/\\\/zapateneo.net\\\/wordpress\\\/index.php\\\/producto\\\/auambabuluba-balambambu-la-edad-de-oro-del-rock-and-roll\\\/\",\"url\":\"https:\\\/\\\/zapateneo.net\\\/wordpress\\\/index.php\\\/producto\\\/auambabuluba-balambambu-la-edad-de-oro-del-rock-and-roll\\\/\",\"name\":\"AUAMBABULUBA BALAMBAMB\u00da La edad de oro del rock and roll &#8212; Zapateneo\",\"isPartOf\":{\"@id\":\"https:\\\/\\\/zapateneo.net\\\/wordpress\\\/#website\"},\"primaryImageOfPage\":{\"@id\":\"https:\\\/\\\/zapateneo.net\\\/wordpress\\\/index.php\\\/producto\\\/auambabuluba-balambambu-la-edad-de-oro-del-rock-and-roll\\\/#primaryimage\"},\"image\":{\"@id\":\"https:\\\/\\\/zapateneo.net\\\/wordpress\\\/index.php\\\/producto\\\/auambabuluba-balambambu-la-edad-de-oro-del-rock-and-roll\\\/#primaryimage\"},\"thumbnailUrl\":\"https:\\\/\\\/zapateneo.net\\\/wordpress\\\/wp-content\\\/uploads\\\/2022\\\/05\\\/auambabuluba-balambambu-9788412466928.jpg\",\"datePublished\":\"2022-05-28T16:22:02+00:00\",\"dateModified\":\"2022-05-28T16:22:12+00:00\",\"breadcrumb\":{\"@id\":\"https:\\\/\\\/zapateneo.net\\\/wordpress\\\/index.php\\\/producto\\\/auambabuluba-balambambu-la-edad-de-oro-del-rock-and-roll\\\/#breadcrumb\"},\"inLanguage\":\"es\",\"potentialAction\":[{\"@type\":\"ReadAction\",\"target\":[\"https:\\\/\\\/zapateneo.net\\\/wordpress\\\/index.php\\\/producto\\\/auambabuluba-balambambu-la-edad-de-oro-del-rock-and-roll\\\/\"]}]},{\"@type\":\"ImageObject\",\"inLanguage\":\"es\",\"@id\":\"https:\\\/\\\/zapateneo.net\\\/wordpress\\\/index.php\\\/producto\\\/auambabuluba-balambambu-la-edad-de-oro-del-rock-and-roll\\\/#primaryimage\",\"url\":\"https:\\\/\\\/zapateneo.net\\\/wordpress\\\/wp-content\\\/uploads\\\/2022\\\/05\\\/auambabuluba-balambambu-9788412466928.jpg\",\"contentUrl\":\"https:\\\/\\\/zapateneo.net\\\/wordpress\\\/wp-content\\\/uploads\\\/2022\\\/05\\\/auambabuluba-balambambu-9788412466928.jpg\",\"width\":300,\"height\":400},{\"@type\":\"BreadcrumbList\",\"@id\":\"https:\\\/\\\/zapateneo.net\\\/wordpress\\\/index.php\\\/producto\\\/auambabuluba-balambambu-la-edad-de-oro-del-rock-and-roll\\\/#breadcrumb\",\"itemListElement\":[{\"@type\":\"ListItem\",\"position\":1,\"name\":\"Portada\",\"item\":\"https:\\\/\\\/zapateneo.net\\\/wordpress\\\/\"},{\"@type\":\"ListItem\",\"position\":2,\"name\":\"Tienda\",\"item\":\"https:\\\/\\\/zapateneo.net\\\/wordpress\\\/\"},{\"@type\":\"ListItem\",\"position\":3,\"name\":\"AUAMBABULUBA BALAMBAMB\u00da La edad de oro del rock and roll\"}]},{\"@type\":\"WebSite\",\"@id\":\"https:\\\/\\\/zapateneo.net\\\/wordpress\\\/#website\",\"url\":\"https:\\\/\\\/zapateneo.net\\\/wordpress\\\/\",\"name\":\"Zapateneo\",\"description\":\"Zapateneoaren webgunea\",\"publisher\":{\"@id\":\"https:\\\/\\\/zapateneo.net\\\/wordpress\\\/#organization\"},\"potentialAction\":[{\"@type\":\"SearchAction\",\"target\":{\"@type\":\"EntryPoint\",\"urlTemplate\":\"https:\\\/\\\/zapateneo.net\\\/wordpress\\\/?s={search_term_string}\"},\"query-input\":{\"@type\":\"PropertyValueSpecification\",\"valueRequired\":true,\"valueName\":\"search_term_string\"}}],\"inLanguage\":\"es\"},{\"@type\":\"Organization\",\"@id\":\"https:\\\/\\\/zapateneo.net\\\/wordpress\\\/#organization\",\"name\":\"Zapateneo Kultur Elkartea\",\"url\":\"https:\\\/\\\/zapateneo.net\\\/wordpress\\\/\",\"logo\":{\"@type\":\"ImageObject\",\"inLanguage\":\"es\",\"@id\":\"https:\\\/\\\/zapateneo.net\\\/wordpress\\\/#\\\/schema\\\/logo\\\/image\\\/\",\"url\":\"https:\\\/\\\/zapateneo.net\\\/wordpress\\\/wp-content\\\/uploads\\\/2021\\\/04\\\/zap-libu-kolec.jpg\",\"contentUrl\":\"https:\\\/\\\/zapateneo.net\\\/wordpress\\\/wp-content\\\/uploads\\\/2021\\\/04\\\/zap-libu-kolec.jpg\",\"width\":2234,\"height\":398,\"caption\":\"Zapateneo Kultur Elkartea\"},\"image\":{\"@id\":\"https:\\\/\\\/zapateneo.net\\\/wordpress\\\/#\\\/schema\\\/logo\\\/image\\\/\"},\"sameAs\":[\"https:\\\/\\\/x.com\\\/zapateneo\"]}]}<\/script>\n<!-- \/ Yoast SEO plugin. -->","yoast_head_json":{"title":"AUAMBABULUBA BALAMBAMB\u00da La edad de oro del rock and roll &#8212; Zapateneo","robots":{"index":"index","follow":"follow","max-snippet":"max-snippet:-1","max-image-preview":"max-image-preview:large","max-video-preview":"max-video-preview:-1"},"canonical":"https:\/\/zapateneo.net\/wordpress\/index.php\/producto\/auambabuluba-balambambu-la-edad-de-oro-del-rock-and-roll\/","og_locale":"es_ES","og_type":"article","og_title":"AUAMBABULUBA BALAMBAMB\u00da La edad de oro del rock and roll &#8212; Zapateneo","og_description":"Nik Cohn 9788412466928 - LA FELGUERA - 2022 - 404 p\u00e1ginas \/orri.","og_url":"https:\/\/zapateneo.net\/wordpress\/index.php\/producto\/auambabuluba-balambambu-la-edad-de-oro-del-rock-and-roll\/","og_site_name":"Zapateneo","article_modified_time":"2022-05-28T16:22:12+00:00","twitter_card":"summary_large_image","twitter_site":"@zapateneo","twitter_misc":{"Tiempo de lectura":"2 minutos"},"schema":{"@context":"https:\/\/schema.org","@graph":[{"@type":"WebPage","@id":"https:\/\/zapateneo.net\/wordpress\/index.php\/producto\/auambabuluba-balambambu-la-edad-de-oro-del-rock-and-roll\/","url":"https:\/\/zapateneo.net\/wordpress\/index.php\/producto\/auambabuluba-balambambu-la-edad-de-oro-del-rock-and-roll\/","name":"AUAMBABULUBA BALAMBAMB\u00da La edad de oro del rock and roll &#8212; Zapateneo","isPartOf":{"@id":"https:\/\/zapateneo.net\/wordpress\/#website"},"primaryImageOfPage":{"@id":"https:\/\/zapateneo.net\/wordpress\/index.php\/producto\/auambabuluba-balambambu-la-edad-de-oro-del-rock-and-roll\/#primaryimage"},"image":{"@id":"https:\/\/zapateneo.net\/wordpress\/index.php\/producto\/auambabuluba-balambambu-la-edad-de-oro-del-rock-and-roll\/#primaryimage"},"thumbnailUrl":"https:\/\/zapateneo.net\/wordpress\/wp-content\/uploads\/2022\/05\/auambabuluba-balambambu-9788412466928.jpg","datePublished":"2022-05-28T16:22:02+00:00","dateModified":"2022-05-28T16:22:12+00:00","breadcrumb":{"@id":"https:\/\/zapateneo.net\/wordpress\/index.php\/producto\/auambabuluba-balambambu-la-edad-de-oro-del-rock-and-roll\/#breadcrumb"},"inLanguage":"es","potentialAction":[{"@type":"ReadAction","target":["https:\/\/zapateneo.net\/wordpress\/index.php\/producto\/auambabuluba-balambambu-la-edad-de-oro-del-rock-and-roll\/"]}]},{"@type":"ImageObject","inLanguage":"es","@id":"https:\/\/zapateneo.net\/wordpress\/index.php\/producto\/auambabuluba-balambambu-la-edad-de-oro-del-rock-and-roll\/#primaryimage","url":"https:\/\/zapateneo.net\/wordpress\/wp-content\/uploads\/2022\/05\/auambabuluba-balambambu-9788412466928.jpg","contentUrl":"https:\/\/zapateneo.net\/wordpress\/wp-content\/uploads\/2022\/05\/auambabuluba-balambambu-9788412466928.jpg","width":300,"height":400},{"@type":"BreadcrumbList","@id":"https:\/\/zapateneo.net\/wordpress\/index.php\/producto\/auambabuluba-balambambu-la-edad-de-oro-del-rock-and-roll\/#breadcrumb","itemListElement":[{"@type":"ListItem","position":1,"name":"Portada","item":"https:\/\/zapateneo.net\/wordpress\/"},{"@type":"ListItem","position":2,"name":"Tienda","item":"https:\/\/zapateneo.net\/wordpress\/"},{"@type":"ListItem","position":3,"name":"AUAMBABULUBA BALAMBAMB\u00da La edad de oro del rock and roll"}]},{"@type":"WebSite","@id":"https:\/\/zapateneo.net\/wordpress\/#website","url":"https:\/\/zapateneo.net\/wordpress\/","name":"Zapateneo","description":"Zapateneoaren webgunea","publisher":{"@id":"https:\/\/zapateneo.net\/wordpress\/#organization"},"potentialAction":[{"@type":"SearchAction","target":{"@type":"EntryPoint","urlTemplate":"https:\/\/zapateneo.net\/wordpress\/?s={search_term_string}"},"query-input":{"@type":"PropertyValueSpecification","valueRequired":true,"valueName":"search_term_string"}}],"inLanguage":"es"},{"@type":"Organization","@id":"https:\/\/zapateneo.net\/wordpress\/#organization","name":"Zapateneo Kultur Elkartea","url":"https:\/\/zapateneo.net\/wordpress\/","logo":{"@type":"ImageObject","inLanguage":"es","@id":"https:\/\/zapateneo.net\/wordpress\/#\/schema\/logo\/image\/","url":"https:\/\/zapateneo.net\/wordpress\/wp-content\/uploads\/2021\/04\/zap-libu-kolec.jpg","contentUrl":"https:\/\/zapateneo.net\/wordpress\/wp-content\/uploads\/2021\/04\/zap-libu-kolec.jpg","width":2234,"height":398,"caption":"Zapateneo Kultur Elkartea"},"image":{"@id":"https:\/\/zapateneo.net\/wordpress\/#\/schema\/logo\/image\/"},"sameAs":["https:\/\/x.com\/zapateneo"]}]}},"_links":{"self":[{"href":"https:\/\/zapateneo.net\/wordpress\/index.php\/wp-json\/wp\/v2\/product\/11183","targetHints":{"allow":["GET"]}}],"collection":[{"href":"https:\/\/zapateneo.net\/wordpress\/index.php\/wp-json\/wp\/v2\/product"}],"about":[{"href":"https:\/\/zapateneo.net\/wordpress\/index.php\/wp-json\/wp\/v2\/types\/product"}],"wp:featuredmedia":[{"embeddable":true,"href":"https:\/\/zapateneo.net\/wordpress\/index.php\/wp-json\/wp\/v2\/media\/11202"}],"wp:attachment":[{"href":"https:\/\/zapateneo.net\/wordpress\/index.php\/wp-json\/wp\/v2\/media?parent=11183"}],"wp:term":[{"taxonomy":"product_brand","embeddable":true,"href":"https:\/\/zapateneo.net\/wordpress\/index.php\/wp-json\/wp\/v2\/product_brand?post=11183"},{"taxonomy":"product_cat","embeddable":true,"href":"https:\/\/zapateneo.net\/wordpress\/index.php\/wp-json\/wp\/v2\/product_cat?post=11183"},{"taxonomy":"product_tag","embeddable":true,"href":"https:\/\/zapateneo.net\/wordpress\/index.php\/wp-json\/wp\/v2\/product_tag?post=11183"}],"curies":[{"name":"wp","href":"https:\/\/api.w.org\/{rel}","templated":true}]}}