{"id":11180,"date":"2022-05-28T17:22:01","date_gmt":"2022-05-28T16:22:01","guid":{"rendered":"https:\/\/zapateneo.net\/wordpress\/?post_type=product&#038;p=11180"},"modified":"2023-04-11T17:33:14","modified_gmt":"2023-04-11T16:33:14","slug":"los-usos-del-alfabetismo-un-retrato-de-la-vida-de-la-clase-obrera","status":"publish","type":"product","link":"https:\/\/zapateneo.net\/wordpress\/index.php\/producto\/los-usos-del-alfabetismo-un-retrato-de-la-vida-de-la-clase-obrera\/","title":{"rendered":"LOS USOS DEL ALFABETISMO Un retrato de la vida de la clase obrera"},"content":{"rendered":"<p>Cuando una sociedad se vuelve m\u00e1s pr\u00f3spera, \u00bfpierde otros valores? \u00bfSe desperdician las habilidades que la educaci\u00f3n y la alfabetizaci\u00f3n dio a millones de personas en consumir cultura pop? \u00bfLos medios de comunicaci\u00f3n nos obligan a entrar en un mundo de lo superficial y lo material, o pueden ser una fuerza para el bien? Cuando Richard Hoggart hizo estas preguntas en su libro de 1957 \u2018Los usos del alfabetismo\u2019, Gran Breta\u00f1a estaba experimentando un gran cambio social. Sin embargo, su obra hist\u00f3rica no ha perdido nada de su pertinencia y poder en la actualidad.<\/p>\n<p>Hoggart ofrece una visi\u00f3n fascinante de los valores estrechamente unidos que conforman las comunidades de la clase trabajadora del norte de Inglaterra y que est\u00e1n desapareciendo, y teje esta idea junto con sus puntos de vista sobre la llegada de una cultura de masas nueva y homog\u00e9nea de influencia estadounidense.<\/p>\n<p>Este trabajo pionero examina los cambios en la vida y los valores de la clase trabajadora inglesa en respuesta a los medios de comunicaci\u00f3n. Publicado por primera vez en 1957, traz\u00f3 una nueva metodolog\u00eda en los estudios culturales basada en la interdisciplinariedad y una preocupaci\u00f3n por c\u00f3mo los textos, en este caso, las publicaciones masivas, est\u00e1n entretejidas en los patrones de la experiencia vivida. Mezclando experiencias personales con historia social y cr\u00edtica cultural, \u2018Los usos del alfabetismo\u2019 anticipa el inter\u00e9s reciente en modos de an\u00e1lisis cultural que se niegan a esconder al autor detr\u00e1s de la m\u00e1scara de la t\u00e9cnica cient\u00edfica social objetiva. En su m\u00e9todo y en su rica acumulaci\u00f3n de detalles de la vida de la clase trabajadora, este volumen sigue siendo \u00fatil y absorbente.<\/p>\n<p>Mas all\u00e1 de su \u00e9xito en ventas y de que acapara grandes titulares, este libro abri\u00f3 una nueva \u00e1rea de estudio cultural y sigue siendo una lectura esencial, tanto como documento hist\u00f3rico as\u00ed como an\u00e1lisis sobre la clase social, la pobreza y los medios de comunicaci\u00f3n.<\/p>\n<p>Richard Hoggart Soci\u00f3logo brit\u00e1nico. Su extensa obra incluye los campos de la sociolog\u00eda, la literatura inglesa y los estudios culturales, con especial \u00e9nfasis en la cultura popular del Reino Unido. Fue conocido tanto por su obra como por ser el fundador del Centre for Contemporary Cultural Studies en la ciudad de Birmingham. Profesor de ingl\u00e9s en la Universidad de Birmingham (1962\u20131973), de 1971 a 1975 trabaj\u00f3 para la UNESCO y finalmente fue rector del Goldsmiths College de la Universidad de Londres (1976\u20131984), antes de retirarse de la vida acad\u00e9mica institucional.<\/p>\n","protected":false},"excerpt":{"rendered":"<p><strong>Richard Hoggart<\/strong><br \/>\n9788412457940 &#8211; CAPITAN SWING S.L. &#8211; 2022 &#8211; 448 p\u00e1ginas \/orri.<\/p>\n","protected":false},"featured_media":11199,"template":"","meta":[],"product_brand":[],"product_cat":[16,173],"product_tag":[102,5609],"class_list":{"0":"post-11180","1":"product","2":"type-product","3":"status-publish","4":"has-post-thumbnail","6":"product_cat-libros","7":"product_cat-saiakera-ensayo","8":"product_tag-capitan-swing","9":"product_tag-richard-hoggart","11":"first","12":"instock","13":"sold-individually","14":"shipping-taxable","15":"purchasable","16":"product-type-simple"},"yoast_head":"<!-- This site is optimized with the Yoast SEO plugin v27.3 - https:\/\/yoast.com\/product\/yoast-seo-wordpress\/ -->\n<title>LOS USOS DEL ALFABETISMO Un retrato de la vida de la clase obrera &#8212; Zapateneo<\/title>\n<meta name=\"robots\" content=\"index, follow, max-snippet:-1, max-image-preview:large, max-video-preview:-1\" \/>\n<link rel=\"canonical\" href=\"https:\/\/zapateneo.net\/wordpress\/index.php\/producto\/los-usos-del-alfabetismo-un-retrato-de-la-vida-de-la-clase-obrera\/\" \/>\n<meta property=\"og:locale\" content=\"es_ES\" \/>\n<meta property=\"og:type\" content=\"article\" \/>\n<meta property=\"og:title\" content=\"LOS USOS DEL ALFABETISMO Un retrato de la vida de la clase obrera &#8212; Zapateneo\" \/>\n<meta property=\"og:description\" content=\"Richard Hoggart 9788412457940 - CAPITAN SWING S.L. - 2022 - 448 p\u00e1ginas \/orri.\" \/>\n<meta property=\"og:url\" content=\"https:\/\/zapateneo.net\/wordpress\/index.php\/producto\/los-usos-del-alfabetismo-un-retrato-de-la-vida-de-la-clase-obrera\/\" \/>\n<meta property=\"og:site_name\" content=\"Zapateneo\" \/>\n<meta property=\"article:modified_time\" content=\"2023-04-11T16:33:14+00:00\" \/>\n<meta property=\"og:image\" content=\"https:\/\/zapateneo.net\/wordpress\/wp-content\/uploads\/2022\/05\/los-usos-del-alfabetismo-9788412457940.jpg\" \/>\n\t<meta property=\"og:image:width\" content=\"256\" \/>\n\t<meta property=\"og:image:height\" content=\"400\" \/>\n\t<meta property=\"og:image:type\" content=\"image\/jpeg\" \/>\n<meta name=\"twitter:card\" content=\"summary_large_image\" \/>\n<meta name=\"twitter:site\" content=\"@zapateneo\" \/>\n<meta name=\"twitter:label1\" content=\"Tiempo de lectura\" \/>\n\t<meta name=\"twitter:data1\" content=\"2 minutos\" \/>\n<script type=\"application\/ld+json\" class=\"yoast-schema-graph\">{\"@context\":\"https:\\\/\\\/schema.org\",\"@graph\":[{\"@type\":\"WebPage\",\"@id\":\"https:\\\/\\\/zapateneo.net\\\/wordpress\\\/index.php\\\/producto\\\/los-usos-del-alfabetismo-un-retrato-de-la-vida-de-la-clase-obrera\\\/\",\"url\":\"https:\\\/\\\/zapateneo.net\\\/wordpress\\\/index.php\\\/producto\\\/los-usos-del-alfabetismo-un-retrato-de-la-vida-de-la-clase-obrera\\\/\",\"name\":\"LOS USOS DEL ALFABETISMO Un retrato de la vida de la clase obrera &#8212; Zapateneo\",\"isPartOf\":{\"@id\":\"https:\\\/\\\/zapateneo.net\\\/wordpress\\\/#website\"},\"primaryImageOfPage\":{\"@id\":\"https:\\\/\\\/zapateneo.net\\\/wordpress\\\/index.php\\\/producto\\\/los-usos-del-alfabetismo-un-retrato-de-la-vida-de-la-clase-obrera\\\/#primaryimage\"},\"image\":{\"@id\":\"https:\\\/\\\/zapateneo.net\\\/wordpress\\\/index.php\\\/producto\\\/los-usos-del-alfabetismo-un-retrato-de-la-vida-de-la-clase-obrera\\\/#primaryimage\"},\"thumbnailUrl\":\"https:\\\/\\\/zapateneo.net\\\/wordpress\\\/wp-content\\\/uploads\\\/2022\\\/05\\\/los-usos-del-alfabetismo-9788412457940.jpg\",\"datePublished\":\"2022-05-28T16:22:01+00:00\",\"dateModified\":\"2023-04-11T16:33:14+00:00\",\"breadcrumb\":{\"@id\":\"https:\\\/\\\/zapateneo.net\\\/wordpress\\\/index.php\\\/producto\\\/los-usos-del-alfabetismo-un-retrato-de-la-vida-de-la-clase-obrera\\\/#breadcrumb\"},\"inLanguage\":\"es\",\"potentialAction\":[{\"@type\":\"ReadAction\",\"target\":[\"https:\\\/\\\/zapateneo.net\\\/wordpress\\\/index.php\\\/producto\\\/los-usos-del-alfabetismo-un-retrato-de-la-vida-de-la-clase-obrera\\\/\"]}]},{\"@type\":\"ImageObject\",\"inLanguage\":\"es\",\"@id\":\"https:\\\/\\\/zapateneo.net\\\/wordpress\\\/index.php\\\/producto\\\/los-usos-del-alfabetismo-un-retrato-de-la-vida-de-la-clase-obrera\\\/#primaryimage\",\"url\":\"https:\\\/\\\/zapateneo.net\\\/wordpress\\\/wp-content\\\/uploads\\\/2022\\\/05\\\/los-usos-del-alfabetismo-9788412457940.jpg\",\"contentUrl\":\"https:\\\/\\\/zapateneo.net\\\/wordpress\\\/wp-content\\\/uploads\\\/2022\\\/05\\\/los-usos-del-alfabetismo-9788412457940.jpg\",\"width\":256,\"height\":400},{\"@type\":\"BreadcrumbList\",\"@id\":\"https:\\\/\\\/zapateneo.net\\\/wordpress\\\/index.php\\\/producto\\\/los-usos-del-alfabetismo-un-retrato-de-la-vida-de-la-clase-obrera\\\/#breadcrumb\",\"itemListElement\":[{\"@type\":\"ListItem\",\"position\":1,\"name\":\"Portada\",\"item\":\"https:\\\/\\\/zapateneo.net\\\/wordpress\\\/\"},{\"@type\":\"ListItem\",\"position\":2,\"name\":\"Tienda\",\"item\":\"https:\\\/\\\/zapateneo.net\\\/wordpress\\\/\"},{\"@type\":\"ListItem\",\"position\":3,\"name\":\"LOS USOS DEL ALFABETISMO Un retrato de la vida de la clase obrera\"}]},{\"@type\":\"WebSite\",\"@id\":\"https:\\\/\\\/zapateneo.net\\\/wordpress\\\/#website\",\"url\":\"https:\\\/\\\/zapateneo.net\\\/wordpress\\\/\",\"name\":\"Zapateneo\",\"description\":\"Zapateneoaren webgunea\",\"publisher\":{\"@id\":\"https:\\\/\\\/zapateneo.net\\\/wordpress\\\/#organization\"},\"potentialAction\":[{\"@type\":\"SearchAction\",\"target\":{\"@type\":\"EntryPoint\",\"urlTemplate\":\"https:\\\/\\\/zapateneo.net\\\/wordpress\\\/?s={search_term_string}\"},\"query-input\":{\"@type\":\"PropertyValueSpecification\",\"valueRequired\":true,\"valueName\":\"search_term_string\"}}],\"inLanguage\":\"es\"},{\"@type\":\"Organization\",\"@id\":\"https:\\\/\\\/zapateneo.net\\\/wordpress\\\/#organization\",\"name\":\"Zapateneo Kultur Elkartea\",\"url\":\"https:\\\/\\\/zapateneo.net\\\/wordpress\\\/\",\"logo\":{\"@type\":\"ImageObject\",\"inLanguage\":\"es\",\"@id\":\"https:\\\/\\\/zapateneo.net\\\/wordpress\\\/#\\\/schema\\\/logo\\\/image\\\/\",\"url\":\"https:\\\/\\\/zapateneo.net\\\/wordpress\\\/wp-content\\\/uploads\\\/2021\\\/04\\\/zap-libu-kolec.jpg\",\"contentUrl\":\"https:\\\/\\\/zapateneo.net\\\/wordpress\\\/wp-content\\\/uploads\\\/2021\\\/04\\\/zap-libu-kolec.jpg\",\"width\":2234,\"height\":398,\"caption\":\"Zapateneo Kultur Elkartea\"},\"image\":{\"@id\":\"https:\\\/\\\/zapateneo.net\\\/wordpress\\\/#\\\/schema\\\/logo\\\/image\\\/\"},\"sameAs\":[\"https:\\\/\\\/x.com\\\/zapateneo\"]}]}<\/script>\n<!-- \/ Yoast SEO plugin. -->","yoast_head_json":{"title":"LOS USOS DEL ALFABETISMO Un retrato de la vida de la clase obrera &#8212; Zapateneo","robots":{"index":"index","follow":"follow","max-snippet":"max-snippet:-1","max-image-preview":"max-image-preview:large","max-video-preview":"max-video-preview:-1"},"canonical":"https:\/\/zapateneo.net\/wordpress\/index.php\/producto\/los-usos-del-alfabetismo-un-retrato-de-la-vida-de-la-clase-obrera\/","og_locale":"es_ES","og_type":"article","og_title":"LOS USOS DEL ALFABETISMO Un retrato de la vida de la clase obrera &#8212; Zapateneo","og_description":"Richard Hoggart 9788412457940 - CAPITAN SWING S.L. - 2022 - 448 p\u00e1ginas \/orri.","og_url":"https:\/\/zapateneo.net\/wordpress\/index.php\/producto\/los-usos-del-alfabetismo-un-retrato-de-la-vida-de-la-clase-obrera\/","og_site_name":"Zapateneo","article_modified_time":"2023-04-11T16:33:14+00:00","og_image":[{"width":256,"height":400,"url":"https:\/\/zapateneo.net\/wordpress\/wp-content\/uploads\/2022\/05\/los-usos-del-alfabetismo-9788412457940.jpg","type":"image\/jpeg"}],"twitter_card":"summary_large_image","twitter_site":"@zapateneo","twitter_misc":{"Tiempo de lectura":"2 minutos"},"schema":{"@context":"https:\/\/schema.org","@graph":[{"@type":"WebPage","@id":"https:\/\/zapateneo.net\/wordpress\/index.php\/producto\/los-usos-del-alfabetismo-un-retrato-de-la-vida-de-la-clase-obrera\/","url":"https:\/\/zapateneo.net\/wordpress\/index.php\/producto\/los-usos-del-alfabetismo-un-retrato-de-la-vida-de-la-clase-obrera\/","name":"LOS USOS DEL ALFABETISMO Un retrato de la vida de la clase obrera &#8212; Zapateneo","isPartOf":{"@id":"https:\/\/zapateneo.net\/wordpress\/#website"},"primaryImageOfPage":{"@id":"https:\/\/zapateneo.net\/wordpress\/index.php\/producto\/los-usos-del-alfabetismo-un-retrato-de-la-vida-de-la-clase-obrera\/#primaryimage"},"image":{"@id":"https:\/\/zapateneo.net\/wordpress\/index.php\/producto\/los-usos-del-alfabetismo-un-retrato-de-la-vida-de-la-clase-obrera\/#primaryimage"},"thumbnailUrl":"https:\/\/zapateneo.net\/wordpress\/wp-content\/uploads\/2022\/05\/los-usos-del-alfabetismo-9788412457940.jpg","datePublished":"2022-05-28T16:22:01+00:00","dateModified":"2023-04-11T16:33:14+00:00","breadcrumb":{"@id":"https:\/\/zapateneo.net\/wordpress\/index.php\/producto\/los-usos-del-alfabetismo-un-retrato-de-la-vida-de-la-clase-obrera\/#breadcrumb"},"inLanguage":"es","potentialAction":[{"@type":"ReadAction","target":["https:\/\/zapateneo.net\/wordpress\/index.php\/producto\/los-usos-del-alfabetismo-un-retrato-de-la-vida-de-la-clase-obrera\/"]}]},{"@type":"ImageObject","inLanguage":"es","@id":"https:\/\/zapateneo.net\/wordpress\/index.php\/producto\/los-usos-del-alfabetismo-un-retrato-de-la-vida-de-la-clase-obrera\/#primaryimage","url":"https:\/\/zapateneo.net\/wordpress\/wp-content\/uploads\/2022\/05\/los-usos-del-alfabetismo-9788412457940.jpg","contentUrl":"https:\/\/zapateneo.net\/wordpress\/wp-content\/uploads\/2022\/05\/los-usos-del-alfabetismo-9788412457940.jpg","width":256,"height":400},{"@type":"BreadcrumbList","@id":"https:\/\/zapateneo.net\/wordpress\/index.php\/producto\/los-usos-del-alfabetismo-un-retrato-de-la-vida-de-la-clase-obrera\/#breadcrumb","itemListElement":[{"@type":"ListItem","position":1,"name":"Portada","item":"https:\/\/zapateneo.net\/wordpress\/"},{"@type":"ListItem","position":2,"name":"Tienda","item":"https:\/\/zapateneo.net\/wordpress\/"},{"@type":"ListItem","position":3,"name":"LOS USOS DEL ALFABETISMO Un retrato de la vida de la clase obrera"}]},{"@type":"WebSite","@id":"https:\/\/zapateneo.net\/wordpress\/#website","url":"https:\/\/zapateneo.net\/wordpress\/","name":"Zapateneo","description":"Zapateneoaren webgunea","publisher":{"@id":"https:\/\/zapateneo.net\/wordpress\/#organization"},"potentialAction":[{"@type":"SearchAction","target":{"@type":"EntryPoint","urlTemplate":"https:\/\/zapateneo.net\/wordpress\/?s={search_term_string}"},"query-input":{"@type":"PropertyValueSpecification","valueRequired":true,"valueName":"search_term_string"}}],"inLanguage":"es"},{"@type":"Organization","@id":"https:\/\/zapateneo.net\/wordpress\/#organization","name":"Zapateneo Kultur Elkartea","url":"https:\/\/zapateneo.net\/wordpress\/","logo":{"@type":"ImageObject","inLanguage":"es","@id":"https:\/\/zapateneo.net\/wordpress\/#\/schema\/logo\/image\/","url":"https:\/\/zapateneo.net\/wordpress\/wp-content\/uploads\/2021\/04\/zap-libu-kolec.jpg","contentUrl":"https:\/\/zapateneo.net\/wordpress\/wp-content\/uploads\/2021\/04\/zap-libu-kolec.jpg","width":2234,"height":398,"caption":"Zapateneo Kultur Elkartea"},"image":{"@id":"https:\/\/zapateneo.net\/wordpress\/#\/schema\/logo\/image\/"},"sameAs":["https:\/\/x.com\/zapateneo"]}]}},"_links":{"self":[{"href":"https:\/\/zapateneo.net\/wordpress\/index.php\/wp-json\/wp\/v2\/product\/11180","targetHints":{"allow":["GET"]}}],"collection":[{"href":"https:\/\/zapateneo.net\/wordpress\/index.php\/wp-json\/wp\/v2\/product"}],"about":[{"href":"https:\/\/zapateneo.net\/wordpress\/index.php\/wp-json\/wp\/v2\/types\/product"}],"wp:featuredmedia":[{"embeddable":true,"href":"https:\/\/zapateneo.net\/wordpress\/index.php\/wp-json\/wp\/v2\/media\/11199"}],"wp:attachment":[{"href":"https:\/\/zapateneo.net\/wordpress\/index.php\/wp-json\/wp\/v2\/media?parent=11180"}],"wp:term":[{"taxonomy":"product_brand","embeddable":true,"href":"https:\/\/zapateneo.net\/wordpress\/index.php\/wp-json\/wp\/v2\/product_brand?post=11180"},{"taxonomy":"product_cat","embeddable":true,"href":"https:\/\/zapateneo.net\/wordpress\/index.php\/wp-json\/wp\/v2\/product_cat?post=11180"},{"taxonomy":"product_tag","embeddable":true,"href":"https:\/\/zapateneo.net\/wordpress\/index.php\/wp-json\/wp\/v2\/product_tag?post=11180"}],"curies":[{"name":"wp","href":"https:\/\/api.w.org\/{rel}","templated":true}]}}