{"id":11175,"date":"2022-05-28T17:22:00","date_gmt":"2022-05-28T16:22:00","guid":{"rendered":"https:\/\/zapateneo.net\/wordpress\/?post_type=product&#038;p=11175"},"modified":"2023-04-11T19:05:26","modified_gmt":"2023-04-11T18:05:26","slug":"ensenar-al-principe-de-dinamarca-extrarradio-de-napoles-entre-la-violencia-de-la-mafia-y-la-dejadez","status":"publish","type":"product","link":"https:\/\/zapateneo.net\/wordpress\/index.php\/producto\/ensenar-al-principe-de-dinamarca-extrarradio-de-napoles-entre-la-violencia-de-la-mafia-y-la-dejadez\/","title":{"rendered":"ENSE\u00d1AR AL PR\u00cdNCIPE DE DINAMARCA Extrarradio de N\u00e1poles. Entre la violencia de la Mafia y la dejadez"},"content":{"rendered":"<p>Periferia de N\u00e1poles, 1998. En un mundo asolado por el paro, la degradaci\u00f3n de los espacios urbanos y el clima del miedo impuesto por la mafia, un grupo de maestros funda la escuela Chance para acoger a chavales desechados por las instituciones y ayudarles a acabar los estudios, reconstruyendo con ellos el viaje de la palabra y de la solidaridad entre iguales. Carla Melazzini fue una de esas maestras, y su fascinante legado se recoge aqu\u00ed. \u00abLeer a Melazzini es un regalo. Abrir las p\u00e1ginas de este libro es como abrir una ventana y sentir una r\u00e1faga de aire fresco y vivificador. Desde el primer encuentro, los sucesivos relatos rebosan vida a borbotones. No es un manual de recetas o consejos pedag\u00f3gicos sino un acicate para animarnos a buscar en cada momento las soluciones m\u00e1s personales para las dificultades de la relaci\u00f3n cotidiana\u00bb. (Del pr\u00f3logo de Enrique Mart\u00ednez Reguera) \u00abMi experiencia como profesora me ha llevado a sospechar que el mundo adulto se refleja en los ojos de los adolescentes como una mentira gigantesca. Si mis sospechas no son fundadas, tengo la impresi\u00f3n de que en las aulas de nuestros colegios e institutos se est\u00e1 consumando a diario un desastre de larga duraci\u00f3n que ning\u00fan ministerio podr\u00e1 solucionar. Creemos tenerlo todo bajo control, pero ante el lenguaje de los cuerpos de estos adolescentes, \u00bfnos sentimos tan seguros? Esta ceguera sesgada, \u00bfacaso no ser\u00e1 tambi\u00e9n una defensa ante algo que nos da miedo?\u00bb.<\/p>\n","protected":false},"excerpt":{"rendered":"<p><strong>Carla Melazzini<\/strong><br \/>\n9788412188783 &#8211; EL SALMON &#8211; 2022 &#8211; 250 p\u00e1ginas \/orri.<\/p>\n","protected":false},"featured_media":11194,"template":"","meta":[],"product_brand":[],"product_cat":[16,187],"product_tag":[5605,443],"class_list":{"0":"post-11175","1":"product","2":"type-product","3":"status-publish","4":"has-post-thumbnail","6":"product_cat-libros","7":"product_cat-narratiba-narrativa","8":"product_tag-carla-melazzini","9":"product_tag-ediciones-el-salmon","11":"first","12":"instock","13":"sold-individually","14":"shipping-taxable","15":"purchasable","16":"product-type-simple"},"yoast_head":"<!-- This site is optimized with the Yoast SEO plugin v27.3 - https:\/\/yoast.com\/product\/yoast-seo-wordpress\/ -->\n<title>ENSE\u00d1AR AL PR\u00cdNCIPE DE DINAMARCA Extrarradio de N\u00e1poles. Entre la violencia de la Mafia y la dejadez &#8212; Zapateneo<\/title>\n<meta name=\"robots\" content=\"index, follow, max-snippet:-1, max-image-preview:large, max-video-preview:-1\" \/>\n<link rel=\"canonical\" href=\"https:\/\/zapateneo.net\/wordpress\/index.php\/producto\/ensenar-al-principe-de-dinamarca-extrarradio-de-napoles-entre-la-violencia-de-la-mafia-y-la-dejadez\/\" \/>\n<meta property=\"og:locale\" content=\"es_ES\" \/>\n<meta property=\"og:type\" content=\"article\" \/>\n<meta property=\"og:title\" content=\"ENSE\u00d1AR AL PR\u00cdNCIPE DE DINAMARCA Extrarradio de N\u00e1poles. Entre la violencia de la Mafia y la dejadez &#8212; Zapateneo\" \/>\n<meta property=\"og:description\" content=\"Carla Melazzini 9788412188783 - EL SALMON - 2022 - 250 p\u00e1ginas \/orri.\" \/>\n<meta property=\"og:url\" content=\"https:\/\/zapateneo.net\/wordpress\/index.php\/producto\/ensenar-al-principe-de-dinamarca-extrarradio-de-napoles-entre-la-violencia-de-la-mafia-y-la-dejadez\/\" \/>\n<meta property=\"og:site_name\" content=\"Zapateneo\" \/>\n<meta property=\"article:modified_time\" content=\"2023-04-11T18:05:26+00:00\" \/>\n<meta property=\"og:image\" content=\"https:\/\/zapateneo.net\/wordpress\/wp-content\/uploads\/2022\/05\/ensenar-al-principe-de-dinamarca.jpg\" \/>\n\t<meta property=\"og:image:width\" content=\"254\" \/>\n\t<meta property=\"og:image:height\" content=\"400\" \/>\n\t<meta property=\"og:image:type\" content=\"image\/jpeg\" \/>\n<meta name=\"twitter:card\" content=\"summary_large_image\" \/>\n<meta name=\"twitter:site\" content=\"@zapateneo\" \/>\n<meta name=\"twitter:label1\" content=\"Tiempo de lectura\" \/>\n\t<meta name=\"twitter:data1\" content=\"1 minuto\" \/>\n<script type=\"application\/ld+json\" class=\"yoast-schema-graph\">{\"@context\":\"https:\\\/\\\/schema.org\",\"@graph\":[{\"@type\":\"WebPage\",\"@id\":\"https:\\\/\\\/zapateneo.net\\\/wordpress\\\/index.php\\\/producto\\\/ensenar-al-principe-de-dinamarca-extrarradio-de-napoles-entre-la-violencia-de-la-mafia-y-la-dejadez\\\/\",\"url\":\"https:\\\/\\\/zapateneo.net\\\/wordpress\\\/index.php\\\/producto\\\/ensenar-al-principe-de-dinamarca-extrarradio-de-napoles-entre-la-violencia-de-la-mafia-y-la-dejadez\\\/\",\"name\":\"ENSE\u00d1AR AL PR\u00cdNCIPE DE DINAMARCA Extrarradio de N\u00e1poles. Entre la violencia de la Mafia y la dejadez &#8212; Zapateneo\",\"isPartOf\":{\"@id\":\"https:\\\/\\\/zapateneo.net\\\/wordpress\\\/#website\"},\"primaryImageOfPage\":{\"@id\":\"https:\\\/\\\/zapateneo.net\\\/wordpress\\\/index.php\\\/producto\\\/ensenar-al-principe-de-dinamarca-extrarradio-de-napoles-entre-la-violencia-de-la-mafia-y-la-dejadez\\\/#primaryimage\"},\"image\":{\"@id\":\"https:\\\/\\\/zapateneo.net\\\/wordpress\\\/index.php\\\/producto\\\/ensenar-al-principe-de-dinamarca-extrarradio-de-napoles-entre-la-violencia-de-la-mafia-y-la-dejadez\\\/#primaryimage\"},\"thumbnailUrl\":\"https:\\\/\\\/zapateneo.net\\\/wordpress\\\/wp-content\\\/uploads\\\/2022\\\/05\\\/ensenar-al-principe-de-dinamarca.jpg\",\"datePublished\":\"2022-05-28T16:22:00+00:00\",\"dateModified\":\"2023-04-11T18:05:26+00:00\",\"breadcrumb\":{\"@id\":\"https:\\\/\\\/zapateneo.net\\\/wordpress\\\/index.php\\\/producto\\\/ensenar-al-principe-de-dinamarca-extrarradio-de-napoles-entre-la-violencia-de-la-mafia-y-la-dejadez\\\/#breadcrumb\"},\"inLanguage\":\"es\",\"potentialAction\":[{\"@type\":\"ReadAction\",\"target\":[\"https:\\\/\\\/zapateneo.net\\\/wordpress\\\/index.php\\\/producto\\\/ensenar-al-principe-de-dinamarca-extrarradio-de-napoles-entre-la-violencia-de-la-mafia-y-la-dejadez\\\/\"]}]},{\"@type\":\"ImageObject\",\"inLanguage\":\"es\",\"@id\":\"https:\\\/\\\/zapateneo.net\\\/wordpress\\\/index.php\\\/producto\\\/ensenar-al-principe-de-dinamarca-extrarradio-de-napoles-entre-la-violencia-de-la-mafia-y-la-dejadez\\\/#primaryimage\",\"url\":\"https:\\\/\\\/zapateneo.net\\\/wordpress\\\/wp-content\\\/uploads\\\/2022\\\/05\\\/ensenar-al-principe-de-dinamarca.jpg\",\"contentUrl\":\"https:\\\/\\\/zapateneo.net\\\/wordpress\\\/wp-content\\\/uploads\\\/2022\\\/05\\\/ensenar-al-principe-de-dinamarca.jpg\",\"width\":254,\"height\":400},{\"@type\":\"BreadcrumbList\",\"@id\":\"https:\\\/\\\/zapateneo.net\\\/wordpress\\\/index.php\\\/producto\\\/ensenar-al-principe-de-dinamarca-extrarradio-de-napoles-entre-la-violencia-de-la-mafia-y-la-dejadez\\\/#breadcrumb\",\"itemListElement\":[{\"@type\":\"ListItem\",\"position\":1,\"name\":\"Portada\",\"item\":\"https:\\\/\\\/zapateneo.net\\\/wordpress\\\/\"},{\"@type\":\"ListItem\",\"position\":2,\"name\":\"Tienda\",\"item\":\"https:\\\/\\\/zapateneo.net\\\/wordpress\\\/\"},{\"@type\":\"ListItem\",\"position\":3,\"name\":\"ENSE\u00d1AR AL PR\u00cdNCIPE DE DINAMARCA Extrarradio de N\u00e1poles. Entre la violencia de la Mafia y la dejadez\"}]},{\"@type\":\"WebSite\",\"@id\":\"https:\\\/\\\/zapateneo.net\\\/wordpress\\\/#website\",\"url\":\"https:\\\/\\\/zapateneo.net\\\/wordpress\\\/\",\"name\":\"Zapateneo\",\"description\":\"Zapateneoaren webgunea\",\"publisher\":{\"@id\":\"https:\\\/\\\/zapateneo.net\\\/wordpress\\\/#organization\"},\"potentialAction\":[{\"@type\":\"SearchAction\",\"target\":{\"@type\":\"EntryPoint\",\"urlTemplate\":\"https:\\\/\\\/zapateneo.net\\\/wordpress\\\/?s={search_term_string}\"},\"query-input\":{\"@type\":\"PropertyValueSpecification\",\"valueRequired\":true,\"valueName\":\"search_term_string\"}}],\"inLanguage\":\"es\"},{\"@type\":\"Organization\",\"@id\":\"https:\\\/\\\/zapateneo.net\\\/wordpress\\\/#organization\",\"name\":\"Zapateneo Kultur Elkartea\",\"url\":\"https:\\\/\\\/zapateneo.net\\\/wordpress\\\/\",\"logo\":{\"@type\":\"ImageObject\",\"inLanguage\":\"es\",\"@id\":\"https:\\\/\\\/zapateneo.net\\\/wordpress\\\/#\\\/schema\\\/logo\\\/image\\\/\",\"url\":\"https:\\\/\\\/zapateneo.net\\\/wordpress\\\/wp-content\\\/uploads\\\/2021\\\/04\\\/zap-libu-kolec.jpg\",\"contentUrl\":\"https:\\\/\\\/zapateneo.net\\\/wordpress\\\/wp-content\\\/uploads\\\/2021\\\/04\\\/zap-libu-kolec.jpg\",\"width\":2234,\"height\":398,\"caption\":\"Zapateneo Kultur Elkartea\"},\"image\":{\"@id\":\"https:\\\/\\\/zapateneo.net\\\/wordpress\\\/#\\\/schema\\\/logo\\\/image\\\/\"},\"sameAs\":[\"https:\\\/\\\/x.com\\\/zapateneo\"]}]}<\/script>\n<!-- \/ Yoast SEO plugin. -->","yoast_head_json":{"title":"ENSE\u00d1AR AL PR\u00cdNCIPE DE DINAMARCA Extrarradio de N\u00e1poles. Entre la violencia de la Mafia y la dejadez &#8212; Zapateneo","robots":{"index":"index","follow":"follow","max-snippet":"max-snippet:-1","max-image-preview":"max-image-preview:large","max-video-preview":"max-video-preview:-1"},"canonical":"https:\/\/zapateneo.net\/wordpress\/index.php\/producto\/ensenar-al-principe-de-dinamarca-extrarradio-de-napoles-entre-la-violencia-de-la-mafia-y-la-dejadez\/","og_locale":"es_ES","og_type":"article","og_title":"ENSE\u00d1AR AL PR\u00cdNCIPE DE DINAMARCA Extrarradio de N\u00e1poles. Entre la violencia de la Mafia y la dejadez &#8212; Zapateneo","og_description":"Carla Melazzini 9788412188783 - EL SALMON - 2022 - 250 p\u00e1ginas \/orri.","og_url":"https:\/\/zapateneo.net\/wordpress\/index.php\/producto\/ensenar-al-principe-de-dinamarca-extrarradio-de-napoles-entre-la-violencia-de-la-mafia-y-la-dejadez\/","og_site_name":"Zapateneo","article_modified_time":"2023-04-11T18:05:26+00:00","og_image":[{"width":254,"height":400,"url":"https:\/\/zapateneo.net\/wordpress\/wp-content\/uploads\/2022\/05\/ensenar-al-principe-de-dinamarca.jpg","type":"image\/jpeg"}],"twitter_card":"summary_large_image","twitter_site":"@zapateneo","twitter_misc":{"Tiempo de lectura":"1 minuto"},"schema":{"@context":"https:\/\/schema.org","@graph":[{"@type":"WebPage","@id":"https:\/\/zapateneo.net\/wordpress\/index.php\/producto\/ensenar-al-principe-de-dinamarca-extrarradio-de-napoles-entre-la-violencia-de-la-mafia-y-la-dejadez\/","url":"https:\/\/zapateneo.net\/wordpress\/index.php\/producto\/ensenar-al-principe-de-dinamarca-extrarradio-de-napoles-entre-la-violencia-de-la-mafia-y-la-dejadez\/","name":"ENSE\u00d1AR AL PR\u00cdNCIPE DE DINAMARCA Extrarradio de N\u00e1poles. Entre la violencia de la Mafia y la dejadez &#8212; Zapateneo","isPartOf":{"@id":"https:\/\/zapateneo.net\/wordpress\/#website"},"primaryImageOfPage":{"@id":"https:\/\/zapateneo.net\/wordpress\/index.php\/producto\/ensenar-al-principe-de-dinamarca-extrarradio-de-napoles-entre-la-violencia-de-la-mafia-y-la-dejadez\/#primaryimage"},"image":{"@id":"https:\/\/zapateneo.net\/wordpress\/index.php\/producto\/ensenar-al-principe-de-dinamarca-extrarradio-de-napoles-entre-la-violencia-de-la-mafia-y-la-dejadez\/#primaryimage"},"thumbnailUrl":"https:\/\/zapateneo.net\/wordpress\/wp-content\/uploads\/2022\/05\/ensenar-al-principe-de-dinamarca.jpg","datePublished":"2022-05-28T16:22:00+00:00","dateModified":"2023-04-11T18:05:26+00:00","breadcrumb":{"@id":"https:\/\/zapateneo.net\/wordpress\/index.php\/producto\/ensenar-al-principe-de-dinamarca-extrarradio-de-napoles-entre-la-violencia-de-la-mafia-y-la-dejadez\/#breadcrumb"},"inLanguage":"es","potentialAction":[{"@type":"ReadAction","target":["https:\/\/zapateneo.net\/wordpress\/index.php\/producto\/ensenar-al-principe-de-dinamarca-extrarradio-de-napoles-entre-la-violencia-de-la-mafia-y-la-dejadez\/"]}]},{"@type":"ImageObject","inLanguage":"es","@id":"https:\/\/zapateneo.net\/wordpress\/index.php\/producto\/ensenar-al-principe-de-dinamarca-extrarradio-de-napoles-entre-la-violencia-de-la-mafia-y-la-dejadez\/#primaryimage","url":"https:\/\/zapateneo.net\/wordpress\/wp-content\/uploads\/2022\/05\/ensenar-al-principe-de-dinamarca.jpg","contentUrl":"https:\/\/zapateneo.net\/wordpress\/wp-content\/uploads\/2022\/05\/ensenar-al-principe-de-dinamarca.jpg","width":254,"height":400},{"@type":"BreadcrumbList","@id":"https:\/\/zapateneo.net\/wordpress\/index.php\/producto\/ensenar-al-principe-de-dinamarca-extrarradio-de-napoles-entre-la-violencia-de-la-mafia-y-la-dejadez\/#breadcrumb","itemListElement":[{"@type":"ListItem","position":1,"name":"Portada","item":"https:\/\/zapateneo.net\/wordpress\/"},{"@type":"ListItem","position":2,"name":"Tienda","item":"https:\/\/zapateneo.net\/wordpress\/"},{"@type":"ListItem","position":3,"name":"ENSE\u00d1AR AL PR\u00cdNCIPE DE DINAMARCA Extrarradio de N\u00e1poles. Entre la violencia de la Mafia y la dejadez"}]},{"@type":"WebSite","@id":"https:\/\/zapateneo.net\/wordpress\/#website","url":"https:\/\/zapateneo.net\/wordpress\/","name":"Zapateneo","description":"Zapateneoaren webgunea","publisher":{"@id":"https:\/\/zapateneo.net\/wordpress\/#organization"},"potentialAction":[{"@type":"SearchAction","target":{"@type":"EntryPoint","urlTemplate":"https:\/\/zapateneo.net\/wordpress\/?s={search_term_string}"},"query-input":{"@type":"PropertyValueSpecification","valueRequired":true,"valueName":"search_term_string"}}],"inLanguage":"es"},{"@type":"Organization","@id":"https:\/\/zapateneo.net\/wordpress\/#organization","name":"Zapateneo Kultur Elkartea","url":"https:\/\/zapateneo.net\/wordpress\/","logo":{"@type":"ImageObject","inLanguage":"es","@id":"https:\/\/zapateneo.net\/wordpress\/#\/schema\/logo\/image\/","url":"https:\/\/zapateneo.net\/wordpress\/wp-content\/uploads\/2021\/04\/zap-libu-kolec.jpg","contentUrl":"https:\/\/zapateneo.net\/wordpress\/wp-content\/uploads\/2021\/04\/zap-libu-kolec.jpg","width":2234,"height":398,"caption":"Zapateneo Kultur Elkartea"},"image":{"@id":"https:\/\/zapateneo.net\/wordpress\/#\/schema\/logo\/image\/"},"sameAs":["https:\/\/x.com\/zapateneo"]}]}},"_links":{"self":[{"href":"https:\/\/zapateneo.net\/wordpress\/index.php\/wp-json\/wp\/v2\/product\/11175","targetHints":{"allow":["GET"]}}],"collection":[{"href":"https:\/\/zapateneo.net\/wordpress\/index.php\/wp-json\/wp\/v2\/product"}],"about":[{"href":"https:\/\/zapateneo.net\/wordpress\/index.php\/wp-json\/wp\/v2\/types\/product"}],"wp:featuredmedia":[{"embeddable":true,"href":"https:\/\/zapateneo.net\/wordpress\/index.php\/wp-json\/wp\/v2\/media\/11194"}],"wp:attachment":[{"href":"https:\/\/zapateneo.net\/wordpress\/index.php\/wp-json\/wp\/v2\/media?parent=11175"}],"wp:term":[{"taxonomy":"product_brand","embeddable":true,"href":"https:\/\/zapateneo.net\/wordpress\/index.php\/wp-json\/wp\/v2\/product_brand?post=11175"},{"taxonomy":"product_cat","embeddable":true,"href":"https:\/\/zapateneo.net\/wordpress\/index.php\/wp-json\/wp\/v2\/product_cat?post=11175"},{"taxonomy":"product_tag","embeddable":true,"href":"https:\/\/zapateneo.net\/wordpress\/index.php\/wp-json\/wp\/v2\/product_tag?post=11175"}],"curies":[{"name":"wp","href":"https:\/\/api.w.org\/{rel}","templated":true}]}}