{"id":11173,"date":"2022-05-28T17:21:59","date_gmt":"2022-05-28T16:21:59","guid":{"rendered":"https:\/\/zapateneo.net\/wordpress\/?post_type=product&#038;p=11173"},"modified":"2022-05-28T17:22:05","modified_gmt":"2022-05-28T16:22:05","slug":"trabajadores-del-mundo-unios-antologia-politica-de-la-primera-internacional","status":"publish","type":"product","link":"https:\/\/zapateneo.net\/wordpress\/index.php\/producto\/trabajadores-del-mundo-unios-antologia-politica-de-la-primera-internacional\/","title":{"rendered":"\u00a1TRABAJADORES DEL MUNDO, UN\u00cdOS! Antolog\u00eda pol\u00edtica de la Primera Internacional"},"content":{"rendered":"<p>\u00abEste excelente volumen re\u00fane a destacados acad\u00e9micos y activistas del movimiento para conmemorar un punto de inflexi\u00f3n en la historia de las luchas de los trabajadores. Establece un equilibrio fruct\u00edfero entre las reflexiones sobre el pasado del movimiento obrero y el an\u00e1lisis cr\u00edtico de la situaci\u00f3n mundial actual\u00bb. Ellen Meiksins Wood<\/p>\n<p>La Asociaci\u00f3n Internacional de Trabajadores ayud\u00f3 a los trabajadores a comprender que la emancipaci\u00f3n del trabajo no se puede lograr en un solo pa\u00eds, sino que es un prop\u00f3sito global. Tambi\u00e9n difundi\u00f3 en sus filas la conciencia de que ten\u00edan que lograr el objetivo por s\u00ed mismos, a trav\u00e9s de su propia capacidad de organizaci\u00f3n, en lugar de delegarlo en alguna otra fuerza; y que era esencial superar el propio sistema capitalista, ya que las mejoras dentro de \u00e9l, aunque necesarias, no eliminar\u00edan la explotaci\u00f3n y la injusticia social.<\/p>\n<p>Este libro redescubre los principales temas abordados por la Primera Internacional de mano de los textos de la propia Internacional: los derechos laborales, las cr\u00edticas al capitalismo y la b\u00fasqueda de la solidaridad internacional, a la luz de las preocupaciones actuales. Con la reciente crisis del capitalismo, que ha agudizado m\u00e1s que antes la divisi\u00f3n entre capital y trabajo, el legado pol\u00edtico de la organizaci\u00f3n fundada en Londres en 1864 ha recuperado una profunda relevancia, y sus lecciones son hoy m\u00e1s oportunas que nunca.<\/p>\n<p>Con textos de Karl Marx, Fran\u00e7ois Dupleix, Ferdinand Quinet, Jean Marly, Adrien Schettel, Jean Henri de Beaumont, P. Eslens, Eug\u00e8ne Hins, Paul Robin, Eug\u00e8ne Steens, Pierre Fluse, Eug\u00e8ne Tartaret, V. Tinayre, C\u00e9sar De Paepe, Jean Louis Pindy, Eug\u00e8ne Hins, Robert Applegarth, Adh\u00e9mar Schwitzgu\u00e9bel, Alfred Herman, Johann Philipp Becker, Ludwig Buechner , Andr\u00e9 Murat, Louis Mueller, R. L. Garbe, Johann Georg Eccarius, Henri Louis Tolain, Aim\u00e9 Grinand, Eug\u00e8ne Hins, Mikhail Bakunin, Jean Vasseur, Emile Aubry, Friedrich Engels, Paul Lafargue, James Guillaume, Eugene Dupont, Johann Georg Eccarius, Peter Fox, Hermann Jung, Louis Henri Tolain, Hafner, Johann Georg Eccarius, Karl Kaub, George Odger, George Wheeler, William Worley, Charlse Perron, Pioley, Jean Reymond, V\u00e9zinaud, Sameul Treboux, \u00c9douard Vaillant, James Guillaume, Friedrich Adolph Sorge, Friedrich Adolph Sorge, Carl Speyer y documentos colectivos.<\/p>\n","protected":false},"excerpt":{"rendered":"<p><strong>Marcello Musto<\/strong><br \/>\n9788418684326 &#8211; Bellaterra &#8211; 2022 &#8211; 350 p\u00e1ginas \/orri.<\/p>\n","protected":false},"featured_media":11192,"template":"","meta":[],"product_brand":[],"product_cat":[185,16],"product_tag":[92,5603],"class_list":{"0":"post-11173","1":"product","2":"type-product","3":"status-publish","4":"has-post-thumbnail","6":"product_cat-historia","7":"product_cat-libros","8":"product_tag-bellaterra","9":"product_tag-marcello-musto","11":"first","12":"instock","13":"sold-individually","14":"shipping-taxable","15":"purchasable","16":"product-type-simple"},"yoast_head":"<!-- This site is optimized with the Yoast SEO plugin v27.4 - https:\/\/yoast.com\/product\/yoast-seo-wordpress\/ -->\n<title>\u00a1TRABAJADORES DEL MUNDO, UN\u00cdOS! Antolog\u00eda pol\u00edtica de la Primera Internacional &#8212; Zapateneo<\/title>\n<meta name=\"robots\" content=\"index, follow, max-snippet:-1, max-image-preview:large, max-video-preview:-1\" \/>\n<link rel=\"canonical\" href=\"https:\/\/zapateneo.net\/wordpress\/index.php\/producto\/trabajadores-del-mundo-unios-antologia-politica-de-la-primera-internacional\/\" \/>\n<meta property=\"og:locale\" content=\"es_ES\" \/>\n<meta property=\"og:type\" content=\"article\" \/>\n<meta property=\"og:title\" content=\"\u00a1TRABAJADORES DEL MUNDO, UN\u00cdOS! Antolog\u00eda pol\u00edtica de la Primera Internacional &#8212; Zapateneo\" \/>\n<meta property=\"og:description\" content=\"Marcello Musto 9788418684326 - Bellaterra - 2022 - 350 p\u00e1ginas \/orri.\" \/>\n<meta property=\"og:url\" content=\"https:\/\/zapateneo.net\/wordpress\/index.php\/producto\/trabajadores-del-mundo-unios-antologia-politica-de-la-primera-internacional\/\" \/>\n<meta property=\"og:site_name\" content=\"Zapateneo\" \/>\n<meta property=\"article:modified_time\" content=\"2022-05-28T16:22:05+00:00\" \/>\n<meta name=\"twitter:card\" content=\"summary_large_image\" \/>\n<meta name=\"twitter:site\" content=\"@zapateneo\" \/>\n<meta name=\"twitter:label1\" content=\"Tiempo de lectura\" \/>\n\t<meta name=\"twitter:data1\" content=\"2 minutos\" \/>\n<script type=\"application\/ld+json\" class=\"yoast-schema-graph\">{\"@context\":\"https:\\\/\\\/schema.org\",\"@graph\":[{\"@type\":\"WebPage\",\"@id\":\"https:\\\/\\\/zapateneo.net\\\/wordpress\\\/index.php\\\/producto\\\/trabajadores-del-mundo-unios-antologia-politica-de-la-primera-internacional\\\/\",\"url\":\"https:\\\/\\\/zapateneo.net\\\/wordpress\\\/index.php\\\/producto\\\/trabajadores-del-mundo-unios-antologia-politica-de-la-primera-internacional\\\/\",\"name\":\"\u00a1TRABAJADORES DEL MUNDO, UN\u00cdOS! Antolog\u00eda pol\u00edtica de la Primera Internacional &#8212; Zapateneo\",\"isPartOf\":{\"@id\":\"https:\\\/\\\/zapateneo.net\\\/wordpress\\\/#website\"},\"primaryImageOfPage\":{\"@id\":\"https:\\\/\\\/zapateneo.net\\\/wordpress\\\/index.php\\\/producto\\\/trabajadores-del-mundo-unios-antologia-politica-de-la-primera-internacional\\\/#primaryimage\"},\"image\":{\"@id\":\"https:\\\/\\\/zapateneo.net\\\/wordpress\\\/index.php\\\/producto\\\/trabajadores-del-mundo-unios-antologia-politica-de-la-primera-internacional\\\/#primaryimage\"},\"thumbnailUrl\":\"https:\\\/\\\/zapateneo.net\\\/wordpress\\\/wp-content\\\/uploads\\\/2022\\\/05\\\/trabajadores-del-mundo-unios.jpg\",\"datePublished\":\"2022-05-28T16:21:59+00:00\",\"dateModified\":\"2022-05-28T16:22:05+00:00\",\"breadcrumb\":{\"@id\":\"https:\\\/\\\/zapateneo.net\\\/wordpress\\\/index.php\\\/producto\\\/trabajadores-del-mundo-unios-antologia-politica-de-la-primera-internacional\\\/#breadcrumb\"},\"inLanguage\":\"es\",\"potentialAction\":[{\"@type\":\"ReadAction\",\"target\":[\"https:\\\/\\\/zapateneo.net\\\/wordpress\\\/index.php\\\/producto\\\/trabajadores-del-mundo-unios-antologia-politica-de-la-primera-internacional\\\/\"]}]},{\"@type\":\"ImageObject\",\"inLanguage\":\"es\",\"@id\":\"https:\\\/\\\/zapateneo.net\\\/wordpress\\\/index.php\\\/producto\\\/trabajadores-del-mundo-unios-antologia-politica-de-la-primera-internacional\\\/#primaryimage\",\"url\":\"https:\\\/\\\/zapateneo.net\\\/wordpress\\\/wp-content\\\/uploads\\\/2022\\\/05\\\/trabajadores-del-mundo-unios.jpg\",\"contentUrl\":\"https:\\\/\\\/zapateneo.net\\\/wordpress\\\/wp-content\\\/uploads\\\/2022\\\/05\\\/trabajadores-del-mundo-unios.jpg\",\"width\":261,\"height\":400},{\"@type\":\"BreadcrumbList\",\"@id\":\"https:\\\/\\\/zapateneo.net\\\/wordpress\\\/index.php\\\/producto\\\/trabajadores-del-mundo-unios-antologia-politica-de-la-primera-internacional\\\/#breadcrumb\",\"itemListElement\":[{\"@type\":\"ListItem\",\"position\":1,\"name\":\"Portada\",\"item\":\"https:\\\/\\\/zapateneo.net\\\/wordpress\\\/\"},{\"@type\":\"ListItem\",\"position\":2,\"name\":\"Tienda\",\"item\":\"https:\\\/\\\/zapateneo.net\\\/wordpress\\\/\"},{\"@type\":\"ListItem\",\"position\":3,\"name\":\"\u00a1TRABAJADORES DEL MUNDO, UN\u00cdOS! Antolog\u00eda pol\u00edtica de la Primera Internacional\"}]},{\"@type\":\"WebSite\",\"@id\":\"https:\\\/\\\/zapateneo.net\\\/wordpress\\\/#website\",\"url\":\"https:\\\/\\\/zapateneo.net\\\/wordpress\\\/\",\"name\":\"Zapateneo\",\"description\":\"Zapateneoaren webgunea\",\"publisher\":{\"@id\":\"https:\\\/\\\/zapateneo.net\\\/wordpress\\\/#organization\"},\"potentialAction\":[{\"@type\":\"SearchAction\",\"target\":{\"@type\":\"EntryPoint\",\"urlTemplate\":\"https:\\\/\\\/zapateneo.net\\\/wordpress\\\/?s={search_term_string}\"},\"query-input\":{\"@type\":\"PropertyValueSpecification\",\"valueRequired\":true,\"valueName\":\"search_term_string\"}}],\"inLanguage\":\"es\"},{\"@type\":\"Organization\",\"@id\":\"https:\\\/\\\/zapateneo.net\\\/wordpress\\\/#organization\",\"name\":\"Zapateneo Kultur Elkartea\",\"url\":\"https:\\\/\\\/zapateneo.net\\\/wordpress\\\/\",\"logo\":{\"@type\":\"ImageObject\",\"inLanguage\":\"es\",\"@id\":\"https:\\\/\\\/zapateneo.net\\\/wordpress\\\/#\\\/schema\\\/logo\\\/image\\\/\",\"url\":\"https:\\\/\\\/zapateneo.net\\\/wordpress\\\/wp-content\\\/uploads\\\/2021\\\/04\\\/zap-libu-kolec.jpg\",\"contentUrl\":\"https:\\\/\\\/zapateneo.net\\\/wordpress\\\/wp-content\\\/uploads\\\/2021\\\/04\\\/zap-libu-kolec.jpg\",\"width\":2234,\"height\":398,\"caption\":\"Zapateneo Kultur Elkartea\"},\"image\":{\"@id\":\"https:\\\/\\\/zapateneo.net\\\/wordpress\\\/#\\\/schema\\\/logo\\\/image\\\/\"},\"sameAs\":[\"https:\\\/\\\/x.com\\\/zapateneo\"]}]}<\/script>\n<!-- \/ Yoast SEO plugin. -->","yoast_head_json":{"title":"\u00a1TRABAJADORES DEL MUNDO, UN\u00cdOS! Antolog\u00eda pol\u00edtica de la Primera Internacional &#8212; Zapateneo","robots":{"index":"index","follow":"follow","max-snippet":"max-snippet:-1","max-image-preview":"max-image-preview:large","max-video-preview":"max-video-preview:-1"},"canonical":"https:\/\/zapateneo.net\/wordpress\/index.php\/producto\/trabajadores-del-mundo-unios-antologia-politica-de-la-primera-internacional\/","og_locale":"es_ES","og_type":"article","og_title":"\u00a1TRABAJADORES DEL MUNDO, UN\u00cdOS! Antolog\u00eda pol\u00edtica de la Primera Internacional &#8212; Zapateneo","og_description":"Marcello Musto 9788418684326 - Bellaterra - 2022 - 350 p\u00e1ginas \/orri.","og_url":"https:\/\/zapateneo.net\/wordpress\/index.php\/producto\/trabajadores-del-mundo-unios-antologia-politica-de-la-primera-internacional\/","og_site_name":"Zapateneo","article_modified_time":"2022-05-28T16:22:05+00:00","twitter_card":"summary_large_image","twitter_site":"@zapateneo","twitter_misc":{"Tiempo de lectura":"2 minutos"},"schema":{"@context":"https:\/\/schema.org","@graph":[{"@type":"WebPage","@id":"https:\/\/zapateneo.net\/wordpress\/index.php\/producto\/trabajadores-del-mundo-unios-antologia-politica-de-la-primera-internacional\/","url":"https:\/\/zapateneo.net\/wordpress\/index.php\/producto\/trabajadores-del-mundo-unios-antologia-politica-de-la-primera-internacional\/","name":"\u00a1TRABAJADORES DEL MUNDO, UN\u00cdOS! Antolog\u00eda pol\u00edtica de la Primera Internacional &#8212; Zapateneo","isPartOf":{"@id":"https:\/\/zapateneo.net\/wordpress\/#website"},"primaryImageOfPage":{"@id":"https:\/\/zapateneo.net\/wordpress\/index.php\/producto\/trabajadores-del-mundo-unios-antologia-politica-de-la-primera-internacional\/#primaryimage"},"image":{"@id":"https:\/\/zapateneo.net\/wordpress\/index.php\/producto\/trabajadores-del-mundo-unios-antologia-politica-de-la-primera-internacional\/#primaryimage"},"thumbnailUrl":"https:\/\/zapateneo.net\/wordpress\/wp-content\/uploads\/2022\/05\/trabajadores-del-mundo-unios.jpg","datePublished":"2022-05-28T16:21:59+00:00","dateModified":"2022-05-28T16:22:05+00:00","breadcrumb":{"@id":"https:\/\/zapateneo.net\/wordpress\/index.php\/producto\/trabajadores-del-mundo-unios-antologia-politica-de-la-primera-internacional\/#breadcrumb"},"inLanguage":"es","potentialAction":[{"@type":"ReadAction","target":["https:\/\/zapateneo.net\/wordpress\/index.php\/producto\/trabajadores-del-mundo-unios-antologia-politica-de-la-primera-internacional\/"]}]},{"@type":"ImageObject","inLanguage":"es","@id":"https:\/\/zapateneo.net\/wordpress\/index.php\/producto\/trabajadores-del-mundo-unios-antologia-politica-de-la-primera-internacional\/#primaryimage","url":"https:\/\/zapateneo.net\/wordpress\/wp-content\/uploads\/2022\/05\/trabajadores-del-mundo-unios.jpg","contentUrl":"https:\/\/zapateneo.net\/wordpress\/wp-content\/uploads\/2022\/05\/trabajadores-del-mundo-unios.jpg","width":261,"height":400},{"@type":"BreadcrumbList","@id":"https:\/\/zapateneo.net\/wordpress\/index.php\/producto\/trabajadores-del-mundo-unios-antologia-politica-de-la-primera-internacional\/#breadcrumb","itemListElement":[{"@type":"ListItem","position":1,"name":"Portada","item":"https:\/\/zapateneo.net\/wordpress\/"},{"@type":"ListItem","position":2,"name":"Tienda","item":"https:\/\/zapateneo.net\/wordpress\/"},{"@type":"ListItem","position":3,"name":"\u00a1TRABAJADORES DEL MUNDO, UN\u00cdOS! Antolog\u00eda pol\u00edtica de la Primera Internacional"}]},{"@type":"WebSite","@id":"https:\/\/zapateneo.net\/wordpress\/#website","url":"https:\/\/zapateneo.net\/wordpress\/","name":"Zapateneo","description":"Zapateneoaren webgunea","publisher":{"@id":"https:\/\/zapateneo.net\/wordpress\/#organization"},"potentialAction":[{"@type":"SearchAction","target":{"@type":"EntryPoint","urlTemplate":"https:\/\/zapateneo.net\/wordpress\/?s={search_term_string}"},"query-input":{"@type":"PropertyValueSpecification","valueRequired":true,"valueName":"search_term_string"}}],"inLanguage":"es"},{"@type":"Organization","@id":"https:\/\/zapateneo.net\/wordpress\/#organization","name":"Zapateneo Kultur Elkartea","url":"https:\/\/zapateneo.net\/wordpress\/","logo":{"@type":"ImageObject","inLanguage":"es","@id":"https:\/\/zapateneo.net\/wordpress\/#\/schema\/logo\/image\/","url":"https:\/\/zapateneo.net\/wordpress\/wp-content\/uploads\/2021\/04\/zap-libu-kolec.jpg","contentUrl":"https:\/\/zapateneo.net\/wordpress\/wp-content\/uploads\/2021\/04\/zap-libu-kolec.jpg","width":2234,"height":398,"caption":"Zapateneo Kultur Elkartea"},"image":{"@id":"https:\/\/zapateneo.net\/wordpress\/#\/schema\/logo\/image\/"},"sameAs":["https:\/\/x.com\/zapateneo"]}]}},"_links":{"self":[{"href":"https:\/\/zapateneo.net\/wordpress\/index.php\/wp-json\/wp\/v2\/product\/11173","targetHints":{"allow":["GET"]}}],"collection":[{"href":"https:\/\/zapateneo.net\/wordpress\/index.php\/wp-json\/wp\/v2\/product"}],"about":[{"href":"https:\/\/zapateneo.net\/wordpress\/index.php\/wp-json\/wp\/v2\/types\/product"}],"wp:featuredmedia":[{"embeddable":true,"href":"https:\/\/zapateneo.net\/wordpress\/index.php\/wp-json\/wp\/v2\/media\/11192"}],"wp:attachment":[{"href":"https:\/\/zapateneo.net\/wordpress\/index.php\/wp-json\/wp\/v2\/media?parent=11173"}],"wp:term":[{"taxonomy":"product_brand","embeddable":true,"href":"https:\/\/zapateneo.net\/wordpress\/index.php\/wp-json\/wp\/v2\/product_brand?post=11173"},{"taxonomy":"product_cat","embeddable":true,"href":"https:\/\/zapateneo.net\/wordpress\/index.php\/wp-json\/wp\/v2\/product_cat?post=11173"},{"taxonomy":"product_tag","embeddable":true,"href":"https:\/\/zapateneo.net\/wordpress\/index.php\/wp-json\/wp\/v2\/product_tag?post=11173"}],"curies":[{"name":"wp","href":"https:\/\/api.w.org\/{rel}","templated":true}]}}