{"id":1117,"date":"2021-04-07T07:46:47","date_gmt":"2021-04-07T06:46:47","guid":{"rendered":"https:\/\/zapateneo.net\/wordpress\/?post_type=product&#038;p=1117"},"modified":"2023-04-11T19:09:32","modified_gmt":"2023-04-11T18:09:32","slug":"defensa-e-ilustracion-de-la-neolengua","status":"publish","type":"product","link":"https:\/\/zapateneo.net\/wordpress\/index.php\/producto\/defensa-e-ilustracion-de-la-neolengua\/","title":{"rendered":"Defensa e ilustraci\u00f3n de la neolengua"},"content":{"rendered":"<p><span><\/p>\n<p>&nbsp;<\/p>\n<p><span> <\/span><\/p>\n<p>&nbsp;<\/p>\n<p><span> <\/span><\/p>\n<p>&nbsp;<\/p>\n<p><span> <\/span><\/p>\n<p>&nbsp;<\/p>\n<p><span> <\/span><\/p>\n<p>&nbsp;<\/p>\n<p><span> <\/span><\/p>\n<p>&nbsp;<\/p>\n<p><span> <\/span><\/p>\n<p>&nbsp;<\/p>\n<div style=\"font-family: Times; font-size: medium;\">&laquo;&iquest;Conservar&iacute;an por mucho  tiempo los esquimales la gran cantidad de t&eacute;rminos de que disponen para  referirse a los distintos estados de la nieve, o los que tienen los  cabile&ntilde;os para diferenciar cada grado de maduraci&oacute;n de los higos, si  fueran trasladados de repente, los primeros a la Cabilia y los segundos a  Groenlandia?&raquo;, se pregunta Jaime Semprun, quien al emplear el t&eacute;rmino  orwelliano de &laquo;neolengua&raquo; alude a su sentido original, una  reorganizaci&oacute;n ling&uuml;&iacute;stica radical: &laquo;la extensi&oacute;n que doy al t&eacute;rmino  neolengua, que empleo para designar la lengua que nace hoy  espont&aacute;neamente del suelo convulsionado de la sociedad moderna,  corresponde a la que han alcanzado en nuestras vidas las exigencias del  \u00abmedio industrial\u00bb y de sus tecnolog&iacute;as&raquo;.<\/div>\n<div style=\"font-family: Times; font-size: medium;\">Semprun  explica que a la transformaci&oacute;n radical y universal de la vida por las  nuevas tecnolog&iacute;as corresponde necesariamente una lengua universal y  enteramente original. A la normalizaci&oacute;n tecnocient&iacute;fica y la igualaci&oacute;n  de la experiencia le sigue una depuraci&oacute;n de la lengua que se ve  descargada de la tarea de &laquo;expresar sentimientos que ya no  experimentamos y nociones que ya no concebimos&raquo;. La neolengua se  constituye entonces en la &laquo;lengua natural de un mundo cada d&iacute;a m&aacute;s  artificial&raquo;.<\/div>\n<div style=\"font-family: Times; font-size: medium;\"><\/div>\n<div style=\"font-family: Times; font-size: medium;\"><strong>Jaime Semprun <\/strong>(1947 &#8211; 2010), pensador y escritor franc&eacute;s dedicado  desde Mayo del 68 a la cr&iacute;tica social, su preocupaci&oacute;n fue hasta el  &uacute;ltimo momento evitar las sendas trilladas y los lugares comunes, y  reanudar una y otra vez, pese a los errores y las deficiencias de cada  momento, el empe&ntilde;o de transformar radicalmente esta sociedad. Prueba de  ello fue su labor en la revista <em>Encyclop&eacute;die des Nuisances<\/em> (1983-1992), que renov&oacute; el des&eacute;rtico panorama de la cr&iacute;tica radical en  los a&ntilde;os ochenta, pero que tanto ha tardado en conocerse entre nosotros.  La renuncia al legado m&aacute;s r&iacute;gido de los situacionistas, salvando alguno  de sus rasgos m&aacute;s saludables, dio paso a un cuestionamiento m&aacute;s hondo  del impulso autodestructivo de la sociedad industrial. Esta cr&iacute;tica  alcanzar&iacute;a la madurez con el nacimiento de las &Eacute;ditions de lEncylop&eacute;die  des Nuisances, que han seguido hasta hoy redescubriendo los ancestros  de esta oposici&oacute;n a la artificializaci&oacute;n (Chuang-tse, William Morris,  Bernard Charbonneau) y poniendo en evidencia las grietas de la supuesta  radicalidad contempor&aacute;nea. El mismo Semprun aportar&iacute;a a la editorial  algunas obras excelentes: los <em>Di&aacute;logos sobre la culminaci&oacute;n de los tiempos modernos, El abismo se repuebla, Apolog&iacute;a por la insurreci&oacute;n argelina, <\/em>o <em>Catastrofismo, administraci&oacute;n del desastre y sumisi&oacute;n sostenible<\/em>. En la actualidad, la editorial Pepitas de Calabaza prepara la publicaci&oacute;n de una antolog&iacute;a con sus textos m&aacute;s relevantes.<\/div>\n<p>&nbsp;<\/p>\n<p>&nbsp;<\/p>\n<p>&nbsp;<\/p>\n<p>&nbsp;<\/p>\n<p>&nbsp;<\/p>\n<p>&nbsp;<\/p>\n<p>&nbsp;<\/p>\n<p>&nbsp;<\/p>\n<p>&nbsp;<\/p>\n<p>&nbsp;<\/p>\n<p>&nbsp;<\/p>\n<p>&nbsp;<\/p>\n<p>&nbsp;<\/p>\n<p><\/span><\/p>\n","protected":false},"excerpt":{"rendered":"<p><strong>Semprun, Jaime<\/strong><br \/>\n2012121600050 &#8211; El Salm\u00f3n &#8211; 2012 &#8211; 141 p\u00e1ginas \/orri.<\/p>\n","protected":false},"featured_media":1167,"template":"","meta":[],"product_brand":[],"product_cat":[16,173],"product_tag":[443,6040],"class_list":{"0":"post-1117","1":"product","2":"type-product","3":"status-publish","4":"has-post-thumbnail","6":"product_cat-libros","7":"product_cat-saiakera-ensayo","8":"product_tag-ediciones-el-salmon","9":"product_tag-jaime-semprun","11":"first","12":"instock","13":"sold-individually","14":"shipping-taxable","15":"purchasable","16":"product-type-simple"},"yoast_head":"<!-- This site is optimized with the Yoast SEO plugin v27.3 - https:\/\/yoast.com\/product\/yoast-seo-wordpress\/ -->\n<title>Defensa e ilustraci\u00f3n de la neolengua &#8212; Zapateneo<\/title>\n<meta name=\"robots\" content=\"index, follow, max-snippet:-1, max-image-preview:large, max-video-preview:-1\" \/>\n<link rel=\"canonical\" href=\"https:\/\/zapateneo.net\/wordpress\/index.php\/producto\/defensa-e-ilustracion-de-la-neolengua\/\" \/>\n<meta property=\"og:locale\" content=\"es_ES\" \/>\n<meta property=\"og:type\" content=\"article\" \/>\n<meta property=\"og:title\" content=\"Defensa e ilustraci\u00f3n de la neolengua &#8212; Zapateneo\" \/>\n<meta property=\"og:description\" content=\"Semprun, Jaime 2012121600050 - El Salm\u00f3n - 2012 - 141 p\u00e1ginas \/orri.\" \/>\n<meta property=\"og:url\" content=\"https:\/\/zapateneo.net\/wordpress\/index.php\/producto\/defensa-e-ilustracion-de-la-neolengua\/\" \/>\n<meta property=\"og:site_name\" content=\"Zapateneo\" \/>\n<meta property=\"article:modified_time\" content=\"2023-04-11T18:09:32+00:00\" \/>\n<meta property=\"og:image\" content=\"https:\/\/zapateneo.net\/wordpress\/wp-content\/uploads\/2021\/04\/7408.jpg\" \/>\n\t<meta property=\"og:image:width\" content=\"207\" \/>\n\t<meta property=\"og:image:height\" content=\"320\" \/>\n\t<meta property=\"og:image:type\" content=\"image\/jpeg\" \/>\n<meta name=\"twitter:card\" content=\"summary_large_image\" \/>\n<meta name=\"twitter:site\" content=\"@zapateneo\" \/>\n<meta name=\"twitter:label1\" content=\"Tiempo de lectura\" \/>\n\t<meta name=\"twitter:data1\" content=\"3 minutos\" \/>\n<script type=\"application\/ld+json\" class=\"yoast-schema-graph\">{\"@context\":\"https:\\\/\\\/schema.org\",\"@graph\":[{\"@type\":\"WebPage\",\"@id\":\"https:\\\/\\\/zapateneo.net\\\/wordpress\\\/index.php\\\/producto\\\/defensa-e-ilustracion-de-la-neolengua\\\/\",\"url\":\"https:\\\/\\\/zapateneo.net\\\/wordpress\\\/index.php\\\/producto\\\/defensa-e-ilustracion-de-la-neolengua\\\/\",\"name\":\"Defensa e ilustraci\u00f3n de la neolengua &#8212; Zapateneo\",\"isPartOf\":{\"@id\":\"https:\\\/\\\/zapateneo.net\\\/wordpress\\\/#website\"},\"primaryImageOfPage\":{\"@id\":\"https:\\\/\\\/zapateneo.net\\\/wordpress\\\/index.php\\\/producto\\\/defensa-e-ilustracion-de-la-neolengua\\\/#primaryimage\"},\"image\":{\"@id\":\"https:\\\/\\\/zapateneo.net\\\/wordpress\\\/index.php\\\/producto\\\/defensa-e-ilustracion-de-la-neolengua\\\/#primaryimage\"},\"thumbnailUrl\":\"https:\\\/\\\/zapateneo.net\\\/wordpress\\\/wp-content\\\/uploads\\\/2021\\\/04\\\/7408.jpg\",\"datePublished\":\"2021-04-07T06:46:47+00:00\",\"dateModified\":\"2023-04-11T18:09:32+00:00\",\"breadcrumb\":{\"@id\":\"https:\\\/\\\/zapateneo.net\\\/wordpress\\\/index.php\\\/producto\\\/defensa-e-ilustracion-de-la-neolengua\\\/#breadcrumb\"},\"inLanguage\":\"es\",\"potentialAction\":[{\"@type\":\"ReadAction\",\"target\":[\"https:\\\/\\\/zapateneo.net\\\/wordpress\\\/index.php\\\/producto\\\/defensa-e-ilustracion-de-la-neolengua\\\/\"]}]},{\"@type\":\"ImageObject\",\"inLanguage\":\"es\",\"@id\":\"https:\\\/\\\/zapateneo.net\\\/wordpress\\\/index.php\\\/producto\\\/defensa-e-ilustracion-de-la-neolengua\\\/#primaryimage\",\"url\":\"https:\\\/\\\/zapateneo.net\\\/wordpress\\\/wp-content\\\/uploads\\\/2021\\\/04\\\/7408.jpg\",\"contentUrl\":\"https:\\\/\\\/zapateneo.net\\\/wordpress\\\/wp-content\\\/uploads\\\/2021\\\/04\\\/7408.jpg\",\"width\":207,\"height\":320},{\"@type\":\"BreadcrumbList\",\"@id\":\"https:\\\/\\\/zapateneo.net\\\/wordpress\\\/index.php\\\/producto\\\/defensa-e-ilustracion-de-la-neolengua\\\/#breadcrumb\",\"itemListElement\":[{\"@type\":\"ListItem\",\"position\":1,\"name\":\"Portada\",\"item\":\"https:\\\/\\\/zapateneo.net\\\/wordpress\\\/\"},{\"@type\":\"ListItem\",\"position\":2,\"name\":\"Tienda\",\"item\":\"https:\\\/\\\/zapateneo.net\\\/wordpress\\\/\"},{\"@type\":\"ListItem\",\"position\":3,\"name\":\"Defensa e ilustraci\u00f3n de la neolengua\"}]},{\"@type\":\"WebSite\",\"@id\":\"https:\\\/\\\/zapateneo.net\\\/wordpress\\\/#website\",\"url\":\"https:\\\/\\\/zapateneo.net\\\/wordpress\\\/\",\"name\":\"Zapateneo\",\"description\":\"Zapateneoaren webgunea\",\"publisher\":{\"@id\":\"https:\\\/\\\/zapateneo.net\\\/wordpress\\\/#organization\"},\"potentialAction\":[{\"@type\":\"SearchAction\",\"target\":{\"@type\":\"EntryPoint\",\"urlTemplate\":\"https:\\\/\\\/zapateneo.net\\\/wordpress\\\/?s={search_term_string}\"},\"query-input\":{\"@type\":\"PropertyValueSpecification\",\"valueRequired\":true,\"valueName\":\"search_term_string\"}}],\"inLanguage\":\"es\"},{\"@type\":\"Organization\",\"@id\":\"https:\\\/\\\/zapateneo.net\\\/wordpress\\\/#organization\",\"name\":\"Zapateneo Kultur Elkartea\",\"url\":\"https:\\\/\\\/zapateneo.net\\\/wordpress\\\/\",\"logo\":{\"@type\":\"ImageObject\",\"inLanguage\":\"es\",\"@id\":\"https:\\\/\\\/zapateneo.net\\\/wordpress\\\/#\\\/schema\\\/logo\\\/image\\\/\",\"url\":\"https:\\\/\\\/zapateneo.net\\\/wordpress\\\/wp-content\\\/uploads\\\/2021\\\/04\\\/zap-libu-kolec.jpg\",\"contentUrl\":\"https:\\\/\\\/zapateneo.net\\\/wordpress\\\/wp-content\\\/uploads\\\/2021\\\/04\\\/zap-libu-kolec.jpg\",\"width\":2234,\"height\":398,\"caption\":\"Zapateneo Kultur Elkartea\"},\"image\":{\"@id\":\"https:\\\/\\\/zapateneo.net\\\/wordpress\\\/#\\\/schema\\\/logo\\\/image\\\/\"},\"sameAs\":[\"https:\\\/\\\/x.com\\\/zapateneo\"]}]}<\/script>\n<!-- \/ Yoast SEO plugin. -->","yoast_head_json":{"title":"Defensa e ilustraci\u00f3n de la neolengua &#8212; Zapateneo","robots":{"index":"index","follow":"follow","max-snippet":"max-snippet:-1","max-image-preview":"max-image-preview:large","max-video-preview":"max-video-preview:-1"},"canonical":"https:\/\/zapateneo.net\/wordpress\/index.php\/producto\/defensa-e-ilustracion-de-la-neolengua\/","og_locale":"es_ES","og_type":"article","og_title":"Defensa e ilustraci\u00f3n de la neolengua &#8212; Zapateneo","og_description":"Semprun, Jaime 2012121600050 - El Salm\u00f3n - 2012 - 141 p\u00e1ginas \/orri.","og_url":"https:\/\/zapateneo.net\/wordpress\/index.php\/producto\/defensa-e-ilustracion-de-la-neolengua\/","og_site_name":"Zapateneo","article_modified_time":"2023-04-11T18:09:32+00:00","og_image":[{"width":207,"height":320,"url":"https:\/\/zapateneo.net\/wordpress\/wp-content\/uploads\/2021\/04\/7408.jpg","type":"image\/jpeg"}],"twitter_card":"summary_large_image","twitter_site":"@zapateneo","twitter_misc":{"Tiempo de lectura":"3 minutos"},"schema":{"@context":"https:\/\/schema.org","@graph":[{"@type":"WebPage","@id":"https:\/\/zapateneo.net\/wordpress\/index.php\/producto\/defensa-e-ilustracion-de-la-neolengua\/","url":"https:\/\/zapateneo.net\/wordpress\/index.php\/producto\/defensa-e-ilustracion-de-la-neolengua\/","name":"Defensa e ilustraci\u00f3n de la neolengua &#8212; Zapateneo","isPartOf":{"@id":"https:\/\/zapateneo.net\/wordpress\/#website"},"primaryImageOfPage":{"@id":"https:\/\/zapateneo.net\/wordpress\/index.php\/producto\/defensa-e-ilustracion-de-la-neolengua\/#primaryimage"},"image":{"@id":"https:\/\/zapateneo.net\/wordpress\/index.php\/producto\/defensa-e-ilustracion-de-la-neolengua\/#primaryimage"},"thumbnailUrl":"https:\/\/zapateneo.net\/wordpress\/wp-content\/uploads\/2021\/04\/7408.jpg","datePublished":"2021-04-07T06:46:47+00:00","dateModified":"2023-04-11T18:09:32+00:00","breadcrumb":{"@id":"https:\/\/zapateneo.net\/wordpress\/index.php\/producto\/defensa-e-ilustracion-de-la-neolengua\/#breadcrumb"},"inLanguage":"es","potentialAction":[{"@type":"ReadAction","target":["https:\/\/zapateneo.net\/wordpress\/index.php\/producto\/defensa-e-ilustracion-de-la-neolengua\/"]}]},{"@type":"ImageObject","inLanguage":"es","@id":"https:\/\/zapateneo.net\/wordpress\/index.php\/producto\/defensa-e-ilustracion-de-la-neolengua\/#primaryimage","url":"https:\/\/zapateneo.net\/wordpress\/wp-content\/uploads\/2021\/04\/7408.jpg","contentUrl":"https:\/\/zapateneo.net\/wordpress\/wp-content\/uploads\/2021\/04\/7408.jpg","width":207,"height":320},{"@type":"BreadcrumbList","@id":"https:\/\/zapateneo.net\/wordpress\/index.php\/producto\/defensa-e-ilustracion-de-la-neolengua\/#breadcrumb","itemListElement":[{"@type":"ListItem","position":1,"name":"Portada","item":"https:\/\/zapateneo.net\/wordpress\/"},{"@type":"ListItem","position":2,"name":"Tienda","item":"https:\/\/zapateneo.net\/wordpress\/"},{"@type":"ListItem","position":3,"name":"Defensa e ilustraci\u00f3n de la neolengua"}]},{"@type":"WebSite","@id":"https:\/\/zapateneo.net\/wordpress\/#website","url":"https:\/\/zapateneo.net\/wordpress\/","name":"Zapateneo","description":"Zapateneoaren webgunea","publisher":{"@id":"https:\/\/zapateneo.net\/wordpress\/#organization"},"potentialAction":[{"@type":"SearchAction","target":{"@type":"EntryPoint","urlTemplate":"https:\/\/zapateneo.net\/wordpress\/?s={search_term_string}"},"query-input":{"@type":"PropertyValueSpecification","valueRequired":true,"valueName":"search_term_string"}}],"inLanguage":"es"},{"@type":"Organization","@id":"https:\/\/zapateneo.net\/wordpress\/#organization","name":"Zapateneo Kultur Elkartea","url":"https:\/\/zapateneo.net\/wordpress\/","logo":{"@type":"ImageObject","inLanguage":"es","@id":"https:\/\/zapateneo.net\/wordpress\/#\/schema\/logo\/image\/","url":"https:\/\/zapateneo.net\/wordpress\/wp-content\/uploads\/2021\/04\/zap-libu-kolec.jpg","contentUrl":"https:\/\/zapateneo.net\/wordpress\/wp-content\/uploads\/2021\/04\/zap-libu-kolec.jpg","width":2234,"height":398,"caption":"Zapateneo Kultur Elkartea"},"image":{"@id":"https:\/\/zapateneo.net\/wordpress\/#\/schema\/logo\/image\/"},"sameAs":["https:\/\/x.com\/zapateneo"]}]}},"_links":{"self":[{"href":"https:\/\/zapateneo.net\/wordpress\/index.php\/wp-json\/wp\/v2\/product\/1117","targetHints":{"allow":["GET"]}}],"collection":[{"href":"https:\/\/zapateneo.net\/wordpress\/index.php\/wp-json\/wp\/v2\/product"}],"about":[{"href":"https:\/\/zapateneo.net\/wordpress\/index.php\/wp-json\/wp\/v2\/types\/product"}],"wp:featuredmedia":[{"embeddable":true,"href":"https:\/\/zapateneo.net\/wordpress\/index.php\/wp-json\/wp\/v2\/media\/1167"}],"wp:attachment":[{"href":"https:\/\/zapateneo.net\/wordpress\/index.php\/wp-json\/wp\/v2\/media?parent=1117"}],"wp:term":[{"taxonomy":"product_brand","embeddable":true,"href":"https:\/\/zapateneo.net\/wordpress\/index.php\/wp-json\/wp\/v2\/product_brand?post=1117"},{"taxonomy":"product_cat","embeddable":true,"href":"https:\/\/zapateneo.net\/wordpress\/index.php\/wp-json\/wp\/v2\/product_cat?post=1117"},{"taxonomy":"product_tag","embeddable":true,"href":"https:\/\/zapateneo.net\/wordpress\/index.php\/wp-json\/wp\/v2\/product_tag?post=1117"}],"curies":[{"name":"wp","href":"https:\/\/api.w.org\/{rel}","templated":true}]}}