{"id":1114,"date":"2021-04-07T07:46:47","date_gmt":"2021-04-07T06:46:47","guid":{"rendered":"https:\/\/zapateneo.net\/wordpress\/?post_type=product&#038;p=1114"},"modified":"2021-04-07T07:47:08","modified_gmt":"2021-04-07T06:47:08","slug":"ambivalencia-de-la-multitud-entre-la-innovacion-y-la-negatividad","status":"publish","type":"product","link":"https:\/\/zapateneo.net\/wordpress\/index.php\/producto\/ambivalencia-de-la-multitud-entre-la-innovacion-y-la-negatividad\/","title":{"rendered":"Ambivalencia de la multitud entre la innovaci\u00f3n y la negatividad"},"content":{"rendered":"<p>\u00abEstoy convencido de que la multitud es el modo de ser colectivo  caracterizado por el hecho de que todos los requisitos naturales de  nuestra especie adquieren una inmediata importancia pol&iacute;tica. Si se  habla de lenguaje verbal o de tiempo hist&oacute;rico es necesario asumir una  traves&iacute;a en el desierto en la que nos vamos a encontrar con paradojas y  con callejones sin salida, en la que vamos a perdernos en an&aacute;lisis  complicados que requieren instrumentos espec&iacute;ficos.<\/em><br \/> <em>Tan s&oacute;lo al final de un recorrido te&oacute;rico no poco tortuoso  -y&nbsp;precisamente&nbsp;gracias a eso- se descubre&nbsp;que&nbsp;los problemas m&aacute;s  enfrentados permiten comprender mejor -no&nbsp;metaf&oacute;ricamente,  sino&nbsp;literalmente- las acciones y las pasiones m&aacute;s actuales.<\/em><br \/><em>La  indagaci&oacute;n sobre la \u00abnaturaleza humana\u00bb concierne&nbsp;centralmente&nbsp;a la  lucha pol&iacute;tica. Los ensayos recogidos en este libro est&aacute;n&nbsp;dedicados&nbsp;a la  \u00abl&oacute;gica del cambio\u00bb y al llamado \u00abmal\u00bb: ambos t&eacute;rminos tienen su  referente carnal en la multitud&nbsp;postfordista. Se podr&iacute;a decir: la  multitud est&aacute;&nbsp;caracterizada&nbsp;por una fundamental oscilaci&oacute;n entre la  innovaci&oacute;n y la&nbsp;negatividad.\u00bb <\/em><strong>Paolo Virno<\/strong> naci&oacute; en N&aacute;poles en  1953. Particip&oacute; del \u00abmovimiento del 77\u00bb y es uno de los m&aacute;s activos  militantes de la tradici&oacute;n italiana de la autonom&iacute;a. Integrante de las  experiencias de Potere Operaio primero, y de Autonom&iacute;a Operaia luego.  Fue involucrado en el \u00abproceso del 7 de abril\u00bb, que llev&oacute; a decenas de  intelectuales militantes a la c&aacute;rcel y el exilio. En libertad en Italia  desde 1987 ha desarrollado una intensa labor de pensamiento, reflejada  en revistas como <em>Futur Ant&egrave;rieur<\/em>, <em>Luogo Comune<\/em> y <em>Derive Approdi<\/em>.  La influencia de esta actividad es f&aacute;cilmente reconocible en el  an&aacute;lisis de las transformaciones de las subjetividades productivas en el  posfordismo y en la recomposici&oacute;n de los movimientos sociales en  Italia. Entre sus libros se destacan <em>Convenzione e materialismo. L&rsquo;unicit&aacute; senza aura<\/em> (1986), <em>Mondanit&aacute;. L&rsquo;idea di \u00abmondo\u00bb tra esperienza sensibile e sfera pubblica<\/em> (1994), y los recientemente publicados en espa&ntilde;ol <em>Palabras con palabras. Poderes y l&iacute;mites del lenguaje<\/em> (1995), <em>El recuerdo del presente. Ensayo sobre el tiempo hist&oacute;rico<\/em> (1999), <em>Virtuosismo y revoluci&oacute;n <\/em>(2003)<em>, Gram&aacute;tica de la multitud<\/em> (2002) y <em>Cuando el verbo se hace carne. Lenguaje y naturaleza humana<\/em> (2004).<\/p>\n","protected":false},"excerpt":{"rendered":"<p><strong>Paolo Virno<\/strong><br \/>\n9789872518561 &#8211; Tinta Lim\u00f3n &#8211; 2011 &#8211; 78 p\u00e1ginas \/orri.<\/p>\n","protected":false},"featured_media":1144,"template":"","meta":[],"product_brand":[],"product_cat":[16,173],"product_tag":[926,660],"class_list":{"0":"post-1114","1":"product","2":"type-product","3":"status-publish","4":"has-post-thumbnail","6":"product_cat-libros","7":"product_cat-saiakera-ensayo","8":"product_tag-paolo-virno","9":"product_tag-tinta-limon","11":"first","12":"instock","13":"sold-individually","14":"shipping-taxable","15":"purchasable","16":"product-type-simple"},"yoast_head":"<!-- This site is optimized with the Yoast SEO plugin v27.3 - https:\/\/yoast.com\/product\/yoast-seo-wordpress\/ -->\n<title>Ambivalencia de la multitud entre la innovaci\u00f3n y la negatividad &#8212; Zapateneo<\/title>\n<meta name=\"robots\" content=\"index, follow, max-snippet:-1, max-image-preview:large, max-video-preview:-1\" \/>\n<link rel=\"canonical\" href=\"https:\/\/zapateneo.net\/wordpress\/index.php\/producto\/ambivalencia-de-la-multitud-entre-la-innovacion-y-la-negatividad\/\" \/>\n<meta property=\"og:locale\" content=\"es_ES\" \/>\n<meta property=\"og:type\" content=\"article\" \/>\n<meta property=\"og:title\" content=\"Ambivalencia de la multitud entre la innovaci\u00f3n y la negatividad &#8212; Zapateneo\" \/>\n<meta property=\"og:description\" content=\"Paolo Virno 9789872518561 - Tinta Lim\u00f3n - 2011 - 78 p\u00e1ginas \/orri.\" \/>\n<meta property=\"og:url\" content=\"https:\/\/zapateneo.net\/wordpress\/index.php\/producto\/ambivalencia-de-la-multitud-entre-la-innovacion-y-la-negatividad\/\" \/>\n<meta property=\"og:site_name\" content=\"Zapateneo\" \/>\n<meta property=\"article:modified_time\" content=\"2021-04-07T06:47:08+00:00\" \/>\n<meta property=\"og:image\" content=\"https:\/\/zapateneo.net\/wordpress\/wp-content\/uploads\/2021\/04\/7536.jpg\" \/>\n\t<meta property=\"og:image:width\" content=\"200\" \/>\n\t<meta property=\"og:image:height\" content=\"287\" \/>\n\t<meta property=\"og:image:type\" content=\"image\/jpeg\" \/>\n<meta name=\"twitter:card\" content=\"summary_large_image\" \/>\n<meta name=\"twitter:site\" content=\"@zapateneo\" \/>\n<meta name=\"twitter:label1\" content=\"Tiempo de lectura\" \/>\n\t<meta name=\"twitter:data1\" content=\"2 minutos\" \/>\n<script type=\"application\/ld+json\" class=\"yoast-schema-graph\">{\"@context\":\"https:\\\/\\\/schema.org\",\"@graph\":[{\"@type\":\"WebPage\",\"@id\":\"https:\\\/\\\/zapateneo.net\\\/wordpress\\\/index.php\\\/producto\\\/ambivalencia-de-la-multitud-entre-la-innovacion-y-la-negatividad\\\/\",\"url\":\"https:\\\/\\\/zapateneo.net\\\/wordpress\\\/index.php\\\/producto\\\/ambivalencia-de-la-multitud-entre-la-innovacion-y-la-negatividad\\\/\",\"name\":\"Ambivalencia de la multitud entre la innovaci\u00f3n y la negatividad &#8212; Zapateneo\",\"isPartOf\":{\"@id\":\"https:\\\/\\\/zapateneo.net\\\/wordpress\\\/#website\"},\"primaryImageOfPage\":{\"@id\":\"https:\\\/\\\/zapateneo.net\\\/wordpress\\\/index.php\\\/producto\\\/ambivalencia-de-la-multitud-entre-la-innovacion-y-la-negatividad\\\/#primaryimage\"},\"image\":{\"@id\":\"https:\\\/\\\/zapateneo.net\\\/wordpress\\\/index.php\\\/producto\\\/ambivalencia-de-la-multitud-entre-la-innovacion-y-la-negatividad\\\/#primaryimage\"},\"thumbnailUrl\":\"https:\\\/\\\/zapateneo.net\\\/wordpress\\\/wp-content\\\/uploads\\\/2021\\\/04\\\/7536.jpg\",\"datePublished\":\"2021-04-07T06:46:47+00:00\",\"dateModified\":\"2021-04-07T06:47:08+00:00\",\"breadcrumb\":{\"@id\":\"https:\\\/\\\/zapateneo.net\\\/wordpress\\\/index.php\\\/producto\\\/ambivalencia-de-la-multitud-entre-la-innovacion-y-la-negatividad\\\/#breadcrumb\"},\"inLanguage\":\"es\",\"potentialAction\":[{\"@type\":\"ReadAction\",\"target\":[\"https:\\\/\\\/zapateneo.net\\\/wordpress\\\/index.php\\\/producto\\\/ambivalencia-de-la-multitud-entre-la-innovacion-y-la-negatividad\\\/\"]}]},{\"@type\":\"ImageObject\",\"inLanguage\":\"es\",\"@id\":\"https:\\\/\\\/zapateneo.net\\\/wordpress\\\/index.php\\\/producto\\\/ambivalencia-de-la-multitud-entre-la-innovacion-y-la-negatividad\\\/#primaryimage\",\"url\":\"https:\\\/\\\/zapateneo.net\\\/wordpress\\\/wp-content\\\/uploads\\\/2021\\\/04\\\/7536.jpg\",\"contentUrl\":\"https:\\\/\\\/zapateneo.net\\\/wordpress\\\/wp-content\\\/uploads\\\/2021\\\/04\\\/7536.jpg\",\"width\":200,\"height\":287},{\"@type\":\"BreadcrumbList\",\"@id\":\"https:\\\/\\\/zapateneo.net\\\/wordpress\\\/index.php\\\/producto\\\/ambivalencia-de-la-multitud-entre-la-innovacion-y-la-negatividad\\\/#breadcrumb\",\"itemListElement\":[{\"@type\":\"ListItem\",\"position\":1,\"name\":\"Portada\",\"item\":\"https:\\\/\\\/zapateneo.net\\\/wordpress\\\/\"},{\"@type\":\"ListItem\",\"position\":2,\"name\":\"Tienda\",\"item\":\"https:\\\/\\\/zapateneo.net\\\/wordpress\\\/\"},{\"@type\":\"ListItem\",\"position\":3,\"name\":\"Ambivalencia de la multitud entre la innovaci\u00f3n y la negatividad\"}]},{\"@type\":\"WebSite\",\"@id\":\"https:\\\/\\\/zapateneo.net\\\/wordpress\\\/#website\",\"url\":\"https:\\\/\\\/zapateneo.net\\\/wordpress\\\/\",\"name\":\"Zapateneo\",\"description\":\"Zapateneoaren webgunea\",\"publisher\":{\"@id\":\"https:\\\/\\\/zapateneo.net\\\/wordpress\\\/#organization\"},\"potentialAction\":[{\"@type\":\"SearchAction\",\"target\":{\"@type\":\"EntryPoint\",\"urlTemplate\":\"https:\\\/\\\/zapateneo.net\\\/wordpress\\\/?s={search_term_string}\"},\"query-input\":{\"@type\":\"PropertyValueSpecification\",\"valueRequired\":true,\"valueName\":\"search_term_string\"}}],\"inLanguage\":\"es\"},{\"@type\":\"Organization\",\"@id\":\"https:\\\/\\\/zapateneo.net\\\/wordpress\\\/#organization\",\"name\":\"Zapateneo Kultur Elkartea\",\"url\":\"https:\\\/\\\/zapateneo.net\\\/wordpress\\\/\",\"logo\":{\"@type\":\"ImageObject\",\"inLanguage\":\"es\",\"@id\":\"https:\\\/\\\/zapateneo.net\\\/wordpress\\\/#\\\/schema\\\/logo\\\/image\\\/\",\"url\":\"https:\\\/\\\/zapateneo.net\\\/wordpress\\\/wp-content\\\/uploads\\\/2021\\\/04\\\/zap-libu-kolec.jpg\",\"contentUrl\":\"https:\\\/\\\/zapateneo.net\\\/wordpress\\\/wp-content\\\/uploads\\\/2021\\\/04\\\/zap-libu-kolec.jpg\",\"width\":2234,\"height\":398,\"caption\":\"Zapateneo Kultur Elkartea\"},\"image\":{\"@id\":\"https:\\\/\\\/zapateneo.net\\\/wordpress\\\/#\\\/schema\\\/logo\\\/image\\\/\"},\"sameAs\":[\"https:\\\/\\\/x.com\\\/zapateneo\"]}]}<\/script>\n<!-- \/ Yoast SEO plugin. -->","yoast_head_json":{"title":"Ambivalencia de la multitud entre la innovaci\u00f3n y la negatividad &#8212; Zapateneo","robots":{"index":"index","follow":"follow","max-snippet":"max-snippet:-1","max-image-preview":"max-image-preview:large","max-video-preview":"max-video-preview:-1"},"canonical":"https:\/\/zapateneo.net\/wordpress\/index.php\/producto\/ambivalencia-de-la-multitud-entre-la-innovacion-y-la-negatividad\/","og_locale":"es_ES","og_type":"article","og_title":"Ambivalencia de la multitud entre la innovaci\u00f3n y la negatividad &#8212; Zapateneo","og_description":"Paolo Virno 9789872518561 - Tinta Lim\u00f3n - 2011 - 78 p\u00e1ginas \/orri.","og_url":"https:\/\/zapateneo.net\/wordpress\/index.php\/producto\/ambivalencia-de-la-multitud-entre-la-innovacion-y-la-negatividad\/","og_site_name":"Zapateneo","article_modified_time":"2021-04-07T06:47:08+00:00","og_image":[{"width":200,"height":287,"url":"https:\/\/zapateneo.net\/wordpress\/wp-content\/uploads\/2021\/04\/7536.jpg","type":"image\/jpeg"}],"twitter_card":"summary_large_image","twitter_site":"@zapateneo","twitter_misc":{"Tiempo de lectura":"2 minutos"},"schema":{"@context":"https:\/\/schema.org","@graph":[{"@type":"WebPage","@id":"https:\/\/zapateneo.net\/wordpress\/index.php\/producto\/ambivalencia-de-la-multitud-entre-la-innovacion-y-la-negatividad\/","url":"https:\/\/zapateneo.net\/wordpress\/index.php\/producto\/ambivalencia-de-la-multitud-entre-la-innovacion-y-la-negatividad\/","name":"Ambivalencia de la multitud entre la innovaci\u00f3n y la negatividad &#8212; Zapateneo","isPartOf":{"@id":"https:\/\/zapateneo.net\/wordpress\/#website"},"primaryImageOfPage":{"@id":"https:\/\/zapateneo.net\/wordpress\/index.php\/producto\/ambivalencia-de-la-multitud-entre-la-innovacion-y-la-negatividad\/#primaryimage"},"image":{"@id":"https:\/\/zapateneo.net\/wordpress\/index.php\/producto\/ambivalencia-de-la-multitud-entre-la-innovacion-y-la-negatividad\/#primaryimage"},"thumbnailUrl":"https:\/\/zapateneo.net\/wordpress\/wp-content\/uploads\/2021\/04\/7536.jpg","datePublished":"2021-04-07T06:46:47+00:00","dateModified":"2021-04-07T06:47:08+00:00","breadcrumb":{"@id":"https:\/\/zapateneo.net\/wordpress\/index.php\/producto\/ambivalencia-de-la-multitud-entre-la-innovacion-y-la-negatividad\/#breadcrumb"},"inLanguage":"es","potentialAction":[{"@type":"ReadAction","target":["https:\/\/zapateneo.net\/wordpress\/index.php\/producto\/ambivalencia-de-la-multitud-entre-la-innovacion-y-la-negatividad\/"]}]},{"@type":"ImageObject","inLanguage":"es","@id":"https:\/\/zapateneo.net\/wordpress\/index.php\/producto\/ambivalencia-de-la-multitud-entre-la-innovacion-y-la-negatividad\/#primaryimage","url":"https:\/\/zapateneo.net\/wordpress\/wp-content\/uploads\/2021\/04\/7536.jpg","contentUrl":"https:\/\/zapateneo.net\/wordpress\/wp-content\/uploads\/2021\/04\/7536.jpg","width":200,"height":287},{"@type":"BreadcrumbList","@id":"https:\/\/zapateneo.net\/wordpress\/index.php\/producto\/ambivalencia-de-la-multitud-entre-la-innovacion-y-la-negatividad\/#breadcrumb","itemListElement":[{"@type":"ListItem","position":1,"name":"Portada","item":"https:\/\/zapateneo.net\/wordpress\/"},{"@type":"ListItem","position":2,"name":"Tienda","item":"https:\/\/zapateneo.net\/wordpress\/"},{"@type":"ListItem","position":3,"name":"Ambivalencia de la multitud entre la innovaci\u00f3n y la negatividad"}]},{"@type":"WebSite","@id":"https:\/\/zapateneo.net\/wordpress\/#website","url":"https:\/\/zapateneo.net\/wordpress\/","name":"Zapateneo","description":"Zapateneoaren webgunea","publisher":{"@id":"https:\/\/zapateneo.net\/wordpress\/#organization"},"potentialAction":[{"@type":"SearchAction","target":{"@type":"EntryPoint","urlTemplate":"https:\/\/zapateneo.net\/wordpress\/?s={search_term_string}"},"query-input":{"@type":"PropertyValueSpecification","valueRequired":true,"valueName":"search_term_string"}}],"inLanguage":"es"},{"@type":"Organization","@id":"https:\/\/zapateneo.net\/wordpress\/#organization","name":"Zapateneo Kultur Elkartea","url":"https:\/\/zapateneo.net\/wordpress\/","logo":{"@type":"ImageObject","inLanguage":"es","@id":"https:\/\/zapateneo.net\/wordpress\/#\/schema\/logo\/image\/","url":"https:\/\/zapateneo.net\/wordpress\/wp-content\/uploads\/2021\/04\/zap-libu-kolec.jpg","contentUrl":"https:\/\/zapateneo.net\/wordpress\/wp-content\/uploads\/2021\/04\/zap-libu-kolec.jpg","width":2234,"height":398,"caption":"Zapateneo Kultur Elkartea"},"image":{"@id":"https:\/\/zapateneo.net\/wordpress\/#\/schema\/logo\/image\/"},"sameAs":["https:\/\/x.com\/zapateneo"]}]}},"_links":{"self":[{"href":"https:\/\/zapateneo.net\/wordpress\/index.php\/wp-json\/wp\/v2\/product\/1114","targetHints":{"allow":["GET"]}}],"collection":[{"href":"https:\/\/zapateneo.net\/wordpress\/index.php\/wp-json\/wp\/v2\/product"}],"about":[{"href":"https:\/\/zapateneo.net\/wordpress\/index.php\/wp-json\/wp\/v2\/types\/product"}],"wp:featuredmedia":[{"embeddable":true,"href":"https:\/\/zapateneo.net\/wordpress\/index.php\/wp-json\/wp\/v2\/media\/1144"}],"wp:attachment":[{"href":"https:\/\/zapateneo.net\/wordpress\/index.php\/wp-json\/wp\/v2\/media?parent=1114"}],"wp:term":[{"taxonomy":"product_brand","embeddable":true,"href":"https:\/\/zapateneo.net\/wordpress\/index.php\/wp-json\/wp\/v2\/product_brand?post=1114"},{"taxonomy":"product_cat","embeddable":true,"href":"https:\/\/zapateneo.net\/wordpress\/index.php\/wp-json\/wp\/v2\/product_cat?post=1114"},{"taxonomy":"product_tag","embeddable":true,"href":"https:\/\/zapateneo.net\/wordpress\/index.php\/wp-json\/wp\/v2\/product_tag?post=1114"}],"curies":[{"name":"wp","href":"https:\/\/api.w.org\/{rel}","templated":true}]}}