{"id":11128,"date":"2022-05-26T18:23:46","date_gmt":"2022-05-26T17:23:46","guid":{"rendered":"https:\/\/zapateneo.net\/wordpress\/?post_type=product&#038;p=11128"},"modified":"2022-05-26T18:23:55","modified_gmt":"2022-05-26T17:23:55","slug":"el-hombre-transparente-como-el-mundo-real-acabo-convertido-en-big-data","status":"publish","type":"product","link":"https:\/\/zapateneo.net\/wordpress\/index.php\/producto\/el-hombre-transparente-como-el-mundo-real-acabo-convertido-en-big-data\/","title":{"rendered":"EL HOMBRE TRANSPARENTE C\u00f3mo el \u00abmundo real\u00bb acab\u00f3 convertido en big data"},"content":{"rendered":"<p>Nuestra \u00e9poca resulta f\u00e9rtil en mitos. La Gran Singularidad, el crecimiento exponencial, el narcisismo o la viralidad podr\u00edan ser algunos de los m\u00e1s relevantes. La escisi\u00f3n entre el mundo de las cosas y de las personas, entre la tecnolog\u00eda y la sociedad, resulta s\u00f3lo aparente. La transparencia podr\u00eda ser la ideolog\u00eda predominante en nuestro tiempo, la piedra de Rosetta que sirviese para traducir las din\u00e1micas a las que obedecen esos continentes aparentemente desconectados. Las tecnolog\u00edas de la informaci\u00f3n y sus inmediatas consecuencias, las redes sociales, las plataformas de entretenimiento, la Inteligencia Artificial y el big data suponen una revisi\u00f3n y un cambio en el modo en el que entendemos aquello que nos rodea, en nuestra comprensi\u00f3n y uso del tiempo, as\u00ed como en la manera en la que nos vemos a nosotros mismos. Asistimos, cautivados y temerosos a un tiempo, a las modificaciones que se producen en el \u00e1mbito de la educaci\u00f3n, la pol\u00edtica, el sexo, la sociolog\u00eda o la psicolog\u00eda. Ni siquiera el inconsciente queda a salvo de estas tecnolog\u00edas que parecen apropiarse de lo m\u00e1s \u00edntimo: nuestro deseo. Si el capitalismo siempre se bas\u00f3 en ese fantasma psicol\u00f3gico que es el individuo aut\u00f3nomo (libre para elegir entre las mercanc\u00edas que el mercado pon\u00eda a su disposici\u00f3n), tal vez ha llegado el momento en el que la propuesta capitalista resida en la delegaci\u00f3n de esa libertad, ya no en arraigadas tradiciones culturales o religiosas (contra las que se levant\u00f3 el proyecto ilustrado), sino en procesos de naturaleza algor\u00edtmica. A ese ser humano desprovisto voluntariamente de opacidad frente a la ambici\u00f3n extractiva de datos por parte de las redes y plataformas, dimisionario de lo pol\u00edtico, mero interfaz\/transmisor de la comunicaci\u00f3n digital, es a lo que hemos dado en llamar hombre transparente.<\/p>\n","protected":false},"excerpt":{"rendered":"<p><strong>Javier Moreno<\/strong><br \/>\n9788446051503 &#8211; Akal &#8211; 2022 &#8211; 336 p\u00e1ginas \/orri.<\/p>\n","protected":false},"featured_media":11142,"template":"","meta":[],"product_brand":[],"product_cat":[16,173],"product_tag":[437,5598],"class_list":{"0":"post-11128","1":"product","2":"type-product","3":"status-publish","4":"has-post-thumbnail","6":"product_cat-libros","7":"product_cat-saiakera-ensayo","8":"product_tag-akal","9":"product_tag-javier-moreno","11":"first","12":"instock","13":"sold-individually","14":"shipping-taxable","15":"purchasable","16":"product-type-simple"},"yoast_head":"<!-- This site is optimized with the Yoast SEO plugin v27.3 - https:\/\/yoast.com\/product\/yoast-seo-wordpress\/ -->\n<title>EL HOMBRE TRANSPARENTE C\u00f3mo el &quot;mundo real&quot; acab\u00f3 convertido en big data &#8212; Zapateneo<\/title>\n<meta name=\"robots\" content=\"index, follow, max-snippet:-1, max-image-preview:large, max-video-preview:-1\" \/>\n<link rel=\"canonical\" href=\"https:\/\/zapateneo.net\/wordpress\/index.php\/producto\/el-hombre-transparente-como-el-mundo-real-acabo-convertido-en-big-data\/\" \/>\n<meta property=\"og:locale\" content=\"es_ES\" \/>\n<meta property=\"og:type\" content=\"article\" \/>\n<meta property=\"og:title\" content=\"EL HOMBRE TRANSPARENTE C\u00f3mo el &quot;mundo real&quot; acab\u00f3 convertido en big data &#8212; Zapateneo\" \/>\n<meta property=\"og:description\" content=\"Javier Moreno 9788446051503 - Akal - 2022 - 336 p\u00e1ginas \/orri.\" \/>\n<meta property=\"og:url\" content=\"https:\/\/zapateneo.net\/wordpress\/index.php\/producto\/el-hombre-transparente-como-el-mundo-real-acabo-convertido-en-big-data\/\" \/>\n<meta property=\"og:site_name\" content=\"Zapateneo\" \/>\n<meta property=\"article:modified_time\" content=\"2022-05-26T17:23:55+00:00\" \/>\n<meta name=\"twitter:card\" content=\"summary_large_image\" \/>\n<meta name=\"twitter:site\" content=\"@zapateneo\" \/>\n<meta name=\"twitter:label1\" content=\"Tiempo de lectura\" \/>\n\t<meta name=\"twitter:data1\" content=\"2 minutos\" \/>\n<script type=\"application\/ld+json\" class=\"yoast-schema-graph\">{\"@context\":\"https:\\\/\\\/schema.org\",\"@graph\":[{\"@type\":\"WebPage\",\"@id\":\"https:\\\/\\\/zapateneo.net\\\/wordpress\\\/index.php\\\/producto\\\/el-hombre-transparente-como-el-mundo-real-acabo-convertido-en-big-data\\\/\",\"url\":\"https:\\\/\\\/zapateneo.net\\\/wordpress\\\/index.php\\\/producto\\\/el-hombre-transparente-como-el-mundo-real-acabo-convertido-en-big-data\\\/\",\"name\":\"EL HOMBRE TRANSPARENTE C\u00f3mo el \\\"mundo real\\\" acab\u00f3 convertido en big data &#8212; Zapateneo\",\"isPartOf\":{\"@id\":\"https:\\\/\\\/zapateneo.net\\\/wordpress\\\/#website\"},\"primaryImageOfPage\":{\"@id\":\"https:\\\/\\\/zapateneo.net\\\/wordpress\\\/index.php\\\/producto\\\/el-hombre-transparente-como-el-mundo-real-acabo-convertido-en-big-data\\\/#primaryimage\"},\"image\":{\"@id\":\"https:\\\/\\\/zapateneo.net\\\/wordpress\\\/index.php\\\/producto\\\/el-hombre-transparente-como-el-mundo-real-acabo-convertido-en-big-data\\\/#primaryimage\"},\"thumbnailUrl\":\"https:\\\/\\\/zapateneo.net\\\/wordpress\\\/wp-content\\\/uploads\\\/2022\\\/05\\\/el-hombre-transparente.jpg\",\"datePublished\":\"2022-05-26T17:23:46+00:00\",\"dateModified\":\"2022-05-26T17:23:55+00:00\",\"breadcrumb\":{\"@id\":\"https:\\\/\\\/zapateneo.net\\\/wordpress\\\/index.php\\\/producto\\\/el-hombre-transparente-como-el-mundo-real-acabo-convertido-en-big-data\\\/#breadcrumb\"},\"inLanguage\":\"es\",\"potentialAction\":[{\"@type\":\"ReadAction\",\"target\":[\"https:\\\/\\\/zapateneo.net\\\/wordpress\\\/index.php\\\/producto\\\/el-hombre-transparente-como-el-mundo-real-acabo-convertido-en-big-data\\\/\"]}]},{\"@type\":\"ImageObject\",\"inLanguage\":\"es\",\"@id\":\"https:\\\/\\\/zapateneo.net\\\/wordpress\\\/index.php\\\/producto\\\/el-hombre-transparente-como-el-mundo-real-acabo-convertido-en-big-data\\\/#primaryimage\",\"url\":\"https:\\\/\\\/zapateneo.net\\\/wordpress\\\/wp-content\\\/uploads\\\/2022\\\/05\\\/el-hombre-transparente.jpg\",\"contentUrl\":\"https:\\\/\\\/zapateneo.net\\\/wordpress\\\/wp-content\\\/uploads\\\/2022\\\/05\\\/el-hombre-transparente.jpg\",\"width\":257,\"height\":400},{\"@type\":\"BreadcrumbList\",\"@id\":\"https:\\\/\\\/zapateneo.net\\\/wordpress\\\/index.php\\\/producto\\\/el-hombre-transparente-como-el-mundo-real-acabo-convertido-en-big-data\\\/#breadcrumb\",\"itemListElement\":[{\"@type\":\"ListItem\",\"position\":1,\"name\":\"Portada\",\"item\":\"https:\\\/\\\/zapateneo.net\\\/wordpress\\\/\"},{\"@type\":\"ListItem\",\"position\":2,\"name\":\"Tienda\",\"item\":\"https:\\\/\\\/zapateneo.net\\\/wordpress\\\/\"},{\"@type\":\"ListItem\",\"position\":3,\"name\":\"EL HOMBRE TRANSPARENTE C\u00f3mo el \u00abmundo real\u00bb acab\u00f3 convertido en big data\"}]},{\"@type\":\"WebSite\",\"@id\":\"https:\\\/\\\/zapateneo.net\\\/wordpress\\\/#website\",\"url\":\"https:\\\/\\\/zapateneo.net\\\/wordpress\\\/\",\"name\":\"Zapateneo\",\"description\":\"Zapateneoaren webgunea\",\"publisher\":{\"@id\":\"https:\\\/\\\/zapateneo.net\\\/wordpress\\\/#organization\"},\"potentialAction\":[{\"@type\":\"SearchAction\",\"target\":{\"@type\":\"EntryPoint\",\"urlTemplate\":\"https:\\\/\\\/zapateneo.net\\\/wordpress\\\/?s={search_term_string}\"},\"query-input\":{\"@type\":\"PropertyValueSpecification\",\"valueRequired\":true,\"valueName\":\"search_term_string\"}}],\"inLanguage\":\"es\"},{\"@type\":\"Organization\",\"@id\":\"https:\\\/\\\/zapateneo.net\\\/wordpress\\\/#organization\",\"name\":\"Zapateneo Kultur Elkartea\",\"url\":\"https:\\\/\\\/zapateneo.net\\\/wordpress\\\/\",\"logo\":{\"@type\":\"ImageObject\",\"inLanguage\":\"es\",\"@id\":\"https:\\\/\\\/zapateneo.net\\\/wordpress\\\/#\\\/schema\\\/logo\\\/image\\\/\",\"url\":\"https:\\\/\\\/zapateneo.net\\\/wordpress\\\/wp-content\\\/uploads\\\/2021\\\/04\\\/zap-libu-kolec.jpg\",\"contentUrl\":\"https:\\\/\\\/zapateneo.net\\\/wordpress\\\/wp-content\\\/uploads\\\/2021\\\/04\\\/zap-libu-kolec.jpg\",\"width\":2234,\"height\":398,\"caption\":\"Zapateneo Kultur Elkartea\"},\"image\":{\"@id\":\"https:\\\/\\\/zapateneo.net\\\/wordpress\\\/#\\\/schema\\\/logo\\\/image\\\/\"},\"sameAs\":[\"https:\\\/\\\/x.com\\\/zapateneo\"]}]}<\/script>\n<!-- \/ Yoast SEO plugin. -->","yoast_head_json":{"title":"EL HOMBRE TRANSPARENTE C\u00f3mo el \"mundo real\" acab\u00f3 convertido en big data &#8212; Zapateneo","robots":{"index":"index","follow":"follow","max-snippet":"max-snippet:-1","max-image-preview":"max-image-preview:large","max-video-preview":"max-video-preview:-1"},"canonical":"https:\/\/zapateneo.net\/wordpress\/index.php\/producto\/el-hombre-transparente-como-el-mundo-real-acabo-convertido-en-big-data\/","og_locale":"es_ES","og_type":"article","og_title":"EL HOMBRE TRANSPARENTE C\u00f3mo el \"mundo real\" acab\u00f3 convertido en big data &#8212; Zapateneo","og_description":"Javier Moreno 9788446051503 - Akal - 2022 - 336 p\u00e1ginas \/orri.","og_url":"https:\/\/zapateneo.net\/wordpress\/index.php\/producto\/el-hombre-transparente-como-el-mundo-real-acabo-convertido-en-big-data\/","og_site_name":"Zapateneo","article_modified_time":"2022-05-26T17:23:55+00:00","twitter_card":"summary_large_image","twitter_site":"@zapateneo","twitter_misc":{"Tiempo de lectura":"2 minutos"},"schema":{"@context":"https:\/\/schema.org","@graph":[{"@type":"WebPage","@id":"https:\/\/zapateneo.net\/wordpress\/index.php\/producto\/el-hombre-transparente-como-el-mundo-real-acabo-convertido-en-big-data\/","url":"https:\/\/zapateneo.net\/wordpress\/index.php\/producto\/el-hombre-transparente-como-el-mundo-real-acabo-convertido-en-big-data\/","name":"EL HOMBRE TRANSPARENTE C\u00f3mo el \"mundo real\" acab\u00f3 convertido en big data &#8212; Zapateneo","isPartOf":{"@id":"https:\/\/zapateneo.net\/wordpress\/#website"},"primaryImageOfPage":{"@id":"https:\/\/zapateneo.net\/wordpress\/index.php\/producto\/el-hombre-transparente-como-el-mundo-real-acabo-convertido-en-big-data\/#primaryimage"},"image":{"@id":"https:\/\/zapateneo.net\/wordpress\/index.php\/producto\/el-hombre-transparente-como-el-mundo-real-acabo-convertido-en-big-data\/#primaryimage"},"thumbnailUrl":"https:\/\/zapateneo.net\/wordpress\/wp-content\/uploads\/2022\/05\/el-hombre-transparente.jpg","datePublished":"2022-05-26T17:23:46+00:00","dateModified":"2022-05-26T17:23:55+00:00","breadcrumb":{"@id":"https:\/\/zapateneo.net\/wordpress\/index.php\/producto\/el-hombre-transparente-como-el-mundo-real-acabo-convertido-en-big-data\/#breadcrumb"},"inLanguage":"es","potentialAction":[{"@type":"ReadAction","target":["https:\/\/zapateneo.net\/wordpress\/index.php\/producto\/el-hombre-transparente-como-el-mundo-real-acabo-convertido-en-big-data\/"]}]},{"@type":"ImageObject","inLanguage":"es","@id":"https:\/\/zapateneo.net\/wordpress\/index.php\/producto\/el-hombre-transparente-como-el-mundo-real-acabo-convertido-en-big-data\/#primaryimage","url":"https:\/\/zapateneo.net\/wordpress\/wp-content\/uploads\/2022\/05\/el-hombre-transparente.jpg","contentUrl":"https:\/\/zapateneo.net\/wordpress\/wp-content\/uploads\/2022\/05\/el-hombre-transparente.jpg","width":257,"height":400},{"@type":"BreadcrumbList","@id":"https:\/\/zapateneo.net\/wordpress\/index.php\/producto\/el-hombre-transparente-como-el-mundo-real-acabo-convertido-en-big-data\/#breadcrumb","itemListElement":[{"@type":"ListItem","position":1,"name":"Portada","item":"https:\/\/zapateneo.net\/wordpress\/"},{"@type":"ListItem","position":2,"name":"Tienda","item":"https:\/\/zapateneo.net\/wordpress\/"},{"@type":"ListItem","position":3,"name":"EL HOMBRE TRANSPARENTE C\u00f3mo el \u00abmundo real\u00bb acab\u00f3 convertido en big data"}]},{"@type":"WebSite","@id":"https:\/\/zapateneo.net\/wordpress\/#website","url":"https:\/\/zapateneo.net\/wordpress\/","name":"Zapateneo","description":"Zapateneoaren webgunea","publisher":{"@id":"https:\/\/zapateneo.net\/wordpress\/#organization"},"potentialAction":[{"@type":"SearchAction","target":{"@type":"EntryPoint","urlTemplate":"https:\/\/zapateneo.net\/wordpress\/?s={search_term_string}"},"query-input":{"@type":"PropertyValueSpecification","valueRequired":true,"valueName":"search_term_string"}}],"inLanguage":"es"},{"@type":"Organization","@id":"https:\/\/zapateneo.net\/wordpress\/#organization","name":"Zapateneo Kultur Elkartea","url":"https:\/\/zapateneo.net\/wordpress\/","logo":{"@type":"ImageObject","inLanguage":"es","@id":"https:\/\/zapateneo.net\/wordpress\/#\/schema\/logo\/image\/","url":"https:\/\/zapateneo.net\/wordpress\/wp-content\/uploads\/2021\/04\/zap-libu-kolec.jpg","contentUrl":"https:\/\/zapateneo.net\/wordpress\/wp-content\/uploads\/2021\/04\/zap-libu-kolec.jpg","width":2234,"height":398,"caption":"Zapateneo Kultur Elkartea"},"image":{"@id":"https:\/\/zapateneo.net\/wordpress\/#\/schema\/logo\/image\/"},"sameAs":["https:\/\/x.com\/zapateneo"]}]}},"_links":{"self":[{"href":"https:\/\/zapateneo.net\/wordpress\/index.php\/wp-json\/wp\/v2\/product\/11128","targetHints":{"allow":["GET"]}}],"collection":[{"href":"https:\/\/zapateneo.net\/wordpress\/index.php\/wp-json\/wp\/v2\/product"}],"about":[{"href":"https:\/\/zapateneo.net\/wordpress\/index.php\/wp-json\/wp\/v2\/types\/product"}],"wp:featuredmedia":[{"embeddable":true,"href":"https:\/\/zapateneo.net\/wordpress\/index.php\/wp-json\/wp\/v2\/media\/11142"}],"wp:attachment":[{"href":"https:\/\/zapateneo.net\/wordpress\/index.php\/wp-json\/wp\/v2\/media?parent=11128"}],"wp:term":[{"taxonomy":"product_brand","embeddable":true,"href":"https:\/\/zapateneo.net\/wordpress\/index.php\/wp-json\/wp\/v2\/product_brand?post=11128"},{"taxonomy":"product_cat","embeddable":true,"href":"https:\/\/zapateneo.net\/wordpress\/index.php\/wp-json\/wp\/v2\/product_cat?post=11128"},{"taxonomy":"product_tag","embeddable":true,"href":"https:\/\/zapateneo.net\/wordpress\/index.php\/wp-json\/wp\/v2\/product_tag?post=11128"}],"curies":[{"name":"wp","href":"https:\/\/api.w.org\/{rel}","templated":true}]}}