{"id":11127,"date":"2022-05-26T18:23:46","date_gmt":"2022-05-26T17:23:46","guid":{"rendered":"https:\/\/zapateneo.net\/wordpress\/?post_type=product&#038;p=11127"},"modified":"2022-05-26T18:23:54","modified_gmt":"2022-05-26T17:23:54","slug":"investigaciones-sobre-el-origen-del-lenguaje-y-la-consciencia","status":"publish","type":"product","link":"https:\/\/zapateneo.net\/wordpress\/index.php\/producto\/investigaciones-sobre-el-origen-del-lenguaje-y-la-consciencia\/","title":{"rendered":"INVESTIGACIONES SOBRE EL ORIGEN DEL LENGUAJE Y LA CONSCIENCIA"},"content":{"rendered":"<p>El inmenso m\u00e9rito de este libro es sin duda, al cruzar la paleoantropolog\u00eda y el desarrollo ling\u00fc\u00edstico del ni\u00f1o, comandando todos los avances cient\u00edficos en estos dos campos, poner de relieve que la conciencia y el lenguaje interior se constituyen a partir de un &#8216;lenguaje de la vida real&#8217; original, no consciente, emanaci\u00f3n directa de la actividad material de los hombres.<\/p>\n<p>Se confirma as\u00ed que el \u00fanico motor de nuestra realidad es la actividad humana, como hab\u00eda planteado Marx, \u00fanico prescriptor y organizador del lenguaje gestual (gesto de imitaci\u00f3n que se convierte en gesto de indicaci\u00f3n), que luego se elabora en el lenguaje sincr\u00e9tico que a su vez se diferenciar\u00e1 para dar a luz sucesivamente al sustantivo t\u00edpico, al verbo t\u00edpico, hasta la frase misma en su forma constituida.<\/p>\n<p>El fil\u00f3sofo marxista vietnamita (1917-1993) ejerci\u00f3 una verdadera fascinaci\u00f3n sobre los intelectuales de la Francia de posguerra (Sartre, Derrida, Foucault, Ricoeur, Althusser, Lyotard, Barthes y Merleau-Ponty), en particular a trav\u00e9s de su primer libro Ph\u00e9nom\u00e9nologie et mat\u00e9rialisme dialectique. De vuelta a Vietnam en 1951, continu\u00f3 su trabajo, del que result\u00f3 su segundo y actual libro, publicado originalmente en 1973.<\/p>\n<p>Este libro re\u00fane los tres estudios (respectivamente sobre el gesto de indicaci\u00f3n, sobre el lenguaje sincr\u00e9tico y sobre el complejo ed\u00edpico) que dedic\u00f3 a los or\u00edgenes de la conciencia y del lenguaje. Este libro, publicado en Francia en 1973, combin\u00f3 los relatos biol\u00f3gicos y cognitivos materialistas de la subjetividad y la conciencia con el relato marxista que hab\u00eda elaborado anteriormente. Es la primera vez que se publica Investigaciones sobre el origen del lenguaje y la consciencia en castellano, resolviendo una injusticia hist\u00f3rica.<\/p>\n","protected":false},"excerpt":{"rendered":"<p><strong>Tran Duc Thao<\/strong><br \/>\n9788418684128 &#8211; Bellaterra &#8211; 2021 &#8211; 271 p\u00e1ginas \/orri.<\/p>\n","protected":false},"featured_media":11141,"template":"","meta":[],"product_brand":[],"product_cat":[16,173],"product_tag":[92,5597],"class_list":{"0":"post-11127","1":"product","2":"type-product","3":"status-publish","4":"has-post-thumbnail","6":"product_cat-libros","7":"product_cat-saiakera-ensayo","8":"product_tag-bellaterra","9":"product_tag-tran-duc-thao","11":"first","12":"instock","13":"sold-individually","14":"shipping-taxable","15":"purchasable","16":"product-type-simple"},"yoast_head":"<!-- This site is optimized with the Yoast SEO plugin v27.3 - https:\/\/yoast.com\/product\/yoast-seo-wordpress\/ -->\n<title>INVESTIGACIONES SOBRE EL ORIGEN DEL LENGUAJE Y LA CONSCIENCIA &#8212; Zapateneo<\/title>\n<meta name=\"robots\" content=\"index, follow, max-snippet:-1, max-image-preview:large, max-video-preview:-1\" \/>\n<link rel=\"canonical\" href=\"https:\/\/zapateneo.net\/wordpress\/index.php\/producto\/investigaciones-sobre-el-origen-del-lenguaje-y-la-consciencia\/\" \/>\n<meta property=\"og:locale\" content=\"es_ES\" \/>\n<meta property=\"og:type\" content=\"article\" \/>\n<meta property=\"og:title\" content=\"INVESTIGACIONES SOBRE EL ORIGEN DEL LENGUAJE Y LA CONSCIENCIA &#8212; Zapateneo\" \/>\n<meta property=\"og:description\" content=\"Tran Duc Thao 9788418684128 - Bellaterra - 2021 - 271 p\u00e1ginas \/orri.\" \/>\n<meta property=\"og:url\" content=\"https:\/\/zapateneo.net\/wordpress\/index.php\/producto\/investigaciones-sobre-el-origen-del-lenguaje-y-la-consciencia\/\" \/>\n<meta property=\"og:site_name\" content=\"Zapateneo\" \/>\n<meta property=\"article:modified_time\" content=\"2022-05-26T17:23:54+00:00\" \/>\n<meta name=\"twitter:card\" content=\"summary_large_image\" \/>\n<meta name=\"twitter:site\" content=\"@zapateneo\" \/>\n<meta name=\"twitter:label1\" content=\"Tiempo de lectura\" \/>\n\t<meta name=\"twitter:data1\" content=\"1 minuto\" \/>\n<script type=\"application\/ld+json\" class=\"yoast-schema-graph\">{\"@context\":\"https:\\\/\\\/schema.org\",\"@graph\":[{\"@type\":\"WebPage\",\"@id\":\"https:\\\/\\\/zapateneo.net\\\/wordpress\\\/index.php\\\/producto\\\/investigaciones-sobre-el-origen-del-lenguaje-y-la-consciencia\\\/\",\"url\":\"https:\\\/\\\/zapateneo.net\\\/wordpress\\\/index.php\\\/producto\\\/investigaciones-sobre-el-origen-del-lenguaje-y-la-consciencia\\\/\",\"name\":\"INVESTIGACIONES SOBRE EL ORIGEN DEL LENGUAJE Y LA CONSCIENCIA &#8212; Zapateneo\",\"isPartOf\":{\"@id\":\"https:\\\/\\\/zapateneo.net\\\/wordpress\\\/#website\"},\"primaryImageOfPage\":{\"@id\":\"https:\\\/\\\/zapateneo.net\\\/wordpress\\\/index.php\\\/producto\\\/investigaciones-sobre-el-origen-del-lenguaje-y-la-consciencia\\\/#primaryimage\"},\"image\":{\"@id\":\"https:\\\/\\\/zapateneo.net\\\/wordpress\\\/index.php\\\/producto\\\/investigaciones-sobre-el-origen-del-lenguaje-y-la-consciencia\\\/#primaryimage\"},\"thumbnailUrl\":\"https:\\\/\\\/zapateneo.net\\\/wordpress\\\/wp-content\\\/uploads\\\/2022\\\/05\\\/investigaciones-sobre-el-origen-del-lenguaje-y-la-consciencia.jpg\",\"datePublished\":\"2022-05-26T17:23:46+00:00\",\"dateModified\":\"2022-05-26T17:23:54+00:00\",\"breadcrumb\":{\"@id\":\"https:\\\/\\\/zapateneo.net\\\/wordpress\\\/index.php\\\/producto\\\/investigaciones-sobre-el-origen-del-lenguaje-y-la-consciencia\\\/#breadcrumb\"},\"inLanguage\":\"es\",\"potentialAction\":[{\"@type\":\"ReadAction\",\"target\":[\"https:\\\/\\\/zapateneo.net\\\/wordpress\\\/index.php\\\/producto\\\/investigaciones-sobre-el-origen-del-lenguaje-y-la-consciencia\\\/\"]}]},{\"@type\":\"ImageObject\",\"inLanguage\":\"es\",\"@id\":\"https:\\\/\\\/zapateneo.net\\\/wordpress\\\/index.php\\\/producto\\\/investigaciones-sobre-el-origen-del-lenguaje-y-la-consciencia\\\/#primaryimage\",\"url\":\"https:\\\/\\\/zapateneo.net\\\/wordpress\\\/wp-content\\\/uploads\\\/2022\\\/05\\\/investigaciones-sobre-el-origen-del-lenguaje-y-la-consciencia.jpg\",\"contentUrl\":\"https:\\\/\\\/zapateneo.net\\\/wordpress\\\/wp-content\\\/uploads\\\/2022\\\/05\\\/investigaciones-sobre-el-origen-del-lenguaje-y-la-consciencia.jpg\",\"width\":261,\"height\":400},{\"@type\":\"BreadcrumbList\",\"@id\":\"https:\\\/\\\/zapateneo.net\\\/wordpress\\\/index.php\\\/producto\\\/investigaciones-sobre-el-origen-del-lenguaje-y-la-consciencia\\\/#breadcrumb\",\"itemListElement\":[{\"@type\":\"ListItem\",\"position\":1,\"name\":\"Portada\",\"item\":\"https:\\\/\\\/zapateneo.net\\\/wordpress\\\/\"},{\"@type\":\"ListItem\",\"position\":2,\"name\":\"Tienda\",\"item\":\"https:\\\/\\\/zapateneo.net\\\/wordpress\\\/\"},{\"@type\":\"ListItem\",\"position\":3,\"name\":\"INVESTIGACIONES SOBRE EL ORIGEN DEL LENGUAJE Y LA CONSCIENCIA\"}]},{\"@type\":\"WebSite\",\"@id\":\"https:\\\/\\\/zapateneo.net\\\/wordpress\\\/#website\",\"url\":\"https:\\\/\\\/zapateneo.net\\\/wordpress\\\/\",\"name\":\"Zapateneo\",\"description\":\"Zapateneoaren webgunea\",\"publisher\":{\"@id\":\"https:\\\/\\\/zapateneo.net\\\/wordpress\\\/#organization\"},\"potentialAction\":[{\"@type\":\"SearchAction\",\"target\":{\"@type\":\"EntryPoint\",\"urlTemplate\":\"https:\\\/\\\/zapateneo.net\\\/wordpress\\\/?s={search_term_string}\"},\"query-input\":{\"@type\":\"PropertyValueSpecification\",\"valueRequired\":true,\"valueName\":\"search_term_string\"}}],\"inLanguage\":\"es\"},{\"@type\":\"Organization\",\"@id\":\"https:\\\/\\\/zapateneo.net\\\/wordpress\\\/#organization\",\"name\":\"Zapateneo Kultur Elkartea\",\"url\":\"https:\\\/\\\/zapateneo.net\\\/wordpress\\\/\",\"logo\":{\"@type\":\"ImageObject\",\"inLanguage\":\"es\",\"@id\":\"https:\\\/\\\/zapateneo.net\\\/wordpress\\\/#\\\/schema\\\/logo\\\/image\\\/\",\"url\":\"https:\\\/\\\/zapateneo.net\\\/wordpress\\\/wp-content\\\/uploads\\\/2021\\\/04\\\/zap-libu-kolec.jpg\",\"contentUrl\":\"https:\\\/\\\/zapateneo.net\\\/wordpress\\\/wp-content\\\/uploads\\\/2021\\\/04\\\/zap-libu-kolec.jpg\",\"width\":2234,\"height\":398,\"caption\":\"Zapateneo Kultur Elkartea\"},\"image\":{\"@id\":\"https:\\\/\\\/zapateneo.net\\\/wordpress\\\/#\\\/schema\\\/logo\\\/image\\\/\"},\"sameAs\":[\"https:\\\/\\\/x.com\\\/zapateneo\"]}]}<\/script>\n<!-- \/ Yoast SEO plugin. -->","yoast_head_json":{"title":"INVESTIGACIONES SOBRE EL ORIGEN DEL LENGUAJE Y LA CONSCIENCIA &#8212; Zapateneo","robots":{"index":"index","follow":"follow","max-snippet":"max-snippet:-1","max-image-preview":"max-image-preview:large","max-video-preview":"max-video-preview:-1"},"canonical":"https:\/\/zapateneo.net\/wordpress\/index.php\/producto\/investigaciones-sobre-el-origen-del-lenguaje-y-la-consciencia\/","og_locale":"es_ES","og_type":"article","og_title":"INVESTIGACIONES SOBRE EL ORIGEN DEL LENGUAJE Y LA CONSCIENCIA &#8212; Zapateneo","og_description":"Tran Duc Thao 9788418684128 - Bellaterra - 2021 - 271 p\u00e1ginas \/orri.","og_url":"https:\/\/zapateneo.net\/wordpress\/index.php\/producto\/investigaciones-sobre-el-origen-del-lenguaje-y-la-consciencia\/","og_site_name":"Zapateneo","article_modified_time":"2022-05-26T17:23:54+00:00","twitter_card":"summary_large_image","twitter_site":"@zapateneo","twitter_misc":{"Tiempo de lectura":"1 minuto"},"schema":{"@context":"https:\/\/schema.org","@graph":[{"@type":"WebPage","@id":"https:\/\/zapateneo.net\/wordpress\/index.php\/producto\/investigaciones-sobre-el-origen-del-lenguaje-y-la-consciencia\/","url":"https:\/\/zapateneo.net\/wordpress\/index.php\/producto\/investigaciones-sobre-el-origen-del-lenguaje-y-la-consciencia\/","name":"INVESTIGACIONES SOBRE EL ORIGEN DEL LENGUAJE Y LA CONSCIENCIA &#8212; Zapateneo","isPartOf":{"@id":"https:\/\/zapateneo.net\/wordpress\/#website"},"primaryImageOfPage":{"@id":"https:\/\/zapateneo.net\/wordpress\/index.php\/producto\/investigaciones-sobre-el-origen-del-lenguaje-y-la-consciencia\/#primaryimage"},"image":{"@id":"https:\/\/zapateneo.net\/wordpress\/index.php\/producto\/investigaciones-sobre-el-origen-del-lenguaje-y-la-consciencia\/#primaryimage"},"thumbnailUrl":"https:\/\/zapateneo.net\/wordpress\/wp-content\/uploads\/2022\/05\/investigaciones-sobre-el-origen-del-lenguaje-y-la-consciencia.jpg","datePublished":"2022-05-26T17:23:46+00:00","dateModified":"2022-05-26T17:23:54+00:00","breadcrumb":{"@id":"https:\/\/zapateneo.net\/wordpress\/index.php\/producto\/investigaciones-sobre-el-origen-del-lenguaje-y-la-consciencia\/#breadcrumb"},"inLanguage":"es","potentialAction":[{"@type":"ReadAction","target":["https:\/\/zapateneo.net\/wordpress\/index.php\/producto\/investigaciones-sobre-el-origen-del-lenguaje-y-la-consciencia\/"]}]},{"@type":"ImageObject","inLanguage":"es","@id":"https:\/\/zapateneo.net\/wordpress\/index.php\/producto\/investigaciones-sobre-el-origen-del-lenguaje-y-la-consciencia\/#primaryimage","url":"https:\/\/zapateneo.net\/wordpress\/wp-content\/uploads\/2022\/05\/investigaciones-sobre-el-origen-del-lenguaje-y-la-consciencia.jpg","contentUrl":"https:\/\/zapateneo.net\/wordpress\/wp-content\/uploads\/2022\/05\/investigaciones-sobre-el-origen-del-lenguaje-y-la-consciencia.jpg","width":261,"height":400},{"@type":"BreadcrumbList","@id":"https:\/\/zapateneo.net\/wordpress\/index.php\/producto\/investigaciones-sobre-el-origen-del-lenguaje-y-la-consciencia\/#breadcrumb","itemListElement":[{"@type":"ListItem","position":1,"name":"Portada","item":"https:\/\/zapateneo.net\/wordpress\/"},{"@type":"ListItem","position":2,"name":"Tienda","item":"https:\/\/zapateneo.net\/wordpress\/"},{"@type":"ListItem","position":3,"name":"INVESTIGACIONES SOBRE EL ORIGEN DEL LENGUAJE Y LA CONSCIENCIA"}]},{"@type":"WebSite","@id":"https:\/\/zapateneo.net\/wordpress\/#website","url":"https:\/\/zapateneo.net\/wordpress\/","name":"Zapateneo","description":"Zapateneoaren webgunea","publisher":{"@id":"https:\/\/zapateneo.net\/wordpress\/#organization"},"potentialAction":[{"@type":"SearchAction","target":{"@type":"EntryPoint","urlTemplate":"https:\/\/zapateneo.net\/wordpress\/?s={search_term_string}"},"query-input":{"@type":"PropertyValueSpecification","valueRequired":true,"valueName":"search_term_string"}}],"inLanguage":"es"},{"@type":"Organization","@id":"https:\/\/zapateneo.net\/wordpress\/#organization","name":"Zapateneo Kultur Elkartea","url":"https:\/\/zapateneo.net\/wordpress\/","logo":{"@type":"ImageObject","inLanguage":"es","@id":"https:\/\/zapateneo.net\/wordpress\/#\/schema\/logo\/image\/","url":"https:\/\/zapateneo.net\/wordpress\/wp-content\/uploads\/2021\/04\/zap-libu-kolec.jpg","contentUrl":"https:\/\/zapateneo.net\/wordpress\/wp-content\/uploads\/2021\/04\/zap-libu-kolec.jpg","width":2234,"height":398,"caption":"Zapateneo Kultur Elkartea"},"image":{"@id":"https:\/\/zapateneo.net\/wordpress\/#\/schema\/logo\/image\/"},"sameAs":["https:\/\/x.com\/zapateneo"]}]}},"_links":{"self":[{"href":"https:\/\/zapateneo.net\/wordpress\/index.php\/wp-json\/wp\/v2\/product\/11127","targetHints":{"allow":["GET"]}}],"collection":[{"href":"https:\/\/zapateneo.net\/wordpress\/index.php\/wp-json\/wp\/v2\/product"}],"about":[{"href":"https:\/\/zapateneo.net\/wordpress\/index.php\/wp-json\/wp\/v2\/types\/product"}],"wp:featuredmedia":[{"embeddable":true,"href":"https:\/\/zapateneo.net\/wordpress\/index.php\/wp-json\/wp\/v2\/media\/11141"}],"wp:attachment":[{"href":"https:\/\/zapateneo.net\/wordpress\/index.php\/wp-json\/wp\/v2\/media?parent=11127"}],"wp:term":[{"taxonomy":"product_brand","embeddable":true,"href":"https:\/\/zapateneo.net\/wordpress\/index.php\/wp-json\/wp\/v2\/product_brand?post=11127"},{"taxonomy":"product_cat","embeddable":true,"href":"https:\/\/zapateneo.net\/wordpress\/index.php\/wp-json\/wp\/v2\/product_cat?post=11127"},{"taxonomy":"product_tag","embeddable":true,"href":"https:\/\/zapateneo.net\/wordpress\/index.php\/wp-json\/wp\/v2\/product_tag?post=11127"}],"curies":[{"name":"wp","href":"https:\/\/api.w.org\/{rel}","templated":true}]}}