{"id":11125,"date":"2022-05-26T18:23:45","date_gmt":"2022-05-26T17:23:45","guid":{"rendered":"https:\/\/zapateneo.net\/wordpress\/?post_type=product&#038;p=11125"},"modified":"2022-05-26T18:23:53","modified_gmt":"2022-05-26T17:23:53","slug":"habitar-la-trinchera-historias-del-movimiento-por-el-derecho-a-la-vivienda-en-barcelona","status":"publish","type":"product","link":"https:\/\/zapateneo.net\/wordpress\/index.php\/producto\/habitar-la-trinchera-historias-del-movimiento-por-el-derecho-a-la-vivienda-en-barcelona\/","title":{"rendered":"HABITAR LA TRINCHERA Historias del movimiento por el derecho a la vivienda en Barcelona"},"content":{"rendered":"<p>\u00abEs fundamental que haya libros como este que recojan estas experiencias, porque, al fin y al cabo, esta es nuestra historia real, que nos permite trascendernos y que nos da derecho a intentar volver a so\u00f1ar, crear e impugnar.\u00bb Del pr\u00f3logo de Ada Colau Habitar la trinchera. Historias del movimiento por el derecho a la vivienda en Barcelona es el resultado de tirar de un hilo. Una investigaci\u00f3n que comenz\u00f3 en 2012 para abordar los or\u00edgenes de la Plataforma de Afectados por la Hipoteca se convirti\u00f3 en una trayectoria de entrevistas para hablar con personas que han protagonizado movimientos muy diversos por el derecho a la vivienda y contra la especulaci\u00f3n inmobiliaria y urban\u00edstica en la ciudad de Barcelona en el \u00faltimo cuarto de siglo. Este libro recoge historias de victorias, de derrotas, pero sobre todo de luchas para transformar el mundo \u2014o, al menos, la ciudad\u2014 y no resignarse a que la vida est\u00e9 regida por los intereses econ\u00f3micos. Historias de la pol\u00edtica que se hace a pie de calle, sea ocupando espacios vac\u00edos, recogiendo firmas para cambiar una ley, asaltando el F\u00f3rum de las Culturas desde el mar o plantando un abeto entre los escombros del Forat de la Vergonya.<\/p>\n","protected":false},"excerpt":{"rendered":"<p><strong>Jo\u00e3o Fran\u00e7a<\/strong><br \/>\n9788418819858 &#8211; OCTAEDRO &#8211; 2021 &#8211; 184 p\u00e1ginas \/orri.<\/p>\n","protected":false},"featured_media":11139,"template":"","meta":[],"product_brand":[],"product_cat":[177,16],"product_tag":[5595,829],"class_list":{"0":"post-11125","1":"product","2":"type-product","3":"status-publish","4":"has-post-thumbnail","6":"product_cat-gizarte-mugimenduak-movimientos-sociales","7":"product_cat-libros","8":"product_tag-joao-franca","9":"product_tag-octaedro","11":"first","12":"instock","13":"sold-individually","14":"shipping-taxable","15":"purchasable","16":"product-type-simple"},"yoast_head":"<!-- This site is optimized with the Yoast SEO plugin v27.3 - https:\/\/yoast.com\/product\/yoast-seo-wordpress\/ -->\n<title>HABITAR LA TRINCHERA Historias del movimiento por el derecho a la vivienda en Barcelona &#8212; Zapateneo<\/title>\n<meta name=\"robots\" content=\"index, follow, max-snippet:-1, max-image-preview:large, max-video-preview:-1\" \/>\n<link rel=\"canonical\" href=\"https:\/\/zapateneo.net\/wordpress\/index.php\/producto\/habitar-la-trinchera-historias-del-movimiento-por-el-derecho-a-la-vivienda-en-barcelona\/\" \/>\n<meta property=\"og:locale\" content=\"es_ES\" \/>\n<meta property=\"og:type\" content=\"article\" \/>\n<meta property=\"og:title\" content=\"HABITAR LA TRINCHERA Historias del movimiento por el derecho a la vivienda en Barcelona &#8212; Zapateneo\" \/>\n<meta property=\"og:description\" content=\"Jo\u00e3o Fran\u00e7a 9788418819858 - OCTAEDRO - 2021 - 184 p\u00e1ginas \/orri.\" \/>\n<meta property=\"og:url\" content=\"https:\/\/zapateneo.net\/wordpress\/index.php\/producto\/habitar-la-trinchera-historias-del-movimiento-por-el-derecho-a-la-vivienda-en-barcelona\/\" \/>\n<meta property=\"og:site_name\" content=\"Zapateneo\" \/>\n<meta property=\"article:modified_time\" content=\"2022-05-26T17:23:53+00:00\" \/>\n<meta name=\"twitter:card\" content=\"summary_large_image\" \/>\n<meta name=\"twitter:site\" content=\"@zapateneo\" \/>\n<meta name=\"twitter:label1\" content=\"Tiempo de lectura\" \/>\n\t<meta name=\"twitter:data1\" content=\"1 minuto\" \/>\n<script type=\"application\/ld+json\" class=\"yoast-schema-graph\">{\"@context\":\"https:\\\/\\\/schema.org\",\"@graph\":[{\"@type\":\"WebPage\",\"@id\":\"https:\\\/\\\/zapateneo.net\\\/wordpress\\\/index.php\\\/producto\\\/habitar-la-trinchera-historias-del-movimiento-por-el-derecho-a-la-vivienda-en-barcelona\\\/\",\"url\":\"https:\\\/\\\/zapateneo.net\\\/wordpress\\\/index.php\\\/producto\\\/habitar-la-trinchera-historias-del-movimiento-por-el-derecho-a-la-vivienda-en-barcelona\\\/\",\"name\":\"HABITAR LA TRINCHERA Historias del movimiento por el derecho a la vivienda en Barcelona &#8212; Zapateneo\",\"isPartOf\":{\"@id\":\"https:\\\/\\\/zapateneo.net\\\/wordpress\\\/#website\"},\"primaryImageOfPage\":{\"@id\":\"https:\\\/\\\/zapateneo.net\\\/wordpress\\\/index.php\\\/producto\\\/habitar-la-trinchera-historias-del-movimiento-por-el-derecho-a-la-vivienda-en-barcelona\\\/#primaryimage\"},\"image\":{\"@id\":\"https:\\\/\\\/zapateneo.net\\\/wordpress\\\/index.php\\\/producto\\\/habitar-la-trinchera-historias-del-movimiento-por-el-derecho-a-la-vivienda-en-barcelona\\\/#primaryimage\"},\"thumbnailUrl\":\"https:\\\/\\\/zapateneo.net\\\/wordpress\\\/wp-content\\\/uploads\\\/2022\\\/05\\\/habitar-la-trinchera.jpg\",\"datePublished\":\"2022-05-26T17:23:45+00:00\",\"dateModified\":\"2022-05-26T17:23:53+00:00\",\"breadcrumb\":{\"@id\":\"https:\\\/\\\/zapateneo.net\\\/wordpress\\\/index.php\\\/producto\\\/habitar-la-trinchera-historias-del-movimiento-por-el-derecho-a-la-vivienda-en-barcelona\\\/#breadcrumb\"},\"inLanguage\":\"es\",\"potentialAction\":[{\"@type\":\"ReadAction\",\"target\":[\"https:\\\/\\\/zapateneo.net\\\/wordpress\\\/index.php\\\/producto\\\/habitar-la-trinchera-historias-del-movimiento-por-el-derecho-a-la-vivienda-en-barcelona\\\/\"]}]},{\"@type\":\"ImageObject\",\"inLanguage\":\"es\",\"@id\":\"https:\\\/\\\/zapateneo.net\\\/wordpress\\\/index.php\\\/producto\\\/habitar-la-trinchera-historias-del-movimiento-por-el-derecho-a-la-vivienda-en-barcelona\\\/#primaryimage\",\"url\":\"https:\\\/\\\/zapateneo.net\\\/wordpress\\\/wp-content\\\/uploads\\\/2022\\\/05\\\/habitar-la-trinchera.jpg\",\"contentUrl\":\"https:\\\/\\\/zapateneo.net\\\/wordpress\\\/wp-content\\\/uploads\\\/2022\\\/05\\\/habitar-la-trinchera.jpg\",\"width\":285,\"height\":400},{\"@type\":\"BreadcrumbList\",\"@id\":\"https:\\\/\\\/zapateneo.net\\\/wordpress\\\/index.php\\\/producto\\\/habitar-la-trinchera-historias-del-movimiento-por-el-derecho-a-la-vivienda-en-barcelona\\\/#breadcrumb\",\"itemListElement\":[{\"@type\":\"ListItem\",\"position\":1,\"name\":\"Portada\",\"item\":\"https:\\\/\\\/zapateneo.net\\\/wordpress\\\/\"},{\"@type\":\"ListItem\",\"position\":2,\"name\":\"Tienda\",\"item\":\"https:\\\/\\\/zapateneo.net\\\/wordpress\\\/\"},{\"@type\":\"ListItem\",\"position\":3,\"name\":\"HABITAR LA TRINCHERA Historias del movimiento por el derecho a la vivienda en Barcelona\"}]},{\"@type\":\"WebSite\",\"@id\":\"https:\\\/\\\/zapateneo.net\\\/wordpress\\\/#website\",\"url\":\"https:\\\/\\\/zapateneo.net\\\/wordpress\\\/\",\"name\":\"Zapateneo\",\"description\":\"Zapateneoaren webgunea\",\"publisher\":{\"@id\":\"https:\\\/\\\/zapateneo.net\\\/wordpress\\\/#organization\"},\"potentialAction\":[{\"@type\":\"SearchAction\",\"target\":{\"@type\":\"EntryPoint\",\"urlTemplate\":\"https:\\\/\\\/zapateneo.net\\\/wordpress\\\/?s={search_term_string}\"},\"query-input\":{\"@type\":\"PropertyValueSpecification\",\"valueRequired\":true,\"valueName\":\"search_term_string\"}}],\"inLanguage\":\"es\"},{\"@type\":\"Organization\",\"@id\":\"https:\\\/\\\/zapateneo.net\\\/wordpress\\\/#organization\",\"name\":\"Zapateneo Kultur Elkartea\",\"url\":\"https:\\\/\\\/zapateneo.net\\\/wordpress\\\/\",\"logo\":{\"@type\":\"ImageObject\",\"inLanguage\":\"es\",\"@id\":\"https:\\\/\\\/zapateneo.net\\\/wordpress\\\/#\\\/schema\\\/logo\\\/image\\\/\",\"url\":\"https:\\\/\\\/zapateneo.net\\\/wordpress\\\/wp-content\\\/uploads\\\/2021\\\/04\\\/zap-libu-kolec.jpg\",\"contentUrl\":\"https:\\\/\\\/zapateneo.net\\\/wordpress\\\/wp-content\\\/uploads\\\/2021\\\/04\\\/zap-libu-kolec.jpg\",\"width\":2234,\"height\":398,\"caption\":\"Zapateneo Kultur Elkartea\"},\"image\":{\"@id\":\"https:\\\/\\\/zapateneo.net\\\/wordpress\\\/#\\\/schema\\\/logo\\\/image\\\/\"},\"sameAs\":[\"https:\\\/\\\/x.com\\\/zapateneo\"]}]}<\/script>\n<!-- \/ Yoast SEO plugin. -->","yoast_head_json":{"title":"HABITAR LA TRINCHERA Historias del movimiento por el derecho a la vivienda en Barcelona &#8212; Zapateneo","robots":{"index":"index","follow":"follow","max-snippet":"max-snippet:-1","max-image-preview":"max-image-preview:large","max-video-preview":"max-video-preview:-1"},"canonical":"https:\/\/zapateneo.net\/wordpress\/index.php\/producto\/habitar-la-trinchera-historias-del-movimiento-por-el-derecho-a-la-vivienda-en-barcelona\/","og_locale":"es_ES","og_type":"article","og_title":"HABITAR LA TRINCHERA Historias del movimiento por el derecho a la vivienda en Barcelona &#8212; Zapateneo","og_description":"Jo\u00e3o Fran\u00e7a 9788418819858 - OCTAEDRO - 2021 - 184 p\u00e1ginas \/orri.","og_url":"https:\/\/zapateneo.net\/wordpress\/index.php\/producto\/habitar-la-trinchera-historias-del-movimiento-por-el-derecho-a-la-vivienda-en-barcelona\/","og_site_name":"Zapateneo","article_modified_time":"2022-05-26T17:23:53+00:00","twitter_card":"summary_large_image","twitter_site":"@zapateneo","twitter_misc":{"Tiempo de lectura":"1 minuto"},"schema":{"@context":"https:\/\/schema.org","@graph":[{"@type":"WebPage","@id":"https:\/\/zapateneo.net\/wordpress\/index.php\/producto\/habitar-la-trinchera-historias-del-movimiento-por-el-derecho-a-la-vivienda-en-barcelona\/","url":"https:\/\/zapateneo.net\/wordpress\/index.php\/producto\/habitar-la-trinchera-historias-del-movimiento-por-el-derecho-a-la-vivienda-en-barcelona\/","name":"HABITAR LA TRINCHERA Historias del movimiento por el derecho a la vivienda en Barcelona &#8212; Zapateneo","isPartOf":{"@id":"https:\/\/zapateneo.net\/wordpress\/#website"},"primaryImageOfPage":{"@id":"https:\/\/zapateneo.net\/wordpress\/index.php\/producto\/habitar-la-trinchera-historias-del-movimiento-por-el-derecho-a-la-vivienda-en-barcelona\/#primaryimage"},"image":{"@id":"https:\/\/zapateneo.net\/wordpress\/index.php\/producto\/habitar-la-trinchera-historias-del-movimiento-por-el-derecho-a-la-vivienda-en-barcelona\/#primaryimage"},"thumbnailUrl":"https:\/\/zapateneo.net\/wordpress\/wp-content\/uploads\/2022\/05\/habitar-la-trinchera.jpg","datePublished":"2022-05-26T17:23:45+00:00","dateModified":"2022-05-26T17:23:53+00:00","breadcrumb":{"@id":"https:\/\/zapateneo.net\/wordpress\/index.php\/producto\/habitar-la-trinchera-historias-del-movimiento-por-el-derecho-a-la-vivienda-en-barcelona\/#breadcrumb"},"inLanguage":"es","potentialAction":[{"@type":"ReadAction","target":["https:\/\/zapateneo.net\/wordpress\/index.php\/producto\/habitar-la-trinchera-historias-del-movimiento-por-el-derecho-a-la-vivienda-en-barcelona\/"]}]},{"@type":"ImageObject","inLanguage":"es","@id":"https:\/\/zapateneo.net\/wordpress\/index.php\/producto\/habitar-la-trinchera-historias-del-movimiento-por-el-derecho-a-la-vivienda-en-barcelona\/#primaryimage","url":"https:\/\/zapateneo.net\/wordpress\/wp-content\/uploads\/2022\/05\/habitar-la-trinchera.jpg","contentUrl":"https:\/\/zapateneo.net\/wordpress\/wp-content\/uploads\/2022\/05\/habitar-la-trinchera.jpg","width":285,"height":400},{"@type":"BreadcrumbList","@id":"https:\/\/zapateneo.net\/wordpress\/index.php\/producto\/habitar-la-trinchera-historias-del-movimiento-por-el-derecho-a-la-vivienda-en-barcelona\/#breadcrumb","itemListElement":[{"@type":"ListItem","position":1,"name":"Portada","item":"https:\/\/zapateneo.net\/wordpress\/"},{"@type":"ListItem","position":2,"name":"Tienda","item":"https:\/\/zapateneo.net\/wordpress\/"},{"@type":"ListItem","position":3,"name":"HABITAR LA TRINCHERA Historias del movimiento por el derecho a la vivienda en Barcelona"}]},{"@type":"WebSite","@id":"https:\/\/zapateneo.net\/wordpress\/#website","url":"https:\/\/zapateneo.net\/wordpress\/","name":"Zapateneo","description":"Zapateneoaren webgunea","publisher":{"@id":"https:\/\/zapateneo.net\/wordpress\/#organization"},"potentialAction":[{"@type":"SearchAction","target":{"@type":"EntryPoint","urlTemplate":"https:\/\/zapateneo.net\/wordpress\/?s={search_term_string}"},"query-input":{"@type":"PropertyValueSpecification","valueRequired":true,"valueName":"search_term_string"}}],"inLanguage":"es"},{"@type":"Organization","@id":"https:\/\/zapateneo.net\/wordpress\/#organization","name":"Zapateneo Kultur Elkartea","url":"https:\/\/zapateneo.net\/wordpress\/","logo":{"@type":"ImageObject","inLanguage":"es","@id":"https:\/\/zapateneo.net\/wordpress\/#\/schema\/logo\/image\/","url":"https:\/\/zapateneo.net\/wordpress\/wp-content\/uploads\/2021\/04\/zap-libu-kolec.jpg","contentUrl":"https:\/\/zapateneo.net\/wordpress\/wp-content\/uploads\/2021\/04\/zap-libu-kolec.jpg","width":2234,"height":398,"caption":"Zapateneo Kultur Elkartea"},"image":{"@id":"https:\/\/zapateneo.net\/wordpress\/#\/schema\/logo\/image\/"},"sameAs":["https:\/\/x.com\/zapateneo"]}]}},"_links":{"self":[{"href":"https:\/\/zapateneo.net\/wordpress\/index.php\/wp-json\/wp\/v2\/product\/11125","targetHints":{"allow":["GET"]}}],"collection":[{"href":"https:\/\/zapateneo.net\/wordpress\/index.php\/wp-json\/wp\/v2\/product"}],"about":[{"href":"https:\/\/zapateneo.net\/wordpress\/index.php\/wp-json\/wp\/v2\/types\/product"}],"wp:featuredmedia":[{"embeddable":true,"href":"https:\/\/zapateneo.net\/wordpress\/index.php\/wp-json\/wp\/v2\/media\/11139"}],"wp:attachment":[{"href":"https:\/\/zapateneo.net\/wordpress\/index.php\/wp-json\/wp\/v2\/media?parent=11125"}],"wp:term":[{"taxonomy":"product_brand","embeddable":true,"href":"https:\/\/zapateneo.net\/wordpress\/index.php\/wp-json\/wp\/v2\/product_brand?post=11125"},{"taxonomy":"product_cat","embeddable":true,"href":"https:\/\/zapateneo.net\/wordpress\/index.php\/wp-json\/wp\/v2\/product_cat?post=11125"},{"taxonomy":"product_tag","embeddable":true,"href":"https:\/\/zapateneo.net\/wordpress\/index.php\/wp-json\/wp\/v2\/product_tag?post=11125"}],"curies":[{"name":"wp","href":"https:\/\/api.w.org\/{rel}","templated":true}]}}