{"id":11122,"date":"2022-05-26T18:23:45","date_gmt":"2022-05-26T17:23:45","guid":{"rendered":"https:\/\/zapateneo.net\/wordpress\/?post_type=product&#038;p=11122"},"modified":"2022-05-26T18:23:51","modified_gmt":"2022-05-26T17:23:51","slug":"el-poder-y-la-caza-de-personas-frontera-seguridad-y-necropolitica","status":"publish","type":"product","link":"https:\/\/zapateneo.net\/wordpress\/index.php\/producto\/el-poder-y-la-caza-de-personas-frontera-seguridad-y-necropolitica\/","title":{"rendered":"EL PODER Y LA CAZA DE PERSONAS Frontera, seguridad y necropol\u00edtica"},"content":{"rendered":"<p>Se est\u00e1 desplegando un r\u00e9gimen de poder que est\u00e1 concernido en la caza del otro, de ese otro \u2014esclavo, disidente, delincuente, terrorista, migrante\u2014 que ha quedado ubicado en una narrativa en la que se acent\u00faa su peligrosidad, la existencia de un riesgo que activa la necesidad de neutralizarlo, de capturarlo, de expulsarlo, de cazarlo. Al otro se le puede cazar y, acaso, se le debe cazar. El hilo es la caza que lleva una impronta b\u00e9lica: una forma espec\u00edfica de guerra, aquella que asume la pertinencia y necesidad de la caza de personas.<\/p>\n<p>La caza de personas es un concepto desde el que se lee una pr\u00e1ctica punitiva que adquiere formas diversas, un concepto que es una met\u00e1fora que se abre a una significaci\u00f3n y a una pr\u00e1ctica. La proyecci\u00f3n de una actividad que en principio est\u00e1 concernida con la captura de animales al \u00e1mbito de lo humano supone, la creaci\u00f3n de un sentido que se deriva de la uni\u00f3n de dos realidades que permanec\u00edan desconexas: la caza animal y la gesti\u00f3n de las subjetividades que supuestamente encarnan un peligro. La met\u00e1fora imbrica y funda sentido y, en consecuencia, introduce un campo de legibilidad desde el cual se puede revisitar y reinterpretar toda una serie de pr\u00e1cticas que orbitan, en torno a la producci\u00f3n de castigo.<\/p>\n<p>El poder y la caza de personas nos narra como hoy encaramos otras guerras, otros cazadores, otras presas. No cabe duda que abordamos una tem\u00e1tica singular que, desde el inicio mismo, conceptualizada en estos t\u00e9rminos, habr\u00eda de comportar sorpresa, cuando no reticencia. \u00bfEstamos ante un poder que caza personas?<\/p>\n<p>Ignacio Mendiola es profesor de sociolog\u00eda en la Universidad del Pa\u00eds Vasco. Sus principales l\u00edneas de investigaci\u00f3n giran en torno al modo en que las relaciones de poder inciden en la producci\u00f3n de subjetividades y espacios, dando para ello una especial importancia a la reflexi\u00f3n sobre biopol\u00edtica y necropol\u00edtica. Ha realizado estancias en las universidades de Lancaster, Buenos Aires, Groningen, Del Minho y en el Dignity &#8211; Danish Institute Against Torture. Es miembro del Grupo de Estudio sobre la Historia de la Prisi\u00f3n y las Instituciones Punitivas.<\/p>\n<p>Ha publicado los libros Elogio de la mentira. En torno a una sociolog\u00eda de la mendacidad (Lengua de Trapo, 2006; traducido al italiano en Tropea Editore, 2008), El jard\u00edn biotecnol\u00f3gico. Tecnociencia, transg\u00e9nicos y biopol\u00edtica (Los libros de la Catarata, 2006) y Habitar lo inhabitable. La pr\u00e1ctica pol\u00edtico-punitiva de la tortura (Bellaterra, 2014). Ha coordinado los libros Rastros y rostros de la biopol\u00edtica (Anthropos, 2009) y Relatos infames. Breves historias de crimen y castigo (Anthropos, 2018; con Daniel Oviedo). Por \u00faltimo, ha participado en el libro colectivo Metropolice. Seguridad y polic\u00eda en la ciudad neoliberal (Traficantes de Sue\u00f1os, 2021).<\/p>\n","protected":false},"excerpt":{"rendered":"<p><strong>Ignacio Mendiola<\/strong><br \/>\n9788418684838 &#8211; Bellaterra &#8211; 2022 &#8211; 304 p\u00e1ginas \/orri.<\/p>\n","protected":false},"featured_media":11136,"template":"","meta":[],"product_brand":[],"product_cat":[181,16],"product_tag":[92,5592],"class_list":{"0":"post-11122","1":"product","2":"type-product","3":"status-publish","4":"has-post-thumbnail","6":"product_cat-bazterketa-soziala-eta-errepresioa-exclusion-social-y-represion","7":"product_cat-libros","8":"product_tag-bellaterra","9":"product_tag-ignacio-mendiola","11":"first","12":"instock","13":"sold-individually","14":"shipping-taxable","15":"purchasable","16":"product-type-simple"},"yoast_head":"<!-- This site is optimized with the Yoast SEO plugin v27.3 - https:\/\/yoast.com\/product\/yoast-seo-wordpress\/ -->\n<title>EL PODER Y LA CAZA DE PERSONAS Frontera, seguridad y necropol\u00edtica &#8212; Zapateneo<\/title>\n<meta name=\"robots\" content=\"index, follow, max-snippet:-1, max-image-preview:large, max-video-preview:-1\" \/>\n<link rel=\"canonical\" href=\"https:\/\/zapateneo.net\/wordpress\/index.php\/producto\/el-poder-y-la-caza-de-personas-frontera-seguridad-y-necropolitica\/\" \/>\n<meta property=\"og:locale\" content=\"es_ES\" \/>\n<meta property=\"og:type\" content=\"article\" \/>\n<meta property=\"og:title\" content=\"EL PODER Y LA CAZA DE PERSONAS Frontera, seguridad y necropol\u00edtica &#8212; Zapateneo\" \/>\n<meta property=\"og:description\" content=\"Ignacio Mendiola 9788418684838 - Bellaterra - 2022 - 304 p\u00e1ginas \/orri.\" \/>\n<meta property=\"og:url\" content=\"https:\/\/zapateneo.net\/wordpress\/index.php\/producto\/el-poder-y-la-caza-de-personas-frontera-seguridad-y-necropolitica\/\" \/>\n<meta property=\"og:site_name\" content=\"Zapateneo\" \/>\n<meta property=\"article:modified_time\" content=\"2022-05-26T17:23:51+00:00\" \/>\n<meta name=\"twitter:card\" content=\"summary_large_image\" \/>\n<meta name=\"twitter:site\" content=\"@zapateneo\" \/>\n<meta name=\"twitter:label1\" content=\"Tiempo de lectura\" \/>\n\t<meta name=\"twitter:data1\" content=\"2 minutos\" \/>\n<script type=\"application\/ld+json\" class=\"yoast-schema-graph\">{\"@context\":\"https:\\\/\\\/schema.org\",\"@graph\":[{\"@type\":\"WebPage\",\"@id\":\"https:\\\/\\\/zapateneo.net\\\/wordpress\\\/index.php\\\/producto\\\/el-poder-y-la-caza-de-personas-frontera-seguridad-y-necropolitica\\\/\",\"url\":\"https:\\\/\\\/zapateneo.net\\\/wordpress\\\/index.php\\\/producto\\\/el-poder-y-la-caza-de-personas-frontera-seguridad-y-necropolitica\\\/\",\"name\":\"EL PODER Y LA CAZA DE PERSONAS Frontera, seguridad y necropol\u00edtica &#8212; Zapateneo\",\"isPartOf\":{\"@id\":\"https:\\\/\\\/zapateneo.net\\\/wordpress\\\/#website\"},\"primaryImageOfPage\":{\"@id\":\"https:\\\/\\\/zapateneo.net\\\/wordpress\\\/index.php\\\/producto\\\/el-poder-y-la-caza-de-personas-frontera-seguridad-y-necropolitica\\\/#primaryimage\"},\"image\":{\"@id\":\"https:\\\/\\\/zapateneo.net\\\/wordpress\\\/index.php\\\/producto\\\/el-poder-y-la-caza-de-personas-frontera-seguridad-y-necropolitica\\\/#primaryimage\"},\"thumbnailUrl\":\"https:\\\/\\\/zapateneo.net\\\/wordpress\\\/wp-content\\\/uploads\\\/2022\\\/05\\\/el-poder-y-la-caza-de-personas-9788418684838.jpg\",\"datePublished\":\"2022-05-26T17:23:45+00:00\",\"dateModified\":\"2022-05-26T17:23:51+00:00\",\"breadcrumb\":{\"@id\":\"https:\\\/\\\/zapateneo.net\\\/wordpress\\\/index.php\\\/producto\\\/el-poder-y-la-caza-de-personas-frontera-seguridad-y-necropolitica\\\/#breadcrumb\"},\"inLanguage\":\"es\",\"potentialAction\":[{\"@type\":\"ReadAction\",\"target\":[\"https:\\\/\\\/zapateneo.net\\\/wordpress\\\/index.php\\\/producto\\\/el-poder-y-la-caza-de-personas-frontera-seguridad-y-necropolitica\\\/\"]}]},{\"@type\":\"ImageObject\",\"inLanguage\":\"es\",\"@id\":\"https:\\\/\\\/zapateneo.net\\\/wordpress\\\/index.php\\\/producto\\\/el-poder-y-la-caza-de-personas-frontera-seguridad-y-necropolitica\\\/#primaryimage\",\"url\":\"https:\\\/\\\/zapateneo.net\\\/wordpress\\\/wp-content\\\/uploads\\\/2022\\\/05\\\/el-poder-y-la-caza-de-personas-9788418684838.jpg\",\"contentUrl\":\"https:\\\/\\\/zapateneo.net\\\/wordpress\\\/wp-content\\\/uploads\\\/2022\\\/05\\\/el-poder-y-la-caza-de-personas-9788418684838.jpg\",\"width\":261,\"height\":400},{\"@type\":\"BreadcrumbList\",\"@id\":\"https:\\\/\\\/zapateneo.net\\\/wordpress\\\/index.php\\\/producto\\\/el-poder-y-la-caza-de-personas-frontera-seguridad-y-necropolitica\\\/#breadcrumb\",\"itemListElement\":[{\"@type\":\"ListItem\",\"position\":1,\"name\":\"Portada\",\"item\":\"https:\\\/\\\/zapateneo.net\\\/wordpress\\\/\"},{\"@type\":\"ListItem\",\"position\":2,\"name\":\"Tienda\",\"item\":\"https:\\\/\\\/zapateneo.net\\\/wordpress\\\/\"},{\"@type\":\"ListItem\",\"position\":3,\"name\":\"EL PODER Y LA CAZA DE PERSONAS Frontera, seguridad y necropol\u00edtica\"}]},{\"@type\":\"WebSite\",\"@id\":\"https:\\\/\\\/zapateneo.net\\\/wordpress\\\/#website\",\"url\":\"https:\\\/\\\/zapateneo.net\\\/wordpress\\\/\",\"name\":\"Zapateneo\",\"description\":\"Zapateneoaren webgunea\",\"publisher\":{\"@id\":\"https:\\\/\\\/zapateneo.net\\\/wordpress\\\/#organization\"},\"potentialAction\":[{\"@type\":\"SearchAction\",\"target\":{\"@type\":\"EntryPoint\",\"urlTemplate\":\"https:\\\/\\\/zapateneo.net\\\/wordpress\\\/?s={search_term_string}\"},\"query-input\":{\"@type\":\"PropertyValueSpecification\",\"valueRequired\":true,\"valueName\":\"search_term_string\"}}],\"inLanguage\":\"es\"},{\"@type\":\"Organization\",\"@id\":\"https:\\\/\\\/zapateneo.net\\\/wordpress\\\/#organization\",\"name\":\"Zapateneo Kultur Elkartea\",\"url\":\"https:\\\/\\\/zapateneo.net\\\/wordpress\\\/\",\"logo\":{\"@type\":\"ImageObject\",\"inLanguage\":\"es\",\"@id\":\"https:\\\/\\\/zapateneo.net\\\/wordpress\\\/#\\\/schema\\\/logo\\\/image\\\/\",\"url\":\"https:\\\/\\\/zapateneo.net\\\/wordpress\\\/wp-content\\\/uploads\\\/2021\\\/04\\\/zap-libu-kolec.jpg\",\"contentUrl\":\"https:\\\/\\\/zapateneo.net\\\/wordpress\\\/wp-content\\\/uploads\\\/2021\\\/04\\\/zap-libu-kolec.jpg\",\"width\":2234,\"height\":398,\"caption\":\"Zapateneo Kultur Elkartea\"},\"image\":{\"@id\":\"https:\\\/\\\/zapateneo.net\\\/wordpress\\\/#\\\/schema\\\/logo\\\/image\\\/\"},\"sameAs\":[\"https:\\\/\\\/x.com\\\/zapateneo\"]}]}<\/script>\n<!-- \/ Yoast SEO plugin. -->","yoast_head_json":{"title":"EL PODER Y LA CAZA DE PERSONAS Frontera, seguridad y necropol\u00edtica &#8212; Zapateneo","robots":{"index":"index","follow":"follow","max-snippet":"max-snippet:-1","max-image-preview":"max-image-preview:large","max-video-preview":"max-video-preview:-1"},"canonical":"https:\/\/zapateneo.net\/wordpress\/index.php\/producto\/el-poder-y-la-caza-de-personas-frontera-seguridad-y-necropolitica\/","og_locale":"es_ES","og_type":"article","og_title":"EL PODER Y LA CAZA DE PERSONAS Frontera, seguridad y necropol\u00edtica &#8212; Zapateneo","og_description":"Ignacio Mendiola 9788418684838 - Bellaterra - 2022 - 304 p\u00e1ginas \/orri.","og_url":"https:\/\/zapateneo.net\/wordpress\/index.php\/producto\/el-poder-y-la-caza-de-personas-frontera-seguridad-y-necropolitica\/","og_site_name":"Zapateneo","article_modified_time":"2022-05-26T17:23:51+00:00","twitter_card":"summary_large_image","twitter_site":"@zapateneo","twitter_misc":{"Tiempo de lectura":"2 minutos"},"schema":{"@context":"https:\/\/schema.org","@graph":[{"@type":"WebPage","@id":"https:\/\/zapateneo.net\/wordpress\/index.php\/producto\/el-poder-y-la-caza-de-personas-frontera-seguridad-y-necropolitica\/","url":"https:\/\/zapateneo.net\/wordpress\/index.php\/producto\/el-poder-y-la-caza-de-personas-frontera-seguridad-y-necropolitica\/","name":"EL PODER Y LA CAZA DE PERSONAS Frontera, seguridad y necropol\u00edtica &#8212; Zapateneo","isPartOf":{"@id":"https:\/\/zapateneo.net\/wordpress\/#website"},"primaryImageOfPage":{"@id":"https:\/\/zapateneo.net\/wordpress\/index.php\/producto\/el-poder-y-la-caza-de-personas-frontera-seguridad-y-necropolitica\/#primaryimage"},"image":{"@id":"https:\/\/zapateneo.net\/wordpress\/index.php\/producto\/el-poder-y-la-caza-de-personas-frontera-seguridad-y-necropolitica\/#primaryimage"},"thumbnailUrl":"https:\/\/zapateneo.net\/wordpress\/wp-content\/uploads\/2022\/05\/el-poder-y-la-caza-de-personas-9788418684838.jpg","datePublished":"2022-05-26T17:23:45+00:00","dateModified":"2022-05-26T17:23:51+00:00","breadcrumb":{"@id":"https:\/\/zapateneo.net\/wordpress\/index.php\/producto\/el-poder-y-la-caza-de-personas-frontera-seguridad-y-necropolitica\/#breadcrumb"},"inLanguage":"es","potentialAction":[{"@type":"ReadAction","target":["https:\/\/zapateneo.net\/wordpress\/index.php\/producto\/el-poder-y-la-caza-de-personas-frontera-seguridad-y-necropolitica\/"]}]},{"@type":"ImageObject","inLanguage":"es","@id":"https:\/\/zapateneo.net\/wordpress\/index.php\/producto\/el-poder-y-la-caza-de-personas-frontera-seguridad-y-necropolitica\/#primaryimage","url":"https:\/\/zapateneo.net\/wordpress\/wp-content\/uploads\/2022\/05\/el-poder-y-la-caza-de-personas-9788418684838.jpg","contentUrl":"https:\/\/zapateneo.net\/wordpress\/wp-content\/uploads\/2022\/05\/el-poder-y-la-caza-de-personas-9788418684838.jpg","width":261,"height":400},{"@type":"BreadcrumbList","@id":"https:\/\/zapateneo.net\/wordpress\/index.php\/producto\/el-poder-y-la-caza-de-personas-frontera-seguridad-y-necropolitica\/#breadcrumb","itemListElement":[{"@type":"ListItem","position":1,"name":"Portada","item":"https:\/\/zapateneo.net\/wordpress\/"},{"@type":"ListItem","position":2,"name":"Tienda","item":"https:\/\/zapateneo.net\/wordpress\/"},{"@type":"ListItem","position":3,"name":"EL PODER Y LA CAZA DE PERSONAS Frontera, seguridad y necropol\u00edtica"}]},{"@type":"WebSite","@id":"https:\/\/zapateneo.net\/wordpress\/#website","url":"https:\/\/zapateneo.net\/wordpress\/","name":"Zapateneo","description":"Zapateneoaren webgunea","publisher":{"@id":"https:\/\/zapateneo.net\/wordpress\/#organization"},"potentialAction":[{"@type":"SearchAction","target":{"@type":"EntryPoint","urlTemplate":"https:\/\/zapateneo.net\/wordpress\/?s={search_term_string}"},"query-input":{"@type":"PropertyValueSpecification","valueRequired":true,"valueName":"search_term_string"}}],"inLanguage":"es"},{"@type":"Organization","@id":"https:\/\/zapateneo.net\/wordpress\/#organization","name":"Zapateneo Kultur Elkartea","url":"https:\/\/zapateneo.net\/wordpress\/","logo":{"@type":"ImageObject","inLanguage":"es","@id":"https:\/\/zapateneo.net\/wordpress\/#\/schema\/logo\/image\/","url":"https:\/\/zapateneo.net\/wordpress\/wp-content\/uploads\/2021\/04\/zap-libu-kolec.jpg","contentUrl":"https:\/\/zapateneo.net\/wordpress\/wp-content\/uploads\/2021\/04\/zap-libu-kolec.jpg","width":2234,"height":398,"caption":"Zapateneo Kultur Elkartea"},"image":{"@id":"https:\/\/zapateneo.net\/wordpress\/#\/schema\/logo\/image\/"},"sameAs":["https:\/\/x.com\/zapateneo"]}]}},"_links":{"self":[{"href":"https:\/\/zapateneo.net\/wordpress\/index.php\/wp-json\/wp\/v2\/product\/11122","targetHints":{"allow":["GET"]}}],"collection":[{"href":"https:\/\/zapateneo.net\/wordpress\/index.php\/wp-json\/wp\/v2\/product"}],"about":[{"href":"https:\/\/zapateneo.net\/wordpress\/index.php\/wp-json\/wp\/v2\/types\/product"}],"wp:featuredmedia":[{"embeddable":true,"href":"https:\/\/zapateneo.net\/wordpress\/index.php\/wp-json\/wp\/v2\/media\/11136"}],"wp:attachment":[{"href":"https:\/\/zapateneo.net\/wordpress\/index.php\/wp-json\/wp\/v2\/media?parent=11122"}],"wp:term":[{"taxonomy":"product_brand","embeddable":true,"href":"https:\/\/zapateneo.net\/wordpress\/index.php\/wp-json\/wp\/v2\/product_brand?post=11122"},{"taxonomy":"product_cat","embeddable":true,"href":"https:\/\/zapateneo.net\/wordpress\/index.php\/wp-json\/wp\/v2\/product_cat?post=11122"},{"taxonomy":"product_tag","embeddable":true,"href":"https:\/\/zapateneo.net\/wordpress\/index.php\/wp-json\/wp\/v2\/product_tag?post=11122"}],"curies":[{"name":"wp","href":"https:\/\/api.w.org\/{rel}","templated":true}]}}