{"id":1112,"date":"2021-04-07T07:46:46","date_gmt":"2021-04-07T06:46:46","guid":{"rendered":"https:\/\/zapateneo.net\/wordpress\/?post_type=product&#038;p=1112"},"modified":"2021-04-07T07:47:06","modified_gmt":"2021-04-07T06:47:06","slug":"cadaver-a-la-intemperie-para-una-critica-radical-a-las-sociedades-democraticas-occidentales","status":"publish","type":"product","link":"https:\/\/zapateneo.net\/wordpress\/index.php\/producto\/cadaver-a-la-intemperie-para-una-critica-radical-a-las-sociedades-democraticas-occidentales\/","title":{"rendered":"Cad\u00e1ver a la intemperie. Para una cr\u00edtica radical a las sociedades democr\u00e1ticas occidentales"},"content":{"rendered":"<p><span><\/p>\n<p>&nbsp;<\/p>\n<p><span> <\/span><\/p>\n<p>&nbsp;<\/p>\n<p><span> <\/span><\/p>\n<p>&nbsp;<\/p>\n<p><span> <\/span><\/p>\n<p>&nbsp;<\/p>\n<p><span> <\/span><\/p>\n<p>&nbsp;<\/p>\n<p><span> <\/span><\/p>\n<p>&nbsp;<\/p>\n<p><span> <\/span><\/p>\n<p>&nbsp;<\/p>\n<p><span> <\/span><\/p>\n<p>&nbsp;<\/p>\n<p><span> <\/span><\/p>\n<p>&nbsp;<\/p>\n<h4 style=\"text-align: left;\">Dedicatoria:<\/h4>\n<p><em>Hay quien vive en el hoyo y ya ni siquiera desea escapar;<\/em><\/p>\n<p><em>hay quien se consume en la celda de esa ordinaria locura<\/em><\/p>\n<p><em>que nombramos &ldquo;sensatez&rdquo;<\/em><\/p>\n<p><em>y solo le opone la m&aacute;s disminuida de las quejas;<\/em><\/p>\n<p><em>hay gentes &ldquo;instaladas&rdquo;, rindiendo culto todos los d&iacute;as al Beneficio<\/em><\/p>\n<p><em>y a la peque&ntilde;a cuota de Poder,<\/em><\/p>\n<p><em>en detrimento de s&iacute; mismas y en explotaci&oacute;n de sus semejantes;<\/em><\/p>\n<p><em>hay hombres de pensamiento recto, cuya reflexi&oacute;n nace por tanto muerta,<\/em><\/p>\n<p><em>y de emotividad en calma, pues huy&oacute; de ellos el coraz&oacute;n<\/em><\/p>\n<p><em>dejando en su lugar un hueco anonadante.<\/em><\/p>\n<p><em>As&iacute; es la inmensa mayor&iacute;a de los occidentales,<\/em><\/p>\n<p><em>y as&iacute; son tambi&eacute;n demasiadas minor&iacute;as en Occidente.<\/em><\/p>\n<p><em>Contra tales moribundos que matan &ldquo;esgrimo&rdquo; este libro,<\/em><\/p>\n<p><em>que dedico<strong> a cuantos a&uacute;n no se nos parecen<\/strong>.<\/em><br \/> <em> <\/em><\/p>\n<p>&nbsp;<\/p>\n<p>Logofobia nos ha editado<em><strong> &ldquo;Cad&aacute;ver a la intemperie. Para una cr&iacute;tica radical de las sociedades democr&aacute;ticas occidentales&rdquo;<\/strong><\/em>. Esta obra, extensa, consta de los siguientes cap&iacute;tulos:<\/p>\n<p>I) La patria y el viaje del Demofascismo. Nota para estropear lectores (Pr&oacute;logo)<\/p>\n<p><strong>II) El despotismo de las democracias. Psicopol&iacute;tica del autoritarismo difuso y de la auto-coerci&oacute;n<\/strong><\/p>\n<p><strong>III) Cultura etnocida y exterminista. En torno a la &ldquo;farsa sangrienta&rdquo; del Liberalismo<\/strong><\/p>\n<p><strong>IV) La gesti&oacute;n de la desobediencia: transgresi&oacute;n inducida, conflictividad conservadora (Caleidoscopio de las luchas)<\/strong><\/p>\n<p>V) Los m&aacute;s feos de los hombres (Ep&iacute;logo)<\/p>\n<p>&nbsp;<\/p>\n<p>&nbsp;<\/p>\n<p>&nbsp;<\/p>\n<p>&nbsp;<\/p>\n<p>&nbsp;<\/p>\n<p>&nbsp;<\/p>\n<p>&nbsp;<\/p>\n<p>&nbsp;<\/p>\n<p>&nbsp;<\/p>\n<p>&nbsp;<\/p>\n<p>&nbsp;<\/p>\n<p>&nbsp;<\/p>\n<p>&nbsp;<\/p>\n<p>&nbsp;<\/p>\n<p>&nbsp;<\/p>\n<p>&nbsp;<\/p>\n<p>&nbsp;<\/p>\n<p><\/span><\/p>\n","protected":false},"excerpt":{"rendered":"<p><strong>Pedro Garc\u00eda Olivo<\/strong><br \/>\n9788461646081 &#8211; Logofobia &#038; colla Ecologista i cultural &#8211; 2013 &#8211; 431 p\u00e1ginas \/orri.<\/p>\n","protected":false},"featured_media":1142,"template":"","meta":[],"product_brand":[],"product_cat":[16,173],"product_tag":[923,922],"class_list":{"0":"post-1112","1":"product","2":"type-product","3":"status-publish","4":"has-post-thumbnail","6":"product_cat-libros","7":"product_cat-saiakera-ensayo","8":"product_tag-logofobia-colla-ecologista-i-cultural","9":"product_tag-pedro-garcia-olivo","11":"first","12":"instock","13":"sold-individually","14":"shipping-taxable","15":"purchasable","16":"product-type-simple"},"yoast_head":"<!-- This site is optimized with the Yoast SEO plugin v27.3 - https:\/\/yoast.com\/product\/yoast-seo-wordpress\/ -->\n<title>Cad\u00e1ver a la intemperie. Para una cr\u00edtica radical a las sociedades democr\u00e1ticas occidentales &#8212; Zapateneo<\/title>\n<meta name=\"robots\" content=\"index, follow, max-snippet:-1, max-image-preview:large, max-video-preview:-1\" \/>\n<link rel=\"canonical\" href=\"https:\/\/zapateneo.net\/wordpress\/index.php\/producto\/cadaver-a-la-intemperie-para-una-critica-radical-a-las-sociedades-democraticas-occidentales\/\" \/>\n<meta property=\"og:locale\" content=\"es_ES\" \/>\n<meta property=\"og:type\" content=\"article\" \/>\n<meta property=\"og:title\" content=\"Cad\u00e1ver a la intemperie. Para una cr\u00edtica radical a las sociedades democr\u00e1ticas occidentales &#8212; Zapateneo\" \/>\n<meta property=\"og:description\" content=\"Pedro Garc\u00eda Olivo 9788461646081 - Logofobia &amp; colla Ecologista i cultural - 2013 - 431 p\u00e1ginas \/orri.\" \/>\n<meta property=\"og:url\" content=\"https:\/\/zapateneo.net\/wordpress\/index.php\/producto\/cadaver-a-la-intemperie-para-una-critica-radical-a-las-sociedades-democraticas-occidentales\/\" \/>\n<meta property=\"og:site_name\" content=\"Zapateneo\" \/>\n<meta property=\"article:modified_time\" content=\"2021-04-07T06:47:06+00:00\" \/>\n<meta property=\"og:image\" content=\"https:\/\/zapateneo.net\/wordpress\/wp-content\/uploads\/2021\/04\/7578.png\" \/>\n\t<meta property=\"og:image:width\" content=\"500\" \/>\n\t<meta property=\"og:image:height\" content=\"500\" \/>\n\t<meta property=\"og:image:type\" content=\"image\/png\" \/>\n<meta name=\"twitter:card\" content=\"summary_large_image\" \/>\n<meta name=\"twitter:site\" content=\"@zapateneo\" \/>\n<meta name=\"twitter:label1\" content=\"Tiempo de lectura\" \/>\n\t<meta name=\"twitter:data1\" content=\"1 minuto\" \/>\n<script type=\"application\/ld+json\" class=\"yoast-schema-graph\">{\"@context\":\"https:\\\/\\\/schema.org\",\"@graph\":[{\"@type\":\"WebPage\",\"@id\":\"https:\\\/\\\/zapateneo.net\\\/wordpress\\\/index.php\\\/producto\\\/cadaver-a-la-intemperie-para-una-critica-radical-a-las-sociedades-democraticas-occidentales\\\/\",\"url\":\"https:\\\/\\\/zapateneo.net\\\/wordpress\\\/index.php\\\/producto\\\/cadaver-a-la-intemperie-para-una-critica-radical-a-las-sociedades-democraticas-occidentales\\\/\",\"name\":\"Cad\u00e1ver a la intemperie. Para una cr\u00edtica radical a las sociedades democr\u00e1ticas occidentales &#8212; Zapateneo\",\"isPartOf\":{\"@id\":\"https:\\\/\\\/zapateneo.net\\\/wordpress\\\/#website\"},\"primaryImageOfPage\":{\"@id\":\"https:\\\/\\\/zapateneo.net\\\/wordpress\\\/index.php\\\/producto\\\/cadaver-a-la-intemperie-para-una-critica-radical-a-las-sociedades-democraticas-occidentales\\\/#primaryimage\"},\"image\":{\"@id\":\"https:\\\/\\\/zapateneo.net\\\/wordpress\\\/index.php\\\/producto\\\/cadaver-a-la-intemperie-para-una-critica-radical-a-las-sociedades-democraticas-occidentales\\\/#primaryimage\"},\"thumbnailUrl\":\"https:\\\/\\\/zapateneo.net\\\/wordpress\\\/wp-content\\\/uploads\\\/2021\\\/04\\\/7578.png\",\"datePublished\":\"2021-04-07T06:46:46+00:00\",\"dateModified\":\"2021-04-07T06:47:06+00:00\",\"breadcrumb\":{\"@id\":\"https:\\\/\\\/zapateneo.net\\\/wordpress\\\/index.php\\\/producto\\\/cadaver-a-la-intemperie-para-una-critica-radical-a-las-sociedades-democraticas-occidentales\\\/#breadcrumb\"},\"inLanguage\":\"es\",\"potentialAction\":[{\"@type\":\"ReadAction\",\"target\":[\"https:\\\/\\\/zapateneo.net\\\/wordpress\\\/index.php\\\/producto\\\/cadaver-a-la-intemperie-para-una-critica-radical-a-las-sociedades-democraticas-occidentales\\\/\"]}]},{\"@type\":\"ImageObject\",\"inLanguage\":\"es\",\"@id\":\"https:\\\/\\\/zapateneo.net\\\/wordpress\\\/index.php\\\/producto\\\/cadaver-a-la-intemperie-para-una-critica-radical-a-las-sociedades-democraticas-occidentales\\\/#primaryimage\",\"url\":\"https:\\\/\\\/zapateneo.net\\\/wordpress\\\/wp-content\\\/uploads\\\/2021\\\/04\\\/7578.png\",\"contentUrl\":\"https:\\\/\\\/zapateneo.net\\\/wordpress\\\/wp-content\\\/uploads\\\/2021\\\/04\\\/7578.png\",\"width\":500,\"height\":500},{\"@type\":\"BreadcrumbList\",\"@id\":\"https:\\\/\\\/zapateneo.net\\\/wordpress\\\/index.php\\\/producto\\\/cadaver-a-la-intemperie-para-una-critica-radical-a-las-sociedades-democraticas-occidentales\\\/#breadcrumb\",\"itemListElement\":[{\"@type\":\"ListItem\",\"position\":1,\"name\":\"Portada\",\"item\":\"https:\\\/\\\/zapateneo.net\\\/wordpress\\\/\"},{\"@type\":\"ListItem\",\"position\":2,\"name\":\"Tienda\",\"item\":\"https:\\\/\\\/zapateneo.net\\\/wordpress\\\/\"},{\"@type\":\"ListItem\",\"position\":3,\"name\":\"Cad\u00e1ver a la intemperie. Para una cr\u00edtica radical a las sociedades democr\u00e1ticas occidentales\"}]},{\"@type\":\"WebSite\",\"@id\":\"https:\\\/\\\/zapateneo.net\\\/wordpress\\\/#website\",\"url\":\"https:\\\/\\\/zapateneo.net\\\/wordpress\\\/\",\"name\":\"Zapateneo\",\"description\":\"Zapateneoaren webgunea\",\"publisher\":{\"@id\":\"https:\\\/\\\/zapateneo.net\\\/wordpress\\\/#organization\"},\"potentialAction\":[{\"@type\":\"SearchAction\",\"target\":{\"@type\":\"EntryPoint\",\"urlTemplate\":\"https:\\\/\\\/zapateneo.net\\\/wordpress\\\/?s={search_term_string}\"},\"query-input\":{\"@type\":\"PropertyValueSpecification\",\"valueRequired\":true,\"valueName\":\"search_term_string\"}}],\"inLanguage\":\"es\"},{\"@type\":\"Organization\",\"@id\":\"https:\\\/\\\/zapateneo.net\\\/wordpress\\\/#organization\",\"name\":\"Zapateneo Kultur Elkartea\",\"url\":\"https:\\\/\\\/zapateneo.net\\\/wordpress\\\/\",\"logo\":{\"@type\":\"ImageObject\",\"inLanguage\":\"es\",\"@id\":\"https:\\\/\\\/zapateneo.net\\\/wordpress\\\/#\\\/schema\\\/logo\\\/image\\\/\",\"url\":\"https:\\\/\\\/zapateneo.net\\\/wordpress\\\/wp-content\\\/uploads\\\/2021\\\/04\\\/zap-libu-kolec.jpg\",\"contentUrl\":\"https:\\\/\\\/zapateneo.net\\\/wordpress\\\/wp-content\\\/uploads\\\/2021\\\/04\\\/zap-libu-kolec.jpg\",\"width\":2234,\"height\":398,\"caption\":\"Zapateneo Kultur Elkartea\"},\"image\":{\"@id\":\"https:\\\/\\\/zapateneo.net\\\/wordpress\\\/#\\\/schema\\\/logo\\\/image\\\/\"},\"sameAs\":[\"https:\\\/\\\/x.com\\\/zapateneo\"]}]}<\/script>\n<!-- \/ Yoast SEO plugin. -->","yoast_head_json":{"title":"Cad\u00e1ver a la intemperie. Para una cr\u00edtica radical a las sociedades democr\u00e1ticas occidentales &#8212; Zapateneo","robots":{"index":"index","follow":"follow","max-snippet":"max-snippet:-1","max-image-preview":"max-image-preview:large","max-video-preview":"max-video-preview:-1"},"canonical":"https:\/\/zapateneo.net\/wordpress\/index.php\/producto\/cadaver-a-la-intemperie-para-una-critica-radical-a-las-sociedades-democraticas-occidentales\/","og_locale":"es_ES","og_type":"article","og_title":"Cad\u00e1ver a la intemperie. Para una cr\u00edtica radical a las sociedades democr\u00e1ticas occidentales &#8212; Zapateneo","og_description":"Pedro Garc\u00eda Olivo 9788461646081 - Logofobia & colla Ecologista i cultural - 2013 - 431 p\u00e1ginas \/orri.","og_url":"https:\/\/zapateneo.net\/wordpress\/index.php\/producto\/cadaver-a-la-intemperie-para-una-critica-radical-a-las-sociedades-democraticas-occidentales\/","og_site_name":"Zapateneo","article_modified_time":"2021-04-07T06:47:06+00:00","og_image":[{"width":500,"height":500,"url":"https:\/\/zapateneo.net\/wordpress\/wp-content\/uploads\/2021\/04\/7578.png","type":"image\/png"}],"twitter_card":"summary_large_image","twitter_site":"@zapateneo","twitter_misc":{"Tiempo de lectura":"1 minuto"},"schema":{"@context":"https:\/\/schema.org","@graph":[{"@type":"WebPage","@id":"https:\/\/zapateneo.net\/wordpress\/index.php\/producto\/cadaver-a-la-intemperie-para-una-critica-radical-a-las-sociedades-democraticas-occidentales\/","url":"https:\/\/zapateneo.net\/wordpress\/index.php\/producto\/cadaver-a-la-intemperie-para-una-critica-radical-a-las-sociedades-democraticas-occidentales\/","name":"Cad\u00e1ver a la intemperie. Para una cr\u00edtica radical a las sociedades democr\u00e1ticas occidentales &#8212; Zapateneo","isPartOf":{"@id":"https:\/\/zapateneo.net\/wordpress\/#website"},"primaryImageOfPage":{"@id":"https:\/\/zapateneo.net\/wordpress\/index.php\/producto\/cadaver-a-la-intemperie-para-una-critica-radical-a-las-sociedades-democraticas-occidentales\/#primaryimage"},"image":{"@id":"https:\/\/zapateneo.net\/wordpress\/index.php\/producto\/cadaver-a-la-intemperie-para-una-critica-radical-a-las-sociedades-democraticas-occidentales\/#primaryimage"},"thumbnailUrl":"https:\/\/zapateneo.net\/wordpress\/wp-content\/uploads\/2021\/04\/7578.png","datePublished":"2021-04-07T06:46:46+00:00","dateModified":"2021-04-07T06:47:06+00:00","breadcrumb":{"@id":"https:\/\/zapateneo.net\/wordpress\/index.php\/producto\/cadaver-a-la-intemperie-para-una-critica-radical-a-las-sociedades-democraticas-occidentales\/#breadcrumb"},"inLanguage":"es","potentialAction":[{"@type":"ReadAction","target":["https:\/\/zapateneo.net\/wordpress\/index.php\/producto\/cadaver-a-la-intemperie-para-una-critica-radical-a-las-sociedades-democraticas-occidentales\/"]}]},{"@type":"ImageObject","inLanguage":"es","@id":"https:\/\/zapateneo.net\/wordpress\/index.php\/producto\/cadaver-a-la-intemperie-para-una-critica-radical-a-las-sociedades-democraticas-occidentales\/#primaryimage","url":"https:\/\/zapateneo.net\/wordpress\/wp-content\/uploads\/2021\/04\/7578.png","contentUrl":"https:\/\/zapateneo.net\/wordpress\/wp-content\/uploads\/2021\/04\/7578.png","width":500,"height":500},{"@type":"BreadcrumbList","@id":"https:\/\/zapateneo.net\/wordpress\/index.php\/producto\/cadaver-a-la-intemperie-para-una-critica-radical-a-las-sociedades-democraticas-occidentales\/#breadcrumb","itemListElement":[{"@type":"ListItem","position":1,"name":"Portada","item":"https:\/\/zapateneo.net\/wordpress\/"},{"@type":"ListItem","position":2,"name":"Tienda","item":"https:\/\/zapateneo.net\/wordpress\/"},{"@type":"ListItem","position":3,"name":"Cad\u00e1ver a la intemperie. Para una cr\u00edtica radical a las sociedades democr\u00e1ticas occidentales"}]},{"@type":"WebSite","@id":"https:\/\/zapateneo.net\/wordpress\/#website","url":"https:\/\/zapateneo.net\/wordpress\/","name":"Zapateneo","description":"Zapateneoaren webgunea","publisher":{"@id":"https:\/\/zapateneo.net\/wordpress\/#organization"},"potentialAction":[{"@type":"SearchAction","target":{"@type":"EntryPoint","urlTemplate":"https:\/\/zapateneo.net\/wordpress\/?s={search_term_string}"},"query-input":{"@type":"PropertyValueSpecification","valueRequired":true,"valueName":"search_term_string"}}],"inLanguage":"es"},{"@type":"Organization","@id":"https:\/\/zapateneo.net\/wordpress\/#organization","name":"Zapateneo Kultur Elkartea","url":"https:\/\/zapateneo.net\/wordpress\/","logo":{"@type":"ImageObject","inLanguage":"es","@id":"https:\/\/zapateneo.net\/wordpress\/#\/schema\/logo\/image\/","url":"https:\/\/zapateneo.net\/wordpress\/wp-content\/uploads\/2021\/04\/zap-libu-kolec.jpg","contentUrl":"https:\/\/zapateneo.net\/wordpress\/wp-content\/uploads\/2021\/04\/zap-libu-kolec.jpg","width":2234,"height":398,"caption":"Zapateneo Kultur Elkartea"},"image":{"@id":"https:\/\/zapateneo.net\/wordpress\/#\/schema\/logo\/image\/"},"sameAs":["https:\/\/x.com\/zapateneo"]}]}},"_links":{"self":[{"href":"https:\/\/zapateneo.net\/wordpress\/index.php\/wp-json\/wp\/v2\/product\/1112","targetHints":{"allow":["GET"]}}],"collection":[{"href":"https:\/\/zapateneo.net\/wordpress\/index.php\/wp-json\/wp\/v2\/product"}],"about":[{"href":"https:\/\/zapateneo.net\/wordpress\/index.php\/wp-json\/wp\/v2\/types\/product"}],"wp:featuredmedia":[{"embeddable":true,"href":"https:\/\/zapateneo.net\/wordpress\/index.php\/wp-json\/wp\/v2\/media\/1142"}],"wp:attachment":[{"href":"https:\/\/zapateneo.net\/wordpress\/index.php\/wp-json\/wp\/v2\/media?parent=1112"}],"wp:term":[{"taxonomy":"product_brand","embeddable":true,"href":"https:\/\/zapateneo.net\/wordpress\/index.php\/wp-json\/wp\/v2\/product_brand?post=1112"},{"taxonomy":"product_cat","embeddable":true,"href":"https:\/\/zapateneo.net\/wordpress\/index.php\/wp-json\/wp\/v2\/product_cat?post=1112"},{"taxonomy":"product_tag","embeddable":true,"href":"https:\/\/zapateneo.net\/wordpress\/index.php\/wp-json\/wp\/v2\/product_tag?post=1112"}],"curies":[{"name":"wp","href":"https:\/\/api.w.org\/{rel}","templated":true}]}}