{"id":11053,"date":"2022-05-22T16:59:57","date_gmt":"2022-05-22T15:59:57","guid":{"rendered":"https:\/\/zapateneo.net\/wordpress\/?post_type=product&#038;p=11053"},"modified":"2022-05-22T17:00:15","modified_gmt":"2022-05-22T16:00:15","slug":"caleidoscopio-animal","status":"publish","type":"product","link":"https:\/\/zapateneo.net\/wordpress\/index.php\/producto\/caleidoscopio-animal\/","title":{"rendered":"CALEIDOSCOPIO ANIMAL"},"content":{"rendered":"<p>\u00abM\u00e1s de ocho millones de especies animales nadan, sobrevuelan, acechan y se deslizan por nuestro planeta, mientras lucen bajo el sol su asombrosa gama de tonos y estampados. Pero \u00bfcu\u00e1l es el porqu\u00e9 de sus hermosos colores?\u00bb Este libro re\u00fane a las criaturas m\u00e1s coloridas y fascinantes de los cinco continentes. Una clasificaci\u00f3n, tan l\u00fadica como interesante, que pone el \u00e9nfasis en las incre\u00edbles envolturas y apariencias del mundo animal.<\/p>\n<p>\u00bfPor qu\u00e9 algunos animales optan por una capa de un \u00fanico color, mientras que otros prefieren un crisol de tonalidades? \u00bfQu\u00e9 funci\u00f3n tienen las manchas y las rayas? \u00bfPor qu\u00e9 algunas cr\u00edas son tan diferentes a sus padres? En este viaje a trav\u00e9s del arco\u00edris de nuestra fauna descubriremos desde p\u00e1jaros con plumas iridiscentes y gatos de pelaje sofisticado hasta peces con escamas relucientes y ranas de piel venenosa. Todos estos curiosos revestimientos tienen una raz\u00f3n de ser: ayudan a los animales a sobrevivir y a proliferar. Los patrones de su piel, sus atrevidos dibujos y llamativos colores nos ayudan a distinguir entre machos y hembras, entre j\u00f3venes y adultos; tambi\u00e9n a diferenciar qui\u00e9nes son d\u00e9biles o fuertes. Sea cual sea su prop\u00f3sito, los colores y dise\u00f1os de las criaturas hacen de nuestro mundo un lugar m\u00e1s bello e interesante.<\/p>\n<p>La original organizaci\u00f3n de Carth Ard \u2014por gama de colores, patr\u00f3n, caracter\u00edsticas f\u00edsicas o t\u00e9cnica de camuflaje\u2014 consigue unir m\u00e1s de trescientas criaturas de tama\u00f1o, comportamiento y h\u00e1bitat dispares. Greer Stothers utiliza la impresi\u00f3n en risograf\u00eda y una paleta de colores brillantes para crear unas atractivas ilustraciones a doble p\u00e1gina, a la vez que juega con la simetr\u00eda y la disposici\u00f3n de los diferentes animales provocando un efecto caleidosc\u00f3pico de gran potencia gr\u00e1fica.<\/p>\n<p>Este \u00e1lbum informativo sobre historia natural, f\u00e1cil de leer y recordar, despertar\u00e1 la curiosidad de los primeros lectores y les permitir\u00e1 aprender infinidad de datos sorprendentes sobre las diversas especies que habitan nuestro mundo. Caleidoscopio animal incluye, tambi\u00e9n, gr\u00e1ficos ilustrados sobre la clasificaci\u00f3n cient\u00edfica de los animales y sus caracter\u00edsticas, adem\u00e1s de un glosario y algunos sencillos consejos para cuidar y proteger la fauna que nos rodea.<\/p>\n","protected":false},"excerpt":{"rendered":"<p><strong>Cath Ard, Greer Stothers<\/strong><br \/>\n9788412270594 &#8211; Zorro rojo &#8211; 2021 &#8211; 64 p\u00e1ginas \/orri.<\/p>\n","protected":false},"featured_media":11083,"template":"","meta":[],"product_brand":[],"product_cat":[172,16],"product_tag":[5560,5561,5116],"class_list":{"0":"post-11053","1":"product","2":"type-product","3":"status-publish","4":"has-post-thumbnail","6":"product_cat-ipuinak-cuentos","7":"product_cat-libros","8":"product_tag-cath-ard","9":"product_tag-greer-stothers","10":"product_tag-zorro-rojo","12":"first","13":"instock","14":"sold-individually","15":"shipping-taxable","16":"purchasable","17":"product-type-simple"},"yoast_head":"<!-- This site is optimized with the Yoast SEO plugin v27.3 - https:\/\/yoast.com\/product\/yoast-seo-wordpress\/ -->\n<title>CALEIDOSCOPIO ANIMAL &#8212; Zapateneo<\/title>\n<meta name=\"robots\" content=\"index, follow, max-snippet:-1, max-image-preview:large, max-video-preview:-1\" \/>\n<link rel=\"canonical\" href=\"https:\/\/zapateneo.net\/wordpress\/index.php\/producto\/caleidoscopio-animal\/\" \/>\n<meta property=\"og:locale\" content=\"es_ES\" \/>\n<meta property=\"og:type\" content=\"article\" \/>\n<meta property=\"og:title\" content=\"CALEIDOSCOPIO ANIMAL &#8212; Zapateneo\" \/>\n<meta property=\"og:description\" content=\"Cath Ard, Greer Stothers 9788412270594 - Zorro rojo - 2021 - 64 p\u00e1ginas \/orri.\" \/>\n<meta property=\"og:url\" content=\"https:\/\/zapateneo.net\/wordpress\/index.php\/producto\/caleidoscopio-animal\/\" \/>\n<meta property=\"og:site_name\" content=\"Zapateneo\" \/>\n<meta property=\"article:modified_time\" content=\"2022-05-22T16:00:15+00:00\" \/>\n<meta name=\"twitter:card\" content=\"summary_large_image\" \/>\n<meta name=\"twitter:site\" content=\"@zapateneo\" \/>\n<meta name=\"twitter:label1\" content=\"Tiempo de lectura\" \/>\n\t<meta name=\"twitter:data1\" content=\"2 minutos\" \/>\n<script type=\"application\/ld+json\" class=\"yoast-schema-graph\">{\"@context\":\"https:\\\/\\\/schema.org\",\"@graph\":[{\"@type\":\"WebPage\",\"@id\":\"https:\\\/\\\/zapateneo.net\\\/wordpress\\\/index.php\\\/producto\\\/caleidoscopio-animal\\\/\",\"url\":\"https:\\\/\\\/zapateneo.net\\\/wordpress\\\/index.php\\\/producto\\\/caleidoscopio-animal\\\/\",\"name\":\"CALEIDOSCOPIO ANIMAL &#8212; Zapateneo\",\"isPartOf\":{\"@id\":\"https:\\\/\\\/zapateneo.net\\\/wordpress\\\/#website\"},\"primaryImageOfPage\":{\"@id\":\"https:\\\/\\\/zapateneo.net\\\/wordpress\\\/index.php\\\/producto\\\/caleidoscopio-animal\\\/#primaryimage\"},\"image\":{\"@id\":\"https:\\\/\\\/zapateneo.net\\\/wordpress\\\/index.php\\\/producto\\\/caleidoscopio-animal\\\/#primaryimage\"},\"thumbnailUrl\":\"https:\\\/\\\/zapateneo.net\\\/wordpress\\\/wp-content\\\/uploads\\\/2022\\\/05\\\/caleidoscopio-animal.png\",\"datePublished\":\"2022-05-22T15:59:57+00:00\",\"dateModified\":\"2022-05-22T16:00:15+00:00\",\"breadcrumb\":{\"@id\":\"https:\\\/\\\/zapateneo.net\\\/wordpress\\\/index.php\\\/producto\\\/caleidoscopio-animal\\\/#breadcrumb\"},\"inLanguage\":\"es\",\"potentialAction\":[{\"@type\":\"ReadAction\",\"target\":[\"https:\\\/\\\/zapateneo.net\\\/wordpress\\\/index.php\\\/producto\\\/caleidoscopio-animal\\\/\"]}]},{\"@type\":\"ImageObject\",\"inLanguage\":\"es\",\"@id\":\"https:\\\/\\\/zapateneo.net\\\/wordpress\\\/index.php\\\/producto\\\/caleidoscopio-animal\\\/#primaryimage\",\"url\":\"https:\\\/\\\/zapateneo.net\\\/wordpress\\\/wp-content\\\/uploads\\\/2022\\\/05\\\/caleidoscopio-animal.png\",\"contentUrl\":\"https:\\\/\\\/zapateneo.net\\\/wordpress\\\/wp-content\\\/uploads\\\/2022\\\/05\\\/caleidoscopio-animal.png\",\"width\":313,\"height\":400},{\"@type\":\"BreadcrumbList\",\"@id\":\"https:\\\/\\\/zapateneo.net\\\/wordpress\\\/index.php\\\/producto\\\/caleidoscopio-animal\\\/#breadcrumb\",\"itemListElement\":[{\"@type\":\"ListItem\",\"position\":1,\"name\":\"Portada\",\"item\":\"https:\\\/\\\/zapateneo.net\\\/wordpress\\\/\"},{\"@type\":\"ListItem\",\"position\":2,\"name\":\"Tienda\",\"item\":\"https:\\\/\\\/zapateneo.net\\\/wordpress\\\/\"},{\"@type\":\"ListItem\",\"position\":3,\"name\":\"CALEIDOSCOPIO ANIMAL\"}]},{\"@type\":\"WebSite\",\"@id\":\"https:\\\/\\\/zapateneo.net\\\/wordpress\\\/#website\",\"url\":\"https:\\\/\\\/zapateneo.net\\\/wordpress\\\/\",\"name\":\"Zapateneo\",\"description\":\"Zapateneoaren webgunea\",\"publisher\":{\"@id\":\"https:\\\/\\\/zapateneo.net\\\/wordpress\\\/#organization\"},\"potentialAction\":[{\"@type\":\"SearchAction\",\"target\":{\"@type\":\"EntryPoint\",\"urlTemplate\":\"https:\\\/\\\/zapateneo.net\\\/wordpress\\\/?s={search_term_string}\"},\"query-input\":{\"@type\":\"PropertyValueSpecification\",\"valueRequired\":true,\"valueName\":\"search_term_string\"}}],\"inLanguage\":\"es\"},{\"@type\":\"Organization\",\"@id\":\"https:\\\/\\\/zapateneo.net\\\/wordpress\\\/#organization\",\"name\":\"Zapateneo Kultur Elkartea\",\"url\":\"https:\\\/\\\/zapateneo.net\\\/wordpress\\\/\",\"logo\":{\"@type\":\"ImageObject\",\"inLanguage\":\"es\",\"@id\":\"https:\\\/\\\/zapateneo.net\\\/wordpress\\\/#\\\/schema\\\/logo\\\/image\\\/\",\"url\":\"https:\\\/\\\/zapateneo.net\\\/wordpress\\\/wp-content\\\/uploads\\\/2021\\\/04\\\/zap-libu-kolec.jpg\",\"contentUrl\":\"https:\\\/\\\/zapateneo.net\\\/wordpress\\\/wp-content\\\/uploads\\\/2021\\\/04\\\/zap-libu-kolec.jpg\",\"width\":2234,\"height\":398,\"caption\":\"Zapateneo Kultur Elkartea\"},\"image\":{\"@id\":\"https:\\\/\\\/zapateneo.net\\\/wordpress\\\/#\\\/schema\\\/logo\\\/image\\\/\"},\"sameAs\":[\"https:\\\/\\\/x.com\\\/zapateneo\"]}]}<\/script>\n<!-- \/ Yoast SEO plugin. -->","yoast_head_json":{"title":"CALEIDOSCOPIO ANIMAL &#8212; Zapateneo","robots":{"index":"index","follow":"follow","max-snippet":"max-snippet:-1","max-image-preview":"max-image-preview:large","max-video-preview":"max-video-preview:-1"},"canonical":"https:\/\/zapateneo.net\/wordpress\/index.php\/producto\/caleidoscopio-animal\/","og_locale":"es_ES","og_type":"article","og_title":"CALEIDOSCOPIO ANIMAL &#8212; Zapateneo","og_description":"Cath Ard, Greer Stothers 9788412270594 - Zorro rojo - 2021 - 64 p\u00e1ginas \/orri.","og_url":"https:\/\/zapateneo.net\/wordpress\/index.php\/producto\/caleidoscopio-animal\/","og_site_name":"Zapateneo","article_modified_time":"2022-05-22T16:00:15+00:00","twitter_card":"summary_large_image","twitter_site":"@zapateneo","twitter_misc":{"Tiempo de lectura":"2 minutos"},"schema":{"@context":"https:\/\/schema.org","@graph":[{"@type":"WebPage","@id":"https:\/\/zapateneo.net\/wordpress\/index.php\/producto\/caleidoscopio-animal\/","url":"https:\/\/zapateneo.net\/wordpress\/index.php\/producto\/caleidoscopio-animal\/","name":"CALEIDOSCOPIO ANIMAL &#8212; Zapateneo","isPartOf":{"@id":"https:\/\/zapateneo.net\/wordpress\/#website"},"primaryImageOfPage":{"@id":"https:\/\/zapateneo.net\/wordpress\/index.php\/producto\/caleidoscopio-animal\/#primaryimage"},"image":{"@id":"https:\/\/zapateneo.net\/wordpress\/index.php\/producto\/caleidoscopio-animal\/#primaryimage"},"thumbnailUrl":"https:\/\/zapateneo.net\/wordpress\/wp-content\/uploads\/2022\/05\/caleidoscopio-animal.png","datePublished":"2022-05-22T15:59:57+00:00","dateModified":"2022-05-22T16:00:15+00:00","breadcrumb":{"@id":"https:\/\/zapateneo.net\/wordpress\/index.php\/producto\/caleidoscopio-animal\/#breadcrumb"},"inLanguage":"es","potentialAction":[{"@type":"ReadAction","target":["https:\/\/zapateneo.net\/wordpress\/index.php\/producto\/caleidoscopio-animal\/"]}]},{"@type":"ImageObject","inLanguage":"es","@id":"https:\/\/zapateneo.net\/wordpress\/index.php\/producto\/caleidoscopio-animal\/#primaryimage","url":"https:\/\/zapateneo.net\/wordpress\/wp-content\/uploads\/2022\/05\/caleidoscopio-animal.png","contentUrl":"https:\/\/zapateneo.net\/wordpress\/wp-content\/uploads\/2022\/05\/caleidoscopio-animal.png","width":313,"height":400},{"@type":"BreadcrumbList","@id":"https:\/\/zapateneo.net\/wordpress\/index.php\/producto\/caleidoscopio-animal\/#breadcrumb","itemListElement":[{"@type":"ListItem","position":1,"name":"Portada","item":"https:\/\/zapateneo.net\/wordpress\/"},{"@type":"ListItem","position":2,"name":"Tienda","item":"https:\/\/zapateneo.net\/wordpress\/"},{"@type":"ListItem","position":3,"name":"CALEIDOSCOPIO ANIMAL"}]},{"@type":"WebSite","@id":"https:\/\/zapateneo.net\/wordpress\/#website","url":"https:\/\/zapateneo.net\/wordpress\/","name":"Zapateneo","description":"Zapateneoaren webgunea","publisher":{"@id":"https:\/\/zapateneo.net\/wordpress\/#organization"},"potentialAction":[{"@type":"SearchAction","target":{"@type":"EntryPoint","urlTemplate":"https:\/\/zapateneo.net\/wordpress\/?s={search_term_string}"},"query-input":{"@type":"PropertyValueSpecification","valueRequired":true,"valueName":"search_term_string"}}],"inLanguage":"es"},{"@type":"Organization","@id":"https:\/\/zapateneo.net\/wordpress\/#organization","name":"Zapateneo Kultur Elkartea","url":"https:\/\/zapateneo.net\/wordpress\/","logo":{"@type":"ImageObject","inLanguage":"es","@id":"https:\/\/zapateneo.net\/wordpress\/#\/schema\/logo\/image\/","url":"https:\/\/zapateneo.net\/wordpress\/wp-content\/uploads\/2021\/04\/zap-libu-kolec.jpg","contentUrl":"https:\/\/zapateneo.net\/wordpress\/wp-content\/uploads\/2021\/04\/zap-libu-kolec.jpg","width":2234,"height":398,"caption":"Zapateneo Kultur Elkartea"},"image":{"@id":"https:\/\/zapateneo.net\/wordpress\/#\/schema\/logo\/image\/"},"sameAs":["https:\/\/x.com\/zapateneo"]}]}},"_links":{"self":[{"href":"https:\/\/zapateneo.net\/wordpress\/index.php\/wp-json\/wp\/v2\/product\/11053","targetHints":{"allow":["GET"]}}],"collection":[{"href":"https:\/\/zapateneo.net\/wordpress\/index.php\/wp-json\/wp\/v2\/product"}],"about":[{"href":"https:\/\/zapateneo.net\/wordpress\/index.php\/wp-json\/wp\/v2\/types\/product"}],"wp:featuredmedia":[{"embeddable":true,"href":"https:\/\/zapateneo.net\/wordpress\/index.php\/wp-json\/wp\/v2\/media\/11083"}],"wp:attachment":[{"href":"https:\/\/zapateneo.net\/wordpress\/index.php\/wp-json\/wp\/v2\/media?parent=11053"}],"wp:term":[{"taxonomy":"product_brand","embeddable":true,"href":"https:\/\/zapateneo.net\/wordpress\/index.php\/wp-json\/wp\/v2\/product_brand?post=11053"},{"taxonomy":"product_cat","embeddable":true,"href":"https:\/\/zapateneo.net\/wordpress\/index.php\/wp-json\/wp\/v2\/product_cat?post=11053"},{"taxonomy":"product_tag","embeddable":true,"href":"https:\/\/zapateneo.net\/wordpress\/index.php\/wp-json\/wp\/v2\/product_tag?post=11053"}],"curies":[{"name":"wp","href":"https:\/\/api.w.org\/{rel}","templated":true}]}}