{"id":11047,"date":"2022-05-22T16:59:56","date_gmt":"2022-05-22T15:59:56","guid":{"rendered":"https:\/\/zapateneo.net\/wordpress\/?post_type=product&#038;p=11047"},"modified":"2022-05-22T17:00:11","modified_gmt":"2022-05-22T16:00:11","slug":"encarnando-el-territorio-feminismos-andaluzes","status":"publish","type":"product","link":"https:\/\/zapateneo.net\/wordpress\/index.php\/producto\/encarnando-el-territorio-feminismos-andaluzes\/","title":{"rendered":"ENCARNANDO EL TERRITORIO Feminismo(S) Andaluz(ES)"},"content":{"rendered":"<p>\u00abCarmen tiene la valent\u00eda de hacerse preguntas y de querer mirar a otro lado. No como acto de dejadez sino de justicia social. De sanaci\u00f3n y de reparaci\u00f3n. De hacer honor a la verd\u00e1 entend\u00eda como se entiende cuando alguien canta un fandango y se le dice que la tiene: la verd\u00e1. En la garganta. Se hace preguntas y reconoce el baile que somos entre opresiones y privilegios. Tan importante esto\u2026 A las andaluzas que arrastramos historias de pobreza econ\u00f3mica se nos dijo que ten\u00edamos que orbitar alrededor de genealog\u00edas que no eran las nuestras. Que no hablaban de nosotras. Ahora miramos, un poquito m\u00e1s, hacia un sur llamado Andaluc\u00eda. Y, con las palabras de Carmela, desenredar este laberinto en el que nos vivenciamos como andaluzas ser\u00e1 sin duda un caminar m\u00e1s accesible. Un libro de recetas. Un mapa\u00bb. \u2014Mar Gallego<\/p>\n<p>Carmela Borrego Castellano (1983). Nace en un pueblo de la Sierra Sur de Sevilla. Se cr\u00eda entre mujeres y olivos. Hija de Carmen y nieta de Trini y Concha. Activista andaluza feminista. Baila flamenco como forma de pensar desde el cuerpo. Estudia un M\u00e1ster de Mujeres, G\u00e9nero y Ciudadan\u00eda en la UB (2017), ciudad donde reside durante m\u00e1s de 5 a\u00f1os en barrios de la periferia. All\u00ed se hace consciente de la memoria hist\u00f3rica de las migraciones andaluzas, pulsi\u00f3n que la lleva a pensar en el feminismo andaluz. Escribe para diferentes medios como P\u00edkara Magazine, El Salto o La Poder\u00edo. Actualmente reside en Sevilla. Trabaja generando encuentros de aprendizaje colectivos en espacios urbanos y rurales.<\/p>\n","protected":false},"excerpt":{"rendered":"<p><strong>Carmela Borrego Castellano<\/strong><br \/>\n9788412405552 &#8211; Ka\u00f3tika libros &#8211; 2022 &#8211; 252 p\u00e1ginas \/orri.<\/p>\n","protected":false},"featured_media":11077,"template":"","meta":[],"product_brand":[],"product_cat":[174,16],"product_tag":[5551,5552],"class_list":{"0":"post-11047","1":"product","2":"type-product","3":"status-publish","4":"has-post-thumbnail","6":"product_cat-generoak-generos","7":"product_cat-libros","8":"product_tag-carmela-borrego-castellano","9":"product_tag-kaotika-libros","11":"first","12":"instock","13":"sold-individually","14":"shipping-taxable","15":"purchasable","16":"product-type-simple"},"yoast_head":"<!-- This site is optimized with the Yoast SEO plugin v27.3 - https:\/\/yoast.com\/product\/yoast-seo-wordpress\/ -->\n<title>ENCARNANDO EL TERRITORIO Feminismo(S) Andaluz(ES) &#8212; Zapateneo<\/title>\n<meta name=\"robots\" content=\"index, follow, max-snippet:-1, max-image-preview:large, max-video-preview:-1\" \/>\n<link rel=\"canonical\" href=\"https:\/\/zapateneo.net\/wordpress\/index.php\/producto\/encarnando-el-territorio-feminismos-andaluzes\/\" \/>\n<meta property=\"og:locale\" content=\"es_ES\" \/>\n<meta property=\"og:type\" content=\"article\" \/>\n<meta property=\"og:title\" content=\"ENCARNANDO EL TERRITORIO Feminismo(S) Andaluz(ES) &#8212; Zapateneo\" \/>\n<meta property=\"og:description\" content=\"Carmela Borrego Castellano 9788412405552 - Ka\u00f3tika libros - 2022 - 252 p\u00e1ginas \/orri.\" \/>\n<meta property=\"og:url\" content=\"https:\/\/zapateneo.net\/wordpress\/index.php\/producto\/encarnando-el-territorio-feminismos-andaluzes\/\" \/>\n<meta property=\"og:site_name\" content=\"Zapateneo\" \/>\n<meta property=\"article:modified_time\" content=\"2022-05-22T16:00:11+00:00\" \/>\n<meta name=\"twitter:card\" content=\"summary_large_image\" \/>\n<meta name=\"twitter:site\" content=\"@zapateneo\" \/>\n<meta name=\"twitter:label1\" content=\"Tiempo de lectura\" \/>\n\t<meta name=\"twitter:data1\" content=\"1 minuto\" \/>\n<script type=\"application\/ld+json\" class=\"yoast-schema-graph\">{\"@context\":\"https:\\\/\\\/schema.org\",\"@graph\":[{\"@type\":\"WebPage\",\"@id\":\"https:\\\/\\\/zapateneo.net\\\/wordpress\\\/index.php\\\/producto\\\/encarnando-el-territorio-feminismos-andaluzes\\\/\",\"url\":\"https:\\\/\\\/zapateneo.net\\\/wordpress\\\/index.php\\\/producto\\\/encarnando-el-territorio-feminismos-andaluzes\\\/\",\"name\":\"ENCARNANDO EL TERRITORIO Feminismo(S) Andaluz(ES) &#8212; Zapateneo\",\"isPartOf\":{\"@id\":\"https:\\\/\\\/zapateneo.net\\\/wordpress\\\/#website\"},\"primaryImageOfPage\":{\"@id\":\"https:\\\/\\\/zapateneo.net\\\/wordpress\\\/index.php\\\/producto\\\/encarnando-el-territorio-feminismos-andaluzes\\\/#primaryimage\"},\"image\":{\"@id\":\"https:\\\/\\\/zapateneo.net\\\/wordpress\\\/index.php\\\/producto\\\/encarnando-el-territorio-feminismos-andaluzes\\\/#primaryimage\"},\"thumbnailUrl\":\"https:\\\/\\\/zapateneo.net\\\/wordpress\\\/wp-content\\\/uploads\\\/2022\\\/05\\\/encarnando-el-territorio.jpg\",\"datePublished\":\"2022-05-22T15:59:56+00:00\",\"dateModified\":\"2022-05-22T16:00:11+00:00\",\"breadcrumb\":{\"@id\":\"https:\\\/\\\/zapateneo.net\\\/wordpress\\\/index.php\\\/producto\\\/encarnando-el-territorio-feminismos-andaluzes\\\/#breadcrumb\"},\"inLanguage\":\"es\",\"potentialAction\":[{\"@type\":\"ReadAction\",\"target\":[\"https:\\\/\\\/zapateneo.net\\\/wordpress\\\/index.php\\\/producto\\\/encarnando-el-territorio-feminismos-andaluzes\\\/\"]}]},{\"@type\":\"ImageObject\",\"inLanguage\":\"es\",\"@id\":\"https:\\\/\\\/zapateneo.net\\\/wordpress\\\/index.php\\\/producto\\\/encarnando-el-territorio-feminismos-andaluzes\\\/#primaryimage\",\"url\":\"https:\\\/\\\/zapateneo.net\\\/wordpress\\\/wp-content\\\/uploads\\\/2022\\\/05\\\/encarnando-el-territorio.jpg\",\"contentUrl\":\"https:\\\/\\\/zapateneo.net\\\/wordpress\\\/wp-content\\\/uploads\\\/2022\\\/05\\\/encarnando-el-territorio.jpg\",\"width\":259,\"height\":400},{\"@type\":\"BreadcrumbList\",\"@id\":\"https:\\\/\\\/zapateneo.net\\\/wordpress\\\/index.php\\\/producto\\\/encarnando-el-territorio-feminismos-andaluzes\\\/#breadcrumb\",\"itemListElement\":[{\"@type\":\"ListItem\",\"position\":1,\"name\":\"Portada\",\"item\":\"https:\\\/\\\/zapateneo.net\\\/wordpress\\\/\"},{\"@type\":\"ListItem\",\"position\":2,\"name\":\"Tienda\",\"item\":\"https:\\\/\\\/zapateneo.net\\\/wordpress\\\/\"},{\"@type\":\"ListItem\",\"position\":3,\"name\":\"ENCARNANDO EL TERRITORIO Feminismo(S) Andaluz(ES)\"}]},{\"@type\":\"WebSite\",\"@id\":\"https:\\\/\\\/zapateneo.net\\\/wordpress\\\/#website\",\"url\":\"https:\\\/\\\/zapateneo.net\\\/wordpress\\\/\",\"name\":\"Zapateneo\",\"description\":\"Zapateneoaren webgunea\",\"publisher\":{\"@id\":\"https:\\\/\\\/zapateneo.net\\\/wordpress\\\/#organization\"},\"potentialAction\":[{\"@type\":\"SearchAction\",\"target\":{\"@type\":\"EntryPoint\",\"urlTemplate\":\"https:\\\/\\\/zapateneo.net\\\/wordpress\\\/?s={search_term_string}\"},\"query-input\":{\"@type\":\"PropertyValueSpecification\",\"valueRequired\":true,\"valueName\":\"search_term_string\"}}],\"inLanguage\":\"es\"},{\"@type\":\"Organization\",\"@id\":\"https:\\\/\\\/zapateneo.net\\\/wordpress\\\/#organization\",\"name\":\"Zapateneo Kultur Elkartea\",\"url\":\"https:\\\/\\\/zapateneo.net\\\/wordpress\\\/\",\"logo\":{\"@type\":\"ImageObject\",\"inLanguage\":\"es\",\"@id\":\"https:\\\/\\\/zapateneo.net\\\/wordpress\\\/#\\\/schema\\\/logo\\\/image\\\/\",\"url\":\"https:\\\/\\\/zapateneo.net\\\/wordpress\\\/wp-content\\\/uploads\\\/2021\\\/04\\\/zap-libu-kolec.jpg\",\"contentUrl\":\"https:\\\/\\\/zapateneo.net\\\/wordpress\\\/wp-content\\\/uploads\\\/2021\\\/04\\\/zap-libu-kolec.jpg\",\"width\":2234,\"height\":398,\"caption\":\"Zapateneo Kultur Elkartea\"},\"image\":{\"@id\":\"https:\\\/\\\/zapateneo.net\\\/wordpress\\\/#\\\/schema\\\/logo\\\/image\\\/\"},\"sameAs\":[\"https:\\\/\\\/x.com\\\/zapateneo\"]}]}<\/script>\n<!-- \/ Yoast SEO plugin. -->","yoast_head_json":{"title":"ENCARNANDO EL TERRITORIO Feminismo(S) Andaluz(ES) &#8212; Zapateneo","robots":{"index":"index","follow":"follow","max-snippet":"max-snippet:-1","max-image-preview":"max-image-preview:large","max-video-preview":"max-video-preview:-1"},"canonical":"https:\/\/zapateneo.net\/wordpress\/index.php\/producto\/encarnando-el-territorio-feminismos-andaluzes\/","og_locale":"es_ES","og_type":"article","og_title":"ENCARNANDO EL TERRITORIO Feminismo(S) Andaluz(ES) &#8212; Zapateneo","og_description":"Carmela Borrego Castellano 9788412405552 - Ka\u00f3tika libros - 2022 - 252 p\u00e1ginas \/orri.","og_url":"https:\/\/zapateneo.net\/wordpress\/index.php\/producto\/encarnando-el-territorio-feminismos-andaluzes\/","og_site_name":"Zapateneo","article_modified_time":"2022-05-22T16:00:11+00:00","twitter_card":"summary_large_image","twitter_site":"@zapateneo","twitter_misc":{"Tiempo de lectura":"1 minuto"},"schema":{"@context":"https:\/\/schema.org","@graph":[{"@type":"WebPage","@id":"https:\/\/zapateneo.net\/wordpress\/index.php\/producto\/encarnando-el-territorio-feminismos-andaluzes\/","url":"https:\/\/zapateneo.net\/wordpress\/index.php\/producto\/encarnando-el-territorio-feminismos-andaluzes\/","name":"ENCARNANDO EL TERRITORIO Feminismo(S) Andaluz(ES) &#8212; Zapateneo","isPartOf":{"@id":"https:\/\/zapateneo.net\/wordpress\/#website"},"primaryImageOfPage":{"@id":"https:\/\/zapateneo.net\/wordpress\/index.php\/producto\/encarnando-el-territorio-feminismos-andaluzes\/#primaryimage"},"image":{"@id":"https:\/\/zapateneo.net\/wordpress\/index.php\/producto\/encarnando-el-territorio-feminismos-andaluzes\/#primaryimage"},"thumbnailUrl":"https:\/\/zapateneo.net\/wordpress\/wp-content\/uploads\/2022\/05\/encarnando-el-territorio.jpg","datePublished":"2022-05-22T15:59:56+00:00","dateModified":"2022-05-22T16:00:11+00:00","breadcrumb":{"@id":"https:\/\/zapateneo.net\/wordpress\/index.php\/producto\/encarnando-el-territorio-feminismos-andaluzes\/#breadcrumb"},"inLanguage":"es","potentialAction":[{"@type":"ReadAction","target":["https:\/\/zapateneo.net\/wordpress\/index.php\/producto\/encarnando-el-territorio-feminismos-andaluzes\/"]}]},{"@type":"ImageObject","inLanguage":"es","@id":"https:\/\/zapateneo.net\/wordpress\/index.php\/producto\/encarnando-el-territorio-feminismos-andaluzes\/#primaryimage","url":"https:\/\/zapateneo.net\/wordpress\/wp-content\/uploads\/2022\/05\/encarnando-el-territorio.jpg","contentUrl":"https:\/\/zapateneo.net\/wordpress\/wp-content\/uploads\/2022\/05\/encarnando-el-territorio.jpg","width":259,"height":400},{"@type":"BreadcrumbList","@id":"https:\/\/zapateneo.net\/wordpress\/index.php\/producto\/encarnando-el-territorio-feminismos-andaluzes\/#breadcrumb","itemListElement":[{"@type":"ListItem","position":1,"name":"Portada","item":"https:\/\/zapateneo.net\/wordpress\/"},{"@type":"ListItem","position":2,"name":"Tienda","item":"https:\/\/zapateneo.net\/wordpress\/"},{"@type":"ListItem","position":3,"name":"ENCARNANDO EL TERRITORIO Feminismo(S) Andaluz(ES)"}]},{"@type":"WebSite","@id":"https:\/\/zapateneo.net\/wordpress\/#website","url":"https:\/\/zapateneo.net\/wordpress\/","name":"Zapateneo","description":"Zapateneoaren webgunea","publisher":{"@id":"https:\/\/zapateneo.net\/wordpress\/#organization"},"potentialAction":[{"@type":"SearchAction","target":{"@type":"EntryPoint","urlTemplate":"https:\/\/zapateneo.net\/wordpress\/?s={search_term_string}"},"query-input":{"@type":"PropertyValueSpecification","valueRequired":true,"valueName":"search_term_string"}}],"inLanguage":"es"},{"@type":"Organization","@id":"https:\/\/zapateneo.net\/wordpress\/#organization","name":"Zapateneo Kultur Elkartea","url":"https:\/\/zapateneo.net\/wordpress\/","logo":{"@type":"ImageObject","inLanguage":"es","@id":"https:\/\/zapateneo.net\/wordpress\/#\/schema\/logo\/image\/","url":"https:\/\/zapateneo.net\/wordpress\/wp-content\/uploads\/2021\/04\/zap-libu-kolec.jpg","contentUrl":"https:\/\/zapateneo.net\/wordpress\/wp-content\/uploads\/2021\/04\/zap-libu-kolec.jpg","width":2234,"height":398,"caption":"Zapateneo Kultur Elkartea"},"image":{"@id":"https:\/\/zapateneo.net\/wordpress\/#\/schema\/logo\/image\/"},"sameAs":["https:\/\/x.com\/zapateneo"]}]}},"_links":{"self":[{"href":"https:\/\/zapateneo.net\/wordpress\/index.php\/wp-json\/wp\/v2\/product\/11047","targetHints":{"allow":["GET"]}}],"collection":[{"href":"https:\/\/zapateneo.net\/wordpress\/index.php\/wp-json\/wp\/v2\/product"}],"about":[{"href":"https:\/\/zapateneo.net\/wordpress\/index.php\/wp-json\/wp\/v2\/types\/product"}],"wp:featuredmedia":[{"embeddable":true,"href":"https:\/\/zapateneo.net\/wordpress\/index.php\/wp-json\/wp\/v2\/media\/11077"}],"wp:attachment":[{"href":"https:\/\/zapateneo.net\/wordpress\/index.php\/wp-json\/wp\/v2\/media?parent=11047"}],"wp:term":[{"taxonomy":"product_brand","embeddable":true,"href":"https:\/\/zapateneo.net\/wordpress\/index.php\/wp-json\/wp\/v2\/product_brand?post=11047"},{"taxonomy":"product_cat","embeddable":true,"href":"https:\/\/zapateneo.net\/wordpress\/index.php\/wp-json\/wp\/v2\/product_cat?post=11047"},{"taxonomy":"product_tag","embeddable":true,"href":"https:\/\/zapateneo.net\/wordpress\/index.php\/wp-json\/wp\/v2\/product_tag?post=11047"}],"curies":[{"name":"wp","href":"https:\/\/api.w.org\/{rel}","templated":true}]}}