{"id":11046,"date":"2022-05-22T16:59:56","date_gmt":"2022-05-22T15:59:56","guid":{"rendered":"https:\/\/zapateneo.net\/wordpress\/?post_type=product&#038;p=11046"},"modified":"2022-05-22T17:00:10","modified_gmt":"2022-05-22T16:00:10","slug":"ecofeminismo-decolonial-y-crisis-del-patriarcado-2","status":"publish","type":"product","link":"https:\/\/zapateneo.net\/wordpress\/index.php\/producto\/ecofeminismo-decolonial-y-crisis-del-patriarcado-2\/","title":{"rendered":"ECOFEMINISMO DECOLONIAL Y CRISIS DEL PATRIARCADO"},"content":{"rendered":"<p>Este ensayo, de gran belleza y evocadora prosa, sencillo y directo, nos invita a revisarnos, tanto interior como exteriormente, a partir del feminismo y de la conciencia ecol\u00f3gica.<\/p>\n<p>La autora nos interpela: \u00bfC\u00f3mo es que hemos llegado a esto? \u00bfEst\u00e1n devastadas la naturaleza, las \u00e1reas verdes, el paisaje interior? Y nos llama a conquistar nuevamente el equilibrio de la vida, usar pocos recursos para hacer la revoluci\u00f3n, revisar nuestras representaciones masculinizadas, utilizar la luz de nuestros cuerpos para hacer caer esos viejos paradigmas. revisar nuestra escritura, nuestro lenguaje, ya que desde ah\u00ed habitamos y percibimos el mundo.<\/p>\n<p>Las mujeres se est\u00e1n organizando para llevar a cabo la ca\u00edda del patriarcado. El patriarcado y el sujeto est\u00e1n en crisis. Descolonizaci\u00f3n y ecolog\u00eda, dos potentes herramientas para el cambio vital y la inauguraci\u00f3n de una nueva realidad. El problema del feminismo como conciencia ecol\u00f3gica y el rol de las mujeres en el equilibrio de la vida, es lo que Patricia llama a proteger, un cambio de conciencia en la que los gestos adquiridos, los h\u00e1bitos, sean considerados parte de esa cadena humana que aspira a permanecer. A no ser que nuestro nihilismo sea radical.<\/p>\n<p>Patricia de Souza (Ayacucho, 1964) Es escritora, novelista, ensayista y traductora del francesa, doctora en literatura francesa y comparada de la universidad La Sorbona, Par\u00eds 3. Hizo estudios de ciencias pol\u00edticas, periodismo y filosof\u00eda antes de cursar el Doctorado en Literatura Francesa y Comparada con una tesis sobre Flora Trist\u00e1n y Lautr\u00e9amont, la extraterritorialidad y la traducci\u00f3n, de acuerdo a un mundo de migrantes y de refugiados. Su trabajo gira en torno de una lectura cr\u00edtica al discurso que domina la identidad de las mujeres, a trav\u00e9s de la deconstrucci\u00f3n de los g\u00e9neros, proponiendo nuevos retos a la literatura contempor\u00e1nea. Estos temas tambi\u00e9n est\u00e1n presentes en algunos de sus art\u00edculos y textos ensay\u00edsticos como Eva no tiene para\u00edso y su m\u00e1s reciente ensayo, Descolonizar el lenguaje (Libros de la mujer rota, Chile 2016). Es una autora que se interesa por los usos y problemas con el idioma castellano, su ejercicio de memoria y la construcci\u00f3n en la historia como forma de dominaci\u00f3n de la imaginaci\u00f3n.<\/p>\n","protected":false},"excerpt":{"rendered":"<p><strong>Patricia De Souza<\/strong><br \/>\n9789569648335 &#8211; Libros de la mujer rota &#8211; 2018 &#8211; 164 p\u00e1ginas \/orri.<\/p>\n","protected":false},"featured_media":11076,"template":"","meta":[],"product_brand":[],"product_cat":[174,16],"product_tag":[5311,5310],"class_list":{"0":"post-11046","1":"product","2":"type-product","3":"status-publish","4":"has-post-thumbnail","6":"product_cat-generoak-generos","7":"product_cat-libros","8":"product_tag-libros-de-la-mujer-rota","9":"product_tag-patricia-de-souza","11":"first","12":"instock","13":"sold-individually","14":"shipping-taxable","15":"purchasable","16":"product-type-simple"},"yoast_head":"<!-- This site is optimized with the Yoast SEO plugin v27.3 - https:\/\/yoast.com\/product\/yoast-seo-wordpress\/ -->\n<title>ECOFEMINISMO DECOLONIAL Y CRISIS DEL PATRIARCADO &#8212; Zapateneo<\/title>\n<meta name=\"robots\" content=\"index, follow, max-snippet:-1, max-image-preview:large, max-video-preview:-1\" \/>\n<link rel=\"canonical\" href=\"https:\/\/zapateneo.net\/wordpress\/index.php\/producto\/ecofeminismo-decolonial-y-crisis-del-patriarcado-2\/\" \/>\n<meta property=\"og:locale\" content=\"es_ES\" \/>\n<meta property=\"og:type\" content=\"article\" \/>\n<meta property=\"og:title\" content=\"ECOFEMINISMO DECOLONIAL Y CRISIS DEL PATRIARCADO &#8212; Zapateneo\" \/>\n<meta property=\"og:description\" content=\"Patricia De Souza 9789569648335 - Libros de la mujer rota - 2018 - 164 p\u00e1ginas \/orri.\" \/>\n<meta property=\"og:url\" content=\"https:\/\/zapateneo.net\/wordpress\/index.php\/producto\/ecofeminismo-decolonial-y-crisis-del-patriarcado-2\/\" \/>\n<meta property=\"og:site_name\" content=\"Zapateneo\" \/>\n<meta property=\"article:modified_time\" content=\"2022-05-22T16:00:10+00:00\" \/>\n<meta name=\"twitter:card\" content=\"summary_large_image\" \/>\n<meta name=\"twitter:site\" content=\"@zapateneo\" \/>\n<meta name=\"twitter:label1\" content=\"Tiempo de lectura\" \/>\n\t<meta name=\"twitter:data1\" content=\"2 minutos\" \/>\n<script type=\"application\/ld+json\" class=\"yoast-schema-graph\">{\"@context\":\"https:\\\/\\\/schema.org\",\"@graph\":[{\"@type\":\"WebPage\",\"@id\":\"https:\\\/\\\/zapateneo.net\\\/wordpress\\\/index.php\\\/producto\\\/ecofeminismo-decolonial-y-crisis-del-patriarcado-2\\\/\",\"url\":\"https:\\\/\\\/zapateneo.net\\\/wordpress\\\/index.php\\\/producto\\\/ecofeminismo-decolonial-y-crisis-del-patriarcado-2\\\/\",\"name\":\"ECOFEMINISMO DECOLONIAL Y CRISIS DEL PATRIARCADO &#8212; Zapateneo\",\"isPartOf\":{\"@id\":\"https:\\\/\\\/zapateneo.net\\\/wordpress\\\/#website\"},\"primaryImageOfPage\":{\"@id\":\"https:\\\/\\\/zapateneo.net\\\/wordpress\\\/index.php\\\/producto\\\/ecofeminismo-decolonial-y-crisis-del-patriarcado-2\\\/#primaryimage\"},\"image\":{\"@id\":\"https:\\\/\\\/zapateneo.net\\\/wordpress\\\/index.php\\\/producto\\\/ecofeminismo-decolonial-y-crisis-del-patriarcado-2\\\/#primaryimage\"},\"thumbnailUrl\":\"https:\\\/\\\/zapateneo.net\\\/wordpress\\\/wp-content\\\/uploads\\\/2022\\\/05\\\/ecofeminismo-decolonial-y-crisis-del-patriarcado-9789569648335.png\",\"datePublished\":\"2022-05-22T15:59:56+00:00\",\"dateModified\":\"2022-05-22T16:00:10+00:00\",\"breadcrumb\":{\"@id\":\"https:\\\/\\\/zapateneo.net\\\/wordpress\\\/index.php\\\/producto\\\/ecofeminismo-decolonial-y-crisis-del-patriarcado-2\\\/#breadcrumb\"},\"inLanguage\":\"es\",\"potentialAction\":[{\"@type\":\"ReadAction\",\"target\":[\"https:\\\/\\\/zapateneo.net\\\/wordpress\\\/index.php\\\/producto\\\/ecofeminismo-decolonial-y-crisis-del-patriarcado-2\\\/\"]}]},{\"@type\":\"ImageObject\",\"inLanguage\":\"es\",\"@id\":\"https:\\\/\\\/zapateneo.net\\\/wordpress\\\/index.php\\\/producto\\\/ecofeminismo-decolonial-y-crisis-del-patriarcado-2\\\/#primaryimage\",\"url\":\"https:\\\/\\\/zapateneo.net\\\/wordpress\\\/wp-content\\\/uploads\\\/2022\\\/05\\\/ecofeminismo-decolonial-y-crisis-del-patriarcado-9789569648335.png\",\"contentUrl\":\"https:\\\/\\\/zapateneo.net\\\/wordpress\\\/wp-content\\\/uploads\\\/2022\\\/05\\\/ecofeminismo-decolonial-y-crisis-del-patriarcado-9789569648335.png\",\"width\":283,\"height\":400},{\"@type\":\"BreadcrumbList\",\"@id\":\"https:\\\/\\\/zapateneo.net\\\/wordpress\\\/index.php\\\/producto\\\/ecofeminismo-decolonial-y-crisis-del-patriarcado-2\\\/#breadcrumb\",\"itemListElement\":[{\"@type\":\"ListItem\",\"position\":1,\"name\":\"Portada\",\"item\":\"https:\\\/\\\/zapateneo.net\\\/wordpress\\\/\"},{\"@type\":\"ListItem\",\"position\":2,\"name\":\"Tienda\",\"item\":\"https:\\\/\\\/zapateneo.net\\\/wordpress\\\/\"},{\"@type\":\"ListItem\",\"position\":3,\"name\":\"ECOFEMINISMO DECOLONIAL Y CRISIS DEL PATRIARCADO\"}]},{\"@type\":\"WebSite\",\"@id\":\"https:\\\/\\\/zapateneo.net\\\/wordpress\\\/#website\",\"url\":\"https:\\\/\\\/zapateneo.net\\\/wordpress\\\/\",\"name\":\"Zapateneo\",\"description\":\"Zapateneoaren webgunea\",\"publisher\":{\"@id\":\"https:\\\/\\\/zapateneo.net\\\/wordpress\\\/#organization\"},\"potentialAction\":[{\"@type\":\"SearchAction\",\"target\":{\"@type\":\"EntryPoint\",\"urlTemplate\":\"https:\\\/\\\/zapateneo.net\\\/wordpress\\\/?s={search_term_string}\"},\"query-input\":{\"@type\":\"PropertyValueSpecification\",\"valueRequired\":true,\"valueName\":\"search_term_string\"}}],\"inLanguage\":\"es\"},{\"@type\":\"Organization\",\"@id\":\"https:\\\/\\\/zapateneo.net\\\/wordpress\\\/#organization\",\"name\":\"Zapateneo Kultur Elkartea\",\"url\":\"https:\\\/\\\/zapateneo.net\\\/wordpress\\\/\",\"logo\":{\"@type\":\"ImageObject\",\"inLanguage\":\"es\",\"@id\":\"https:\\\/\\\/zapateneo.net\\\/wordpress\\\/#\\\/schema\\\/logo\\\/image\\\/\",\"url\":\"https:\\\/\\\/zapateneo.net\\\/wordpress\\\/wp-content\\\/uploads\\\/2021\\\/04\\\/zap-libu-kolec.jpg\",\"contentUrl\":\"https:\\\/\\\/zapateneo.net\\\/wordpress\\\/wp-content\\\/uploads\\\/2021\\\/04\\\/zap-libu-kolec.jpg\",\"width\":2234,\"height\":398,\"caption\":\"Zapateneo Kultur Elkartea\"},\"image\":{\"@id\":\"https:\\\/\\\/zapateneo.net\\\/wordpress\\\/#\\\/schema\\\/logo\\\/image\\\/\"},\"sameAs\":[\"https:\\\/\\\/x.com\\\/zapateneo\"]}]}<\/script>\n<!-- \/ Yoast SEO plugin. -->","yoast_head_json":{"title":"ECOFEMINISMO DECOLONIAL Y CRISIS DEL PATRIARCADO &#8212; Zapateneo","robots":{"index":"index","follow":"follow","max-snippet":"max-snippet:-1","max-image-preview":"max-image-preview:large","max-video-preview":"max-video-preview:-1"},"canonical":"https:\/\/zapateneo.net\/wordpress\/index.php\/producto\/ecofeminismo-decolonial-y-crisis-del-patriarcado-2\/","og_locale":"es_ES","og_type":"article","og_title":"ECOFEMINISMO DECOLONIAL Y CRISIS DEL PATRIARCADO &#8212; Zapateneo","og_description":"Patricia De Souza 9789569648335 - Libros de la mujer rota - 2018 - 164 p\u00e1ginas \/orri.","og_url":"https:\/\/zapateneo.net\/wordpress\/index.php\/producto\/ecofeminismo-decolonial-y-crisis-del-patriarcado-2\/","og_site_name":"Zapateneo","article_modified_time":"2022-05-22T16:00:10+00:00","twitter_card":"summary_large_image","twitter_site":"@zapateneo","twitter_misc":{"Tiempo de lectura":"2 minutos"},"schema":{"@context":"https:\/\/schema.org","@graph":[{"@type":"WebPage","@id":"https:\/\/zapateneo.net\/wordpress\/index.php\/producto\/ecofeminismo-decolonial-y-crisis-del-patriarcado-2\/","url":"https:\/\/zapateneo.net\/wordpress\/index.php\/producto\/ecofeminismo-decolonial-y-crisis-del-patriarcado-2\/","name":"ECOFEMINISMO DECOLONIAL Y CRISIS DEL PATRIARCADO &#8212; Zapateneo","isPartOf":{"@id":"https:\/\/zapateneo.net\/wordpress\/#website"},"primaryImageOfPage":{"@id":"https:\/\/zapateneo.net\/wordpress\/index.php\/producto\/ecofeminismo-decolonial-y-crisis-del-patriarcado-2\/#primaryimage"},"image":{"@id":"https:\/\/zapateneo.net\/wordpress\/index.php\/producto\/ecofeminismo-decolonial-y-crisis-del-patriarcado-2\/#primaryimage"},"thumbnailUrl":"https:\/\/zapateneo.net\/wordpress\/wp-content\/uploads\/2022\/05\/ecofeminismo-decolonial-y-crisis-del-patriarcado-9789569648335.png","datePublished":"2022-05-22T15:59:56+00:00","dateModified":"2022-05-22T16:00:10+00:00","breadcrumb":{"@id":"https:\/\/zapateneo.net\/wordpress\/index.php\/producto\/ecofeminismo-decolonial-y-crisis-del-patriarcado-2\/#breadcrumb"},"inLanguage":"es","potentialAction":[{"@type":"ReadAction","target":["https:\/\/zapateneo.net\/wordpress\/index.php\/producto\/ecofeminismo-decolonial-y-crisis-del-patriarcado-2\/"]}]},{"@type":"ImageObject","inLanguage":"es","@id":"https:\/\/zapateneo.net\/wordpress\/index.php\/producto\/ecofeminismo-decolonial-y-crisis-del-patriarcado-2\/#primaryimage","url":"https:\/\/zapateneo.net\/wordpress\/wp-content\/uploads\/2022\/05\/ecofeminismo-decolonial-y-crisis-del-patriarcado-9789569648335.png","contentUrl":"https:\/\/zapateneo.net\/wordpress\/wp-content\/uploads\/2022\/05\/ecofeminismo-decolonial-y-crisis-del-patriarcado-9789569648335.png","width":283,"height":400},{"@type":"BreadcrumbList","@id":"https:\/\/zapateneo.net\/wordpress\/index.php\/producto\/ecofeminismo-decolonial-y-crisis-del-patriarcado-2\/#breadcrumb","itemListElement":[{"@type":"ListItem","position":1,"name":"Portada","item":"https:\/\/zapateneo.net\/wordpress\/"},{"@type":"ListItem","position":2,"name":"Tienda","item":"https:\/\/zapateneo.net\/wordpress\/"},{"@type":"ListItem","position":3,"name":"ECOFEMINISMO DECOLONIAL Y CRISIS DEL PATRIARCADO"}]},{"@type":"WebSite","@id":"https:\/\/zapateneo.net\/wordpress\/#website","url":"https:\/\/zapateneo.net\/wordpress\/","name":"Zapateneo","description":"Zapateneoaren webgunea","publisher":{"@id":"https:\/\/zapateneo.net\/wordpress\/#organization"},"potentialAction":[{"@type":"SearchAction","target":{"@type":"EntryPoint","urlTemplate":"https:\/\/zapateneo.net\/wordpress\/?s={search_term_string}"},"query-input":{"@type":"PropertyValueSpecification","valueRequired":true,"valueName":"search_term_string"}}],"inLanguage":"es"},{"@type":"Organization","@id":"https:\/\/zapateneo.net\/wordpress\/#organization","name":"Zapateneo Kultur Elkartea","url":"https:\/\/zapateneo.net\/wordpress\/","logo":{"@type":"ImageObject","inLanguage":"es","@id":"https:\/\/zapateneo.net\/wordpress\/#\/schema\/logo\/image\/","url":"https:\/\/zapateneo.net\/wordpress\/wp-content\/uploads\/2021\/04\/zap-libu-kolec.jpg","contentUrl":"https:\/\/zapateneo.net\/wordpress\/wp-content\/uploads\/2021\/04\/zap-libu-kolec.jpg","width":2234,"height":398,"caption":"Zapateneo Kultur Elkartea"},"image":{"@id":"https:\/\/zapateneo.net\/wordpress\/#\/schema\/logo\/image\/"},"sameAs":["https:\/\/x.com\/zapateneo"]}]}},"_links":{"self":[{"href":"https:\/\/zapateneo.net\/wordpress\/index.php\/wp-json\/wp\/v2\/product\/11046","targetHints":{"allow":["GET"]}}],"collection":[{"href":"https:\/\/zapateneo.net\/wordpress\/index.php\/wp-json\/wp\/v2\/product"}],"about":[{"href":"https:\/\/zapateneo.net\/wordpress\/index.php\/wp-json\/wp\/v2\/types\/product"}],"wp:featuredmedia":[{"embeddable":true,"href":"https:\/\/zapateneo.net\/wordpress\/index.php\/wp-json\/wp\/v2\/media\/11076"}],"wp:attachment":[{"href":"https:\/\/zapateneo.net\/wordpress\/index.php\/wp-json\/wp\/v2\/media?parent=11046"}],"wp:term":[{"taxonomy":"product_brand","embeddable":true,"href":"https:\/\/zapateneo.net\/wordpress\/index.php\/wp-json\/wp\/v2\/product_brand?post=11046"},{"taxonomy":"product_cat","embeddable":true,"href":"https:\/\/zapateneo.net\/wordpress\/index.php\/wp-json\/wp\/v2\/product_cat?post=11046"},{"taxonomy":"product_tag","embeddable":true,"href":"https:\/\/zapateneo.net\/wordpress\/index.php\/wp-json\/wp\/v2\/product_tag?post=11046"}],"curies":[{"name":"wp","href":"https:\/\/api.w.org\/{rel}","templated":true}]}}