{"id":11043,"date":"2022-05-22T16:59:55","date_gmt":"2022-05-22T15:59:55","guid":{"rendered":"https:\/\/zapateneo.net\/wordpress\/?post_type=product&#038;p=11043"},"modified":"2023-05-05T06:16:18","modified_gmt":"2023-05-05T05:16:18","slug":"la-sapa-de-los-aperribay-la-guerra-empieza-aqui","status":"publish","type":"product","link":"https:\/\/zapateneo.net\/wordpress\/index.php\/producto\/la-sapa-de-los-aperribay-la-guerra-empieza-aqui\/","title":{"rendered":"La SAPA de los Aperribay. La guerra empieza aqu\u00ed."},"content":{"rendered":"<p>Este es un libro que pretende desnudar el funcionamiento de la industria vasca para la guerra a trav\u00e9s del ejemplo de la historia de SAPA desde la entrada en ella de la familia Aperribay, y de las estrategias y apoyos por ella tejida y urdida. Desde el convencimiento de que La Guerra Empieza Aqu\u00ed, con la fabricaci\u00f3n de armamento que luego se exporta para alimentar guerras, nuestro objetivo es convocar a la poblaci\u00f3n vasca a trabajar por la abolici\u00f3n de la armagintza, proponiendo como alternativa la producci\u00f3n civil de utilidad social.<br \/>\nHace m\u00e1s de 20 a\u00f1os la implicaci\u00f3n de la poblaci\u00f3n vasca en la campa\u00f1a de insumisi\u00f3n a la mili consigui\u00f3 acabar con esta, ahora tenemos un nuevo reto, terminar con la verg\u00fcenza que representa saber que en pr\u00e1cticamente todas las guerras la gente muere por armamento made in Euskadi.<\/p>\n<hr \/>\n<p>(2023-04-20)<\/p>\n<p>Ha transcurrido casi un a\u00f1o cuando desde la Plataforma AntimilitaristakEH presentamos el libro <i>LA SAPA DE LOS APERRIBAY. La guerra empieza aqu\u00ed<\/i>, ahora, tras m\u00e1s de una decena de presentaciones p\u00fablicas en los cuatro herrialdes de Hegoalde, y de agotarse las dos ediciones del libro, hemos decidido que la mejor forma de seguir impulsando el que las personas que lo le\u00e1is hag\u00e1is de difusoras de sus contenidos (\u00fanica forma de romper el marco de silencio impuesto por los tent\u00e1culos en los medios generalistas de los Aperribay y dem\u00e1s mercaderes de la muerte vascos), es ofreci\u00e9ndole en <a href=\"http:\/\/gasteizkoak.org\/wp-content\/uploads\/2023\/04\/laSAPADeLosAperribay-osoa.pdf\" target=\"_blank\" rel=\"noopener\">descarga libre<\/a>. Insistimos en que el caso de SAPA y los Aperribay es solo un ejemplo concreto de c\u00f3mo funciona hoy en d\u00eda la industria vasca de armamentos, y que buena parte de lo que en \u00e9l se puede leer, a pesar de las barbaridades e impunidad que supone, se repite en las principales empresas de ese entramado industrial militar vasco del que forman parte m\u00e1s de un centenar de empresas. Por eso la difusi\u00f3n es imprescindible, porque solo siendo conscientes de que con ellas la guerra empieza aqu\u00ed, podremos abordar la tarea de impedir que sigan surgiendo nuevas guerras. Lo dicho, leed y difundid.<\/p>\n<p><a href=\"http:\/\/gasteizkoak.org\/\">http:\/\/gasteizkoak.org\/<\/a><\/p>\n","protected":false},"excerpt":{"rendered":"<p><strong>Antimilitaristak EH<\/strong><br \/>\n9788412440225 &#8211; Antimilitaristak EH &#8211; 2022 &#8211; 194 p\u00e1ginas \/orri.<\/p>\n","protected":false},"featured_media":11073,"template":"","meta":[],"product_brand":[],"product_cat":[178,16],"product_tag":[5076,5548],"class_list":{"0":"post-11043","1":"product","2":"type-product","3":"status-publish","4":"has-post-thumbnail","6":"product_cat-ekonomia-economia","7":"product_cat-libros","8":"product_tag-antimilitarismo","9":"product_tag-antimilitaristak-eh","11":"first","12":"outofstock","13":"sold-individually","14":"shipping-taxable","15":"purchasable","16":"product-type-simple"},"yoast_head":"<!-- This site is optimized with the Yoast SEO plugin v27.3 - https:\/\/yoast.com\/product\/yoast-seo-wordpress\/ -->\n<title>La SAPA de los Aperribay. La guerra empieza aqu\u00ed. &#8212; Zapateneo<\/title>\n<meta name=\"robots\" content=\"index, follow, max-snippet:-1, max-image-preview:large, max-video-preview:-1\" \/>\n<link rel=\"canonical\" href=\"https:\/\/zapateneo.net\/wordpress\/index.php\/producto\/la-sapa-de-los-aperribay-la-guerra-empieza-aqui\/\" \/>\n<meta property=\"og:locale\" content=\"es_ES\" \/>\n<meta property=\"og:type\" content=\"article\" \/>\n<meta property=\"og:title\" content=\"La SAPA de los Aperribay. La guerra empieza aqu\u00ed. &#8212; Zapateneo\" \/>\n<meta property=\"og:description\" content=\"Antimilitaristak EH 9788412440225 - Antimilitaristak EH - 2022 - 194 p\u00e1ginas \/orri.\" \/>\n<meta property=\"og:url\" content=\"https:\/\/zapateneo.net\/wordpress\/index.php\/producto\/la-sapa-de-los-aperribay-la-guerra-empieza-aqui\/\" \/>\n<meta property=\"og:site_name\" content=\"Zapateneo\" \/>\n<meta property=\"article:modified_time\" content=\"2023-05-05T05:16:18+00:00\" \/>\n<meta property=\"og:image\" content=\"https:\/\/zapateneo.net\/wordpress\/wp-content\/uploads\/2022\/05\/9788412440225.jpg\" \/>\n\t<meta property=\"og:image:width\" content=\"300\" \/>\n\t<meta property=\"og:image:height\" content=\"400\" \/>\n\t<meta property=\"og:image:type\" content=\"image\/jpeg\" \/>\n<meta name=\"twitter:card\" content=\"summary_large_image\" \/>\n<meta name=\"twitter:site\" content=\"@zapateneo\" \/>\n<meta name=\"twitter:label1\" content=\"Tiempo de lectura\" \/>\n\t<meta name=\"twitter:data1\" content=\"2 minutos\" \/>\n<script type=\"application\/ld+json\" class=\"yoast-schema-graph\">{\"@context\":\"https:\\\/\\\/schema.org\",\"@graph\":[{\"@type\":\"WebPage\",\"@id\":\"https:\\\/\\\/zapateneo.net\\\/wordpress\\\/index.php\\\/producto\\\/la-sapa-de-los-aperribay-la-guerra-empieza-aqui\\\/\",\"url\":\"https:\\\/\\\/zapateneo.net\\\/wordpress\\\/index.php\\\/producto\\\/la-sapa-de-los-aperribay-la-guerra-empieza-aqui\\\/\",\"name\":\"La SAPA de los Aperribay. La guerra empieza aqu\u00ed. &#8212; Zapateneo\",\"isPartOf\":{\"@id\":\"https:\\\/\\\/zapateneo.net\\\/wordpress\\\/#website\"},\"primaryImageOfPage\":{\"@id\":\"https:\\\/\\\/zapateneo.net\\\/wordpress\\\/index.php\\\/producto\\\/la-sapa-de-los-aperribay-la-guerra-empieza-aqui\\\/#primaryimage\"},\"image\":{\"@id\":\"https:\\\/\\\/zapateneo.net\\\/wordpress\\\/index.php\\\/producto\\\/la-sapa-de-los-aperribay-la-guerra-empieza-aqui\\\/#primaryimage\"},\"thumbnailUrl\":\"https:\\\/\\\/zapateneo.net\\\/wordpress\\\/wp-content\\\/uploads\\\/2022\\\/05\\\/9788412440225.jpg\",\"datePublished\":\"2022-05-22T15:59:55+00:00\",\"dateModified\":\"2023-05-05T05:16:18+00:00\",\"breadcrumb\":{\"@id\":\"https:\\\/\\\/zapateneo.net\\\/wordpress\\\/index.php\\\/producto\\\/la-sapa-de-los-aperribay-la-guerra-empieza-aqui\\\/#breadcrumb\"},\"inLanguage\":\"es\",\"potentialAction\":[{\"@type\":\"ReadAction\",\"target\":[\"https:\\\/\\\/zapateneo.net\\\/wordpress\\\/index.php\\\/producto\\\/la-sapa-de-los-aperribay-la-guerra-empieza-aqui\\\/\"]}]},{\"@type\":\"ImageObject\",\"inLanguage\":\"es\",\"@id\":\"https:\\\/\\\/zapateneo.net\\\/wordpress\\\/index.php\\\/producto\\\/la-sapa-de-los-aperribay-la-guerra-empieza-aqui\\\/#primaryimage\",\"url\":\"https:\\\/\\\/zapateneo.net\\\/wordpress\\\/wp-content\\\/uploads\\\/2022\\\/05\\\/9788412440225.jpg\",\"contentUrl\":\"https:\\\/\\\/zapateneo.net\\\/wordpress\\\/wp-content\\\/uploads\\\/2022\\\/05\\\/9788412440225.jpg\",\"width\":300,\"height\":400},{\"@type\":\"BreadcrumbList\",\"@id\":\"https:\\\/\\\/zapateneo.net\\\/wordpress\\\/index.php\\\/producto\\\/la-sapa-de-los-aperribay-la-guerra-empieza-aqui\\\/#breadcrumb\",\"itemListElement\":[{\"@type\":\"ListItem\",\"position\":1,\"name\":\"Portada\",\"item\":\"https:\\\/\\\/zapateneo.net\\\/wordpress\\\/\"},{\"@type\":\"ListItem\",\"position\":2,\"name\":\"Tienda\",\"item\":\"https:\\\/\\\/zapateneo.net\\\/wordpress\\\/\"},{\"@type\":\"ListItem\",\"position\":3,\"name\":\"La SAPA de los Aperribay. La guerra empieza aqu\u00ed.\"}]},{\"@type\":\"WebSite\",\"@id\":\"https:\\\/\\\/zapateneo.net\\\/wordpress\\\/#website\",\"url\":\"https:\\\/\\\/zapateneo.net\\\/wordpress\\\/\",\"name\":\"Zapateneo\",\"description\":\"Zapateneoaren webgunea\",\"publisher\":{\"@id\":\"https:\\\/\\\/zapateneo.net\\\/wordpress\\\/#organization\"},\"potentialAction\":[{\"@type\":\"SearchAction\",\"target\":{\"@type\":\"EntryPoint\",\"urlTemplate\":\"https:\\\/\\\/zapateneo.net\\\/wordpress\\\/?s={search_term_string}\"},\"query-input\":{\"@type\":\"PropertyValueSpecification\",\"valueRequired\":true,\"valueName\":\"search_term_string\"}}],\"inLanguage\":\"es\"},{\"@type\":\"Organization\",\"@id\":\"https:\\\/\\\/zapateneo.net\\\/wordpress\\\/#organization\",\"name\":\"Zapateneo Kultur Elkartea\",\"url\":\"https:\\\/\\\/zapateneo.net\\\/wordpress\\\/\",\"logo\":{\"@type\":\"ImageObject\",\"inLanguage\":\"es\",\"@id\":\"https:\\\/\\\/zapateneo.net\\\/wordpress\\\/#\\\/schema\\\/logo\\\/image\\\/\",\"url\":\"https:\\\/\\\/zapateneo.net\\\/wordpress\\\/wp-content\\\/uploads\\\/2021\\\/04\\\/zap-libu-kolec.jpg\",\"contentUrl\":\"https:\\\/\\\/zapateneo.net\\\/wordpress\\\/wp-content\\\/uploads\\\/2021\\\/04\\\/zap-libu-kolec.jpg\",\"width\":2234,\"height\":398,\"caption\":\"Zapateneo Kultur Elkartea\"},\"image\":{\"@id\":\"https:\\\/\\\/zapateneo.net\\\/wordpress\\\/#\\\/schema\\\/logo\\\/image\\\/\"},\"sameAs\":[\"https:\\\/\\\/x.com\\\/zapateneo\"]}]}<\/script>\n<!-- \/ Yoast SEO plugin. -->","yoast_head_json":{"title":"La SAPA de los Aperribay. La guerra empieza aqu\u00ed. &#8212; Zapateneo","robots":{"index":"index","follow":"follow","max-snippet":"max-snippet:-1","max-image-preview":"max-image-preview:large","max-video-preview":"max-video-preview:-1"},"canonical":"https:\/\/zapateneo.net\/wordpress\/index.php\/producto\/la-sapa-de-los-aperribay-la-guerra-empieza-aqui\/","og_locale":"es_ES","og_type":"article","og_title":"La SAPA de los Aperribay. La guerra empieza aqu\u00ed. &#8212; Zapateneo","og_description":"Antimilitaristak EH 9788412440225 - Antimilitaristak EH - 2022 - 194 p\u00e1ginas \/orri.","og_url":"https:\/\/zapateneo.net\/wordpress\/index.php\/producto\/la-sapa-de-los-aperribay-la-guerra-empieza-aqui\/","og_site_name":"Zapateneo","article_modified_time":"2023-05-05T05:16:18+00:00","og_image":[{"width":300,"height":400,"url":"https:\/\/zapateneo.net\/wordpress\/wp-content\/uploads\/2022\/05\/9788412440225.jpg","type":"image\/jpeg"}],"twitter_card":"summary_large_image","twitter_site":"@zapateneo","twitter_misc":{"Tiempo de lectura":"2 minutos"},"schema":{"@context":"https:\/\/schema.org","@graph":[{"@type":"WebPage","@id":"https:\/\/zapateneo.net\/wordpress\/index.php\/producto\/la-sapa-de-los-aperribay-la-guerra-empieza-aqui\/","url":"https:\/\/zapateneo.net\/wordpress\/index.php\/producto\/la-sapa-de-los-aperribay-la-guerra-empieza-aqui\/","name":"La SAPA de los Aperribay. La guerra empieza aqu\u00ed. &#8212; Zapateneo","isPartOf":{"@id":"https:\/\/zapateneo.net\/wordpress\/#website"},"primaryImageOfPage":{"@id":"https:\/\/zapateneo.net\/wordpress\/index.php\/producto\/la-sapa-de-los-aperribay-la-guerra-empieza-aqui\/#primaryimage"},"image":{"@id":"https:\/\/zapateneo.net\/wordpress\/index.php\/producto\/la-sapa-de-los-aperribay-la-guerra-empieza-aqui\/#primaryimage"},"thumbnailUrl":"https:\/\/zapateneo.net\/wordpress\/wp-content\/uploads\/2022\/05\/9788412440225.jpg","datePublished":"2022-05-22T15:59:55+00:00","dateModified":"2023-05-05T05:16:18+00:00","breadcrumb":{"@id":"https:\/\/zapateneo.net\/wordpress\/index.php\/producto\/la-sapa-de-los-aperribay-la-guerra-empieza-aqui\/#breadcrumb"},"inLanguage":"es","potentialAction":[{"@type":"ReadAction","target":["https:\/\/zapateneo.net\/wordpress\/index.php\/producto\/la-sapa-de-los-aperribay-la-guerra-empieza-aqui\/"]}]},{"@type":"ImageObject","inLanguage":"es","@id":"https:\/\/zapateneo.net\/wordpress\/index.php\/producto\/la-sapa-de-los-aperribay-la-guerra-empieza-aqui\/#primaryimage","url":"https:\/\/zapateneo.net\/wordpress\/wp-content\/uploads\/2022\/05\/9788412440225.jpg","contentUrl":"https:\/\/zapateneo.net\/wordpress\/wp-content\/uploads\/2022\/05\/9788412440225.jpg","width":300,"height":400},{"@type":"BreadcrumbList","@id":"https:\/\/zapateneo.net\/wordpress\/index.php\/producto\/la-sapa-de-los-aperribay-la-guerra-empieza-aqui\/#breadcrumb","itemListElement":[{"@type":"ListItem","position":1,"name":"Portada","item":"https:\/\/zapateneo.net\/wordpress\/"},{"@type":"ListItem","position":2,"name":"Tienda","item":"https:\/\/zapateneo.net\/wordpress\/"},{"@type":"ListItem","position":3,"name":"La SAPA de los Aperribay. La guerra empieza aqu\u00ed."}]},{"@type":"WebSite","@id":"https:\/\/zapateneo.net\/wordpress\/#website","url":"https:\/\/zapateneo.net\/wordpress\/","name":"Zapateneo","description":"Zapateneoaren webgunea","publisher":{"@id":"https:\/\/zapateneo.net\/wordpress\/#organization"},"potentialAction":[{"@type":"SearchAction","target":{"@type":"EntryPoint","urlTemplate":"https:\/\/zapateneo.net\/wordpress\/?s={search_term_string}"},"query-input":{"@type":"PropertyValueSpecification","valueRequired":true,"valueName":"search_term_string"}}],"inLanguage":"es"},{"@type":"Organization","@id":"https:\/\/zapateneo.net\/wordpress\/#organization","name":"Zapateneo Kultur Elkartea","url":"https:\/\/zapateneo.net\/wordpress\/","logo":{"@type":"ImageObject","inLanguage":"es","@id":"https:\/\/zapateneo.net\/wordpress\/#\/schema\/logo\/image\/","url":"https:\/\/zapateneo.net\/wordpress\/wp-content\/uploads\/2021\/04\/zap-libu-kolec.jpg","contentUrl":"https:\/\/zapateneo.net\/wordpress\/wp-content\/uploads\/2021\/04\/zap-libu-kolec.jpg","width":2234,"height":398,"caption":"Zapateneo Kultur Elkartea"},"image":{"@id":"https:\/\/zapateneo.net\/wordpress\/#\/schema\/logo\/image\/"},"sameAs":["https:\/\/x.com\/zapateneo"]}]}},"_links":{"self":[{"href":"https:\/\/zapateneo.net\/wordpress\/index.php\/wp-json\/wp\/v2\/product\/11043","targetHints":{"allow":["GET"]}}],"collection":[{"href":"https:\/\/zapateneo.net\/wordpress\/index.php\/wp-json\/wp\/v2\/product"}],"about":[{"href":"https:\/\/zapateneo.net\/wordpress\/index.php\/wp-json\/wp\/v2\/types\/product"}],"wp:featuredmedia":[{"embeddable":true,"href":"https:\/\/zapateneo.net\/wordpress\/index.php\/wp-json\/wp\/v2\/media\/11073"}],"wp:attachment":[{"href":"https:\/\/zapateneo.net\/wordpress\/index.php\/wp-json\/wp\/v2\/media?parent=11043"}],"wp:term":[{"taxonomy":"product_brand","embeddable":true,"href":"https:\/\/zapateneo.net\/wordpress\/index.php\/wp-json\/wp\/v2\/product_brand?post=11043"},{"taxonomy":"product_cat","embeddable":true,"href":"https:\/\/zapateneo.net\/wordpress\/index.php\/wp-json\/wp\/v2\/product_cat?post=11043"},{"taxonomy":"product_tag","embeddable":true,"href":"https:\/\/zapateneo.net\/wordpress\/index.php\/wp-json\/wp\/v2\/product_tag?post=11043"}],"curies":[{"name":"wp","href":"https:\/\/api.w.org\/{rel}","templated":true}]}}