{"id":11042,"date":"2022-05-22T16:59:55","date_gmt":"2022-05-22T15:59:55","guid":{"rendered":"https:\/\/zapateneo.net\/wordpress\/?post_type=product&#038;p=11042"},"modified":"2022-05-22T17:00:07","modified_gmt":"2022-05-22T16:00:07","slug":"la-vida-en-juego-bizitza-jokoan-derechos-humanos-y-de-la-naturaleza-violentados","status":"publish","type":"product","link":"https:\/\/zapateneo.net\/wordpress\/index.php\/producto\/la-vida-en-juego-bizitza-jokoan-derechos-humanos-y-de-la-naturaleza-violentados\/","title":{"rendered":"La vida en juego. Bizitza jokoan. Derechos humanos y de la naturaleza violentados"},"content":{"rendered":"<p>Los \u00faltimos tiempos nos han colocado ante una evidencia ya innegable: el inmenso poder que acaparan las empresas transnacionales en el marco del modelo neoliberal y su disposici\u00f3n para violentar incluso los sistemas democr\u00e1ticos, adem\u00e1s de los derechos humanos individuales y colectivos. Y todo ello con el \u00fanico fin de conseguir el m\u00e1ximo de poder y beneficios.<\/p>\n<p>Ese irrespeto evidente a los derechos pol\u00edticos, sociales, econ\u00f3micos y culturales, desde la imposici\u00f3n de un modelo extractivista descontrolado, alcanza tambi\u00e9n a los derechos de la naturaleza, aquellos que tienen que ver con el expolio, explotaci\u00f3n y destrucci\u00f3n de esta.<\/p>\n<p>Empezamos as\u00ed a entender mejor la estrecha relaci\u00f3n que, aunque negada por las \u00e9lites econ\u00f3micas y pol\u00edticas, hay entre las actuaciones de estos poderes y las m\u00faltiples y diversas violaciones de los derechos humanos y de la naturaleza. Violaciones que nos abocan hacia una crisis del modelo de desarrollo y del sistema capitalista que ya no se puede negar ni ignorar y que, por lo tanto, deber\u00edamos afrontar de forma urgente, si no queremos arrastrar a las generaciones futuras hacia situaciones cercanas a la inviabilidad absoluta de una vida digna y justa para todas las personas y pueblos en este planeta.<\/p>\n","protected":false},"excerpt":{"rendered":"<p><strong>Jes\u00fas Gonz\u00e1lez Pazos<\/strong><br \/>\n9788418826412 &#8211; Icaria &#8211; 2021 &#8211; 188 p\u00e1ginas \/orri.<\/p>\n","protected":false},"featured_media":11072,"template":"","meta":[],"product_brand":[],"product_cat":[180,16],"product_tag":[643,5547],"class_list":{"0":"post-11042","1":"product","2":"type-product","3":"status-publish","4":"has-post-thumbnail","6":"product_cat-ekologia-ecologia","7":"product_cat-libros","8":"product_tag-icaria","9":"product_tag-jesus-gonzalez-pazos","11":"first","12":"instock","13":"sold-individually","14":"shipping-taxable","15":"purchasable","16":"product-type-simple"},"yoast_head":"<!-- This site is optimized with the Yoast SEO plugin v27.3 - https:\/\/yoast.com\/product\/yoast-seo-wordpress\/ -->\n<title>La vida en juego. Bizitza jokoan. Derechos humanos y de la naturaleza violentados &#8212; Zapateneo<\/title>\n<meta name=\"robots\" content=\"index, follow, max-snippet:-1, max-image-preview:large, max-video-preview:-1\" \/>\n<link rel=\"canonical\" href=\"https:\/\/zapateneo.net\/wordpress\/index.php\/producto\/la-vida-en-juego-bizitza-jokoan-derechos-humanos-y-de-la-naturaleza-violentados\/\" \/>\n<meta property=\"og:locale\" content=\"es_ES\" \/>\n<meta property=\"og:type\" content=\"article\" \/>\n<meta property=\"og:title\" content=\"La vida en juego. Bizitza jokoan. Derechos humanos y de la naturaleza violentados &#8212; Zapateneo\" \/>\n<meta property=\"og:description\" content=\"Jes\u00fas Gonz\u00e1lez Pazos 9788418826412 - Icaria - 2021 - 188 p\u00e1ginas \/orri.\" \/>\n<meta property=\"og:url\" content=\"https:\/\/zapateneo.net\/wordpress\/index.php\/producto\/la-vida-en-juego-bizitza-jokoan-derechos-humanos-y-de-la-naturaleza-violentados\/\" \/>\n<meta property=\"og:site_name\" content=\"Zapateneo\" \/>\n<meta property=\"article:modified_time\" content=\"2022-05-22T16:00:07+00:00\" \/>\n<meta name=\"twitter:card\" content=\"summary_large_image\" \/>\n<meta name=\"twitter:site\" content=\"@zapateneo\" \/>\n<meta name=\"twitter:label1\" content=\"Tiempo de lectura\" \/>\n\t<meta name=\"twitter:data1\" content=\"1 minuto\" \/>\n<script type=\"application\/ld+json\" class=\"yoast-schema-graph\">{\"@context\":\"https:\\\/\\\/schema.org\",\"@graph\":[{\"@type\":\"WebPage\",\"@id\":\"https:\\\/\\\/zapateneo.net\\\/wordpress\\\/index.php\\\/producto\\\/la-vida-en-juego-bizitza-jokoan-derechos-humanos-y-de-la-naturaleza-violentados\\\/\",\"url\":\"https:\\\/\\\/zapateneo.net\\\/wordpress\\\/index.php\\\/producto\\\/la-vida-en-juego-bizitza-jokoan-derechos-humanos-y-de-la-naturaleza-violentados\\\/\",\"name\":\"La vida en juego. Bizitza jokoan. Derechos humanos y de la naturaleza violentados &#8212; Zapateneo\",\"isPartOf\":{\"@id\":\"https:\\\/\\\/zapateneo.net\\\/wordpress\\\/#website\"},\"primaryImageOfPage\":{\"@id\":\"https:\\\/\\\/zapateneo.net\\\/wordpress\\\/index.php\\\/producto\\\/la-vida-en-juego-bizitza-jokoan-derechos-humanos-y-de-la-naturaleza-violentados\\\/#primaryimage\"},\"image\":{\"@id\":\"https:\\\/\\\/zapateneo.net\\\/wordpress\\\/index.php\\\/producto\\\/la-vida-en-juego-bizitza-jokoan-derechos-humanos-y-de-la-naturaleza-violentados\\\/#primaryimage\"},\"thumbnailUrl\":\"https:\\\/\\\/zapateneo.net\\\/wordpress\\\/wp-content\\\/uploads\\\/2022\\\/05\\\/9788418826412.jpg\",\"datePublished\":\"2022-05-22T15:59:55+00:00\",\"dateModified\":\"2022-05-22T16:00:07+00:00\",\"breadcrumb\":{\"@id\":\"https:\\\/\\\/zapateneo.net\\\/wordpress\\\/index.php\\\/producto\\\/la-vida-en-juego-bizitza-jokoan-derechos-humanos-y-de-la-naturaleza-violentados\\\/#breadcrumb\"},\"inLanguage\":\"es\",\"potentialAction\":[{\"@type\":\"ReadAction\",\"target\":[\"https:\\\/\\\/zapateneo.net\\\/wordpress\\\/index.php\\\/producto\\\/la-vida-en-juego-bizitza-jokoan-derechos-humanos-y-de-la-naturaleza-violentados\\\/\"]}]},{\"@type\":\"ImageObject\",\"inLanguage\":\"es\",\"@id\":\"https:\\\/\\\/zapateneo.net\\\/wordpress\\\/index.php\\\/producto\\\/la-vida-en-juego-bizitza-jokoan-derechos-humanos-y-de-la-naturaleza-violentados\\\/#primaryimage\",\"url\":\"https:\\\/\\\/zapateneo.net\\\/wordpress\\\/wp-content\\\/uploads\\\/2022\\\/05\\\/9788418826412.jpg\",\"contentUrl\":\"https:\\\/\\\/zapateneo.net\\\/wordpress\\\/wp-content\\\/uploads\\\/2022\\\/05\\\/9788418826412.jpg\",\"width\":261,\"height\":400},{\"@type\":\"BreadcrumbList\",\"@id\":\"https:\\\/\\\/zapateneo.net\\\/wordpress\\\/index.php\\\/producto\\\/la-vida-en-juego-bizitza-jokoan-derechos-humanos-y-de-la-naturaleza-violentados\\\/#breadcrumb\",\"itemListElement\":[{\"@type\":\"ListItem\",\"position\":1,\"name\":\"Portada\",\"item\":\"https:\\\/\\\/zapateneo.net\\\/wordpress\\\/\"},{\"@type\":\"ListItem\",\"position\":2,\"name\":\"Tienda\",\"item\":\"https:\\\/\\\/zapateneo.net\\\/wordpress\\\/\"},{\"@type\":\"ListItem\",\"position\":3,\"name\":\"La vida en juego. Bizitza jokoan. Derechos humanos y de la naturaleza violentados\"}]},{\"@type\":\"WebSite\",\"@id\":\"https:\\\/\\\/zapateneo.net\\\/wordpress\\\/#website\",\"url\":\"https:\\\/\\\/zapateneo.net\\\/wordpress\\\/\",\"name\":\"Zapateneo\",\"description\":\"Zapateneoaren webgunea\",\"publisher\":{\"@id\":\"https:\\\/\\\/zapateneo.net\\\/wordpress\\\/#organization\"},\"potentialAction\":[{\"@type\":\"SearchAction\",\"target\":{\"@type\":\"EntryPoint\",\"urlTemplate\":\"https:\\\/\\\/zapateneo.net\\\/wordpress\\\/?s={search_term_string}\"},\"query-input\":{\"@type\":\"PropertyValueSpecification\",\"valueRequired\":true,\"valueName\":\"search_term_string\"}}],\"inLanguage\":\"es\"},{\"@type\":\"Organization\",\"@id\":\"https:\\\/\\\/zapateneo.net\\\/wordpress\\\/#organization\",\"name\":\"Zapateneo Kultur Elkartea\",\"url\":\"https:\\\/\\\/zapateneo.net\\\/wordpress\\\/\",\"logo\":{\"@type\":\"ImageObject\",\"inLanguage\":\"es\",\"@id\":\"https:\\\/\\\/zapateneo.net\\\/wordpress\\\/#\\\/schema\\\/logo\\\/image\\\/\",\"url\":\"https:\\\/\\\/zapateneo.net\\\/wordpress\\\/wp-content\\\/uploads\\\/2021\\\/04\\\/zap-libu-kolec.jpg\",\"contentUrl\":\"https:\\\/\\\/zapateneo.net\\\/wordpress\\\/wp-content\\\/uploads\\\/2021\\\/04\\\/zap-libu-kolec.jpg\",\"width\":2234,\"height\":398,\"caption\":\"Zapateneo Kultur Elkartea\"},\"image\":{\"@id\":\"https:\\\/\\\/zapateneo.net\\\/wordpress\\\/#\\\/schema\\\/logo\\\/image\\\/\"},\"sameAs\":[\"https:\\\/\\\/x.com\\\/zapateneo\"]}]}<\/script>\n<!-- \/ Yoast SEO plugin. -->","yoast_head_json":{"title":"La vida en juego. Bizitza jokoan. Derechos humanos y de la naturaleza violentados &#8212; Zapateneo","robots":{"index":"index","follow":"follow","max-snippet":"max-snippet:-1","max-image-preview":"max-image-preview:large","max-video-preview":"max-video-preview:-1"},"canonical":"https:\/\/zapateneo.net\/wordpress\/index.php\/producto\/la-vida-en-juego-bizitza-jokoan-derechos-humanos-y-de-la-naturaleza-violentados\/","og_locale":"es_ES","og_type":"article","og_title":"La vida en juego. Bizitza jokoan. Derechos humanos y de la naturaleza violentados &#8212; Zapateneo","og_description":"Jes\u00fas Gonz\u00e1lez Pazos 9788418826412 - Icaria - 2021 - 188 p\u00e1ginas \/orri.","og_url":"https:\/\/zapateneo.net\/wordpress\/index.php\/producto\/la-vida-en-juego-bizitza-jokoan-derechos-humanos-y-de-la-naturaleza-violentados\/","og_site_name":"Zapateneo","article_modified_time":"2022-05-22T16:00:07+00:00","twitter_card":"summary_large_image","twitter_site":"@zapateneo","twitter_misc":{"Tiempo de lectura":"1 minuto"},"schema":{"@context":"https:\/\/schema.org","@graph":[{"@type":"WebPage","@id":"https:\/\/zapateneo.net\/wordpress\/index.php\/producto\/la-vida-en-juego-bizitza-jokoan-derechos-humanos-y-de-la-naturaleza-violentados\/","url":"https:\/\/zapateneo.net\/wordpress\/index.php\/producto\/la-vida-en-juego-bizitza-jokoan-derechos-humanos-y-de-la-naturaleza-violentados\/","name":"La vida en juego. Bizitza jokoan. Derechos humanos y de la naturaleza violentados &#8212; Zapateneo","isPartOf":{"@id":"https:\/\/zapateneo.net\/wordpress\/#website"},"primaryImageOfPage":{"@id":"https:\/\/zapateneo.net\/wordpress\/index.php\/producto\/la-vida-en-juego-bizitza-jokoan-derechos-humanos-y-de-la-naturaleza-violentados\/#primaryimage"},"image":{"@id":"https:\/\/zapateneo.net\/wordpress\/index.php\/producto\/la-vida-en-juego-bizitza-jokoan-derechos-humanos-y-de-la-naturaleza-violentados\/#primaryimage"},"thumbnailUrl":"https:\/\/zapateneo.net\/wordpress\/wp-content\/uploads\/2022\/05\/9788418826412.jpg","datePublished":"2022-05-22T15:59:55+00:00","dateModified":"2022-05-22T16:00:07+00:00","breadcrumb":{"@id":"https:\/\/zapateneo.net\/wordpress\/index.php\/producto\/la-vida-en-juego-bizitza-jokoan-derechos-humanos-y-de-la-naturaleza-violentados\/#breadcrumb"},"inLanguage":"es","potentialAction":[{"@type":"ReadAction","target":["https:\/\/zapateneo.net\/wordpress\/index.php\/producto\/la-vida-en-juego-bizitza-jokoan-derechos-humanos-y-de-la-naturaleza-violentados\/"]}]},{"@type":"ImageObject","inLanguage":"es","@id":"https:\/\/zapateneo.net\/wordpress\/index.php\/producto\/la-vida-en-juego-bizitza-jokoan-derechos-humanos-y-de-la-naturaleza-violentados\/#primaryimage","url":"https:\/\/zapateneo.net\/wordpress\/wp-content\/uploads\/2022\/05\/9788418826412.jpg","contentUrl":"https:\/\/zapateneo.net\/wordpress\/wp-content\/uploads\/2022\/05\/9788418826412.jpg","width":261,"height":400},{"@type":"BreadcrumbList","@id":"https:\/\/zapateneo.net\/wordpress\/index.php\/producto\/la-vida-en-juego-bizitza-jokoan-derechos-humanos-y-de-la-naturaleza-violentados\/#breadcrumb","itemListElement":[{"@type":"ListItem","position":1,"name":"Portada","item":"https:\/\/zapateneo.net\/wordpress\/"},{"@type":"ListItem","position":2,"name":"Tienda","item":"https:\/\/zapateneo.net\/wordpress\/"},{"@type":"ListItem","position":3,"name":"La vida en juego. Bizitza jokoan. Derechos humanos y de la naturaleza violentados"}]},{"@type":"WebSite","@id":"https:\/\/zapateneo.net\/wordpress\/#website","url":"https:\/\/zapateneo.net\/wordpress\/","name":"Zapateneo","description":"Zapateneoaren webgunea","publisher":{"@id":"https:\/\/zapateneo.net\/wordpress\/#organization"},"potentialAction":[{"@type":"SearchAction","target":{"@type":"EntryPoint","urlTemplate":"https:\/\/zapateneo.net\/wordpress\/?s={search_term_string}"},"query-input":{"@type":"PropertyValueSpecification","valueRequired":true,"valueName":"search_term_string"}}],"inLanguage":"es"},{"@type":"Organization","@id":"https:\/\/zapateneo.net\/wordpress\/#organization","name":"Zapateneo Kultur Elkartea","url":"https:\/\/zapateneo.net\/wordpress\/","logo":{"@type":"ImageObject","inLanguage":"es","@id":"https:\/\/zapateneo.net\/wordpress\/#\/schema\/logo\/image\/","url":"https:\/\/zapateneo.net\/wordpress\/wp-content\/uploads\/2021\/04\/zap-libu-kolec.jpg","contentUrl":"https:\/\/zapateneo.net\/wordpress\/wp-content\/uploads\/2021\/04\/zap-libu-kolec.jpg","width":2234,"height":398,"caption":"Zapateneo Kultur Elkartea"},"image":{"@id":"https:\/\/zapateneo.net\/wordpress\/#\/schema\/logo\/image\/"},"sameAs":["https:\/\/x.com\/zapateneo"]}]}},"_links":{"self":[{"href":"https:\/\/zapateneo.net\/wordpress\/index.php\/wp-json\/wp\/v2\/product\/11042","targetHints":{"allow":["GET"]}}],"collection":[{"href":"https:\/\/zapateneo.net\/wordpress\/index.php\/wp-json\/wp\/v2\/product"}],"about":[{"href":"https:\/\/zapateneo.net\/wordpress\/index.php\/wp-json\/wp\/v2\/types\/product"}],"wp:featuredmedia":[{"embeddable":true,"href":"https:\/\/zapateneo.net\/wordpress\/index.php\/wp-json\/wp\/v2\/media\/11072"}],"wp:attachment":[{"href":"https:\/\/zapateneo.net\/wordpress\/index.php\/wp-json\/wp\/v2\/media?parent=11042"}],"wp:term":[{"taxonomy":"product_brand","embeddable":true,"href":"https:\/\/zapateneo.net\/wordpress\/index.php\/wp-json\/wp\/v2\/product_brand?post=11042"},{"taxonomy":"product_cat","embeddable":true,"href":"https:\/\/zapateneo.net\/wordpress\/index.php\/wp-json\/wp\/v2\/product_cat?post=11042"},{"taxonomy":"product_tag","embeddable":true,"href":"https:\/\/zapateneo.net\/wordpress\/index.php\/wp-json\/wp\/v2\/product_tag?post=11042"}],"curies":[{"name":"wp","href":"https:\/\/api.w.org\/{rel}","templated":true}]}}