{"id":11039,"date":"2022-05-22T16:59:54","date_gmt":"2022-05-22T15:59:54","guid":{"rendered":"https:\/\/zapateneo.net\/wordpress\/?post_type=product&#038;p=11039"},"modified":"2022-05-22T17:00:05","modified_gmt":"2022-05-22T16:00:05","slug":"un-paseo-por-las-estrellas-una-guia-de-las-estrellas-las-constelaciones-y-sus-leyendas-sexta-edic","status":"publish","type":"product","link":"https:\/\/zapateneo.net\/wordpress\/index.php\/producto\/un-paseo-por-las-estrellas-una-guia-de-las-estrellas-las-constelaciones-y-sus-leyendas-sexta-edic\/","title":{"rendered":"UN PASEO POR LAS ESTRELLAS. Una gu\u00eda de las estrellas, las constelaciones y sus leyendas. Sexta edic"},"content":{"rendered":"<p>Un paseo por las estrellas siempre ha sido una pieza central del cat\u00e1logo de la colecci\u00f3n de Akal &#8216;Astronom\u00eda&#8217; y, sin lugar a dudas, lo seguir\u00e1 siendo, por eso ha sido seleccionado para la colecci\u00f3n que conmemora los 50 a\u00f1os de vida de la editorial Akal.<\/p>\n<p>David Galad\u00ed-Enr\u00edquez se\u00f1ala en el pr\u00f3logo escrito para esta ocasi\u00f3n que este libro es un trabajo en apariencia modesto, pero que es fundamental y necesario para la salud del \u00e1rbol de la astronom\u00eda, por el que s\u00f3lo se puede trepar hasta las hojas j\u00f3venes que hay en lo m\u00e1s alto si las ra\u00edces est\u00e1n bien asentadas justo aqu\u00ed, en la visi\u00f3n del cielo y las tradiciones de hace milenios.<\/p>\n<p>Conocer las estrellas es siempre el primer paso hacia el resto de las maravillas que nos regala la ciencia moderna del cielo y que se cubren a fondo en otros t\u00edtulos de esta colecci\u00f3n. Este libro presenta los patrones que dibujan las estrellas del hemisferio norte, contiene mapas esquem\u00e1ticos y sencillas indicaciones para identificar las constelaciones principales y localizar, en ellas, las estrellas m\u00e1s brillantes; se incluye, adem\u00e1s, la narraci\u00f3n de los mitos y leyendas sobre el firmamento, algunos de los cuales datan de hace miles de a\u00f1os, para aumentar la fascinaci\u00f3n que se siente ante el misterio de las estrellas.<\/p>\n<p>Atr\u00e9vanse a caminar entre las estrellas. Aunque est\u00e1n lejos, para el viaje que proponen Heifetz y Tirion no hace falta absolutamente ning\u00fan equipaje: tan solo los ojos y un cielo despejado.<\/p>\n","protected":false},"excerpt":{"rendered":"<p><strong>D. Heifetz, W. Tirion<\/strong><br \/>\n9788446051909 &#8211; Akal &#8211; 2022 &#8211; 112 p\u00e1ginas \/orri.<\/p>\n","protected":false},"featured_media":11069,"template":"","meta":[],"product_brand":[],"product_cat":[183,16],"product_tag":[437,5543,5544],"class_list":{"0":"post-11039","1":"product","2":"type-product","3":"status-publish","4":"has-post-thumbnail","6":"product_cat-kultur-adierazpenak-expresiones-culturales","7":"product_cat-libros","8":"product_tag-akal","9":"product_tag-d-heifetz","10":"product_tag-w-tirion","12":"first","13":"instock","14":"sold-individually","15":"shipping-taxable","16":"purchasable","17":"product-type-simple"},"yoast_head":"<!-- This site is optimized with the Yoast SEO plugin v27.3 - https:\/\/yoast.com\/product\/yoast-seo-wordpress\/ -->\n<title>UN PASEO POR LAS ESTRELLAS. Una gu\u00eda de las estrellas, las constelaciones y sus leyendas. Sexta edic &#8212; Zapateneo<\/title>\n<meta name=\"robots\" content=\"index, follow, max-snippet:-1, max-image-preview:large, max-video-preview:-1\" \/>\n<link rel=\"canonical\" href=\"https:\/\/zapateneo.net\/wordpress\/index.php\/producto\/un-paseo-por-las-estrellas-una-guia-de-las-estrellas-las-constelaciones-y-sus-leyendas-sexta-edic\/\" \/>\n<meta property=\"og:locale\" content=\"es_ES\" \/>\n<meta property=\"og:type\" content=\"article\" \/>\n<meta property=\"og:title\" content=\"UN PASEO POR LAS ESTRELLAS. Una gu\u00eda de las estrellas, las constelaciones y sus leyendas. Sexta edic &#8212; Zapateneo\" \/>\n<meta property=\"og:description\" content=\"D. Heifetz, W. Tirion 9788446051909 - Akal - 2022 - 112 p\u00e1ginas \/orri.\" \/>\n<meta property=\"og:url\" content=\"https:\/\/zapateneo.net\/wordpress\/index.php\/producto\/un-paseo-por-las-estrellas-una-guia-de-las-estrellas-las-constelaciones-y-sus-leyendas-sexta-edic\/\" \/>\n<meta property=\"og:site_name\" content=\"Zapateneo\" \/>\n<meta property=\"article:modified_time\" content=\"2022-05-22T16:00:05+00:00\" \/>\n<meta name=\"twitter:card\" content=\"summary_large_image\" \/>\n<meta name=\"twitter:site\" content=\"@zapateneo\" \/>\n<meta name=\"twitter:label1\" content=\"Tiempo de lectura\" \/>\n\t<meta name=\"twitter:data1\" content=\"1 minuto\" \/>\n<script type=\"application\/ld+json\" class=\"yoast-schema-graph\">{\"@context\":\"https:\\\/\\\/schema.org\",\"@graph\":[{\"@type\":\"WebPage\",\"@id\":\"https:\\\/\\\/zapateneo.net\\\/wordpress\\\/index.php\\\/producto\\\/un-paseo-por-las-estrellas-una-guia-de-las-estrellas-las-constelaciones-y-sus-leyendas-sexta-edic\\\/\",\"url\":\"https:\\\/\\\/zapateneo.net\\\/wordpress\\\/index.php\\\/producto\\\/un-paseo-por-las-estrellas-una-guia-de-las-estrellas-las-constelaciones-y-sus-leyendas-sexta-edic\\\/\",\"name\":\"UN PASEO POR LAS ESTRELLAS. Una gu\u00eda de las estrellas, las constelaciones y sus leyendas. Sexta edic &#8212; Zapateneo\",\"isPartOf\":{\"@id\":\"https:\\\/\\\/zapateneo.net\\\/wordpress\\\/#website\"},\"primaryImageOfPage\":{\"@id\":\"https:\\\/\\\/zapateneo.net\\\/wordpress\\\/index.php\\\/producto\\\/un-paseo-por-las-estrellas-una-guia-de-las-estrellas-las-constelaciones-y-sus-leyendas-sexta-edic\\\/#primaryimage\"},\"image\":{\"@id\":\"https:\\\/\\\/zapateneo.net\\\/wordpress\\\/index.php\\\/producto\\\/un-paseo-por-las-estrellas-una-guia-de-las-estrellas-las-constelaciones-y-sus-leyendas-sexta-edic\\\/#primaryimage\"},\"thumbnailUrl\":\"https:\\\/\\\/zapateneo.net\\\/wordpress\\\/wp-content\\\/uploads\\\/2022\\\/05\\\/9788446051909.jpg\",\"datePublished\":\"2022-05-22T15:59:54+00:00\",\"dateModified\":\"2022-05-22T16:00:05+00:00\",\"breadcrumb\":{\"@id\":\"https:\\\/\\\/zapateneo.net\\\/wordpress\\\/index.php\\\/producto\\\/un-paseo-por-las-estrellas-una-guia-de-las-estrellas-las-constelaciones-y-sus-leyendas-sexta-edic\\\/#breadcrumb\"},\"inLanguage\":\"es\",\"potentialAction\":[{\"@type\":\"ReadAction\",\"target\":[\"https:\\\/\\\/zapateneo.net\\\/wordpress\\\/index.php\\\/producto\\\/un-paseo-por-las-estrellas-una-guia-de-las-estrellas-las-constelaciones-y-sus-leyendas-sexta-edic\\\/\"]}]},{\"@type\":\"ImageObject\",\"inLanguage\":\"es\",\"@id\":\"https:\\\/\\\/zapateneo.net\\\/wordpress\\\/index.php\\\/producto\\\/un-paseo-por-las-estrellas-una-guia-de-las-estrellas-las-constelaciones-y-sus-leyendas-sexta-edic\\\/#primaryimage\",\"url\":\"https:\\\/\\\/zapateneo.net\\\/wordpress\\\/wp-content\\\/uploads\\\/2022\\\/05\\\/9788446051909.jpg\",\"contentUrl\":\"https:\\\/\\\/zapateneo.net\\\/wordpress\\\/wp-content\\\/uploads\\\/2022\\\/05\\\/9788446051909.jpg\",\"width\":316,\"height\":400},{\"@type\":\"BreadcrumbList\",\"@id\":\"https:\\\/\\\/zapateneo.net\\\/wordpress\\\/index.php\\\/producto\\\/un-paseo-por-las-estrellas-una-guia-de-las-estrellas-las-constelaciones-y-sus-leyendas-sexta-edic\\\/#breadcrumb\",\"itemListElement\":[{\"@type\":\"ListItem\",\"position\":1,\"name\":\"Portada\",\"item\":\"https:\\\/\\\/zapateneo.net\\\/wordpress\\\/\"},{\"@type\":\"ListItem\",\"position\":2,\"name\":\"Tienda\",\"item\":\"https:\\\/\\\/zapateneo.net\\\/wordpress\\\/\"},{\"@type\":\"ListItem\",\"position\":3,\"name\":\"UN PASEO POR LAS ESTRELLAS. Una gu\u00eda de las estrellas, las constelaciones y sus leyendas. Sexta edic\"}]},{\"@type\":\"WebSite\",\"@id\":\"https:\\\/\\\/zapateneo.net\\\/wordpress\\\/#website\",\"url\":\"https:\\\/\\\/zapateneo.net\\\/wordpress\\\/\",\"name\":\"Zapateneo\",\"description\":\"Zapateneoaren webgunea\",\"publisher\":{\"@id\":\"https:\\\/\\\/zapateneo.net\\\/wordpress\\\/#organization\"},\"potentialAction\":[{\"@type\":\"SearchAction\",\"target\":{\"@type\":\"EntryPoint\",\"urlTemplate\":\"https:\\\/\\\/zapateneo.net\\\/wordpress\\\/?s={search_term_string}\"},\"query-input\":{\"@type\":\"PropertyValueSpecification\",\"valueRequired\":true,\"valueName\":\"search_term_string\"}}],\"inLanguage\":\"es\"},{\"@type\":\"Organization\",\"@id\":\"https:\\\/\\\/zapateneo.net\\\/wordpress\\\/#organization\",\"name\":\"Zapateneo Kultur Elkartea\",\"url\":\"https:\\\/\\\/zapateneo.net\\\/wordpress\\\/\",\"logo\":{\"@type\":\"ImageObject\",\"inLanguage\":\"es\",\"@id\":\"https:\\\/\\\/zapateneo.net\\\/wordpress\\\/#\\\/schema\\\/logo\\\/image\\\/\",\"url\":\"https:\\\/\\\/zapateneo.net\\\/wordpress\\\/wp-content\\\/uploads\\\/2021\\\/04\\\/zap-libu-kolec.jpg\",\"contentUrl\":\"https:\\\/\\\/zapateneo.net\\\/wordpress\\\/wp-content\\\/uploads\\\/2021\\\/04\\\/zap-libu-kolec.jpg\",\"width\":2234,\"height\":398,\"caption\":\"Zapateneo Kultur Elkartea\"},\"image\":{\"@id\":\"https:\\\/\\\/zapateneo.net\\\/wordpress\\\/#\\\/schema\\\/logo\\\/image\\\/\"},\"sameAs\":[\"https:\\\/\\\/x.com\\\/zapateneo\"]}]}<\/script>\n<!-- \/ Yoast SEO plugin. -->","yoast_head_json":{"title":"UN PASEO POR LAS ESTRELLAS. Una gu\u00eda de las estrellas, las constelaciones y sus leyendas. Sexta edic &#8212; Zapateneo","robots":{"index":"index","follow":"follow","max-snippet":"max-snippet:-1","max-image-preview":"max-image-preview:large","max-video-preview":"max-video-preview:-1"},"canonical":"https:\/\/zapateneo.net\/wordpress\/index.php\/producto\/un-paseo-por-las-estrellas-una-guia-de-las-estrellas-las-constelaciones-y-sus-leyendas-sexta-edic\/","og_locale":"es_ES","og_type":"article","og_title":"UN PASEO POR LAS ESTRELLAS. Una gu\u00eda de las estrellas, las constelaciones y sus leyendas. Sexta edic &#8212; Zapateneo","og_description":"D. Heifetz, W. Tirion 9788446051909 - Akal - 2022 - 112 p\u00e1ginas \/orri.","og_url":"https:\/\/zapateneo.net\/wordpress\/index.php\/producto\/un-paseo-por-las-estrellas-una-guia-de-las-estrellas-las-constelaciones-y-sus-leyendas-sexta-edic\/","og_site_name":"Zapateneo","article_modified_time":"2022-05-22T16:00:05+00:00","twitter_card":"summary_large_image","twitter_site":"@zapateneo","twitter_misc":{"Tiempo de lectura":"1 minuto"},"schema":{"@context":"https:\/\/schema.org","@graph":[{"@type":"WebPage","@id":"https:\/\/zapateneo.net\/wordpress\/index.php\/producto\/un-paseo-por-las-estrellas-una-guia-de-las-estrellas-las-constelaciones-y-sus-leyendas-sexta-edic\/","url":"https:\/\/zapateneo.net\/wordpress\/index.php\/producto\/un-paseo-por-las-estrellas-una-guia-de-las-estrellas-las-constelaciones-y-sus-leyendas-sexta-edic\/","name":"UN PASEO POR LAS ESTRELLAS. Una gu\u00eda de las estrellas, las constelaciones y sus leyendas. Sexta edic &#8212; Zapateneo","isPartOf":{"@id":"https:\/\/zapateneo.net\/wordpress\/#website"},"primaryImageOfPage":{"@id":"https:\/\/zapateneo.net\/wordpress\/index.php\/producto\/un-paseo-por-las-estrellas-una-guia-de-las-estrellas-las-constelaciones-y-sus-leyendas-sexta-edic\/#primaryimage"},"image":{"@id":"https:\/\/zapateneo.net\/wordpress\/index.php\/producto\/un-paseo-por-las-estrellas-una-guia-de-las-estrellas-las-constelaciones-y-sus-leyendas-sexta-edic\/#primaryimage"},"thumbnailUrl":"https:\/\/zapateneo.net\/wordpress\/wp-content\/uploads\/2022\/05\/9788446051909.jpg","datePublished":"2022-05-22T15:59:54+00:00","dateModified":"2022-05-22T16:00:05+00:00","breadcrumb":{"@id":"https:\/\/zapateneo.net\/wordpress\/index.php\/producto\/un-paseo-por-las-estrellas-una-guia-de-las-estrellas-las-constelaciones-y-sus-leyendas-sexta-edic\/#breadcrumb"},"inLanguage":"es","potentialAction":[{"@type":"ReadAction","target":["https:\/\/zapateneo.net\/wordpress\/index.php\/producto\/un-paseo-por-las-estrellas-una-guia-de-las-estrellas-las-constelaciones-y-sus-leyendas-sexta-edic\/"]}]},{"@type":"ImageObject","inLanguage":"es","@id":"https:\/\/zapateneo.net\/wordpress\/index.php\/producto\/un-paseo-por-las-estrellas-una-guia-de-las-estrellas-las-constelaciones-y-sus-leyendas-sexta-edic\/#primaryimage","url":"https:\/\/zapateneo.net\/wordpress\/wp-content\/uploads\/2022\/05\/9788446051909.jpg","contentUrl":"https:\/\/zapateneo.net\/wordpress\/wp-content\/uploads\/2022\/05\/9788446051909.jpg","width":316,"height":400},{"@type":"BreadcrumbList","@id":"https:\/\/zapateneo.net\/wordpress\/index.php\/producto\/un-paseo-por-las-estrellas-una-guia-de-las-estrellas-las-constelaciones-y-sus-leyendas-sexta-edic\/#breadcrumb","itemListElement":[{"@type":"ListItem","position":1,"name":"Portada","item":"https:\/\/zapateneo.net\/wordpress\/"},{"@type":"ListItem","position":2,"name":"Tienda","item":"https:\/\/zapateneo.net\/wordpress\/"},{"@type":"ListItem","position":3,"name":"UN PASEO POR LAS ESTRELLAS. Una gu\u00eda de las estrellas, las constelaciones y sus leyendas. Sexta edic"}]},{"@type":"WebSite","@id":"https:\/\/zapateneo.net\/wordpress\/#website","url":"https:\/\/zapateneo.net\/wordpress\/","name":"Zapateneo","description":"Zapateneoaren webgunea","publisher":{"@id":"https:\/\/zapateneo.net\/wordpress\/#organization"},"potentialAction":[{"@type":"SearchAction","target":{"@type":"EntryPoint","urlTemplate":"https:\/\/zapateneo.net\/wordpress\/?s={search_term_string}"},"query-input":{"@type":"PropertyValueSpecification","valueRequired":true,"valueName":"search_term_string"}}],"inLanguage":"es"},{"@type":"Organization","@id":"https:\/\/zapateneo.net\/wordpress\/#organization","name":"Zapateneo Kultur Elkartea","url":"https:\/\/zapateneo.net\/wordpress\/","logo":{"@type":"ImageObject","inLanguage":"es","@id":"https:\/\/zapateneo.net\/wordpress\/#\/schema\/logo\/image\/","url":"https:\/\/zapateneo.net\/wordpress\/wp-content\/uploads\/2021\/04\/zap-libu-kolec.jpg","contentUrl":"https:\/\/zapateneo.net\/wordpress\/wp-content\/uploads\/2021\/04\/zap-libu-kolec.jpg","width":2234,"height":398,"caption":"Zapateneo Kultur Elkartea"},"image":{"@id":"https:\/\/zapateneo.net\/wordpress\/#\/schema\/logo\/image\/"},"sameAs":["https:\/\/x.com\/zapateneo"]}]}},"_links":{"self":[{"href":"https:\/\/zapateneo.net\/wordpress\/index.php\/wp-json\/wp\/v2\/product\/11039","targetHints":{"allow":["GET"]}}],"collection":[{"href":"https:\/\/zapateneo.net\/wordpress\/index.php\/wp-json\/wp\/v2\/product"}],"about":[{"href":"https:\/\/zapateneo.net\/wordpress\/index.php\/wp-json\/wp\/v2\/types\/product"}],"wp:featuredmedia":[{"embeddable":true,"href":"https:\/\/zapateneo.net\/wordpress\/index.php\/wp-json\/wp\/v2\/media\/11069"}],"wp:attachment":[{"href":"https:\/\/zapateneo.net\/wordpress\/index.php\/wp-json\/wp\/v2\/media?parent=11039"}],"wp:term":[{"taxonomy":"product_brand","embeddable":true,"href":"https:\/\/zapateneo.net\/wordpress\/index.php\/wp-json\/wp\/v2\/product_brand?post=11039"},{"taxonomy":"product_cat","embeddable":true,"href":"https:\/\/zapateneo.net\/wordpress\/index.php\/wp-json\/wp\/v2\/product_cat?post=11039"},{"taxonomy":"product_tag","embeddable":true,"href":"https:\/\/zapateneo.net\/wordpress\/index.php\/wp-json\/wp\/v2\/product_tag?post=11039"}],"curies":[{"name":"wp","href":"https:\/\/api.w.org\/{rel}","templated":true}]}}