{"id":11038,"date":"2022-05-22T16:59:54","date_gmt":"2022-05-22T15:59:54","guid":{"rendered":"https:\/\/zapateneo.net\/wordpress\/?post_type=product&#038;p=11038"},"modified":"2022-05-22T17:00:05","modified_gmt":"2022-05-22T16:00:05","slug":"arte-y-performance-una-historia-desde-las-vanguardias-hasta-la-actualidad","status":"publish","type":"product","link":"https:\/\/zapateneo.net\/wordpress\/index.php\/producto\/arte-y-performance-una-historia-desde-las-vanguardias-hasta-la-actualidad\/","title":{"rendered":"ARTE Y PERFORMANCE. Una historia desde las vanguardias hasta la actualidad"},"content":{"rendered":"<p>La presente obra constituye el primer esfuerzo riguroso y omniabarcador por desarrollar un relato hist\u00f3rico de la performance desde las experiencias que salpicaron las vanguardias hasta las formulaciones m\u00e1s contempor\u00e1neas.<\/p>\n<p>En primer lugar, se ofrece un amplio an\u00e1lisis sobre la presencia que las estrategias performativas tuvieron en las vanguardias hist\u00f3ricas. Identifica despu\u00e9s aquellas rupturas que se produjeron en el seno de la modernidad tras la Segunda Guerra Mundial y que condujeron a la eclosi\u00f3n de movimientos tan decisivos como el happening y el Fluxus. Aborda a continuaci\u00f3n el surgimiento y desarrollo de la performance posmoderna, fruto del descentramiento del sujeto, y, finalmente, analiza la reformulaci\u00f3n de los lenguajes performativos en el actual contexto de la globalizaci\u00f3n.<\/p>\n<p>En estas p\u00e1ginas, el autor analiza con maestr\u00eda el zigzagueante itinerario trazado por las llamadas artes vivas, tambi\u00e9n desde un punto de vista poscolonial; traza un amplio arco que desborda las estrechas concepciones, privativas de Occidente, que han ahormado con frecuencia las narrativas de la performance y se adentra en la intensa y prolija praxis art\u00edstica desarrollada en territorios tradicionalmente considerados como perif\u00e9ricos: Latinoam\u00e9rica, China, India, Corea del Sur o Sud\u00e1frica.<\/p>\n<p>Adem\u00e1s, habida cuenta de que la performance constituye, por definici\u00f3n, un lenguaje fronterizo, expuesto continuamente a procesos de contaminaci\u00f3n e hibridaci\u00f3n, las cuestiones examinadas en este estudio invaden asimismo campos anejos como la danza o el teatro.<\/p>\n<p>Pedro A. Cruz S\u00e1nchez (1972) es profesor de \u00daltimas Tendencias del Arte en la Universidad de Murcia. Te\u00f3rico, cr\u00edtico de arte y poeta, cuenta con una amplia producci\u00f3n ensay\u00edstica, entre la que destacan t\u00edtulos como La vigilia del cuerpo. Arte y experiencia corporal en la contemporaneidad (2004), Cartograf\u00edas del cuerpo: la dimensi\u00f3n corporal en el arte contempor\u00e1neo (2004), Cuerpo, ingravidez y enfermedad (2014) o Marcel Duchamp. La sombra y lo femenino (2016).<\/p>\n","protected":false},"excerpt":{"rendered":"<p><strong>Pedro Alberto Cruz S\u00e1nchez<\/strong><br \/>\n9788446051626 &#8211; Akal &#8211; 2021 &#8211; 672 p\u00e1ginas \/orri.<\/p>\n","protected":false},"featured_media":11068,"template":"","meta":[],"product_brand":[],"product_cat":[183,16],"product_tag":[437,5542],"class_list":{"0":"post-11038","1":"product","2":"type-product","3":"status-publish","4":"has-post-thumbnail","6":"product_cat-kultur-adierazpenak-expresiones-culturales","7":"product_cat-libros","8":"product_tag-akal","9":"product_tag-pedro-alberto-cruz-sanchez","11":"first","12":"instock","13":"sold-individually","14":"shipping-taxable","15":"purchasable","16":"product-type-simple"},"yoast_head":"<!-- This site is optimized with the Yoast SEO plugin v27.3 - https:\/\/yoast.com\/product\/yoast-seo-wordpress\/ -->\n<title>ARTE Y PERFORMANCE. Una historia desde las vanguardias hasta la actualidad &#8212; Zapateneo<\/title>\n<meta name=\"robots\" content=\"index, follow, max-snippet:-1, max-image-preview:large, max-video-preview:-1\" \/>\n<link rel=\"canonical\" href=\"https:\/\/zapateneo.net\/wordpress\/index.php\/producto\/arte-y-performance-una-historia-desde-las-vanguardias-hasta-la-actualidad\/\" \/>\n<meta property=\"og:locale\" content=\"es_ES\" \/>\n<meta property=\"og:type\" content=\"article\" \/>\n<meta property=\"og:title\" content=\"ARTE Y PERFORMANCE. Una historia desde las vanguardias hasta la actualidad &#8212; Zapateneo\" \/>\n<meta property=\"og:description\" content=\"Pedro Alberto Cruz S\u00e1nchez 9788446051626 - Akal - 2021 - 672 p\u00e1ginas \/orri.\" \/>\n<meta property=\"og:url\" content=\"https:\/\/zapateneo.net\/wordpress\/index.php\/producto\/arte-y-performance-una-historia-desde-las-vanguardias-hasta-la-actualidad\/\" \/>\n<meta property=\"og:site_name\" content=\"Zapateneo\" \/>\n<meta property=\"article:modified_time\" content=\"2022-05-22T16:00:05+00:00\" \/>\n<meta name=\"twitter:card\" content=\"summary_large_image\" \/>\n<meta name=\"twitter:site\" content=\"@zapateneo\" \/>\n<meta name=\"twitter:label1\" content=\"Tiempo de lectura\" \/>\n\t<meta name=\"twitter:data1\" content=\"2 minutos\" \/>\n<script type=\"application\/ld+json\" class=\"yoast-schema-graph\">{\"@context\":\"https:\\\/\\\/schema.org\",\"@graph\":[{\"@type\":\"WebPage\",\"@id\":\"https:\\\/\\\/zapateneo.net\\\/wordpress\\\/index.php\\\/producto\\\/arte-y-performance-una-historia-desde-las-vanguardias-hasta-la-actualidad\\\/\",\"url\":\"https:\\\/\\\/zapateneo.net\\\/wordpress\\\/index.php\\\/producto\\\/arte-y-performance-una-historia-desde-las-vanguardias-hasta-la-actualidad\\\/\",\"name\":\"ARTE Y PERFORMANCE. Una historia desde las vanguardias hasta la actualidad &#8212; Zapateneo\",\"isPartOf\":{\"@id\":\"https:\\\/\\\/zapateneo.net\\\/wordpress\\\/#website\"},\"primaryImageOfPage\":{\"@id\":\"https:\\\/\\\/zapateneo.net\\\/wordpress\\\/index.php\\\/producto\\\/arte-y-performance-una-historia-desde-las-vanguardias-hasta-la-actualidad\\\/#primaryimage\"},\"image\":{\"@id\":\"https:\\\/\\\/zapateneo.net\\\/wordpress\\\/index.php\\\/producto\\\/arte-y-performance-una-historia-desde-las-vanguardias-hasta-la-actualidad\\\/#primaryimage\"},\"thumbnailUrl\":\"https:\\\/\\\/zapateneo.net\\\/wordpress\\\/wp-content\\\/uploads\\\/2022\\\/05\\\/arte-y-performance-9788446051626.jpg\",\"datePublished\":\"2022-05-22T15:59:54+00:00\",\"dateModified\":\"2022-05-22T16:00:05+00:00\",\"breadcrumb\":{\"@id\":\"https:\\\/\\\/zapateneo.net\\\/wordpress\\\/index.php\\\/producto\\\/arte-y-performance-una-historia-desde-las-vanguardias-hasta-la-actualidad\\\/#breadcrumb\"},\"inLanguage\":\"es\",\"potentialAction\":[{\"@type\":\"ReadAction\",\"target\":[\"https:\\\/\\\/zapateneo.net\\\/wordpress\\\/index.php\\\/producto\\\/arte-y-performance-una-historia-desde-las-vanguardias-hasta-la-actualidad\\\/\"]}]},{\"@type\":\"ImageObject\",\"inLanguage\":\"es\",\"@id\":\"https:\\\/\\\/zapateneo.net\\\/wordpress\\\/index.php\\\/producto\\\/arte-y-performance-una-historia-desde-las-vanguardias-hasta-la-actualidad\\\/#primaryimage\",\"url\":\"https:\\\/\\\/zapateneo.net\\\/wordpress\\\/wp-content\\\/uploads\\\/2022\\\/05\\\/arte-y-performance-9788446051626.jpg\",\"contentUrl\":\"https:\\\/\\\/zapateneo.net\\\/wordpress\\\/wp-content\\\/uploads\\\/2022\\\/05\\\/arte-y-performance-9788446051626.jpg\",\"width\":286,\"height\":400},{\"@type\":\"BreadcrumbList\",\"@id\":\"https:\\\/\\\/zapateneo.net\\\/wordpress\\\/index.php\\\/producto\\\/arte-y-performance-una-historia-desde-las-vanguardias-hasta-la-actualidad\\\/#breadcrumb\",\"itemListElement\":[{\"@type\":\"ListItem\",\"position\":1,\"name\":\"Portada\",\"item\":\"https:\\\/\\\/zapateneo.net\\\/wordpress\\\/\"},{\"@type\":\"ListItem\",\"position\":2,\"name\":\"Tienda\",\"item\":\"https:\\\/\\\/zapateneo.net\\\/wordpress\\\/\"},{\"@type\":\"ListItem\",\"position\":3,\"name\":\"ARTE Y PERFORMANCE. Una historia desde las vanguardias hasta la actualidad\"}]},{\"@type\":\"WebSite\",\"@id\":\"https:\\\/\\\/zapateneo.net\\\/wordpress\\\/#website\",\"url\":\"https:\\\/\\\/zapateneo.net\\\/wordpress\\\/\",\"name\":\"Zapateneo\",\"description\":\"Zapateneoaren webgunea\",\"publisher\":{\"@id\":\"https:\\\/\\\/zapateneo.net\\\/wordpress\\\/#organization\"},\"potentialAction\":[{\"@type\":\"SearchAction\",\"target\":{\"@type\":\"EntryPoint\",\"urlTemplate\":\"https:\\\/\\\/zapateneo.net\\\/wordpress\\\/?s={search_term_string}\"},\"query-input\":{\"@type\":\"PropertyValueSpecification\",\"valueRequired\":true,\"valueName\":\"search_term_string\"}}],\"inLanguage\":\"es\"},{\"@type\":\"Organization\",\"@id\":\"https:\\\/\\\/zapateneo.net\\\/wordpress\\\/#organization\",\"name\":\"Zapateneo Kultur Elkartea\",\"url\":\"https:\\\/\\\/zapateneo.net\\\/wordpress\\\/\",\"logo\":{\"@type\":\"ImageObject\",\"inLanguage\":\"es\",\"@id\":\"https:\\\/\\\/zapateneo.net\\\/wordpress\\\/#\\\/schema\\\/logo\\\/image\\\/\",\"url\":\"https:\\\/\\\/zapateneo.net\\\/wordpress\\\/wp-content\\\/uploads\\\/2021\\\/04\\\/zap-libu-kolec.jpg\",\"contentUrl\":\"https:\\\/\\\/zapateneo.net\\\/wordpress\\\/wp-content\\\/uploads\\\/2021\\\/04\\\/zap-libu-kolec.jpg\",\"width\":2234,\"height\":398,\"caption\":\"Zapateneo Kultur Elkartea\"},\"image\":{\"@id\":\"https:\\\/\\\/zapateneo.net\\\/wordpress\\\/#\\\/schema\\\/logo\\\/image\\\/\"},\"sameAs\":[\"https:\\\/\\\/x.com\\\/zapateneo\"]}]}<\/script>\n<!-- \/ Yoast SEO plugin. -->","yoast_head_json":{"title":"ARTE Y PERFORMANCE. Una historia desde las vanguardias hasta la actualidad &#8212; Zapateneo","robots":{"index":"index","follow":"follow","max-snippet":"max-snippet:-1","max-image-preview":"max-image-preview:large","max-video-preview":"max-video-preview:-1"},"canonical":"https:\/\/zapateneo.net\/wordpress\/index.php\/producto\/arte-y-performance-una-historia-desde-las-vanguardias-hasta-la-actualidad\/","og_locale":"es_ES","og_type":"article","og_title":"ARTE Y PERFORMANCE. Una historia desde las vanguardias hasta la actualidad &#8212; Zapateneo","og_description":"Pedro Alberto Cruz S\u00e1nchez 9788446051626 - Akal - 2021 - 672 p\u00e1ginas \/orri.","og_url":"https:\/\/zapateneo.net\/wordpress\/index.php\/producto\/arte-y-performance-una-historia-desde-las-vanguardias-hasta-la-actualidad\/","og_site_name":"Zapateneo","article_modified_time":"2022-05-22T16:00:05+00:00","twitter_card":"summary_large_image","twitter_site":"@zapateneo","twitter_misc":{"Tiempo de lectura":"2 minutos"},"schema":{"@context":"https:\/\/schema.org","@graph":[{"@type":"WebPage","@id":"https:\/\/zapateneo.net\/wordpress\/index.php\/producto\/arte-y-performance-una-historia-desde-las-vanguardias-hasta-la-actualidad\/","url":"https:\/\/zapateneo.net\/wordpress\/index.php\/producto\/arte-y-performance-una-historia-desde-las-vanguardias-hasta-la-actualidad\/","name":"ARTE Y PERFORMANCE. Una historia desde las vanguardias hasta la actualidad &#8212; Zapateneo","isPartOf":{"@id":"https:\/\/zapateneo.net\/wordpress\/#website"},"primaryImageOfPage":{"@id":"https:\/\/zapateneo.net\/wordpress\/index.php\/producto\/arte-y-performance-una-historia-desde-las-vanguardias-hasta-la-actualidad\/#primaryimage"},"image":{"@id":"https:\/\/zapateneo.net\/wordpress\/index.php\/producto\/arte-y-performance-una-historia-desde-las-vanguardias-hasta-la-actualidad\/#primaryimage"},"thumbnailUrl":"https:\/\/zapateneo.net\/wordpress\/wp-content\/uploads\/2022\/05\/arte-y-performance-9788446051626.jpg","datePublished":"2022-05-22T15:59:54+00:00","dateModified":"2022-05-22T16:00:05+00:00","breadcrumb":{"@id":"https:\/\/zapateneo.net\/wordpress\/index.php\/producto\/arte-y-performance-una-historia-desde-las-vanguardias-hasta-la-actualidad\/#breadcrumb"},"inLanguage":"es","potentialAction":[{"@type":"ReadAction","target":["https:\/\/zapateneo.net\/wordpress\/index.php\/producto\/arte-y-performance-una-historia-desde-las-vanguardias-hasta-la-actualidad\/"]}]},{"@type":"ImageObject","inLanguage":"es","@id":"https:\/\/zapateneo.net\/wordpress\/index.php\/producto\/arte-y-performance-una-historia-desde-las-vanguardias-hasta-la-actualidad\/#primaryimage","url":"https:\/\/zapateneo.net\/wordpress\/wp-content\/uploads\/2022\/05\/arte-y-performance-9788446051626.jpg","contentUrl":"https:\/\/zapateneo.net\/wordpress\/wp-content\/uploads\/2022\/05\/arte-y-performance-9788446051626.jpg","width":286,"height":400},{"@type":"BreadcrumbList","@id":"https:\/\/zapateneo.net\/wordpress\/index.php\/producto\/arte-y-performance-una-historia-desde-las-vanguardias-hasta-la-actualidad\/#breadcrumb","itemListElement":[{"@type":"ListItem","position":1,"name":"Portada","item":"https:\/\/zapateneo.net\/wordpress\/"},{"@type":"ListItem","position":2,"name":"Tienda","item":"https:\/\/zapateneo.net\/wordpress\/"},{"@type":"ListItem","position":3,"name":"ARTE Y PERFORMANCE. Una historia desde las vanguardias hasta la actualidad"}]},{"@type":"WebSite","@id":"https:\/\/zapateneo.net\/wordpress\/#website","url":"https:\/\/zapateneo.net\/wordpress\/","name":"Zapateneo","description":"Zapateneoaren webgunea","publisher":{"@id":"https:\/\/zapateneo.net\/wordpress\/#organization"},"potentialAction":[{"@type":"SearchAction","target":{"@type":"EntryPoint","urlTemplate":"https:\/\/zapateneo.net\/wordpress\/?s={search_term_string}"},"query-input":{"@type":"PropertyValueSpecification","valueRequired":true,"valueName":"search_term_string"}}],"inLanguage":"es"},{"@type":"Organization","@id":"https:\/\/zapateneo.net\/wordpress\/#organization","name":"Zapateneo Kultur Elkartea","url":"https:\/\/zapateneo.net\/wordpress\/","logo":{"@type":"ImageObject","inLanguage":"es","@id":"https:\/\/zapateneo.net\/wordpress\/#\/schema\/logo\/image\/","url":"https:\/\/zapateneo.net\/wordpress\/wp-content\/uploads\/2021\/04\/zap-libu-kolec.jpg","contentUrl":"https:\/\/zapateneo.net\/wordpress\/wp-content\/uploads\/2021\/04\/zap-libu-kolec.jpg","width":2234,"height":398,"caption":"Zapateneo Kultur Elkartea"},"image":{"@id":"https:\/\/zapateneo.net\/wordpress\/#\/schema\/logo\/image\/"},"sameAs":["https:\/\/x.com\/zapateneo"]}]}},"_links":{"self":[{"href":"https:\/\/zapateneo.net\/wordpress\/index.php\/wp-json\/wp\/v2\/product\/11038","targetHints":{"allow":["GET"]}}],"collection":[{"href":"https:\/\/zapateneo.net\/wordpress\/index.php\/wp-json\/wp\/v2\/product"}],"about":[{"href":"https:\/\/zapateneo.net\/wordpress\/index.php\/wp-json\/wp\/v2\/types\/product"}],"wp:featuredmedia":[{"embeddable":true,"href":"https:\/\/zapateneo.net\/wordpress\/index.php\/wp-json\/wp\/v2\/media\/11068"}],"wp:attachment":[{"href":"https:\/\/zapateneo.net\/wordpress\/index.php\/wp-json\/wp\/v2\/media?parent=11038"}],"wp:term":[{"taxonomy":"product_brand","embeddable":true,"href":"https:\/\/zapateneo.net\/wordpress\/index.php\/wp-json\/wp\/v2\/product_brand?post=11038"},{"taxonomy":"product_cat","embeddable":true,"href":"https:\/\/zapateneo.net\/wordpress\/index.php\/wp-json\/wp\/v2\/product_cat?post=11038"},{"taxonomy":"product_tag","embeddable":true,"href":"https:\/\/zapateneo.net\/wordpress\/index.php\/wp-json\/wp\/v2\/product_tag?post=11038"}],"curies":[{"name":"wp","href":"https:\/\/api.w.org\/{rel}","templated":true}]}}