{"id":11037,"date":"2022-05-22T16:59:54","date_gmt":"2022-05-22T15:59:54","guid":{"rendered":"https:\/\/zapateneo.net\/wordpress\/?post_type=product&#038;p=11037"},"modified":"2022-05-22T17:00:04","modified_gmt":"2022-05-22T16:00:04","slug":"un-lugar-sin-limites-musica-nihilismo-y-politicas-del-desastre-en-tiempos-del-amanecer-neoliberal","status":"publish","type":"product","link":"https:\/\/zapateneo.net\/wordpress\/index.php\/producto\/un-lugar-sin-limites-musica-nihilismo-y-politicas-del-desastre-en-tiempos-del-amanecer-neoliberal\/","title":{"rendered":"UN LUGAR SIN L\u00cdMITES M\u00fasica, nihilismo y pol\u00edticas del desastre en tiempos del amanecer neoliberal"},"content":{"rendered":"<p>En 1976, mientras Milton Friedman recoge el Premio Nobel de Econom\u00eda por sus logros en los campos del an\u00e1lisis del consumo y la teor\u00eda monetaria, el punk expande su mensaje de disonancia empujando los l\u00edmites de lo decible hacia espacios hasta entonces poco conocidos. En ese mismo momento bandas como Iron Maiden comienzan a generar imaginarios extra\u00f1os que canalizan algunas tendencias sociales; las pistas de baile exploran nuevas formas de relaci\u00f3n cultural, y el esp\u00edritu nihilista de Iggy Pop flota en el ambiente.<\/p>\n<p>La d\u00e9cada de 1970 es la d\u00e9cada del extra\u00f1amiento, en la que el sue\u00f1o econ\u00f3mico de la posguerra se deshace provocando la aparici\u00f3n en el horizonte de una \u201cnueva\u201d forma de revisar la construcci\u00f3n de la vida cotidiana: el neoliberalismo. En paralelo a este proceso, y en direcci\u00f3n opuesta, existe una b\u00fasqueda de respuestas a nivel cultural. Respuestas que no pretenden salvar nada, sino ahondar en la miseria de ese mismo tiempo. Ah\u00ed aparecen el punk y otros movimientos que pronto son devorados por el mercado.<\/p>\n<p>Pero \u00bfdesde d\u00f3nde se nos ha contado esta historia de derrotas? \u00bfHemos aceptado que la historia de nuestras derrotas culturales sea narrada por la maquinaria neoliberal? Quiz\u00e1 debamos plantarnos y pensar otras formas de narrar una d\u00e9cada, la de los setenta, en cuya estela seguimos. Este libro es un intento radical y novedoso de explorar este periodo donde cultura y pol\u00edtica se cruzan a trav\u00e9s de la m\u00fasica.<\/p>\n","protected":false},"excerpt":{"rendered":"<p><strong>Alberto Santamar\u00eda<\/strong><br \/>\n9788446051688 &#8211; Akal &#8211; 2022 &#8211; 296 p\u00e1ginas \/orri.<\/p>\n","protected":false},"featured_media":11067,"template":"","meta":[],"product_brand":[],"product_cat":[183,16],"product_tag":[437,5541],"class_list":{"0":"post-11037","1":"product","2":"type-product","3":"status-publish","4":"has-post-thumbnail","6":"product_cat-kultur-adierazpenak-expresiones-culturales","7":"product_cat-libros","8":"product_tag-akal","9":"product_tag-alberto-santamaria","11":"first","12":"instock","13":"sold-individually","14":"shipping-taxable","15":"purchasable","16":"product-type-simple"},"yoast_head":"<!-- This site is optimized with the Yoast SEO plugin v27.3 - https:\/\/yoast.com\/product\/yoast-seo-wordpress\/ -->\n<title>UN LUGAR SIN L\u00cdMITES M\u00fasica, nihilismo y pol\u00edticas del desastre en tiempos del amanecer neoliberal &#8212; Zapateneo<\/title>\n<meta name=\"robots\" content=\"index, follow, max-snippet:-1, max-image-preview:large, max-video-preview:-1\" \/>\n<link rel=\"canonical\" href=\"https:\/\/zapateneo.net\/wordpress\/index.php\/producto\/un-lugar-sin-limites-musica-nihilismo-y-politicas-del-desastre-en-tiempos-del-amanecer-neoliberal\/\" \/>\n<meta property=\"og:locale\" content=\"es_ES\" \/>\n<meta property=\"og:type\" content=\"article\" \/>\n<meta property=\"og:title\" content=\"UN LUGAR SIN L\u00cdMITES M\u00fasica, nihilismo y pol\u00edticas del desastre en tiempos del amanecer neoliberal &#8212; Zapateneo\" \/>\n<meta property=\"og:description\" content=\"Alberto Santamar\u00eda 9788446051688 - Akal - 2022 - 296 p\u00e1ginas \/orri.\" \/>\n<meta property=\"og:url\" content=\"https:\/\/zapateneo.net\/wordpress\/index.php\/producto\/un-lugar-sin-limites-musica-nihilismo-y-politicas-del-desastre-en-tiempos-del-amanecer-neoliberal\/\" \/>\n<meta property=\"og:site_name\" content=\"Zapateneo\" \/>\n<meta property=\"article:modified_time\" content=\"2022-05-22T16:00:04+00:00\" \/>\n<meta name=\"twitter:card\" content=\"summary_large_image\" \/>\n<meta name=\"twitter:site\" content=\"@zapateneo\" \/>\n<meta name=\"twitter:label1\" content=\"Tiempo de lectura\" \/>\n\t<meta name=\"twitter:data1\" content=\"1 minuto\" \/>\n<script type=\"application\/ld+json\" class=\"yoast-schema-graph\">{\"@context\":\"https:\\\/\\\/schema.org\",\"@graph\":[{\"@type\":\"WebPage\",\"@id\":\"https:\\\/\\\/zapateneo.net\\\/wordpress\\\/index.php\\\/producto\\\/un-lugar-sin-limites-musica-nihilismo-y-politicas-del-desastre-en-tiempos-del-amanecer-neoliberal\\\/\",\"url\":\"https:\\\/\\\/zapateneo.net\\\/wordpress\\\/index.php\\\/producto\\\/un-lugar-sin-limites-musica-nihilismo-y-politicas-del-desastre-en-tiempos-del-amanecer-neoliberal\\\/\",\"name\":\"UN LUGAR SIN L\u00cdMITES M\u00fasica, nihilismo y pol\u00edticas del desastre en tiempos del amanecer neoliberal &#8212; Zapateneo\",\"isPartOf\":{\"@id\":\"https:\\\/\\\/zapateneo.net\\\/wordpress\\\/#website\"},\"primaryImageOfPage\":{\"@id\":\"https:\\\/\\\/zapateneo.net\\\/wordpress\\\/index.php\\\/producto\\\/un-lugar-sin-limites-musica-nihilismo-y-politicas-del-desastre-en-tiempos-del-amanecer-neoliberal\\\/#primaryimage\"},\"image\":{\"@id\":\"https:\\\/\\\/zapateneo.net\\\/wordpress\\\/index.php\\\/producto\\\/un-lugar-sin-limites-musica-nihilismo-y-politicas-del-desastre-en-tiempos-del-amanecer-neoliberal\\\/#primaryimage\"},\"thumbnailUrl\":\"https:\\\/\\\/zapateneo.net\\\/wordpress\\\/wp-content\\\/uploads\\\/2022\\\/05\\\/un-lugar-sin-limites.jpg\",\"datePublished\":\"2022-05-22T15:59:54+00:00\",\"dateModified\":\"2022-05-22T16:00:04+00:00\",\"breadcrumb\":{\"@id\":\"https:\\\/\\\/zapateneo.net\\\/wordpress\\\/index.php\\\/producto\\\/un-lugar-sin-limites-musica-nihilismo-y-politicas-del-desastre-en-tiempos-del-amanecer-neoliberal\\\/#breadcrumb\"},\"inLanguage\":\"es\",\"potentialAction\":[{\"@type\":\"ReadAction\",\"target\":[\"https:\\\/\\\/zapateneo.net\\\/wordpress\\\/index.php\\\/producto\\\/un-lugar-sin-limites-musica-nihilismo-y-politicas-del-desastre-en-tiempos-del-amanecer-neoliberal\\\/\"]}]},{\"@type\":\"ImageObject\",\"inLanguage\":\"es\",\"@id\":\"https:\\\/\\\/zapateneo.net\\\/wordpress\\\/index.php\\\/producto\\\/un-lugar-sin-limites-musica-nihilismo-y-politicas-del-desastre-en-tiempos-del-amanecer-neoliberal\\\/#primaryimage\",\"url\":\"https:\\\/\\\/zapateneo.net\\\/wordpress\\\/wp-content\\\/uploads\\\/2022\\\/05\\\/un-lugar-sin-limites.jpg\",\"contentUrl\":\"https:\\\/\\\/zapateneo.net\\\/wordpress\\\/wp-content\\\/uploads\\\/2022\\\/05\\\/un-lugar-sin-limites.jpg\",\"width\":257,\"height\":400},{\"@type\":\"BreadcrumbList\",\"@id\":\"https:\\\/\\\/zapateneo.net\\\/wordpress\\\/index.php\\\/producto\\\/un-lugar-sin-limites-musica-nihilismo-y-politicas-del-desastre-en-tiempos-del-amanecer-neoliberal\\\/#breadcrumb\",\"itemListElement\":[{\"@type\":\"ListItem\",\"position\":1,\"name\":\"Portada\",\"item\":\"https:\\\/\\\/zapateneo.net\\\/wordpress\\\/\"},{\"@type\":\"ListItem\",\"position\":2,\"name\":\"Tienda\",\"item\":\"https:\\\/\\\/zapateneo.net\\\/wordpress\\\/\"},{\"@type\":\"ListItem\",\"position\":3,\"name\":\"UN LUGAR SIN L\u00cdMITES M\u00fasica, nihilismo y pol\u00edticas del desastre en tiempos del amanecer neoliberal\"}]},{\"@type\":\"WebSite\",\"@id\":\"https:\\\/\\\/zapateneo.net\\\/wordpress\\\/#website\",\"url\":\"https:\\\/\\\/zapateneo.net\\\/wordpress\\\/\",\"name\":\"Zapateneo\",\"description\":\"Zapateneoaren webgunea\",\"publisher\":{\"@id\":\"https:\\\/\\\/zapateneo.net\\\/wordpress\\\/#organization\"},\"potentialAction\":[{\"@type\":\"SearchAction\",\"target\":{\"@type\":\"EntryPoint\",\"urlTemplate\":\"https:\\\/\\\/zapateneo.net\\\/wordpress\\\/?s={search_term_string}\"},\"query-input\":{\"@type\":\"PropertyValueSpecification\",\"valueRequired\":true,\"valueName\":\"search_term_string\"}}],\"inLanguage\":\"es\"},{\"@type\":\"Organization\",\"@id\":\"https:\\\/\\\/zapateneo.net\\\/wordpress\\\/#organization\",\"name\":\"Zapateneo Kultur Elkartea\",\"url\":\"https:\\\/\\\/zapateneo.net\\\/wordpress\\\/\",\"logo\":{\"@type\":\"ImageObject\",\"inLanguage\":\"es\",\"@id\":\"https:\\\/\\\/zapateneo.net\\\/wordpress\\\/#\\\/schema\\\/logo\\\/image\\\/\",\"url\":\"https:\\\/\\\/zapateneo.net\\\/wordpress\\\/wp-content\\\/uploads\\\/2021\\\/04\\\/zap-libu-kolec.jpg\",\"contentUrl\":\"https:\\\/\\\/zapateneo.net\\\/wordpress\\\/wp-content\\\/uploads\\\/2021\\\/04\\\/zap-libu-kolec.jpg\",\"width\":2234,\"height\":398,\"caption\":\"Zapateneo Kultur Elkartea\"},\"image\":{\"@id\":\"https:\\\/\\\/zapateneo.net\\\/wordpress\\\/#\\\/schema\\\/logo\\\/image\\\/\"},\"sameAs\":[\"https:\\\/\\\/x.com\\\/zapateneo\"]}]}<\/script>\n<!-- \/ Yoast SEO plugin. -->","yoast_head_json":{"title":"UN LUGAR SIN L\u00cdMITES M\u00fasica, nihilismo y pol\u00edticas del desastre en tiempos del amanecer neoliberal &#8212; Zapateneo","robots":{"index":"index","follow":"follow","max-snippet":"max-snippet:-1","max-image-preview":"max-image-preview:large","max-video-preview":"max-video-preview:-1"},"canonical":"https:\/\/zapateneo.net\/wordpress\/index.php\/producto\/un-lugar-sin-limites-musica-nihilismo-y-politicas-del-desastre-en-tiempos-del-amanecer-neoliberal\/","og_locale":"es_ES","og_type":"article","og_title":"UN LUGAR SIN L\u00cdMITES M\u00fasica, nihilismo y pol\u00edticas del desastre en tiempos del amanecer neoliberal &#8212; Zapateneo","og_description":"Alberto Santamar\u00eda 9788446051688 - Akal - 2022 - 296 p\u00e1ginas \/orri.","og_url":"https:\/\/zapateneo.net\/wordpress\/index.php\/producto\/un-lugar-sin-limites-musica-nihilismo-y-politicas-del-desastre-en-tiempos-del-amanecer-neoliberal\/","og_site_name":"Zapateneo","article_modified_time":"2022-05-22T16:00:04+00:00","twitter_card":"summary_large_image","twitter_site":"@zapateneo","twitter_misc":{"Tiempo de lectura":"1 minuto"},"schema":{"@context":"https:\/\/schema.org","@graph":[{"@type":"WebPage","@id":"https:\/\/zapateneo.net\/wordpress\/index.php\/producto\/un-lugar-sin-limites-musica-nihilismo-y-politicas-del-desastre-en-tiempos-del-amanecer-neoliberal\/","url":"https:\/\/zapateneo.net\/wordpress\/index.php\/producto\/un-lugar-sin-limites-musica-nihilismo-y-politicas-del-desastre-en-tiempos-del-amanecer-neoliberal\/","name":"UN LUGAR SIN L\u00cdMITES M\u00fasica, nihilismo y pol\u00edticas del desastre en tiempos del amanecer neoliberal &#8212; Zapateneo","isPartOf":{"@id":"https:\/\/zapateneo.net\/wordpress\/#website"},"primaryImageOfPage":{"@id":"https:\/\/zapateneo.net\/wordpress\/index.php\/producto\/un-lugar-sin-limites-musica-nihilismo-y-politicas-del-desastre-en-tiempos-del-amanecer-neoliberal\/#primaryimage"},"image":{"@id":"https:\/\/zapateneo.net\/wordpress\/index.php\/producto\/un-lugar-sin-limites-musica-nihilismo-y-politicas-del-desastre-en-tiempos-del-amanecer-neoliberal\/#primaryimage"},"thumbnailUrl":"https:\/\/zapateneo.net\/wordpress\/wp-content\/uploads\/2022\/05\/un-lugar-sin-limites.jpg","datePublished":"2022-05-22T15:59:54+00:00","dateModified":"2022-05-22T16:00:04+00:00","breadcrumb":{"@id":"https:\/\/zapateneo.net\/wordpress\/index.php\/producto\/un-lugar-sin-limites-musica-nihilismo-y-politicas-del-desastre-en-tiempos-del-amanecer-neoliberal\/#breadcrumb"},"inLanguage":"es","potentialAction":[{"@type":"ReadAction","target":["https:\/\/zapateneo.net\/wordpress\/index.php\/producto\/un-lugar-sin-limites-musica-nihilismo-y-politicas-del-desastre-en-tiempos-del-amanecer-neoliberal\/"]}]},{"@type":"ImageObject","inLanguage":"es","@id":"https:\/\/zapateneo.net\/wordpress\/index.php\/producto\/un-lugar-sin-limites-musica-nihilismo-y-politicas-del-desastre-en-tiempos-del-amanecer-neoliberal\/#primaryimage","url":"https:\/\/zapateneo.net\/wordpress\/wp-content\/uploads\/2022\/05\/un-lugar-sin-limites.jpg","contentUrl":"https:\/\/zapateneo.net\/wordpress\/wp-content\/uploads\/2022\/05\/un-lugar-sin-limites.jpg","width":257,"height":400},{"@type":"BreadcrumbList","@id":"https:\/\/zapateneo.net\/wordpress\/index.php\/producto\/un-lugar-sin-limites-musica-nihilismo-y-politicas-del-desastre-en-tiempos-del-amanecer-neoliberal\/#breadcrumb","itemListElement":[{"@type":"ListItem","position":1,"name":"Portada","item":"https:\/\/zapateneo.net\/wordpress\/"},{"@type":"ListItem","position":2,"name":"Tienda","item":"https:\/\/zapateneo.net\/wordpress\/"},{"@type":"ListItem","position":3,"name":"UN LUGAR SIN L\u00cdMITES M\u00fasica, nihilismo y pol\u00edticas del desastre en tiempos del amanecer neoliberal"}]},{"@type":"WebSite","@id":"https:\/\/zapateneo.net\/wordpress\/#website","url":"https:\/\/zapateneo.net\/wordpress\/","name":"Zapateneo","description":"Zapateneoaren webgunea","publisher":{"@id":"https:\/\/zapateneo.net\/wordpress\/#organization"},"potentialAction":[{"@type":"SearchAction","target":{"@type":"EntryPoint","urlTemplate":"https:\/\/zapateneo.net\/wordpress\/?s={search_term_string}"},"query-input":{"@type":"PropertyValueSpecification","valueRequired":true,"valueName":"search_term_string"}}],"inLanguage":"es"},{"@type":"Organization","@id":"https:\/\/zapateneo.net\/wordpress\/#organization","name":"Zapateneo Kultur Elkartea","url":"https:\/\/zapateneo.net\/wordpress\/","logo":{"@type":"ImageObject","inLanguage":"es","@id":"https:\/\/zapateneo.net\/wordpress\/#\/schema\/logo\/image\/","url":"https:\/\/zapateneo.net\/wordpress\/wp-content\/uploads\/2021\/04\/zap-libu-kolec.jpg","contentUrl":"https:\/\/zapateneo.net\/wordpress\/wp-content\/uploads\/2021\/04\/zap-libu-kolec.jpg","width":2234,"height":398,"caption":"Zapateneo Kultur Elkartea"},"image":{"@id":"https:\/\/zapateneo.net\/wordpress\/#\/schema\/logo\/image\/"},"sameAs":["https:\/\/x.com\/zapateneo"]}]}},"_links":{"self":[{"href":"https:\/\/zapateneo.net\/wordpress\/index.php\/wp-json\/wp\/v2\/product\/11037","targetHints":{"allow":["GET"]}}],"collection":[{"href":"https:\/\/zapateneo.net\/wordpress\/index.php\/wp-json\/wp\/v2\/product"}],"about":[{"href":"https:\/\/zapateneo.net\/wordpress\/index.php\/wp-json\/wp\/v2\/types\/product"}],"wp:featuredmedia":[{"embeddable":true,"href":"https:\/\/zapateneo.net\/wordpress\/index.php\/wp-json\/wp\/v2\/media\/11067"}],"wp:attachment":[{"href":"https:\/\/zapateneo.net\/wordpress\/index.php\/wp-json\/wp\/v2\/media?parent=11037"}],"wp:term":[{"taxonomy":"product_brand","embeddable":true,"href":"https:\/\/zapateneo.net\/wordpress\/index.php\/wp-json\/wp\/v2\/product_brand?post=11037"},{"taxonomy":"product_cat","embeddable":true,"href":"https:\/\/zapateneo.net\/wordpress\/index.php\/wp-json\/wp\/v2\/product_cat?post=11037"},{"taxonomy":"product_tag","embeddable":true,"href":"https:\/\/zapateneo.net\/wordpress\/index.php\/wp-json\/wp\/v2\/product_tag?post=11037"}],"curies":[{"name":"wp","href":"https:\/\/api.w.org\/{rel}","templated":true}]}}