{"id":11000,"date":"2022-05-14T09:06:37","date_gmt":"2022-05-14T08:06:37","guid":{"rendered":"https:\/\/zapateneo.net\/wordpress\/?post_type=product&#038;p=11000"},"modified":"2023-04-12T13:15:29","modified_gmt":"2023-04-12T12:15:29","slug":"registro-de-recuerdos-contranovela","status":"publish","type":"product","link":"https:\/\/zapateneo.net\/wordpress\/index.php\/producto\/registro-de-recuerdos-contranovela\/","title":{"rendered":"Registro de Recuerdos (Contranovela)"},"content":{"rendered":"<p>Usando puntos de recuerdo vivo, ya del sue\u00f1o de la vida del propio que los escribe, ya venidos de otras personas y aun de tradiciones p\u00fablicas, se ha venido configurando, a lo largo de 2 a\u00f1os de publicaci\u00f3n peri\u00f3dica, esto que quer\u00eda contraponerse a la Historia, la Biograf\u00eda y la Novela, en cuanto que practicara, por medio de una semiprosa estr\u00f3fica y medida, el arte de la evocaci\u00f3n (no sin intervenci\u00f3n de algunas reflexiones sobre ella), que as\u00ed fuese al contrario de la narrativa dominante de argumento, fin y desenlace, esto es, que hiciese valer la vida perdida en contra de la sumisi\u00f3n al futuro y a la muerte.<\/p>\n<p>    Nacido en Zamora, el 15 de octubre de 1.926.<br \/>\n    Bachillerato en el Instituto de Zamora, 1.936-1943.<br \/>\n    Estudios de Filosof\u00eda y Letras y de Lenguas Cl\u00e1sicas en la Universidad de Salamanca, 1.943-1.948. Premio extraordinario.<br \/>\n    Doctor en Letras por la Universidad de Madrid, con una \u201cTesis sobre la prosodia y m\u00e9trica antiguas\u201d, Diciembre de 1.950.<br \/>\n    Profesor, sucesivamente, Ayudante, Adjunto de Filolog\u00eda Griega y Latina, en la Facultad de Letras de Salamanca, 1.948-1.956.<br \/>\n    Catedr\u00e1tico de Lat\u00edn en el Instituto de Zamora, 1.951-1.956.<br \/>\n    Catedr\u00e1tico de Lengua y Literatura Latinas en la Universidad de Murcia, Febrero de 1.953. Excedencia.<br \/>\n    Catedr\u00e1tico de Lengua y Literatura Latinas, por concurso, en la Facultad de Letras de la Universidad de Sevilla, Enero de 1.959 \u2013 Junio de 1.964.<br \/>\n    Simult\u00e1neamente, Catedr\u00e1tico, por traslado, en el Instituto \u201cMurillo\u201d de Sevilla.<br \/>\n    Catedr\u00e1tico de Filolog\u00eda Latina, por nueva oposici\u00f3n, en la Facultad de Filolog\u00eda, de la Universidad de Madrid, Junio de 1.964<br \/>\n    Por implicaci\u00f3n en el levantamiento estudiantil, Febrero de 1.965, expulsado de la Universidad y C\u00e1tedra, Agosto 1.965<br \/>\n    Escuela de estudio libre en la calle del Desenga\u00f1o de Madrid, 1.965-1.969. M\u00faltiples detenciones polic\u00edacas.<br \/>\n    Salida de Espa\u00f1a por v\u00eda clandestina y establecimiento en Par\u00eds, Junio de 1.969.<br \/>\n    Prof. Assistant en la Universidad de Par\u00eds-Nanterre, 1.969-1.970.<br \/>\n    Prof. Ma\u00eetre-Assistant en la Facult\u00e9 des Lettres de la Universidad de Lille 1.970-1.976.<br \/>\n    Anulaci\u00f3n del Decreto de expulsi\u00f3n, Noviembre 1.975<br \/>\n    Vuelta a la C\u00e1tedra de Filolog\u00eda Latina en la Universidad Complutense de Madrid, Noviembre de 1.976.<br \/>\n    Ense\u00f1anza en dicha c\u00e1tedra hasta Octubre 1.991. Jubilaci\u00f3n.<br \/>\n    Profesor Em\u00e9rito en la Facultad de Filolog\u00eda de la Universidad Complutense de Madrid desde Diciembre de 1.991 hasta 1997.<br \/>\n    Continuidad de su labor socr\u00e1tica en \u00e1goras li<\/p>\n","protected":false},"excerpt":{"rendered":"<p><strong>Garc\u00ed\u00ada Calvo, Agust\u00edn<\/strong><br \/>\n9788485708628 &#8211; LUCINA &#8211; 2002 &#8211; 320 p\u00e1ginas \/orri.<\/p>\n","protected":false},"featured_media":11022,"template":"","meta":[],"product_brand":[],"product_cat":[16,187],"product_tag":[3819,426],"class_list":{"0":"post-11000","1":"product","2":"type-product","3":"status-publish","4":"has-post-thumbnail","6":"product_cat-libros","7":"product_cat-narratiba-narrativa","8":"product_tag-agustin-garcia-calvo","9":"product_tag-lucina","11":"first","12":"instock","13":"sold-individually","14":"shipping-taxable","15":"purchasable","16":"product-type-simple"},"yoast_head":"<!-- This site is optimized with the Yoast SEO plugin v27.3 - https:\/\/yoast.com\/product\/yoast-seo-wordpress\/ -->\n<title>Registro de Recuerdos (Contranovela) &#8212; Zapateneo<\/title>\n<meta name=\"robots\" content=\"index, follow, max-snippet:-1, max-image-preview:large, max-video-preview:-1\" \/>\n<link rel=\"canonical\" href=\"https:\/\/zapateneo.net\/wordpress\/index.php\/producto\/registro-de-recuerdos-contranovela\/\" \/>\n<meta property=\"og:locale\" content=\"es_ES\" \/>\n<meta property=\"og:type\" content=\"article\" \/>\n<meta property=\"og:title\" content=\"Registro de Recuerdos (Contranovela) &#8212; Zapateneo\" \/>\n<meta property=\"og:description\" content=\"Garc\u00ed\u00ada Calvo, Agust\u00edn 9788485708628 - LUCINA - 2002 - 320 p\u00e1ginas \/orri.\" \/>\n<meta property=\"og:url\" content=\"https:\/\/zapateneo.net\/wordpress\/index.php\/producto\/registro-de-recuerdos-contranovela\/\" \/>\n<meta property=\"og:site_name\" content=\"Zapateneo\" \/>\n<meta property=\"article:modified_time\" content=\"2023-04-12T12:15:29+00:00\" \/>\n<meta property=\"og:image\" content=\"https:\/\/zapateneo.net\/wordpress\/wp-content\/uploads\/2022\/05\/registro_de_recuerdos_2.png\" \/>\n\t<meta property=\"og:image:width\" content=\"111\" \/>\n\t<meta property=\"og:image:height\" content=\"172\" \/>\n\t<meta property=\"og:image:type\" content=\"image\/png\" \/>\n<meta name=\"twitter:card\" content=\"summary_large_image\" \/>\n<meta name=\"twitter:site\" content=\"@zapateneo\" \/>\n<meta name=\"twitter:label1\" content=\"Tiempo de lectura\" \/>\n\t<meta name=\"twitter:data1\" content=\"2 minutos\" \/>\n<script type=\"application\/ld+json\" class=\"yoast-schema-graph\">{\"@context\":\"https:\\\/\\\/schema.org\",\"@graph\":[{\"@type\":\"WebPage\",\"@id\":\"https:\\\/\\\/zapateneo.net\\\/wordpress\\\/index.php\\\/producto\\\/registro-de-recuerdos-contranovela\\\/\",\"url\":\"https:\\\/\\\/zapateneo.net\\\/wordpress\\\/index.php\\\/producto\\\/registro-de-recuerdos-contranovela\\\/\",\"name\":\"Registro de Recuerdos (Contranovela) &#8212; Zapateneo\",\"isPartOf\":{\"@id\":\"https:\\\/\\\/zapateneo.net\\\/wordpress\\\/#website\"},\"primaryImageOfPage\":{\"@id\":\"https:\\\/\\\/zapateneo.net\\\/wordpress\\\/index.php\\\/producto\\\/registro-de-recuerdos-contranovela\\\/#primaryimage\"},\"image\":{\"@id\":\"https:\\\/\\\/zapateneo.net\\\/wordpress\\\/index.php\\\/producto\\\/registro-de-recuerdos-contranovela\\\/#primaryimage\"},\"thumbnailUrl\":\"https:\\\/\\\/zapateneo.net\\\/wordpress\\\/wp-content\\\/uploads\\\/2022\\\/05\\\/registro_de_recuerdos_2.png\",\"datePublished\":\"2022-05-14T08:06:37+00:00\",\"dateModified\":\"2023-04-12T12:15:29+00:00\",\"breadcrumb\":{\"@id\":\"https:\\\/\\\/zapateneo.net\\\/wordpress\\\/index.php\\\/producto\\\/registro-de-recuerdos-contranovela\\\/#breadcrumb\"},\"inLanguage\":\"es\",\"potentialAction\":[{\"@type\":\"ReadAction\",\"target\":[\"https:\\\/\\\/zapateneo.net\\\/wordpress\\\/index.php\\\/producto\\\/registro-de-recuerdos-contranovela\\\/\"]}]},{\"@type\":\"ImageObject\",\"inLanguage\":\"es\",\"@id\":\"https:\\\/\\\/zapateneo.net\\\/wordpress\\\/index.php\\\/producto\\\/registro-de-recuerdos-contranovela\\\/#primaryimage\",\"url\":\"https:\\\/\\\/zapateneo.net\\\/wordpress\\\/wp-content\\\/uploads\\\/2022\\\/05\\\/registro_de_recuerdos_2.png\",\"contentUrl\":\"https:\\\/\\\/zapateneo.net\\\/wordpress\\\/wp-content\\\/uploads\\\/2022\\\/05\\\/registro_de_recuerdos_2.png\",\"width\":111,\"height\":172},{\"@type\":\"BreadcrumbList\",\"@id\":\"https:\\\/\\\/zapateneo.net\\\/wordpress\\\/index.php\\\/producto\\\/registro-de-recuerdos-contranovela\\\/#breadcrumb\",\"itemListElement\":[{\"@type\":\"ListItem\",\"position\":1,\"name\":\"Portada\",\"item\":\"https:\\\/\\\/zapateneo.net\\\/wordpress\\\/\"},{\"@type\":\"ListItem\",\"position\":2,\"name\":\"Tienda\",\"item\":\"https:\\\/\\\/zapateneo.net\\\/wordpress\\\/\"},{\"@type\":\"ListItem\",\"position\":3,\"name\":\"Registro de Recuerdos (Contranovela)\"}]},{\"@type\":\"WebSite\",\"@id\":\"https:\\\/\\\/zapateneo.net\\\/wordpress\\\/#website\",\"url\":\"https:\\\/\\\/zapateneo.net\\\/wordpress\\\/\",\"name\":\"Zapateneo\",\"description\":\"Zapateneoaren webgunea\",\"publisher\":{\"@id\":\"https:\\\/\\\/zapateneo.net\\\/wordpress\\\/#organization\"},\"potentialAction\":[{\"@type\":\"SearchAction\",\"target\":{\"@type\":\"EntryPoint\",\"urlTemplate\":\"https:\\\/\\\/zapateneo.net\\\/wordpress\\\/?s={search_term_string}\"},\"query-input\":{\"@type\":\"PropertyValueSpecification\",\"valueRequired\":true,\"valueName\":\"search_term_string\"}}],\"inLanguage\":\"es\"},{\"@type\":\"Organization\",\"@id\":\"https:\\\/\\\/zapateneo.net\\\/wordpress\\\/#organization\",\"name\":\"Zapateneo Kultur Elkartea\",\"url\":\"https:\\\/\\\/zapateneo.net\\\/wordpress\\\/\",\"logo\":{\"@type\":\"ImageObject\",\"inLanguage\":\"es\",\"@id\":\"https:\\\/\\\/zapateneo.net\\\/wordpress\\\/#\\\/schema\\\/logo\\\/image\\\/\",\"url\":\"https:\\\/\\\/zapateneo.net\\\/wordpress\\\/wp-content\\\/uploads\\\/2021\\\/04\\\/zap-libu-kolec.jpg\",\"contentUrl\":\"https:\\\/\\\/zapateneo.net\\\/wordpress\\\/wp-content\\\/uploads\\\/2021\\\/04\\\/zap-libu-kolec.jpg\",\"width\":2234,\"height\":398,\"caption\":\"Zapateneo Kultur Elkartea\"},\"image\":{\"@id\":\"https:\\\/\\\/zapateneo.net\\\/wordpress\\\/#\\\/schema\\\/logo\\\/image\\\/\"},\"sameAs\":[\"https:\\\/\\\/x.com\\\/zapateneo\"]}]}<\/script>\n<!-- \/ Yoast SEO plugin. -->","yoast_head_json":{"title":"Registro de Recuerdos (Contranovela) &#8212; Zapateneo","robots":{"index":"index","follow":"follow","max-snippet":"max-snippet:-1","max-image-preview":"max-image-preview:large","max-video-preview":"max-video-preview:-1"},"canonical":"https:\/\/zapateneo.net\/wordpress\/index.php\/producto\/registro-de-recuerdos-contranovela\/","og_locale":"es_ES","og_type":"article","og_title":"Registro de Recuerdos (Contranovela) &#8212; Zapateneo","og_description":"Garc\u00ed\u00ada Calvo, Agust\u00edn 9788485708628 - LUCINA - 2002 - 320 p\u00e1ginas \/orri.","og_url":"https:\/\/zapateneo.net\/wordpress\/index.php\/producto\/registro-de-recuerdos-contranovela\/","og_site_name":"Zapateneo","article_modified_time":"2023-04-12T12:15:29+00:00","og_image":[{"width":111,"height":172,"url":"https:\/\/zapateneo.net\/wordpress\/wp-content\/uploads\/2022\/05\/registro_de_recuerdos_2.png","type":"image\/png"}],"twitter_card":"summary_large_image","twitter_site":"@zapateneo","twitter_misc":{"Tiempo de lectura":"2 minutos"},"schema":{"@context":"https:\/\/schema.org","@graph":[{"@type":"WebPage","@id":"https:\/\/zapateneo.net\/wordpress\/index.php\/producto\/registro-de-recuerdos-contranovela\/","url":"https:\/\/zapateneo.net\/wordpress\/index.php\/producto\/registro-de-recuerdos-contranovela\/","name":"Registro de Recuerdos (Contranovela) &#8212; Zapateneo","isPartOf":{"@id":"https:\/\/zapateneo.net\/wordpress\/#website"},"primaryImageOfPage":{"@id":"https:\/\/zapateneo.net\/wordpress\/index.php\/producto\/registro-de-recuerdos-contranovela\/#primaryimage"},"image":{"@id":"https:\/\/zapateneo.net\/wordpress\/index.php\/producto\/registro-de-recuerdos-contranovela\/#primaryimage"},"thumbnailUrl":"https:\/\/zapateneo.net\/wordpress\/wp-content\/uploads\/2022\/05\/registro_de_recuerdos_2.png","datePublished":"2022-05-14T08:06:37+00:00","dateModified":"2023-04-12T12:15:29+00:00","breadcrumb":{"@id":"https:\/\/zapateneo.net\/wordpress\/index.php\/producto\/registro-de-recuerdos-contranovela\/#breadcrumb"},"inLanguage":"es","potentialAction":[{"@type":"ReadAction","target":["https:\/\/zapateneo.net\/wordpress\/index.php\/producto\/registro-de-recuerdos-contranovela\/"]}]},{"@type":"ImageObject","inLanguage":"es","@id":"https:\/\/zapateneo.net\/wordpress\/index.php\/producto\/registro-de-recuerdos-contranovela\/#primaryimage","url":"https:\/\/zapateneo.net\/wordpress\/wp-content\/uploads\/2022\/05\/registro_de_recuerdos_2.png","contentUrl":"https:\/\/zapateneo.net\/wordpress\/wp-content\/uploads\/2022\/05\/registro_de_recuerdos_2.png","width":111,"height":172},{"@type":"BreadcrumbList","@id":"https:\/\/zapateneo.net\/wordpress\/index.php\/producto\/registro-de-recuerdos-contranovela\/#breadcrumb","itemListElement":[{"@type":"ListItem","position":1,"name":"Portada","item":"https:\/\/zapateneo.net\/wordpress\/"},{"@type":"ListItem","position":2,"name":"Tienda","item":"https:\/\/zapateneo.net\/wordpress\/"},{"@type":"ListItem","position":3,"name":"Registro de Recuerdos (Contranovela)"}]},{"@type":"WebSite","@id":"https:\/\/zapateneo.net\/wordpress\/#website","url":"https:\/\/zapateneo.net\/wordpress\/","name":"Zapateneo","description":"Zapateneoaren webgunea","publisher":{"@id":"https:\/\/zapateneo.net\/wordpress\/#organization"},"potentialAction":[{"@type":"SearchAction","target":{"@type":"EntryPoint","urlTemplate":"https:\/\/zapateneo.net\/wordpress\/?s={search_term_string}"},"query-input":{"@type":"PropertyValueSpecification","valueRequired":true,"valueName":"search_term_string"}}],"inLanguage":"es"},{"@type":"Organization","@id":"https:\/\/zapateneo.net\/wordpress\/#organization","name":"Zapateneo Kultur Elkartea","url":"https:\/\/zapateneo.net\/wordpress\/","logo":{"@type":"ImageObject","inLanguage":"es","@id":"https:\/\/zapateneo.net\/wordpress\/#\/schema\/logo\/image\/","url":"https:\/\/zapateneo.net\/wordpress\/wp-content\/uploads\/2021\/04\/zap-libu-kolec.jpg","contentUrl":"https:\/\/zapateneo.net\/wordpress\/wp-content\/uploads\/2021\/04\/zap-libu-kolec.jpg","width":2234,"height":398,"caption":"Zapateneo Kultur Elkartea"},"image":{"@id":"https:\/\/zapateneo.net\/wordpress\/#\/schema\/logo\/image\/"},"sameAs":["https:\/\/x.com\/zapateneo"]}]}},"_links":{"self":[{"href":"https:\/\/zapateneo.net\/wordpress\/index.php\/wp-json\/wp\/v2\/product\/11000","targetHints":{"allow":["GET"]}}],"collection":[{"href":"https:\/\/zapateneo.net\/wordpress\/index.php\/wp-json\/wp\/v2\/product"}],"about":[{"href":"https:\/\/zapateneo.net\/wordpress\/index.php\/wp-json\/wp\/v2\/types\/product"}],"wp:featuredmedia":[{"embeddable":true,"href":"https:\/\/zapateneo.net\/wordpress\/index.php\/wp-json\/wp\/v2\/media\/11022"}],"wp:attachment":[{"href":"https:\/\/zapateneo.net\/wordpress\/index.php\/wp-json\/wp\/v2\/media?parent=11000"}],"wp:term":[{"taxonomy":"product_brand","embeddable":true,"href":"https:\/\/zapateneo.net\/wordpress\/index.php\/wp-json\/wp\/v2\/product_brand?post=11000"},{"taxonomy":"product_cat","embeddable":true,"href":"https:\/\/zapateneo.net\/wordpress\/index.php\/wp-json\/wp\/v2\/product_cat?post=11000"},{"taxonomy":"product_tag","embeddable":true,"href":"https:\/\/zapateneo.net\/wordpress\/index.php\/wp-json\/wp\/v2\/product_tag?post=11000"}],"curies":[{"name":"wp","href":"https:\/\/api.w.org\/{rel}","templated":true}]}}