{"id":10998,"date":"2022-05-14T09:06:36","date_gmt":"2022-05-14T08:06:36","guid":{"rendered":"https:\/\/zapateneo.net\/wordpress\/?post_type=product&#038;p=10998"},"modified":"2022-05-14T09:06:48","modified_gmt":"2022-05-14T08:06:48","slug":"campos-de-concentracion-en-francia-mont-louis-vernet-dariege-septfonds","status":"publish","type":"product","link":"https:\/\/zapateneo.net\/wordpress\/index.php\/producto\/campos-de-concentracion-en-francia-mont-louis-vernet-dariege-septfonds\/","title":{"rendered":"CAMPOS DE CONCENTRACI\u00d3N EN FRANCIA Mont Louis &#8211; Vernet d\u2019Ariege &#8211; Septfonds"},"content":{"rendered":"<p>Las memorias de Miguel L\u00f3pez Parra: Su paso por los campos de concentraci\u00f3n franceses de Mont Louis, Vernet d&#8217;Ariege y Septfonds.<\/p>\n<p>\u00abEn el curso de nuestra vida existen d\u00edas memorables, podr\u00edamos aceptar que el m\u00e1s esplendoroso pueda ser el de la fecha de nuestro nacimiento, pues desde ese instante empezaremos a respirar por nuestra propia cuenta, liber\u00e1ndonos de nuestra celda materna en pos de la Libertad. Pero el 11 de febrero de 1939, con la angustia en el coraz\u00f3n y los pulmones a punto de estallar, nos precipit\u00e1bamos, a marchas forzadas, por las laderas del Pirineo gerundense, sin ninguna direcci\u00f3n fija, aunque s\u00ed con un objetivo, conseguir la l\u00ednea divisoria de nuestra frontera con Francia. El Fascismo Internacional nos hab\u00eda derrotado. Rotas las l\u00edneas de defensa de nuestro ej\u00e9rcito, corr\u00edamos a la deriva buscando la \u00fanica tabla salvadora que ten\u00edamos a nuestro alcance. A quinientos metros de nuestras siluetas iban las fuerzas franquistas, empuj\u00e1ndonos hacia Francia. \u00c9ramos las \u00faltimas fuerzas que abandonaban el territorio catal\u00e1n por la zona de Puigcerd\u00e1. Yo iba encuadrado al Cuarto Batall\u00f3n de la 119 Brigada Mixta de la 26 Divisi\u00f3n (Columna Durruti). Las noticias que nos llegaban de Francia eran totalmente desfavorables a nuestra entrada en el pa\u00eds vecino.\u00bb<\/p>\n","protected":false},"excerpt":{"rendered":"<p><strong>Miguel L\u00f3pez Parra<\/strong><br \/>\n9788409379378 &#8211; CENTRE D&#8217;ESTUDIS LIBERTARIS FEDERICA MONTSENY &#8211; 2022 &#8211; 297 p\u00e1ginas \/orri.<\/p>\n","protected":false},"featured_media":11020,"template":"","meta":[],"product_brand":[],"product_cat":[185,16],"product_tag":[5528,5527],"class_list":{"0":"post-10998","1":"product","2":"type-product","3":"status-publish","4":"has-post-thumbnail","6":"product_cat-historia","7":"product_cat-libros","8":"product_tag-centre-destudis-libertaris-federica-montseny","9":"product_tag-miguel-lopez-parra","11":"first","12":"instock","13":"sold-individually","14":"shipping-taxable","15":"purchasable","16":"product-type-simple"},"yoast_head":"<!-- This site is optimized with the Yoast SEO plugin v27.4 - https:\/\/yoast.com\/product\/yoast-seo-wordpress\/ -->\n<title>CAMPOS DE CONCENTRACI\u00d3N EN FRANCIA Mont Louis - Vernet d\u2019Ariege - Septfonds &#8212; Zapateneo<\/title>\n<meta name=\"robots\" content=\"index, follow, max-snippet:-1, max-image-preview:large, max-video-preview:-1\" \/>\n<link rel=\"canonical\" href=\"https:\/\/zapateneo.net\/wordpress\/index.php\/producto\/campos-de-concentracion-en-francia-mont-louis-vernet-dariege-septfonds\/\" \/>\n<meta property=\"og:locale\" content=\"es_ES\" \/>\n<meta property=\"og:type\" content=\"article\" \/>\n<meta property=\"og:title\" content=\"CAMPOS DE CONCENTRACI\u00d3N EN FRANCIA Mont Louis - Vernet d\u2019Ariege - Septfonds &#8212; Zapateneo\" \/>\n<meta property=\"og:description\" content=\"Miguel L\u00f3pez Parra 9788409379378 - CENTRE D&#039;ESTUDIS LIBERTARIS FEDERICA MONTSENY - 2022 - 297 p\u00e1ginas \/orri.\" \/>\n<meta property=\"og:url\" content=\"https:\/\/zapateneo.net\/wordpress\/index.php\/producto\/campos-de-concentracion-en-francia-mont-louis-vernet-dariege-septfonds\/\" \/>\n<meta property=\"og:site_name\" content=\"Zapateneo\" \/>\n<meta property=\"article:modified_time\" content=\"2022-05-14T08:06:48+00:00\" \/>\n<meta name=\"twitter:card\" content=\"summary_large_image\" \/>\n<meta name=\"twitter:site\" content=\"@zapateneo\" \/>\n<meta name=\"twitter:label1\" content=\"Tiempo de lectura\" \/>\n\t<meta name=\"twitter:data1\" content=\"1 minuto\" \/>\n<script type=\"application\/ld+json\" class=\"yoast-schema-graph\">{\"@context\":\"https:\\\/\\\/schema.org\",\"@graph\":[{\"@type\":\"WebPage\",\"@id\":\"https:\\\/\\\/zapateneo.net\\\/wordpress\\\/index.php\\\/producto\\\/campos-de-concentracion-en-francia-mont-louis-vernet-dariege-septfonds\\\/\",\"url\":\"https:\\\/\\\/zapateneo.net\\\/wordpress\\\/index.php\\\/producto\\\/campos-de-concentracion-en-francia-mont-louis-vernet-dariege-septfonds\\\/\",\"name\":\"CAMPOS DE CONCENTRACI\u00d3N EN FRANCIA Mont Louis - Vernet d\u2019Ariege - Septfonds &#8212; Zapateneo\",\"isPartOf\":{\"@id\":\"https:\\\/\\\/zapateneo.net\\\/wordpress\\\/#website\"},\"primaryImageOfPage\":{\"@id\":\"https:\\\/\\\/zapateneo.net\\\/wordpress\\\/index.php\\\/producto\\\/campos-de-concentracion-en-francia-mont-louis-vernet-dariege-septfonds\\\/#primaryimage\"},\"image\":{\"@id\":\"https:\\\/\\\/zapateneo.net\\\/wordpress\\\/index.php\\\/producto\\\/campos-de-concentracion-en-francia-mont-louis-vernet-dariege-septfonds\\\/#primaryimage\"},\"thumbnailUrl\":\"https:\\\/\\\/zapateneo.net\\\/wordpress\\\/wp-content\\\/uploads\\\/2022\\\/05\\\/campos-de-concentracion-en-francia-9788409379378_3.jpg\",\"datePublished\":\"2022-05-14T08:06:36+00:00\",\"dateModified\":\"2022-05-14T08:06:48+00:00\",\"breadcrumb\":{\"@id\":\"https:\\\/\\\/zapateneo.net\\\/wordpress\\\/index.php\\\/producto\\\/campos-de-concentracion-en-francia-mont-louis-vernet-dariege-septfonds\\\/#breadcrumb\"},\"inLanguage\":\"es\",\"potentialAction\":[{\"@type\":\"ReadAction\",\"target\":[\"https:\\\/\\\/zapateneo.net\\\/wordpress\\\/index.php\\\/producto\\\/campos-de-concentracion-en-francia-mont-louis-vernet-dariege-septfonds\\\/\"]}]},{\"@type\":\"ImageObject\",\"inLanguage\":\"es\",\"@id\":\"https:\\\/\\\/zapateneo.net\\\/wordpress\\\/index.php\\\/producto\\\/campos-de-concentracion-en-francia-mont-louis-vernet-dariege-septfonds\\\/#primaryimage\",\"url\":\"https:\\\/\\\/zapateneo.net\\\/wordpress\\\/wp-content\\\/uploads\\\/2022\\\/05\\\/campos-de-concentracion-en-francia-9788409379378_3.jpg\",\"contentUrl\":\"https:\\\/\\\/zapateneo.net\\\/wordpress\\\/wp-content\\\/uploads\\\/2022\\\/05\\\/campos-de-concentracion-en-francia-9788409379378_3.jpg\",\"width\":285,\"height\":400},{\"@type\":\"BreadcrumbList\",\"@id\":\"https:\\\/\\\/zapateneo.net\\\/wordpress\\\/index.php\\\/producto\\\/campos-de-concentracion-en-francia-mont-louis-vernet-dariege-septfonds\\\/#breadcrumb\",\"itemListElement\":[{\"@type\":\"ListItem\",\"position\":1,\"name\":\"Portada\",\"item\":\"https:\\\/\\\/zapateneo.net\\\/wordpress\\\/\"},{\"@type\":\"ListItem\",\"position\":2,\"name\":\"Tienda\",\"item\":\"https:\\\/\\\/zapateneo.net\\\/wordpress\\\/\"},{\"@type\":\"ListItem\",\"position\":3,\"name\":\"CAMPOS DE CONCENTRACI\u00d3N EN FRANCIA Mont Louis &#8211; Vernet d\u2019Ariege &#8211; Septfonds\"}]},{\"@type\":\"WebSite\",\"@id\":\"https:\\\/\\\/zapateneo.net\\\/wordpress\\\/#website\",\"url\":\"https:\\\/\\\/zapateneo.net\\\/wordpress\\\/\",\"name\":\"Zapateneo\",\"description\":\"Zapateneoaren webgunea\",\"publisher\":{\"@id\":\"https:\\\/\\\/zapateneo.net\\\/wordpress\\\/#organization\"},\"potentialAction\":[{\"@type\":\"SearchAction\",\"target\":{\"@type\":\"EntryPoint\",\"urlTemplate\":\"https:\\\/\\\/zapateneo.net\\\/wordpress\\\/?s={search_term_string}\"},\"query-input\":{\"@type\":\"PropertyValueSpecification\",\"valueRequired\":true,\"valueName\":\"search_term_string\"}}],\"inLanguage\":\"es\"},{\"@type\":\"Organization\",\"@id\":\"https:\\\/\\\/zapateneo.net\\\/wordpress\\\/#organization\",\"name\":\"Zapateneo Kultur Elkartea\",\"url\":\"https:\\\/\\\/zapateneo.net\\\/wordpress\\\/\",\"logo\":{\"@type\":\"ImageObject\",\"inLanguage\":\"es\",\"@id\":\"https:\\\/\\\/zapateneo.net\\\/wordpress\\\/#\\\/schema\\\/logo\\\/image\\\/\",\"url\":\"https:\\\/\\\/zapateneo.net\\\/wordpress\\\/wp-content\\\/uploads\\\/2021\\\/04\\\/zap-libu-kolec.jpg\",\"contentUrl\":\"https:\\\/\\\/zapateneo.net\\\/wordpress\\\/wp-content\\\/uploads\\\/2021\\\/04\\\/zap-libu-kolec.jpg\",\"width\":2234,\"height\":398,\"caption\":\"Zapateneo Kultur Elkartea\"},\"image\":{\"@id\":\"https:\\\/\\\/zapateneo.net\\\/wordpress\\\/#\\\/schema\\\/logo\\\/image\\\/\"},\"sameAs\":[\"https:\\\/\\\/x.com\\\/zapateneo\"]}]}<\/script>\n<!-- \/ Yoast SEO plugin. -->","yoast_head_json":{"title":"CAMPOS DE CONCENTRACI\u00d3N EN FRANCIA Mont Louis - Vernet d\u2019Ariege - Septfonds &#8212; Zapateneo","robots":{"index":"index","follow":"follow","max-snippet":"max-snippet:-1","max-image-preview":"max-image-preview:large","max-video-preview":"max-video-preview:-1"},"canonical":"https:\/\/zapateneo.net\/wordpress\/index.php\/producto\/campos-de-concentracion-en-francia-mont-louis-vernet-dariege-septfonds\/","og_locale":"es_ES","og_type":"article","og_title":"CAMPOS DE CONCENTRACI\u00d3N EN FRANCIA Mont Louis - Vernet d\u2019Ariege - Septfonds &#8212; Zapateneo","og_description":"Miguel L\u00f3pez Parra 9788409379378 - CENTRE D'ESTUDIS LIBERTARIS FEDERICA MONTSENY - 2022 - 297 p\u00e1ginas \/orri.","og_url":"https:\/\/zapateneo.net\/wordpress\/index.php\/producto\/campos-de-concentracion-en-francia-mont-louis-vernet-dariege-septfonds\/","og_site_name":"Zapateneo","article_modified_time":"2022-05-14T08:06:48+00:00","twitter_card":"summary_large_image","twitter_site":"@zapateneo","twitter_misc":{"Tiempo de lectura":"1 minuto"},"schema":{"@context":"https:\/\/schema.org","@graph":[{"@type":"WebPage","@id":"https:\/\/zapateneo.net\/wordpress\/index.php\/producto\/campos-de-concentracion-en-francia-mont-louis-vernet-dariege-septfonds\/","url":"https:\/\/zapateneo.net\/wordpress\/index.php\/producto\/campos-de-concentracion-en-francia-mont-louis-vernet-dariege-septfonds\/","name":"CAMPOS DE CONCENTRACI\u00d3N EN FRANCIA Mont Louis - Vernet d\u2019Ariege - Septfonds &#8212; Zapateneo","isPartOf":{"@id":"https:\/\/zapateneo.net\/wordpress\/#website"},"primaryImageOfPage":{"@id":"https:\/\/zapateneo.net\/wordpress\/index.php\/producto\/campos-de-concentracion-en-francia-mont-louis-vernet-dariege-septfonds\/#primaryimage"},"image":{"@id":"https:\/\/zapateneo.net\/wordpress\/index.php\/producto\/campos-de-concentracion-en-francia-mont-louis-vernet-dariege-septfonds\/#primaryimage"},"thumbnailUrl":"https:\/\/zapateneo.net\/wordpress\/wp-content\/uploads\/2022\/05\/campos-de-concentracion-en-francia-9788409379378_3.jpg","datePublished":"2022-05-14T08:06:36+00:00","dateModified":"2022-05-14T08:06:48+00:00","breadcrumb":{"@id":"https:\/\/zapateneo.net\/wordpress\/index.php\/producto\/campos-de-concentracion-en-francia-mont-louis-vernet-dariege-septfonds\/#breadcrumb"},"inLanguage":"es","potentialAction":[{"@type":"ReadAction","target":["https:\/\/zapateneo.net\/wordpress\/index.php\/producto\/campos-de-concentracion-en-francia-mont-louis-vernet-dariege-septfonds\/"]}]},{"@type":"ImageObject","inLanguage":"es","@id":"https:\/\/zapateneo.net\/wordpress\/index.php\/producto\/campos-de-concentracion-en-francia-mont-louis-vernet-dariege-septfonds\/#primaryimage","url":"https:\/\/zapateneo.net\/wordpress\/wp-content\/uploads\/2022\/05\/campos-de-concentracion-en-francia-9788409379378_3.jpg","contentUrl":"https:\/\/zapateneo.net\/wordpress\/wp-content\/uploads\/2022\/05\/campos-de-concentracion-en-francia-9788409379378_3.jpg","width":285,"height":400},{"@type":"BreadcrumbList","@id":"https:\/\/zapateneo.net\/wordpress\/index.php\/producto\/campos-de-concentracion-en-francia-mont-louis-vernet-dariege-septfonds\/#breadcrumb","itemListElement":[{"@type":"ListItem","position":1,"name":"Portada","item":"https:\/\/zapateneo.net\/wordpress\/"},{"@type":"ListItem","position":2,"name":"Tienda","item":"https:\/\/zapateneo.net\/wordpress\/"},{"@type":"ListItem","position":3,"name":"CAMPOS DE CONCENTRACI\u00d3N EN FRANCIA Mont Louis &#8211; Vernet d\u2019Ariege &#8211; Septfonds"}]},{"@type":"WebSite","@id":"https:\/\/zapateneo.net\/wordpress\/#website","url":"https:\/\/zapateneo.net\/wordpress\/","name":"Zapateneo","description":"Zapateneoaren webgunea","publisher":{"@id":"https:\/\/zapateneo.net\/wordpress\/#organization"},"potentialAction":[{"@type":"SearchAction","target":{"@type":"EntryPoint","urlTemplate":"https:\/\/zapateneo.net\/wordpress\/?s={search_term_string}"},"query-input":{"@type":"PropertyValueSpecification","valueRequired":true,"valueName":"search_term_string"}}],"inLanguage":"es"},{"@type":"Organization","@id":"https:\/\/zapateneo.net\/wordpress\/#organization","name":"Zapateneo Kultur Elkartea","url":"https:\/\/zapateneo.net\/wordpress\/","logo":{"@type":"ImageObject","inLanguage":"es","@id":"https:\/\/zapateneo.net\/wordpress\/#\/schema\/logo\/image\/","url":"https:\/\/zapateneo.net\/wordpress\/wp-content\/uploads\/2021\/04\/zap-libu-kolec.jpg","contentUrl":"https:\/\/zapateneo.net\/wordpress\/wp-content\/uploads\/2021\/04\/zap-libu-kolec.jpg","width":2234,"height":398,"caption":"Zapateneo Kultur Elkartea"},"image":{"@id":"https:\/\/zapateneo.net\/wordpress\/#\/schema\/logo\/image\/"},"sameAs":["https:\/\/x.com\/zapateneo"]}]}},"_links":{"self":[{"href":"https:\/\/zapateneo.net\/wordpress\/index.php\/wp-json\/wp\/v2\/product\/10998","targetHints":{"allow":["GET"]}}],"collection":[{"href":"https:\/\/zapateneo.net\/wordpress\/index.php\/wp-json\/wp\/v2\/product"}],"about":[{"href":"https:\/\/zapateneo.net\/wordpress\/index.php\/wp-json\/wp\/v2\/types\/product"}],"wp:featuredmedia":[{"embeddable":true,"href":"https:\/\/zapateneo.net\/wordpress\/index.php\/wp-json\/wp\/v2\/media\/11020"}],"wp:attachment":[{"href":"https:\/\/zapateneo.net\/wordpress\/index.php\/wp-json\/wp\/v2\/media?parent=10998"}],"wp:term":[{"taxonomy":"product_brand","embeddable":true,"href":"https:\/\/zapateneo.net\/wordpress\/index.php\/wp-json\/wp\/v2\/product_brand?post=10998"},{"taxonomy":"product_cat","embeddable":true,"href":"https:\/\/zapateneo.net\/wordpress\/index.php\/wp-json\/wp\/v2\/product_cat?post=10998"},{"taxonomy":"product_tag","embeddable":true,"href":"https:\/\/zapateneo.net\/wordpress\/index.php\/wp-json\/wp\/v2\/product_tag?post=10998"}],"curies":[{"name":"wp","href":"https:\/\/api.w.org\/{rel}","templated":true}]}}