{"id":10994,"date":"2022-05-14T09:06:36","date_gmt":"2022-05-14T08:06:36","guid":{"rendered":"https:\/\/zapateneo.net\/wordpress\/?post_type=product&#038;p=10994"},"modified":"2022-05-14T09:06:46","modified_gmt":"2022-05-14T08:06:46","slug":"post-babilonia-la-condicion-metropolitana-contra-el-derecho-al-territorio","status":"publish","type":"product","link":"https:\/\/zapateneo.net\/wordpress\/index.php\/producto\/post-babilonia-la-condicion-metropolitana-contra-el-derecho-al-territorio\/","title":{"rendered":"POST BABILONIA La condici\u00f3n metropolitana contra el derecho al territorio"},"content":{"rendered":"<p>El crecimiento mastod\u00f3ntico y ca\u00f3tico de los grandes monstruos metropolitanos no supone solamente la destrucci\u00f3n de sus entornos, sino tambi\u00e9n la supresi\u00f3n misma del concepto de ciudad en su sentido m\u00e1s rico y complejo. Esa expansi\u00f3n ha generado un todo urbano, mediante continuos ciclos de ocupaci\u00f3n y urbanizaci\u00f3n sustentados en el despliegue de infraestructuras, que a d\u00eda de hoy supedita la econom\u00eda y la vida de regiones enteras a los procesos extractivos, y obliga a miles de millones de personas a participar en su propia destrucci\u00f3n.<\/p>\n<p>A trav\u00e9s de diferentes estudios de caso, que abarcan desde la relaci\u00f3n de los Pirineos con la regi\u00f3n Barcelona\/Catalu\u00f1a hasta la historia de las metr\u00f3polis mexicanas o la memoria de la destrucci\u00f3n (y de las luchas contra ella) del territorio balear, Miquel Amor\u00f3s analiza los distintos medios y estrategias a trav\u00e9s de los cuales la condici\u00f3n metropolitana destruye el derecho al territorio. No solo devastando formas de vida, usos o econom\u00edas consideradas desechables para el Capital, sino tambi\u00e9n reduciendo las posibilidades de construir tejidos sociales y existenciales antagonistas al mercado.<\/p>\n<p>Post Babilonia plantea que \u00abla defensa del territorio es la nueva lucha de clases o que la cuesti\u00f3n social es ante todo una cuesti\u00f3n territorial\u00bb, ya que la condici\u00f3n de oprimido, en la actualidad, est\u00e1 definida por \u00abser piezas de un engranaje que los obliga a consumir y endeudarse en un espacio vital condicionado por la econom\u00eda de mercado\u00bb. En ese espacio \u00aburbano pero sin vida urbana\u00bb que es la metr\u00f3polis, la lucha por el derecho al territorio es condici\u00f3n irrenunciable para la emancipaci\u00f3n social.<\/p>\n<p>miquel-amoros-dibuix<\/p>\n<p>Miquel Amor\u00f3s (Val\u00e8ncia, 1949). Traductor, historiador y analista social no acad\u00e9mico, form\u00f3 parte del equipo redactor de la revista Encyclop\u00e9die des Nuisances y, en los \u00faltimos a\u00f1os, de la redacci\u00f3n de la publicaci\u00f3n antidesarrollista y libertaria Argelaga. Prol\u00edfico tem\u00e1ticamente, ha abordado desde la memoria libertaria hasta la cr\u00edtica social y las propuestas antidesarrollistas contempor\u00e1neas, siempre desde una perspectiva antiautoritaria. Esta amplitud de miras se refleja tambi\u00e9n en su abanico de colaboraciones editoriales, desde sellos de reconocido prestigio como Pepitas de Calabaza o La Linterna Sorda hasta editoriales de corte militante como Muturreko Burutazioak, Milvus, Brulot o Anagal. Con Virus, ha publicado una trilog\u00eda que recoge la memoria del anarquismo disidente durante la Guerra Civil (La revoluci\u00f3n traicionada, Jos\u00e9 Pellicer, el anarquista \u00edntegro y Maroto, el h\u00e9roe. Una biograf\u00eda del anarquismo andaluz), adem\u00e1s de Durruti en el laberinto.<\/p>\n","protected":false},"excerpt":{"rendered":"<p><strong>Miquel Amor\u00f3s<\/strong><br \/>\n9788417870133 &#8211; VIRUS &#8211; 2022 &#8211; 128 p\u00e1ginas \/orri.<\/p>\n","protected":false},"featured_media":11016,"template":"","meta":[],"product_brand":[],"product_cat":[16,173],"product_tag":[2097,57],"class_list":{"0":"post-10994","1":"product","2":"type-product","3":"status-publish","4":"has-post-thumbnail","6":"product_cat-libros","7":"product_cat-saiakera-ensayo","8":"product_tag-miquel-amoros","9":"product_tag-virus","11":"first","12":"instock","13":"sold-individually","14":"shipping-taxable","15":"purchasable","16":"product-type-simple"},"yoast_head":"<!-- This site is optimized with the Yoast SEO plugin v27.3 - https:\/\/yoast.com\/product\/yoast-seo-wordpress\/ -->\n<title>POST BABILONIA La condici\u00f3n metropolitana contra el derecho al territorio &#8212; Zapateneo<\/title>\n<meta name=\"robots\" content=\"index, follow, max-snippet:-1, max-image-preview:large, max-video-preview:-1\" \/>\n<link rel=\"canonical\" href=\"https:\/\/zapateneo.net\/wordpress\/index.php\/producto\/post-babilonia-la-condicion-metropolitana-contra-el-derecho-al-territorio\/\" \/>\n<meta property=\"og:locale\" content=\"es_ES\" \/>\n<meta property=\"og:type\" content=\"article\" \/>\n<meta property=\"og:title\" content=\"POST BABILONIA La condici\u00f3n metropolitana contra el derecho al territorio &#8212; Zapateneo\" \/>\n<meta property=\"og:description\" content=\"Miquel Amor\u00f3s 9788417870133 - VIRUS - 2022 - 128 p\u00e1ginas \/orri.\" \/>\n<meta property=\"og:url\" content=\"https:\/\/zapateneo.net\/wordpress\/index.php\/producto\/post-babilonia-la-condicion-metropolitana-contra-el-derecho-al-territorio\/\" \/>\n<meta property=\"og:site_name\" content=\"Zapateneo\" \/>\n<meta property=\"article:modified_time\" content=\"2022-05-14T08:06:46+00:00\" \/>\n<meta name=\"twitter:card\" content=\"summary_large_image\" \/>\n<meta name=\"twitter:site\" content=\"@zapateneo\" \/>\n<meta name=\"twitter:label1\" content=\"Tiempo de lectura\" \/>\n\t<meta name=\"twitter:data1\" content=\"2 minutos\" \/>\n<script type=\"application\/ld+json\" class=\"yoast-schema-graph\">{\"@context\":\"https:\\\/\\\/schema.org\",\"@graph\":[{\"@type\":\"WebPage\",\"@id\":\"https:\\\/\\\/zapateneo.net\\\/wordpress\\\/index.php\\\/producto\\\/post-babilonia-la-condicion-metropolitana-contra-el-derecho-al-territorio\\\/\",\"url\":\"https:\\\/\\\/zapateneo.net\\\/wordpress\\\/index.php\\\/producto\\\/post-babilonia-la-condicion-metropolitana-contra-el-derecho-al-territorio\\\/\",\"name\":\"POST BABILONIA La condici\u00f3n metropolitana contra el derecho al territorio &#8212; Zapateneo\",\"isPartOf\":{\"@id\":\"https:\\\/\\\/zapateneo.net\\\/wordpress\\\/#website\"},\"primaryImageOfPage\":{\"@id\":\"https:\\\/\\\/zapateneo.net\\\/wordpress\\\/index.php\\\/producto\\\/post-babilonia-la-condicion-metropolitana-contra-el-derecho-al-territorio\\\/#primaryimage\"},\"image\":{\"@id\":\"https:\\\/\\\/zapateneo.net\\\/wordpress\\\/index.php\\\/producto\\\/post-babilonia-la-condicion-metropolitana-contra-el-derecho-al-territorio\\\/#primaryimage\"},\"thumbnailUrl\":\"https:\\\/\\\/zapateneo.net\\\/wordpress\\\/wp-content\\\/uploads\\\/2022\\\/05\\\/9788417870133.jpg\",\"datePublished\":\"2022-05-14T08:06:36+00:00\",\"dateModified\":\"2022-05-14T08:06:46+00:00\",\"breadcrumb\":{\"@id\":\"https:\\\/\\\/zapateneo.net\\\/wordpress\\\/index.php\\\/producto\\\/post-babilonia-la-condicion-metropolitana-contra-el-derecho-al-territorio\\\/#breadcrumb\"},\"inLanguage\":\"es\",\"potentialAction\":[{\"@type\":\"ReadAction\",\"target\":[\"https:\\\/\\\/zapateneo.net\\\/wordpress\\\/index.php\\\/producto\\\/post-babilonia-la-condicion-metropolitana-contra-el-derecho-al-territorio\\\/\"]}]},{\"@type\":\"ImageObject\",\"inLanguage\":\"es\",\"@id\":\"https:\\\/\\\/zapateneo.net\\\/wordpress\\\/index.php\\\/producto\\\/post-babilonia-la-condicion-metropolitana-contra-el-derecho-al-territorio\\\/#primaryimage\",\"url\":\"https:\\\/\\\/zapateneo.net\\\/wordpress\\\/wp-content\\\/uploads\\\/2022\\\/05\\\/9788417870133.jpg\",\"contentUrl\":\"https:\\\/\\\/zapateneo.net\\\/wordpress\\\/wp-content\\\/uploads\\\/2022\\\/05\\\/9788417870133.jpg\",\"width\":267,\"height\":400},{\"@type\":\"BreadcrumbList\",\"@id\":\"https:\\\/\\\/zapateneo.net\\\/wordpress\\\/index.php\\\/producto\\\/post-babilonia-la-condicion-metropolitana-contra-el-derecho-al-territorio\\\/#breadcrumb\",\"itemListElement\":[{\"@type\":\"ListItem\",\"position\":1,\"name\":\"Portada\",\"item\":\"https:\\\/\\\/zapateneo.net\\\/wordpress\\\/\"},{\"@type\":\"ListItem\",\"position\":2,\"name\":\"Tienda\",\"item\":\"https:\\\/\\\/zapateneo.net\\\/wordpress\\\/\"},{\"@type\":\"ListItem\",\"position\":3,\"name\":\"POST BABILONIA La condici\u00f3n metropolitana contra el derecho al territorio\"}]},{\"@type\":\"WebSite\",\"@id\":\"https:\\\/\\\/zapateneo.net\\\/wordpress\\\/#website\",\"url\":\"https:\\\/\\\/zapateneo.net\\\/wordpress\\\/\",\"name\":\"Zapateneo\",\"description\":\"Zapateneoaren webgunea\",\"publisher\":{\"@id\":\"https:\\\/\\\/zapateneo.net\\\/wordpress\\\/#organization\"},\"potentialAction\":[{\"@type\":\"SearchAction\",\"target\":{\"@type\":\"EntryPoint\",\"urlTemplate\":\"https:\\\/\\\/zapateneo.net\\\/wordpress\\\/?s={search_term_string}\"},\"query-input\":{\"@type\":\"PropertyValueSpecification\",\"valueRequired\":true,\"valueName\":\"search_term_string\"}}],\"inLanguage\":\"es\"},{\"@type\":\"Organization\",\"@id\":\"https:\\\/\\\/zapateneo.net\\\/wordpress\\\/#organization\",\"name\":\"Zapateneo Kultur Elkartea\",\"url\":\"https:\\\/\\\/zapateneo.net\\\/wordpress\\\/\",\"logo\":{\"@type\":\"ImageObject\",\"inLanguage\":\"es\",\"@id\":\"https:\\\/\\\/zapateneo.net\\\/wordpress\\\/#\\\/schema\\\/logo\\\/image\\\/\",\"url\":\"https:\\\/\\\/zapateneo.net\\\/wordpress\\\/wp-content\\\/uploads\\\/2021\\\/04\\\/zap-libu-kolec.jpg\",\"contentUrl\":\"https:\\\/\\\/zapateneo.net\\\/wordpress\\\/wp-content\\\/uploads\\\/2021\\\/04\\\/zap-libu-kolec.jpg\",\"width\":2234,\"height\":398,\"caption\":\"Zapateneo Kultur Elkartea\"},\"image\":{\"@id\":\"https:\\\/\\\/zapateneo.net\\\/wordpress\\\/#\\\/schema\\\/logo\\\/image\\\/\"},\"sameAs\":[\"https:\\\/\\\/x.com\\\/zapateneo\"]}]}<\/script>\n<!-- \/ Yoast SEO plugin. -->","yoast_head_json":{"title":"POST BABILONIA La condici\u00f3n metropolitana contra el derecho al territorio &#8212; Zapateneo","robots":{"index":"index","follow":"follow","max-snippet":"max-snippet:-1","max-image-preview":"max-image-preview:large","max-video-preview":"max-video-preview:-1"},"canonical":"https:\/\/zapateneo.net\/wordpress\/index.php\/producto\/post-babilonia-la-condicion-metropolitana-contra-el-derecho-al-territorio\/","og_locale":"es_ES","og_type":"article","og_title":"POST BABILONIA La condici\u00f3n metropolitana contra el derecho al territorio &#8212; Zapateneo","og_description":"Miquel Amor\u00f3s 9788417870133 - VIRUS - 2022 - 128 p\u00e1ginas \/orri.","og_url":"https:\/\/zapateneo.net\/wordpress\/index.php\/producto\/post-babilonia-la-condicion-metropolitana-contra-el-derecho-al-territorio\/","og_site_name":"Zapateneo","article_modified_time":"2022-05-14T08:06:46+00:00","twitter_card":"summary_large_image","twitter_site":"@zapateneo","twitter_misc":{"Tiempo de lectura":"2 minutos"},"schema":{"@context":"https:\/\/schema.org","@graph":[{"@type":"WebPage","@id":"https:\/\/zapateneo.net\/wordpress\/index.php\/producto\/post-babilonia-la-condicion-metropolitana-contra-el-derecho-al-territorio\/","url":"https:\/\/zapateneo.net\/wordpress\/index.php\/producto\/post-babilonia-la-condicion-metropolitana-contra-el-derecho-al-territorio\/","name":"POST BABILONIA La condici\u00f3n metropolitana contra el derecho al territorio &#8212; Zapateneo","isPartOf":{"@id":"https:\/\/zapateneo.net\/wordpress\/#website"},"primaryImageOfPage":{"@id":"https:\/\/zapateneo.net\/wordpress\/index.php\/producto\/post-babilonia-la-condicion-metropolitana-contra-el-derecho-al-territorio\/#primaryimage"},"image":{"@id":"https:\/\/zapateneo.net\/wordpress\/index.php\/producto\/post-babilonia-la-condicion-metropolitana-contra-el-derecho-al-territorio\/#primaryimage"},"thumbnailUrl":"https:\/\/zapateneo.net\/wordpress\/wp-content\/uploads\/2022\/05\/9788417870133.jpg","datePublished":"2022-05-14T08:06:36+00:00","dateModified":"2022-05-14T08:06:46+00:00","breadcrumb":{"@id":"https:\/\/zapateneo.net\/wordpress\/index.php\/producto\/post-babilonia-la-condicion-metropolitana-contra-el-derecho-al-territorio\/#breadcrumb"},"inLanguage":"es","potentialAction":[{"@type":"ReadAction","target":["https:\/\/zapateneo.net\/wordpress\/index.php\/producto\/post-babilonia-la-condicion-metropolitana-contra-el-derecho-al-territorio\/"]}]},{"@type":"ImageObject","inLanguage":"es","@id":"https:\/\/zapateneo.net\/wordpress\/index.php\/producto\/post-babilonia-la-condicion-metropolitana-contra-el-derecho-al-territorio\/#primaryimage","url":"https:\/\/zapateneo.net\/wordpress\/wp-content\/uploads\/2022\/05\/9788417870133.jpg","contentUrl":"https:\/\/zapateneo.net\/wordpress\/wp-content\/uploads\/2022\/05\/9788417870133.jpg","width":267,"height":400},{"@type":"BreadcrumbList","@id":"https:\/\/zapateneo.net\/wordpress\/index.php\/producto\/post-babilonia-la-condicion-metropolitana-contra-el-derecho-al-territorio\/#breadcrumb","itemListElement":[{"@type":"ListItem","position":1,"name":"Portada","item":"https:\/\/zapateneo.net\/wordpress\/"},{"@type":"ListItem","position":2,"name":"Tienda","item":"https:\/\/zapateneo.net\/wordpress\/"},{"@type":"ListItem","position":3,"name":"POST BABILONIA La condici\u00f3n metropolitana contra el derecho al territorio"}]},{"@type":"WebSite","@id":"https:\/\/zapateneo.net\/wordpress\/#website","url":"https:\/\/zapateneo.net\/wordpress\/","name":"Zapateneo","description":"Zapateneoaren webgunea","publisher":{"@id":"https:\/\/zapateneo.net\/wordpress\/#organization"},"potentialAction":[{"@type":"SearchAction","target":{"@type":"EntryPoint","urlTemplate":"https:\/\/zapateneo.net\/wordpress\/?s={search_term_string}"},"query-input":{"@type":"PropertyValueSpecification","valueRequired":true,"valueName":"search_term_string"}}],"inLanguage":"es"},{"@type":"Organization","@id":"https:\/\/zapateneo.net\/wordpress\/#organization","name":"Zapateneo Kultur Elkartea","url":"https:\/\/zapateneo.net\/wordpress\/","logo":{"@type":"ImageObject","inLanguage":"es","@id":"https:\/\/zapateneo.net\/wordpress\/#\/schema\/logo\/image\/","url":"https:\/\/zapateneo.net\/wordpress\/wp-content\/uploads\/2021\/04\/zap-libu-kolec.jpg","contentUrl":"https:\/\/zapateneo.net\/wordpress\/wp-content\/uploads\/2021\/04\/zap-libu-kolec.jpg","width":2234,"height":398,"caption":"Zapateneo Kultur Elkartea"},"image":{"@id":"https:\/\/zapateneo.net\/wordpress\/#\/schema\/logo\/image\/"},"sameAs":["https:\/\/x.com\/zapateneo"]}]}},"_links":{"self":[{"href":"https:\/\/zapateneo.net\/wordpress\/index.php\/wp-json\/wp\/v2\/product\/10994","targetHints":{"allow":["GET"]}}],"collection":[{"href":"https:\/\/zapateneo.net\/wordpress\/index.php\/wp-json\/wp\/v2\/product"}],"about":[{"href":"https:\/\/zapateneo.net\/wordpress\/index.php\/wp-json\/wp\/v2\/types\/product"}],"wp:featuredmedia":[{"embeddable":true,"href":"https:\/\/zapateneo.net\/wordpress\/index.php\/wp-json\/wp\/v2\/media\/11016"}],"wp:attachment":[{"href":"https:\/\/zapateneo.net\/wordpress\/index.php\/wp-json\/wp\/v2\/media?parent=10994"}],"wp:term":[{"taxonomy":"product_brand","embeddable":true,"href":"https:\/\/zapateneo.net\/wordpress\/index.php\/wp-json\/wp\/v2\/product_brand?post=10994"},{"taxonomy":"product_cat","embeddable":true,"href":"https:\/\/zapateneo.net\/wordpress\/index.php\/wp-json\/wp\/v2\/product_cat?post=10994"},{"taxonomy":"product_tag","embeddable":true,"href":"https:\/\/zapateneo.net\/wordpress\/index.php\/wp-json\/wp\/v2\/product_tag?post=10994"}],"curies":[{"name":"wp","href":"https:\/\/api.w.org\/{rel}","templated":true}]}}