{"id":10990,"date":"2022-05-14T09:06:35","date_gmt":"2022-05-14T08:06:35","guid":{"rendered":"https:\/\/zapateneo.net\/wordpress\/?post_type=product&#038;p=10990"},"modified":"2022-05-14T09:06:43","modified_gmt":"2022-05-14T08:06:43","slug":"el-codigo-del-capital-como-la-ley-crea-riqueza-y-desigualdad","status":"publish","type":"product","link":"https:\/\/zapateneo.net\/wordpress\/index.php\/producto\/el-codigo-del-capital-como-la-ley-crea-riqueza-y-desigualdad\/","title":{"rendered":"EL C\u00d3DIGO DEL CAPITAL C\u00f3mo la ley crea riqueza y desigualdad"},"content":{"rendered":"<p>El capital es la caracter\u00edstica que define a las econom\u00edas modernas pero la mayor\u00eda de la gente no tiene ni idea de d\u00f3nde viene realmente. \u00bfQu\u00e9 es, exactamente, lo que transforma la mera riqueza en un activo que autom\u00e1ticamente crea m\u00e1s riqueza? El C\u00f3digo del Capital explica c\u00f3mo se crea el capital a puerta cerrada en los despachos de los abogados privados y por qu\u00e9 este hecho poco conocido es una de las principales razones de la creciente brecha de riqueza entre los poseedores del capital y todos los dem\u00e1s.<\/p>\n<p>En este revelador libro, Katharina Pistor sostiene que la ley \u00abcodifica\u00bb selectivamente ciertos bienes, dot\u00e1ndolos de la capacidad de proteger y producir riqueza privada. Con la codificaci\u00f3n legal adecuada, cualquier objeto, reclamaci\u00f3n o idea puede convertirse en capital y los abogados son los guardianes del c\u00f3digo. Pistor describe c\u00f3mo eligen entre los distintos sistemas y dispositivos jur\u00eddicos los que mejor sirven a las necesidades de sus clientes, y c\u00f3mo las t\u00e9cnicas que se perfeccionaron hace siglos para codificar las propiedades de la tierra como capital se utilizan hoy para codificar acciones, bonos, ideas e incluso expectativas, activos que s\u00f3lo existen en el derecho.<\/p>\n<p>Una nueva y poderosa forma de pensar sobre uno de los problemas m\u00e1s perniciosos de nuestro tiempo, El c\u00f3digo del capital explora las diferentes formas en que la deuda, los productos financieros complejos y otros activos se codifican para dar ventajas financieras a sus poseedores. Este provocativo libro describe un inquietante retrato de la naturaleza global del c\u00f3digo, de las personas que lo configuran y de los gobiernos que lo aplican.<\/p>\n","protected":false},"excerpt":{"rendered":"<p><strong>Katharina Pistor<\/strong><br \/>\n9788412457827 &#8211; Capit\u00e1n Swing &#8211; 2022 &#8211; 344 p\u00e1ginas \/orri.<\/p>\n","protected":false},"featured_media":11012,"template":"","meta":[],"product_brand":[],"product_cat":[178,16],"product_tag":[102,5522],"class_list":{"0":"post-10990","1":"product","2":"type-product","3":"status-publish","4":"has-post-thumbnail","6":"product_cat-ekonomia-economia","7":"product_cat-libros","8":"product_tag-capitan-swing","9":"product_tag-katharina-pistor","11":"first","12":"instock","13":"sold-individually","14":"shipping-taxable","15":"purchasable","16":"product-type-simple"},"yoast_head":"<!-- This site is optimized with the Yoast SEO plugin v27.3 - https:\/\/yoast.com\/product\/yoast-seo-wordpress\/ -->\n<title>EL C\u00d3DIGO DEL CAPITAL C\u00f3mo la ley crea riqueza y desigualdad &#8212; Zapateneo<\/title>\n<meta name=\"robots\" content=\"index, follow, max-snippet:-1, max-image-preview:large, max-video-preview:-1\" \/>\n<link rel=\"canonical\" href=\"https:\/\/zapateneo.net\/wordpress\/index.php\/producto\/el-codigo-del-capital-como-la-ley-crea-riqueza-y-desigualdad\/\" \/>\n<meta property=\"og:locale\" content=\"es_ES\" \/>\n<meta property=\"og:type\" content=\"article\" \/>\n<meta property=\"og:title\" content=\"EL C\u00d3DIGO DEL CAPITAL C\u00f3mo la ley crea riqueza y desigualdad &#8212; Zapateneo\" \/>\n<meta property=\"og:description\" content=\"Katharina Pistor 9788412457827 - Capit\u00e1n Swing - 2022 - 344 p\u00e1ginas \/orri.\" \/>\n<meta property=\"og:url\" content=\"https:\/\/zapateneo.net\/wordpress\/index.php\/producto\/el-codigo-del-capital-como-la-ley-crea-riqueza-y-desigualdad\/\" \/>\n<meta property=\"og:site_name\" content=\"Zapateneo\" \/>\n<meta property=\"article:modified_time\" content=\"2022-05-14T08:06:43+00:00\" \/>\n<meta name=\"twitter:card\" content=\"summary_large_image\" \/>\n<meta name=\"twitter:site\" content=\"@zapateneo\" \/>\n<meta name=\"twitter:label1\" content=\"Tiempo de lectura\" \/>\n\t<meta name=\"twitter:data1\" content=\"1 minuto\" \/>\n<script type=\"application\/ld+json\" class=\"yoast-schema-graph\">{\"@context\":\"https:\\\/\\\/schema.org\",\"@graph\":[{\"@type\":\"WebPage\",\"@id\":\"https:\\\/\\\/zapateneo.net\\\/wordpress\\\/index.php\\\/producto\\\/el-codigo-del-capital-como-la-ley-crea-riqueza-y-desigualdad\\\/\",\"url\":\"https:\\\/\\\/zapateneo.net\\\/wordpress\\\/index.php\\\/producto\\\/el-codigo-del-capital-como-la-ley-crea-riqueza-y-desigualdad\\\/\",\"name\":\"EL C\u00d3DIGO DEL CAPITAL C\u00f3mo la ley crea riqueza y desigualdad &#8212; Zapateneo\",\"isPartOf\":{\"@id\":\"https:\\\/\\\/zapateneo.net\\\/wordpress\\\/#website\"},\"primaryImageOfPage\":{\"@id\":\"https:\\\/\\\/zapateneo.net\\\/wordpress\\\/index.php\\\/producto\\\/el-codigo-del-capital-como-la-ley-crea-riqueza-y-desigualdad\\\/#primaryimage\"},\"image\":{\"@id\":\"https:\\\/\\\/zapateneo.net\\\/wordpress\\\/index.php\\\/producto\\\/el-codigo-del-capital-como-la-ley-crea-riqueza-y-desigualdad\\\/#primaryimage\"},\"thumbnailUrl\":\"https:\\\/\\\/zapateneo.net\\\/wordpress\\\/wp-content\\\/uploads\\\/2022\\\/05\\\/9788412457827.jpg\",\"datePublished\":\"2022-05-14T08:06:35+00:00\",\"dateModified\":\"2022-05-14T08:06:43+00:00\",\"breadcrumb\":{\"@id\":\"https:\\\/\\\/zapateneo.net\\\/wordpress\\\/index.php\\\/producto\\\/el-codigo-del-capital-como-la-ley-crea-riqueza-y-desigualdad\\\/#breadcrumb\"},\"inLanguage\":\"es\",\"potentialAction\":[{\"@type\":\"ReadAction\",\"target\":[\"https:\\\/\\\/zapateneo.net\\\/wordpress\\\/index.php\\\/producto\\\/el-codigo-del-capital-como-la-ley-crea-riqueza-y-desigualdad\\\/\"]}]},{\"@type\":\"ImageObject\",\"inLanguage\":\"es\",\"@id\":\"https:\\\/\\\/zapateneo.net\\\/wordpress\\\/index.php\\\/producto\\\/el-codigo-del-capital-como-la-ley-crea-riqueza-y-desigualdad\\\/#primaryimage\",\"url\":\"https:\\\/\\\/zapateneo.net\\\/wordpress\\\/wp-content\\\/uploads\\\/2022\\\/05\\\/9788412457827.jpg\",\"contentUrl\":\"https:\\\/\\\/zapateneo.net\\\/wordpress\\\/wp-content\\\/uploads\\\/2022\\\/05\\\/9788412457827.jpg\",\"width\":256,\"height\":400},{\"@type\":\"BreadcrumbList\",\"@id\":\"https:\\\/\\\/zapateneo.net\\\/wordpress\\\/index.php\\\/producto\\\/el-codigo-del-capital-como-la-ley-crea-riqueza-y-desigualdad\\\/#breadcrumb\",\"itemListElement\":[{\"@type\":\"ListItem\",\"position\":1,\"name\":\"Portada\",\"item\":\"https:\\\/\\\/zapateneo.net\\\/wordpress\\\/\"},{\"@type\":\"ListItem\",\"position\":2,\"name\":\"Tienda\",\"item\":\"https:\\\/\\\/zapateneo.net\\\/wordpress\\\/\"},{\"@type\":\"ListItem\",\"position\":3,\"name\":\"EL C\u00d3DIGO DEL CAPITAL C\u00f3mo la ley crea riqueza y desigualdad\"}]},{\"@type\":\"WebSite\",\"@id\":\"https:\\\/\\\/zapateneo.net\\\/wordpress\\\/#website\",\"url\":\"https:\\\/\\\/zapateneo.net\\\/wordpress\\\/\",\"name\":\"Zapateneo\",\"description\":\"Zapateneoaren webgunea\",\"publisher\":{\"@id\":\"https:\\\/\\\/zapateneo.net\\\/wordpress\\\/#organization\"},\"potentialAction\":[{\"@type\":\"SearchAction\",\"target\":{\"@type\":\"EntryPoint\",\"urlTemplate\":\"https:\\\/\\\/zapateneo.net\\\/wordpress\\\/?s={search_term_string}\"},\"query-input\":{\"@type\":\"PropertyValueSpecification\",\"valueRequired\":true,\"valueName\":\"search_term_string\"}}],\"inLanguage\":\"es\"},{\"@type\":\"Organization\",\"@id\":\"https:\\\/\\\/zapateneo.net\\\/wordpress\\\/#organization\",\"name\":\"Zapateneo Kultur Elkartea\",\"url\":\"https:\\\/\\\/zapateneo.net\\\/wordpress\\\/\",\"logo\":{\"@type\":\"ImageObject\",\"inLanguage\":\"es\",\"@id\":\"https:\\\/\\\/zapateneo.net\\\/wordpress\\\/#\\\/schema\\\/logo\\\/image\\\/\",\"url\":\"https:\\\/\\\/zapateneo.net\\\/wordpress\\\/wp-content\\\/uploads\\\/2021\\\/04\\\/zap-libu-kolec.jpg\",\"contentUrl\":\"https:\\\/\\\/zapateneo.net\\\/wordpress\\\/wp-content\\\/uploads\\\/2021\\\/04\\\/zap-libu-kolec.jpg\",\"width\":2234,\"height\":398,\"caption\":\"Zapateneo Kultur Elkartea\"},\"image\":{\"@id\":\"https:\\\/\\\/zapateneo.net\\\/wordpress\\\/#\\\/schema\\\/logo\\\/image\\\/\"},\"sameAs\":[\"https:\\\/\\\/x.com\\\/zapateneo\"]}]}<\/script>\n<!-- \/ Yoast SEO plugin. -->","yoast_head_json":{"title":"EL C\u00d3DIGO DEL CAPITAL C\u00f3mo la ley crea riqueza y desigualdad &#8212; Zapateneo","robots":{"index":"index","follow":"follow","max-snippet":"max-snippet:-1","max-image-preview":"max-image-preview:large","max-video-preview":"max-video-preview:-1"},"canonical":"https:\/\/zapateneo.net\/wordpress\/index.php\/producto\/el-codigo-del-capital-como-la-ley-crea-riqueza-y-desigualdad\/","og_locale":"es_ES","og_type":"article","og_title":"EL C\u00d3DIGO DEL CAPITAL C\u00f3mo la ley crea riqueza y desigualdad &#8212; Zapateneo","og_description":"Katharina Pistor 9788412457827 - Capit\u00e1n Swing - 2022 - 344 p\u00e1ginas \/orri.","og_url":"https:\/\/zapateneo.net\/wordpress\/index.php\/producto\/el-codigo-del-capital-como-la-ley-crea-riqueza-y-desigualdad\/","og_site_name":"Zapateneo","article_modified_time":"2022-05-14T08:06:43+00:00","twitter_card":"summary_large_image","twitter_site":"@zapateneo","twitter_misc":{"Tiempo de lectura":"1 minuto"},"schema":{"@context":"https:\/\/schema.org","@graph":[{"@type":"WebPage","@id":"https:\/\/zapateneo.net\/wordpress\/index.php\/producto\/el-codigo-del-capital-como-la-ley-crea-riqueza-y-desigualdad\/","url":"https:\/\/zapateneo.net\/wordpress\/index.php\/producto\/el-codigo-del-capital-como-la-ley-crea-riqueza-y-desigualdad\/","name":"EL C\u00d3DIGO DEL CAPITAL C\u00f3mo la ley crea riqueza y desigualdad &#8212; Zapateneo","isPartOf":{"@id":"https:\/\/zapateneo.net\/wordpress\/#website"},"primaryImageOfPage":{"@id":"https:\/\/zapateneo.net\/wordpress\/index.php\/producto\/el-codigo-del-capital-como-la-ley-crea-riqueza-y-desigualdad\/#primaryimage"},"image":{"@id":"https:\/\/zapateneo.net\/wordpress\/index.php\/producto\/el-codigo-del-capital-como-la-ley-crea-riqueza-y-desigualdad\/#primaryimage"},"thumbnailUrl":"https:\/\/zapateneo.net\/wordpress\/wp-content\/uploads\/2022\/05\/9788412457827.jpg","datePublished":"2022-05-14T08:06:35+00:00","dateModified":"2022-05-14T08:06:43+00:00","breadcrumb":{"@id":"https:\/\/zapateneo.net\/wordpress\/index.php\/producto\/el-codigo-del-capital-como-la-ley-crea-riqueza-y-desigualdad\/#breadcrumb"},"inLanguage":"es","potentialAction":[{"@type":"ReadAction","target":["https:\/\/zapateneo.net\/wordpress\/index.php\/producto\/el-codigo-del-capital-como-la-ley-crea-riqueza-y-desigualdad\/"]}]},{"@type":"ImageObject","inLanguage":"es","@id":"https:\/\/zapateneo.net\/wordpress\/index.php\/producto\/el-codigo-del-capital-como-la-ley-crea-riqueza-y-desigualdad\/#primaryimage","url":"https:\/\/zapateneo.net\/wordpress\/wp-content\/uploads\/2022\/05\/9788412457827.jpg","contentUrl":"https:\/\/zapateneo.net\/wordpress\/wp-content\/uploads\/2022\/05\/9788412457827.jpg","width":256,"height":400},{"@type":"BreadcrumbList","@id":"https:\/\/zapateneo.net\/wordpress\/index.php\/producto\/el-codigo-del-capital-como-la-ley-crea-riqueza-y-desigualdad\/#breadcrumb","itemListElement":[{"@type":"ListItem","position":1,"name":"Portada","item":"https:\/\/zapateneo.net\/wordpress\/"},{"@type":"ListItem","position":2,"name":"Tienda","item":"https:\/\/zapateneo.net\/wordpress\/"},{"@type":"ListItem","position":3,"name":"EL C\u00d3DIGO DEL CAPITAL C\u00f3mo la ley crea riqueza y desigualdad"}]},{"@type":"WebSite","@id":"https:\/\/zapateneo.net\/wordpress\/#website","url":"https:\/\/zapateneo.net\/wordpress\/","name":"Zapateneo","description":"Zapateneoaren webgunea","publisher":{"@id":"https:\/\/zapateneo.net\/wordpress\/#organization"},"potentialAction":[{"@type":"SearchAction","target":{"@type":"EntryPoint","urlTemplate":"https:\/\/zapateneo.net\/wordpress\/?s={search_term_string}"},"query-input":{"@type":"PropertyValueSpecification","valueRequired":true,"valueName":"search_term_string"}}],"inLanguage":"es"},{"@type":"Organization","@id":"https:\/\/zapateneo.net\/wordpress\/#organization","name":"Zapateneo Kultur Elkartea","url":"https:\/\/zapateneo.net\/wordpress\/","logo":{"@type":"ImageObject","inLanguage":"es","@id":"https:\/\/zapateneo.net\/wordpress\/#\/schema\/logo\/image\/","url":"https:\/\/zapateneo.net\/wordpress\/wp-content\/uploads\/2021\/04\/zap-libu-kolec.jpg","contentUrl":"https:\/\/zapateneo.net\/wordpress\/wp-content\/uploads\/2021\/04\/zap-libu-kolec.jpg","width":2234,"height":398,"caption":"Zapateneo Kultur Elkartea"},"image":{"@id":"https:\/\/zapateneo.net\/wordpress\/#\/schema\/logo\/image\/"},"sameAs":["https:\/\/x.com\/zapateneo"]}]}},"_links":{"self":[{"href":"https:\/\/zapateneo.net\/wordpress\/index.php\/wp-json\/wp\/v2\/product\/10990","targetHints":{"allow":["GET"]}}],"collection":[{"href":"https:\/\/zapateneo.net\/wordpress\/index.php\/wp-json\/wp\/v2\/product"}],"about":[{"href":"https:\/\/zapateneo.net\/wordpress\/index.php\/wp-json\/wp\/v2\/types\/product"}],"wp:featuredmedia":[{"embeddable":true,"href":"https:\/\/zapateneo.net\/wordpress\/index.php\/wp-json\/wp\/v2\/media\/11012"}],"wp:attachment":[{"href":"https:\/\/zapateneo.net\/wordpress\/index.php\/wp-json\/wp\/v2\/media?parent=10990"}],"wp:term":[{"taxonomy":"product_brand","embeddable":true,"href":"https:\/\/zapateneo.net\/wordpress\/index.php\/wp-json\/wp\/v2\/product_brand?post=10990"},{"taxonomy":"product_cat","embeddable":true,"href":"https:\/\/zapateneo.net\/wordpress\/index.php\/wp-json\/wp\/v2\/product_cat?post=10990"},{"taxonomy":"product_tag","embeddable":true,"href":"https:\/\/zapateneo.net\/wordpress\/index.php\/wp-json\/wp\/v2\/product_tag?post=10990"}],"curies":[{"name":"wp","href":"https:\/\/api.w.org\/{rel}","templated":true}]}}