{"id":10989,"date":"2022-05-14T09:06:35","date_gmt":"2022-05-14T08:06:35","guid":{"rendered":"https:\/\/zapateneo.net\/wordpress\/?post_type=product&#038;p=10989"},"modified":"2022-05-14T09:06:42","modified_gmt":"2022-05-14T08:06:42","slug":"los-jacobinos-negros-toussaint-louverture-y-la-revolucion-de-haiti","status":"publish","type":"product","link":"https:\/\/zapateneo.net\/wordpress\/index.php\/producto\/los-jacobinos-negros-toussaint-louverture-y-la-revolucion-de-haiti\/","title":{"rendered":"LOS JACOBINOS NEGROS Toussaint L\u2019Ouverture y la revoluci\u00f3n de Hait\u00ed"},"content":{"rendered":"<p>Hay pocos ensayos fundacionales, aquellos que suponen una antes y un despu\u00e9s, cuyas ideas fecundas germinan y dan pie a debates f\u00e9rtiles y ramificaciones profundas. Los jacobinos negros es uno de ellos. Su lectura sobre la \u00fanica rebeli\u00f3n esclava exitosa de la historia, la revoluci\u00f3n haitiana de finales del siglo XVIII, es un parteaguas en la comprensi\u00f3n de la historia del colonialismo y del capitalismo. M\u00e1s de dos siglos despu\u00e9s, la poblacion descendiente todav\u00eda paga el precio de enfrentarse victoriosamente a las imperios franc\u00e9s, espa\u00f1ol e ingl\u00e9s.<\/p>\n<p>\u00bfQu\u00e9 hace tan decisiva la interpretaci\u00f3n de C. L. R. James sobre los acontecimientos desencadenados, a sangre y fuego, en esa isla del Caribe entre 1793 y 1804? El hecho de que su mirada desplazara el foco, por primera vez, de los victimarios europeos blancos a los centenares de miles de seres humanos que padecieron el secuestro, la deportaci\u00f3n, la violaci\u00f3n, la tortura y el asesinato a escala industrial. Un texto publicado en 1938, todav\u00eda plenamente vigente, y que cambi\u00f3 para siempre la historiograf\u00eda de la lucha contra la esclavitud.<\/p>\n<p>C.L.R. James (1901-1989) En el Caribe se considera a Cyril Lionel Robert James como uno de los padres de la independencia. En Gran Breta\u00f1a se le respeta como pionero hist\u00f3rico del movimiento negro. Se le recuerda, en suma, como figura imprescindible del panafricanismo. Tambi\u00e9n como gu\u00eda en el desarrollo de una corriente del marxismo que era al mismo tiempo democr\u00e1tica, revolucionaria e internacionalista. Su vida y su carrera, ambas enormes y extraordinarias, transcurrieron entre Trinidad, EE. UU. e Inglaterra. Los \u00faltimos a\u00f1os de su vida vivi\u00f3 al sur de Londres, donde daba clases sobre pol\u00edtica, Shakespeare y otras materias. Muri\u00f3 all\u00ed en 1989.<\/p>\n","protected":false},"excerpt":{"rendered":"<p><strong>Cyril Lionel Robert James<\/strong><br \/>\n9788416946693 &#8211; Katakrak &#8211; 2022 &#8211; 404 p\u00e1ginas \/orri.<\/p>\n","protected":false},"featured_media":11011,"template":"","meta":[],"product_brand":[],"product_cat":[185,16],"product_tag":[5521,508],"class_list":{"0":"post-10989","1":"product","2":"type-product","3":"status-publish","4":"has-post-thumbnail","6":"product_cat-historia","7":"product_cat-libros","8":"product_tag-cyril-lionel-robert-james","9":"product_tag-katakrak","11":"first","12":"instock","13":"sold-individually","14":"shipping-taxable","15":"purchasable","16":"product-type-simple"},"yoast_head":"<!-- This site is optimized with the Yoast SEO plugin v27.4 - https:\/\/yoast.com\/product\/yoast-seo-wordpress\/ -->\n<title>LOS JACOBINOS NEGROS Toussaint L\u2019Ouverture y la revoluci\u00f3n de Hait\u00ed &#8212; Zapateneo<\/title>\n<meta name=\"robots\" content=\"index, follow, max-snippet:-1, max-image-preview:large, max-video-preview:-1\" \/>\n<link rel=\"canonical\" href=\"https:\/\/zapateneo.net\/wordpress\/index.php\/producto\/los-jacobinos-negros-toussaint-louverture-y-la-revolucion-de-haiti\/\" \/>\n<meta property=\"og:locale\" content=\"es_ES\" \/>\n<meta property=\"og:type\" content=\"article\" \/>\n<meta property=\"og:title\" content=\"LOS JACOBINOS NEGROS Toussaint L\u2019Ouverture y la revoluci\u00f3n de Hait\u00ed &#8212; Zapateneo\" \/>\n<meta property=\"og:description\" content=\"Cyril Lionel Robert James 9788416946693 - Katakrak - 2022 - 404 p\u00e1ginas \/orri.\" \/>\n<meta property=\"og:url\" content=\"https:\/\/zapateneo.net\/wordpress\/index.php\/producto\/los-jacobinos-negros-toussaint-louverture-y-la-revolucion-de-haiti\/\" \/>\n<meta property=\"og:site_name\" content=\"Zapateneo\" \/>\n<meta property=\"article:modified_time\" content=\"2022-05-14T08:06:42+00:00\" \/>\n<meta name=\"twitter:card\" content=\"summary_large_image\" \/>\n<meta name=\"twitter:site\" content=\"@zapateneo\" \/>\n<meta name=\"twitter:label1\" content=\"Tiempo de lectura\" \/>\n\t<meta name=\"twitter:data1\" content=\"2 minutos\" \/>\n<script type=\"application\/ld+json\" class=\"yoast-schema-graph\">{\"@context\":\"https:\\\/\\\/schema.org\",\"@graph\":[{\"@type\":\"WebPage\",\"@id\":\"https:\\\/\\\/zapateneo.net\\\/wordpress\\\/index.php\\\/producto\\\/los-jacobinos-negros-toussaint-louverture-y-la-revolucion-de-haiti\\\/\",\"url\":\"https:\\\/\\\/zapateneo.net\\\/wordpress\\\/index.php\\\/producto\\\/los-jacobinos-negros-toussaint-louverture-y-la-revolucion-de-haiti\\\/\",\"name\":\"LOS JACOBINOS NEGROS Toussaint L\u2019Ouverture y la revoluci\u00f3n de Hait\u00ed &#8212; Zapateneo\",\"isPartOf\":{\"@id\":\"https:\\\/\\\/zapateneo.net\\\/wordpress\\\/#website\"},\"primaryImageOfPage\":{\"@id\":\"https:\\\/\\\/zapateneo.net\\\/wordpress\\\/index.php\\\/producto\\\/los-jacobinos-negros-toussaint-louverture-y-la-revolucion-de-haiti\\\/#primaryimage\"},\"image\":{\"@id\":\"https:\\\/\\\/zapateneo.net\\\/wordpress\\\/index.php\\\/producto\\\/los-jacobinos-negros-toussaint-louverture-y-la-revolucion-de-haiti\\\/#primaryimage\"},\"thumbnailUrl\":\"https:\\\/\\\/zapateneo.net\\\/wordpress\\\/wp-content\\\/uploads\\\/2022\\\/05\\\/9788416946693.png\",\"datePublished\":\"2022-05-14T08:06:35+00:00\",\"dateModified\":\"2022-05-14T08:06:42+00:00\",\"breadcrumb\":{\"@id\":\"https:\\\/\\\/zapateneo.net\\\/wordpress\\\/index.php\\\/producto\\\/los-jacobinos-negros-toussaint-louverture-y-la-revolucion-de-haiti\\\/#breadcrumb\"},\"inLanguage\":\"es\",\"potentialAction\":[{\"@type\":\"ReadAction\",\"target\":[\"https:\\\/\\\/zapateneo.net\\\/wordpress\\\/index.php\\\/producto\\\/los-jacobinos-negros-toussaint-louverture-y-la-revolucion-de-haiti\\\/\"]}]},{\"@type\":\"ImageObject\",\"inLanguage\":\"es\",\"@id\":\"https:\\\/\\\/zapateneo.net\\\/wordpress\\\/index.php\\\/producto\\\/los-jacobinos-negros-toussaint-louverture-y-la-revolucion-de-haiti\\\/#primaryimage\",\"url\":\"https:\\\/\\\/zapateneo.net\\\/wordpress\\\/wp-content\\\/uploads\\\/2022\\\/05\\\/9788416946693.png\",\"contentUrl\":\"https:\\\/\\\/zapateneo.net\\\/wordpress\\\/wp-content\\\/uploads\\\/2022\\\/05\\\/9788416946693.png\",\"width\":265,\"height\":400},{\"@type\":\"BreadcrumbList\",\"@id\":\"https:\\\/\\\/zapateneo.net\\\/wordpress\\\/index.php\\\/producto\\\/los-jacobinos-negros-toussaint-louverture-y-la-revolucion-de-haiti\\\/#breadcrumb\",\"itemListElement\":[{\"@type\":\"ListItem\",\"position\":1,\"name\":\"Portada\",\"item\":\"https:\\\/\\\/zapateneo.net\\\/wordpress\\\/\"},{\"@type\":\"ListItem\",\"position\":2,\"name\":\"Tienda\",\"item\":\"https:\\\/\\\/zapateneo.net\\\/wordpress\\\/\"},{\"@type\":\"ListItem\",\"position\":3,\"name\":\"LOS JACOBINOS NEGROS Toussaint L\u2019Ouverture y la revoluci\u00f3n de Hait\u00ed\"}]},{\"@type\":\"WebSite\",\"@id\":\"https:\\\/\\\/zapateneo.net\\\/wordpress\\\/#website\",\"url\":\"https:\\\/\\\/zapateneo.net\\\/wordpress\\\/\",\"name\":\"Zapateneo\",\"description\":\"Zapateneoaren webgunea\",\"publisher\":{\"@id\":\"https:\\\/\\\/zapateneo.net\\\/wordpress\\\/#organization\"},\"potentialAction\":[{\"@type\":\"SearchAction\",\"target\":{\"@type\":\"EntryPoint\",\"urlTemplate\":\"https:\\\/\\\/zapateneo.net\\\/wordpress\\\/?s={search_term_string}\"},\"query-input\":{\"@type\":\"PropertyValueSpecification\",\"valueRequired\":true,\"valueName\":\"search_term_string\"}}],\"inLanguage\":\"es\"},{\"@type\":\"Organization\",\"@id\":\"https:\\\/\\\/zapateneo.net\\\/wordpress\\\/#organization\",\"name\":\"Zapateneo Kultur Elkartea\",\"url\":\"https:\\\/\\\/zapateneo.net\\\/wordpress\\\/\",\"logo\":{\"@type\":\"ImageObject\",\"inLanguage\":\"es\",\"@id\":\"https:\\\/\\\/zapateneo.net\\\/wordpress\\\/#\\\/schema\\\/logo\\\/image\\\/\",\"url\":\"https:\\\/\\\/zapateneo.net\\\/wordpress\\\/wp-content\\\/uploads\\\/2021\\\/04\\\/zap-libu-kolec.jpg\",\"contentUrl\":\"https:\\\/\\\/zapateneo.net\\\/wordpress\\\/wp-content\\\/uploads\\\/2021\\\/04\\\/zap-libu-kolec.jpg\",\"width\":2234,\"height\":398,\"caption\":\"Zapateneo Kultur Elkartea\"},\"image\":{\"@id\":\"https:\\\/\\\/zapateneo.net\\\/wordpress\\\/#\\\/schema\\\/logo\\\/image\\\/\"},\"sameAs\":[\"https:\\\/\\\/x.com\\\/zapateneo\"]}]}<\/script>\n<!-- \/ Yoast SEO plugin. -->","yoast_head_json":{"title":"LOS JACOBINOS NEGROS Toussaint L\u2019Ouverture y la revoluci\u00f3n de Hait\u00ed &#8212; Zapateneo","robots":{"index":"index","follow":"follow","max-snippet":"max-snippet:-1","max-image-preview":"max-image-preview:large","max-video-preview":"max-video-preview:-1"},"canonical":"https:\/\/zapateneo.net\/wordpress\/index.php\/producto\/los-jacobinos-negros-toussaint-louverture-y-la-revolucion-de-haiti\/","og_locale":"es_ES","og_type":"article","og_title":"LOS JACOBINOS NEGROS Toussaint L\u2019Ouverture y la revoluci\u00f3n de Hait\u00ed &#8212; Zapateneo","og_description":"Cyril Lionel Robert James 9788416946693 - Katakrak - 2022 - 404 p\u00e1ginas \/orri.","og_url":"https:\/\/zapateneo.net\/wordpress\/index.php\/producto\/los-jacobinos-negros-toussaint-louverture-y-la-revolucion-de-haiti\/","og_site_name":"Zapateneo","article_modified_time":"2022-05-14T08:06:42+00:00","twitter_card":"summary_large_image","twitter_site":"@zapateneo","twitter_misc":{"Tiempo de lectura":"2 minutos"},"schema":{"@context":"https:\/\/schema.org","@graph":[{"@type":"WebPage","@id":"https:\/\/zapateneo.net\/wordpress\/index.php\/producto\/los-jacobinos-negros-toussaint-louverture-y-la-revolucion-de-haiti\/","url":"https:\/\/zapateneo.net\/wordpress\/index.php\/producto\/los-jacobinos-negros-toussaint-louverture-y-la-revolucion-de-haiti\/","name":"LOS JACOBINOS NEGROS Toussaint L\u2019Ouverture y la revoluci\u00f3n de Hait\u00ed &#8212; Zapateneo","isPartOf":{"@id":"https:\/\/zapateneo.net\/wordpress\/#website"},"primaryImageOfPage":{"@id":"https:\/\/zapateneo.net\/wordpress\/index.php\/producto\/los-jacobinos-negros-toussaint-louverture-y-la-revolucion-de-haiti\/#primaryimage"},"image":{"@id":"https:\/\/zapateneo.net\/wordpress\/index.php\/producto\/los-jacobinos-negros-toussaint-louverture-y-la-revolucion-de-haiti\/#primaryimage"},"thumbnailUrl":"https:\/\/zapateneo.net\/wordpress\/wp-content\/uploads\/2022\/05\/9788416946693.png","datePublished":"2022-05-14T08:06:35+00:00","dateModified":"2022-05-14T08:06:42+00:00","breadcrumb":{"@id":"https:\/\/zapateneo.net\/wordpress\/index.php\/producto\/los-jacobinos-negros-toussaint-louverture-y-la-revolucion-de-haiti\/#breadcrumb"},"inLanguage":"es","potentialAction":[{"@type":"ReadAction","target":["https:\/\/zapateneo.net\/wordpress\/index.php\/producto\/los-jacobinos-negros-toussaint-louverture-y-la-revolucion-de-haiti\/"]}]},{"@type":"ImageObject","inLanguage":"es","@id":"https:\/\/zapateneo.net\/wordpress\/index.php\/producto\/los-jacobinos-negros-toussaint-louverture-y-la-revolucion-de-haiti\/#primaryimage","url":"https:\/\/zapateneo.net\/wordpress\/wp-content\/uploads\/2022\/05\/9788416946693.png","contentUrl":"https:\/\/zapateneo.net\/wordpress\/wp-content\/uploads\/2022\/05\/9788416946693.png","width":265,"height":400},{"@type":"BreadcrumbList","@id":"https:\/\/zapateneo.net\/wordpress\/index.php\/producto\/los-jacobinos-negros-toussaint-louverture-y-la-revolucion-de-haiti\/#breadcrumb","itemListElement":[{"@type":"ListItem","position":1,"name":"Portada","item":"https:\/\/zapateneo.net\/wordpress\/"},{"@type":"ListItem","position":2,"name":"Tienda","item":"https:\/\/zapateneo.net\/wordpress\/"},{"@type":"ListItem","position":3,"name":"LOS JACOBINOS NEGROS Toussaint L\u2019Ouverture y la revoluci\u00f3n de Hait\u00ed"}]},{"@type":"WebSite","@id":"https:\/\/zapateneo.net\/wordpress\/#website","url":"https:\/\/zapateneo.net\/wordpress\/","name":"Zapateneo","description":"Zapateneoaren webgunea","publisher":{"@id":"https:\/\/zapateneo.net\/wordpress\/#organization"},"potentialAction":[{"@type":"SearchAction","target":{"@type":"EntryPoint","urlTemplate":"https:\/\/zapateneo.net\/wordpress\/?s={search_term_string}"},"query-input":{"@type":"PropertyValueSpecification","valueRequired":true,"valueName":"search_term_string"}}],"inLanguage":"es"},{"@type":"Organization","@id":"https:\/\/zapateneo.net\/wordpress\/#organization","name":"Zapateneo Kultur Elkartea","url":"https:\/\/zapateneo.net\/wordpress\/","logo":{"@type":"ImageObject","inLanguage":"es","@id":"https:\/\/zapateneo.net\/wordpress\/#\/schema\/logo\/image\/","url":"https:\/\/zapateneo.net\/wordpress\/wp-content\/uploads\/2021\/04\/zap-libu-kolec.jpg","contentUrl":"https:\/\/zapateneo.net\/wordpress\/wp-content\/uploads\/2021\/04\/zap-libu-kolec.jpg","width":2234,"height":398,"caption":"Zapateneo Kultur Elkartea"},"image":{"@id":"https:\/\/zapateneo.net\/wordpress\/#\/schema\/logo\/image\/"},"sameAs":["https:\/\/x.com\/zapateneo"]}]}},"_links":{"self":[{"href":"https:\/\/zapateneo.net\/wordpress\/index.php\/wp-json\/wp\/v2\/product\/10989","targetHints":{"allow":["GET"]}}],"collection":[{"href":"https:\/\/zapateneo.net\/wordpress\/index.php\/wp-json\/wp\/v2\/product"}],"about":[{"href":"https:\/\/zapateneo.net\/wordpress\/index.php\/wp-json\/wp\/v2\/types\/product"}],"wp:featuredmedia":[{"embeddable":true,"href":"https:\/\/zapateneo.net\/wordpress\/index.php\/wp-json\/wp\/v2\/media\/11011"}],"wp:attachment":[{"href":"https:\/\/zapateneo.net\/wordpress\/index.php\/wp-json\/wp\/v2\/media?parent=10989"}],"wp:term":[{"taxonomy":"product_brand","embeddable":true,"href":"https:\/\/zapateneo.net\/wordpress\/index.php\/wp-json\/wp\/v2\/product_brand?post=10989"},{"taxonomy":"product_cat","embeddable":true,"href":"https:\/\/zapateneo.net\/wordpress\/index.php\/wp-json\/wp\/v2\/product_cat?post=10989"},{"taxonomy":"product_tag","embeddable":true,"href":"https:\/\/zapateneo.net\/wordpress\/index.php\/wp-json\/wp\/v2\/product_tag?post=10989"}],"curies":[{"name":"wp","href":"https:\/\/api.w.org\/{rel}","templated":true}]}}