{"id":10987,"date":"2022-05-14T09:06:34","date_gmt":"2022-05-14T08:06:34","guid":{"rendered":"https:\/\/zapateneo.net\/wordpress\/?post_type=product&#038;p=10987"},"modified":"2022-05-14T09:06:41","modified_gmt":"2022-05-14T08:06:41","slug":"antifascistas-asi-se-combatio-a-la-extrema-derecha-espanola-desde-los-anos-90","status":"publish","type":"product","link":"https:\/\/zapateneo.net\/wordpress\/index.php\/producto\/antifascistas-asi-se-combatio-a-la-extrema-derecha-espanola-desde-los-anos-90\/","title":{"rendered":"ANTIFASCISTAS As\u00ed se combati\u00f3 a la extrema derecha espa\u00f1ola desde los a\u00f1os 90"},"content":{"rendered":"<p>La extrema derecha espa\u00f1ola empez\u00f3 a parecerse un poco m\u00e1s a la europea cuando muri\u00f3 el dictador Francisco Franco. La transici\u00f3n estuvo marcada por la violencia de los grupos parapoliciales y el terrorismo de Estado, pero pronto llegaron las bandas de skinheads neonazis, los ultras del f\u00fatbol, y poco a poco, las nuevas formaciones de ultraderecha y los movimientos sociales neofascistas.<\/p>\n<p>Ramos repasa las diversas luchas contra la nueva extrema derecha que surgi\u00f3 en Espa\u00f1a en los a\u00f1os ochenta hasta la actualidad, con testimonios de sus protagonistas y cr\u00f3nicas period\u00edsticas y pol\u00edticas de cada momento. La generaci\u00f3n que creci\u00f3 despu\u00e9s de la transici\u00f3n dio respuesta, desde distintos \u00e1mbitos y con t\u00e1cticas diversas, a una nueva ultraderecha que ejerc\u00eda la violencia de una manera brutal contra diferentes colectivos, y que progresivamente trat\u00f3 de hacerse un hueco en las instituciones.<\/p>\n<p>El libro traza la evoluci\u00f3n de la extrema derecha en Espa\u00f1a y c\u00f3mo se la combati\u00f3 desde distintos frentes. C\u00f3mo se organizaron las distintas plataformas y colectivos que pasar\u00edan de la autodefensa inicial, a la ofensiva contra los grupos de extrema derecha. Qu\u00e9 papel jug\u00f3 el periodismo, la cutura, la m\u00fasica, las instituciones y los movimientos sociales de cada momento. Ramos, que sufri\u00f3 la violencia de los neonazis, la persecuci\u00f3n policial y judicial, y la criminalizaci\u00f3n de los medios de comunicaci\u00f3n, retrata la pluralidad de la lucha antifascista a lo largo de estos \u00faltimos cuarenta a\u00f1os, sus alianzas, sus debates y algunas de sus victorias.<\/p>\n","protected":false},"excerpt":{"rendered":"<p><strong>Miquel Ramos<\/strong><br \/>\n9788412457803 &#8211; Capit\u00e1n Swing &#8211; 2022 &#8211; 638 p\u00e1ginas \/orri.<\/p>\n","protected":false},"featured_media":11009,"template":"","meta":[],"product_brand":[],"product_cat":[177,16],"product_tag":[102,5519],"class_list":{"0":"post-10987","1":"product","2":"type-product","3":"status-publish","4":"has-post-thumbnail","6":"product_cat-gizarte-mugimenduak-movimientos-sociales","7":"product_cat-libros","8":"product_tag-capitan-swing","9":"product_tag-miquel-ramos","11":"first","12":"instock","13":"sold-individually","14":"shipping-taxable","15":"purchasable","16":"product-type-simple"},"yoast_head":"<!-- This site is optimized with the Yoast SEO plugin v27.3 - https:\/\/yoast.com\/product\/yoast-seo-wordpress\/ -->\n<title>ANTIFASCISTAS As\u00ed se combati\u00f3 a la extrema derecha espa\u00f1ola desde los a\u00f1os 90 &#8212; Zapateneo<\/title>\n<meta name=\"robots\" content=\"index, follow, max-snippet:-1, max-image-preview:large, max-video-preview:-1\" \/>\n<link rel=\"canonical\" href=\"https:\/\/zapateneo.net\/wordpress\/index.php\/producto\/antifascistas-asi-se-combatio-a-la-extrema-derecha-espanola-desde-los-anos-90\/\" \/>\n<meta property=\"og:locale\" content=\"es_ES\" \/>\n<meta property=\"og:type\" content=\"article\" \/>\n<meta property=\"og:title\" content=\"ANTIFASCISTAS As\u00ed se combati\u00f3 a la extrema derecha espa\u00f1ola desde los a\u00f1os 90 &#8212; Zapateneo\" \/>\n<meta property=\"og:description\" content=\"Miquel Ramos 9788412457803 - Capit\u00e1n Swing - 2022 - 638 p\u00e1ginas \/orri.\" \/>\n<meta property=\"og:url\" content=\"https:\/\/zapateneo.net\/wordpress\/index.php\/producto\/antifascistas-asi-se-combatio-a-la-extrema-derecha-espanola-desde-los-anos-90\/\" \/>\n<meta property=\"og:site_name\" content=\"Zapateneo\" \/>\n<meta property=\"article:modified_time\" content=\"2022-05-14T08:06:41+00:00\" \/>\n<meta name=\"twitter:card\" content=\"summary_large_image\" \/>\n<meta name=\"twitter:site\" content=\"@zapateneo\" \/>\n<meta name=\"twitter:label1\" content=\"Tiempo de lectura\" \/>\n\t<meta name=\"twitter:data1\" content=\"1 minuto\" \/>\n<script type=\"application\/ld+json\" class=\"yoast-schema-graph\">{\"@context\":\"https:\\\/\\\/schema.org\",\"@graph\":[{\"@type\":\"WebPage\",\"@id\":\"https:\\\/\\\/zapateneo.net\\\/wordpress\\\/index.php\\\/producto\\\/antifascistas-asi-se-combatio-a-la-extrema-derecha-espanola-desde-los-anos-90\\\/\",\"url\":\"https:\\\/\\\/zapateneo.net\\\/wordpress\\\/index.php\\\/producto\\\/antifascistas-asi-se-combatio-a-la-extrema-derecha-espanola-desde-los-anos-90\\\/\",\"name\":\"ANTIFASCISTAS As\u00ed se combati\u00f3 a la extrema derecha espa\u00f1ola desde los a\u00f1os 90 &#8212; Zapateneo\",\"isPartOf\":{\"@id\":\"https:\\\/\\\/zapateneo.net\\\/wordpress\\\/#website\"},\"primaryImageOfPage\":{\"@id\":\"https:\\\/\\\/zapateneo.net\\\/wordpress\\\/index.php\\\/producto\\\/antifascistas-asi-se-combatio-a-la-extrema-derecha-espanola-desde-los-anos-90\\\/#primaryimage\"},\"image\":{\"@id\":\"https:\\\/\\\/zapateneo.net\\\/wordpress\\\/index.php\\\/producto\\\/antifascistas-asi-se-combatio-a-la-extrema-derecha-espanola-desde-los-anos-90\\\/#primaryimage\"},\"thumbnailUrl\":\"https:\\\/\\\/zapateneo.net\\\/wordpress\\\/wp-content\\\/uploads\\\/2022\\\/05\\\/9788412457803.jpg\",\"datePublished\":\"2022-05-14T08:06:34+00:00\",\"dateModified\":\"2022-05-14T08:06:41+00:00\",\"breadcrumb\":{\"@id\":\"https:\\\/\\\/zapateneo.net\\\/wordpress\\\/index.php\\\/producto\\\/antifascistas-asi-se-combatio-a-la-extrema-derecha-espanola-desde-los-anos-90\\\/#breadcrumb\"},\"inLanguage\":\"es\",\"potentialAction\":[{\"@type\":\"ReadAction\",\"target\":[\"https:\\\/\\\/zapateneo.net\\\/wordpress\\\/index.php\\\/producto\\\/antifascistas-asi-se-combatio-a-la-extrema-derecha-espanola-desde-los-anos-90\\\/\"]}]},{\"@type\":\"ImageObject\",\"inLanguage\":\"es\",\"@id\":\"https:\\\/\\\/zapateneo.net\\\/wordpress\\\/index.php\\\/producto\\\/antifascistas-asi-se-combatio-a-la-extrema-derecha-espanola-desde-los-anos-90\\\/#primaryimage\",\"url\":\"https:\\\/\\\/zapateneo.net\\\/wordpress\\\/wp-content\\\/uploads\\\/2022\\\/05\\\/9788412457803.jpg\",\"contentUrl\":\"https:\\\/\\\/zapateneo.net\\\/wordpress\\\/wp-content\\\/uploads\\\/2022\\\/05\\\/9788412457803.jpg\",\"width\":256,\"height\":400},{\"@type\":\"BreadcrumbList\",\"@id\":\"https:\\\/\\\/zapateneo.net\\\/wordpress\\\/index.php\\\/producto\\\/antifascistas-asi-se-combatio-a-la-extrema-derecha-espanola-desde-los-anos-90\\\/#breadcrumb\",\"itemListElement\":[{\"@type\":\"ListItem\",\"position\":1,\"name\":\"Portada\",\"item\":\"https:\\\/\\\/zapateneo.net\\\/wordpress\\\/\"},{\"@type\":\"ListItem\",\"position\":2,\"name\":\"Tienda\",\"item\":\"https:\\\/\\\/zapateneo.net\\\/wordpress\\\/\"},{\"@type\":\"ListItem\",\"position\":3,\"name\":\"ANTIFASCISTAS As\u00ed se combati\u00f3 a la extrema derecha espa\u00f1ola desde los a\u00f1os 90\"}]},{\"@type\":\"WebSite\",\"@id\":\"https:\\\/\\\/zapateneo.net\\\/wordpress\\\/#website\",\"url\":\"https:\\\/\\\/zapateneo.net\\\/wordpress\\\/\",\"name\":\"Zapateneo\",\"description\":\"Zapateneoaren webgunea\",\"publisher\":{\"@id\":\"https:\\\/\\\/zapateneo.net\\\/wordpress\\\/#organization\"},\"potentialAction\":[{\"@type\":\"SearchAction\",\"target\":{\"@type\":\"EntryPoint\",\"urlTemplate\":\"https:\\\/\\\/zapateneo.net\\\/wordpress\\\/?s={search_term_string}\"},\"query-input\":{\"@type\":\"PropertyValueSpecification\",\"valueRequired\":true,\"valueName\":\"search_term_string\"}}],\"inLanguage\":\"es\"},{\"@type\":\"Organization\",\"@id\":\"https:\\\/\\\/zapateneo.net\\\/wordpress\\\/#organization\",\"name\":\"Zapateneo Kultur Elkartea\",\"url\":\"https:\\\/\\\/zapateneo.net\\\/wordpress\\\/\",\"logo\":{\"@type\":\"ImageObject\",\"inLanguage\":\"es\",\"@id\":\"https:\\\/\\\/zapateneo.net\\\/wordpress\\\/#\\\/schema\\\/logo\\\/image\\\/\",\"url\":\"https:\\\/\\\/zapateneo.net\\\/wordpress\\\/wp-content\\\/uploads\\\/2021\\\/04\\\/zap-libu-kolec.jpg\",\"contentUrl\":\"https:\\\/\\\/zapateneo.net\\\/wordpress\\\/wp-content\\\/uploads\\\/2021\\\/04\\\/zap-libu-kolec.jpg\",\"width\":2234,\"height\":398,\"caption\":\"Zapateneo Kultur Elkartea\"},\"image\":{\"@id\":\"https:\\\/\\\/zapateneo.net\\\/wordpress\\\/#\\\/schema\\\/logo\\\/image\\\/\"},\"sameAs\":[\"https:\\\/\\\/x.com\\\/zapateneo\"]}]}<\/script>\n<!-- \/ Yoast SEO plugin. -->","yoast_head_json":{"title":"ANTIFASCISTAS As\u00ed se combati\u00f3 a la extrema derecha espa\u00f1ola desde los a\u00f1os 90 &#8212; Zapateneo","robots":{"index":"index","follow":"follow","max-snippet":"max-snippet:-1","max-image-preview":"max-image-preview:large","max-video-preview":"max-video-preview:-1"},"canonical":"https:\/\/zapateneo.net\/wordpress\/index.php\/producto\/antifascistas-asi-se-combatio-a-la-extrema-derecha-espanola-desde-los-anos-90\/","og_locale":"es_ES","og_type":"article","og_title":"ANTIFASCISTAS As\u00ed se combati\u00f3 a la extrema derecha espa\u00f1ola desde los a\u00f1os 90 &#8212; Zapateneo","og_description":"Miquel Ramos 9788412457803 - Capit\u00e1n Swing - 2022 - 638 p\u00e1ginas \/orri.","og_url":"https:\/\/zapateneo.net\/wordpress\/index.php\/producto\/antifascistas-asi-se-combatio-a-la-extrema-derecha-espanola-desde-los-anos-90\/","og_site_name":"Zapateneo","article_modified_time":"2022-05-14T08:06:41+00:00","twitter_card":"summary_large_image","twitter_site":"@zapateneo","twitter_misc":{"Tiempo de lectura":"1 minuto"},"schema":{"@context":"https:\/\/schema.org","@graph":[{"@type":"WebPage","@id":"https:\/\/zapateneo.net\/wordpress\/index.php\/producto\/antifascistas-asi-se-combatio-a-la-extrema-derecha-espanola-desde-los-anos-90\/","url":"https:\/\/zapateneo.net\/wordpress\/index.php\/producto\/antifascistas-asi-se-combatio-a-la-extrema-derecha-espanola-desde-los-anos-90\/","name":"ANTIFASCISTAS As\u00ed se combati\u00f3 a la extrema derecha espa\u00f1ola desde los a\u00f1os 90 &#8212; Zapateneo","isPartOf":{"@id":"https:\/\/zapateneo.net\/wordpress\/#website"},"primaryImageOfPage":{"@id":"https:\/\/zapateneo.net\/wordpress\/index.php\/producto\/antifascistas-asi-se-combatio-a-la-extrema-derecha-espanola-desde-los-anos-90\/#primaryimage"},"image":{"@id":"https:\/\/zapateneo.net\/wordpress\/index.php\/producto\/antifascistas-asi-se-combatio-a-la-extrema-derecha-espanola-desde-los-anos-90\/#primaryimage"},"thumbnailUrl":"https:\/\/zapateneo.net\/wordpress\/wp-content\/uploads\/2022\/05\/9788412457803.jpg","datePublished":"2022-05-14T08:06:34+00:00","dateModified":"2022-05-14T08:06:41+00:00","breadcrumb":{"@id":"https:\/\/zapateneo.net\/wordpress\/index.php\/producto\/antifascistas-asi-se-combatio-a-la-extrema-derecha-espanola-desde-los-anos-90\/#breadcrumb"},"inLanguage":"es","potentialAction":[{"@type":"ReadAction","target":["https:\/\/zapateneo.net\/wordpress\/index.php\/producto\/antifascistas-asi-se-combatio-a-la-extrema-derecha-espanola-desde-los-anos-90\/"]}]},{"@type":"ImageObject","inLanguage":"es","@id":"https:\/\/zapateneo.net\/wordpress\/index.php\/producto\/antifascistas-asi-se-combatio-a-la-extrema-derecha-espanola-desde-los-anos-90\/#primaryimage","url":"https:\/\/zapateneo.net\/wordpress\/wp-content\/uploads\/2022\/05\/9788412457803.jpg","contentUrl":"https:\/\/zapateneo.net\/wordpress\/wp-content\/uploads\/2022\/05\/9788412457803.jpg","width":256,"height":400},{"@type":"BreadcrumbList","@id":"https:\/\/zapateneo.net\/wordpress\/index.php\/producto\/antifascistas-asi-se-combatio-a-la-extrema-derecha-espanola-desde-los-anos-90\/#breadcrumb","itemListElement":[{"@type":"ListItem","position":1,"name":"Portada","item":"https:\/\/zapateneo.net\/wordpress\/"},{"@type":"ListItem","position":2,"name":"Tienda","item":"https:\/\/zapateneo.net\/wordpress\/"},{"@type":"ListItem","position":3,"name":"ANTIFASCISTAS As\u00ed se combati\u00f3 a la extrema derecha espa\u00f1ola desde los a\u00f1os 90"}]},{"@type":"WebSite","@id":"https:\/\/zapateneo.net\/wordpress\/#website","url":"https:\/\/zapateneo.net\/wordpress\/","name":"Zapateneo","description":"Zapateneoaren webgunea","publisher":{"@id":"https:\/\/zapateneo.net\/wordpress\/#organization"},"potentialAction":[{"@type":"SearchAction","target":{"@type":"EntryPoint","urlTemplate":"https:\/\/zapateneo.net\/wordpress\/?s={search_term_string}"},"query-input":{"@type":"PropertyValueSpecification","valueRequired":true,"valueName":"search_term_string"}}],"inLanguage":"es"},{"@type":"Organization","@id":"https:\/\/zapateneo.net\/wordpress\/#organization","name":"Zapateneo Kultur Elkartea","url":"https:\/\/zapateneo.net\/wordpress\/","logo":{"@type":"ImageObject","inLanguage":"es","@id":"https:\/\/zapateneo.net\/wordpress\/#\/schema\/logo\/image\/","url":"https:\/\/zapateneo.net\/wordpress\/wp-content\/uploads\/2021\/04\/zap-libu-kolec.jpg","contentUrl":"https:\/\/zapateneo.net\/wordpress\/wp-content\/uploads\/2021\/04\/zap-libu-kolec.jpg","width":2234,"height":398,"caption":"Zapateneo Kultur Elkartea"},"image":{"@id":"https:\/\/zapateneo.net\/wordpress\/#\/schema\/logo\/image\/"},"sameAs":["https:\/\/x.com\/zapateneo"]}]}},"_links":{"self":[{"href":"https:\/\/zapateneo.net\/wordpress\/index.php\/wp-json\/wp\/v2\/product\/10987","targetHints":{"allow":["GET"]}}],"collection":[{"href":"https:\/\/zapateneo.net\/wordpress\/index.php\/wp-json\/wp\/v2\/product"}],"about":[{"href":"https:\/\/zapateneo.net\/wordpress\/index.php\/wp-json\/wp\/v2\/types\/product"}],"wp:featuredmedia":[{"embeddable":true,"href":"https:\/\/zapateneo.net\/wordpress\/index.php\/wp-json\/wp\/v2\/media\/11009"}],"wp:attachment":[{"href":"https:\/\/zapateneo.net\/wordpress\/index.php\/wp-json\/wp\/v2\/media?parent=10987"}],"wp:term":[{"taxonomy":"product_brand","embeddable":true,"href":"https:\/\/zapateneo.net\/wordpress\/index.php\/wp-json\/wp\/v2\/product_brand?post=10987"},{"taxonomy":"product_cat","embeddable":true,"href":"https:\/\/zapateneo.net\/wordpress\/index.php\/wp-json\/wp\/v2\/product_cat?post=10987"},{"taxonomy":"product_tag","embeddable":true,"href":"https:\/\/zapateneo.net\/wordpress\/index.php\/wp-json\/wp\/v2\/product_tag?post=10987"}],"curies":[{"name":"wp","href":"https:\/\/api.w.org\/{rel}","templated":true}]}}