{"id":10986,"date":"2022-05-14T09:06:34","date_gmt":"2022-05-14T08:06:34","guid":{"rendered":"https:\/\/zapateneo.net\/wordpress\/?post_type=product&#038;p=10986"},"modified":"2022-05-14T09:06:40","modified_gmt":"2022-05-14T08:06:40","slug":"la-cultura-del-odio-un-periplo-por-la-dark-web-de-la-supermacia-blanca","status":"publish","type":"product","link":"https:\/\/zapateneo.net\/wordpress\/index.php\/producto\/la-cultura-del-odio-un-periplo-por-la-dark-web-de-la-supermacia-blanca\/","title":{"rendered":"LA CULTURA DEL ODIO Un periplo por la dark web de la supermac\u00eda blanca"},"content":{"rendered":"<p>Talia Lavin es la peor pesadilla de todo fascista: una joven jud\u00eda ruidosa y sin remordimientos, con los conocimientos de investigaci\u00f3n en l\u00ednea necesarios para poner al descubierto las t\u00e1cticas e ideolog\u00edas de los odiadores en l\u00ednea. Sin pelos en la lengua y sin concesiones, el debut de Lavin descubre los rincones ocultos de la red donde se re\u00fanen los extremistas, desde los nacionalistas blancos y los incels hasta los nacionalsocialistas y los Proud Boys.<\/p>\n<p>\u00bfLa cultura del odio? es la historia de c\u00f3mo Lavin, un objetivo frecuente de los trolls extremistas (incluidos los de Fox News), se sumergi\u00f3 en una cultura de odio en l\u00ednea bizantina y aprendi\u00f3 las complejidades de c\u00f3mo la supremac\u00eda blanca prolifera en l\u00ednea. En estas p\u00e1ginas revela a los extremistas que se esconden a la vista de todos en Internet: Incels. Nacionalistas blancos. Supremacistas blancos. Nacionalsocialistas. Proud Boys. Extremistas cristianos. En historias repletas de \u00abcatfishing\u00bb y \u00abgatecrashes\u00bb, combinadas con una investigaci\u00f3n exhaustiva y desgarradora, Lavin se infiltra como una rubia nazi y un incel desamparado en las comunidades extremistas en l\u00ednea, incluyendo un sitio de citas s\u00f3lo para blancos. Tambi\u00e9n descubre la red de j\u00f3venes extremistas inquietantes, incluido un canal de YouTube de supremac\u00eda blanca dirigido por una ni\u00f1a de 14 a\u00f1os con casi un mill\u00f3n de seguidores. En \u00faltima instancia, vuelve a poner el foco en el antisemitismo, el racismo y el poder de los blancos en un intento de desmantelar y aplastar los cismas del movimiento de odio en l\u00ednea, las t\u00e1cticas de reclutamiento y la amenaza que representa para la pol\u00edtica y m\u00e1s all\u00e1. Impactante, provocador y humor\u00edstico a partes iguales, y con una actitud de no tomar prisioneros, \u00bfLa cultura del odio? explora algunas de las subculturas m\u00e1s viles de Internet y c\u00f3mo est\u00e1n haciendo todo lo posible por infiltrarse en la corriente principal. Y nos muestra c\u00f3mo podemos contraatacar.<\/p>\n","protected":false},"excerpt":{"rendered":"<p><strong>Talia Lavin<\/strong><br \/>\n9788412457889 &#8211; Capit\u00e1n Swing &#8211; 2021 &#8211; 256 p\u00e1ginas \/orri.<\/p>\n","protected":false},"featured_media":11008,"template":"","meta":[],"product_brand":[],"product_cat":[184,16],"product_tag":[102,5518],"class_list":{"0":"post-10986","1":"product","2":"type-product","3":"status-publish","4":"has-post-thumbnail","6":"product_cat-komunikazioa-comunicacion","7":"product_cat-libros","8":"product_tag-capitan-swing","9":"product_tag-talia-lavin","11":"first","12":"instock","13":"sold-individually","14":"shipping-taxable","15":"purchasable","16":"product-type-simple"},"yoast_head":"<!-- This site is optimized with the Yoast SEO plugin v27.3 - https:\/\/yoast.com\/product\/yoast-seo-wordpress\/ -->\n<title>LA CULTURA DEL ODIO Un periplo por la dark web de la supermac\u00eda blanca &#8212; Zapateneo<\/title>\n<meta name=\"robots\" content=\"index, follow, max-snippet:-1, max-image-preview:large, max-video-preview:-1\" \/>\n<link rel=\"canonical\" href=\"https:\/\/zapateneo.net\/wordpress\/index.php\/producto\/la-cultura-del-odio-un-periplo-por-la-dark-web-de-la-supermacia-blanca\/\" \/>\n<meta property=\"og:locale\" content=\"es_ES\" \/>\n<meta property=\"og:type\" content=\"article\" \/>\n<meta property=\"og:title\" content=\"LA CULTURA DEL ODIO Un periplo por la dark web de la supermac\u00eda blanca &#8212; Zapateneo\" \/>\n<meta property=\"og:description\" content=\"Talia Lavin 9788412457889 - Capit\u00e1n Swing - 2021 - 256 p\u00e1ginas \/orri.\" \/>\n<meta property=\"og:url\" content=\"https:\/\/zapateneo.net\/wordpress\/index.php\/producto\/la-cultura-del-odio-un-periplo-por-la-dark-web-de-la-supermacia-blanca\/\" \/>\n<meta property=\"og:site_name\" content=\"Zapateneo\" \/>\n<meta property=\"article:modified_time\" content=\"2022-05-14T08:06:40+00:00\" \/>\n<meta name=\"twitter:card\" content=\"summary_large_image\" \/>\n<meta name=\"twitter:site\" content=\"@zapateneo\" \/>\n<meta name=\"twitter:label1\" content=\"Tiempo de lectura\" \/>\n\t<meta name=\"twitter:data1\" content=\"2 minutos\" \/>\n<script type=\"application\/ld+json\" class=\"yoast-schema-graph\">{\"@context\":\"https:\\\/\\\/schema.org\",\"@graph\":[{\"@type\":\"WebPage\",\"@id\":\"https:\\\/\\\/zapateneo.net\\\/wordpress\\\/index.php\\\/producto\\\/la-cultura-del-odio-un-periplo-por-la-dark-web-de-la-supermacia-blanca\\\/\",\"url\":\"https:\\\/\\\/zapateneo.net\\\/wordpress\\\/index.php\\\/producto\\\/la-cultura-del-odio-un-periplo-por-la-dark-web-de-la-supermacia-blanca\\\/\",\"name\":\"LA CULTURA DEL ODIO Un periplo por la dark web de la supermac\u00eda blanca &#8212; Zapateneo\",\"isPartOf\":{\"@id\":\"https:\\\/\\\/zapateneo.net\\\/wordpress\\\/#website\"},\"primaryImageOfPage\":{\"@id\":\"https:\\\/\\\/zapateneo.net\\\/wordpress\\\/index.php\\\/producto\\\/la-cultura-del-odio-un-periplo-por-la-dark-web-de-la-supermacia-blanca\\\/#primaryimage\"},\"image\":{\"@id\":\"https:\\\/\\\/zapateneo.net\\\/wordpress\\\/index.php\\\/producto\\\/la-cultura-del-odio-un-periplo-por-la-dark-web-de-la-supermacia-blanca\\\/#primaryimage\"},\"thumbnailUrl\":\"https:\\\/\\\/zapateneo.net\\\/wordpress\\\/wp-content\\\/uploads\\\/2022\\\/05\\\/9788412457889.png\",\"datePublished\":\"2022-05-14T08:06:34+00:00\",\"dateModified\":\"2022-05-14T08:06:40+00:00\",\"breadcrumb\":{\"@id\":\"https:\\\/\\\/zapateneo.net\\\/wordpress\\\/index.php\\\/producto\\\/la-cultura-del-odio-un-periplo-por-la-dark-web-de-la-supermacia-blanca\\\/#breadcrumb\"},\"inLanguage\":\"es\",\"potentialAction\":[{\"@type\":\"ReadAction\",\"target\":[\"https:\\\/\\\/zapateneo.net\\\/wordpress\\\/index.php\\\/producto\\\/la-cultura-del-odio-un-periplo-por-la-dark-web-de-la-supermacia-blanca\\\/\"]}]},{\"@type\":\"ImageObject\",\"inLanguage\":\"es\",\"@id\":\"https:\\\/\\\/zapateneo.net\\\/wordpress\\\/index.php\\\/producto\\\/la-cultura-del-odio-un-periplo-por-la-dark-web-de-la-supermacia-blanca\\\/#primaryimage\",\"url\":\"https:\\\/\\\/zapateneo.net\\\/wordpress\\\/wp-content\\\/uploads\\\/2022\\\/05\\\/9788412457889.png\",\"contentUrl\":\"https:\\\/\\\/zapateneo.net\\\/wordpress\\\/wp-content\\\/uploads\\\/2022\\\/05\\\/9788412457889.png\",\"width\":254,\"height\":400},{\"@type\":\"BreadcrumbList\",\"@id\":\"https:\\\/\\\/zapateneo.net\\\/wordpress\\\/index.php\\\/producto\\\/la-cultura-del-odio-un-periplo-por-la-dark-web-de-la-supermacia-blanca\\\/#breadcrumb\",\"itemListElement\":[{\"@type\":\"ListItem\",\"position\":1,\"name\":\"Portada\",\"item\":\"https:\\\/\\\/zapateneo.net\\\/wordpress\\\/\"},{\"@type\":\"ListItem\",\"position\":2,\"name\":\"Tienda\",\"item\":\"https:\\\/\\\/zapateneo.net\\\/wordpress\\\/\"},{\"@type\":\"ListItem\",\"position\":3,\"name\":\"LA CULTURA DEL ODIO Un periplo por la dark web de la supermac\u00eda blanca\"}]},{\"@type\":\"WebSite\",\"@id\":\"https:\\\/\\\/zapateneo.net\\\/wordpress\\\/#website\",\"url\":\"https:\\\/\\\/zapateneo.net\\\/wordpress\\\/\",\"name\":\"Zapateneo\",\"description\":\"Zapateneoaren webgunea\",\"publisher\":{\"@id\":\"https:\\\/\\\/zapateneo.net\\\/wordpress\\\/#organization\"},\"potentialAction\":[{\"@type\":\"SearchAction\",\"target\":{\"@type\":\"EntryPoint\",\"urlTemplate\":\"https:\\\/\\\/zapateneo.net\\\/wordpress\\\/?s={search_term_string}\"},\"query-input\":{\"@type\":\"PropertyValueSpecification\",\"valueRequired\":true,\"valueName\":\"search_term_string\"}}],\"inLanguage\":\"es\"},{\"@type\":\"Organization\",\"@id\":\"https:\\\/\\\/zapateneo.net\\\/wordpress\\\/#organization\",\"name\":\"Zapateneo Kultur Elkartea\",\"url\":\"https:\\\/\\\/zapateneo.net\\\/wordpress\\\/\",\"logo\":{\"@type\":\"ImageObject\",\"inLanguage\":\"es\",\"@id\":\"https:\\\/\\\/zapateneo.net\\\/wordpress\\\/#\\\/schema\\\/logo\\\/image\\\/\",\"url\":\"https:\\\/\\\/zapateneo.net\\\/wordpress\\\/wp-content\\\/uploads\\\/2021\\\/04\\\/zap-libu-kolec.jpg\",\"contentUrl\":\"https:\\\/\\\/zapateneo.net\\\/wordpress\\\/wp-content\\\/uploads\\\/2021\\\/04\\\/zap-libu-kolec.jpg\",\"width\":2234,\"height\":398,\"caption\":\"Zapateneo Kultur Elkartea\"},\"image\":{\"@id\":\"https:\\\/\\\/zapateneo.net\\\/wordpress\\\/#\\\/schema\\\/logo\\\/image\\\/\"},\"sameAs\":[\"https:\\\/\\\/x.com\\\/zapateneo\"]}]}<\/script>\n<!-- \/ Yoast SEO plugin. -->","yoast_head_json":{"title":"LA CULTURA DEL ODIO Un periplo por la dark web de la supermac\u00eda blanca &#8212; Zapateneo","robots":{"index":"index","follow":"follow","max-snippet":"max-snippet:-1","max-image-preview":"max-image-preview:large","max-video-preview":"max-video-preview:-1"},"canonical":"https:\/\/zapateneo.net\/wordpress\/index.php\/producto\/la-cultura-del-odio-un-periplo-por-la-dark-web-de-la-supermacia-blanca\/","og_locale":"es_ES","og_type":"article","og_title":"LA CULTURA DEL ODIO Un periplo por la dark web de la supermac\u00eda blanca &#8212; Zapateneo","og_description":"Talia Lavin 9788412457889 - Capit\u00e1n Swing - 2021 - 256 p\u00e1ginas \/orri.","og_url":"https:\/\/zapateneo.net\/wordpress\/index.php\/producto\/la-cultura-del-odio-un-periplo-por-la-dark-web-de-la-supermacia-blanca\/","og_site_name":"Zapateneo","article_modified_time":"2022-05-14T08:06:40+00:00","twitter_card":"summary_large_image","twitter_site":"@zapateneo","twitter_misc":{"Tiempo de lectura":"2 minutos"},"schema":{"@context":"https:\/\/schema.org","@graph":[{"@type":"WebPage","@id":"https:\/\/zapateneo.net\/wordpress\/index.php\/producto\/la-cultura-del-odio-un-periplo-por-la-dark-web-de-la-supermacia-blanca\/","url":"https:\/\/zapateneo.net\/wordpress\/index.php\/producto\/la-cultura-del-odio-un-periplo-por-la-dark-web-de-la-supermacia-blanca\/","name":"LA CULTURA DEL ODIO Un periplo por la dark web de la supermac\u00eda blanca &#8212; Zapateneo","isPartOf":{"@id":"https:\/\/zapateneo.net\/wordpress\/#website"},"primaryImageOfPage":{"@id":"https:\/\/zapateneo.net\/wordpress\/index.php\/producto\/la-cultura-del-odio-un-periplo-por-la-dark-web-de-la-supermacia-blanca\/#primaryimage"},"image":{"@id":"https:\/\/zapateneo.net\/wordpress\/index.php\/producto\/la-cultura-del-odio-un-periplo-por-la-dark-web-de-la-supermacia-blanca\/#primaryimage"},"thumbnailUrl":"https:\/\/zapateneo.net\/wordpress\/wp-content\/uploads\/2022\/05\/9788412457889.png","datePublished":"2022-05-14T08:06:34+00:00","dateModified":"2022-05-14T08:06:40+00:00","breadcrumb":{"@id":"https:\/\/zapateneo.net\/wordpress\/index.php\/producto\/la-cultura-del-odio-un-periplo-por-la-dark-web-de-la-supermacia-blanca\/#breadcrumb"},"inLanguage":"es","potentialAction":[{"@type":"ReadAction","target":["https:\/\/zapateneo.net\/wordpress\/index.php\/producto\/la-cultura-del-odio-un-periplo-por-la-dark-web-de-la-supermacia-blanca\/"]}]},{"@type":"ImageObject","inLanguage":"es","@id":"https:\/\/zapateneo.net\/wordpress\/index.php\/producto\/la-cultura-del-odio-un-periplo-por-la-dark-web-de-la-supermacia-blanca\/#primaryimage","url":"https:\/\/zapateneo.net\/wordpress\/wp-content\/uploads\/2022\/05\/9788412457889.png","contentUrl":"https:\/\/zapateneo.net\/wordpress\/wp-content\/uploads\/2022\/05\/9788412457889.png","width":254,"height":400},{"@type":"BreadcrumbList","@id":"https:\/\/zapateneo.net\/wordpress\/index.php\/producto\/la-cultura-del-odio-un-periplo-por-la-dark-web-de-la-supermacia-blanca\/#breadcrumb","itemListElement":[{"@type":"ListItem","position":1,"name":"Portada","item":"https:\/\/zapateneo.net\/wordpress\/"},{"@type":"ListItem","position":2,"name":"Tienda","item":"https:\/\/zapateneo.net\/wordpress\/"},{"@type":"ListItem","position":3,"name":"LA CULTURA DEL ODIO Un periplo por la dark web de la supermac\u00eda blanca"}]},{"@type":"WebSite","@id":"https:\/\/zapateneo.net\/wordpress\/#website","url":"https:\/\/zapateneo.net\/wordpress\/","name":"Zapateneo","description":"Zapateneoaren webgunea","publisher":{"@id":"https:\/\/zapateneo.net\/wordpress\/#organization"},"potentialAction":[{"@type":"SearchAction","target":{"@type":"EntryPoint","urlTemplate":"https:\/\/zapateneo.net\/wordpress\/?s={search_term_string}"},"query-input":{"@type":"PropertyValueSpecification","valueRequired":true,"valueName":"search_term_string"}}],"inLanguage":"es"},{"@type":"Organization","@id":"https:\/\/zapateneo.net\/wordpress\/#organization","name":"Zapateneo Kultur Elkartea","url":"https:\/\/zapateneo.net\/wordpress\/","logo":{"@type":"ImageObject","inLanguage":"es","@id":"https:\/\/zapateneo.net\/wordpress\/#\/schema\/logo\/image\/","url":"https:\/\/zapateneo.net\/wordpress\/wp-content\/uploads\/2021\/04\/zap-libu-kolec.jpg","contentUrl":"https:\/\/zapateneo.net\/wordpress\/wp-content\/uploads\/2021\/04\/zap-libu-kolec.jpg","width":2234,"height":398,"caption":"Zapateneo Kultur Elkartea"},"image":{"@id":"https:\/\/zapateneo.net\/wordpress\/#\/schema\/logo\/image\/"},"sameAs":["https:\/\/x.com\/zapateneo"]}]}},"_links":{"self":[{"href":"https:\/\/zapateneo.net\/wordpress\/index.php\/wp-json\/wp\/v2\/product\/10986","targetHints":{"allow":["GET"]}}],"collection":[{"href":"https:\/\/zapateneo.net\/wordpress\/index.php\/wp-json\/wp\/v2\/product"}],"about":[{"href":"https:\/\/zapateneo.net\/wordpress\/index.php\/wp-json\/wp\/v2\/types\/product"}],"wp:featuredmedia":[{"embeddable":true,"href":"https:\/\/zapateneo.net\/wordpress\/index.php\/wp-json\/wp\/v2\/media\/11008"}],"wp:attachment":[{"href":"https:\/\/zapateneo.net\/wordpress\/index.php\/wp-json\/wp\/v2\/media?parent=10986"}],"wp:term":[{"taxonomy":"product_brand","embeddable":true,"href":"https:\/\/zapateneo.net\/wordpress\/index.php\/wp-json\/wp\/v2\/product_brand?post=10986"},{"taxonomy":"product_cat","embeddable":true,"href":"https:\/\/zapateneo.net\/wordpress\/index.php\/wp-json\/wp\/v2\/product_cat?post=10986"},{"taxonomy":"product_tag","embeddable":true,"href":"https:\/\/zapateneo.net\/wordpress\/index.php\/wp-json\/wp\/v2\/product_tag?post=10986"}],"curies":[{"name":"wp","href":"https:\/\/api.w.org\/{rel}","templated":true}]}}