{"id":10944,"date":"2022-05-08T18:40:47","date_gmt":"2022-05-08T17:40:47","guid":{"rendered":"https:\/\/zapateneo.net\/wordpress\/?post_type=product&#038;p=10944"},"modified":"2022-05-08T18:41:05","modified_gmt":"2022-05-08T17:41:05","slug":"la-destruccion-creadora-antologia-anarcofuturista-del-octubre-rojo","status":"publish","type":"product","link":"https:\/\/zapateneo.net\/wordpress\/index.php\/producto\/la-destruccion-creadora-antologia-anarcofuturista-del-octubre-rojo\/","title":{"rendered":"LA DESTRUCCION CREADORA ANTOLOGIA ANARCOFUTURISTA DEL OCTUBRE ROJO"},"content":{"rendered":"<p>En el peri\u00f3dico Anarqu\u00eda, publicado por la Federaci\u00f3n Moscovita de Grupos Anarquistas, firmaron numerosos manifiestos y art\u00edculos los principales artistas anarquistas, como Mal\u00e9vich o R\u00f3dchenko, entre muchos otros. Incluso denunciaron a Maiakovski como \u00abpoco anarquista\u00bb. El anarcofuturismo en Rusia era dada\u00edsta, veneraba al anarcoindividualismo de Stirner, la idea de que \u00abel placer de la destrucci\u00f3n es tambi\u00e9n un placer creativo\u00bb defendida por Bakunin y el principio de \u00abla propiedad es un robo\u00bb de Proudhon. Desde las p\u00e1ginas incendiarias del peri\u00f3dico se hac\u00edan llamamientos a destruir los monumentos y el arte oficial: \u00ab\u00a1Haz explotar en pedazos los fr\u00e1giles \u00eddolos de la civilizaci\u00f3n!\u00bb, proclamaron.<\/p>\n<p>En la noche del 12 de abril de 1918 la Cheka irrumpi\u00f3 en los numerosos centros anarquistas existentes en Mosc\u00fa, incluyendo la famosa \u00abCasa de la Anarqu\u00eda\u00bb, desde donde se editaba Anarqu\u00eda. Los bolcheviques, para aplastarlos, usaron tanques y coches blindados. Sin embargo, las Guardias Negras libertarias, con las armas en la mano, se enfrentaron a ellos. Cerca de cuarenta resultaron muertos o heridos, medio millar acab\u00f3 entre rejas y una docena de agentes muri\u00f3 en los combates. Anarqu\u00eda, ya clandestino, emiti\u00f3 una hist\u00f3rica declaraci\u00f3n alentando al inicio de la lucha armada contra los bolcheviques. La dinamita, por fin, \u00abhablar\u00eda\u00bb.<\/p>\n<p>En La destrucci\u00f3n creadora. Antolog\u00eda anarcofuturista del Octubre Rojo, en una edici\u00f3n dirigida por Olga Bur\u00e9nina-Petrova, la mayor especialista en las facciones disidentes del futurismo, se recogen los ensayos y manifiestos de Kazimir Mal\u00e9vich, Alexandr R\u00f3dchenko, Olga Roz\u00e1nova, Nadezhda Udaltsova y Alex\u00e9i Morgunov -nunca antes publicados en otro idioma que no fuese el ruso- que vieron la luz en Anarqu\u00eda, legendario portavoz del anarquismo antes de que este fuese aplastado por el autoritarismo de una revoluci\u00f3n que se traicionaba a s\u00ed misma. Bajo la imagen del cuadrado negro suprematista, s\u00edmbolo del porvenir, Mal\u00e9vich afirmar\u00e1: \u00abLa bandera de la anarqu\u00eda es la bandera de nuestro &#8216;yo&#8217;, y nuestro esp\u00edritu, como el viento libre, empieza a ondear nuestro yo creador en los vastos espacios del alma\u00bb.<\/p>\n","protected":false},"excerpt":{"rendered":"<p><strong>varios autores<\/strong><br \/>\n9788412466911 &#8211; LA FELGUERA &#8211; 2022 &#8211; 268 p\u00e1ginas \/orri.<\/p>\n","protected":false},"featured_media":10975,"template":"","meta":[],"product_brand":[],"product_cat":[1868,16],"product_tag":[582],"class_list":{"0":"post-10944","1":"product","2":"type-product","3":"status-publish","4":"has-post-thumbnail","6":"product_cat-anarkismoa-anarquismo","7":"product_cat-libros","8":"product_tag-la-felguera","10":"first","11":"instock","12":"sold-individually","13":"shipping-taxable","14":"purchasable","15":"product-type-simple"},"yoast_head":"<!-- This site is optimized with the Yoast SEO plugin v27.3 - https:\/\/yoast.com\/product\/yoast-seo-wordpress\/ -->\n<title>LA DESTRUCCION CREADORA ANTOLOGIA ANARCOFUTURISTA DEL OCTUBRE ROJO &#8212; Zapateneo<\/title>\n<meta name=\"robots\" content=\"index, follow, max-snippet:-1, max-image-preview:large, max-video-preview:-1\" \/>\n<link rel=\"canonical\" href=\"https:\/\/zapateneo.net\/wordpress\/index.php\/producto\/la-destruccion-creadora-antologia-anarcofuturista-del-octubre-rojo\/\" \/>\n<meta property=\"og:locale\" content=\"es_ES\" \/>\n<meta property=\"og:type\" content=\"article\" \/>\n<meta property=\"og:title\" content=\"LA DESTRUCCION CREADORA ANTOLOGIA ANARCOFUTURISTA DEL OCTUBRE ROJO &#8212; Zapateneo\" \/>\n<meta property=\"og:description\" content=\"varios autores 9788412466911 - LA FELGUERA - 2022 - 268 p\u00e1ginas \/orri.\" \/>\n<meta property=\"og:url\" content=\"https:\/\/zapateneo.net\/wordpress\/index.php\/producto\/la-destruccion-creadora-antologia-anarcofuturista-del-octubre-rojo\/\" \/>\n<meta property=\"og:site_name\" content=\"Zapateneo\" \/>\n<meta property=\"article:modified_time\" content=\"2022-05-08T17:41:05+00:00\" \/>\n<meta name=\"twitter:card\" content=\"summary_large_image\" \/>\n<meta name=\"twitter:site\" content=\"@zapateneo\" \/>\n<meta name=\"twitter:label1\" content=\"Tiempo de lectura\" \/>\n\t<meta name=\"twitter:data1\" content=\"2 minutos\" \/>\n<script type=\"application\/ld+json\" class=\"yoast-schema-graph\">{\"@context\":\"https:\\\/\\\/schema.org\",\"@graph\":[{\"@type\":\"WebPage\",\"@id\":\"https:\\\/\\\/zapateneo.net\\\/wordpress\\\/index.php\\\/producto\\\/la-destruccion-creadora-antologia-anarcofuturista-del-octubre-rojo\\\/\",\"url\":\"https:\\\/\\\/zapateneo.net\\\/wordpress\\\/index.php\\\/producto\\\/la-destruccion-creadora-antologia-anarcofuturista-del-octubre-rojo\\\/\",\"name\":\"LA DESTRUCCION CREADORA ANTOLOGIA ANARCOFUTURISTA DEL OCTUBRE ROJO &#8212; Zapateneo\",\"isPartOf\":{\"@id\":\"https:\\\/\\\/zapateneo.net\\\/wordpress\\\/#website\"},\"primaryImageOfPage\":{\"@id\":\"https:\\\/\\\/zapateneo.net\\\/wordpress\\\/index.php\\\/producto\\\/la-destruccion-creadora-antologia-anarcofuturista-del-octubre-rojo\\\/#primaryimage\"},\"image\":{\"@id\":\"https:\\\/\\\/zapateneo.net\\\/wordpress\\\/index.php\\\/producto\\\/la-destruccion-creadora-antologia-anarcofuturista-del-octubre-rojo\\\/#primaryimage\"},\"thumbnailUrl\":\"https:\\\/\\\/zapateneo.net\\\/wordpress\\\/wp-content\\\/uploads\\\/2022\\\/05\\\/destr.gif\",\"datePublished\":\"2022-05-08T17:40:47+00:00\",\"dateModified\":\"2022-05-08T17:41:05+00:00\",\"breadcrumb\":{\"@id\":\"https:\\\/\\\/zapateneo.net\\\/wordpress\\\/index.php\\\/producto\\\/la-destruccion-creadora-antologia-anarcofuturista-del-octubre-rojo\\\/#breadcrumb\"},\"inLanguage\":\"es\",\"potentialAction\":[{\"@type\":\"ReadAction\",\"target\":[\"https:\\\/\\\/zapateneo.net\\\/wordpress\\\/index.php\\\/producto\\\/la-destruccion-creadora-antologia-anarcofuturista-del-octubre-rojo\\\/\"]}]},{\"@type\":\"ImageObject\",\"inLanguage\":\"es\",\"@id\":\"https:\\\/\\\/zapateneo.net\\\/wordpress\\\/index.php\\\/producto\\\/la-destruccion-creadora-antologia-anarcofuturista-del-octubre-rojo\\\/#primaryimage\",\"url\":\"https:\\\/\\\/zapateneo.net\\\/wordpress\\\/wp-content\\\/uploads\\\/2022\\\/05\\\/destr.gif\",\"contentUrl\":\"https:\\\/\\\/zapateneo.net\\\/wordpress\\\/wp-content\\\/uploads\\\/2022\\\/05\\\/destr.gif\",\"width\":100,\"height\":150},{\"@type\":\"BreadcrumbList\",\"@id\":\"https:\\\/\\\/zapateneo.net\\\/wordpress\\\/index.php\\\/producto\\\/la-destruccion-creadora-antologia-anarcofuturista-del-octubre-rojo\\\/#breadcrumb\",\"itemListElement\":[{\"@type\":\"ListItem\",\"position\":1,\"name\":\"Portada\",\"item\":\"https:\\\/\\\/zapateneo.net\\\/wordpress\\\/\"},{\"@type\":\"ListItem\",\"position\":2,\"name\":\"Tienda\",\"item\":\"https:\\\/\\\/zapateneo.net\\\/wordpress\\\/\"},{\"@type\":\"ListItem\",\"position\":3,\"name\":\"LA DESTRUCCION CREADORA ANTOLOGIA ANARCOFUTURISTA DEL OCTUBRE ROJO\"}]},{\"@type\":\"WebSite\",\"@id\":\"https:\\\/\\\/zapateneo.net\\\/wordpress\\\/#website\",\"url\":\"https:\\\/\\\/zapateneo.net\\\/wordpress\\\/\",\"name\":\"Zapateneo\",\"description\":\"Zapateneoaren webgunea\",\"publisher\":{\"@id\":\"https:\\\/\\\/zapateneo.net\\\/wordpress\\\/#organization\"},\"potentialAction\":[{\"@type\":\"SearchAction\",\"target\":{\"@type\":\"EntryPoint\",\"urlTemplate\":\"https:\\\/\\\/zapateneo.net\\\/wordpress\\\/?s={search_term_string}\"},\"query-input\":{\"@type\":\"PropertyValueSpecification\",\"valueRequired\":true,\"valueName\":\"search_term_string\"}}],\"inLanguage\":\"es\"},{\"@type\":\"Organization\",\"@id\":\"https:\\\/\\\/zapateneo.net\\\/wordpress\\\/#organization\",\"name\":\"Zapateneo Kultur Elkartea\",\"url\":\"https:\\\/\\\/zapateneo.net\\\/wordpress\\\/\",\"logo\":{\"@type\":\"ImageObject\",\"inLanguage\":\"es\",\"@id\":\"https:\\\/\\\/zapateneo.net\\\/wordpress\\\/#\\\/schema\\\/logo\\\/image\\\/\",\"url\":\"https:\\\/\\\/zapateneo.net\\\/wordpress\\\/wp-content\\\/uploads\\\/2021\\\/04\\\/zap-libu-kolec.jpg\",\"contentUrl\":\"https:\\\/\\\/zapateneo.net\\\/wordpress\\\/wp-content\\\/uploads\\\/2021\\\/04\\\/zap-libu-kolec.jpg\",\"width\":2234,\"height\":398,\"caption\":\"Zapateneo Kultur Elkartea\"},\"image\":{\"@id\":\"https:\\\/\\\/zapateneo.net\\\/wordpress\\\/#\\\/schema\\\/logo\\\/image\\\/\"},\"sameAs\":[\"https:\\\/\\\/x.com\\\/zapateneo\"]}]}<\/script>\n<!-- \/ Yoast SEO plugin. -->","yoast_head_json":{"title":"LA DESTRUCCION CREADORA ANTOLOGIA ANARCOFUTURISTA DEL OCTUBRE ROJO &#8212; Zapateneo","robots":{"index":"index","follow":"follow","max-snippet":"max-snippet:-1","max-image-preview":"max-image-preview:large","max-video-preview":"max-video-preview:-1"},"canonical":"https:\/\/zapateneo.net\/wordpress\/index.php\/producto\/la-destruccion-creadora-antologia-anarcofuturista-del-octubre-rojo\/","og_locale":"es_ES","og_type":"article","og_title":"LA DESTRUCCION CREADORA ANTOLOGIA ANARCOFUTURISTA DEL OCTUBRE ROJO &#8212; Zapateneo","og_description":"varios autores 9788412466911 - LA FELGUERA - 2022 - 268 p\u00e1ginas \/orri.","og_url":"https:\/\/zapateneo.net\/wordpress\/index.php\/producto\/la-destruccion-creadora-antologia-anarcofuturista-del-octubre-rojo\/","og_site_name":"Zapateneo","article_modified_time":"2022-05-08T17:41:05+00:00","twitter_card":"summary_large_image","twitter_site":"@zapateneo","twitter_misc":{"Tiempo de lectura":"2 minutos"},"schema":{"@context":"https:\/\/schema.org","@graph":[{"@type":"WebPage","@id":"https:\/\/zapateneo.net\/wordpress\/index.php\/producto\/la-destruccion-creadora-antologia-anarcofuturista-del-octubre-rojo\/","url":"https:\/\/zapateneo.net\/wordpress\/index.php\/producto\/la-destruccion-creadora-antologia-anarcofuturista-del-octubre-rojo\/","name":"LA DESTRUCCION CREADORA ANTOLOGIA ANARCOFUTURISTA DEL OCTUBRE ROJO &#8212; Zapateneo","isPartOf":{"@id":"https:\/\/zapateneo.net\/wordpress\/#website"},"primaryImageOfPage":{"@id":"https:\/\/zapateneo.net\/wordpress\/index.php\/producto\/la-destruccion-creadora-antologia-anarcofuturista-del-octubre-rojo\/#primaryimage"},"image":{"@id":"https:\/\/zapateneo.net\/wordpress\/index.php\/producto\/la-destruccion-creadora-antologia-anarcofuturista-del-octubre-rojo\/#primaryimage"},"thumbnailUrl":"https:\/\/zapateneo.net\/wordpress\/wp-content\/uploads\/2022\/05\/destr.gif","datePublished":"2022-05-08T17:40:47+00:00","dateModified":"2022-05-08T17:41:05+00:00","breadcrumb":{"@id":"https:\/\/zapateneo.net\/wordpress\/index.php\/producto\/la-destruccion-creadora-antologia-anarcofuturista-del-octubre-rojo\/#breadcrumb"},"inLanguage":"es","potentialAction":[{"@type":"ReadAction","target":["https:\/\/zapateneo.net\/wordpress\/index.php\/producto\/la-destruccion-creadora-antologia-anarcofuturista-del-octubre-rojo\/"]}]},{"@type":"ImageObject","inLanguage":"es","@id":"https:\/\/zapateneo.net\/wordpress\/index.php\/producto\/la-destruccion-creadora-antologia-anarcofuturista-del-octubre-rojo\/#primaryimage","url":"https:\/\/zapateneo.net\/wordpress\/wp-content\/uploads\/2022\/05\/destr.gif","contentUrl":"https:\/\/zapateneo.net\/wordpress\/wp-content\/uploads\/2022\/05\/destr.gif","width":100,"height":150},{"@type":"BreadcrumbList","@id":"https:\/\/zapateneo.net\/wordpress\/index.php\/producto\/la-destruccion-creadora-antologia-anarcofuturista-del-octubre-rojo\/#breadcrumb","itemListElement":[{"@type":"ListItem","position":1,"name":"Portada","item":"https:\/\/zapateneo.net\/wordpress\/"},{"@type":"ListItem","position":2,"name":"Tienda","item":"https:\/\/zapateneo.net\/wordpress\/"},{"@type":"ListItem","position":3,"name":"LA DESTRUCCION CREADORA ANTOLOGIA ANARCOFUTURISTA DEL OCTUBRE ROJO"}]},{"@type":"WebSite","@id":"https:\/\/zapateneo.net\/wordpress\/#website","url":"https:\/\/zapateneo.net\/wordpress\/","name":"Zapateneo","description":"Zapateneoaren webgunea","publisher":{"@id":"https:\/\/zapateneo.net\/wordpress\/#organization"},"potentialAction":[{"@type":"SearchAction","target":{"@type":"EntryPoint","urlTemplate":"https:\/\/zapateneo.net\/wordpress\/?s={search_term_string}"},"query-input":{"@type":"PropertyValueSpecification","valueRequired":true,"valueName":"search_term_string"}}],"inLanguage":"es"},{"@type":"Organization","@id":"https:\/\/zapateneo.net\/wordpress\/#organization","name":"Zapateneo Kultur Elkartea","url":"https:\/\/zapateneo.net\/wordpress\/","logo":{"@type":"ImageObject","inLanguage":"es","@id":"https:\/\/zapateneo.net\/wordpress\/#\/schema\/logo\/image\/","url":"https:\/\/zapateneo.net\/wordpress\/wp-content\/uploads\/2021\/04\/zap-libu-kolec.jpg","contentUrl":"https:\/\/zapateneo.net\/wordpress\/wp-content\/uploads\/2021\/04\/zap-libu-kolec.jpg","width":2234,"height":398,"caption":"Zapateneo Kultur Elkartea"},"image":{"@id":"https:\/\/zapateneo.net\/wordpress\/#\/schema\/logo\/image\/"},"sameAs":["https:\/\/x.com\/zapateneo"]}]}},"_links":{"self":[{"href":"https:\/\/zapateneo.net\/wordpress\/index.php\/wp-json\/wp\/v2\/product\/10944","targetHints":{"allow":["GET"]}}],"collection":[{"href":"https:\/\/zapateneo.net\/wordpress\/index.php\/wp-json\/wp\/v2\/product"}],"about":[{"href":"https:\/\/zapateneo.net\/wordpress\/index.php\/wp-json\/wp\/v2\/types\/product"}],"wp:featuredmedia":[{"embeddable":true,"href":"https:\/\/zapateneo.net\/wordpress\/index.php\/wp-json\/wp\/v2\/media\/10975"}],"wp:attachment":[{"href":"https:\/\/zapateneo.net\/wordpress\/index.php\/wp-json\/wp\/v2\/media?parent=10944"}],"wp:term":[{"taxonomy":"product_brand","embeddable":true,"href":"https:\/\/zapateneo.net\/wordpress\/index.php\/wp-json\/wp\/v2\/product_brand?post=10944"},{"taxonomy":"product_cat","embeddable":true,"href":"https:\/\/zapateneo.net\/wordpress\/index.php\/wp-json\/wp\/v2\/product_cat?post=10944"},{"taxonomy":"product_tag","embeddable":true,"href":"https:\/\/zapateneo.net\/wordpress\/index.php\/wp-json\/wp\/v2\/product_tag?post=10944"}],"curies":[{"name":"wp","href":"https:\/\/api.w.org\/{rel}","templated":true}]}}