{"id":10938,"date":"2022-05-08T18:40:46","date_gmt":"2022-05-08T17:40:46","guid":{"rendered":"https:\/\/zapateneo.net\/wordpress\/?post_type=product&#038;p=10938"},"modified":"2022-05-08T18:41:01","modified_gmt":"2022-05-08T17:41:01","slug":"el-nino-que-no-fui-infancia-adolescencia-y-adultez-lgtb","status":"publish","type":"product","link":"https:\/\/zapateneo.net\/wordpress\/index.php\/producto\/el-nino-que-no-fui-infancia-adolescencia-y-adultez-lgtb\/","title":{"rendered":"El ni\u00f1o que no fui Infancia, adolescencia y adultez LGTB"},"content":{"rendered":"<p>Hay una vivencia bastante com\u00fan entre las personas que pertenecemos al colectivo LGTB y es que muchas de nosotras vivimos nuestras infancias y adolescencias a la sombra de los ni\u00f1os y ni\u00f1as que no fuimos.<\/p>\n<p>El ni\u00f1o que no fui es esa persona que todo el mundo esperaba que fuese. Es el ni\u00f1o normativo, ajustado a las expectativas de un mundo que ya ten\u00eda pensado c\u00f3mo deb\u00eda ser por el mero hecho de haber nacido con un determinado cuerpo en una determinada sociedad. Es el ni\u00f1o que habr\u00eda podido vivir su infancia de forma tranquila, aceptado y respetado por los dem\u00e1s chavales, el que no habr\u00eda preocupado a su familia, el que podr\u00eda haberse desarrollado al mismo ritmo que el resto.<\/p>\n<p>Este libro es un viaje. Una historia acerca de relaciones familiares y sociales en una vida queer. De supervivencia contra la LGTBfobia. Y es un intento de responder algunas preguntas:<\/p>\n<p>\u00bfC\u00f3mo nos ha afectado a los adultos LGTB que somos no haber sido los ni\u00f1os que se esperaba que fu\u00e9ramos?<\/p>\n<p>\u00bfQu\u00e9 me habr\u00eda gustado saber cuando era un adolescente que comenzaba a descubrir su orientaci\u00f3n sexual y su forma de expresarse?<\/p>\n<p>\u00bfQu\u00e9 podr\u00edamos hacer saber a ni\u00f1os, padres y a toda la sociedad para cambiar, poco a poco, la vida de miles de personas LGTB?<\/p>\n","protected":false},"excerpt":{"rendered":"<p><strong>Daniel Valero (Tigrillo)<\/strong><br \/>\n9788418501609 &#8211; EGALES &#8211; 2022 &#8211; 260 p\u00e1ginas \/orri.<\/p>\n","protected":false},"featured_media":10967,"template":"","meta":[],"product_brand":[],"product_cat":[174,16],"product_tag":[5505,1199],"class_list":{"0":"post-10938","1":"product","2":"type-product","3":"status-publish","4":"has-post-thumbnail","6":"product_cat-generoak-generos","7":"product_cat-libros","8":"product_tag-daniel-valero-tigrillo","9":"product_tag-egales","11":"first","12":"instock","13":"sold-individually","14":"shipping-taxable","15":"purchasable","16":"product-type-simple"},"yoast_head":"<!-- This site is optimized with the Yoast SEO plugin v27.3 - https:\/\/yoast.com\/product\/yoast-seo-wordpress\/ -->\n<title>El ni\u00f1o que no fui Infancia, adolescencia y adultez LGTB &#8212; Zapateneo<\/title>\n<meta name=\"robots\" content=\"index, follow, max-snippet:-1, max-image-preview:large, max-video-preview:-1\" \/>\n<link rel=\"canonical\" href=\"https:\/\/zapateneo.net\/wordpress\/index.php\/producto\/el-nino-que-no-fui-infancia-adolescencia-y-adultez-lgtb\/\" \/>\n<meta property=\"og:locale\" content=\"es_ES\" \/>\n<meta property=\"og:type\" content=\"article\" \/>\n<meta property=\"og:title\" content=\"El ni\u00f1o que no fui Infancia, adolescencia y adultez LGTB &#8212; Zapateneo\" \/>\n<meta property=\"og:description\" content=\"Daniel Valero (Tigrillo) 9788418501609 - EGALES - 2022 - 260 p\u00e1ginas \/orri.\" \/>\n<meta property=\"og:url\" content=\"https:\/\/zapateneo.net\/wordpress\/index.php\/producto\/el-nino-que-no-fui-infancia-adolescencia-y-adultez-lgtb\/\" \/>\n<meta property=\"og:site_name\" content=\"Zapateneo\" \/>\n<meta property=\"article:modified_time\" content=\"2022-05-08T17:41:01+00:00\" \/>\n<meta name=\"twitter:card\" content=\"summary_large_image\" \/>\n<meta name=\"twitter:site\" content=\"@zapateneo\" \/>\n<meta name=\"twitter:label1\" content=\"Tiempo de lectura\" \/>\n\t<meta name=\"twitter:data1\" content=\"1 minuto\" \/>\n<script type=\"application\/ld+json\" class=\"yoast-schema-graph\">{\"@context\":\"https:\\\/\\\/schema.org\",\"@graph\":[{\"@type\":\"WebPage\",\"@id\":\"https:\\\/\\\/zapateneo.net\\\/wordpress\\\/index.php\\\/producto\\\/el-nino-que-no-fui-infancia-adolescencia-y-adultez-lgtb\\\/\",\"url\":\"https:\\\/\\\/zapateneo.net\\\/wordpress\\\/index.php\\\/producto\\\/el-nino-que-no-fui-infancia-adolescencia-y-adultez-lgtb\\\/\",\"name\":\"El ni\u00f1o que no fui Infancia, adolescencia y adultez LGTB &#8212; Zapateneo\",\"isPartOf\":{\"@id\":\"https:\\\/\\\/zapateneo.net\\\/wordpress\\\/#website\"},\"primaryImageOfPage\":{\"@id\":\"https:\\\/\\\/zapateneo.net\\\/wordpress\\\/index.php\\\/producto\\\/el-nino-que-no-fui-infancia-adolescencia-y-adultez-lgtb\\\/#primaryimage\"},\"image\":{\"@id\":\"https:\\\/\\\/zapateneo.net\\\/wordpress\\\/index.php\\\/producto\\\/el-nino-que-no-fui-infancia-adolescencia-y-adultez-lgtb\\\/#primaryimage\"},\"thumbnailUrl\":\"https:\\\/\\\/zapateneo.net\\\/wordpress\\\/wp-content\\\/uploads\\\/2022\\\/05\\\/el-nino-que-no-fui_978-84-18501-60-9.png\",\"datePublished\":\"2022-05-08T17:40:46+00:00\",\"dateModified\":\"2022-05-08T17:41:01+00:00\",\"breadcrumb\":{\"@id\":\"https:\\\/\\\/zapateneo.net\\\/wordpress\\\/index.php\\\/producto\\\/el-nino-que-no-fui-infancia-adolescencia-y-adultez-lgtb\\\/#breadcrumb\"},\"inLanguage\":\"es\",\"potentialAction\":[{\"@type\":\"ReadAction\",\"target\":[\"https:\\\/\\\/zapateneo.net\\\/wordpress\\\/index.php\\\/producto\\\/el-nino-que-no-fui-infancia-adolescencia-y-adultez-lgtb\\\/\"]}]},{\"@type\":\"ImageObject\",\"inLanguage\":\"es\",\"@id\":\"https:\\\/\\\/zapateneo.net\\\/wordpress\\\/index.php\\\/producto\\\/el-nino-que-no-fui-infancia-adolescencia-y-adultez-lgtb\\\/#primaryimage\",\"url\":\"https:\\\/\\\/zapateneo.net\\\/wordpress\\\/wp-content\\\/uploads\\\/2022\\\/05\\\/el-nino-que-no-fui_978-84-18501-60-9.png\",\"contentUrl\":\"https:\\\/\\\/zapateneo.net\\\/wordpress\\\/wp-content\\\/uploads\\\/2022\\\/05\\\/el-nino-que-no-fui_978-84-18501-60-9.png\",\"width\":285,\"height\":400},{\"@type\":\"BreadcrumbList\",\"@id\":\"https:\\\/\\\/zapateneo.net\\\/wordpress\\\/index.php\\\/producto\\\/el-nino-que-no-fui-infancia-adolescencia-y-adultez-lgtb\\\/#breadcrumb\",\"itemListElement\":[{\"@type\":\"ListItem\",\"position\":1,\"name\":\"Portada\",\"item\":\"https:\\\/\\\/zapateneo.net\\\/wordpress\\\/\"},{\"@type\":\"ListItem\",\"position\":2,\"name\":\"Tienda\",\"item\":\"https:\\\/\\\/zapateneo.net\\\/wordpress\\\/\"},{\"@type\":\"ListItem\",\"position\":3,\"name\":\"El ni\u00f1o que no fui Infancia, adolescencia y adultez LGTB\"}]},{\"@type\":\"WebSite\",\"@id\":\"https:\\\/\\\/zapateneo.net\\\/wordpress\\\/#website\",\"url\":\"https:\\\/\\\/zapateneo.net\\\/wordpress\\\/\",\"name\":\"Zapateneo\",\"description\":\"Zapateneoaren webgunea\",\"publisher\":{\"@id\":\"https:\\\/\\\/zapateneo.net\\\/wordpress\\\/#organization\"},\"potentialAction\":[{\"@type\":\"SearchAction\",\"target\":{\"@type\":\"EntryPoint\",\"urlTemplate\":\"https:\\\/\\\/zapateneo.net\\\/wordpress\\\/?s={search_term_string}\"},\"query-input\":{\"@type\":\"PropertyValueSpecification\",\"valueRequired\":true,\"valueName\":\"search_term_string\"}}],\"inLanguage\":\"es\"},{\"@type\":\"Organization\",\"@id\":\"https:\\\/\\\/zapateneo.net\\\/wordpress\\\/#organization\",\"name\":\"Zapateneo Kultur Elkartea\",\"url\":\"https:\\\/\\\/zapateneo.net\\\/wordpress\\\/\",\"logo\":{\"@type\":\"ImageObject\",\"inLanguage\":\"es\",\"@id\":\"https:\\\/\\\/zapateneo.net\\\/wordpress\\\/#\\\/schema\\\/logo\\\/image\\\/\",\"url\":\"https:\\\/\\\/zapateneo.net\\\/wordpress\\\/wp-content\\\/uploads\\\/2021\\\/04\\\/zap-libu-kolec.jpg\",\"contentUrl\":\"https:\\\/\\\/zapateneo.net\\\/wordpress\\\/wp-content\\\/uploads\\\/2021\\\/04\\\/zap-libu-kolec.jpg\",\"width\":2234,\"height\":398,\"caption\":\"Zapateneo Kultur Elkartea\"},\"image\":{\"@id\":\"https:\\\/\\\/zapateneo.net\\\/wordpress\\\/#\\\/schema\\\/logo\\\/image\\\/\"},\"sameAs\":[\"https:\\\/\\\/x.com\\\/zapateneo\"]}]}<\/script>\n<!-- \/ Yoast SEO plugin. -->","yoast_head_json":{"title":"El ni\u00f1o que no fui Infancia, adolescencia y adultez LGTB &#8212; Zapateneo","robots":{"index":"index","follow":"follow","max-snippet":"max-snippet:-1","max-image-preview":"max-image-preview:large","max-video-preview":"max-video-preview:-1"},"canonical":"https:\/\/zapateneo.net\/wordpress\/index.php\/producto\/el-nino-que-no-fui-infancia-adolescencia-y-adultez-lgtb\/","og_locale":"es_ES","og_type":"article","og_title":"El ni\u00f1o que no fui Infancia, adolescencia y adultez LGTB &#8212; Zapateneo","og_description":"Daniel Valero (Tigrillo) 9788418501609 - EGALES - 2022 - 260 p\u00e1ginas \/orri.","og_url":"https:\/\/zapateneo.net\/wordpress\/index.php\/producto\/el-nino-que-no-fui-infancia-adolescencia-y-adultez-lgtb\/","og_site_name":"Zapateneo","article_modified_time":"2022-05-08T17:41:01+00:00","twitter_card":"summary_large_image","twitter_site":"@zapateneo","twitter_misc":{"Tiempo de lectura":"1 minuto"},"schema":{"@context":"https:\/\/schema.org","@graph":[{"@type":"WebPage","@id":"https:\/\/zapateneo.net\/wordpress\/index.php\/producto\/el-nino-que-no-fui-infancia-adolescencia-y-adultez-lgtb\/","url":"https:\/\/zapateneo.net\/wordpress\/index.php\/producto\/el-nino-que-no-fui-infancia-adolescencia-y-adultez-lgtb\/","name":"El ni\u00f1o que no fui Infancia, adolescencia y adultez LGTB &#8212; Zapateneo","isPartOf":{"@id":"https:\/\/zapateneo.net\/wordpress\/#website"},"primaryImageOfPage":{"@id":"https:\/\/zapateneo.net\/wordpress\/index.php\/producto\/el-nino-que-no-fui-infancia-adolescencia-y-adultez-lgtb\/#primaryimage"},"image":{"@id":"https:\/\/zapateneo.net\/wordpress\/index.php\/producto\/el-nino-que-no-fui-infancia-adolescencia-y-adultez-lgtb\/#primaryimage"},"thumbnailUrl":"https:\/\/zapateneo.net\/wordpress\/wp-content\/uploads\/2022\/05\/el-nino-que-no-fui_978-84-18501-60-9.png","datePublished":"2022-05-08T17:40:46+00:00","dateModified":"2022-05-08T17:41:01+00:00","breadcrumb":{"@id":"https:\/\/zapateneo.net\/wordpress\/index.php\/producto\/el-nino-que-no-fui-infancia-adolescencia-y-adultez-lgtb\/#breadcrumb"},"inLanguage":"es","potentialAction":[{"@type":"ReadAction","target":["https:\/\/zapateneo.net\/wordpress\/index.php\/producto\/el-nino-que-no-fui-infancia-adolescencia-y-adultez-lgtb\/"]}]},{"@type":"ImageObject","inLanguage":"es","@id":"https:\/\/zapateneo.net\/wordpress\/index.php\/producto\/el-nino-que-no-fui-infancia-adolescencia-y-adultez-lgtb\/#primaryimage","url":"https:\/\/zapateneo.net\/wordpress\/wp-content\/uploads\/2022\/05\/el-nino-que-no-fui_978-84-18501-60-9.png","contentUrl":"https:\/\/zapateneo.net\/wordpress\/wp-content\/uploads\/2022\/05\/el-nino-que-no-fui_978-84-18501-60-9.png","width":285,"height":400},{"@type":"BreadcrumbList","@id":"https:\/\/zapateneo.net\/wordpress\/index.php\/producto\/el-nino-que-no-fui-infancia-adolescencia-y-adultez-lgtb\/#breadcrumb","itemListElement":[{"@type":"ListItem","position":1,"name":"Portada","item":"https:\/\/zapateneo.net\/wordpress\/"},{"@type":"ListItem","position":2,"name":"Tienda","item":"https:\/\/zapateneo.net\/wordpress\/"},{"@type":"ListItem","position":3,"name":"El ni\u00f1o que no fui Infancia, adolescencia y adultez LGTB"}]},{"@type":"WebSite","@id":"https:\/\/zapateneo.net\/wordpress\/#website","url":"https:\/\/zapateneo.net\/wordpress\/","name":"Zapateneo","description":"Zapateneoaren webgunea","publisher":{"@id":"https:\/\/zapateneo.net\/wordpress\/#organization"},"potentialAction":[{"@type":"SearchAction","target":{"@type":"EntryPoint","urlTemplate":"https:\/\/zapateneo.net\/wordpress\/?s={search_term_string}"},"query-input":{"@type":"PropertyValueSpecification","valueRequired":true,"valueName":"search_term_string"}}],"inLanguage":"es"},{"@type":"Organization","@id":"https:\/\/zapateneo.net\/wordpress\/#organization","name":"Zapateneo Kultur Elkartea","url":"https:\/\/zapateneo.net\/wordpress\/","logo":{"@type":"ImageObject","inLanguage":"es","@id":"https:\/\/zapateneo.net\/wordpress\/#\/schema\/logo\/image\/","url":"https:\/\/zapateneo.net\/wordpress\/wp-content\/uploads\/2021\/04\/zap-libu-kolec.jpg","contentUrl":"https:\/\/zapateneo.net\/wordpress\/wp-content\/uploads\/2021\/04\/zap-libu-kolec.jpg","width":2234,"height":398,"caption":"Zapateneo Kultur Elkartea"},"image":{"@id":"https:\/\/zapateneo.net\/wordpress\/#\/schema\/logo\/image\/"},"sameAs":["https:\/\/x.com\/zapateneo"]}]}},"_links":{"self":[{"href":"https:\/\/zapateneo.net\/wordpress\/index.php\/wp-json\/wp\/v2\/product\/10938","targetHints":{"allow":["GET"]}}],"collection":[{"href":"https:\/\/zapateneo.net\/wordpress\/index.php\/wp-json\/wp\/v2\/product"}],"about":[{"href":"https:\/\/zapateneo.net\/wordpress\/index.php\/wp-json\/wp\/v2\/types\/product"}],"wp:featuredmedia":[{"embeddable":true,"href":"https:\/\/zapateneo.net\/wordpress\/index.php\/wp-json\/wp\/v2\/media\/10967"}],"wp:attachment":[{"href":"https:\/\/zapateneo.net\/wordpress\/index.php\/wp-json\/wp\/v2\/media?parent=10938"}],"wp:term":[{"taxonomy":"product_brand","embeddable":true,"href":"https:\/\/zapateneo.net\/wordpress\/index.php\/wp-json\/wp\/v2\/product_brand?post=10938"},{"taxonomy":"product_cat","embeddable":true,"href":"https:\/\/zapateneo.net\/wordpress\/index.php\/wp-json\/wp\/v2\/product_cat?post=10938"},{"taxonomy":"product_tag","embeddable":true,"href":"https:\/\/zapateneo.net\/wordpress\/index.php\/wp-json\/wp\/v2\/product_tag?post=10938"}],"curies":[{"name":"wp","href":"https:\/\/api.w.org\/{rel}","templated":true}]}}