{"id":10937,"date":"2022-05-08T18:40:45","date_gmt":"2022-05-08T17:40:45","guid":{"rendered":"https:\/\/zapateneo.net\/wordpress\/?post_type=product&#038;p=10937"},"modified":"2022-05-08T18:41:00","modified_gmt":"2022-05-08T17:41:00","slug":"metafisicas-sexuales-canibalismo-y-devoracion-de-paul-b-preciado-en-america-lati","status":"publish","type":"product","link":"https:\/\/zapateneo.net\/wordpress\/index.php\/producto\/metafisicas-sexuales-canibalismo-y-devoracion-de-paul-b-preciado-en-america-lati\/","title":{"rendered":"METAF\u00cdSICAS SEXUALES CANIBALISMO Y DEVORACI\u00d3N DE PAUL B. PRECIADO EN AM\u00c9RICA LATI"},"content":{"rendered":"<p>Metaf\u00edsicas sexuales parte de una lectura desviada y expropiada sobre los textos de Paul B. Preciado en Am\u00e9rica Latina\u00bfC\u00f3mo resituar a Paul B. Preciado en La Pampa, el Sert\u00e3o y en El Caribe, en el desierto de Sonora, la selva Lacandona y el istmo de Tehuantepec? Aunque quiz\u00e1s se trate de un libro que rechaza el organismo, el tejido o la pr\u00f3tesis que se pretende implantar. Acaso este es uno de esos libros que busca construir un espacio de cr\u00edtica entre lenguas que atienda a tradiciones oblicuas, opacadas y doblemente denegadas, las memorias del Sur, de Mesoam\u00e9rica y de Abya Yala, de Nuestram\u00e9rica. \u00bfCu\u00e1les son los imaginarios emancipatorios que desde las experiencias de la vejez cuir, los cuerpos gordos, las grasas trans, los cuerpos plebeyos-populares gastados y excesivos de la disidencia y la contrasexualidad se configuran como laboratorios pol\u00edticos? \u00bfC\u00f3mo se producen los cuerpos sexuales en la di\u00e1spora y el exilio, en un territorio diezmado, en una geograf\u00eda que es siempre otra?<\/p>\n","protected":false},"excerpt":{"rendered":"<p><strong>AXT, BRYAN MAURO RUCOVSKY, MART\u00cdN A. DE<\/strong><br \/>\n9788418501449 &#8211; EGALES &#8211; 2022 &#8211; 346 p\u00e1ginas \/orri.<\/p>\n","protected":false},"featured_media":10966,"template":"","meta":[],"product_brand":[],"product_cat":[177,16],"product_tag":[5502,5503,1199],"class_list":{"0":"post-10937","1":"product","2":"type-product","3":"status-publish","4":"has-post-thumbnail","6":"product_cat-gizarte-mugimenduak-movimientos-sociales","7":"product_cat-libros","8":"product_tag-axt","9":"product_tag-bryan-mauro-rucovsky","10":"product_tag-egales","12":"first","13":"instock","14":"sold-individually","15":"shipping-taxable","16":"purchasable","17":"product-type-simple"},"yoast_head":"<!-- This site is optimized with the Yoast SEO plugin v27.3 - https:\/\/yoast.com\/product\/yoast-seo-wordpress\/ -->\n<title>METAF\u00cdSICAS SEXUALES CANIBALISMO Y DEVORACI\u00d3N DE PAUL B. PRECIADO EN AM\u00c9RICA LATI &#8212; Zapateneo<\/title>\n<meta name=\"robots\" content=\"index, follow, max-snippet:-1, max-image-preview:large, max-video-preview:-1\" \/>\n<link rel=\"canonical\" href=\"https:\/\/zapateneo.net\/wordpress\/index.php\/producto\/metafisicas-sexuales-canibalismo-y-devoracion-de-paul-b-preciado-en-america-lati\/\" \/>\n<meta property=\"og:locale\" content=\"es_ES\" \/>\n<meta property=\"og:type\" content=\"article\" \/>\n<meta property=\"og:title\" content=\"METAF\u00cdSICAS SEXUALES CANIBALISMO Y DEVORACI\u00d3N DE PAUL B. PRECIADO EN AM\u00c9RICA LATI &#8212; Zapateneo\" \/>\n<meta property=\"og:description\" content=\"AXT, BRYAN MAURO RUCOVSKY, MART\u00cdN A. DE 9788418501449 - EGALES - 2022 - 346 p\u00e1ginas \/orri.\" \/>\n<meta property=\"og:url\" content=\"https:\/\/zapateneo.net\/wordpress\/index.php\/producto\/metafisicas-sexuales-canibalismo-y-devoracion-de-paul-b-preciado-en-america-lati\/\" \/>\n<meta property=\"og:site_name\" content=\"Zapateneo\" \/>\n<meta property=\"article:modified_time\" content=\"2022-05-08T17:41:00+00:00\" \/>\n<meta name=\"twitter:card\" content=\"summary_large_image\" \/>\n<meta name=\"twitter:site\" content=\"@zapateneo\" \/>\n<meta name=\"twitter:label1\" content=\"Tiempo de lectura\" \/>\n\t<meta name=\"twitter:data1\" content=\"1 minuto\" \/>\n<script type=\"application\/ld+json\" class=\"yoast-schema-graph\">{\"@context\":\"https:\\\/\\\/schema.org\",\"@graph\":[{\"@type\":\"WebPage\",\"@id\":\"https:\\\/\\\/zapateneo.net\\\/wordpress\\\/index.php\\\/producto\\\/metafisicas-sexuales-canibalismo-y-devoracion-de-paul-b-preciado-en-america-lati\\\/\",\"url\":\"https:\\\/\\\/zapateneo.net\\\/wordpress\\\/index.php\\\/producto\\\/metafisicas-sexuales-canibalismo-y-devoracion-de-paul-b-preciado-en-america-lati\\\/\",\"name\":\"METAF\u00cdSICAS SEXUALES CANIBALISMO Y DEVORACI\u00d3N DE PAUL B. PRECIADO EN AM\u00c9RICA LATI &#8212; Zapateneo\",\"isPartOf\":{\"@id\":\"https:\\\/\\\/zapateneo.net\\\/wordpress\\\/#website\"},\"primaryImageOfPage\":{\"@id\":\"https:\\\/\\\/zapateneo.net\\\/wordpress\\\/index.php\\\/producto\\\/metafisicas-sexuales-canibalismo-y-devoracion-de-paul-b-preciado-en-america-lati\\\/#primaryimage\"},\"image\":{\"@id\":\"https:\\\/\\\/zapateneo.net\\\/wordpress\\\/index.php\\\/producto\\\/metafisicas-sexuales-canibalismo-y-devoracion-de-paul-b-preciado-en-america-lati\\\/#primaryimage\"},\"thumbnailUrl\":\"https:\\\/\\\/zapateneo.net\\\/wordpress\\\/wp-content\\\/uploads\\\/2022\\\/05\\\/meta.gif\",\"datePublished\":\"2022-05-08T17:40:45+00:00\",\"dateModified\":\"2022-05-08T17:41:00+00:00\",\"breadcrumb\":{\"@id\":\"https:\\\/\\\/zapateneo.net\\\/wordpress\\\/index.php\\\/producto\\\/metafisicas-sexuales-canibalismo-y-devoracion-de-paul-b-preciado-en-america-lati\\\/#breadcrumb\"},\"inLanguage\":\"es\",\"potentialAction\":[{\"@type\":\"ReadAction\",\"target\":[\"https:\\\/\\\/zapateneo.net\\\/wordpress\\\/index.php\\\/producto\\\/metafisicas-sexuales-canibalismo-y-devoracion-de-paul-b-preciado-en-america-lati\\\/\"]}]},{\"@type\":\"ImageObject\",\"inLanguage\":\"es\",\"@id\":\"https:\\\/\\\/zapateneo.net\\\/wordpress\\\/index.php\\\/producto\\\/metafisicas-sexuales-canibalismo-y-devoracion-de-paul-b-preciado-en-america-lati\\\/#primaryimage\",\"url\":\"https:\\\/\\\/zapateneo.net\\\/wordpress\\\/wp-content\\\/uploads\\\/2022\\\/05\\\/meta.gif\",\"contentUrl\":\"https:\\\/\\\/zapateneo.net\\\/wordpress\\\/wp-content\\\/uploads\\\/2022\\\/05\\\/meta.gif\",\"width\":240,\"height\":334},{\"@type\":\"BreadcrumbList\",\"@id\":\"https:\\\/\\\/zapateneo.net\\\/wordpress\\\/index.php\\\/producto\\\/metafisicas-sexuales-canibalismo-y-devoracion-de-paul-b-preciado-en-america-lati\\\/#breadcrumb\",\"itemListElement\":[{\"@type\":\"ListItem\",\"position\":1,\"name\":\"Portada\",\"item\":\"https:\\\/\\\/zapateneo.net\\\/wordpress\\\/\"},{\"@type\":\"ListItem\",\"position\":2,\"name\":\"Tienda\",\"item\":\"https:\\\/\\\/zapateneo.net\\\/wordpress\\\/\"},{\"@type\":\"ListItem\",\"position\":3,\"name\":\"METAF\u00cdSICAS SEXUALES CANIBALISMO Y DEVORACI\u00d3N DE PAUL B. PRECIADO EN AM\u00c9RICA LATI\"}]},{\"@type\":\"WebSite\",\"@id\":\"https:\\\/\\\/zapateneo.net\\\/wordpress\\\/#website\",\"url\":\"https:\\\/\\\/zapateneo.net\\\/wordpress\\\/\",\"name\":\"Zapateneo\",\"description\":\"Zapateneoaren webgunea\",\"publisher\":{\"@id\":\"https:\\\/\\\/zapateneo.net\\\/wordpress\\\/#organization\"},\"potentialAction\":[{\"@type\":\"SearchAction\",\"target\":{\"@type\":\"EntryPoint\",\"urlTemplate\":\"https:\\\/\\\/zapateneo.net\\\/wordpress\\\/?s={search_term_string}\"},\"query-input\":{\"@type\":\"PropertyValueSpecification\",\"valueRequired\":true,\"valueName\":\"search_term_string\"}}],\"inLanguage\":\"es\"},{\"@type\":\"Organization\",\"@id\":\"https:\\\/\\\/zapateneo.net\\\/wordpress\\\/#organization\",\"name\":\"Zapateneo Kultur Elkartea\",\"url\":\"https:\\\/\\\/zapateneo.net\\\/wordpress\\\/\",\"logo\":{\"@type\":\"ImageObject\",\"inLanguage\":\"es\",\"@id\":\"https:\\\/\\\/zapateneo.net\\\/wordpress\\\/#\\\/schema\\\/logo\\\/image\\\/\",\"url\":\"https:\\\/\\\/zapateneo.net\\\/wordpress\\\/wp-content\\\/uploads\\\/2021\\\/04\\\/zap-libu-kolec.jpg\",\"contentUrl\":\"https:\\\/\\\/zapateneo.net\\\/wordpress\\\/wp-content\\\/uploads\\\/2021\\\/04\\\/zap-libu-kolec.jpg\",\"width\":2234,\"height\":398,\"caption\":\"Zapateneo Kultur Elkartea\"},\"image\":{\"@id\":\"https:\\\/\\\/zapateneo.net\\\/wordpress\\\/#\\\/schema\\\/logo\\\/image\\\/\"},\"sameAs\":[\"https:\\\/\\\/x.com\\\/zapateneo\"]}]}<\/script>\n<!-- \/ Yoast SEO plugin. -->","yoast_head_json":{"title":"METAF\u00cdSICAS SEXUALES CANIBALISMO Y DEVORACI\u00d3N DE PAUL B. PRECIADO EN AM\u00c9RICA LATI &#8212; Zapateneo","robots":{"index":"index","follow":"follow","max-snippet":"max-snippet:-1","max-image-preview":"max-image-preview:large","max-video-preview":"max-video-preview:-1"},"canonical":"https:\/\/zapateneo.net\/wordpress\/index.php\/producto\/metafisicas-sexuales-canibalismo-y-devoracion-de-paul-b-preciado-en-america-lati\/","og_locale":"es_ES","og_type":"article","og_title":"METAF\u00cdSICAS SEXUALES CANIBALISMO Y DEVORACI\u00d3N DE PAUL B. PRECIADO EN AM\u00c9RICA LATI &#8212; Zapateneo","og_description":"AXT, BRYAN MAURO RUCOVSKY, MART\u00cdN A. DE 9788418501449 - EGALES - 2022 - 346 p\u00e1ginas \/orri.","og_url":"https:\/\/zapateneo.net\/wordpress\/index.php\/producto\/metafisicas-sexuales-canibalismo-y-devoracion-de-paul-b-preciado-en-america-lati\/","og_site_name":"Zapateneo","article_modified_time":"2022-05-08T17:41:00+00:00","twitter_card":"summary_large_image","twitter_site":"@zapateneo","twitter_misc":{"Tiempo de lectura":"1 minuto"},"schema":{"@context":"https:\/\/schema.org","@graph":[{"@type":"WebPage","@id":"https:\/\/zapateneo.net\/wordpress\/index.php\/producto\/metafisicas-sexuales-canibalismo-y-devoracion-de-paul-b-preciado-en-america-lati\/","url":"https:\/\/zapateneo.net\/wordpress\/index.php\/producto\/metafisicas-sexuales-canibalismo-y-devoracion-de-paul-b-preciado-en-america-lati\/","name":"METAF\u00cdSICAS SEXUALES CANIBALISMO Y DEVORACI\u00d3N DE PAUL B. PRECIADO EN AM\u00c9RICA LATI &#8212; Zapateneo","isPartOf":{"@id":"https:\/\/zapateneo.net\/wordpress\/#website"},"primaryImageOfPage":{"@id":"https:\/\/zapateneo.net\/wordpress\/index.php\/producto\/metafisicas-sexuales-canibalismo-y-devoracion-de-paul-b-preciado-en-america-lati\/#primaryimage"},"image":{"@id":"https:\/\/zapateneo.net\/wordpress\/index.php\/producto\/metafisicas-sexuales-canibalismo-y-devoracion-de-paul-b-preciado-en-america-lati\/#primaryimage"},"thumbnailUrl":"https:\/\/zapateneo.net\/wordpress\/wp-content\/uploads\/2022\/05\/meta.gif","datePublished":"2022-05-08T17:40:45+00:00","dateModified":"2022-05-08T17:41:00+00:00","breadcrumb":{"@id":"https:\/\/zapateneo.net\/wordpress\/index.php\/producto\/metafisicas-sexuales-canibalismo-y-devoracion-de-paul-b-preciado-en-america-lati\/#breadcrumb"},"inLanguage":"es","potentialAction":[{"@type":"ReadAction","target":["https:\/\/zapateneo.net\/wordpress\/index.php\/producto\/metafisicas-sexuales-canibalismo-y-devoracion-de-paul-b-preciado-en-america-lati\/"]}]},{"@type":"ImageObject","inLanguage":"es","@id":"https:\/\/zapateneo.net\/wordpress\/index.php\/producto\/metafisicas-sexuales-canibalismo-y-devoracion-de-paul-b-preciado-en-america-lati\/#primaryimage","url":"https:\/\/zapateneo.net\/wordpress\/wp-content\/uploads\/2022\/05\/meta.gif","contentUrl":"https:\/\/zapateneo.net\/wordpress\/wp-content\/uploads\/2022\/05\/meta.gif","width":240,"height":334},{"@type":"BreadcrumbList","@id":"https:\/\/zapateneo.net\/wordpress\/index.php\/producto\/metafisicas-sexuales-canibalismo-y-devoracion-de-paul-b-preciado-en-america-lati\/#breadcrumb","itemListElement":[{"@type":"ListItem","position":1,"name":"Portada","item":"https:\/\/zapateneo.net\/wordpress\/"},{"@type":"ListItem","position":2,"name":"Tienda","item":"https:\/\/zapateneo.net\/wordpress\/"},{"@type":"ListItem","position":3,"name":"METAF\u00cdSICAS SEXUALES CANIBALISMO Y DEVORACI\u00d3N DE PAUL B. PRECIADO EN AM\u00c9RICA LATI"}]},{"@type":"WebSite","@id":"https:\/\/zapateneo.net\/wordpress\/#website","url":"https:\/\/zapateneo.net\/wordpress\/","name":"Zapateneo","description":"Zapateneoaren webgunea","publisher":{"@id":"https:\/\/zapateneo.net\/wordpress\/#organization"},"potentialAction":[{"@type":"SearchAction","target":{"@type":"EntryPoint","urlTemplate":"https:\/\/zapateneo.net\/wordpress\/?s={search_term_string}"},"query-input":{"@type":"PropertyValueSpecification","valueRequired":true,"valueName":"search_term_string"}}],"inLanguage":"es"},{"@type":"Organization","@id":"https:\/\/zapateneo.net\/wordpress\/#organization","name":"Zapateneo Kultur Elkartea","url":"https:\/\/zapateneo.net\/wordpress\/","logo":{"@type":"ImageObject","inLanguage":"es","@id":"https:\/\/zapateneo.net\/wordpress\/#\/schema\/logo\/image\/","url":"https:\/\/zapateneo.net\/wordpress\/wp-content\/uploads\/2021\/04\/zap-libu-kolec.jpg","contentUrl":"https:\/\/zapateneo.net\/wordpress\/wp-content\/uploads\/2021\/04\/zap-libu-kolec.jpg","width":2234,"height":398,"caption":"Zapateneo Kultur Elkartea"},"image":{"@id":"https:\/\/zapateneo.net\/wordpress\/#\/schema\/logo\/image\/"},"sameAs":["https:\/\/x.com\/zapateneo"]}]}},"_links":{"self":[{"href":"https:\/\/zapateneo.net\/wordpress\/index.php\/wp-json\/wp\/v2\/product\/10937","targetHints":{"allow":["GET"]}}],"collection":[{"href":"https:\/\/zapateneo.net\/wordpress\/index.php\/wp-json\/wp\/v2\/product"}],"about":[{"href":"https:\/\/zapateneo.net\/wordpress\/index.php\/wp-json\/wp\/v2\/types\/product"}],"wp:featuredmedia":[{"embeddable":true,"href":"https:\/\/zapateneo.net\/wordpress\/index.php\/wp-json\/wp\/v2\/media\/10966"}],"wp:attachment":[{"href":"https:\/\/zapateneo.net\/wordpress\/index.php\/wp-json\/wp\/v2\/media?parent=10937"}],"wp:term":[{"taxonomy":"product_brand","embeddable":true,"href":"https:\/\/zapateneo.net\/wordpress\/index.php\/wp-json\/wp\/v2\/product_brand?post=10937"},{"taxonomy":"product_cat","embeddable":true,"href":"https:\/\/zapateneo.net\/wordpress\/index.php\/wp-json\/wp\/v2\/product_cat?post=10937"},{"taxonomy":"product_tag","embeddable":true,"href":"https:\/\/zapateneo.net\/wordpress\/index.php\/wp-json\/wp\/v2\/product_tag?post=10937"}],"curies":[{"name":"wp","href":"https:\/\/api.w.org\/{rel}","templated":true}]}}