{"id":10930,"date":"2022-05-08T18:40:44","date_gmt":"2022-05-08T17:40:44","guid":{"rendered":"https:\/\/zapateneo.net\/wordpress\/?post_type=product&#038;p=10930"},"modified":"2022-05-08T18:40:55","modified_gmt":"2022-05-08T17:40:55","slug":"psicologia-critica-definicion-antecedentes-historia-y-actualidad","status":"publish","type":"product","link":"https:\/\/zapateneo.net\/wordpress\/index.php\/producto\/psicologia-critica-definicion-antecedentes-historia-y-actualidad\/","title":{"rendered":"PSICOLOG\u00cdA CR\u00cdTICA     Definici\u00f3n, antecedentes, historia y actualidad"},"content":{"rendered":"<p>\u00bfQu\u00e9 es la psicolog\u00eda critica? es la pregunta a la que responde este libro-exploraci\u00f3n. David Pav\u00f3n-Cu\u00e9llar ofrece un texto que sirve simult\u00e1neamente como estudio introductorio, esbozo anal\u00edtico, recorrido hist\u00f3rico, visi\u00f3n panor\u00e1mica y mapa orientador para los interesados en el tema.<\/p>\n<p>Despu\u00e9s de reflexionar acerca de lo que es la psicolog\u00eda cr\u00edtica, se reconstruyen sus antecedentes en la especulaci\u00f3n filos\u00f3fica y en la discusi\u00f3n pol\u00edtica. En seguida se presentan algunos aportes de Lev Vygotsky y Georges Politzer, el freudomarxismo, la Escuela de Fr\u00e1ncfort y la corriente psicol\u00f3gica radical. A continuaci\u00f3n tras examinar la huella del althusserianismo en cr\u00edticos de la psicolog\u00eda como Michel P\u00eacheux, Didier Deleule, Carlos Sastre y N\u00e9stor Braunstein, el autor aborda tres paradigmas de la psicolog\u00eda cr\u00edtica en el \u00faltimo cuarto del siglo XX: el foucaultiano, el de la escuela de Holzkamp y el posmoderno social-cr\u00edtico socioconstruccionista, relativista y discursivo o colectivo de Rom Harr\u00e9, Kenneth Gergen, Jonathan Potter y otros.<\/p>\n<p>El recorrido hist\u00f3rico termina con una valoraci\u00f3n de la crisis del posmodernismo, patente desde finales del siglo XX, y con una consideraci\u00f3n de las dos alternativas realistas cr\u00edticas que el autor juzga m\u00e1s importantes para el siglo XXI: por un lado en Latinoam\u00e9rica, la psicolog\u00eda de la liberaci\u00f3n y la social comunitaria; por otro lado en el \u00e1mbito brit\u00e1nico, la opci\u00f3n de Ian Parker.<\/p>\n<p>En un balance de la actualidad, se consideran las grandes orientaciones te\u00f3ricas actuales en las que desembocan las tradiciones revisadas. Por \u00faltimo, para mostrar la vigencia de la politizaci\u00f3n de la psicolog\u00eda cr\u00edtica, se comentan sus posiciones anticapitalistas, antirracistas, anticoloniales, antipatriarcales y antinormativas.<\/p>\n","protected":false},"excerpt":{"rendered":"<p><strong>David Pav\u00f3n Cuellar<\/strong><br \/>\n9786075420868 &#8211; Itaca &#8211; 2019 &#8211; 218 p\u00e1ginas \/orri.<\/p>\n","protected":false},"featured_media":10959,"template":"","meta":[],"product_brand":[],"product_cat":[16,182],"product_tag":[5497,5304],"class_list":{"0":"post-10930","1":"product","2":"type-product","3":"status-publish","4":"has-post-thumbnail","6":"product_cat-libros","7":"product_cat-osasuna-salud","8":"product_tag-david-pavon-cuellar","9":"product_tag-itaca","11":"first","12":"instock","13":"sold-individually","14":"shipping-taxable","15":"purchasable","16":"product-type-simple"},"yoast_head":"<!-- This site is optimized with the Yoast SEO plugin v27.3 - https:\/\/yoast.com\/product\/yoast-seo-wordpress\/ -->\n<title>PSICOLOG\u00cdA CR\u00cdTICA   Definici\u00f3n, antecedentes, historia y actualidad &#8212; Zapateneo<\/title>\n<meta name=\"robots\" content=\"index, follow, max-snippet:-1, max-image-preview:large, max-video-preview:-1\" \/>\n<link rel=\"canonical\" href=\"https:\/\/zapateneo.net\/wordpress\/index.php\/producto\/psicologia-critica-definicion-antecedentes-historia-y-actualidad\/\" \/>\n<meta property=\"og:locale\" content=\"es_ES\" \/>\n<meta property=\"og:type\" content=\"article\" \/>\n<meta property=\"og:title\" content=\"PSICOLOG\u00cdA CR\u00cdTICA   Definici\u00f3n, antecedentes, historia y actualidad &#8212; Zapateneo\" \/>\n<meta property=\"og:description\" content=\"David Pav\u00f3n Cuellar 9786075420868 - Itaca - 2019 - 218 p\u00e1ginas \/orri.\" \/>\n<meta property=\"og:url\" content=\"https:\/\/zapateneo.net\/wordpress\/index.php\/producto\/psicologia-critica-definicion-antecedentes-historia-y-actualidad\/\" \/>\n<meta property=\"og:site_name\" content=\"Zapateneo\" \/>\n<meta property=\"article:modified_time\" content=\"2022-05-08T17:40:55+00:00\" \/>\n<meta name=\"twitter:card\" content=\"summary_large_image\" \/>\n<meta name=\"twitter:site\" content=\"@zapateneo\" \/>\n<meta name=\"twitter:label1\" content=\"Tiempo de lectura\" \/>\n\t<meta name=\"twitter:data1\" content=\"2 minutos\" \/>\n<script type=\"application\/ld+json\" class=\"yoast-schema-graph\">{\"@context\":\"https:\\\/\\\/schema.org\",\"@graph\":[{\"@type\":\"WebPage\",\"@id\":\"https:\\\/\\\/zapateneo.net\\\/wordpress\\\/index.php\\\/producto\\\/psicologia-critica-definicion-antecedentes-historia-y-actualidad\\\/\",\"url\":\"https:\\\/\\\/zapateneo.net\\\/wordpress\\\/index.php\\\/producto\\\/psicologia-critica-definicion-antecedentes-historia-y-actualidad\\\/\",\"name\":\"PSICOLOG\u00cdA CR\u00cdTICA Definici\u00f3n, antecedentes, historia y actualidad &#8212; Zapateneo\",\"isPartOf\":{\"@id\":\"https:\\\/\\\/zapateneo.net\\\/wordpress\\\/#website\"},\"primaryImageOfPage\":{\"@id\":\"https:\\\/\\\/zapateneo.net\\\/wordpress\\\/index.php\\\/producto\\\/psicologia-critica-definicion-antecedentes-historia-y-actualidad\\\/#primaryimage\"},\"image\":{\"@id\":\"https:\\\/\\\/zapateneo.net\\\/wordpress\\\/index.php\\\/producto\\\/psicologia-critica-definicion-antecedentes-historia-y-actualidad\\\/#primaryimage\"},\"thumbnailUrl\":\"https:\\\/\\\/zapateneo.net\\\/wordpress\\\/wp-content\\\/uploads\\\/2022\\\/05\\\/psicologia-critica-9786075420868.jpg\",\"datePublished\":\"2022-05-08T17:40:44+00:00\",\"dateModified\":\"2022-05-08T17:40:55+00:00\",\"breadcrumb\":{\"@id\":\"https:\\\/\\\/zapateneo.net\\\/wordpress\\\/index.php\\\/producto\\\/psicologia-critica-definicion-antecedentes-historia-y-actualidad\\\/#breadcrumb\"},\"inLanguage\":\"es\",\"potentialAction\":[{\"@type\":\"ReadAction\",\"target\":[\"https:\\\/\\\/zapateneo.net\\\/wordpress\\\/index.php\\\/producto\\\/psicologia-critica-definicion-antecedentes-historia-y-actualidad\\\/\"]}]},{\"@type\":\"ImageObject\",\"inLanguage\":\"es\",\"@id\":\"https:\\\/\\\/zapateneo.net\\\/wordpress\\\/index.php\\\/producto\\\/psicologia-critica-definicion-antecedentes-historia-y-actualidad\\\/#primaryimage\",\"url\":\"https:\\\/\\\/zapateneo.net\\\/wordpress\\\/wp-content\\\/uploads\\\/2022\\\/05\\\/psicologia-critica-9786075420868.jpg\",\"contentUrl\":\"https:\\\/\\\/zapateneo.net\\\/wordpress\\\/wp-content\\\/uploads\\\/2022\\\/05\\\/psicologia-critica-9786075420868.jpg\",\"width\":240,\"height\":339},{\"@type\":\"BreadcrumbList\",\"@id\":\"https:\\\/\\\/zapateneo.net\\\/wordpress\\\/index.php\\\/producto\\\/psicologia-critica-definicion-antecedentes-historia-y-actualidad\\\/#breadcrumb\",\"itemListElement\":[{\"@type\":\"ListItem\",\"position\":1,\"name\":\"Portada\",\"item\":\"https:\\\/\\\/zapateneo.net\\\/wordpress\\\/\"},{\"@type\":\"ListItem\",\"position\":2,\"name\":\"Tienda\",\"item\":\"https:\\\/\\\/zapateneo.net\\\/wordpress\\\/\"},{\"@type\":\"ListItem\",\"position\":3,\"name\":\"PSICOLOG\u00cdA CR\u00cdTICA Definici\u00f3n, antecedentes, historia y actualidad\"}]},{\"@type\":\"WebSite\",\"@id\":\"https:\\\/\\\/zapateneo.net\\\/wordpress\\\/#website\",\"url\":\"https:\\\/\\\/zapateneo.net\\\/wordpress\\\/\",\"name\":\"Zapateneo\",\"description\":\"Zapateneoaren webgunea\",\"publisher\":{\"@id\":\"https:\\\/\\\/zapateneo.net\\\/wordpress\\\/#organization\"},\"potentialAction\":[{\"@type\":\"SearchAction\",\"target\":{\"@type\":\"EntryPoint\",\"urlTemplate\":\"https:\\\/\\\/zapateneo.net\\\/wordpress\\\/?s={search_term_string}\"},\"query-input\":{\"@type\":\"PropertyValueSpecification\",\"valueRequired\":true,\"valueName\":\"search_term_string\"}}],\"inLanguage\":\"es\"},{\"@type\":\"Organization\",\"@id\":\"https:\\\/\\\/zapateneo.net\\\/wordpress\\\/#organization\",\"name\":\"Zapateneo Kultur Elkartea\",\"url\":\"https:\\\/\\\/zapateneo.net\\\/wordpress\\\/\",\"logo\":{\"@type\":\"ImageObject\",\"inLanguage\":\"es\",\"@id\":\"https:\\\/\\\/zapateneo.net\\\/wordpress\\\/#\\\/schema\\\/logo\\\/image\\\/\",\"url\":\"https:\\\/\\\/zapateneo.net\\\/wordpress\\\/wp-content\\\/uploads\\\/2021\\\/04\\\/zap-libu-kolec.jpg\",\"contentUrl\":\"https:\\\/\\\/zapateneo.net\\\/wordpress\\\/wp-content\\\/uploads\\\/2021\\\/04\\\/zap-libu-kolec.jpg\",\"width\":2234,\"height\":398,\"caption\":\"Zapateneo Kultur Elkartea\"},\"image\":{\"@id\":\"https:\\\/\\\/zapateneo.net\\\/wordpress\\\/#\\\/schema\\\/logo\\\/image\\\/\"},\"sameAs\":[\"https:\\\/\\\/x.com\\\/zapateneo\"]}]}<\/script>\n<!-- \/ Yoast SEO plugin. -->","yoast_head_json":{"title":"PSICOLOG\u00cdA CR\u00cdTICA   Definici\u00f3n, antecedentes, historia y actualidad &#8212; Zapateneo","robots":{"index":"index","follow":"follow","max-snippet":"max-snippet:-1","max-image-preview":"max-image-preview:large","max-video-preview":"max-video-preview:-1"},"canonical":"https:\/\/zapateneo.net\/wordpress\/index.php\/producto\/psicologia-critica-definicion-antecedentes-historia-y-actualidad\/","og_locale":"es_ES","og_type":"article","og_title":"PSICOLOG\u00cdA CR\u00cdTICA   Definici\u00f3n, antecedentes, historia y actualidad &#8212; Zapateneo","og_description":"David Pav\u00f3n Cuellar 9786075420868 - Itaca - 2019 - 218 p\u00e1ginas \/orri.","og_url":"https:\/\/zapateneo.net\/wordpress\/index.php\/producto\/psicologia-critica-definicion-antecedentes-historia-y-actualidad\/","og_site_name":"Zapateneo","article_modified_time":"2022-05-08T17:40:55+00:00","twitter_card":"summary_large_image","twitter_site":"@zapateneo","twitter_misc":{"Tiempo de lectura":"2 minutos"},"schema":{"@context":"https:\/\/schema.org","@graph":[{"@type":"WebPage","@id":"https:\/\/zapateneo.net\/wordpress\/index.php\/producto\/psicologia-critica-definicion-antecedentes-historia-y-actualidad\/","url":"https:\/\/zapateneo.net\/wordpress\/index.php\/producto\/psicologia-critica-definicion-antecedentes-historia-y-actualidad\/","name":"PSICOLOG\u00cdA CR\u00cdTICA Definici\u00f3n, antecedentes, historia y actualidad &#8212; Zapateneo","isPartOf":{"@id":"https:\/\/zapateneo.net\/wordpress\/#website"},"primaryImageOfPage":{"@id":"https:\/\/zapateneo.net\/wordpress\/index.php\/producto\/psicologia-critica-definicion-antecedentes-historia-y-actualidad\/#primaryimage"},"image":{"@id":"https:\/\/zapateneo.net\/wordpress\/index.php\/producto\/psicologia-critica-definicion-antecedentes-historia-y-actualidad\/#primaryimage"},"thumbnailUrl":"https:\/\/zapateneo.net\/wordpress\/wp-content\/uploads\/2022\/05\/psicologia-critica-9786075420868.jpg","datePublished":"2022-05-08T17:40:44+00:00","dateModified":"2022-05-08T17:40:55+00:00","breadcrumb":{"@id":"https:\/\/zapateneo.net\/wordpress\/index.php\/producto\/psicologia-critica-definicion-antecedentes-historia-y-actualidad\/#breadcrumb"},"inLanguage":"es","potentialAction":[{"@type":"ReadAction","target":["https:\/\/zapateneo.net\/wordpress\/index.php\/producto\/psicologia-critica-definicion-antecedentes-historia-y-actualidad\/"]}]},{"@type":"ImageObject","inLanguage":"es","@id":"https:\/\/zapateneo.net\/wordpress\/index.php\/producto\/psicologia-critica-definicion-antecedentes-historia-y-actualidad\/#primaryimage","url":"https:\/\/zapateneo.net\/wordpress\/wp-content\/uploads\/2022\/05\/psicologia-critica-9786075420868.jpg","contentUrl":"https:\/\/zapateneo.net\/wordpress\/wp-content\/uploads\/2022\/05\/psicologia-critica-9786075420868.jpg","width":240,"height":339},{"@type":"BreadcrumbList","@id":"https:\/\/zapateneo.net\/wordpress\/index.php\/producto\/psicologia-critica-definicion-antecedentes-historia-y-actualidad\/#breadcrumb","itemListElement":[{"@type":"ListItem","position":1,"name":"Portada","item":"https:\/\/zapateneo.net\/wordpress\/"},{"@type":"ListItem","position":2,"name":"Tienda","item":"https:\/\/zapateneo.net\/wordpress\/"},{"@type":"ListItem","position":3,"name":"PSICOLOG\u00cdA CR\u00cdTICA Definici\u00f3n, antecedentes, historia y actualidad"}]},{"@type":"WebSite","@id":"https:\/\/zapateneo.net\/wordpress\/#website","url":"https:\/\/zapateneo.net\/wordpress\/","name":"Zapateneo","description":"Zapateneoaren webgunea","publisher":{"@id":"https:\/\/zapateneo.net\/wordpress\/#organization"},"potentialAction":[{"@type":"SearchAction","target":{"@type":"EntryPoint","urlTemplate":"https:\/\/zapateneo.net\/wordpress\/?s={search_term_string}"},"query-input":{"@type":"PropertyValueSpecification","valueRequired":true,"valueName":"search_term_string"}}],"inLanguage":"es"},{"@type":"Organization","@id":"https:\/\/zapateneo.net\/wordpress\/#organization","name":"Zapateneo Kultur Elkartea","url":"https:\/\/zapateneo.net\/wordpress\/","logo":{"@type":"ImageObject","inLanguage":"es","@id":"https:\/\/zapateneo.net\/wordpress\/#\/schema\/logo\/image\/","url":"https:\/\/zapateneo.net\/wordpress\/wp-content\/uploads\/2021\/04\/zap-libu-kolec.jpg","contentUrl":"https:\/\/zapateneo.net\/wordpress\/wp-content\/uploads\/2021\/04\/zap-libu-kolec.jpg","width":2234,"height":398,"caption":"Zapateneo Kultur Elkartea"},"image":{"@id":"https:\/\/zapateneo.net\/wordpress\/#\/schema\/logo\/image\/"},"sameAs":["https:\/\/x.com\/zapateneo"]}]}},"_links":{"self":[{"href":"https:\/\/zapateneo.net\/wordpress\/index.php\/wp-json\/wp\/v2\/product\/10930","targetHints":{"allow":["GET"]}}],"collection":[{"href":"https:\/\/zapateneo.net\/wordpress\/index.php\/wp-json\/wp\/v2\/product"}],"about":[{"href":"https:\/\/zapateneo.net\/wordpress\/index.php\/wp-json\/wp\/v2\/types\/product"}],"wp:featuredmedia":[{"embeddable":true,"href":"https:\/\/zapateneo.net\/wordpress\/index.php\/wp-json\/wp\/v2\/media\/10959"}],"wp:attachment":[{"href":"https:\/\/zapateneo.net\/wordpress\/index.php\/wp-json\/wp\/v2\/media?parent=10930"}],"wp:term":[{"taxonomy":"product_brand","embeddable":true,"href":"https:\/\/zapateneo.net\/wordpress\/index.php\/wp-json\/wp\/v2\/product_brand?post=10930"},{"taxonomy":"product_cat","embeddable":true,"href":"https:\/\/zapateneo.net\/wordpress\/index.php\/wp-json\/wp\/v2\/product_cat?post=10930"},{"taxonomy":"product_tag","embeddable":true,"href":"https:\/\/zapateneo.net\/wordpress\/index.php\/wp-json\/wp\/v2\/product_tag?post=10930"}],"curies":[{"name":"wp","href":"https:\/\/api.w.org\/{rel}","templated":true}]}}