{"id":10927,"date":"2022-05-08T18:40:43","date_gmt":"2022-05-08T17:40:43","guid":{"rendered":"https:\/\/zapateneo.net\/wordpress\/?post_type=product&#038;p=10927"},"modified":"2022-05-08T18:40:54","modified_gmt":"2022-05-08T17:40:54","slug":"manifiesto-antirracista-escrituras-para-una-biografia-inmigrante","status":"publish","type":"product","link":"https:\/\/zapateneo.net\/wordpress\/index.php\/producto\/manifiesto-antirracista-escrituras-para-una-biografia-inmigrante\/","title":{"rendered":"MANIFIESTO ANTIRRACISTA Escrituras para una biograf\u00eda inmigrante"},"content":{"rendered":"<p>Escribir este libro, dice el autor, \u00abes abrir una herida. Asumir con responsabilidad la historia de una pena. Escribir para m\u00ed siempre ha tenido que ver con intentar visibilizar los cuerpos menospreciados y ninguneados en el devenir hist\u00f3rico. Escrib\u00ed este manifiesto para hablar de mi intimidad, de c\u00f3mo un proceso de inmigraci\u00f3n, en el fin del mundo, abri\u00f3 las grietas de mi piel. Este manifiesto es una b\u00fasqueda de reconciliaci\u00f3n, tambi\u00e9n, con c\u00f3mo en la isla dominicana mi familia y los contextos heterosociales y machistas donde nac\u00ed y crec\u00ed se relacionaban con el color de su piel \u2014a la de mi madre referencio\u2014, con su pelo, con su personalidad y de c\u00f3mo ella, por su valent\u00eda aprendi\u00f3 a sobrevivir en un mundo tan racista y mis\u00f3gino. Este Manifiesto Antirracista contiene las luxaciones que buscan en mi propio cuerpo una reivindicaci\u00f3n, una reparaci\u00f3n micropol\u00edtica. Toda esta responsabilidad en los planos personales de mis afectos m\u00e1s pr\u00f3ximos aspira a ser una aportaci\u00f3n a todas las resistencias actuales e hist\u00f3ricas que intentan desdibujar la concepci\u00f3n de que hay entre los seres humanos una supuesta supremac\u00eda racial. Este Manifiesto es una nueva oraci\u00f3n yoruba, adem\u00e1s, las 21 divisiones del vud\u00fa dominicano invitando a una fiesta colorida donde se llora, pero tambi\u00e9n se baila.\u00bb<\/p>\n<p>Johan Mijail (Santo Domingo, Rep\u00fablica Dominicana, 1990) es escritor, periodista, activista de la disidencia sexual y performer radicado en Chile. Estudi\u00f3 periodismo. En 2011 publica el libro de poes\u00eda ilustrada Metaficci\u00f3n y participa en la pel\u00edcula Sister, del Colectivo Lewis Forever en Berl\u00edn, Alemania. En 2014 publica Pordioseros del Caribe y en 2016 junto Jorge D\u00edaz del Colectivo Universitario de Disidencia Sexual, Chile, Inflamadas de ret\u00f3rica. Escrituras promiscuas para una tecno-decolonialidad. Ha participado en festivales de performance en Estados Unidos, Chile, Costa Rica, Rep\u00fablica Dominicana y Alemania, con un trabajo escritural y visual que invita a un imaginario transfeminista y decolonial. Beneficiario de la Beca Migrante (2015) del Museo Nacional de Bellas Artes de Chile, en 2016 participa en el 10\u00b0 Encuentro del Instituto Hemisf\u00e9rico de Performance y Pol\u00edtica ex-c\u00e9ntrico: disidencias, soberan\u00edas, performance (Universidad de Chile-Universidad de Nueva York). En 2018 publica Escrituras del otro cuerpo y Manifiesto Antirracista. Escrituras para una biograf\u00eda inmigrante.Es considerado, junto a las escritoras dominicanas Rita Hern\u00e1ndez y Josefina B\u00e1ez, una de las voces m\u00e1s innovadoras de la nueva ola creadora del pa\u00eds caribe\u00f1o.<\/p>\n","protected":false},"excerpt":{"rendered":"<p><strong>Johan Mijail<\/strong><br \/>\n9789569648311 &#8211; Mujer Rota &#8211; 2018 &#8211; 140 p\u00e1ginas \/orri.<\/p>\n","protected":false},"featured_media":10956,"template":"","meta":[],"product_brand":[],"product_cat":[174,16],"product_tag":[5494,5495],"class_list":{"0":"post-10927","1":"product","2":"type-product","3":"status-publish","4":"has-post-thumbnail","6":"product_cat-generoak-generos","7":"product_cat-libros","8":"product_tag-johan-mijail","9":"product_tag-mujer-rota","11":"first","12":"instock","13":"sold-individually","14":"shipping-taxable","15":"purchasable","16":"product-type-simple"},"yoast_head":"<!-- This site is optimized with the Yoast SEO plugin v27.3 - https:\/\/yoast.com\/product\/yoast-seo-wordpress\/ -->\n<title>MANIFIESTO ANTIRRACISTA Escrituras para una biograf\u00eda inmigrante &#8212; Zapateneo<\/title>\n<meta name=\"robots\" content=\"index, follow, max-snippet:-1, max-image-preview:large, max-video-preview:-1\" \/>\n<link rel=\"canonical\" href=\"https:\/\/zapateneo.net\/wordpress\/index.php\/producto\/manifiesto-antirracista-escrituras-para-una-biografia-inmigrante\/\" \/>\n<meta property=\"og:locale\" content=\"es_ES\" \/>\n<meta property=\"og:type\" content=\"article\" \/>\n<meta property=\"og:title\" content=\"MANIFIESTO ANTIRRACISTA Escrituras para una biograf\u00eda inmigrante &#8212; Zapateneo\" \/>\n<meta property=\"og:description\" content=\"Johan Mijail 9789569648311 - Mujer Rota - 2018 - 140 p\u00e1ginas \/orri.\" \/>\n<meta property=\"og:url\" content=\"https:\/\/zapateneo.net\/wordpress\/index.php\/producto\/manifiesto-antirracista-escrituras-para-una-biografia-inmigrante\/\" \/>\n<meta property=\"og:site_name\" content=\"Zapateneo\" \/>\n<meta property=\"article:modified_time\" content=\"2022-05-08T17:40:54+00:00\" \/>\n<meta name=\"twitter:card\" content=\"summary_large_image\" \/>\n<meta name=\"twitter:site\" content=\"@zapateneo\" \/>\n<meta name=\"twitter:label1\" content=\"Tiempo de lectura\" \/>\n\t<meta name=\"twitter:data1\" content=\"2 minutos\" \/>\n<script type=\"application\/ld+json\" class=\"yoast-schema-graph\">{\"@context\":\"https:\\\/\\\/schema.org\",\"@graph\":[{\"@type\":\"WebPage\",\"@id\":\"https:\\\/\\\/zapateneo.net\\\/wordpress\\\/index.php\\\/producto\\\/manifiesto-antirracista-escrituras-para-una-biografia-inmigrante\\\/\",\"url\":\"https:\\\/\\\/zapateneo.net\\\/wordpress\\\/index.php\\\/producto\\\/manifiesto-antirracista-escrituras-para-una-biografia-inmigrante\\\/\",\"name\":\"MANIFIESTO ANTIRRACISTA Escrituras para una biograf\u00eda inmigrante &#8212; Zapateneo\",\"isPartOf\":{\"@id\":\"https:\\\/\\\/zapateneo.net\\\/wordpress\\\/#website\"},\"primaryImageOfPage\":{\"@id\":\"https:\\\/\\\/zapateneo.net\\\/wordpress\\\/index.php\\\/producto\\\/manifiesto-antirracista-escrituras-para-una-biografia-inmigrante\\\/#primaryimage\"},\"image\":{\"@id\":\"https:\\\/\\\/zapateneo.net\\\/wordpress\\\/index.php\\\/producto\\\/manifiesto-antirracista-escrituras-para-una-biografia-inmigrante\\\/#primaryimage\"},\"thumbnailUrl\":\"https:\\\/\\\/zapateneo.net\\\/wordpress\\\/wp-content\\\/uploads\\\/2022\\\/05\\\/manifiesto-antirracista-9789569648311.jpg\",\"datePublished\":\"2022-05-08T17:40:43+00:00\",\"dateModified\":\"2022-05-08T17:40:54+00:00\",\"breadcrumb\":{\"@id\":\"https:\\\/\\\/zapateneo.net\\\/wordpress\\\/index.php\\\/producto\\\/manifiesto-antirracista-escrituras-para-una-biografia-inmigrante\\\/#breadcrumb\"},\"inLanguage\":\"es\",\"potentialAction\":[{\"@type\":\"ReadAction\",\"target\":[\"https:\\\/\\\/zapateneo.net\\\/wordpress\\\/index.php\\\/producto\\\/manifiesto-antirracista-escrituras-para-una-biografia-inmigrante\\\/\"]}]},{\"@type\":\"ImageObject\",\"inLanguage\":\"es\",\"@id\":\"https:\\\/\\\/zapateneo.net\\\/wordpress\\\/index.php\\\/producto\\\/manifiesto-antirracista-escrituras-para-una-biografia-inmigrante\\\/#primaryimage\",\"url\":\"https:\\\/\\\/zapateneo.net\\\/wordpress\\\/wp-content\\\/uploads\\\/2022\\\/05\\\/manifiesto-antirracista-9789569648311.jpg\",\"contentUrl\":\"https:\\\/\\\/zapateneo.net\\\/wordpress\\\/wp-content\\\/uploads\\\/2022\\\/05\\\/manifiesto-antirracista-9789569648311.jpg\",\"width\":240,\"height\":348},{\"@type\":\"BreadcrumbList\",\"@id\":\"https:\\\/\\\/zapateneo.net\\\/wordpress\\\/index.php\\\/producto\\\/manifiesto-antirracista-escrituras-para-una-biografia-inmigrante\\\/#breadcrumb\",\"itemListElement\":[{\"@type\":\"ListItem\",\"position\":1,\"name\":\"Portada\",\"item\":\"https:\\\/\\\/zapateneo.net\\\/wordpress\\\/\"},{\"@type\":\"ListItem\",\"position\":2,\"name\":\"Tienda\",\"item\":\"https:\\\/\\\/zapateneo.net\\\/wordpress\\\/\"},{\"@type\":\"ListItem\",\"position\":3,\"name\":\"MANIFIESTO ANTIRRACISTA Escrituras para una biograf\u00eda inmigrante\"}]},{\"@type\":\"WebSite\",\"@id\":\"https:\\\/\\\/zapateneo.net\\\/wordpress\\\/#website\",\"url\":\"https:\\\/\\\/zapateneo.net\\\/wordpress\\\/\",\"name\":\"Zapateneo\",\"description\":\"Zapateneoaren webgunea\",\"publisher\":{\"@id\":\"https:\\\/\\\/zapateneo.net\\\/wordpress\\\/#organization\"},\"potentialAction\":[{\"@type\":\"SearchAction\",\"target\":{\"@type\":\"EntryPoint\",\"urlTemplate\":\"https:\\\/\\\/zapateneo.net\\\/wordpress\\\/?s={search_term_string}\"},\"query-input\":{\"@type\":\"PropertyValueSpecification\",\"valueRequired\":true,\"valueName\":\"search_term_string\"}}],\"inLanguage\":\"es\"},{\"@type\":\"Organization\",\"@id\":\"https:\\\/\\\/zapateneo.net\\\/wordpress\\\/#organization\",\"name\":\"Zapateneo Kultur Elkartea\",\"url\":\"https:\\\/\\\/zapateneo.net\\\/wordpress\\\/\",\"logo\":{\"@type\":\"ImageObject\",\"inLanguage\":\"es\",\"@id\":\"https:\\\/\\\/zapateneo.net\\\/wordpress\\\/#\\\/schema\\\/logo\\\/image\\\/\",\"url\":\"https:\\\/\\\/zapateneo.net\\\/wordpress\\\/wp-content\\\/uploads\\\/2021\\\/04\\\/zap-libu-kolec.jpg\",\"contentUrl\":\"https:\\\/\\\/zapateneo.net\\\/wordpress\\\/wp-content\\\/uploads\\\/2021\\\/04\\\/zap-libu-kolec.jpg\",\"width\":2234,\"height\":398,\"caption\":\"Zapateneo Kultur Elkartea\"},\"image\":{\"@id\":\"https:\\\/\\\/zapateneo.net\\\/wordpress\\\/#\\\/schema\\\/logo\\\/image\\\/\"},\"sameAs\":[\"https:\\\/\\\/x.com\\\/zapateneo\"]}]}<\/script>\n<!-- \/ Yoast SEO plugin. -->","yoast_head_json":{"title":"MANIFIESTO ANTIRRACISTA Escrituras para una biograf\u00eda inmigrante &#8212; Zapateneo","robots":{"index":"index","follow":"follow","max-snippet":"max-snippet:-1","max-image-preview":"max-image-preview:large","max-video-preview":"max-video-preview:-1"},"canonical":"https:\/\/zapateneo.net\/wordpress\/index.php\/producto\/manifiesto-antirracista-escrituras-para-una-biografia-inmigrante\/","og_locale":"es_ES","og_type":"article","og_title":"MANIFIESTO ANTIRRACISTA Escrituras para una biograf\u00eda inmigrante &#8212; Zapateneo","og_description":"Johan Mijail 9789569648311 - Mujer Rota - 2018 - 140 p\u00e1ginas \/orri.","og_url":"https:\/\/zapateneo.net\/wordpress\/index.php\/producto\/manifiesto-antirracista-escrituras-para-una-biografia-inmigrante\/","og_site_name":"Zapateneo","article_modified_time":"2022-05-08T17:40:54+00:00","twitter_card":"summary_large_image","twitter_site":"@zapateneo","twitter_misc":{"Tiempo de lectura":"2 minutos"},"schema":{"@context":"https:\/\/schema.org","@graph":[{"@type":"WebPage","@id":"https:\/\/zapateneo.net\/wordpress\/index.php\/producto\/manifiesto-antirracista-escrituras-para-una-biografia-inmigrante\/","url":"https:\/\/zapateneo.net\/wordpress\/index.php\/producto\/manifiesto-antirracista-escrituras-para-una-biografia-inmigrante\/","name":"MANIFIESTO ANTIRRACISTA Escrituras para una biograf\u00eda inmigrante &#8212; Zapateneo","isPartOf":{"@id":"https:\/\/zapateneo.net\/wordpress\/#website"},"primaryImageOfPage":{"@id":"https:\/\/zapateneo.net\/wordpress\/index.php\/producto\/manifiesto-antirracista-escrituras-para-una-biografia-inmigrante\/#primaryimage"},"image":{"@id":"https:\/\/zapateneo.net\/wordpress\/index.php\/producto\/manifiesto-antirracista-escrituras-para-una-biografia-inmigrante\/#primaryimage"},"thumbnailUrl":"https:\/\/zapateneo.net\/wordpress\/wp-content\/uploads\/2022\/05\/manifiesto-antirracista-9789569648311.jpg","datePublished":"2022-05-08T17:40:43+00:00","dateModified":"2022-05-08T17:40:54+00:00","breadcrumb":{"@id":"https:\/\/zapateneo.net\/wordpress\/index.php\/producto\/manifiesto-antirracista-escrituras-para-una-biografia-inmigrante\/#breadcrumb"},"inLanguage":"es","potentialAction":[{"@type":"ReadAction","target":["https:\/\/zapateneo.net\/wordpress\/index.php\/producto\/manifiesto-antirracista-escrituras-para-una-biografia-inmigrante\/"]}]},{"@type":"ImageObject","inLanguage":"es","@id":"https:\/\/zapateneo.net\/wordpress\/index.php\/producto\/manifiesto-antirracista-escrituras-para-una-biografia-inmigrante\/#primaryimage","url":"https:\/\/zapateneo.net\/wordpress\/wp-content\/uploads\/2022\/05\/manifiesto-antirracista-9789569648311.jpg","contentUrl":"https:\/\/zapateneo.net\/wordpress\/wp-content\/uploads\/2022\/05\/manifiesto-antirracista-9789569648311.jpg","width":240,"height":348},{"@type":"BreadcrumbList","@id":"https:\/\/zapateneo.net\/wordpress\/index.php\/producto\/manifiesto-antirracista-escrituras-para-una-biografia-inmigrante\/#breadcrumb","itemListElement":[{"@type":"ListItem","position":1,"name":"Portada","item":"https:\/\/zapateneo.net\/wordpress\/"},{"@type":"ListItem","position":2,"name":"Tienda","item":"https:\/\/zapateneo.net\/wordpress\/"},{"@type":"ListItem","position":3,"name":"MANIFIESTO ANTIRRACISTA Escrituras para una biograf\u00eda inmigrante"}]},{"@type":"WebSite","@id":"https:\/\/zapateneo.net\/wordpress\/#website","url":"https:\/\/zapateneo.net\/wordpress\/","name":"Zapateneo","description":"Zapateneoaren webgunea","publisher":{"@id":"https:\/\/zapateneo.net\/wordpress\/#organization"},"potentialAction":[{"@type":"SearchAction","target":{"@type":"EntryPoint","urlTemplate":"https:\/\/zapateneo.net\/wordpress\/?s={search_term_string}"},"query-input":{"@type":"PropertyValueSpecification","valueRequired":true,"valueName":"search_term_string"}}],"inLanguage":"es"},{"@type":"Organization","@id":"https:\/\/zapateneo.net\/wordpress\/#organization","name":"Zapateneo Kultur Elkartea","url":"https:\/\/zapateneo.net\/wordpress\/","logo":{"@type":"ImageObject","inLanguage":"es","@id":"https:\/\/zapateneo.net\/wordpress\/#\/schema\/logo\/image\/","url":"https:\/\/zapateneo.net\/wordpress\/wp-content\/uploads\/2021\/04\/zap-libu-kolec.jpg","contentUrl":"https:\/\/zapateneo.net\/wordpress\/wp-content\/uploads\/2021\/04\/zap-libu-kolec.jpg","width":2234,"height":398,"caption":"Zapateneo Kultur Elkartea"},"image":{"@id":"https:\/\/zapateneo.net\/wordpress\/#\/schema\/logo\/image\/"},"sameAs":["https:\/\/x.com\/zapateneo"]}]}},"_links":{"self":[{"href":"https:\/\/zapateneo.net\/wordpress\/index.php\/wp-json\/wp\/v2\/product\/10927","targetHints":{"allow":["GET"]}}],"collection":[{"href":"https:\/\/zapateneo.net\/wordpress\/index.php\/wp-json\/wp\/v2\/product"}],"about":[{"href":"https:\/\/zapateneo.net\/wordpress\/index.php\/wp-json\/wp\/v2\/types\/product"}],"wp:featuredmedia":[{"embeddable":true,"href":"https:\/\/zapateneo.net\/wordpress\/index.php\/wp-json\/wp\/v2\/media\/10956"}],"wp:attachment":[{"href":"https:\/\/zapateneo.net\/wordpress\/index.php\/wp-json\/wp\/v2\/media?parent=10927"}],"wp:term":[{"taxonomy":"product_brand","embeddable":true,"href":"https:\/\/zapateneo.net\/wordpress\/index.php\/wp-json\/wp\/v2\/product_brand?post=10927"},{"taxonomy":"product_cat","embeddable":true,"href":"https:\/\/zapateneo.net\/wordpress\/index.php\/wp-json\/wp\/v2\/product_cat?post=10927"},{"taxonomy":"product_tag","embeddable":true,"href":"https:\/\/zapateneo.net\/wordpress\/index.php\/wp-json\/wp\/v2\/product_tag?post=10927"}],"curies":[{"name":"wp","href":"https:\/\/api.w.org\/{rel}","templated":true}]}}