{"id":10925,"date":"2022-05-08T18:40:43","date_gmt":"2022-05-08T17:40:43","guid":{"rendered":"https:\/\/zapateneo.net\/wordpress\/?post_type=product&#038;p=10925"},"modified":"2022-05-08T18:40:53","modified_gmt":"2022-05-08T17:40:53","slug":"sobre-la-impotencia-la-vida-en-la-era-de-su-paralisis-frenetica","status":"publish","type":"product","link":"https:\/\/zapateneo.net\/wordpress\/index.php\/producto\/sobre-la-impotencia-la-vida-en-la-era-de-su-paralisis-frenetica\/","title":{"rendered":"Sobre la impotencia. La vida en la era de su par\u00e1lisis fren\u00e9tica"},"content":{"rendered":"<p>Paolo Virno constata lo evidente: las formas de vida contempor\u00e1neas est\u00e1n marcadas por la impotencia. Sea que est\u00e9 en juego un amor sin igual o la lucha contra el trabajo precario, una par\u00e1lisis fren\u00e9tica aprisiona la acci\u00f3n y el discurso.<\/p>\n<p>No se logra hacer aquello que conviene y se desea, y al mismo tiempo no somos capaces de sufrir de manera apropiada los golpes a los que estamos sometidos. Pero all\u00ed donde parece haber una falta, el fil\u00f3sofo italiano encuentra un exceso de competencias y habilidades. Saboreamos la potencia, pero no la podemos volver acto; situaci\u00f3n que genera todo un cat\u00e1logo de pasiones tristes: arrogancia manchada de abatimiento, timidez descarada, alegr\u00eda por los naufragios, resignaci\u00f3n beligerante, solidaridad refunfu\u00f1ante.<\/p>\n<p>\u00bfC\u00f3mo conjurar colectivamente esta par\u00e1lisis ansiosa que coloniza la acci\u00f3n y el discurso al punto que inhibe hasta la capacidad de padecer? \u00bfMediante qu\u00e9 h\u00e1bitos e instituciones comunes es posible escapar del agotador estado de impotencia cr\u00f3nica, de la disposici\u00f3n taquic\u00e1rdica y precarizante a estar \u00absiempre listos\u00bb?<\/p>\n<p>Paolo Virno (N\u00e1poles, 1952) es fil\u00f3sofo, semi\u00f3logo, acad\u00e9mico y activista pol\u00edtico. Militante del obrerismo italiano, miembro de la organizaci\u00f3n Potere Operario y cofundador de la revista Metropoli, fue detenido y encarcelado en 1979 y pas\u00f3 varios a\u00f1os en prisi\u00f3n antes de ser absuelto. Ha desarrollado una intensa labor de pensamiento, plasmada en numerosos libros y una sostenida participaci\u00f3n en revistas como Luogo Comune, Futur Ant\u00e8rieur, DeriveApprodi y Forme di vita. Actualmente ense\u00f1a Filosof\u00eda del lenguaje en la Universidad de Roma III.<\/p>\n<p>Algunos de sus libros publicados en espa\u00f1ol son: Virtuosismo y revoluci\u00f3n. La acci\u00f3n pol\u00edtica en la era del desencanto (Traficantes de Sue\u00f1os, 2003); Gram\u00e1tica de la multitud. Para un an\u00e1lisis de las formas de vida contempor\u00e1neas (TdS, 2003); El recuerdo del presente. Ensayo sobre el tiempo hist\u00f3rico (Paid\u00f3s, 2003); Cuando el verbo se hace carne. Lenguaje y naturaleza humana (Tinta Lim\u00f3n y Traficantes de Sue\u00f1os, 2004); Palabras con palabras. Poderes y l\u00edmites del lenguaje (Paid\u00f3s, 2004); Ambivalencia de la multitud. Entre la innovaci\u00f3n y la negatividad (Tinta Lim\u00f3n, 2006, Reedici\u00f3n aumentada, 2011); Ejercicios de \u00e9xodo. Lenguaje y acci\u00f3n pol\u00edtica (Tercero incluido, 2021).<\/p>\n","protected":false},"excerpt":{"rendered":"<p><strong>Paolo Virno<\/strong><br \/>\n9788412189445 &#8211; Tercero incluido &#8211; 2022 &#8211; 158 p\u00e1ginas \/orri.<\/p>\n","protected":false},"featured_media":10954,"template":"","meta":[],"product_brand":[],"product_cat":[16,173],"product_tag":[926,74],"class_list":{"0":"post-10925","1":"product","2":"type-product","3":"status-publish","4":"has-post-thumbnail","6":"product_cat-libros","7":"product_cat-saiakera-ensayo","8":"product_tag-paolo-virno","9":"product_tag-tercero-incluido","11":"first","12":"instock","13":"sold-individually","14":"shipping-taxable","15":"purchasable","16":"product-type-simple"},"yoast_head":"<!-- This site is optimized with the Yoast SEO plugin v27.3 - https:\/\/yoast.com\/product\/yoast-seo-wordpress\/ -->\n<title>Sobre la impotencia. La vida en la era de su par\u00e1lisis fren\u00e9tica &#8212; Zapateneo<\/title>\n<meta name=\"robots\" content=\"index, follow, max-snippet:-1, max-image-preview:large, max-video-preview:-1\" \/>\n<link rel=\"canonical\" href=\"https:\/\/zapateneo.net\/wordpress\/index.php\/producto\/sobre-la-impotencia-la-vida-en-la-era-de-su-paralisis-frenetica\/\" \/>\n<meta property=\"og:locale\" content=\"es_ES\" \/>\n<meta property=\"og:type\" content=\"article\" \/>\n<meta property=\"og:title\" content=\"Sobre la impotencia. La vida en la era de su par\u00e1lisis fren\u00e9tica &#8212; Zapateneo\" \/>\n<meta property=\"og:description\" content=\"Paolo Virno 9788412189445 - Tercero incluido - 2022 - 158 p\u00e1ginas \/orri.\" \/>\n<meta property=\"og:url\" content=\"https:\/\/zapateneo.net\/wordpress\/index.php\/producto\/sobre-la-impotencia-la-vida-en-la-era-de-su-paralisis-frenetica\/\" \/>\n<meta property=\"og:site_name\" content=\"Zapateneo\" \/>\n<meta property=\"article:modified_time\" content=\"2022-05-08T17:40:53+00:00\" \/>\n<meta name=\"twitter:card\" content=\"summary_large_image\" \/>\n<meta name=\"twitter:site\" content=\"@zapateneo\" \/>\n<meta name=\"twitter:label1\" content=\"Tiempo de lectura\" \/>\n\t<meta name=\"twitter:data1\" content=\"2 minutos\" \/>\n<script type=\"application\/ld+json\" class=\"yoast-schema-graph\">{\"@context\":\"https:\\\/\\\/schema.org\",\"@graph\":[{\"@type\":\"WebPage\",\"@id\":\"https:\\\/\\\/zapateneo.net\\\/wordpress\\\/index.php\\\/producto\\\/sobre-la-impotencia-la-vida-en-la-era-de-su-paralisis-frenetica\\\/\",\"url\":\"https:\\\/\\\/zapateneo.net\\\/wordpress\\\/index.php\\\/producto\\\/sobre-la-impotencia-la-vida-en-la-era-de-su-paralisis-frenetica\\\/\",\"name\":\"Sobre la impotencia. La vida en la era de su par\u00e1lisis fren\u00e9tica &#8212; Zapateneo\",\"isPartOf\":{\"@id\":\"https:\\\/\\\/zapateneo.net\\\/wordpress\\\/#website\"},\"primaryImageOfPage\":{\"@id\":\"https:\\\/\\\/zapateneo.net\\\/wordpress\\\/index.php\\\/producto\\\/sobre-la-impotencia-la-vida-en-la-era-de-su-paralisis-frenetica\\\/#primaryimage\"},\"image\":{\"@id\":\"https:\\\/\\\/zapateneo.net\\\/wordpress\\\/index.php\\\/producto\\\/sobre-la-impotencia-la-vida-en-la-era-de-su-paralisis-frenetica\\\/#primaryimage\"},\"thumbnailUrl\":\"https:\\\/\\\/zapateneo.net\\\/wordpress\\\/wp-content\\\/uploads\\\/2022\\\/05\\\/9788412189445.jpg\",\"datePublished\":\"2022-05-08T17:40:43+00:00\",\"dateModified\":\"2022-05-08T17:40:53+00:00\",\"breadcrumb\":{\"@id\":\"https:\\\/\\\/zapateneo.net\\\/wordpress\\\/index.php\\\/producto\\\/sobre-la-impotencia-la-vida-en-la-era-de-su-paralisis-frenetica\\\/#breadcrumb\"},\"inLanguage\":\"es\",\"potentialAction\":[{\"@type\":\"ReadAction\",\"target\":[\"https:\\\/\\\/zapateneo.net\\\/wordpress\\\/index.php\\\/producto\\\/sobre-la-impotencia-la-vida-en-la-era-de-su-paralisis-frenetica\\\/\"]}]},{\"@type\":\"ImageObject\",\"inLanguage\":\"es\",\"@id\":\"https:\\\/\\\/zapateneo.net\\\/wordpress\\\/index.php\\\/producto\\\/sobre-la-impotencia-la-vida-en-la-era-de-su-paralisis-frenetica\\\/#primaryimage\",\"url\":\"https:\\\/\\\/zapateneo.net\\\/wordpress\\\/wp-content\\\/uploads\\\/2022\\\/05\\\/9788412189445.jpg\",\"contentUrl\":\"https:\\\/\\\/zapateneo.net\\\/wordpress\\\/wp-content\\\/uploads\\\/2022\\\/05\\\/9788412189445.jpg\",\"width\":240,\"height\":360},{\"@type\":\"BreadcrumbList\",\"@id\":\"https:\\\/\\\/zapateneo.net\\\/wordpress\\\/index.php\\\/producto\\\/sobre-la-impotencia-la-vida-en-la-era-de-su-paralisis-frenetica\\\/#breadcrumb\",\"itemListElement\":[{\"@type\":\"ListItem\",\"position\":1,\"name\":\"Portada\",\"item\":\"https:\\\/\\\/zapateneo.net\\\/wordpress\\\/\"},{\"@type\":\"ListItem\",\"position\":2,\"name\":\"Tienda\",\"item\":\"https:\\\/\\\/zapateneo.net\\\/wordpress\\\/\"},{\"@type\":\"ListItem\",\"position\":3,\"name\":\"Sobre la impotencia. La vida en la era de su par\u00e1lisis fren\u00e9tica\"}]},{\"@type\":\"WebSite\",\"@id\":\"https:\\\/\\\/zapateneo.net\\\/wordpress\\\/#website\",\"url\":\"https:\\\/\\\/zapateneo.net\\\/wordpress\\\/\",\"name\":\"Zapateneo\",\"description\":\"Zapateneoaren webgunea\",\"publisher\":{\"@id\":\"https:\\\/\\\/zapateneo.net\\\/wordpress\\\/#organization\"},\"potentialAction\":[{\"@type\":\"SearchAction\",\"target\":{\"@type\":\"EntryPoint\",\"urlTemplate\":\"https:\\\/\\\/zapateneo.net\\\/wordpress\\\/?s={search_term_string}\"},\"query-input\":{\"@type\":\"PropertyValueSpecification\",\"valueRequired\":true,\"valueName\":\"search_term_string\"}}],\"inLanguage\":\"es\"},{\"@type\":\"Organization\",\"@id\":\"https:\\\/\\\/zapateneo.net\\\/wordpress\\\/#organization\",\"name\":\"Zapateneo Kultur Elkartea\",\"url\":\"https:\\\/\\\/zapateneo.net\\\/wordpress\\\/\",\"logo\":{\"@type\":\"ImageObject\",\"inLanguage\":\"es\",\"@id\":\"https:\\\/\\\/zapateneo.net\\\/wordpress\\\/#\\\/schema\\\/logo\\\/image\\\/\",\"url\":\"https:\\\/\\\/zapateneo.net\\\/wordpress\\\/wp-content\\\/uploads\\\/2021\\\/04\\\/zap-libu-kolec.jpg\",\"contentUrl\":\"https:\\\/\\\/zapateneo.net\\\/wordpress\\\/wp-content\\\/uploads\\\/2021\\\/04\\\/zap-libu-kolec.jpg\",\"width\":2234,\"height\":398,\"caption\":\"Zapateneo Kultur Elkartea\"},\"image\":{\"@id\":\"https:\\\/\\\/zapateneo.net\\\/wordpress\\\/#\\\/schema\\\/logo\\\/image\\\/\"},\"sameAs\":[\"https:\\\/\\\/x.com\\\/zapateneo\"]}]}<\/script>\n<!-- \/ Yoast SEO plugin. -->","yoast_head_json":{"title":"Sobre la impotencia. La vida en la era de su par\u00e1lisis fren\u00e9tica &#8212; Zapateneo","robots":{"index":"index","follow":"follow","max-snippet":"max-snippet:-1","max-image-preview":"max-image-preview:large","max-video-preview":"max-video-preview:-1"},"canonical":"https:\/\/zapateneo.net\/wordpress\/index.php\/producto\/sobre-la-impotencia-la-vida-en-la-era-de-su-paralisis-frenetica\/","og_locale":"es_ES","og_type":"article","og_title":"Sobre la impotencia. La vida en la era de su par\u00e1lisis fren\u00e9tica &#8212; Zapateneo","og_description":"Paolo Virno 9788412189445 - Tercero incluido - 2022 - 158 p\u00e1ginas \/orri.","og_url":"https:\/\/zapateneo.net\/wordpress\/index.php\/producto\/sobre-la-impotencia-la-vida-en-la-era-de-su-paralisis-frenetica\/","og_site_name":"Zapateneo","article_modified_time":"2022-05-08T17:40:53+00:00","twitter_card":"summary_large_image","twitter_site":"@zapateneo","twitter_misc":{"Tiempo de lectura":"2 minutos"},"schema":{"@context":"https:\/\/schema.org","@graph":[{"@type":"WebPage","@id":"https:\/\/zapateneo.net\/wordpress\/index.php\/producto\/sobre-la-impotencia-la-vida-en-la-era-de-su-paralisis-frenetica\/","url":"https:\/\/zapateneo.net\/wordpress\/index.php\/producto\/sobre-la-impotencia-la-vida-en-la-era-de-su-paralisis-frenetica\/","name":"Sobre la impotencia. La vida en la era de su par\u00e1lisis fren\u00e9tica &#8212; Zapateneo","isPartOf":{"@id":"https:\/\/zapateneo.net\/wordpress\/#website"},"primaryImageOfPage":{"@id":"https:\/\/zapateneo.net\/wordpress\/index.php\/producto\/sobre-la-impotencia-la-vida-en-la-era-de-su-paralisis-frenetica\/#primaryimage"},"image":{"@id":"https:\/\/zapateneo.net\/wordpress\/index.php\/producto\/sobre-la-impotencia-la-vida-en-la-era-de-su-paralisis-frenetica\/#primaryimage"},"thumbnailUrl":"https:\/\/zapateneo.net\/wordpress\/wp-content\/uploads\/2022\/05\/9788412189445.jpg","datePublished":"2022-05-08T17:40:43+00:00","dateModified":"2022-05-08T17:40:53+00:00","breadcrumb":{"@id":"https:\/\/zapateneo.net\/wordpress\/index.php\/producto\/sobre-la-impotencia-la-vida-en-la-era-de-su-paralisis-frenetica\/#breadcrumb"},"inLanguage":"es","potentialAction":[{"@type":"ReadAction","target":["https:\/\/zapateneo.net\/wordpress\/index.php\/producto\/sobre-la-impotencia-la-vida-en-la-era-de-su-paralisis-frenetica\/"]}]},{"@type":"ImageObject","inLanguage":"es","@id":"https:\/\/zapateneo.net\/wordpress\/index.php\/producto\/sobre-la-impotencia-la-vida-en-la-era-de-su-paralisis-frenetica\/#primaryimage","url":"https:\/\/zapateneo.net\/wordpress\/wp-content\/uploads\/2022\/05\/9788412189445.jpg","contentUrl":"https:\/\/zapateneo.net\/wordpress\/wp-content\/uploads\/2022\/05\/9788412189445.jpg","width":240,"height":360},{"@type":"BreadcrumbList","@id":"https:\/\/zapateneo.net\/wordpress\/index.php\/producto\/sobre-la-impotencia-la-vida-en-la-era-de-su-paralisis-frenetica\/#breadcrumb","itemListElement":[{"@type":"ListItem","position":1,"name":"Portada","item":"https:\/\/zapateneo.net\/wordpress\/"},{"@type":"ListItem","position":2,"name":"Tienda","item":"https:\/\/zapateneo.net\/wordpress\/"},{"@type":"ListItem","position":3,"name":"Sobre la impotencia. La vida en la era de su par\u00e1lisis fren\u00e9tica"}]},{"@type":"WebSite","@id":"https:\/\/zapateneo.net\/wordpress\/#website","url":"https:\/\/zapateneo.net\/wordpress\/","name":"Zapateneo","description":"Zapateneoaren webgunea","publisher":{"@id":"https:\/\/zapateneo.net\/wordpress\/#organization"},"potentialAction":[{"@type":"SearchAction","target":{"@type":"EntryPoint","urlTemplate":"https:\/\/zapateneo.net\/wordpress\/?s={search_term_string}"},"query-input":{"@type":"PropertyValueSpecification","valueRequired":true,"valueName":"search_term_string"}}],"inLanguage":"es"},{"@type":"Organization","@id":"https:\/\/zapateneo.net\/wordpress\/#organization","name":"Zapateneo Kultur Elkartea","url":"https:\/\/zapateneo.net\/wordpress\/","logo":{"@type":"ImageObject","inLanguage":"es","@id":"https:\/\/zapateneo.net\/wordpress\/#\/schema\/logo\/image\/","url":"https:\/\/zapateneo.net\/wordpress\/wp-content\/uploads\/2021\/04\/zap-libu-kolec.jpg","contentUrl":"https:\/\/zapateneo.net\/wordpress\/wp-content\/uploads\/2021\/04\/zap-libu-kolec.jpg","width":2234,"height":398,"caption":"Zapateneo Kultur Elkartea"},"image":{"@id":"https:\/\/zapateneo.net\/wordpress\/#\/schema\/logo\/image\/"},"sameAs":["https:\/\/x.com\/zapateneo"]}]}},"_links":{"self":[{"href":"https:\/\/zapateneo.net\/wordpress\/index.php\/wp-json\/wp\/v2\/product\/10925","targetHints":{"allow":["GET"]}}],"collection":[{"href":"https:\/\/zapateneo.net\/wordpress\/index.php\/wp-json\/wp\/v2\/product"}],"about":[{"href":"https:\/\/zapateneo.net\/wordpress\/index.php\/wp-json\/wp\/v2\/types\/product"}],"wp:featuredmedia":[{"embeddable":true,"href":"https:\/\/zapateneo.net\/wordpress\/index.php\/wp-json\/wp\/v2\/media\/10954"}],"wp:attachment":[{"href":"https:\/\/zapateneo.net\/wordpress\/index.php\/wp-json\/wp\/v2\/media?parent=10925"}],"wp:term":[{"taxonomy":"product_brand","embeddable":true,"href":"https:\/\/zapateneo.net\/wordpress\/index.php\/wp-json\/wp\/v2\/product_brand?post=10925"},{"taxonomy":"product_cat","embeddable":true,"href":"https:\/\/zapateneo.net\/wordpress\/index.php\/wp-json\/wp\/v2\/product_cat?post=10925"},{"taxonomy":"product_tag","embeddable":true,"href":"https:\/\/zapateneo.net\/wordpress\/index.php\/wp-json\/wp\/v2\/product_tag?post=10925"}],"curies":[{"name":"wp","href":"https:\/\/api.w.org\/{rel}","templated":true}]}}