{"id":10923,"date":"2022-05-08T18:40:43","date_gmt":"2022-05-08T17:40:43","guid":{"rendered":"https:\/\/zapateneo.net\/wordpress\/?post_type=product&#038;p=10923"},"modified":"2022-05-08T18:40:51","modified_gmt":"2022-05-08T17:40:51","slug":"la-domesticacion-de-las-mujeres-patriarcado-y-genero-en-la-historia-peruana","status":"publish","type":"product","link":"https:\/\/zapateneo.net\/wordpress\/index.php\/producto\/la-domesticacion-de-las-mujeres-patriarcado-y-genero-en-la-historia-peruana\/","title":{"rendered":"La domesticaci\u00f3n de las mujeres. Patriarcado y g\u00e9nero en la historia peruana"},"content":{"rendered":"<p>Hay un grito en las calles que cada vez cobra m\u00e1s fuerza. Las mujeres se sienten vulnerables en todo el mundo. Por ello, para conocer esta problem\u00e1tica es necesario tender puentes con la historia: las variables del Estado y la Iglesia juegan un rol muy importante en ello. Cierto status quo ha definido roles a los sexos biol\u00f3gicos y en el caso peruano, que tanto se puede parecer al espa\u00f1ol, el descuido del Estado y la delegaci\u00f3n en la Iglesia cat\u00f3lica de la educaci\u00f3n infantil han generado un error sistem\u00e1tico. \u00bfQu\u00e9 tan com\u00fan es el sentido com\u00fan impuesto por estas instituciones?<\/p>\n<p>En los art\u00edculos que recoge este libro, Mariemma Mannarelli analiza el proceso hist\u00f3rico que ha permitido la domesticaci\u00f3n y subordinaci\u00f3n de las mujeres, poniendo \u00e9nfasis en los entramados culturales que potenciaron la regulaci\u00f3n y el control de la sexualidad. Las piezas de este gran rompecabezas \u2014valores pol\u00edticos patriarcales, ideolog\u00edas religiosas jer\u00e1rquicas, un Estado d\u00e9bil incapaz de consolidar un espacio p\u00fablico laico, entre otras\u2014 son develadas por la autora, aclarando nuestras ideas y prepar\u00e1ndonos para uno de los debates m\u00e1s importantes de este siglo: entender el origen del grito.<\/p>\n","protected":false},"excerpt":{"rendered":"<p><strong>Mariemma Mannarelli<\/strong><br \/>\n9786124698583 &#8211; La sinisiestra &#8211; 2018 &#8211; 208 p\u00e1ginas \/orri.<\/p>\n","protected":false},"featured_media":10952,"template":"","meta":[],"product_brand":[],"product_cat":[174,16],"product_tag":[5491,5490],"class_list":{"0":"post-10923","1":"product","2":"type-product","3":"status-publish","4":"has-post-thumbnail","6":"product_cat-generoak-generos","7":"product_cat-libros","8":"product_tag-la-sinisiestra","9":"product_tag-mariemma-mannarelli","11":"first","12":"instock","13":"sold-individually","14":"shipping-taxable","15":"purchasable","16":"product-type-simple"},"yoast_head":"<!-- This site is optimized with the Yoast SEO plugin v27.3 - https:\/\/yoast.com\/product\/yoast-seo-wordpress\/ -->\n<title>La domesticaci\u00f3n de las mujeres. Patriarcado y g\u00e9nero en la historia peruana &#8212; Zapateneo<\/title>\n<meta name=\"robots\" content=\"index, follow, max-snippet:-1, max-image-preview:large, max-video-preview:-1\" \/>\n<link rel=\"canonical\" href=\"https:\/\/zapateneo.net\/wordpress\/index.php\/producto\/la-domesticacion-de-las-mujeres-patriarcado-y-genero-en-la-historia-peruana\/\" \/>\n<meta property=\"og:locale\" content=\"es_ES\" \/>\n<meta property=\"og:type\" content=\"article\" \/>\n<meta property=\"og:title\" content=\"La domesticaci\u00f3n de las mujeres. Patriarcado y g\u00e9nero en la historia peruana &#8212; Zapateneo\" \/>\n<meta property=\"og:description\" content=\"Mariemma Mannarelli 9786124698583 - La sinisiestra - 2018 - 208 p\u00e1ginas \/orri.\" \/>\n<meta property=\"og:url\" content=\"https:\/\/zapateneo.net\/wordpress\/index.php\/producto\/la-domesticacion-de-las-mujeres-patriarcado-y-genero-en-la-historia-peruana\/\" \/>\n<meta property=\"og:site_name\" content=\"Zapateneo\" \/>\n<meta property=\"article:modified_time\" content=\"2022-05-08T17:40:51+00:00\" \/>\n<meta name=\"twitter:card\" content=\"summary_large_image\" \/>\n<meta name=\"twitter:site\" content=\"@zapateneo\" \/>\n<meta name=\"twitter:label1\" content=\"Tiempo de lectura\" \/>\n\t<meta name=\"twitter:data1\" content=\"1 minuto\" \/>\n<script type=\"application\/ld+json\" class=\"yoast-schema-graph\">{\"@context\":\"https:\\\/\\\/schema.org\",\"@graph\":[{\"@type\":\"WebPage\",\"@id\":\"https:\\\/\\\/zapateneo.net\\\/wordpress\\\/index.php\\\/producto\\\/la-domesticacion-de-las-mujeres-patriarcado-y-genero-en-la-historia-peruana\\\/\",\"url\":\"https:\\\/\\\/zapateneo.net\\\/wordpress\\\/index.php\\\/producto\\\/la-domesticacion-de-las-mujeres-patriarcado-y-genero-en-la-historia-peruana\\\/\",\"name\":\"La domesticaci\u00f3n de las mujeres. Patriarcado y g\u00e9nero en la historia peruana &#8212; Zapateneo\",\"isPartOf\":{\"@id\":\"https:\\\/\\\/zapateneo.net\\\/wordpress\\\/#website\"},\"primaryImageOfPage\":{\"@id\":\"https:\\\/\\\/zapateneo.net\\\/wordpress\\\/index.php\\\/producto\\\/la-domesticacion-de-las-mujeres-patriarcado-y-genero-en-la-historia-peruana\\\/#primaryimage\"},\"image\":{\"@id\":\"https:\\\/\\\/zapateneo.net\\\/wordpress\\\/index.php\\\/producto\\\/la-domesticacion-de-las-mujeres-patriarcado-y-genero-en-la-historia-peruana\\\/#primaryimage\"},\"thumbnailUrl\":\"https:\\\/\\\/zapateneo.net\\\/wordpress\\\/wp-content\\\/uploads\\\/2022\\\/05\\\/9786124698583.jpg\",\"datePublished\":\"2022-05-08T17:40:43+00:00\",\"dateModified\":\"2022-05-08T17:40:51+00:00\",\"breadcrumb\":{\"@id\":\"https:\\\/\\\/zapateneo.net\\\/wordpress\\\/index.php\\\/producto\\\/la-domesticacion-de-las-mujeres-patriarcado-y-genero-en-la-historia-peruana\\\/#breadcrumb\"},\"inLanguage\":\"es\",\"potentialAction\":[{\"@type\":\"ReadAction\",\"target\":[\"https:\\\/\\\/zapateneo.net\\\/wordpress\\\/index.php\\\/producto\\\/la-domesticacion-de-las-mujeres-patriarcado-y-genero-en-la-historia-peruana\\\/\"]}]},{\"@type\":\"ImageObject\",\"inLanguage\":\"es\",\"@id\":\"https:\\\/\\\/zapateneo.net\\\/wordpress\\\/index.php\\\/producto\\\/la-domesticacion-de-las-mujeres-patriarcado-y-genero-en-la-historia-peruana\\\/#primaryimage\",\"url\":\"https:\\\/\\\/zapateneo.net\\\/wordpress\\\/wp-content\\\/uploads\\\/2022\\\/05\\\/9786124698583.jpg\",\"contentUrl\":\"https:\\\/\\\/zapateneo.net\\\/wordpress\\\/wp-content\\\/uploads\\\/2022\\\/05\\\/9786124698583.jpg\",\"width\":272,\"height\":400},{\"@type\":\"BreadcrumbList\",\"@id\":\"https:\\\/\\\/zapateneo.net\\\/wordpress\\\/index.php\\\/producto\\\/la-domesticacion-de-las-mujeres-patriarcado-y-genero-en-la-historia-peruana\\\/#breadcrumb\",\"itemListElement\":[{\"@type\":\"ListItem\",\"position\":1,\"name\":\"Portada\",\"item\":\"https:\\\/\\\/zapateneo.net\\\/wordpress\\\/\"},{\"@type\":\"ListItem\",\"position\":2,\"name\":\"Tienda\",\"item\":\"https:\\\/\\\/zapateneo.net\\\/wordpress\\\/\"},{\"@type\":\"ListItem\",\"position\":3,\"name\":\"La domesticaci\u00f3n de las mujeres. Patriarcado y g\u00e9nero en la historia peruana\"}]},{\"@type\":\"WebSite\",\"@id\":\"https:\\\/\\\/zapateneo.net\\\/wordpress\\\/#website\",\"url\":\"https:\\\/\\\/zapateneo.net\\\/wordpress\\\/\",\"name\":\"Zapateneo\",\"description\":\"Zapateneoaren webgunea\",\"publisher\":{\"@id\":\"https:\\\/\\\/zapateneo.net\\\/wordpress\\\/#organization\"},\"potentialAction\":[{\"@type\":\"SearchAction\",\"target\":{\"@type\":\"EntryPoint\",\"urlTemplate\":\"https:\\\/\\\/zapateneo.net\\\/wordpress\\\/?s={search_term_string}\"},\"query-input\":{\"@type\":\"PropertyValueSpecification\",\"valueRequired\":true,\"valueName\":\"search_term_string\"}}],\"inLanguage\":\"es\"},{\"@type\":\"Organization\",\"@id\":\"https:\\\/\\\/zapateneo.net\\\/wordpress\\\/#organization\",\"name\":\"Zapateneo Kultur Elkartea\",\"url\":\"https:\\\/\\\/zapateneo.net\\\/wordpress\\\/\",\"logo\":{\"@type\":\"ImageObject\",\"inLanguage\":\"es\",\"@id\":\"https:\\\/\\\/zapateneo.net\\\/wordpress\\\/#\\\/schema\\\/logo\\\/image\\\/\",\"url\":\"https:\\\/\\\/zapateneo.net\\\/wordpress\\\/wp-content\\\/uploads\\\/2021\\\/04\\\/zap-libu-kolec.jpg\",\"contentUrl\":\"https:\\\/\\\/zapateneo.net\\\/wordpress\\\/wp-content\\\/uploads\\\/2021\\\/04\\\/zap-libu-kolec.jpg\",\"width\":2234,\"height\":398,\"caption\":\"Zapateneo Kultur Elkartea\"},\"image\":{\"@id\":\"https:\\\/\\\/zapateneo.net\\\/wordpress\\\/#\\\/schema\\\/logo\\\/image\\\/\"},\"sameAs\":[\"https:\\\/\\\/x.com\\\/zapateneo\"]}]}<\/script>\n<!-- \/ Yoast SEO plugin. -->","yoast_head_json":{"title":"La domesticaci\u00f3n de las mujeres. Patriarcado y g\u00e9nero en la historia peruana &#8212; Zapateneo","robots":{"index":"index","follow":"follow","max-snippet":"max-snippet:-1","max-image-preview":"max-image-preview:large","max-video-preview":"max-video-preview:-1"},"canonical":"https:\/\/zapateneo.net\/wordpress\/index.php\/producto\/la-domesticacion-de-las-mujeres-patriarcado-y-genero-en-la-historia-peruana\/","og_locale":"es_ES","og_type":"article","og_title":"La domesticaci\u00f3n de las mujeres. Patriarcado y g\u00e9nero en la historia peruana &#8212; Zapateneo","og_description":"Mariemma Mannarelli 9786124698583 - La sinisiestra - 2018 - 208 p\u00e1ginas \/orri.","og_url":"https:\/\/zapateneo.net\/wordpress\/index.php\/producto\/la-domesticacion-de-las-mujeres-patriarcado-y-genero-en-la-historia-peruana\/","og_site_name":"Zapateneo","article_modified_time":"2022-05-08T17:40:51+00:00","twitter_card":"summary_large_image","twitter_site":"@zapateneo","twitter_misc":{"Tiempo de lectura":"1 minuto"},"schema":{"@context":"https:\/\/schema.org","@graph":[{"@type":"WebPage","@id":"https:\/\/zapateneo.net\/wordpress\/index.php\/producto\/la-domesticacion-de-las-mujeres-patriarcado-y-genero-en-la-historia-peruana\/","url":"https:\/\/zapateneo.net\/wordpress\/index.php\/producto\/la-domesticacion-de-las-mujeres-patriarcado-y-genero-en-la-historia-peruana\/","name":"La domesticaci\u00f3n de las mujeres. Patriarcado y g\u00e9nero en la historia peruana &#8212; Zapateneo","isPartOf":{"@id":"https:\/\/zapateneo.net\/wordpress\/#website"},"primaryImageOfPage":{"@id":"https:\/\/zapateneo.net\/wordpress\/index.php\/producto\/la-domesticacion-de-las-mujeres-patriarcado-y-genero-en-la-historia-peruana\/#primaryimage"},"image":{"@id":"https:\/\/zapateneo.net\/wordpress\/index.php\/producto\/la-domesticacion-de-las-mujeres-patriarcado-y-genero-en-la-historia-peruana\/#primaryimage"},"thumbnailUrl":"https:\/\/zapateneo.net\/wordpress\/wp-content\/uploads\/2022\/05\/9786124698583.jpg","datePublished":"2022-05-08T17:40:43+00:00","dateModified":"2022-05-08T17:40:51+00:00","breadcrumb":{"@id":"https:\/\/zapateneo.net\/wordpress\/index.php\/producto\/la-domesticacion-de-las-mujeres-patriarcado-y-genero-en-la-historia-peruana\/#breadcrumb"},"inLanguage":"es","potentialAction":[{"@type":"ReadAction","target":["https:\/\/zapateneo.net\/wordpress\/index.php\/producto\/la-domesticacion-de-las-mujeres-patriarcado-y-genero-en-la-historia-peruana\/"]}]},{"@type":"ImageObject","inLanguage":"es","@id":"https:\/\/zapateneo.net\/wordpress\/index.php\/producto\/la-domesticacion-de-las-mujeres-patriarcado-y-genero-en-la-historia-peruana\/#primaryimage","url":"https:\/\/zapateneo.net\/wordpress\/wp-content\/uploads\/2022\/05\/9786124698583.jpg","contentUrl":"https:\/\/zapateneo.net\/wordpress\/wp-content\/uploads\/2022\/05\/9786124698583.jpg","width":272,"height":400},{"@type":"BreadcrumbList","@id":"https:\/\/zapateneo.net\/wordpress\/index.php\/producto\/la-domesticacion-de-las-mujeres-patriarcado-y-genero-en-la-historia-peruana\/#breadcrumb","itemListElement":[{"@type":"ListItem","position":1,"name":"Portada","item":"https:\/\/zapateneo.net\/wordpress\/"},{"@type":"ListItem","position":2,"name":"Tienda","item":"https:\/\/zapateneo.net\/wordpress\/"},{"@type":"ListItem","position":3,"name":"La domesticaci\u00f3n de las mujeres. Patriarcado y g\u00e9nero en la historia peruana"}]},{"@type":"WebSite","@id":"https:\/\/zapateneo.net\/wordpress\/#website","url":"https:\/\/zapateneo.net\/wordpress\/","name":"Zapateneo","description":"Zapateneoaren webgunea","publisher":{"@id":"https:\/\/zapateneo.net\/wordpress\/#organization"},"potentialAction":[{"@type":"SearchAction","target":{"@type":"EntryPoint","urlTemplate":"https:\/\/zapateneo.net\/wordpress\/?s={search_term_string}"},"query-input":{"@type":"PropertyValueSpecification","valueRequired":true,"valueName":"search_term_string"}}],"inLanguage":"es"},{"@type":"Organization","@id":"https:\/\/zapateneo.net\/wordpress\/#organization","name":"Zapateneo Kultur Elkartea","url":"https:\/\/zapateneo.net\/wordpress\/","logo":{"@type":"ImageObject","inLanguage":"es","@id":"https:\/\/zapateneo.net\/wordpress\/#\/schema\/logo\/image\/","url":"https:\/\/zapateneo.net\/wordpress\/wp-content\/uploads\/2021\/04\/zap-libu-kolec.jpg","contentUrl":"https:\/\/zapateneo.net\/wordpress\/wp-content\/uploads\/2021\/04\/zap-libu-kolec.jpg","width":2234,"height":398,"caption":"Zapateneo Kultur Elkartea"},"image":{"@id":"https:\/\/zapateneo.net\/wordpress\/#\/schema\/logo\/image\/"},"sameAs":["https:\/\/x.com\/zapateneo"]}]}},"_links":{"self":[{"href":"https:\/\/zapateneo.net\/wordpress\/index.php\/wp-json\/wp\/v2\/product\/10923","targetHints":{"allow":["GET"]}}],"collection":[{"href":"https:\/\/zapateneo.net\/wordpress\/index.php\/wp-json\/wp\/v2\/product"}],"about":[{"href":"https:\/\/zapateneo.net\/wordpress\/index.php\/wp-json\/wp\/v2\/types\/product"}],"wp:featuredmedia":[{"embeddable":true,"href":"https:\/\/zapateneo.net\/wordpress\/index.php\/wp-json\/wp\/v2\/media\/10952"}],"wp:attachment":[{"href":"https:\/\/zapateneo.net\/wordpress\/index.php\/wp-json\/wp\/v2\/media?parent=10923"}],"wp:term":[{"taxonomy":"product_brand","embeddable":true,"href":"https:\/\/zapateneo.net\/wordpress\/index.php\/wp-json\/wp\/v2\/product_brand?post=10923"},{"taxonomy":"product_cat","embeddable":true,"href":"https:\/\/zapateneo.net\/wordpress\/index.php\/wp-json\/wp\/v2\/product_cat?post=10923"},{"taxonomy":"product_tag","embeddable":true,"href":"https:\/\/zapateneo.net\/wordpress\/index.php\/wp-json\/wp\/v2\/product_tag?post=10923"}],"curies":[{"name":"wp","href":"https:\/\/api.w.org\/{rel}","templated":true}]}}