{"id":10922,"date":"2022-05-08T18:40:42","date_gmt":"2022-05-08T17:40:42","guid":{"rendered":"https:\/\/zapateneo.net\/wordpress\/?post_type=product&#038;p=10922"},"modified":"2022-05-08T18:40:51","modified_gmt":"2022-05-08T17:40:51","slug":"sedados-como-el-capitalismo-moderno-creo-la-crisis-de-salud-mental","status":"publish","type":"product","link":"https:\/\/zapateneo.net\/wordpress\/index.php\/producto\/sedados-como-el-capitalismo-moderno-creo-la-crisis-de-salud-mental\/","title":{"rendered":"Sedados. C\u00f3mo el capitalismo moderno cre\u00f3 la crisis de salud mental"},"content":{"rendered":"<p>En Gran Breta\u00f1a, casi una cuarta parte de la poblaci\u00f3n adulta toma un medicamento psiqui\u00e1trico al a\u00f1o, lo que supone un aumento de m\u00e1s del 500% desde 1980 y las cifras siguen creciendo. Sin embargo, a pesar de esta epidemia de prescripci\u00f3n, los niveles de enfermedades mentales de todo tipo han aumentado en n\u00famero y gravedad.<\/p>\n<p>El Dr. James Davies sostiene, a partir de una gran cantidad de estudios, entrevistas con expertos y an\u00e1lisis detallados, que esto se debe a que hemos caracterizado el problema de forma fundamentalmente err\u00f3nea. Muchas de las personas a las que se les diagnostica y prescribe medicaci\u00f3n psiqui\u00e1trica no padecen problemas biol\u00f3gicamente identificables. En cambio, experimentan las comprensibles y, por supuesto, dolorosas consecuencias humanas de las dificultades vitales: rupturas familiares, problemas en el trabajo, infelicidad en las relaciones, baja autoestima.<\/p>\n<p>Hemos adoptado un modelo m\u00e9dico que sit\u00faa el problema \u00fanicamente en la persona que lo sufre y en su cerebro. Para estas personas se ha producido un desequilibrio en la disposici\u00f3n de ayuda en el que te ofrecen una infinidad de intervenciones farmac\u00e9uticas y m\u00e9dicas frente a las terapias basadas en la conversaci\u00f3n y la prestaci\u00f3n psicol\u00f3gica social, que pueden facilitar mejor el cambio significativo y la recuperaci\u00f3n.<\/p>\n<p>Seg\u00fan el Dr. Davies, \u00abal sedar a las personas sobre las causas y soluciones de su angustia socialmente arraigada \u2014tanto literal como ideol\u00f3gicamente\u2014, nuestro sector de la salud mental ha acallado el impulso de la reforma social, lo que ha distra\u00eddo a las personas de los verdaderos or\u00edgenes de su desesperaci\u00f3n, y ha favorecido resultados principalmente econ\u00f3micos, al tiempo que ha presidido los peores resultados de nuestro sistema sanitario\u00bb.<\/p>\n","protected":false},"excerpt":{"rendered":"<p><strong>James Davies<\/strong><br \/>\n9788412457971 &#8211; Capit\u00e1n Swing &#8211; 2022 &#8211; 320 p\u00e1ginas \/orri.<\/p>\n","protected":false},"featured_media":10951,"template":"","meta":[],"product_brand":[],"product_cat":[16,182],"product_tag":[102,5489],"class_list":{"0":"post-10922","1":"product","2":"type-product","3":"status-publish","4":"has-post-thumbnail","6":"product_cat-libros","7":"product_cat-osasuna-salud","8":"product_tag-capitan-swing","9":"product_tag-james-davies","11":"first","12":"instock","13":"sold-individually","14":"shipping-taxable","15":"purchasable","16":"product-type-simple"},"yoast_head":"<!-- This site is optimized with the Yoast SEO plugin v27.3 - https:\/\/yoast.com\/product\/yoast-seo-wordpress\/ -->\n<title>Sedados. C\u00f3mo el capitalismo moderno cre\u00f3 la crisis de salud mental &#8212; Zapateneo<\/title>\n<meta name=\"robots\" content=\"index, follow, max-snippet:-1, max-image-preview:large, max-video-preview:-1\" \/>\n<link rel=\"canonical\" href=\"https:\/\/zapateneo.net\/wordpress\/index.php\/producto\/sedados-como-el-capitalismo-moderno-creo-la-crisis-de-salud-mental\/\" \/>\n<meta property=\"og:locale\" content=\"es_ES\" \/>\n<meta property=\"og:type\" content=\"article\" \/>\n<meta property=\"og:title\" content=\"Sedados. C\u00f3mo el capitalismo moderno cre\u00f3 la crisis de salud mental &#8212; Zapateneo\" \/>\n<meta property=\"og:description\" content=\"James Davies 9788412457971 - Capit\u00e1n Swing - 2022 - 320 p\u00e1ginas \/orri.\" \/>\n<meta property=\"og:url\" content=\"https:\/\/zapateneo.net\/wordpress\/index.php\/producto\/sedados-como-el-capitalismo-moderno-creo-la-crisis-de-salud-mental\/\" \/>\n<meta property=\"og:site_name\" content=\"Zapateneo\" \/>\n<meta property=\"article:modified_time\" content=\"2022-05-08T17:40:51+00:00\" \/>\n<meta name=\"twitter:card\" content=\"summary_large_image\" \/>\n<meta name=\"twitter:site\" content=\"@zapateneo\" \/>\n<meta name=\"twitter:label1\" content=\"Tiempo de lectura\" \/>\n\t<meta name=\"twitter:data1\" content=\"1 minuto\" \/>\n<script type=\"application\/ld+json\" class=\"yoast-schema-graph\">{\"@context\":\"https:\\\/\\\/schema.org\",\"@graph\":[{\"@type\":\"WebPage\",\"@id\":\"https:\\\/\\\/zapateneo.net\\\/wordpress\\\/index.php\\\/producto\\\/sedados-como-el-capitalismo-moderno-creo-la-crisis-de-salud-mental\\\/\",\"url\":\"https:\\\/\\\/zapateneo.net\\\/wordpress\\\/index.php\\\/producto\\\/sedados-como-el-capitalismo-moderno-creo-la-crisis-de-salud-mental\\\/\",\"name\":\"Sedados. C\u00f3mo el capitalismo moderno cre\u00f3 la crisis de salud mental &#8212; Zapateneo\",\"isPartOf\":{\"@id\":\"https:\\\/\\\/zapateneo.net\\\/wordpress\\\/#website\"},\"primaryImageOfPage\":{\"@id\":\"https:\\\/\\\/zapateneo.net\\\/wordpress\\\/index.php\\\/producto\\\/sedados-como-el-capitalismo-moderno-creo-la-crisis-de-salud-mental\\\/#primaryimage\"},\"image\":{\"@id\":\"https:\\\/\\\/zapateneo.net\\\/wordpress\\\/index.php\\\/producto\\\/sedados-como-el-capitalismo-moderno-creo-la-crisis-de-salud-mental\\\/#primaryimage\"},\"thumbnailUrl\":\"https:\\\/\\\/zapateneo.net\\\/wordpress\\\/wp-content\\\/uploads\\\/2022\\\/05\\\/9788412457971.jpg\",\"datePublished\":\"2022-05-08T17:40:42+00:00\",\"dateModified\":\"2022-05-08T17:40:51+00:00\",\"breadcrumb\":{\"@id\":\"https:\\\/\\\/zapateneo.net\\\/wordpress\\\/index.php\\\/producto\\\/sedados-como-el-capitalismo-moderno-creo-la-crisis-de-salud-mental\\\/#breadcrumb\"},\"inLanguage\":\"es\",\"potentialAction\":[{\"@type\":\"ReadAction\",\"target\":[\"https:\\\/\\\/zapateneo.net\\\/wordpress\\\/index.php\\\/producto\\\/sedados-como-el-capitalismo-moderno-creo-la-crisis-de-salud-mental\\\/\"]}]},{\"@type\":\"ImageObject\",\"inLanguage\":\"es\",\"@id\":\"https:\\\/\\\/zapateneo.net\\\/wordpress\\\/index.php\\\/producto\\\/sedados-como-el-capitalismo-moderno-creo-la-crisis-de-salud-mental\\\/#primaryimage\",\"url\":\"https:\\\/\\\/zapateneo.net\\\/wordpress\\\/wp-content\\\/uploads\\\/2022\\\/05\\\/9788412457971.jpg\",\"contentUrl\":\"https:\\\/\\\/zapateneo.net\\\/wordpress\\\/wp-content\\\/uploads\\\/2022\\\/05\\\/9788412457971.jpg\",\"width\":256,\"height\":400},{\"@type\":\"BreadcrumbList\",\"@id\":\"https:\\\/\\\/zapateneo.net\\\/wordpress\\\/index.php\\\/producto\\\/sedados-como-el-capitalismo-moderno-creo-la-crisis-de-salud-mental\\\/#breadcrumb\",\"itemListElement\":[{\"@type\":\"ListItem\",\"position\":1,\"name\":\"Portada\",\"item\":\"https:\\\/\\\/zapateneo.net\\\/wordpress\\\/\"},{\"@type\":\"ListItem\",\"position\":2,\"name\":\"Tienda\",\"item\":\"https:\\\/\\\/zapateneo.net\\\/wordpress\\\/\"},{\"@type\":\"ListItem\",\"position\":3,\"name\":\"Sedados. C\u00f3mo el capitalismo moderno cre\u00f3 la crisis de salud mental\"}]},{\"@type\":\"WebSite\",\"@id\":\"https:\\\/\\\/zapateneo.net\\\/wordpress\\\/#website\",\"url\":\"https:\\\/\\\/zapateneo.net\\\/wordpress\\\/\",\"name\":\"Zapateneo\",\"description\":\"Zapateneoaren webgunea\",\"publisher\":{\"@id\":\"https:\\\/\\\/zapateneo.net\\\/wordpress\\\/#organization\"},\"potentialAction\":[{\"@type\":\"SearchAction\",\"target\":{\"@type\":\"EntryPoint\",\"urlTemplate\":\"https:\\\/\\\/zapateneo.net\\\/wordpress\\\/?s={search_term_string}\"},\"query-input\":{\"@type\":\"PropertyValueSpecification\",\"valueRequired\":true,\"valueName\":\"search_term_string\"}}],\"inLanguage\":\"es\"},{\"@type\":\"Organization\",\"@id\":\"https:\\\/\\\/zapateneo.net\\\/wordpress\\\/#organization\",\"name\":\"Zapateneo Kultur Elkartea\",\"url\":\"https:\\\/\\\/zapateneo.net\\\/wordpress\\\/\",\"logo\":{\"@type\":\"ImageObject\",\"inLanguage\":\"es\",\"@id\":\"https:\\\/\\\/zapateneo.net\\\/wordpress\\\/#\\\/schema\\\/logo\\\/image\\\/\",\"url\":\"https:\\\/\\\/zapateneo.net\\\/wordpress\\\/wp-content\\\/uploads\\\/2021\\\/04\\\/zap-libu-kolec.jpg\",\"contentUrl\":\"https:\\\/\\\/zapateneo.net\\\/wordpress\\\/wp-content\\\/uploads\\\/2021\\\/04\\\/zap-libu-kolec.jpg\",\"width\":2234,\"height\":398,\"caption\":\"Zapateneo Kultur Elkartea\"},\"image\":{\"@id\":\"https:\\\/\\\/zapateneo.net\\\/wordpress\\\/#\\\/schema\\\/logo\\\/image\\\/\"},\"sameAs\":[\"https:\\\/\\\/x.com\\\/zapateneo\"]}]}<\/script>\n<!-- \/ Yoast SEO plugin. -->","yoast_head_json":{"title":"Sedados. C\u00f3mo el capitalismo moderno cre\u00f3 la crisis de salud mental &#8212; Zapateneo","robots":{"index":"index","follow":"follow","max-snippet":"max-snippet:-1","max-image-preview":"max-image-preview:large","max-video-preview":"max-video-preview:-1"},"canonical":"https:\/\/zapateneo.net\/wordpress\/index.php\/producto\/sedados-como-el-capitalismo-moderno-creo-la-crisis-de-salud-mental\/","og_locale":"es_ES","og_type":"article","og_title":"Sedados. C\u00f3mo el capitalismo moderno cre\u00f3 la crisis de salud mental &#8212; Zapateneo","og_description":"James Davies 9788412457971 - Capit\u00e1n Swing - 2022 - 320 p\u00e1ginas \/orri.","og_url":"https:\/\/zapateneo.net\/wordpress\/index.php\/producto\/sedados-como-el-capitalismo-moderno-creo-la-crisis-de-salud-mental\/","og_site_name":"Zapateneo","article_modified_time":"2022-05-08T17:40:51+00:00","twitter_card":"summary_large_image","twitter_site":"@zapateneo","twitter_misc":{"Tiempo de lectura":"1 minuto"},"schema":{"@context":"https:\/\/schema.org","@graph":[{"@type":"WebPage","@id":"https:\/\/zapateneo.net\/wordpress\/index.php\/producto\/sedados-como-el-capitalismo-moderno-creo-la-crisis-de-salud-mental\/","url":"https:\/\/zapateneo.net\/wordpress\/index.php\/producto\/sedados-como-el-capitalismo-moderno-creo-la-crisis-de-salud-mental\/","name":"Sedados. C\u00f3mo el capitalismo moderno cre\u00f3 la crisis de salud mental &#8212; Zapateneo","isPartOf":{"@id":"https:\/\/zapateneo.net\/wordpress\/#website"},"primaryImageOfPage":{"@id":"https:\/\/zapateneo.net\/wordpress\/index.php\/producto\/sedados-como-el-capitalismo-moderno-creo-la-crisis-de-salud-mental\/#primaryimage"},"image":{"@id":"https:\/\/zapateneo.net\/wordpress\/index.php\/producto\/sedados-como-el-capitalismo-moderno-creo-la-crisis-de-salud-mental\/#primaryimage"},"thumbnailUrl":"https:\/\/zapateneo.net\/wordpress\/wp-content\/uploads\/2022\/05\/9788412457971.jpg","datePublished":"2022-05-08T17:40:42+00:00","dateModified":"2022-05-08T17:40:51+00:00","breadcrumb":{"@id":"https:\/\/zapateneo.net\/wordpress\/index.php\/producto\/sedados-como-el-capitalismo-moderno-creo-la-crisis-de-salud-mental\/#breadcrumb"},"inLanguage":"es","potentialAction":[{"@type":"ReadAction","target":["https:\/\/zapateneo.net\/wordpress\/index.php\/producto\/sedados-como-el-capitalismo-moderno-creo-la-crisis-de-salud-mental\/"]}]},{"@type":"ImageObject","inLanguage":"es","@id":"https:\/\/zapateneo.net\/wordpress\/index.php\/producto\/sedados-como-el-capitalismo-moderno-creo-la-crisis-de-salud-mental\/#primaryimage","url":"https:\/\/zapateneo.net\/wordpress\/wp-content\/uploads\/2022\/05\/9788412457971.jpg","contentUrl":"https:\/\/zapateneo.net\/wordpress\/wp-content\/uploads\/2022\/05\/9788412457971.jpg","width":256,"height":400},{"@type":"BreadcrumbList","@id":"https:\/\/zapateneo.net\/wordpress\/index.php\/producto\/sedados-como-el-capitalismo-moderno-creo-la-crisis-de-salud-mental\/#breadcrumb","itemListElement":[{"@type":"ListItem","position":1,"name":"Portada","item":"https:\/\/zapateneo.net\/wordpress\/"},{"@type":"ListItem","position":2,"name":"Tienda","item":"https:\/\/zapateneo.net\/wordpress\/"},{"@type":"ListItem","position":3,"name":"Sedados. C\u00f3mo el capitalismo moderno cre\u00f3 la crisis de salud mental"}]},{"@type":"WebSite","@id":"https:\/\/zapateneo.net\/wordpress\/#website","url":"https:\/\/zapateneo.net\/wordpress\/","name":"Zapateneo","description":"Zapateneoaren webgunea","publisher":{"@id":"https:\/\/zapateneo.net\/wordpress\/#organization"},"potentialAction":[{"@type":"SearchAction","target":{"@type":"EntryPoint","urlTemplate":"https:\/\/zapateneo.net\/wordpress\/?s={search_term_string}"},"query-input":{"@type":"PropertyValueSpecification","valueRequired":true,"valueName":"search_term_string"}}],"inLanguage":"es"},{"@type":"Organization","@id":"https:\/\/zapateneo.net\/wordpress\/#organization","name":"Zapateneo Kultur Elkartea","url":"https:\/\/zapateneo.net\/wordpress\/","logo":{"@type":"ImageObject","inLanguage":"es","@id":"https:\/\/zapateneo.net\/wordpress\/#\/schema\/logo\/image\/","url":"https:\/\/zapateneo.net\/wordpress\/wp-content\/uploads\/2021\/04\/zap-libu-kolec.jpg","contentUrl":"https:\/\/zapateneo.net\/wordpress\/wp-content\/uploads\/2021\/04\/zap-libu-kolec.jpg","width":2234,"height":398,"caption":"Zapateneo Kultur Elkartea"},"image":{"@id":"https:\/\/zapateneo.net\/wordpress\/#\/schema\/logo\/image\/"},"sameAs":["https:\/\/x.com\/zapateneo"]}]}},"_links":{"self":[{"href":"https:\/\/zapateneo.net\/wordpress\/index.php\/wp-json\/wp\/v2\/product\/10922","targetHints":{"allow":["GET"]}}],"collection":[{"href":"https:\/\/zapateneo.net\/wordpress\/index.php\/wp-json\/wp\/v2\/product"}],"about":[{"href":"https:\/\/zapateneo.net\/wordpress\/index.php\/wp-json\/wp\/v2\/types\/product"}],"wp:featuredmedia":[{"embeddable":true,"href":"https:\/\/zapateneo.net\/wordpress\/index.php\/wp-json\/wp\/v2\/media\/10951"}],"wp:attachment":[{"href":"https:\/\/zapateneo.net\/wordpress\/index.php\/wp-json\/wp\/v2\/media?parent=10922"}],"wp:term":[{"taxonomy":"product_brand","embeddable":true,"href":"https:\/\/zapateneo.net\/wordpress\/index.php\/wp-json\/wp\/v2\/product_brand?post=10922"},{"taxonomy":"product_cat","embeddable":true,"href":"https:\/\/zapateneo.net\/wordpress\/index.php\/wp-json\/wp\/v2\/product_cat?post=10922"},{"taxonomy":"product_tag","embeddable":true,"href":"https:\/\/zapateneo.net\/wordpress\/index.php\/wp-json\/wp\/v2\/product_tag?post=10922"}],"curies":[{"name":"wp","href":"https:\/\/api.w.org\/{rel}","templated":true}]}}