{"id":10894,"date":"2022-04-14T16:56:08","date_gmt":"2022-04-14T15:56:08","guid":{"rendered":"https:\/\/zapateneo.net\/wordpress\/?post_type=product&#038;p=10894"},"modified":"2022-04-14T16:56:11","modified_gmt":"2022-04-14T15:56:11","slug":"no-todo-lo-que-sube-baja-sobre-la-imparable-pobreza-energetica","status":"publish","type":"product","link":"https:\/\/zapateneo.net\/wordpress\/index.php\/producto\/no-todo-lo-que-sube-baja-sobre-la-imparable-pobreza-energetica\/","title":{"rendered":"No todo lo que sube baja. Sobre la imparable pobreza energ\u00e9tica"},"content":{"rendered":"<p>\u00abEn enero lo llamaron tormenta<br \/>\nperfecta. En abril se habl\u00f3 de los<br \/>\nda\u00f1os colaterales del mercado de<br \/>\nCO 2 . Ahora en junio se desempolva<br \/>\nel discurso del monopolio \u2014vieja<br \/>\ncostumbre estalinista\u2014 y se se\u00f1ala<br \/>\na las el\u00e9ctricas, ese grupo de capi-<br \/>\ntalistas avaros, aspirantes a ciuda-<br \/>\ndano Kane, que aprovechan su po-<br \/>\nsici\u00f3n de poder para obtener unos<br \/>\nbenefi cios ca\u00eddos del cielo. Pero lo<br \/>\n\u00fanico que se cae aqu\u00ed es la l\u00f3gica<br \/>\nde esta sociedad. No se trata de las<br \/>\ncircunstancias coyunturales, ni de la<br \/>\nvoluntad de poder de unos cuantos<br \/>\ncapitalistas, ni mucho menos de la<br \/>\nestrategia maquiav\u00e9lica de una bur-<br \/>\ngues\u00eda organizada para empobre-<br \/>\ncernos y controlarnos mejor con la<br \/>\ntransici\u00f3n verde. Lo que explica que<br \/>\nla factura de la luz no haya dejado de<br \/>\nsubir en los \u00faltimos meses en Espa\u00f1a<br \/>\ntiene que ver con una tendencia m\u00e1s<br \/>\nprofunda del sistema capitalista: su<br \/>\ntendencia a la autodestrucci\u00f3n\u00bb.<\/p>\n","protected":false},"excerpt":{"rendered":"<p><strong>Grupo Barbaria<\/strong><br \/>\n202204130001 &#8211; Grupo Barbaria &#8211; 2021 &#8211; 28 p\u00e1ginas \/orri.<\/p>\n","protected":false},"featured_media":10900,"template":"","meta":[],"product_brand":[],"product_cat":[166,173],"product_tag":[5483],"class_list":{"0":"post-10894","1":"product","2":"type-product","3":"status-publish","4":"has-post-thumbnail","6":"product_cat-panfletos-panfletoak","7":"product_cat-saiakera-ensayo","8":"product_tag-grupo-barbaria","10":"first","11":"instock","12":"sold-individually","13":"shipping-taxable","14":"purchasable","15":"product-type-simple"},"yoast_head":"<!-- This site is optimized with the Yoast SEO plugin v27.3 - https:\/\/yoast.com\/product\/yoast-seo-wordpress\/ -->\n<title>No todo lo que sube baja. Sobre la imparable pobreza energ\u00e9tica &#8212; Zapateneo<\/title>\n<meta name=\"robots\" content=\"index, follow, max-snippet:-1, max-image-preview:large, max-video-preview:-1\" \/>\n<link rel=\"canonical\" href=\"https:\/\/zapateneo.net\/wordpress\/index.php\/producto\/no-todo-lo-que-sube-baja-sobre-la-imparable-pobreza-energetica\/\" \/>\n<meta property=\"og:locale\" content=\"es_ES\" \/>\n<meta property=\"og:type\" content=\"article\" \/>\n<meta property=\"og:title\" content=\"No todo lo que sube baja. Sobre la imparable pobreza energ\u00e9tica &#8212; Zapateneo\" \/>\n<meta property=\"og:description\" content=\"Grupo Barbaria 202204130001 - Grupo Barbaria - 2021 - 28 p\u00e1ginas \/orri.\" \/>\n<meta property=\"og:url\" content=\"https:\/\/zapateneo.net\/wordpress\/index.php\/producto\/no-todo-lo-que-sube-baja-sobre-la-imparable-pobreza-energetica\/\" \/>\n<meta property=\"og:site_name\" content=\"Zapateneo\" \/>\n<meta property=\"article:modified_time\" content=\"2022-04-14T15:56:11+00:00\" \/>\n<meta name=\"twitter:card\" content=\"summary_large_image\" \/>\n<meta name=\"twitter:site\" content=\"@zapateneo\" \/>\n<meta name=\"twitter:label1\" content=\"Tiempo de lectura\" \/>\n\t<meta name=\"twitter:data1\" content=\"1 minuto\" \/>\n<script type=\"application\/ld+json\" class=\"yoast-schema-graph\">{\"@context\":\"https:\\\/\\\/schema.org\",\"@graph\":[{\"@type\":\"WebPage\",\"@id\":\"https:\\\/\\\/zapateneo.net\\\/wordpress\\\/index.php\\\/producto\\\/no-todo-lo-que-sube-baja-sobre-la-imparable-pobreza-energetica\\\/\",\"url\":\"https:\\\/\\\/zapateneo.net\\\/wordpress\\\/index.php\\\/producto\\\/no-todo-lo-que-sube-baja-sobre-la-imparable-pobreza-energetica\\\/\",\"name\":\"No todo lo que sube baja. Sobre la imparable pobreza energ\u00e9tica &#8212; Zapateneo\",\"isPartOf\":{\"@id\":\"https:\\\/\\\/zapateneo.net\\\/wordpress\\\/#website\"},\"primaryImageOfPage\":{\"@id\":\"https:\\\/\\\/zapateneo.net\\\/wordpress\\\/index.php\\\/producto\\\/no-todo-lo-que-sube-baja-sobre-la-imparable-pobreza-energetica\\\/#primaryimage\"},\"image\":{\"@id\":\"https:\\\/\\\/zapateneo.net\\\/wordpress\\\/index.php\\\/producto\\\/no-todo-lo-que-sube-baja-sobre-la-imparable-pobreza-energetica\\\/#primaryimage\"},\"thumbnailUrl\":\"https:\\\/\\\/zapateneo.net\\\/wordpress\\\/wp-content\\\/uploads\\\/2022\\\/04\\\/no_todo_lo_que_sube.jpg\",\"datePublished\":\"2022-04-14T15:56:08+00:00\",\"dateModified\":\"2022-04-14T15:56:11+00:00\",\"breadcrumb\":{\"@id\":\"https:\\\/\\\/zapateneo.net\\\/wordpress\\\/index.php\\\/producto\\\/no-todo-lo-que-sube-baja-sobre-la-imparable-pobreza-energetica\\\/#breadcrumb\"},\"inLanguage\":\"es\",\"potentialAction\":[{\"@type\":\"ReadAction\",\"target\":[\"https:\\\/\\\/zapateneo.net\\\/wordpress\\\/index.php\\\/producto\\\/no-todo-lo-que-sube-baja-sobre-la-imparable-pobreza-energetica\\\/\"]}]},{\"@type\":\"ImageObject\",\"inLanguage\":\"es\",\"@id\":\"https:\\\/\\\/zapateneo.net\\\/wordpress\\\/index.php\\\/producto\\\/no-todo-lo-que-sube-baja-sobre-la-imparable-pobreza-energetica\\\/#primaryimage\",\"url\":\"https:\\\/\\\/zapateneo.net\\\/wordpress\\\/wp-content\\\/uploads\\\/2022\\\/04\\\/no_todo_lo_que_sube.jpg\",\"contentUrl\":\"https:\\\/\\\/zapateneo.net\\\/wordpress\\\/wp-content\\\/uploads\\\/2022\\\/04\\\/no_todo_lo_que_sube.jpg\",\"width\":400,\"height\":280},{\"@type\":\"BreadcrumbList\",\"@id\":\"https:\\\/\\\/zapateneo.net\\\/wordpress\\\/index.php\\\/producto\\\/no-todo-lo-que-sube-baja-sobre-la-imparable-pobreza-energetica\\\/#breadcrumb\",\"itemListElement\":[{\"@type\":\"ListItem\",\"position\":1,\"name\":\"Portada\",\"item\":\"https:\\\/\\\/zapateneo.net\\\/wordpress\\\/\"},{\"@type\":\"ListItem\",\"position\":2,\"name\":\"Tienda\",\"item\":\"https:\\\/\\\/zapateneo.net\\\/wordpress\\\/\"},{\"@type\":\"ListItem\",\"position\":3,\"name\":\"No todo lo que sube baja. Sobre la imparable pobreza energ\u00e9tica\"}]},{\"@type\":\"WebSite\",\"@id\":\"https:\\\/\\\/zapateneo.net\\\/wordpress\\\/#website\",\"url\":\"https:\\\/\\\/zapateneo.net\\\/wordpress\\\/\",\"name\":\"Zapateneo\",\"description\":\"Zapateneoaren webgunea\",\"publisher\":{\"@id\":\"https:\\\/\\\/zapateneo.net\\\/wordpress\\\/#organization\"},\"potentialAction\":[{\"@type\":\"SearchAction\",\"target\":{\"@type\":\"EntryPoint\",\"urlTemplate\":\"https:\\\/\\\/zapateneo.net\\\/wordpress\\\/?s={search_term_string}\"},\"query-input\":{\"@type\":\"PropertyValueSpecification\",\"valueRequired\":true,\"valueName\":\"search_term_string\"}}],\"inLanguage\":\"es\"},{\"@type\":\"Organization\",\"@id\":\"https:\\\/\\\/zapateneo.net\\\/wordpress\\\/#organization\",\"name\":\"Zapateneo Kultur Elkartea\",\"url\":\"https:\\\/\\\/zapateneo.net\\\/wordpress\\\/\",\"logo\":{\"@type\":\"ImageObject\",\"inLanguage\":\"es\",\"@id\":\"https:\\\/\\\/zapateneo.net\\\/wordpress\\\/#\\\/schema\\\/logo\\\/image\\\/\",\"url\":\"https:\\\/\\\/zapateneo.net\\\/wordpress\\\/wp-content\\\/uploads\\\/2021\\\/04\\\/zap-libu-kolec.jpg\",\"contentUrl\":\"https:\\\/\\\/zapateneo.net\\\/wordpress\\\/wp-content\\\/uploads\\\/2021\\\/04\\\/zap-libu-kolec.jpg\",\"width\":2234,\"height\":398,\"caption\":\"Zapateneo Kultur Elkartea\"},\"image\":{\"@id\":\"https:\\\/\\\/zapateneo.net\\\/wordpress\\\/#\\\/schema\\\/logo\\\/image\\\/\"},\"sameAs\":[\"https:\\\/\\\/x.com\\\/zapateneo\"]}]}<\/script>\n<!-- \/ Yoast SEO plugin. -->","yoast_head_json":{"title":"No todo lo que sube baja. Sobre la imparable pobreza energ\u00e9tica &#8212; Zapateneo","robots":{"index":"index","follow":"follow","max-snippet":"max-snippet:-1","max-image-preview":"max-image-preview:large","max-video-preview":"max-video-preview:-1"},"canonical":"https:\/\/zapateneo.net\/wordpress\/index.php\/producto\/no-todo-lo-que-sube-baja-sobre-la-imparable-pobreza-energetica\/","og_locale":"es_ES","og_type":"article","og_title":"No todo lo que sube baja. Sobre la imparable pobreza energ\u00e9tica &#8212; Zapateneo","og_description":"Grupo Barbaria 202204130001 - Grupo Barbaria - 2021 - 28 p\u00e1ginas \/orri.","og_url":"https:\/\/zapateneo.net\/wordpress\/index.php\/producto\/no-todo-lo-que-sube-baja-sobre-la-imparable-pobreza-energetica\/","og_site_name":"Zapateneo","article_modified_time":"2022-04-14T15:56:11+00:00","twitter_card":"summary_large_image","twitter_site":"@zapateneo","twitter_misc":{"Tiempo de lectura":"1 minuto"},"schema":{"@context":"https:\/\/schema.org","@graph":[{"@type":"WebPage","@id":"https:\/\/zapateneo.net\/wordpress\/index.php\/producto\/no-todo-lo-que-sube-baja-sobre-la-imparable-pobreza-energetica\/","url":"https:\/\/zapateneo.net\/wordpress\/index.php\/producto\/no-todo-lo-que-sube-baja-sobre-la-imparable-pobreza-energetica\/","name":"No todo lo que sube baja. Sobre la imparable pobreza energ\u00e9tica &#8212; Zapateneo","isPartOf":{"@id":"https:\/\/zapateneo.net\/wordpress\/#website"},"primaryImageOfPage":{"@id":"https:\/\/zapateneo.net\/wordpress\/index.php\/producto\/no-todo-lo-que-sube-baja-sobre-la-imparable-pobreza-energetica\/#primaryimage"},"image":{"@id":"https:\/\/zapateneo.net\/wordpress\/index.php\/producto\/no-todo-lo-que-sube-baja-sobre-la-imparable-pobreza-energetica\/#primaryimage"},"thumbnailUrl":"https:\/\/zapateneo.net\/wordpress\/wp-content\/uploads\/2022\/04\/no_todo_lo_que_sube.jpg","datePublished":"2022-04-14T15:56:08+00:00","dateModified":"2022-04-14T15:56:11+00:00","breadcrumb":{"@id":"https:\/\/zapateneo.net\/wordpress\/index.php\/producto\/no-todo-lo-que-sube-baja-sobre-la-imparable-pobreza-energetica\/#breadcrumb"},"inLanguage":"es","potentialAction":[{"@type":"ReadAction","target":["https:\/\/zapateneo.net\/wordpress\/index.php\/producto\/no-todo-lo-que-sube-baja-sobre-la-imparable-pobreza-energetica\/"]}]},{"@type":"ImageObject","inLanguage":"es","@id":"https:\/\/zapateneo.net\/wordpress\/index.php\/producto\/no-todo-lo-que-sube-baja-sobre-la-imparable-pobreza-energetica\/#primaryimage","url":"https:\/\/zapateneo.net\/wordpress\/wp-content\/uploads\/2022\/04\/no_todo_lo_que_sube.jpg","contentUrl":"https:\/\/zapateneo.net\/wordpress\/wp-content\/uploads\/2022\/04\/no_todo_lo_que_sube.jpg","width":400,"height":280},{"@type":"BreadcrumbList","@id":"https:\/\/zapateneo.net\/wordpress\/index.php\/producto\/no-todo-lo-que-sube-baja-sobre-la-imparable-pobreza-energetica\/#breadcrumb","itemListElement":[{"@type":"ListItem","position":1,"name":"Portada","item":"https:\/\/zapateneo.net\/wordpress\/"},{"@type":"ListItem","position":2,"name":"Tienda","item":"https:\/\/zapateneo.net\/wordpress\/"},{"@type":"ListItem","position":3,"name":"No todo lo que sube baja. Sobre la imparable pobreza energ\u00e9tica"}]},{"@type":"WebSite","@id":"https:\/\/zapateneo.net\/wordpress\/#website","url":"https:\/\/zapateneo.net\/wordpress\/","name":"Zapateneo","description":"Zapateneoaren webgunea","publisher":{"@id":"https:\/\/zapateneo.net\/wordpress\/#organization"},"potentialAction":[{"@type":"SearchAction","target":{"@type":"EntryPoint","urlTemplate":"https:\/\/zapateneo.net\/wordpress\/?s={search_term_string}"},"query-input":{"@type":"PropertyValueSpecification","valueRequired":true,"valueName":"search_term_string"}}],"inLanguage":"es"},{"@type":"Organization","@id":"https:\/\/zapateneo.net\/wordpress\/#organization","name":"Zapateneo Kultur Elkartea","url":"https:\/\/zapateneo.net\/wordpress\/","logo":{"@type":"ImageObject","inLanguage":"es","@id":"https:\/\/zapateneo.net\/wordpress\/#\/schema\/logo\/image\/","url":"https:\/\/zapateneo.net\/wordpress\/wp-content\/uploads\/2021\/04\/zap-libu-kolec.jpg","contentUrl":"https:\/\/zapateneo.net\/wordpress\/wp-content\/uploads\/2021\/04\/zap-libu-kolec.jpg","width":2234,"height":398,"caption":"Zapateneo Kultur Elkartea"},"image":{"@id":"https:\/\/zapateneo.net\/wordpress\/#\/schema\/logo\/image\/"},"sameAs":["https:\/\/x.com\/zapateneo"]}]}},"_links":{"self":[{"href":"https:\/\/zapateneo.net\/wordpress\/index.php\/wp-json\/wp\/v2\/product\/10894","targetHints":{"allow":["GET"]}}],"collection":[{"href":"https:\/\/zapateneo.net\/wordpress\/index.php\/wp-json\/wp\/v2\/product"}],"about":[{"href":"https:\/\/zapateneo.net\/wordpress\/index.php\/wp-json\/wp\/v2\/types\/product"}],"wp:featuredmedia":[{"embeddable":true,"href":"https:\/\/zapateneo.net\/wordpress\/index.php\/wp-json\/wp\/v2\/media\/10900"}],"wp:attachment":[{"href":"https:\/\/zapateneo.net\/wordpress\/index.php\/wp-json\/wp\/v2\/media?parent=10894"}],"wp:term":[{"taxonomy":"product_brand","embeddable":true,"href":"https:\/\/zapateneo.net\/wordpress\/index.php\/wp-json\/wp\/v2\/product_brand?post=10894"},{"taxonomy":"product_cat","embeddable":true,"href":"https:\/\/zapateneo.net\/wordpress\/index.php\/wp-json\/wp\/v2\/product_cat?post=10894"},{"taxonomy":"product_tag","embeddable":true,"href":"https:\/\/zapateneo.net\/wordpress\/index.php\/wp-json\/wp\/v2\/product_tag?post=10894"}],"curies":[{"name":"wp","href":"https:\/\/api.w.org\/{rel}","templated":true}]}}