{"id":10892,"date":"2022-04-14T16:56:08","date_gmt":"2022-04-14T15:56:08","guid":{"rendered":"https:\/\/zapateneo.net\/wordpress\/?post_type=product&#038;p=10892"},"modified":"2022-04-16T10:21:25","modified_gmt":"2022-04-16T09:21:25","slug":"el-terror-feminista-breve-elogio-al-feminismo-extremista","status":"publish","type":"product","link":"https:\/\/zapateneo.net\/wordpress\/index.php\/producto\/el-terror-feminista-breve-elogio-al-feminismo-extremista\/","title":{"rendered":"EL TERROR FEMINISTA. BREVE ELOGIO AL FEMINISMO EXTREMISTA"},"content":{"rendered":"<p>\u00bfEl feminismo nunca ha matado a nadie? \u00bfEs aut\u00e9nticamente pac\u00edfico? Y, sobre todo, \u00bfdebemos alzar esta supuesta no violencia como un valor supremo? \u00bfHemos de perder tiempo haciendo ver que tenemos las manos limpias e intentando convencer al mundo entero de nuestra bondad e inofensividad? \u00bfQu\u00e9 pasar\u00eda si el terror feminista se hiciera realidad? \u00bfSi los hombres empezaran a tener aut\u00e9ntico miedo? Un miedo intenso, profundo, visceral. Puesto que la raz\u00f3n, la empat\u00eda y la verg\u00fcenza no permiten poner fin a la violencia mis\u00f3gina, a la opresi\u00f3n patriarcal, a las violaciones, a las agresiones sexuales y a los feminicidios, la \u00fanica salida podr\u00eda ser la de dar miedo. Sus nombres son Mar\u00eda, Noura, Judith, Diana, Christable. Ellas han utilizado la violencia contra el patriarcado. Han roto el gran tab\u00fa. Para alimentar una reflexi\u00f3n sobre el lugar de la violencia en la lucha contra el patriarcado, Irene nos cuenta la historia de estas mujeres violentas.<\/p>\n<p>***<\/p>\n<p>Irene (Donostia, 1999). Habiendo crecido en un ambiente multicultural (espa\u00f1ol, euskalduna y franc\u00e9s), Irene se muda a Par\u00eds en 2017, donde reside desde entonces. All\u00ed participa en diversos movimientos sociales, ya sean feministas, anarquistas, antirracistas o LGTBQIA+, a la par que cursa estudios de Historia. En 2020 autoedita su primer libro, \u201cEl terror feminista\u201d, en su versi\u00f3n francesa. En septiembre del 2021 participa en el libro colectivo \u201cD\u00e9faire la police\u201d con un texto sobre el feminismo anticarcelario y antipunitivista.<\/p>\n","protected":false},"excerpt":{"rendered":"<p><strong>Irene<\/strong><br \/>\n9788412327229 &#8211; Kaxilda &#8211; 2022 &#8211; 124 p\u00e1ginas \/orri.<\/p>\n","protected":false},"featured_media":10908,"template":"","meta":[],"product_brand":[],"product_cat":[174,16],"product_tag":[694],"class_list":{"0":"post-10892","1":"product","2":"type-product","3":"status-publish","4":"has-post-thumbnail","6":"product_cat-generoak-generos","7":"product_cat-libros","8":"product_tag-kaxilda","10":"first","11":"instock","12":"sold-individually","13":"shipping-taxable","14":"purchasable","15":"product-type-simple"},"yoast_head":"<!-- This site is optimized with the Yoast SEO plugin v27.3 - https:\/\/yoast.com\/product\/yoast-seo-wordpress\/ -->\n<title>EL TERROR FEMINISTA. BREVE ELOGIO AL FEMINISMO EXTREMISTA &#8212; Zapateneo<\/title>\n<meta name=\"robots\" content=\"index, follow, max-snippet:-1, max-image-preview:large, max-video-preview:-1\" \/>\n<link rel=\"canonical\" href=\"https:\/\/zapateneo.net\/wordpress\/index.php\/producto\/el-terror-feminista-breve-elogio-al-feminismo-extremista\/\" \/>\n<meta property=\"og:locale\" content=\"es_ES\" \/>\n<meta property=\"og:type\" content=\"article\" \/>\n<meta property=\"og:title\" content=\"EL TERROR FEMINISTA. BREVE ELOGIO AL FEMINISMO EXTREMISTA &#8212; Zapateneo\" \/>\n<meta property=\"og:description\" content=\"Irene 9788412327229 - Kaxilda - 2022 - 124 p\u00e1ginas \/orri.\" \/>\n<meta property=\"og:url\" content=\"https:\/\/zapateneo.net\/wordpress\/index.php\/producto\/el-terror-feminista-breve-elogio-al-feminismo-extremista\/\" \/>\n<meta property=\"og:site_name\" content=\"Zapateneo\" \/>\n<meta property=\"article:modified_time\" content=\"2022-04-16T09:21:25+00:00\" \/>\n<meta property=\"og:image\" content=\"https:\/\/zapateneo.net\/wordpress\/wp-content\/uploads\/2022\/04\/9788412327229.gif\" \/>\n\t<meta property=\"og:image:width\" content=\"210\" \/>\n\t<meta property=\"og:image:height\" content=\"350\" \/>\n\t<meta property=\"og:image:type\" content=\"image\/gif\" \/>\n<meta name=\"twitter:card\" content=\"summary_large_image\" \/>\n<meta name=\"twitter:site\" content=\"@zapateneo\" \/>\n<meta name=\"twitter:label1\" content=\"Tiempo de lectura\" \/>\n\t<meta name=\"twitter:data1\" content=\"1 minuto\" \/>\n<script type=\"application\/ld+json\" class=\"yoast-schema-graph\">{\"@context\":\"https:\\\/\\\/schema.org\",\"@graph\":[{\"@type\":\"WebPage\",\"@id\":\"https:\\\/\\\/zapateneo.net\\\/wordpress\\\/index.php\\\/producto\\\/el-terror-feminista-breve-elogio-al-feminismo-extremista\\\/\",\"url\":\"https:\\\/\\\/zapateneo.net\\\/wordpress\\\/index.php\\\/producto\\\/el-terror-feminista-breve-elogio-al-feminismo-extremista\\\/\",\"name\":\"EL TERROR FEMINISTA. BREVE ELOGIO AL FEMINISMO EXTREMISTA &#8212; Zapateneo\",\"isPartOf\":{\"@id\":\"https:\\\/\\\/zapateneo.net\\\/wordpress\\\/#website\"},\"primaryImageOfPage\":{\"@id\":\"https:\\\/\\\/zapateneo.net\\\/wordpress\\\/index.php\\\/producto\\\/el-terror-feminista-breve-elogio-al-feminismo-extremista\\\/#primaryimage\"},\"image\":{\"@id\":\"https:\\\/\\\/zapateneo.net\\\/wordpress\\\/index.php\\\/producto\\\/el-terror-feminista-breve-elogio-al-feminismo-extremista\\\/#primaryimage\"},\"thumbnailUrl\":\"https:\\\/\\\/zapateneo.net\\\/wordpress\\\/wp-content\\\/uploads\\\/2022\\\/04\\\/9788412327229.gif\",\"datePublished\":\"2022-04-14T15:56:08+00:00\",\"dateModified\":\"2022-04-16T09:21:25+00:00\",\"breadcrumb\":{\"@id\":\"https:\\\/\\\/zapateneo.net\\\/wordpress\\\/index.php\\\/producto\\\/el-terror-feminista-breve-elogio-al-feminismo-extremista\\\/#breadcrumb\"},\"inLanguage\":\"es\",\"potentialAction\":[{\"@type\":\"ReadAction\",\"target\":[\"https:\\\/\\\/zapateneo.net\\\/wordpress\\\/index.php\\\/producto\\\/el-terror-feminista-breve-elogio-al-feminismo-extremista\\\/\"]}]},{\"@type\":\"ImageObject\",\"inLanguage\":\"es\",\"@id\":\"https:\\\/\\\/zapateneo.net\\\/wordpress\\\/index.php\\\/producto\\\/el-terror-feminista-breve-elogio-al-feminismo-extremista\\\/#primaryimage\",\"url\":\"https:\\\/\\\/zapateneo.net\\\/wordpress\\\/wp-content\\\/uploads\\\/2022\\\/04\\\/9788412327229.gif\",\"contentUrl\":\"https:\\\/\\\/zapateneo.net\\\/wordpress\\\/wp-content\\\/uploads\\\/2022\\\/04\\\/9788412327229.gif\",\"width\":210,\"height\":350},{\"@type\":\"BreadcrumbList\",\"@id\":\"https:\\\/\\\/zapateneo.net\\\/wordpress\\\/index.php\\\/producto\\\/el-terror-feminista-breve-elogio-al-feminismo-extremista\\\/#breadcrumb\",\"itemListElement\":[{\"@type\":\"ListItem\",\"position\":1,\"name\":\"Portada\",\"item\":\"https:\\\/\\\/zapateneo.net\\\/wordpress\\\/\"},{\"@type\":\"ListItem\",\"position\":2,\"name\":\"Tienda\",\"item\":\"https:\\\/\\\/zapateneo.net\\\/wordpress\\\/\"},{\"@type\":\"ListItem\",\"position\":3,\"name\":\"EL TERROR FEMINISTA. BREVE ELOGIO AL FEMINISMO EXTREMISTA\"}]},{\"@type\":\"WebSite\",\"@id\":\"https:\\\/\\\/zapateneo.net\\\/wordpress\\\/#website\",\"url\":\"https:\\\/\\\/zapateneo.net\\\/wordpress\\\/\",\"name\":\"Zapateneo\",\"description\":\"Zapateneoaren webgunea\",\"publisher\":{\"@id\":\"https:\\\/\\\/zapateneo.net\\\/wordpress\\\/#organization\"},\"potentialAction\":[{\"@type\":\"SearchAction\",\"target\":{\"@type\":\"EntryPoint\",\"urlTemplate\":\"https:\\\/\\\/zapateneo.net\\\/wordpress\\\/?s={search_term_string}\"},\"query-input\":{\"@type\":\"PropertyValueSpecification\",\"valueRequired\":true,\"valueName\":\"search_term_string\"}}],\"inLanguage\":\"es\"},{\"@type\":\"Organization\",\"@id\":\"https:\\\/\\\/zapateneo.net\\\/wordpress\\\/#organization\",\"name\":\"Zapateneo Kultur Elkartea\",\"url\":\"https:\\\/\\\/zapateneo.net\\\/wordpress\\\/\",\"logo\":{\"@type\":\"ImageObject\",\"inLanguage\":\"es\",\"@id\":\"https:\\\/\\\/zapateneo.net\\\/wordpress\\\/#\\\/schema\\\/logo\\\/image\\\/\",\"url\":\"https:\\\/\\\/zapateneo.net\\\/wordpress\\\/wp-content\\\/uploads\\\/2021\\\/04\\\/zap-libu-kolec.jpg\",\"contentUrl\":\"https:\\\/\\\/zapateneo.net\\\/wordpress\\\/wp-content\\\/uploads\\\/2021\\\/04\\\/zap-libu-kolec.jpg\",\"width\":2234,\"height\":398,\"caption\":\"Zapateneo Kultur Elkartea\"},\"image\":{\"@id\":\"https:\\\/\\\/zapateneo.net\\\/wordpress\\\/#\\\/schema\\\/logo\\\/image\\\/\"},\"sameAs\":[\"https:\\\/\\\/x.com\\\/zapateneo\"]}]}<\/script>\n<!-- \/ Yoast SEO plugin. -->","yoast_head_json":{"title":"EL TERROR FEMINISTA. BREVE ELOGIO AL FEMINISMO EXTREMISTA &#8212; Zapateneo","robots":{"index":"index","follow":"follow","max-snippet":"max-snippet:-1","max-image-preview":"max-image-preview:large","max-video-preview":"max-video-preview:-1"},"canonical":"https:\/\/zapateneo.net\/wordpress\/index.php\/producto\/el-terror-feminista-breve-elogio-al-feminismo-extremista\/","og_locale":"es_ES","og_type":"article","og_title":"EL TERROR FEMINISTA. BREVE ELOGIO AL FEMINISMO EXTREMISTA &#8212; Zapateneo","og_description":"Irene 9788412327229 - Kaxilda - 2022 - 124 p\u00e1ginas \/orri.","og_url":"https:\/\/zapateneo.net\/wordpress\/index.php\/producto\/el-terror-feminista-breve-elogio-al-feminismo-extremista\/","og_site_name":"Zapateneo","article_modified_time":"2022-04-16T09:21:25+00:00","og_image":[{"width":210,"height":350,"url":"https:\/\/zapateneo.net\/wordpress\/wp-content\/uploads\/2022\/04\/9788412327229.gif","type":"image\/gif"}],"twitter_card":"summary_large_image","twitter_site":"@zapateneo","twitter_misc":{"Tiempo de lectura":"1 minuto"},"schema":{"@context":"https:\/\/schema.org","@graph":[{"@type":"WebPage","@id":"https:\/\/zapateneo.net\/wordpress\/index.php\/producto\/el-terror-feminista-breve-elogio-al-feminismo-extremista\/","url":"https:\/\/zapateneo.net\/wordpress\/index.php\/producto\/el-terror-feminista-breve-elogio-al-feminismo-extremista\/","name":"EL TERROR FEMINISTA. BREVE ELOGIO AL FEMINISMO EXTREMISTA &#8212; Zapateneo","isPartOf":{"@id":"https:\/\/zapateneo.net\/wordpress\/#website"},"primaryImageOfPage":{"@id":"https:\/\/zapateneo.net\/wordpress\/index.php\/producto\/el-terror-feminista-breve-elogio-al-feminismo-extremista\/#primaryimage"},"image":{"@id":"https:\/\/zapateneo.net\/wordpress\/index.php\/producto\/el-terror-feminista-breve-elogio-al-feminismo-extremista\/#primaryimage"},"thumbnailUrl":"https:\/\/zapateneo.net\/wordpress\/wp-content\/uploads\/2022\/04\/9788412327229.gif","datePublished":"2022-04-14T15:56:08+00:00","dateModified":"2022-04-16T09:21:25+00:00","breadcrumb":{"@id":"https:\/\/zapateneo.net\/wordpress\/index.php\/producto\/el-terror-feminista-breve-elogio-al-feminismo-extremista\/#breadcrumb"},"inLanguage":"es","potentialAction":[{"@type":"ReadAction","target":["https:\/\/zapateneo.net\/wordpress\/index.php\/producto\/el-terror-feminista-breve-elogio-al-feminismo-extremista\/"]}]},{"@type":"ImageObject","inLanguage":"es","@id":"https:\/\/zapateneo.net\/wordpress\/index.php\/producto\/el-terror-feminista-breve-elogio-al-feminismo-extremista\/#primaryimage","url":"https:\/\/zapateneo.net\/wordpress\/wp-content\/uploads\/2022\/04\/9788412327229.gif","contentUrl":"https:\/\/zapateneo.net\/wordpress\/wp-content\/uploads\/2022\/04\/9788412327229.gif","width":210,"height":350},{"@type":"BreadcrumbList","@id":"https:\/\/zapateneo.net\/wordpress\/index.php\/producto\/el-terror-feminista-breve-elogio-al-feminismo-extremista\/#breadcrumb","itemListElement":[{"@type":"ListItem","position":1,"name":"Portada","item":"https:\/\/zapateneo.net\/wordpress\/"},{"@type":"ListItem","position":2,"name":"Tienda","item":"https:\/\/zapateneo.net\/wordpress\/"},{"@type":"ListItem","position":3,"name":"EL TERROR FEMINISTA. BREVE ELOGIO AL FEMINISMO EXTREMISTA"}]},{"@type":"WebSite","@id":"https:\/\/zapateneo.net\/wordpress\/#website","url":"https:\/\/zapateneo.net\/wordpress\/","name":"Zapateneo","description":"Zapateneoaren webgunea","publisher":{"@id":"https:\/\/zapateneo.net\/wordpress\/#organization"},"potentialAction":[{"@type":"SearchAction","target":{"@type":"EntryPoint","urlTemplate":"https:\/\/zapateneo.net\/wordpress\/?s={search_term_string}"},"query-input":{"@type":"PropertyValueSpecification","valueRequired":true,"valueName":"search_term_string"}}],"inLanguage":"es"},{"@type":"Organization","@id":"https:\/\/zapateneo.net\/wordpress\/#organization","name":"Zapateneo Kultur Elkartea","url":"https:\/\/zapateneo.net\/wordpress\/","logo":{"@type":"ImageObject","inLanguage":"es","@id":"https:\/\/zapateneo.net\/wordpress\/#\/schema\/logo\/image\/","url":"https:\/\/zapateneo.net\/wordpress\/wp-content\/uploads\/2021\/04\/zap-libu-kolec.jpg","contentUrl":"https:\/\/zapateneo.net\/wordpress\/wp-content\/uploads\/2021\/04\/zap-libu-kolec.jpg","width":2234,"height":398,"caption":"Zapateneo Kultur Elkartea"},"image":{"@id":"https:\/\/zapateneo.net\/wordpress\/#\/schema\/logo\/image\/"},"sameAs":["https:\/\/x.com\/zapateneo"]}]}},"_links":{"self":[{"href":"https:\/\/zapateneo.net\/wordpress\/index.php\/wp-json\/wp\/v2\/product\/10892","targetHints":{"allow":["GET"]}}],"collection":[{"href":"https:\/\/zapateneo.net\/wordpress\/index.php\/wp-json\/wp\/v2\/product"}],"about":[{"href":"https:\/\/zapateneo.net\/wordpress\/index.php\/wp-json\/wp\/v2\/types\/product"}],"wp:featuredmedia":[{"embeddable":true,"href":"https:\/\/zapateneo.net\/wordpress\/index.php\/wp-json\/wp\/v2\/media\/10908"}],"wp:attachment":[{"href":"https:\/\/zapateneo.net\/wordpress\/index.php\/wp-json\/wp\/v2\/media?parent=10892"}],"wp:term":[{"taxonomy":"product_brand","embeddable":true,"href":"https:\/\/zapateneo.net\/wordpress\/index.php\/wp-json\/wp\/v2\/product_brand?post=10892"},{"taxonomy":"product_cat","embeddable":true,"href":"https:\/\/zapateneo.net\/wordpress\/index.php\/wp-json\/wp\/v2\/product_cat?post=10892"},{"taxonomy":"product_tag","embeddable":true,"href":"https:\/\/zapateneo.net\/wordpress\/index.php\/wp-json\/wp\/v2\/product_tag?post=10892"}],"curies":[{"name":"wp","href":"https:\/\/api.w.org\/{rel}","templated":true}]}}