{"id":10885,"date":"2022-04-07T18:18:58","date_gmt":"2022-04-07T17:18:58","guid":{"rendered":"https:\/\/zapateneo.net\/wordpress\/?post_type=product&#038;p=10885"},"modified":"2022-04-07T18:19:01","modified_gmt":"2022-04-07T17:19:01","slug":"mi-feminismo-es-gitano","status":"publish","type":"product","link":"https:\/\/zapateneo.net\/wordpress\/index.php\/producto\/mi-feminismo-es-gitano\/","title":{"rendered":"MI FEMINISMO ES GITANO"},"content":{"rendered":"<p>A Silvia la conoc\u00ed editando sus textos y subi\u00e9ndolos a la web. A\u00fan recuerdo el primero. Era 2017, se cumpl\u00eda la efem\u00e9ride de la Gran Redada y no cab\u00eda en mi asombro al leer una historia de la que no ten\u00eda ni idea: el intento de exterminio del pueblo gitano durante el reinado de Fernando VI. Aquel art\u00edculo sobre Juana de Vargas, Luc\u00eda, Rosal\u00eda, Francisco de Paula, Nicol\u00e1s, y sobre tantas gitanas y gitanos del siglo XVIII fue el inicio de otros muchos descubrimientos o encubrimientos que no sab\u00eda y de los que Silvia me alumbr\u00f3.<\/p>\n<p>Conocer a Silvia Ag\u00fcero Fern\u00e1ndez supuso para m\u00ed mirar a mis vecinas, aquellas que siempre ve\u00eda en el parque de al lado de mi casa, pero nunca miraba. Y sus textos me revolvieron porque las cosas que me mostraban no es que no las conociera, es que no quer\u00eda verlas. Los guetos, los estereotipos literarios, el exterminio nazi, el borrado de su lengua, \u00a1las esterilizaciones!, las pol\u00edticas de integraci\u00f3n y, por supuesto, el antigitanismo y las resistencias.<\/p>\n<p>?Mi feminismo es gitano?, el monogr\u00e1fico que desde Pikara Magazine editamos con los textos de Silvia Ag\u00fcero Fern\u00e1ndez, es, como ella misma dice, ?una cucharadita?. Un poco de caldo para saborear los plurales feministas, un sofrito imprescindible para cualquier guiso, para cualquier debate que hable de ejes de poder y de desigualdad, de discriminaciones y de estereotipos, de interseccionalidad y de antirracismo. De antigitanismo.<\/p>\n<p>Y siempre, claro, con un poco de hinojo, esa planta silvestre que ?gitaniza?, como dice Silvia, y que hay que coger del campo. Y que a\u00f1ade un sabor extra\u00f1o, algo as\u00ed como anisado, a los paladares y que a veces incomoda. Porque los textos de Silvia Ag\u00fcero, te guste su sabor o no, hay que degustarlos. Y ?Mi feminismo es gitano? contiene un excelente men\u00fa para que dejemos de ver y miremos a las gitanas, para que vayamos juntas a coger hinojos.<\/p>\n<p>Por cierto, la imagen de la portada son semillas de hinojos, porque este especial es un germen.<\/p>\n<p>Mar\u00eda \u00c1ngeles Fern\u00e1ndez<\/p>\n","protected":false},"excerpt":{"rendered":"<p><strong>AG\u00dcERO FERN\u00c1NDEZ, SILVIA<\/strong><br \/>\n9789200775345 &#8211; Pikara Magazine &#8211; 2022 &#8211; 84 p\u00e1ginas \/orri.<\/p>\n","protected":false},"featured_media":10889,"template":"","meta":[],"product_brand":[],"product_cat":[174,166],"product_tag":[5482,4219],"class_list":{"0":"post-10885","1":"product","2":"type-product","3":"status-publish","4":"has-post-thumbnail","6":"product_cat-generoak-generos","7":"product_cat-panfletos-panfletoak","8":"product_tag-aguero-fernandez","9":"product_tag-pikara-magazine","11":"first","12":"instock","13":"sold-individually","14":"shipping-taxable","15":"purchasable","16":"product-type-simple"},"yoast_head":"<!-- This site is optimized with the Yoast SEO plugin v27.3 - https:\/\/yoast.com\/product\/yoast-seo-wordpress\/ -->\n<title>MI FEMINISMO ES GITANO &#8212; Zapateneo<\/title>\n<meta name=\"robots\" content=\"index, follow, max-snippet:-1, max-image-preview:large, max-video-preview:-1\" \/>\n<link rel=\"canonical\" href=\"https:\/\/zapateneo.net\/wordpress\/index.php\/producto\/mi-feminismo-es-gitano\/\" \/>\n<meta property=\"og:locale\" content=\"es_ES\" \/>\n<meta property=\"og:type\" content=\"article\" \/>\n<meta property=\"og:title\" content=\"MI FEMINISMO ES GITANO &#8212; Zapateneo\" \/>\n<meta property=\"og:description\" content=\"AG\u00dcERO FERN\u00c1NDEZ, SILVIA 9789200775345 - Pikara Magazine - 2022 - 84 p\u00e1ginas \/orri.\" \/>\n<meta property=\"og:url\" content=\"https:\/\/zapateneo.net\/wordpress\/index.php\/producto\/mi-feminismo-es-gitano\/\" \/>\n<meta property=\"og:site_name\" content=\"Zapateneo\" \/>\n<meta property=\"article:modified_time\" content=\"2022-04-07T17:19:01+00:00\" \/>\n<meta name=\"twitter:card\" content=\"summary_large_image\" \/>\n<meta name=\"twitter:site\" content=\"@zapateneo\" \/>\n<meta name=\"twitter:label1\" content=\"Tiempo de lectura\" \/>\n\t<meta name=\"twitter:data1\" content=\"2 minutos\" \/>\n<script type=\"application\/ld+json\" class=\"yoast-schema-graph\">{\"@context\":\"https:\\\/\\\/schema.org\",\"@graph\":[{\"@type\":\"WebPage\",\"@id\":\"https:\\\/\\\/zapateneo.net\\\/wordpress\\\/index.php\\\/producto\\\/mi-feminismo-es-gitano\\\/\",\"url\":\"https:\\\/\\\/zapateneo.net\\\/wordpress\\\/index.php\\\/producto\\\/mi-feminismo-es-gitano\\\/\",\"name\":\"MI FEMINISMO ES GITANO &#8212; Zapateneo\",\"isPartOf\":{\"@id\":\"https:\\\/\\\/zapateneo.net\\\/wordpress\\\/#website\"},\"primaryImageOfPage\":{\"@id\":\"https:\\\/\\\/zapateneo.net\\\/wordpress\\\/index.php\\\/producto\\\/mi-feminismo-es-gitano\\\/#primaryimage\"},\"image\":{\"@id\":\"https:\\\/\\\/zapateneo.net\\\/wordpress\\\/index.php\\\/producto\\\/mi-feminismo-es-gitano\\\/#primaryimage\"},\"thumbnailUrl\":\"https:\\\/\\\/zapateneo.net\\\/wordpress\\\/wp-content\\\/uploads\\\/2022\\\/04\\\/mi-feminismo-es-gitano.jpg\",\"datePublished\":\"2022-04-07T17:18:58+00:00\",\"dateModified\":\"2022-04-07T17:19:01+00:00\",\"breadcrumb\":{\"@id\":\"https:\\\/\\\/zapateneo.net\\\/wordpress\\\/index.php\\\/producto\\\/mi-feminismo-es-gitano\\\/#breadcrumb\"},\"inLanguage\":\"es\",\"potentialAction\":[{\"@type\":\"ReadAction\",\"target\":[\"https:\\\/\\\/zapateneo.net\\\/wordpress\\\/index.php\\\/producto\\\/mi-feminismo-es-gitano\\\/\"]}]},{\"@type\":\"ImageObject\",\"inLanguage\":\"es\",\"@id\":\"https:\\\/\\\/zapateneo.net\\\/wordpress\\\/index.php\\\/producto\\\/mi-feminismo-es-gitano\\\/#primaryimage\",\"url\":\"https:\\\/\\\/zapateneo.net\\\/wordpress\\\/wp-content\\\/uploads\\\/2022\\\/04\\\/mi-feminismo-es-gitano.jpg\",\"contentUrl\":\"https:\\\/\\\/zapateneo.net\\\/wordpress\\\/wp-content\\\/uploads\\\/2022\\\/04\\\/mi-feminismo-es-gitano.jpg\",\"width\":400,\"height\":400},{\"@type\":\"BreadcrumbList\",\"@id\":\"https:\\\/\\\/zapateneo.net\\\/wordpress\\\/index.php\\\/producto\\\/mi-feminismo-es-gitano\\\/#breadcrumb\",\"itemListElement\":[{\"@type\":\"ListItem\",\"position\":1,\"name\":\"Portada\",\"item\":\"https:\\\/\\\/zapateneo.net\\\/wordpress\\\/\"},{\"@type\":\"ListItem\",\"position\":2,\"name\":\"Tienda\",\"item\":\"https:\\\/\\\/zapateneo.net\\\/wordpress\\\/\"},{\"@type\":\"ListItem\",\"position\":3,\"name\":\"MI FEMINISMO ES GITANO\"}]},{\"@type\":\"WebSite\",\"@id\":\"https:\\\/\\\/zapateneo.net\\\/wordpress\\\/#website\",\"url\":\"https:\\\/\\\/zapateneo.net\\\/wordpress\\\/\",\"name\":\"Zapateneo\",\"description\":\"Zapateneoaren webgunea\",\"publisher\":{\"@id\":\"https:\\\/\\\/zapateneo.net\\\/wordpress\\\/#organization\"},\"potentialAction\":[{\"@type\":\"SearchAction\",\"target\":{\"@type\":\"EntryPoint\",\"urlTemplate\":\"https:\\\/\\\/zapateneo.net\\\/wordpress\\\/?s={search_term_string}\"},\"query-input\":{\"@type\":\"PropertyValueSpecification\",\"valueRequired\":true,\"valueName\":\"search_term_string\"}}],\"inLanguage\":\"es\"},{\"@type\":\"Organization\",\"@id\":\"https:\\\/\\\/zapateneo.net\\\/wordpress\\\/#organization\",\"name\":\"Zapateneo Kultur Elkartea\",\"url\":\"https:\\\/\\\/zapateneo.net\\\/wordpress\\\/\",\"logo\":{\"@type\":\"ImageObject\",\"inLanguage\":\"es\",\"@id\":\"https:\\\/\\\/zapateneo.net\\\/wordpress\\\/#\\\/schema\\\/logo\\\/image\\\/\",\"url\":\"https:\\\/\\\/zapateneo.net\\\/wordpress\\\/wp-content\\\/uploads\\\/2021\\\/04\\\/zap-libu-kolec.jpg\",\"contentUrl\":\"https:\\\/\\\/zapateneo.net\\\/wordpress\\\/wp-content\\\/uploads\\\/2021\\\/04\\\/zap-libu-kolec.jpg\",\"width\":2234,\"height\":398,\"caption\":\"Zapateneo Kultur Elkartea\"},\"image\":{\"@id\":\"https:\\\/\\\/zapateneo.net\\\/wordpress\\\/#\\\/schema\\\/logo\\\/image\\\/\"},\"sameAs\":[\"https:\\\/\\\/x.com\\\/zapateneo\"]}]}<\/script>\n<!-- \/ Yoast SEO plugin. -->","yoast_head_json":{"title":"MI FEMINISMO ES GITANO &#8212; Zapateneo","robots":{"index":"index","follow":"follow","max-snippet":"max-snippet:-1","max-image-preview":"max-image-preview:large","max-video-preview":"max-video-preview:-1"},"canonical":"https:\/\/zapateneo.net\/wordpress\/index.php\/producto\/mi-feminismo-es-gitano\/","og_locale":"es_ES","og_type":"article","og_title":"MI FEMINISMO ES GITANO &#8212; Zapateneo","og_description":"AG\u00dcERO FERN\u00c1NDEZ, SILVIA 9789200775345 - Pikara Magazine - 2022 - 84 p\u00e1ginas \/orri.","og_url":"https:\/\/zapateneo.net\/wordpress\/index.php\/producto\/mi-feminismo-es-gitano\/","og_site_name":"Zapateneo","article_modified_time":"2022-04-07T17:19:01+00:00","twitter_card":"summary_large_image","twitter_site":"@zapateneo","twitter_misc":{"Tiempo de lectura":"2 minutos"},"schema":{"@context":"https:\/\/schema.org","@graph":[{"@type":"WebPage","@id":"https:\/\/zapateneo.net\/wordpress\/index.php\/producto\/mi-feminismo-es-gitano\/","url":"https:\/\/zapateneo.net\/wordpress\/index.php\/producto\/mi-feminismo-es-gitano\/","name":"MI FEMINISMO ES GITANO &#8212; Zapateneo","isPartOf":{"@id":"https:\/\/zapateneo.net\/wordpress\/#website"},"primaryImageOfPage":{"@id":"https:\/\/zapateneo.net\/wordpress\/index.php\/producto\/mi-feminismo-es-gitano\/#primaryimage"},"image":{"@id":"https:\/\/zapateneo.net\/wordpress\/index.php\/producto\/mi-feminismo-es-gitano\/#primaryimage"},"thumbnailUrl":"https:\/\/zapateneo.net\/wordpress\/wp-content\/uploads\/2022\/04\/mi-feminismo-es-gitano.jpg","datePublished":"2022-04-07T17:18:58+00:00","dateModified":"2022-04-07T17:19:01+00:00","breadcrumb":{"@id":"https:\/\/zapateneo.net\/wordpress\/index.php\/producto\/mi-feminismo-es-gitano\/#breadcrumb"},"inLanguage":"es","potentialAction":[{"@type":"ReadAction","target":["https:\/\/zapateneo.net\/wordpress\/index.php\/producto\/mi-feminismo-es-gitano\/"]}]},{"@type":"ImageObject","inLanguage":"es","@id":"https:\/\/zapateneo.net\/wordpress\/index.php\/producto\/mi-feminismo-es-gitano\/#primaryimage","url":"https:\/\/zapateneo.net\/wordpress\/wp-content\/uploads\/2022\/04\/mi-feminismo-es-gitano.jpg","contentUrl":"https:\/\/zapateneo.net\/wordpress\/wp-content\/uploads\/2022\/04\/mi-feminismo-es-gitano.jpg","width":400,"height":400},{"@type":"BreadcrumbList","@id":"https:\/\/zapateneo.net\/wordpress\/index.php\/producto\/mi-feminismo-es-gitano\/#breadcrumb","itemListElement":[{"@type":"ListItem","position":1,"name":"Portada","item":"https:\/\/zapateneo.net\/wordpress\/"},{"@type":"ListItem","position":2,"name":"Tienda","item":"https:\/\/zapateneo.net\/wordpress\/"},{"@type":"ListItem","position":3,"name":"MI FEMINISMO ES GITANO"}]},{"@type":"WebSite","@id":"https:\/\/zapateneo.net\/wordpress\/#website","url":"https:\/\/zapateneo.net\/wordpress\/","name":"Zapateneo","description":"Zapateneoaren webgunea","publisher":{"@id":"https:\/\/zapateneo.net\/wordpress\/#organization"},"potentialAction":[{"@type":"SearchAction","target":{"@type":"EntryPoint","urlTemplate":"https:\/\/zapateneo.net\/wordpress\/?s={search_term_string}"},"query-input":{"@type":"PropertyValueSpecification","valueRequired":true,"valueName":"search_term_string"}}],"inLanguage":"es"},{"@type":"Organization","@id":"https:\/\/zapateneo.net\/wordpress\/#organization","name":"Zapateneo Kultur Elkartea","url":"https:\/\/zapateneo.net\/wordpress\/","logo":{"@type":"ImageObject","inLanguage":"es","@id":"https:\/\/zapateneo.net\/wordpress\/#\/schema\/logo\/image\/","url":"https:\/\/zapateneo.net\/wordpress\/wp-content\/uploads\/2021\/04\/zap-libu-kolec.jpg","contentUrl":"https:\/\/zapateneo.net\/wordpress\/wp-content\/uploads\/2021\/04\/zap-libu-kolec.jpg","width":2234,"height":398,"caption":"Zapateneo Kultur Elkartea"},"image":{"@id":"https:\/\/zapateneo.net\/wordpress\/#\/schema\/logo\/image\/"},"sameAs":["https:\/\/x.com\/zapateneo"]}]}},"_links":{"self":[{"href":"https:\/\/zapateneo.net\/wordpress\/index.php\/wp-json\/wp\/v2\/product\/10885","targetHints":{"allow":["GET"]}}],"collection":[{"href":"https:\/\/zapateneo.net\/wordpress\/index.php\/wp-json\/wp\/v2\/product"}],"about":[{"href":"https:\/\/zapateneo.net\/wordpress\/index.php\/wp-json\/wp\/v2\/types\/product"}],"wp:featuredmedia":[{"embeddable":true,"href":"https:\/\/zapateneo.net\/wordpress\/index.php\/wp-json\/wp\/v2\/media\/10889"}],"wp:attachment":[{"href":"https:\/\/zapateneo.net\/wordpress\/index.php\/wp-json\/wp\/v2\/media?parent=10885"}],"wp:term":[{"taxonomy":"product_brand","embeddable":true,"href":"https:\/\/zapateneo.net\/wordpress\/index.php\/wp-json\/wp\/v2\/product_brand?post=10885"},{"taxonomy":"product_cat","embeddable":true,"href":"https:\/\/zapateneo.net\/wordpress\/index.php\/wp-json\/wp\/v2\/product_cat?post=10885"},{"taxonomy":"product_tag","embeddable":true,"href":"https:\/\/zapateneo.net\/wordpress\/index.php\/wp-json\/wp\/v2\/product_tag?post=10885"}],"curies":[{"name":"wp","href":"https:\/\/api.w.org\/{rel}","templated":true}]}}