{"id":10884,"date":"2022-04-07T18:18:58","date_gmt":"2022-04-07T17:18:58","guid":{"rendered":"https:\/\/zapateneo.net\/wordpress\/?post_type=product&#038;p=10884"},"modified":"2022-04-07T18:19:00","modified_gmt":"2022-04-07T17:19:00","slug":"1976-el-ano-que-vivimos-peligrosamente","status":"publish","type":"product","link":"https:\/\/zapateneo.net\/wordpress\/index.php\/producto\/1976-el-ano-que-vivimos-peligrosamente\/","title":{"rendered":"1976. El a\u00f1o que vivimos peligrosamente"},"content":{"rendered":"<p>1976 fue un a\u00f1o esencial para la transici\u00f3n hacia la democracia en Espa\u00f1a. Comenz\u00f3 con el fallecimiento del dictador Franco en noviembre de 1975, y culmin\u00f3 en torno al asesinato de los abogados de Atocha en enero de 1977. Durante esos m\u00e1s de doce meses, se sucedieron acontecimientos pol\u00edticos y econ\u00f3micos decisivos, como la ca\u00edda del gobierno de Arias Navarro y su sustituci\u00f3n por Adolfo Su\u00e1rez, la aprobaci\u00f3n de la Ley para la reforma pol\u00edtica y la profundizaci\u00f3n de la crisis econ\u00f3mica, entre otros.<\/p>\n<p>Sin embargo, uno de los elementos m\u00e1s determinantes de ese periodo fueron las innumerables luchas sociolaborales que se produjeron por toda la geograf\u00eda espa\u00f1ola, y que este libro recoge de forma exhaustiva provincia a provincia. Las estad\u00edsticas o!ciales del franquismo no tuvieron m\u00e1s remedio que anotar miles de huelgas, con millones de trabajadores participando en ellas, a pesar de que la !abilidad de dichas cifras debe ser puesta en entredicho, especialmente al no registrar multitud de confictos.<\/p>\n<p>Este trabajo se concentra en la informaci\u00f3n recabada por los cargos franquistas provinciales m\u00e1s relacionados con dicha con\u201dictividad: los gobernadores civiles y los delegados provinciales de la Organizaci\u00f3n sindical espa\u00f1ola, que registraron en sus informes internos y notas con!denciales una parte relevante de las protestas desarrolladas en el interior de los centros de trabajo y en las calles durante 1976.<\/p>\n<p>Del estudio que se ha llevado a cabo sobre la documentaci\u00f3n interna elaborada por aquellas autoridades provinciales hemos podido concluir que, en su mayor\u00eda, coincid\u00edan en cali!car 1976 como hist\u00f3rico en cuanto a con\u201dictividad sociolaboral, siendo considerado por dichos cargos como un antes y un despu\u00e9s en gran parte de las provincias espa\u00f1olas. De hecho, no se puede entender la conversi\u00f3n pol\u00edtica de un sector amplio de las \u00e9lites que validaban el franquismo a favor de un r\u00e9gimen democr\u00e1tico sin el peligro que supon\u00edan las extraordinarias movilizaciones de los trabajadores para el mantenimiento de sus privilegios.<\/p>\n<p>Enrique Gonz\u00e1lez de Andr\u00e9s doctor en Historia por la UNED y actualmente trabaja en el CSIC Se ha especializado en el estudio del Partido comunista de Espa\u00f1a durante el franquismo y la transici\u00f3n, la evoluci\u00f3n de la clase trabajadora y la econom\u00eda espa\u00f1ola en la segunda mitad del siglo XX as\u00ed como sobre las transiciones pol\u00edticas. Destacan sus libros La econom\u00eda franquista y su evoluci\u00f3n. Los an\u00e1lisis econ\u00f3micos del Partido Comunista de Espa\u00f1a (Catarata, 2014), Las transiciones pol\u00edticas. Enfoque ideol\u00f3gico y discurso acad\u00e9mico. Una mirada cr\u00edtica (Acad\u00e9mica espa\u00f1ola, 2016) y \u00bfReforma o ruptura? Una aproximaci\u00f3n cr\u00edtica a las pol\u00edticas del Partido Comunista de Espa\u00f1a entre 1973 y 1977 (Viejo topo, 2017). Ha publicado art\u00edculos en diferentes revistas y obras colectivas y mantiene una web con otros trabajos: https:\/\/lahistoriaradical.wordpress.com.<\/p>\n","protected":false},"excerpt":{"rendered":"<p><strong>Enrique Goz\u00e1lez de Andr\u00e9s<\/strong><br \/>\n9788412473803 &#8211; Postmetropolis &#8211; 2022 &#8211; 480 p\u00e1ginas \/orri.<\/p>\n","protected":false},"featured_media":10888,"template":"","meta":[],"product_brand":[],"product_cat":[185,16],"product_tag":[5480,5481],"class_list":{"0":"post-10884","1":"product","2":"type-product","3":"status-publish","4":"has-post-thumbnail","6":"product_cat-historia","7":"product_cat-libros","8":"product_tag-enrique-gozalez-de-andres","9":"product_tag-postmetropolis","11":"first","12":"instock","13":"sold-individually","14":"shipping-taxable","15":"purchasable","16":"product-type-simple"},"yoast_head":"<!-- This site is optimized with the Yoast SEO plugin v27.4 - https:\/\/yoast.com\/product\/yoast-seo-wordpress\/ -->\n<title>1976. El a\u00f1o que vivimos peligrosamente &#8212; Zapateneo<\/title>\n<meta name=\"robots\" content=\"index, follow, max-snippet:-1, max-image-preview:large, max-video-preview:-1\" \/>\n<link rel=\"canonical\" href=\"https:\/\/zapateneo.net\/wordpress\/index.php\/producto\/1976-el-ano-que-vivimos-peligrosamente\/\" \/>\n<meta property=\"og:locale\" content=\"es_ES\" \/>\n<meta property=\"og:type\" content=\"article\" \/>\n<meta property=\"og:title\" content=\"1976. El a\u00f1o que vivimos peligrosamente &#8212; Zapateneo\" \/>\n<meta property=\"og:description\" content=\"Enrique Goz\u00e1lez de Andr\u00e9s 9788412473803 - Postmetropolis - 2022 - 480 p\u00e1ginas \/orri.\" \/>\n<meta property=\"og:url\" content=\"https:\/\/zapateneo.net\/wordpress\/index.php\/producto\/1976-el-ano-que-vivimos-peligrosamente\/\" \/>\n<meta property=\"og:site_name\" content=\"Zapateneo\" \/>\n<meta property=\"article:modified_time\" content=\"2022-04-07T17:19:00+00:00\" \/>\n<meta name=\"twitter:card\" content=\"summary_large_image\" \/>\n<meta name=\"twitter:site\" content=\"@zapateneo\" \/>\n<meta name=\"twitter:label1\" content=\"Tiempo de lectura\" \/>\n\t<meta name=\"twitter:data1\" content=\"3 minutos\" \/>\n<script type=\"application\/ld+json\" class=\"yoast-schema-graph\">{\"@context\":\"https:\\\/\\\/schema.org\",\"@graph\":[{\"@type\":\"WebPage\",\"@id\":\"https:\\\/\\\/zapateneo.net\\\/wordpress\\\/index.php\\\/producto\\\/1976-el-ano-que-vivimos-peligrosamente\\\/\",\"url\":\"https:\\\/\\\/zapateneo.net\\\/wordpress\\\/index.php\\\/producto\\\/1976-el-ano-que-vivimos-peligrosamente\\\/\",\"name\":\"1976. El a\u00f1o que vivimos peligrosamente &#8212; Zapateneo\",\"isPartOf\":{\"@id\":\"https:\\\/\\\/zapateneo.net\\\/wordpress\\\/#website\"},\"primaryImageOfPage\":{\"@id\":\"https:\\\/\\\/zapateneo.net\\\/wordpress\\\/index.php\\\/producto\\\/1976-el-ano-que-vivimos-peligrosamente\\\/#primaryimage\"},\"image\":{\"@id\":\"https:\\\/\\\/zapateneo.net\\\/wordpress\\\/index.php\\\/producto\\\/1976-el-ano-que-vivimos-peligrosamente\\\/#primaryimage\"},\"thumbnailUrl\":\"https:\\\/\\\/zapateneo.net\\\/wordpress\\\/wp-content\\\/uploads\\\/2022\\\/04\\\/portada-1976-768x1112-1.jpg\",\"datePublished\":\"2022-04-07T17:18:58+00:00\",\"dateModified\":\"2022-04-07T17:19:00+00:00\",\"breadcrumb\":{\"@id\":\"https:\\\/\\\/zapateneo.net\\\/wordpress\\\/index.php\\\/producto\\\/1976-el-ano-que-vivimos-peligrosamente\\\/#breadcrumb\"},\"inLanguage\":\"es\",\"potentialAction\":[{\"@type\":\"ReadAction\",\"target\":[\"https:\\\/\\\/zapateneo.net\\\/wordpress\\\/index.php\\\/producto\\\/1976-el-ano-que-vivimos-peligrosamente\\\/\"]}]},{\"@type\":\"ImageObject\",\"inLanguage\":\"es\",\"@id\":\"https:\\\/\\\/zapateneo.net\\\/wordpress\\\/index.php\\\/producto\\\/1976-el-ano-que-vivimos-peligrosamente\\\/#primaryimage\",\"url\":\"https:\\\/\\\/zapateneo.net\\\/wordpress\\\/wp-content\\\/uploads\\\/2022\\\/04\\\/portada-1976-768x1112-1.jpg\",\"contentUrl\":\"https:\\\/\\\/zapateneo.net\\\/wordpress\\\/wp-content\\\/uploads\\\/2022\\\/04\\\/portada-1976-768x1112-1.jpg\",\"width\":276,\"height\":400},{\"@type\":\"BreadcrumbList\",\"@id\":\"https:\\\/\\\/zapateneo.net\\\/wordpress\\\/index.php\\\/producto\\\/1976-el-ano-que-vivimos-peligrosamente\\\/#breadcrumb\",\"itemListElement\":[{\"@type\":\"ListItem\",\"position\":1,\"name\":\"Portada\",\"item\":\"https:\\\/\\\/zapateneo.net\\\/wordpress\\\/\"},{\"@type\":\"ListItem\",\"position\":2,\"name\":\"Tienda\",\"item\":\"https:\\\/\\\/zapateneo.net\\\/wordpress\\\/\"},{\"@type\":\"ListItem\",\"position\":3,\"name\":\"1976. El a\u00f1o que vivimos peligrosamente\"}]},{\"@type\":\"WebSite\",\"@id\":\"https:\\\/\\\/zapateneo.net\\\/wordpress\\\/#website\",\"url\":\"https:\\\/\\\/zapateneo.net\\\/wordpress\\\/\",\"name\":\"Zapateneo\",\"description\":\"Zapateneoaren webgunea\",\"publisher\":{\"@id\":\"https:\\\/\\\/zapateneo.net\\\/wordpress\\\/#organization\"},\"potentialAction\":[{\"@type\":\"SearchAction\",\"target\":{\"@type\":\"EntryPoint\",\"urlTemplate\":\"https:\\\/\\\/zapateneo.net\\\/wordpress\\\/?s={search_term_string}\"},\"query-input\":{\"@type\":\"PropertyValueSpecification\",\"valueRequired\":true,\"valueName\":\"search_term_string\"}}],\"inLanguage\":\"es\"},{\"@type\":\"Organization\",\"@id\":\"https:\\\/\\\/zapateneo.net\\\/wordpress\\\/#organization\",\"name\":\"Zapateneo Kultur Elkartea\",\"url\":\"https:\\\/\\\/zapateneo.net\\\/wordpress\\\/\",\"logo\":{\"@type\":\"ImageObject\",\"inLanguage\":\"es\",\"@id\":\"https:\\\/\\\/zapateneo.net\\\/wordpress\\\/#\\\/schema\\\/logo\\\/image\\\/\",\"url\":\"https:\\\/\\\/zapateneo.net\\\/wordpress\\\/wp-content\\\/uploads\\\/2021\\\/04\\\/zap-libu-kolec.jpg\",\"contentUrl\":\"https:\\\/\\\/zapateneo.net\\\/wordpress\\\/wp-content\\\/uploads\\\/2021\\\/04\\\/zap-libu-kolec.jpg\",\"width\":2234,\"height\":398,\"caption\":\"Zapateneo Kultur Elkartea\"},\"image\":{\"@id\":\"https:\\\/\\\/zapateneo.net\\\/wordpress\\\/#\\\/schema\\\/logo\\\/image\\\/\"},\"sameAs\":[\"https:\\\/\\\/x.com\\\/zapateneo\"]}]}<\/script>\n<!-- \/ Yoast SEO plugin. -->","yoast_head_json":{"title":"1976. El a\u00f1o que vivimos peligrosamente &#8212; Zapateneo","robots":{"index":"index","follow":"follow","max-snippet":"max-snippet:-1","max-image-preview":"max-image-preview:large","max-video-preview":"max-video-preview:-1"},"canonical":"https:\/\/zapateneo.net\/wordpress\/index.php\/producto\/1976-el-ano-que-vivimos-peligrosamente\/","og_locale":"es_ES","og_type":"article","og_title":"1976. El a\u00f1o que vivimos peligrosamente &#8212; Zapateneo","og_description":"Enrique Goz\u00e1lez de Andr\u00e9s 9788412473803 - Postmetropolis - 2022 - 480 p\u00e1ginas \/orri.","og_url":"https:\/\/zapateneo.net\/wordpress\/index.php\/producto\/1976-el-ano-que-vivimos-peligrosamente\/","og_site_name":"Zapateneo","article_modified_time":"2022-04-07T17:19:00+00:00","twitter_card":"summary_large_image","twitter_site":"@zapateneo","twitter_misc":{"Tiempo de lectura":"3 minutos"},"schema":{"@context":"https:\/\/schema.org","@graph":[{"@type":"WebPage","@id":"https:\/\/zapateneo.net\/wordpress\/index.php\/producto\/1976-el-ano-que-vivimos-peligrosamente\/","url":"https:\/\/zapateneo.net\/wordpress\/index.php\/producto\/1976-el-ano-que-vivimos-peligrosamente\/","name":"1976. El a\u00f1o que vivimos peligrosamente &#8212; Zapateneo","isPartOf":{"@id":"https:\/\/zapateneo.net\/wordpress\/#website"},"primaryImageOfPage":{"@id":"https:\/\/zapateneo.net\/wordpress\/index.php\/producto\/1976-el-ano-que-vivimos-peligrosamente\/#primaryimage"},"image":{"@id":"https:\/\/zapateneo.net\/wordpress\/index.php\/producto\/1976-el-ano-que-vivimos-peligrosamente\/#primaryimage"},"thumbnailUrl":"https:\/\/zapateneo.net\/wordpress\/wp-content\/uploads\/2022\/04\/portada-1976-768x1112-1.jpg","datePublished":"2022-04-07T17:18:58+00:00","dateModified":"2022-04-07T17:19:00+00:00","breadcrumb":{"@id":"https:\/\/zapateneo.net\/wordpress\/index.php\/producto\/1976-el-ano-que-vivimos-peligrosamente\/#breadcrumb"},"inLanguage":"es","potentialAction":[{"@type":"ReadAction","target":["https:\/\/zapateneo.net\/wordpress\/index.php\/producto\/1976-el-ano-que-vivimos-peligrosamente\/"]}]},{"@type":"ImageObject","inLanguage":"es","@id":"https:\/\/zapateneo.net\/wordpress\/index.php\/producto\/1976-el-ano-que-vivimos-peligrosamente\/#primaryimage","url":"https:\/\/zapateneo.net\/wordpress\/wp-content\/uploads\/2022\/04\/portada-1976-768x1112-1.jpg","contentUrl":"https:\/\/zapateneo.net\/wordpress\/wp-content\/uploads\/2022\/04\/portada-1976-768x1112-1.jpg","width":276,"height":400},{"@type":"BreadcrumbList","@id":"https:\/\/zapateneo.net\/wordpress\/index.php\/producto\/1976-el-ano-que-vivimos-peligrosamente\/#breadcrumb","itemListElement":[{"@type":"ListItem","position":1,"name":"Portada","item":"https:\/\/zapateneo.net\/wordpress\/"},{"@type":"ListItem","position":2,"name":"Tienda","item":"https:\/\/zapateneo.net\/wordpress\/"},{"@type":"ListItem","position":3,"name":"1976. El a\u00f1o que vivimos peligrosamente"}]},{"@type":"WebSite","@id":"https:\/\/zapateneo.net\/wordpress\/#website","url":"https:\/\/zapateneo.net\/wordpress\/","name":"Zapateneo","description":"Zapateneoaren webgunea","publisher":{"@id":"https:\/\/zapateneo.net\/wordpress\/#organization"},"potentialAction":[{"@type":"SearchAction","target":{"@type":"EntryPoint","urlTemplate":"https:\/\/zapateneo.net\/wordpress\/?s={search_term_string}"},"query-input":{"@type":"PropertyValueSpecification","valueRequired":true,"valueName":"search_term_string"}}],"inLanguage":"es"},{"@type":"Organization","@id":"https:\/\/zapateneo.net\/wordpress\/#organization","name":"Zapateneo Kultur Elkartea","url":"https:\/\/zapateneo.net\/wordpress\/","logo":{"@type":"ImageObject","inLanguage":"es","@id":"https:\/\/zapateneo.net\/wordpress\/#\/schema\/logo\/image\/","url":"https:\/\/zapateneo.net\/wordpress\/wp-content\/uploads\/2021\/04\/zap-libu-kolec.jpg","contentUrl":"https:\/\/zapateneo.net\/wordpress\/wp-content\/uploads\/2021\/04\/zap-libu-kolec.jpg","width":2234,"height":398,"caption":"Zapateneo Kultur Elkartea"},"image":{"@id":"https:\/\/zapateneo.net\/wordpress\/#\/schema\/logo\/image\/"},"sameAs":["https:\/\/x.com\/zapateneo"]}]}},"_links":{"self":[{"href":"https:\/\/zapateneo.net\/wordpress\/index.php\/wp-json\/wp\/v2\/product\/10884","targetHints":{"allow":["GET"]}}],"collection":[{"href":"https:\/\/zapateneo.net\/wordpress\/index.php\/wp-json\/wp\/v2\/product"}],"about":[{"href":"https:\/\/zapateneo.net\/wordpress\/index.php\/wp-json\/wp\/v2\/types\/product"}],"wp:featuredmedia":[{"embeddable":true,"href":"https:\/\/zapateneo.net\/wordpress\/index.php\/wp-json\/wp\/v2\/media\/10888"}],"wp:attachment":[{"href":"https:\/\/zapateneo.net\/wordpress\/index.php\/wp-json\/wp\/v2\/media?parent=10884"}],"wp:term":[{"taxonomy":"product_brand","embeddable":true,"href":"https:\/\/zapateneo.net\/wordpress\/index.php\/wp-json\/wp\/v2\/product_brand?post=10884"},{"taxonomy":"product_cat","embeddable":true,"href":"https:\/\/zapateneo.net\/wordpress\/index.php\/wp-json\/wp\/v2\/product_cat?post=10884"},{"taxonomy":"product_tag","embeddable":true,"href":"https:\/\/zapateneo.net\/wordpress\/index.php\/wp-json\/wp\/v2\/product_tag?post=10884"}],"curies":[{"name":"wp","href":"https:\/\/api.w.org\/{rel}","templated":true}]}}