{"id":10873,"date":"2022-03-17T18:53:53","date_gmt":"2022-03-17T17:53:53","guid":{"rendered":"https:\/\/zapateneo.net\/wordpress\/?post_type=product&#038;p=10873"},"modified":"2023-04-12T16:04:57","modified_gmt":"2023-04-12T15:04:57","slug":"la-llave-las-profesiones-de-integracion-como-instrumento-de-control-social","status":"publish","type":"product","link":"https:\/\/zapateneo.net\/wordpress\/index.php\/producto\/la-llave-las-profesiones-de-integracion-como-instrumento-de-control-social\/","title":{"rendered":"La Llave. Las profesiones de integraci\u00f3n como instrumento de control social"},"content":{"rendered":"<p>\u201cLa llave. Las profesiones de integraci\u00f3n somo instrumento de control social\u201d es el decimotercer t\u00edtulo de nuestra colecci\u00f3n central. Esta breve investigaci\u00f3n de Julio Rubio G\u00f3mez sirve para aproximarse a la historia y al presente de los movimientos sociales, en concreto, a los movimientos vecinales y comprobar la pugna con las instituciones desde eso que la historia oficial ha denominado la Transici\u00f3n hasta hoy. Las preguntas sobre si la profesionalizaci\u00f3n de la ayuda ha sido una eficaz herramienta contra la desigualdad sirven a Julio Rubio G\u00f3mez para acercarnos a un debate que creemos m\u00e1s que interesante:<\/p>\n<p>Durante los a\u00f1os 60 y 70, los movimientos vecinales tuvieron fuerza suficiente como para organizar las reivindicaciones de los barrios obreros en temas tan importantes como la vivienda, la sanidad o las infraestructuras. Miles de militantes, de manera voluntarista, contribuyeron a que estas asociaciones fuesen, adem\u00e1s, punto de encuentro y referente de compromiso con unas ciudades m\u00e1s humanas y una sociedad m\u00e1s justa, apoy\u00e1ndose en la pr\u00e1ctica cotidiana de la solidaridad.<br \/>\nA partir de los a\u00f1os 80, adem\u00e1s de la llegada al poder del PSOE, que hizo todo lo posible para que los barrios se desorganizaran y las asociaciones perdieran espacios en favor del debate parlamentario y las estructuras municipales, se crearon carreras y profesiones especializadas en problemas sociales. Educaci\u00f3n Social, Trabajo Social, monitores de ayuntamientos, psic\u00f3logos de diferentes instituciones y un largo etc\u00e9tera de personas con t\u00edtulos desembarcaron en esos barrios. Sin embargo, los movimientos vecinales no solo no volvieron a crecer, sino que, en muchas ocasiones, contaron con la nula colaboraci\u00f3n de los profesionales de lo social. Algunos vecinos, incluso, empezaron a comprender que ese desembarco no solucionaba sus problemas, sino que supon\u00eda una intromisi\u00f3n del Estado en las relaciones vecinales e incluso en la vida privada de las personas, con las consecuencias de fiscalizar, juzgar o castigar comportamientos o formas de vida que no se ajustaba a lo que el sistema hab\u00eda fijado como ideal. En definitiva, las profesiones sociales eran la llave de acceso del Estado a un territorio antes vedado para \u00e9l.<br \/>\nPartiendo de entrevistas a vecinos de su barrio, Julio Rubio despliega esta tesis en un libro que mezcla la profundidad de an\u00e1lisis con la sencillez de estilo. Una aportaci\u00f3n a las luchas barriales desde el conocimiento m\u00e1s cercano.<\/p>\n","protected":false},"excerpt":{"rendered":"<p><strong>Julio Rubio G\u00f3mez<\/strong><br \/>\n2022031500029 &#8211; La Neurosis o Las Barricadas Ed. &#8211; 2021 &#8211; 162 p\u00e1ginas \/orri.<\/p>\n","protected":false},"featured_media":10876,"template":"","meta":[],"product_brand":[],"product_cat":[177,16],"product_tag":[713,714],"class_list":{"0":"post-10873","1":"product","2":"type-product","3":"status-publish","4":"has-post-thumbnail","6":"product_cat-gizarte-mugimenduak-movimientos-sociales","7":"product_cat-libros","8":"product_tag-julio-rubio-gomez","9":"product_tag-la-neurosis-o-las-barricadas","11":"first","12":"instock","13":"sold-individually","14":"shipping-taxable","15":"purchasable","16":"product-type-simple"},"yoast_head":"<!-- This site is optimized with the Yoast SEO plugin v27.3 - https:\/\/yoast.com\/product\/yoast-seo-wordpress\/ -->\n<title>La Llave. Las profesiones de integraci\u00f3n como instrumento de control social &#8212; Zapateneo<\/title>\n<meta name=\"robots\" content=\"index, follow, max-snippet:-1, max-image-preview:large, max-video-preview:-1\" \/>\n<link rel=\"canonical\" href=\"https:\/\/zapateneo.net\/wordpress\/index.php\/producto\/la-llave-las-profesiones-de-integracion-como-instrumento-de-control-social\/\" \/>\n<meta property=\"og:locale\" content=\"es_ES\" \/>\n<meta property=\"og:type\" content=\"article\" \/>\n<meta property=\"og:title\" content=\"La Llave. Las profesiones de integraci\u00f3n como instrumento de control social &#8212; Zapateneo\" \/>\n<meta property=\"og:description\" content=\"Julio Rubio G\u00f3mez 2022031500029 - La Neurosis o Las Barricadas Ed. - 2021 - 162 p\u00e1ginas \/orri.\" \/>\n<meta property=\"og:url\" content=\"https:\/\/zapateneo.net\/wordpress\/index.php\/producto\/la-llave-las-profesiones-de-integracion-como-instrumento-de-control-social\/\" \/>\n<meta property=\"og:site_name\" content=\"Zapateneo\" \/>\n<meta property=\"article:modified_time\" content=\"2023-04-12T15:04:57+00:00\" \/>\n<meta property=\"og:image\" content=\"https:\/\/zapateneo.net\/wordpress\/wp-content\/uploads\/2022\/03\/la-llavecubierta.jpeg\" \/>\n\t<meta property=\"og:image:width\" content=\"313\" \/>\n\t<meta property=\"og:image:height\" content=\"400\" \/>\n\t<meta property=\"og:image:type\" content=\"image\/jpeg\" \/>\n<meta name=\"twitter:card\" content=\"summary_large_image\" \/>\n<meta name=\"twitter:site\" content=\"@zapateneo\" \/>\n<meta name=\"twitter:label1\" content=\"Tiempo de lectura\" \/>\n\t<meta name=\"twitter:data1\" content=\"2 minutos\" \/>\n<script type=\"application\/ld+json\" class=\"yoast-schema-graph\">{\"@context\":\"https:\\\/\\\/schema.org\",\"@graph\":[{\"@type\":\"WebPage\",\"@id\":\"https:\\\/\\\/zapateneo.net\\\/wordpress\\\/index.php\\\/producto\\\/la-llave-las-profesiones-de-integracion-como-instrumento-de-control-social\\\/\",\"url\":\"https:\\\/\\\/zapateneo.net\\\/wordpress\\\/index.php\\\/producto\\\/la-llave-las-profesiones-de-integracion-como-instrumento-de-control-social\\\/\",\"name\":\"La Llave. Las profesiones de integraci\u00f3n como instrumento de control social &#8212; Zapateneo\",\"isPartOf\":{\"@id\":\"https:\\\/\\\/zapateneo.net\\\/wordpress\\\/#website\"},\"primaryImageOfPage\":{\"@id\":\"https:\\\/\\\/zapateneo.net\\\/wordpress\\\/index.php\\\/producto\\\/la-llave-las-profesiones-de-integracion-como-instrumento-de-control-social\\\/#primaryimage\"},\"image\":{\"@id\":\"https:\\\/\\\/zapateneo.net\\\/wordpress\\\/index.php\\\/producto\\\/la-llave-las-profesiones-de-integracion-como-instrumento-de-control-social\\\/#primaryimage\"},\"thumbnailUrl\":\"https:\\\/\\\/zapateneo.net\\\/wordpress\\\/wp-content\\\/uploads\\\/2022\\\/03\\\/la-llavecubierta.jpeg\",\"datePublished\":\"2022-03-17T17:53:53+00:00\",\"dateModified\":\"2023-04-12T15:04:57+00:00\",\"breadcrumb\":{\"@id\":\"https:\\\/\\\/zapateneo.net\\\/wordpress\\\/index.php\\\/producto\\\/la-llave-las-profesiones-de-integracion-como-instrumento-de-control-social\\\/#breadcrumb\"},\"inLanguage\":\"es\",\"potentialAction\":[{\"@type\":\"ReadAction\",\"target\":[\"https:\\\/\\\/zapateneo.net\\\/wordpress\\\/index.php\\\/producto\\\/la-llave-las-profesiones-de-integracion-como-instrumento-de-control-social\\\/\"]}]},{\"@type\":\"ImageObject\",\"inLanguage\":\"es\",\"@id\":\"https:\\\/\\\/zapateneo.net\\\/wordpress\\\/index.php\\\/producto\\\/la-llave-las-profesiones-de-integracion-como-instrumento-de-control-social\\\/#primaryimage\",\"url\":\"https:\\\/\\\/zapateneo.net\\\/wordpress\\\/wp-content\\\/uploads\\\/2022\\\/03\\\/la-llavecubierta.jpeg\",\"contentUrl\":\"https:\\\/\\\/zapateneo.net\\\/wordpress\\\/wp-content\\\/uploads\\\/2022\\\/03\\\/la-llavecubierta.jpeg\",\"width\":313,\"height\":400},{\"@type\":\"BreadcrumbList\",\"@id\":\"https:\\\/\\\/zapateneo.net\\\/wordpress\\\/index.php\\\/producto\\\/la-llave-las-profesiones-de-integracion-como-instrumento-de-control-social\\\/#breadcrumb\",\"itemListElement\":[{\"@type\":\"ListItem\",\"position\":1,\"name\":\"Portada\",\"item\":\"https:\\\/\\\/zapateneo.net\\\/wordpress\\\/\"},{\"@type\":\"ListItem\",\"position\":2,\"name\":\"Tienda\",\"item\":\"https:\\\/\\\/zapateneo.net\\\/wordpress\\\/\"},{\"@type\":\"ListItem\",\"position\":3,\"name\":\"La Llave. Las profesiones de integraci\u00f3n como instrumento de control social\"}]},{\"@type\":\"WebSite\",\"@id\":\"https:\\\/\\\/zapateneo.net\\\/wordpress\\\/#website\",\"url\":\"https:\\\/\\\/zapateneo.net\\\/wordpress\\\/\",\"name\":\"Zapateneo\",\"description\":\"Zapateneoaren webgunea\",\"publisher\":{\"@id\":\"https:\\\/\\\/zapateneo.net\\\/wordpress\\\/#organization\"},\"potentialAction\":[{\"@type\":\"SearchAction\",\"target\":{\"@type\":\"EntryPoint\",\"urlTemplate\":\"https:\\\/\\\/zapateneo.net\\\/wordpress\\\/?s={search_term_string}\"},\"query-input\":{\"@type\":\"PropertyValueSpecification\",\"valueRequired\":true,\"valueName\":\"search_term_string\"}}],\"inLanguage\":\"es\"},{\"@type\":\"Organization\",\"@id\":\"https:\\\/\\\/zapateneo.net\\\/wordpress\\\/#organization\",\"name\":\"Zapateneo Kultur Elkartea\",\"url\":\"https:\\\/\\\/zapateneo.net\\\/wordpress\\\/\",\"logo\":{\"@type\":\"ImageObject\",\"inLanguage\":\"es\",\"@id\":\"https:\\\/\\\/zapateneo.net\\\/wordpress\\\/#\\\/schema\\\/logo\\\/image\\\/\",\"url\":\"https:\\\/\\\/zapateneo.net\\\/wordpress\\\/wp-content\\\/uploads\\\/2021\\\/04\\\/zap-libu-kolec.jpg\",\"contentUrl\":\"https:\\\/\\\/zapateneo.net\\\/wordpress\\\/wp-content\\\/uploads\\\/2021\\\/04\\\/zap-libu-kolec.jpg\",\"width\":2234,\"height\":398,\"caption\":\"Zapateneo Kultur Elkartea\"},\"image\":{\"@id\":\"https:\\\/\\\/zapateneo.net\\\/wordpress\\\/#\\\/schema\\\/logo\\\/image\\\/\"},\"sameAs\":[\"https:\\\/\\\/x.com\\\/zapateneo\"]}]}<\/script>\n<!-- \/ Yoast SEO plugin. -->","yoast_head_json":{"title":"La Llave. Las profesiones de integraci\u00f3n como instrumento de control social &#8212; Zapateneo","robots":{"index":"index","follow":"follow","max-snippet":"max-snippet:-1","max-image-preview":"max-image-preview:large","max-video-preview":"max-video-preview:-1"},"canonical":"https:\/\/zapateneo.net\/wordpress\/index.php\/producto\/la-llave-las-profesiones-de-integracion-como-instrumento-de-control-social\/","og_locale":"es_ES","og_type":"article","og_title":"La Llave. Las profesiones de integraci\u00f3n como instrumento de control social &#8212; Zapateneo","og_description":"Julio Rubio G\u00f3mez 2022031500029 - La Neurosis o Las Barricadas Ed. - 2021 - 162 p\u00e1ginas \/orri.","og_url":"https:\/\/zapateneo.net\/wordpress\/index.php\/producto\/la-llave-las-profesiones-de-integracion-como-instrumento-de-control-social\/","og_site_name":"Zapateneo","article_modified_time":"2023-04-12T15:04:57+00:00","og_image":[{"width":313,"height":400,"url":"https:\/\/zapateneo.net\/wordpress\/wp-content\/uploads\/2022\/03\/la-llavecubierta.jpeg","type":"image\/jpeg"}],"twitter_card":"summary_large_image","twitter_site":"@zapateneo","twitter_misc":{"Tiempo de lectura":"2 minutos"},"schema":{"@context":"https:\/\/schema.org","@graph":[{"@type":"WebPage","@id":"https:\/\/zapateneo.net\/wordpress\/index.php\/producto\/la-llave-las-profesiones-de-integracion-como-instrumento-de-control-social\/","url":"https:\/\/zapateneo.net\/wordpress\/index.php\/producto\/la-llave-las-profesiones-de-integracion-como-instrumento-de-control-social\/","name":"La Llave. Las profesiones de integraci\u00f3n como instrumento de control social &#8212; Zapateneo","isPartOf":{"@id":"https:\/\/zapateneo.net\/wordpress\/#website"},"primaryImageOfPage":{"@id":"https:\/\/zapateneo.net\/wordpress\/index.php\/producto\/la-llave-las-profesiones-de-integracion-como-instrumento-de-control-social\/#primaryimage"},"image":{"@id":"https:\/\/zapateneo.net\/wordpress\/index.php\/producto\/la-llave-las-profesiones-de-integracion-como-instrumento-de-control-social\/#primaryimage"},"thumbnailUrl":"https:\/\/zapateneo.net\/wordpress\/wp-content\/uploads\/2022\/03\/la-llavecubierta.jpeg","datePublished":"2022-03-17T17:53:53+00:00","dateModified":"2023-04-12T15:04:57+00:00","breadcrumb":{"@id":"https:\/\/zapateneo.net\/wordpress\/index.php\/producto\/la-llave-las-profesiones-de-integracion-como-instrumento-de-control-social\/#breadcrumb"},"inLanguage":"es","potentialAction":[{"@type":"ReadAction","target":["https:\/\/zapateneo.net\/wordpress\/index.php\/producto\/la-llave-las-profesiones-de-integracion-como-instrumento-de-control-social\/"]}]},{"@type":"ImageObject","inLanguage":"es","@id":"https:\/\/zapateneo.net\/wordpress\/index.php\/producto\/la-llave-las-profesiones-de-integracion-como-instrumento-de-control-social\/#primaryimage","url":"https:\/\/zapateneo.net\/wordpress\/wp-content\/uploads\/2022\/03\/la-llavecubierta.jpeg","contentUrl":"https:\/\/zapateneo.net\/wordpress\/wp-content\/uploads\/2022\/03\/la-llavecubierta.jpeg","width":313,"height":400},{"@type":"BreadcrumbList","@id":"https:\/\/zapateneo.net\/wordpress\/index.php\/producto\/la-llave-las-profesiones-de-integracion-como-instrumento-de-control-social\/#breadcrumb","itemListElement":[{"@type":"ListItem","position":1,"name":"Portada","item":"https:\/\/zapateneo.net\/wordpress\/"},{"@type":"ListItem","position":2,"name":"Tienda","item":"https:\/\/zapateneo.net\/wordpress\/"},{"@type":"ListItem","position":3,"name":"La Llave. Las profesiones de integraci\u00f3n como instrumento de control social"}]},{"@type":"WebSite","@id":"https:\/\/zapateneo.net\/wordpress\/#website","url":"https:\/\/zapateneo.net\/wordpress\/","name":"Zapateneo","description":"Zapateneoaren webgunea","publisher":{"@id":"https:\/\/zapateneo.net\/wordpress\/#organization"},"potentialAction":[{"@type":"SearchAction","target":{"@type":"EntryPoint","urlTemplate":"https:\/\/zapateneo.net\/wordpress\/?s={search_term_string}"},"query-input":{"@type":"PropertyValueSpecification","valueRequired":true,"valueName":"search_term_string"}}],"inLanguage":"es"},{"@type":"Organization","@id":"https:\/\/zapateneo.net\/wordpress\/#organization","name":"Zapateneo Kultur Elkartea","url":"https:\/\/zapateneo.net\/wordpress\/","logo":{"@type":"ImageObject","inLanguage":"es","@id":"https:\/\/zapateneo.net\/wordpress\/#\/schema\/logo\/image\/","url":"https:\/\/zapateneo.net\/wordpress\/wp-content\/uploads\/2021\/04\/zap-libu-kolec.jpg","contentUrl":"https:\/\/zapateneo.net\/wordpress\/wp-content\/uploads\/2021\/04\/zap-libu-kolec.jpg","width":2234,"height":398,"caption":"Zapateneo Kultur Elkartea"},"image":{"@id":"https:\/\/zapateneo.net\/wordpress\/#\/schema\/logo\/image\/"},"sameAs":["https:\/\/x.com\/zapateneo"]}]}},"_links":{"self":[{"href":"https:\/\/zapateneo.net\/wordpress\/index.php\/wp-json\/wp\/v2\/product\/10873","targetHints":{"allow":["GET"]}}],"collection":[{"href":"https:\/\/zapateneo.net\/wordpress\/index.php\/wp-json\/wp\/v2\/product"}],"about":[{"href":"https:\/\/zapateneo.net\/wordpress\/index.php\/wp-json\/wp\/v2\/types\/product"}],"wp:featuredmedia":[{"embeddable":true,"href":"https:\/\/zapateneo.net\/wordpress\/index.php\/wp-json\/wp\/v2\/media\/10876"}],"wp:attachment":[{"href":"https:\/\/zapateneo.net\/wordpress\/index.php\/wp-json\/wp\/v2\/media?parent=10873"}],"wp:term":[{"taxonomy":"product_brand","embeddable":true,"href":"https:\/\/zapateneo.net\/wordpress\/index.php\/wp-json\/wp\/v2\/product_brand?post=10873"},{"taxonomy":"product_cat","embeddable":true,"href":"https:\/\/zapateneo.net\/wordpress\/index.php\/wp-json\/wp\/v2\/product_cat?post=10873"},{"taxonomy":"product_tag","embeddable":true,"href":"https:\/\/zapateneo.net\/wordpress\/index.php\/wp-json\/wp\/v2\/product_tag?post=10873"}],"curies":[{"name":"wp","href":"https:\/\/api.w.org\/{rel}","templated":true}]}}