{"id":10716,"date":"2022-01-21T13:29:23","date_gmt":"2022-01-21T12:29:23","guid":{"rendered":"https:\/\/zapateneo.net\/wordpress\/?post_type=product&#038;p=10716"},"modified":"2022-01-21T13:29:42","modified_gmt":"2022-01-21T12:29:42","slug":"construccion-y-luchas-de-pueblos-en-resistencia-tiempos-de-colapso-3","status":"publish","type":"product","link":"https:\/\/zapateneo.net\/wordpress\/index.php\/producto\/construccion-y-luchas-de-pueblos-en-resistencia-tiempos-de-colapso-3\/","title":{"rendered":"Construcci\u00f3n y luchas de pueblos en resistencia. Tiempos de colapso  3"},"content":{"rendered":"<p>Este libro viene cargado de textos que nos acercan a las distintas formas en que se muestra el colapso en las periferias internas y externas de esta Europa del capital que nos retiene. Textos que llegan desde Canarias, a norte de \u00c1frica, Palestina, Grecia, Italia, Estado Espaol y Alemania. Voces de las nuestras, de las que ya viv\u00edan en el colapso antes de saber siquiera como llamarlo y que analizan la situaci\u00f3n actual desde las experiencia de las de abajo.<\/p>\n","protected":false},"excerpt":{"rendered":"<p><strong>Aida Morales, Manuel S\u00e1ez, Ra\u00fal Zibechi<\/strong><br \/>\n9788412388336 &#8211; Zambra &#8211; 2022 &#8211; 180 p\u00e1ginas \/orri.<\/p>\n","protected":false},"featured_media":10746,"template":"","meta":[],"product_brand":[],"product_cat":[177,16],"product_tag":[5447,5448,935,839],"class_list":{"0":"post-10716","1":"product","2":"type-product","3":"status-publish","4":"has-post-thumbnail","6":"product_cat-gizarte-mugimenduak-movimientos-sociales","7":"product_cat-libros","8":"product_tag-aida-morales","9":"product_tag-manuel-saez","10":"product_tag-raul-zibechi","11":"product_tag-zambra","13":"first","14":"instock","15":"sold-individually","16":"shipping-taxable","17":"purchasable","18":"product-type-simple"},"yoast_head":"<!-- This site is optimized with the Yoast SEO plugin v27.3 - https:\/\/yoast.com\/product\/yoast-seo-wordpress\/ -->\n<title>Construcci\u00f3n y luchas de pueblos en resistencia. Tiempos de colapso 3 &#8212; Zapateneo<\/title>\n<meta name=\"robots\" content=\"index, follow, max-snippet:-1, max-image-preview:large, max-video-preview:-1\" \/>\n<link rel=\"canonical\" href=\"https:\/\/zapateneo.net\/wordpress\/index.php\/producto\/construccion-y-luchas-de-pueblos-en-resistencia-tiempos-de-colapso-3\/\" \/>\n<meta property=\"og:locale\" content=\"es_ES\" \/>\n<meta property=\"og:type\" content=\"article\" \/>\n<meta property=\"og:title\" content=\"Construcci\u00f3n y luchas de pueblos en resistencia. Tiempos de colapso 3 &#8212; Zapateneo\" \/>\n<meta property=\"og:description\" content=\"Aida Morales, Manuel S\u00e1ez, Ra\u00fal Zibechi 9788412388336 - Zambra - 2022 - 180 p\u00e1ginas \/orri.\" \/>\n<meta property=\"og:url\" content=\"https:\/\/zapateneo.net\/wordpress\/index.php\/producto\/construccion-y-luchas-de-pueblos-en-resistencia-tiempos-de-colapso-3\/\" \/>\n<meta property=\"og:site_name\" content=\"Zapateneo\" \/>\n<meta property=\"article:modified_time\" content=\"2022-01-21T12:29:42+00:00\" \/>\n<meta name=\"twitter:card\" content=\"summary_large_image\" \/>\n<meta name=\"twitter:site\" content=\"@zapateneo\" \/>\n<script type=\"application\/ld+json\" class=\"yoast-schema-graph\">{\"@context\":\"https:\\\/\\\/schema.org\",\"@graph\":[{\"@type\":\"WebPage\",\"@id\":\"https:\\\/\\\/zapateneo.net\\\/wordpress\\\/index.php\\\/producto\\\/construccion-y-luchas-de-pueblos-en-resistencia-tiempos-de-colapso-3\\\/\",\"url\":\"https:\\\/\\\/zapateneo.net\\\/wordpress\\\/index.php\\\/producto\\\/construccion-y-luchas-de-pueblos-en-resistencia-tiempos-de-colapso-3\\\/\",\"name\":\"Construcci\u00f3n y luchas de pueblos en resistencia. Tiempos de colapso 3 &#8212; Zapateneo\",\"isPartOf\":{\"@id\":\"https:\\\/\\\/zapateneo.net\\\/wordpress\\\/#website\"},\"primaryImageOfPage\":{\"@id\":\"https:\\\/\\\/zapateneo.net\\\/wordpress\\\/index.php\\\/producto\\\/construccion-y-luchas-de-pueblos-en-resistencia-tiempos-de-colapso-3\\\/#primaryimage\"},\"image\":{\"@id\":\"https:\\\/\\\/zapateneo.net\\\/wordpress\\\/index.php\\\/producto\\\/construccion-y-luchas-de-pueblos-en-resistencia-tiempos-de-colapso-3\\\/#primaryimage\"},\"thumbnailUrl\":\"https:\\\/\\\/zapateneo.net\\\/wordpress\\\/wp-content\\\/uploads\\\/2022\\\/01\\\/9788412388336.jpeg\",\"datePublished\":\"2022-01-21T12:29:23+00:00\",\"dateModified\":\"2022-01-21T12:29:42+00:00\",\"breadcrumb\":{\"@id\":\"https:\\\/\\\/zapateneo.net\\\/wordpress\\\/index.php\\\/producto\\\/construccion-y-luchas-de-pueblos-en-resistencia-tiempos-de-colapso-3\\\/#breadcrumb\"},\"inLanguage\":\"es\",\"potentialAction\":[{\"@type\":\"ReadAction\",\"target\":[\"https:\\\/\\\/zapateneo.net\\\/wordpress\\\/index.php\\\/producto\\\/construccion-y-luchas-de-pueblos-en-resistencia-tiempos-de-colapso-3\\\/\"]}]},{\"@type\":\"ImageObject\",\"inLanguage\":\"es\",\"@id\":\"https:\\\/\\\/zapateneo.net\\\/wordpress\\\/index.php\\\/producto\\\/construccion-y-luchas-de-pueblos-en-resistencia-tiempos-de-colapso-3\\\/#primaryimage\",\"url\":\"https:\\\/\\\/zapateneo.net\\\/wordpress\\\/wp-content\\\/uploads\\\/2022\\\/01\\\/9788412388336.jpeg\",\"contentUrl\":\"https:\\\/\\\/zapateneo.net\\\/wordpress\\\/wp-content\\\/uploads\\\/2022\\\/01\\\/9788412388336.jpeg\",\"width\":285,\"height\":400},{\"@type\":\"BreadcrumbList\",\"@id\":\"https:\\\/\\\/zapateneo.net\\\/wordpress\\\/index.php\\\/producto\\\/construccion-y-luchas-de-pueblos-en-resistencia-tiempos-de-colapso-3\\\/#breadcrumb\",\"itemListElement\":[{\"@type\":\"ListItem\",\"position\":1,\"name\":\"Portada\",\"item\":\"https:\\\/\\\/zapateneo.net\\\/wordpress\\\/\"},{\"@type\":\"ListItem\",\"position\":2,\"name\":\"Tienda\",\"item\":\"https:\\\/\\\/zapateneo.net\\\/wordpress\\\/\"},{\"@type\":\"ListItem\",\"position\":3,\"name\":\"Construcci\u00f3n y luchas de pueblos en resistencia. Tiempos de colapso 3\"}]},{\"@type\":\"WebSite\",\"@id\":\"https:\\\/\\\/zapateneo.net\\\/wordpress\\\/#website\",\"url\":\"https:\\\/\\\/zapateneo.net\\\/wordpress\\\/\",\"name\":\"Zapateneo\",\"description\":\"Zapateneoaren webgunea\",\"publisher\":{\"@id\":\"https:\\\/\\\/zapateneo.net\\\/wordpress\\\/#organization\"},\"potentialAction\":[{\"@type\":\"SearchAction\",\"target\":{\"@type\":\"EntryPoint\",\"urlTemplate\":\"https:\\\/\\\/zapateneo.net\\\/wordpress\\\/?s={search_term_string}\"},\"query-input\":{\"@type\":\"PropertyValueSpecification\",\"valueRequired\":true,\"valueName\":\"search_term_string\"}}],\"inLanguage\":\"es\"},{\"@type\":\"Organization\",\"@id\":\"https:\\\/\\\/zapateneo.net\\\/wordpress\\\/#organization\",\"name\":\"Zapateneo Kultur Elkartea\",\"url\":\"https:\\\/\\\/zapateneo.net\\\/wordpress\\\/\",\"logo\":{\"@type\":\"ImageObject\",\"inLanguage\":\"es\",\"@id\":\"https:\\\/\\\/zapateneo.net\\\/wordpress\\\/#\\\/schema\\\/logo\\\/image\\\/\",\"url\":\"https:\\\/\\\/zapateneo.net\\\/wordpress\\\/wp-content\\\/uploads\\\/2021\\\/04\\\/zap-libu-kolec.jpg\",\"contentUrl\":\"https:\\\/\\\/zapateneo.net\\\/wordpress\\\/wp-content\\\/uploads\\\/2021\\\/04\\\/zap-libu-kolec.jpg\",\"width\":2234,\"height\":398,\"caption\":\"Zapateneo Kultur Elkartea\"},\"image\":{\"@id\":\"https:\\\/\\\/zapateneo.net\\\/wordpress\\\/#\\\/schema\\\/logo\\\/image\\\/\"},\"sameAs\":[\"https:\\\/\\\/x.com\\\/zapateneo\"]}]}<\/script>\n<!-- \/ Yoast SEO plugin. -->","yoast_head_json":{"title":"Construcci\u00f3n y luchas de pueblos en resistencia. Tiempos de colapso 3 &#8212; Zapateneo","robots":{"index":"index","follow":"follow","max-snippet":"max-snippet:-1","max-image-preview":"max-image-preview:large","max-video-preview":"max-video-preview:-1"},"canonical":"https:\/\/zapateneo.net\/wordpress\/index.php\/producto\/construccion-y-luchas-de-pueblos-en-resistencia-tiempos-de-colapso-3\/","og_locale":"es_ES","og_type":"article","og_title":"Construcci\u00f3n y luchas de pueblos en resistencia. Tiempos de colapso 3 &#8212; Zapateneo","og_description":"Aida Morales, Manuel S\u00e1ez, Ra\u00fal Zibechi 9788412388336 - Zambra - 2022 - 180 p\u00e1ginas \/orri.","og_url":"https:\/\/zapateneo.net\/wordpress\/index.php\/producto\/construccion-y-luchas-de-pueblos-en-resistencia-tiempos-de-colapso-3\/","og_site_name":"Zapateneo","article_modified_time":"2022-01-21T12:29:42+00:00","twitter_card":"summary_large_image","twitter_site":"@zapateneo","schema":{"@context":"https:\/\/schema.org","@graph":[{"@type":"WebPage","@id":"https:\/\/zapateneo.net\/wordpress\/index.php\/producto\/construccion-y-luchas-de-pueblos-en-resistencia-tiempos-de-colapso-3\/","url":"https:\/\/zapateneo.net\/wordpress\/index.php\/producto\/construccion-y-luchas-de-pueblos-en-resistencia-tiempos-de-colapso-3\/","name":"Construcci\u00f3n y luchas de pueblos en resistencia. Tiempos de colapso 3 &#8212; Zapateneo","isPartOf":{"@id":"https:\/\/zapateneo.net\/wordpress\/#website"},"primaryImageOfPage":{"@id":"https:\/\/zapateneo.net\/wordpress\/index.php\/producto\/construccion-y-luchas-de-pueblos-en-resistencia-tiempos-de-colapso-3\/#primaryimage"},"image":{"@id":"https:\/\/zapateneo.net\/wordpress\/index.php\/producto\/construccion-y-luchas-de-pueblos-en-resistencia-tiempos-de-colapso-3\/#primaryimage"},"thumbnailUrl":"https:\/\/zapateneo.net\/wordpress\/wp-content\/uploads\/2022\/01\/9788412388336.jpeg","datePublished":"2022-01-21T12:29:23+00:00","dateModified":"2022-01-21T12:29:42+00:00","breadcrumb":{"@id":"https:\/\/zapateneo.net\/wordpress\/index.php\/producto\/construccion-y-luchas-de-pueblos-en-resistencia-tiempos-de-colapso-3\/#breadcrumb"},"inLanguage":"es","potentialAction":[{"@type":"ReadAction","target":["https:\/\/zapateneo.net\/wordpress\/index.php\/producto\/construccion-y-luchas-de-pueblos-en-resistencia-tiempos-de-colapso-3\/"]}]},{"@type":"ImageObject","inLanguage":"es","@id":"https:\/\/zapateneo.net\/wordpress\/index.php\/producto\/construccion-y-luchas-de-pueblos-en-resistencia-tiempos-de-colapso-3\/#primaryimage","url":"https:\/\/zapateneo.net\/wordpress\/wp-content\/uploads\/2022\/01\/9788412388336.jpeg","contentUrl":"https:\/\/zapateneo.net\/wordpress\/wp-content\/uploads\/2022\/01\/9788412388336.jpeg","width":285,"height":400},{"@type":"BreadcrumbList","@id":"https:\/\/zapateneo.net\/wordpress\/index.php\/producto\/construccion-y-luchas-de-pueblos-en-resistencia-tiempos-de-colapso-3\/#breadcrumb","itemListElement":[{"@type":"ListItem","position":1,"name":"Portada","item":"https:\/\/zapateneo.net\/wordpress\/"},{"@type":"ListItem","position":2,"name":"Tienda","item":"https:\/\/zapateneo.net\/wordpress\/"},{"@type":"ListItem","position":3,"name":"Construcci\u00f3n y luchas de pueblos en resistencia. Tiempos de colapso 3"}]},{"@type":"WebSite","@id":"https:\/\/zapateneo.net\/wordpress\/#website","url":"https:\/\/zapateneo.net\/wordpress\/","name":"Zapateneo","description":"Zapateneoaren webgunea","publisher":{"@id":"https:\/\/zapateneo.net\/wordpress\/#organization"},"potentialAction":[{"@type":"SearchAction","target":{"@type":"EntryPoint","urlTemplate":"https:\/\/zapateneo.net\/wordpress\/?s={search_term_string}"},"query-input":{"@type":"PropertyValueSpecification","valueRequired":true,"valueName":"search_term_string"}}],"inLanguage":"es"},{"@type":"Organization","@id":"https:\/\/zapateneo.net\/wordpress\/#organization","name":"Zapateneo Kultur Elkartea","url":"https:\/\/zapateneo.net\/wordpress\/","logo":{"@type":"ImageObject","inLanguage":"es","@id":"https:\/\/zapateneo.net\/wordpress\/#\/schema\/logo\/image\/","url":"https:\/\/zapateneo.net\/wordpress\/wp-content\/uploads\/2021\/04\/zap-libu-kolec.jpg","contentUrl":"https:\/\/zapateneo.net\/wordpress\/wp-content\/uploads\/2021\/04\/zap-libu-kolec.jpg","width":2234,"height":398,"caption":"Zapateneo Kultur Elkartea"},"image":{"@id":"https:\/\/zapateneo.net\/wordpress\/#\/schema\/logo\/image\/"},"sameAs":["https:\/\/x.com\/zapateneo"]}]}},"_links":{"self":[{"href":"https:\/\/zapateneo.net\/wordpress\/index.php\/wp-json\/wp\/v2\/product\/10716","targetHints":{"allow":["GET"]}}],"collection":[{"href":"https:\/\/zapateneo.net\/wordpress\/index.php\/wp-json\/wp\/v2\/product"}],"about":[{"href":"https:\/\/zapateneo.net\/wordpress\/index.php\/wp-json\/wp\/v2\/types\/product"}],"wp:featuredmedia":[{"embeddable":true,"href":"https:\/\/zapateneo.net\/wordpress\/index.php\/wp-json\/wp\/v2\/media\/10746"}],"wp:attachment":[{"href":"https:\/\/zapateneo.net\/wordpress\/index.php\/wp-json\/wp\/v2\/media?parent=10716"}],"wp:term":[{"taxonomy":"product_brand","embeddable":true,"href":"https:\/\/zapateneo.net\/wordpress\/index.php\/wp-json\/wp\/v2\/product_brand?post=10716"},{"taxonomy":"product_cat","embeddable":true,"href":"https:\/\/zapateneo.net\/wordpress\/index.php\/wp-json\/wp\/v2\/product_cat?post=10716"},{"taxonomy":"product_tag","embeddable":true,"href":"https:\/\/zapateneo.net\/wordpress\/index.php\/wp-json\/wp\/v2\/product_tag?post=10716"}],"curies":[{"name":"wp","href":"https:\/\/api.w.org\/{rel}","templated":true}]}}