{"id":10699,"date":"2022-01-21T13:29:20","date_gmt":"2022-01-21T12:29:20","guid":{"rendered":"https:\/\/zapateneo.net\/wordpress\/?post_type=product&#038;p=10699"},"modified":"2023-04-12T17:28:39","modified_gmt":"2023-04-12T16:28:39","slug":"las-entranas-de-la-bestia-la-fabrica-de-dinero-en-el-capitalismo","status":"publish","type":"product","link":"https:\/\/zapateneo.net\/wordpress\/index.php\/producto\/las-entranas-de-la-bestia-la-fabrica-de-dinero-en-el-capitalismo\/","title":{"rendered":"Las entra\u00f1as de la bestia. La f\u00e1brica de dinero en el capitalismo"},"content":{"rendered":"<p>Una de las constataciones m\u00e1s impactantes de la \u00faltima fase de la evoluci\u00f3n del capitalismo es la total incomprensi\u00f3n de la naturaleza del dinero en nuestras sociedades\u00bb. Esta contundente afirmaci\u00f3n de la economista Ann Pettifor expresa de forma fehaciente la ignorancia generalizada por parte de la poblaci\u00f3n de todos los aspectos sustanciales relacionados con el elemento material esencial de la subsistencia cotidiana: no entendemos el mundo en el que vivimos. Un velo de ocultaci\u00f3n, tejido por las toneladas de propaganda de los \u00abespadachines a sueldo\u00bb del capital, cae sobre el \u00abobjeto por excelencia\u00bb de la vida social bajo la \u00e9gida de la mercanc\u00eda. Este tab\u00fa no es casual, sino que sirve a la funci\u00f3n de impedir a toda costa la comprensi\u00f3n del hecho m\u00e1s relevante de la acerba situaci\u00f3n actual de la sociedad humana: nunca antes en la historia ha sido mayor la brecha entre la capacidad potencial de producir bienes y servicios para proporcionar un nivel de vida digno a todos los seres humanos, con tecnolog\u00edas y recursos sostenibles ecol\u00f3gicamente y, por otro lado, las deplorables condiciones de vida de una gran parte de la poblaci\u00f3n mundial en un contexto de destrucci\u00f3n acelerada del entorno natural. Tan extraordinaria paradoja es la que fundamenta la pregunta esencial que trata de responder este libro: \u00bfqu\u00e9 papel desempe\u00f1a el modo de producci\u00f3n y de circulaci\u00f3n del dinero en la trayectoria degenerativa y en la condici\u00f3n crecientemente depredadora del capitalismo desquiciado?<\/p>\n<p> ALFREDO APIL\u00c1NEZ PINIELLA (Gij\u00f3n, 1966) es economista de formaci\u00f3n y ha desarrollado su carrera profesional en el \u00e1mbito de la ense\u00f1anza no reglada. Actualmente funge como profesor de ciencias sociales en el Centro de Estudios \u201cAcad\u00e8mia Acc\u00e9s\u201d de Barcelona. Desde hace aproximadamente veinte a\u00f1os, investiga y publica sus trabajos acerca de temas econ\u00f3micos, principalmente en el \u00e1mbito financiero-monetario, y de actualidad pol\u00edtico-social desde una perspectiva de izquierda transformadora que pugna por integrar las tradiciones marxista y anarquista. La mayor parte de sus escritos se han publicado en el blog Trampantojos y Embelecos\u201d y han gozado asimismo de copiosa difusi\u00f3n a trav\u00e9s de numerosas publicaciones en sitios web \u201calternativos\u201d como Rebeli\u00f3n, Kaos en la Red, Alainet, La Haine, etc. Ha pronunciado asimismo diversas conferencias adem\u00e1s de conceder entrevistas de prensa y radio y de participar en varios simposios virtuales. En los \u00faltimos cinco a\u00f1os ha venido trabajando m\u00e1s espec\u00edficamente en el \u00e1mbito monetario, habiendo publicado varios textos (principalmente la serie de art\u00edculos titulada \u201cSobre el dinero\u201d) que han tenido amplia difusi\u00f3n y han gozado del reconocimiento por parte de numerosos lectores, siendo asimismo citados por varios autores de prestigio. Tal bagaje previo es el que ha fructificado en el presente trabajo, adem\u00e1s de servir de base para desarrollar los \u00e1mbitos de estudio aqu\u00ed explorados en ulteriores proyectos.<\/p>\n","protected":false},"excerpt":{"rendered":"<p><strong>Alfredo Apilanez<\/strong><br \/>\n9788412123265 &#8211; Dado &#8211; 2021 &#8211; 460 p\u00e1ginas \/orri.<\/p>\n","protected":false},"featured_media":10729,"template":"","meta":[],"product_brand":[],"product_cat":[178,16],"product_tag":[5431,459],"class_list":{"0":"post-10699","1":"product","2":"type-product","3":"status-publish","4":"has-post-thumbnail","6":"product_cat-ekonomia-economia","7":"product_cat-libros","8":"product_tag-alfredo-apilanez","9":"product_tag-dado-ediciones","11":"first","12":"instock","13":"sold-individually","14":"shipping-taxable","15":"purchasable","16":"product-type-simple"},"yoast_head":"<!-- This site is optimized with the Yoast SEO plugin v27.3 - https:\/\/yoast.com\/product\/yoast-seo-wordpress\/ -->\n<title>Las entra\u00f1as de la bestia. La f\u00e1brica de dinero en el capitalismo &#8212; Zapateneo<\/title>\n<meta name=\"robots\" content=\"index, follow, max-snippet:-1, max-image-preview:large, max-video-preview:-1\" \/>\n<link rel=\"canonical\" href=\"https:\/\/zapateneo.net\/wordpress\/index.php\/producto\/las-entranas-de-la-bestia-la-fabrica-de-dinero-en-el-capitalismo\/\" \/>\n<meta property=\"og:locale\" content=\"es_ES\" \/>\n<meta property=\"og:type\" content=\"article\" \/>\n<meta property=\"og:title\" content=\"Las entra\u00f1as de la bestia. La f\u00e1brica de dinero en el capitalismo &#8212; Zapateneo\" \/>\n<meta property=\"og:description\" content=\"Alfredo Apilanez 9788412123265 - Dado - 2021 - 460 p\u00e1ginas \/orri.\" \/>\n<meta property=\"og:url\" content=\"https:\/\/zapateneo.net\/wordpress\/index.php\/producto\/las-entranas-de-la-bestia-la-fabrica-de-dinero-en-el-capitalismo\/\" \/>\n<meta property=\"og:site_name\" content=\"Zapateneo\" \/>\n<meta property=\"article:modified_time\" content=\"2023-04-12T16:28:39+00:00\" \/>\n<meta property=\"og:image\" content=\"https:\/\/zapateneo.net\/wordpress\/wp-content\/uploads\/2022\/01\/9788412123265.jpg\" \/>\n\t<meta property=\"og:image:width\" content=\"160\" \/>\n\t<meta property=\"og:image:height\" content=\"220\" \/>\n\t<meta property=\"og:image:type\" content=\"image\/jpeg\" \/>\n<meta name=\"twitter:card\" content=\"summary_large_image\" \/>\n<meta name=\"twitter:site\" content=\"@zapateneo\" \/>\n<meta name=\"twitter:label1\" content=\"Tiempo de lectura\" \/>\n\t<meta name=\"twitter:data1\" content=\"2 minutos\" \/>\n<script type=\"application\/ld+json\" class=\"yoast-schema-graph\">{\"@context\":\"https:\\\/\\\/schema.org\",\"@graph\":[{\"@type\":\"WebPage\",\"@id\":\"https:\\\/\\\/zapateneo.net\\\/wordpress\\\/index.php\\\/producto\\\/las-entranas-de-la-bestia-la-fabrica-de-dinero-en-el-capitalismo\\\/\",\"url\":\"https:\\\/\\\/zapateneo.net\\\/wordpress\\\/index.php\\\/producto\\\/las-entranas-de-la-bestia-la-fabrica-de-dinero-en-el-capitalismo\\\/\",\"name\":\"Las entra\u00f1as de la bestia. La f\u00e1brica de dinero en el capitalismo &#8212; Zapateneo\",\"isPartOf\":{\"@id\":\"https:\\\/\\\/zapateneo.net\\\/wordpress\\\/#website\"},\"primaryImageOfPage\":{\"@id\":\"https:\\\/\\\/zapateneo.net\\\/wordpress\\\/index.php\\\/producto\\\/las-entranas-de-la-bestia-la-fabrica-de-dinero-en-el-capitalismo\\\/#primaryimage\"},\"image\":{\"@id\":\"https:\\\/\\\/zapateneo.net\\\/wordpress\\\/index.php\\\/producto\\\/las-entranas-de-la-bestia-la-fabrica-de-dinero-en-el-capitalismo\\\/#primaryimage\"},\"thumbnailUrl\":\"https:\\\/\\\/zapateneo.net\\\/wordpress\\\/wp-content\\\/uploads\\\/2022\\\/01\\\/9788412123265.jpg\",\"datePublished\":\"2022-01-21T12:29:20+00:00\",\"dateModified\":\"2023-04-12T16:28:39+00:00\",\"breadcrumb\":{\"@id\":\"https:\\\/\\\/zapateneo.net\\\/wordpress\\\/index.php\\\/producto\\\/las-entranas-de-la-bestia-la-fabrica-de-dinero-en-el-capitalismo\\\/#breadcrumb\"},\"inLanguage\":\"es\",\"potentialAction\":[{\"@type\":\"ReadAction\",\"target\":[\"https:\\\/\\\/zapateneo.net\\\/wordpress\\\/index.php\\\/producto\\\/las-entranas-de-la-bestia-la-fabrica-de-dinero-en-el-capitalismo\\\/\"]}]},{\"@type\":\"ImageObject\",\"inLanguage\":\"es\",\"@id\":\"https:\\\/\\\/zapateneo.net\\\/wordpress\\\/index.php\\\/producto\\\/las-entranas-de-la-bestia-la-fabrica-de-dinero-en-el-capitalismo\\\/#primaryimage\",\"url\":\"https:\\\/\\\/zapateneo.net\\\/wordpress\\\/wp-content\\\/uploads\\\/2022\\\/01\\\/9788412123265.jpg\",\"contentUrl\":\"https:\\\/\\\/zapateneo.net\\\/wordpress\\\/wp-content\\\/uploads\\\/2022\\\/01\\\/9788412123265.jpg\",\"width\":160,\"height\":220},{\"@type\":\"BreadcrumbList\",\"@id\":\"https:\\\/\\\/zapateneo.net\\\/wordpress\\\/index.php\\\/producto\\\/las-entranas-de-la-bestia-la-fabrica-de-dinero-en-el-capitalismo\\\/#breadcrumb\",\"itemListElement\":[{\"@type\":\"ListItem\",\"position\":1,\"name\":\"Portada\",\"item\":\"https:\\\/\\\/zapateneo.net\\\/wordpress\\\/\"},{\"@type\":\"ListItem\",\"position\":2,\"name\":\"Tienda\",\"item\":\"https:\\\/\\\/zapateneo.net\\\/wordpress\\\/\"},{\"@type\":\"ListItem\",\"position\":3,\"name\":\"Las entra\u00f1as de la bestia. La f\u00e1brica de dinero en el capitalismo\"}]},{\"@type\":\"WebSite\",\"@id\":\"https:\\\/\\\/zapateneo.net\\\/wordpress\\\/#website\",\"url\":\"https:\\\/\\\/zapateneo.net\\\/wordpress\\\/\",\"name\":\"Zapateneo\",\"description\":\"Zapateneoaren webgunea\",\"publisher\":{\"@id\":\"https:\\\/\\\/zapateneo.net\\\/wordpress\\\/#organization\"},\"potentialAction\":[{\"@type\":\"SearchAction\",\"target\":{\"@type\":\"EntryPoint\",\"urlTemplate\":\"https:\\\/\\\/zapateneo.net\\\/wordpress\\\/?s={search_term_string}\"},\"query-input\":{\"@type\":\"PropertyValueSpecification\",\"valueRequired\":true,\"valueName\":\"search_term_string\"}}],\"inLanguage\":\"es\"},{\"@type\":\"Organization\",\"@id\":\"https:\\\/\\\/zapateneo.net\\\/wordpress\\\/#organization\",\"name\":\"Zapateneo Kultur Elkartea\",\"url\":\"https:\\\/\\\/zapateneo.net\\\/wordpress\\\/\",\"logo\":{\"@type\":\"ImageObject\",\"inLanguage\":\"es\",\"@id\":\"https:\\\/\\\/zapateneo.net\\\/wordpress\\\/#\\\/schema\\\/logo\\\/image\\\/\",\"url\":\"https:\\\/\\\/zapateneo.net\\\/wordpress\\\/wp-content\\\/uploads\\\/2021\\\/04\\\/zap-libu-kolec.jpg\",\"contentUrl\":\"https:\\\/\\\/zapateneo.net\\\/wordpress\\\/wp-content\\\/uploads\\\/2021\\\/04\\\/zap-libu-kolec.jpg\",\"width\":2234,\"height\":398,\"caption\":\"Zapateneo Kultur Elkartea\"},\"image\":{\"@id\":\"https:\\\/\\\/zapateneo.net\\\/wordpress\\\/#\\\/schema\\\/logo\\\/image\\\/\"},\"sameAs\":[\"https:\\\/\\\/x.com\\\/zapateneo\"]}]}<\/script>\n<!-- \/ Yoast SEO plugin. -->","yoast_head_json":{"title":"Las entra\u00f1as de la bestia. La f\u00e1brica de dinero en el capitalismo &#8212; Zapateneo","robots":{"index":"index","follow":"follow","max-snippet":"max-snippet:-1","max-image-preview":"max-image-preview:large","max-video-preview":"max-video-preview:-1"},"canonical":"https:\/\/zapateneo.net\/wordpress\/index.php\/producto\/las-entranas-de-la-bestia-la-fabrica-de-dinero-en-el-capitalismo\/","og_locale":"es_ES","og_type":"article","og_title":"Las entra\u00f1as de la bestia. La f\u00e1brica de dinero en el capitalismo &#8212; Zapateneo","og_description":"Alfredo Apilanez 9788412123265 - Dado - 2021 - 460 p\u00e1ginas \/orri.","og_url":"https:\/\/zapateneo.net\/wordpress\/index.php\/producto\/las-entranas-de-la-bestia-la-fabrica-de-dinero-en-el-capitalismo\/","og_site_name":"Zapateneo","article_modified_time":"2023-04-12T16:28:39+00:00","og_image":[{"width":160,"height":220,"url":"https:\/\/zapateneo.net\/wordpress\/wp-content\/uploads\/2022\/01\/9788412123265.jpg","type":"image\/jpeg"}],"twitter_card":"summary_large_image","twitter_site":"@zapateneo","twitter_misc":{"Tiempo de lectura":"2 minutos"},"schema":{"@context":"https:\/\/schema.org","@graph":[{"@type":"WebPage","@id":"https:\/\/zapateneo.net\/wordpress\/index.php\/producto\/las-entranas-de-la-bestia-la-fabrica-de-dinero-en-el-capitalismo\/","url":"https:\/\/zapateneo.net\/wordpress\/index.php\/producto\/las-entranas-de-la-bestia-la-fabrica-de-dinero-en-el-capitalismo\/","name":"Las entra\u00f1as de la bestia. La f\u00e1brica de dinero en el capitalismo &#8212; Zapateneo","isPartOf":{"@id":"https:\/\/zapateneo.net\/wordpress\/#website"},"primaryImageOfPage":{"@id":"https:\/\/zapateneo.net\/wordpress\/index.php\/producto\/las-entranas-de-la-bestia-la-fabrica-de-dinero-en-el-capitalismo\/#primaryimage"},"image":{"@id":"https:\/\/zapateneo.net\/wordpress\/index.php\/producto\/las-entranas-de-la-bestia-la-fabrica-de-dinero-en-el-capitalismo\/#primaryimage"},"thumbnailUrl":"https:\/\/zapateneo.net\/wordpress\/wp-content\/uploads\/2022\/01\/9788412123265.jpg","datePublished":"2022-01-21T12:29:20+00:00","dateModified":"2023-04-12T16:28:39+00:00","breadcrumb":{"@id":"https:\/\/zapateneo.net\/wordpress\/index.php\/producto\/las-entranas-de-la-bestia-la-fabrica-de-dinero-en-el-capitalismo\/#breadcrumb"},"inLanguage":"es","potentialAction":[{"@type":"ReadAction","target":["https:\/\/zapateneo.net\/wordpress\/index.php\/producto\/las-entranas-de-la-bestia-la-fabrica-de-dinero-en-el-capitalismo\/"]}]},{"@type":"ImageObject","inLanguage":"es","@id":"https:\/\/zapateneo.net\/wordpress\/index.php\/producto\/las-entranas-de-la-bestia-la-fabrica-de-dinero-en-el-capitalismo\/#primaryimage","url":"https:\/\/zapateneo.net\/wordpress\/wp-content\/uploads\/2022\/01\/9788412123265.jpg","contentUrl":"https:\/\/zapateneo.net\/wordpress\/wp-content\/uploads\/2022\/01\/9788412123265.jpg","width":160,"height":220},{"@type":"BreadcrumbList","@id":"https:\/\/zapateneo.net\/wordpress\/index.php\/producto\/las-entranas-de-la-bestia-la-fabrica-de-dinero-en-el-capitalismo\/#breadcrumb","itemListElement":[{"@type":"ListItem","position":1,"name":"Portada","item":"https:\/\/zapateneo.net\/wordpress\/"},{"@type":"ListItem","position":2,"name":"Tienda","item":"https:\/\/zapateneo.net\/wordpress\/"},{"@type":"ListItem","position":3,"name":"Las entra\u00f1as de la bestia. La f\u00e1brica de dinero en el capitalismo"}]},{"@type":"WebSite","@id":"https:\/\/zapateneo.net\/wordpress\/#website","url":"https:\/\/zapateneo.net\/wordpress\/","name":"Zapateneo","description":"Zapateneoaren webgunea","publisher":{"@id":"https:\/\/zapateneo.net\/wordpress\/#organization"},"potentialAction":[{"@type":"SearchAction","target":{"@type":"EntryPoint","urlTemplate":"https:\/\/zapateneo.net\/wordpress\/?s={search_term_string}"},"query-input":{"@type":"PropertyValueSpecification","valueRequired":true,"valueName":"search_term_string"}}],"inLanguage":"es"},{"@type":"Organization","@id":"https:\/\/zapateneo.net\/wordpress\/#organization","name":"Zapateneo Kultur Elkartea","url":"https:\/\/zapateneo.net\/wordpress\/","logo":{"@type":"ImageObject","inLanguage":"es","@id":"https:\/\/zapateneo.net\/wordpress\/#\/schema\/logo\/image\/","url":"https:\/\/zapateneo.net\/wordpress\/wp-content\/uploads\/2021\/04\/zap-libu-kolec.jpg","contentUrl":"https:\/\/zapateneo.net\/wordpress\/wp-content\/uploads\/2021\/04\/zap-libu-kolec.jpg","width":2234,"height":398,"caption":"Zapateneo Kultur Elkartea"},"image":{"@id":"https:\/\/zapateneo.net\/wordpress\/#\/schema\/logo\/image\/"},"sameAs":["https:\/\/x.com\/zapateneo"]}]}},"_links":{"self":[{"href":"https:\/\/zapateneo.net\/wordpress\/index.php\/wp-json\/wp\/v2\/product\/10699","targetHints":{"allow":["GET"]}}],"collection":[{"href":"https:\/\/zapateneo.net\/wordpress\/index.php\/wp-json\/wp\/v2\/product"}],"about":[{"href":"https:\/\/zapateneo.net\/wordpress\/index.php\/wp-json\/wp\/v2\/types\/product"}],"wp:featuredmedia":[{"embeddable":true,"href":"https:\/\/zapateneo.net\/wordpress\/index.php\/wp-json\/wp\/v2\/media\/10729"}],"wp:attachment":[{"href":"https:\/\/zapateneo.net\/wordpress\/index.php\/wp-json\/wp\/v2\/media?parent=10699"}],"wp:term":[{"taxonomy":"product_brand","embeddable":true,"href":"https:\/\/zapateneo.net\/wordpress\/index.php\/wp-json\/wp\/v2\/product_brand?post=10699"},{"taxonomy":"product_cat","embeddable":true,"href":"https:\/\/zapateneo.net\/wordpress\/index.php\/wp-json\/wp\/v2\/product_cat?post=10699"},{"taxonomy":"product_tag","embeddable":true,"href":"https:\/\/zapateneo.net\/wordpress\/index.php\/wp-json\/wp\/v2\/product_tag?post=10699"}],"curies":[{"name":"wp","href":"https:\/\/api.w.org\/{rel}","templated":true}]}}