{"id":10680,"date":"2022-01-18T10:37:13","date_gmt":"2022-01-18T09:37:13","guid":{"rendered":"https:\/\/zapateneo.net\/wordpress\/?post_type=product&#038;p=10680"},"modified":"2022-01-18T10:38:19","modified_gmt":"2022-01-18T09:38:19","slug":"sentir-madrid-como-si-existiera-un-todo-geografia-poetica-y-etnografia-reencantada-de-una-ciudad","status":"publish","type":"product","link":"https:\/\/zapateneo.net\/wordpress\/index.php\/producto\/sentir-madrid-como-si-existiera-un-todo-geografia-poetica-y-etnografia-reencantada-de-una-ciudad\/","title":{"rendered":"Sentir Madrid como si existiera un todo Geograf\u00eda po\u00e9tica y etnograf\u00eda reencantada de una ciudad"},"content":{"rendered":"<p>Dentro del amplio abanico de experiencias humanas donde la poes\u00eda late, el contacto con lo maravilloso juega para m\u00ed un papel privilegiado. Entiendo lo maravilloso como la p\u00e9rdida en la inmensidad de la realidad. Debido a su poder de saturaci\u00f3n del presente, combinado con su capacidad radical de suspender cualquier inercia o previsibilidad, los fen\u00f3menos de lo maravilloso son uno de los acontecimientos que mejor contribuye a la vida plena de las mujeres y los hombres.<br \/>\nLa geograf\u00eda po\u00e9tica podr\u00eda entenderse como una ciencia de lo particular, seg\u00fan la divertida ocurrencia pataf\u00edsica\u00bb, que explora y cartograf\u00eda la relaci\u00f3n de la poes\u00eda, definida como acabo de hacer, con el espacio cotidiano en el que uno se desenvuelve. Pero fallamos si queremos entenderla como una actividad orientada al conocimiento. La geograf\u00eda po\u00e9tica podr\u00eda definirse mejor como una vivencia del medio f\u00edsico y social cotidiano, en la que el espacio y los acontecimientos po\u00e9ticos, de implicaciones y naturalezas diversas pero siempre reveladores, se van entretejiendo hasta conformar el territorio que sostiene y a la vez produce el sentido de una vida. Por tanto, en la geograf\u00eda po\u00e9tica la voluntad de conocimiento se erotiza\u00bb.<br \/>\nAUTOR\/A<br \/>\nSANTIAGO MUI\u00d1O, EMILIO<\/p>\n<p>Licenciado en Antropolog\u00eda Social y m\u00e1ster en Antropolog\u00eda de Orientaci\u00f3n P\u00fablica. Ha sido investigador doctoral y docente en el departamento de Antropolog\u00eda Social y Pensamiento Filos\u00f3fico Espa\u00f1ol de la Universidad Aut\u00f3noma de Madrid. Es miembro del Grupo de Investigaci\u00f3n Transdisciplinar sobre Transiciones Socioecol\u00f3gicas y del grupo motor del manifiesto \u00daltima Llamada. A sus publicaciones cient\u00edficas se suma el libro No es una estafa, es una crisis (de civilizaci\u00f3n) (Enclave, 2015). Tiene una amplia experiencia en la gesti\u00f3n de proyectos desde los movimientos sociales y es unos de los fundadores del colectivo de investigaci\u00f3n y transformaci\u00f3n social Rompe el C\u00edrculo (M\u00f3stoles) y del Grupo Surrealista de Madrid. Es tambi\u00e9n autor del poemario La llamada del mar (La Torre Magn\u00e9tica, 2011) y del libro sobre geograf\u00eda po\u00e9tica Sentir Madrid como si fuera un todo. Es componente del grupo de rap Punto de Fuga y letrista del grupo Las \u00f3rdenes de mayo.<\/p>\n","protected":false},"excerpt":{"rendered":"<p><strong>Emilio Santiago Mui\u00f1o<\/strong><br \/>\n9788494469602 &#8211; La Torre Magn\u00e9tica &#8211; 2021 &#8211; 164 p\u00e1ginas \/orri.<\/p>\n","protected":false},"featured_media":10686,"template":"","meta":[],"product_brand":[],"product_cat":[16,173],"product_tag":[4699,3088,5419],"class_list":{"0":"post-10680","1":"product","2":"type-product","3":"status-publish","4":"has-post-thumbnail","6":"product_cat-libros","7":"product_cat-saiakera-ensayo","8":"product_tag-emilio-santiago-muino","9":"product_tag-grupo-surrealista-de-madrid","10":"product_tag-la-torre-magnetica","12":"first","13":"instock","14":"sold-individually","15":"shipping-taxable","16":"purchasable","17":"product-type-simple"},"yoast_head":"<!-- This site is optimized with the Yoast SEO plugin v27.3 - https:\/\/yoast.com\/product\/yoast-seo-wordpress\/ -->\n<title>Sentir Madrid como si existiera un todo Geograf\u00eda po\u00e9tica y etnograf\u00eda reencantada de una ciudad &#8212; Zapateneo<\/title>\n<meta name=\"robots\" content=\"index, follow, max-snippet:-1, max-image-preview:large, max-video-preview:-1\" \/>\n<link rel=\"canonical\" href=\"https:\/\/zapateneo.net\/wordpress\/index.php\/producto\/sentir-madrid-como-si-existiera-un-todo-geografia-poetica-y-etnografia-reencantada-de-una-ciudad\/\" \/>\n<meta property=\"og:locale\" content=\"es_ES\" \/>\n<meta property=\"og:type\" content=\"article\" \/>\n<meta property=\"og:title\" content=\"Sentir Madrid como si existiera un todo Geograf\u00eda po\u00e9tica y etnograf\u00eda reencantada de una ciudad &#8212; Zapateneo\" \/>\n<meta property=\"og:description\" content=\"Emilio Santiago Mui\u00f1o 9788494469602 - La Torre Magn\u00e9tica - 2021 - 164 p\u00e1ginas \/orri.\" \/>\n<meta property=\"og:url\" content=\"https:\/\/zapateneo.net\/wordpress\/index.php\/producto\/sentir-madrid-como-si-existiera-un-todo-geografia-poetica-y-etnografia-reencantada-de-una-ciudad\/\" \/>\n<meta property=\"og:site_name\" content=\"Zapateneo\" \/>\n<meta property=\"article:modified_time\" content=\"2022-01-18T09:38:19+00:00\" \/>\n<meta property=\"og:image\" content=\"https:\/\/zapateneo.net\/wordpress\/wp-content\/uploads\/2022\/01\/9788494469602.jpg\" \/>\n\t<meta property=\"og:image:width\" content=\"120\" \/>\n\t<meta property=\"og:image:height\" content=\"173\" \/>\n\t<meta property=\"og:image:type\" content=\"image\/jpeg\" \/>\n<meta name=\"twitter:card\" content=\"summary_large_image\" \/>\n<meta name=\"twitter:site\" content=\"@zapateneo\" \/>\n<meta name=\"twitter:label1\" content=\"Tiempo de lectura\" \/>\n\t<meta name=\"twitter:data1\" content=\"2 minutos\" \/>\n<script type=\"application\/ld+json\" class=\"yoast-schema-graph\">{\"@context\":\"https:\\\/\\\/schema.org\",\"@graph\":[{\"@type\":\"WebPage\",\"@id\":\"https:\\\/\\\/zapateneo.net\\\/wordpress\\\/index.php\\\/producto\\\/sentir-madrid-como-si-existiera-un-todo-geografia-poetica-y-etnografia-reencantada-de-una-ciudad\\\/\",\"url\":\"https:\\\/\\\/zapateneo.net\\\/wordpress\\\/index.php\\\/producto\\\/sentir-madrid-como-si-existiera-un-todo-geografia-poetica-y-etnografia-reencantada-de-una-ciudad\\\/\",\"name\":\"Sentir Madrid como si existiera un todo Geograf\u00eda po\u00e9tica y etnograf\u00eda reencantada de una ciudad &#8212; Zapateneo\",\"isPartOf\":{\"@id\":\"https:\\\/\\\/zapateneo.net\\\/wordpress\\\/#website\"},\"primaryImageOfPage\":{\"@id\":\"https:\\\/\\\/zapateneo.net\\\/wordpress\\\/index.php\\\/producto\\\/sentir-madrid-como-si-existiera-un-todo-geografia-poetica-y-etnografia-reencantada-de-una-ciudad\\\/#primaryimage\"},\"image\":{\"@id\":\"https:\\\/\\\/zapateneo.net\\\/wordpress\\\/index.php\\\/producto\\\/sentir-madrid-como-si-existiera-un-todo-geografia-poetica-y-etnografia-reencantada-de-una-ciudad\\\/#primaryimage\"},\"thumbnailUrl\":\"https:\\\/\\\/zapateneo.net\\\/wordpress\\\/wp-content\\\/uploads\\\/2022\\\/01\\\/9788494469602.jpg\",\"datePublished\":\"2022-01-18T09:37:13+00:00\",\"dateModified\":\"2022-01-18T09:38:19+00:00\",\"breadcrumb\":{\"@id\":\"https:\\\/\\\/zapateneo.net\\\/wordpress\\\/index.php\\\/producto\\\/sentir-madrid-como-si-existiera-un-todo-geografia-poetica-y-etnografia-reencantada-de-una-ciudad\\\/#breadcrumb\"},\"inLanguage\":\"es\",\"potentialAction\":[{\"@type\":\"ReadAction\",\"target\":[\"https:\\\/\\\/zapateneo.net\\\/wordpress\\\/index.php\\\/producto\\\/sentir-madrid-como-si-existiera-un-todo-geografia-poetica-y-etnografia-reencantada-de-una-ciudad\\\/\"]}]},{\"@type\":\"ImageObject\",\"inLanguage\":\"es\",\"@id\":\"https:\\\/\\\/zapateneo.net\\\/wordpress\\\/index.php\\\/producto\\\/sentir-madrid-como-si-existiera-un-todo-geografia-poetica-y-etnografia-reencantada-de-una-ciudad\\\/#primaryimage\",\"url\":\"https:\\\/\\\/zapateneo.net\\\/wordpress\\\/wp-content\\\/uploads\\\/2022\\\/01\\\/9788494469602.jpg\",\"contentUrl\":\"https:\\\/\\\/zapateneo.net\\\/wordpress\\\/wp-content\\\/uploads\\\/2022\\\/01\\\/9788494469602.jpg\",\"width\":120,\"height\":173},{\"@type\":\"BreadcrumbList\",\"@id\":\"https:\\\/\\\/zapateneo.net\\\/wordpress\\\/index.php\\\/producto\\\/sentir-madrid-como-si-existiera-un-todo-geografia-poetica-y-etnografia-reencantada-de-una-ciudad\\\/#breadcrumb\",\"itemListElement\":[{\"@type\":\"ListItem\",\"position\":1,\"name\":\"Portada\",\"item\":\"https:\\\/\\\/zapateneo.net\\\/wordpress\\\/\"},{\"@type\":\"ListItem\",\"position\":2,\"name\":\"Tienda\",\"item\":\"https:\\\/\\\/zapateneo.net\\\/wordpress\\\/\"},{\"@type\":\"ListItem\",\"position\":3,\"name\":\"Sentir Madrid como si existiera un todo Geograf\u00eda po\u00e9tica y etnograf\u00eda reencantada de una ciudad\"}]},{\"@type\":\"WebSite\",\"@id\":\"https:\\\/\\\/zapateneo.net\\\/wordpress\\\/#website\",\"url\":\"https:\\\/\\\/zapateneo.net\\\/wordpress\\\/\",\"name\":\"Zapateneo\",\"description\":\"Zapateneoaren webgunea\",\"publisher\":{\"@id\":\"https:\\\/\\\/zapateneo.net\\\/wordpress\\\/#organization\"},\"potentialAction\":[{\"@type\":\"SearchAction\",\"target\":{\"@type\":\"EntryPoint\",\"urlTemplate\":\"https:\\\/\\\/zapateneo.net\\\/wordpress\\\/?s={search_term_string}\"},\"query-input\":{\"@type\":\"PropertyValueSpecification\",\"valueRequired\":true,\"valueName\":\"search_term_string\"}}],\"inLanguage\":\"es\"},{\"@type\":\"Organization\",\"@id\":\"https:\\\/\\\/zapateneo.net\\\/wordpress\\\/#organization\",\"name\":\"Zapateneo Kultur Elkartea\",\"url\":\"https:\\\/\\\/zapateneo.net\\\/wordpress\\\/\",\"logo\":{\"@type\":\"ImageObject\",\"inLanguage\":\"es\",\"@id\":\"https:\\\/\\\/zapateneo.net\\\/wordpress\\\/#\\\/schema\\\/logo\\\/image\\\/\",\"url\":\"https:\\\/\\\/zapateneo.net\\\/wordpress\\\/wp-content\\\/uploads\\\/2021\\\/04\\\/zap-libu-kolec.jpg\",\"contentUrl\":\"https:\\\/\\\/zapateneo.net\\\/wordpress\\\/wp-content\\\/uploads\\\/2021\\\/04\\\/zap-libu-kolec.jpg\",\"width\":2234,\"height\":398,\"caption\":\"Zapateneo Kultur Elkartea\"},\"image\":{\"@id\":\"https:\\\/\\\/zapateneo.net\\\/wordpress\\\/#\\\/schema\\\/logo\\\/image\\\/\"},\"sameAs\":[\"https:\\\/\\\/x.com\\\/zapateneo\"]}]}<\/script>\n<!-- \/ Yoast SEO plugin. -->","yoast_head_json":{"title":"Sentir Madrid como si existiera un todo Geograf\u00eda po\u00e9tica y etnograf\u00eda reencantada de una ciudad &#8212; Zapateneo","robots":{"index":"index","follow":"follow","max-snippet":"max-snippet:-1","max-image-preview":"max-image-preview:large","max-video-preview":"max-video-preview:-1"},"canonical":"https:\/\/zapateneo.net\/wordpress\/index.php\/producto\/sentir-madrid-como-si-existiera-un-todo-geografia-poetica-y-etnografia-reencantada-de-una-ciudad\/","og_locale":"es_ES","og_type":"article","og_title":"Sentir Madrid como si existiera un todo Geograf\u00eda po\u00e9tica y etnograf\u00eda reencantada de una ciudad &#8212; Zapateneo","og_description":"Emilio Santiago Mui\u00f1o 9788494469602 - La Torre Magn\u00e9tica - 2021 - 164 p\u00e1ginas \/orri.","og_url":"https:\/\/zapateneo.net\/wordpress\/index.php\/producto\/sentir-madrid-como-si-existiera-un-todo-geografia-poetica-y-etnografia-reencantada-de-una-ciudad\/","og_site_name":"Zapateneo","article_modified_time":"2022-01-18T09:38:19+00:00","og_image":[{"width":120,"height":173,"url":"https:\/\/zapateneo.net\/wordpress\/wp-content\/uploads\/2022\/01\/9788494469602.jpg","type":"image\/jpeg"}],"twitter_card":"summary_large_image","twitter_site":"@zapateneo","twitter_misc":{"Tiempo de lectura":"2 minutos"},"schema":{"@context":"https:\/\/schema.org","@graph":[{"@type":"WebPage","@id":"https:\/\/zapateneo.net\/wordpress\/index.php\/producto\/sentir-madrid-como-si-existiera-un-todo-geografia-poetica-y-etnografia-reencantada-de-una-ciudad\/","url":"https:\/\/zapateneo.net\/wordpress\/index.php\/producto\/sentir-madrid-como-si-existiera-un-todo-geografia-poetica-y-etnografia-reencantada-de-una-ciudad\/","name":"Sentir Madrid como si existiera un todo Geograf\u00eda po\u00e9tica y etnograf\u00eda reencantada de una ciudad &#8212; Zapateneo","isPartOf":{"@id":"https:\/\/zapateneo.net\/wordpress\/#website"},"primaryImageOfPage":{"@id":"https:\/\/zapateneo.net\/wordpress\/index.php\/producto\/sentir-madrid-como-si-existiera-un-todo-geografia-poetica-y-etnografia-reencantada-de-una-ciudad\/#primaryimage"},"image":{"@id":"https:\/\/zapateneo.net\/wordpress\/index.php\/producto\/sentir-madrid-como-si-existiera-un-todo-geografia-poetica-y-etnografia-reencantada-de-una-ciudad\/#primaryimage"},"thumbnailUrl":"https:\/\/zapateneo.net\/wordpress\/wp-content\/uploads\/2022\/01\/9788494469602.jpg","datePublished":"2022-01-18T09:37:13+00:00","dateModified":"2022-01-18T09:38:19+00:00","breadcrumb":{"@id":"https:\/\/zapateneo.net\/wordpress\/index.php\/producto\/sentir-madrid-como-si-existiera-un-todo-geografia-poetica-y-etnografia-reencantada-de-una-ciudad\/#breadcrumb"},"inLanguage":"es","potentialAction":[{"@type":"ReadAction","target":["https:\/\/zapateneo.net\/wordpress\/index.php\/producto\/sentir-madrid-como-si-existiera-un-todo-geografia-poetica-y-etnografia-reencantada-de-una-ciudad\/"]}]},{"@type":"ImageObject","inLanguage":"es","@id":"https:\/\/zapateneo.net\/wordpress\/index.php\/producto\/sentir-madrid-como-si-existiera-un-todo-geografia-poetica-y-etnografia-reencantada-de-una-ciudad\/#primaryimage","url":"https:\/\/zapateneo.net\/wordpress\/wp-content\/uploads\/2022\/01\/9788494469602.jpg","contentUrl":"https:\/\/zapateneo.net\/wordpress\/wp-content\/uploads\/2022\/01\/9788494469602.jpg","width":120,"height":173},{"@type":"BreadcrumbList","@id":"https:\/\/zapateneo.net\/wordpress\/index.php\/producto\/sentir-madrid-como-si-existiera-un-todo-geografia-poetica-y-etnografia-reencantada-de-una-ciudad\/#breadcrumb","itemListElement":[{"@type":"ListItem","position":1,"name":"Portada","item":"https:\/\/zapateneo.net\/wordpress\/"},{"@type":"ListItem","position":2,"name":"Tienda","item":"https:\/\/zapateneo.net\/wordpress\/"},{"@type":"ListItem","position":3,"name":"Sentir Madrid como si existiera un todo Geograf\u00eda po\u00e9tica y etnograf\u00eda reencantada de una ciudad"}]},{"@type":"WebSite","@id":"https:\/\/zapateneo.net\/wordpress\/#website","url":"https:\/\/zapateneo.net\/wordpress\/","name":"Zapateneo","description":"Zapateneoaren webgunea","publisher":{"@id":"https:\/\/zapateneo.net\/wordpress\/#organization"},"potentialAction":[{"@type":"SearchAction","target":{"@type":"EntryPoint","urlTemplate":"https:\/\/zapateneo.net\/wordpress\/?s={search_term_string}"},"query-input":{"@type":"PropertyValueSpecification","valueRequired":true,"valueName":"search_term_string"}}],"inLanguage":"es"},{"@type":"Organization","@id":"https:\/\/zapateneo.net\/wordpress\/#organization","name":"Zapateneo Kultur Elkartea","url":"https:\/\/zapateneo.net\/wordpress\/","logo":{"@type":"ImageObject","inLanguage":"es","@id":"https:\/\/zapateneo.net\/wordpress\/#\/schema\/logo\/image\/","url":"https:\/\/zapateneo.net\/wordpress\/wp-content\/uploads\/2021\/04\/zap-libu-kolec.jpg","contentUrl":"https:\/\/zapateneo.net\/wordpress\/wp-content\/uploads\/2021\/04\/zap-libu-kolec.jpg","width":2234,"height":398,"caption":"Zapateneo Kultur Elkartea"},"image":{"@id":"https:\/\/zapateneo.net\/wordpress\/#\/schema\/logo\/image\/"},"sameAs":["https:\/\/x.com\/zapateneo"]}]}},"_links":{"self":[{"href":"https:\/\/zapateneo.net\/wordpress\/index.php\/wp-json\/wp\/v2\/product\/10680","targetHints":{"allow":["GET"]}}],"collection":[{"href":"https:\/\/zapateneo.net\/wordpress\/index.php\/wp-json\/wp\/v2\/product"}],"about":[{"href":"https:\/\/zapateneo.net\/wordpress\/index.php\/wp-json\/wp\/v2\/types\/product"}],"wp:featuredmedia":[{"embeddable":true,"href":"https:\/\/zapateneo.net\/wordpress\/index.php\/wp-json\/wp\/v2\/media\/10686"}],"wp:attachment":[{"href":"https:\/\/zapateneo.net\/wordpress\/index.php\/wp-json\/wp\/v2\/media?parent=10680"}],"wp:term":[{"taxonomy":"product_brand","embeddable":true,"href":"https:\/\/zapateneo.net\/wordpress\/index.php\/wp-json\/wp\/v2\/product_brand?post=10680"},{"taxonomy":"product_cat","embeddable":true,"href":"https:\/\/zapateneo.net\/wordpress\/index.php\/wp-json\/wp\/v2\/product_cat?post=10680"},{"taxonomy":"product_tag","embeddable":true,"href":"https:\/\/zapateneo.net\/wordpress\/index.php\/wp-json\/wp\/v2\/product_tag?post=10680"}],"curies":[{"name":"wp","href":"https:\/\/api.w.org\/{rel}","templated":true}]}}