{"id":10678,"date":"2022-01-18T10:37:13","date_gmt":"2022-01-18T09:37:13","guid":{"rendered":"https:\/\/zapateneo.net\/wordpress\/?post_type=product&#038;p=10678"},"modified":"2022-07-07T08:09:26","modified_gmt":"2022-07-07T07:09:26","slug":"un-cuchillo-entre-los-dientes-y-otros-textos","status":"publish","type":"product","link":"https:\/\/zapateneo.net\/wordpress\/index.php\/producto\/un-cuchillo-entre-los-dientes-y-otros-textos\/","title":{"rendered":"Un cuchillo entre los dientes y otros textos"},"content":{"rendered":"<p>Ya est\u00e1 disponible la nueva entrega de Ediciones de La Torre Magn\u00e9tica: Un cuchillo entre los dientes y otros textos, de Ant\u00f3nio Jos\u00e9 Forte, poeta de la segunda generaci\u00f3n surrealista portuguesa. Este libro recoge toda su obra po\u00e9tica tan breve como poderosa, y una serie de art\u00edculos y ensayos que, entre otros temas, abordan el surrealismo y el anarquismo en Portugal, siguiendo la edici\u00f3n definitiva de su obra completa con in\u00e9ditos y un pr\u00f3logo de Herberto Helder publicada por la Editorial Ant\u00edgona Editores Refract\u00e1rios en 2017. Junto a estos poemas y textos, ofrecemos como complemento el prefacio que Alfredo Fernandes escribi\u00f3 para acompa\u00f1ar la edici\u00f3n francesa de Un couteau entre les dents (Ab Irato \u00e9ditions, 2007), donde se traza la convulsa historia de los surrealistas portugueses en plena autocracia fascista de Salazar, y la aventura personal, po\u00e9tica y revolucionaria de Forte.<\/p>\n<p>Ant\u00f3nio Jos\u00e9 Forte (1931-1988) fue, en efecto, uno de aquellos j\u00f3venes que dieron vida a la segunda generaci\u00f3n surrealista en Portugal, el legendario \u201cGrupo do caf\u00e9 Gelo\u201d animado por M\u00e1rio Cesariny. All\u00ed se code\u00f3 con Ernesto Sampaio, Herberto Helder o Luiz Pacheco, inici\u00e1ndose en \u201cla poes\u00eda en su primera forma b\u00e1rbara\u201d, adem\u00e1s de conspirar en 1962 contra la dictadura con sus camaradas del caf\u00e9 Gelo en una quim\u00e9rica acci\u00f3n armada, la \u201cOpera\u00e7\u00e3o Papagaio\u201d, intento fracasado de ocupaci\u00f3n de una radio lisboeta para emitir una cinta pregrabada con canciones revolucionarias y noticias falsas de una supuesta revuelta en marcha, verdadera premonici\u00f3n (con ecos de Orson Welles pasado por los Hermanos Marx) del 25 de Abril. Seguramente por ello, y por el asco irremediable hacia una sociedad acobardada y un mundillo literario putrefacto dominado por los funcionarios del r\u00e9gimen y la polic\u00eda del pensamiento del neorrealismo estalinista, termin\u00f3 exili\u00e1ndose en 1966 a Bruselas y Par\u00eds, donde conoce de primera mano el movimiento provo y la Internationale Situationniste, participando en la tentativa abortada de una revista situacionista en portugu\u00e9s. Finalmente volvi\u00f3 a Lisboa retomando la actividad surrealista a la que siempre fue fiel, adem\u00e1s de (re)descubrir la tradici\u00f3n del anarquismo luso con el que mantendr\u00e1 una estrecha relaci\u00f3n.<\/p>\n<p>As\u00ed era Forte, practicante confeso de la poes\u00eda b\u00e1rbara que subvierte toda la miseria del mundo, un poeta con una voz que seg\u00fan Helder \u201cno es plural, no es directa, ni sinuosa o derivada, ni siquiera deudora, pero como toda poes\u00eda verdadera tiene su propia tradici\u00f3n rom\u00e1ntica y surrealista\u201d. Y un hombre que, como dice Alfredo Fernandes, \u201ccrey\u00f3 y form\u00f3 parte de los grandes mitos revolucionarios de su tiempo\u201d. Quiz\u00e1s porque su itinerario singular y obstinado, junto con la experiencia radical del exilio, le llevaron a un punto de ruptura donde las ideas anarquistas, surrealistas y situacionistas se reencontraron en un lirismo violento tan desesperado como abierto y disponible a las luces del amor, la poes\u00eda, la libertad.<\/p>\n<p>Ediciones de la Torre Magn\u00e9tica, Colecci\u00f3n de poes\u00eda Los Peces Solubles<\/p>\n<p>Traducci\u00f3n de Isabel G\u00f3mez Rodr\u00edguez y Eugenio Castro<\/p>\n","protected":false},"excerpt":{"rendered":"<p><strong>Ant\u00f3nio Jos\u00e9 Forte<\/strong><br \/>\n9788494939402 &#8211; La Torre Magn\u00e9tica &#8211; 2018 &#8211; 182 p\u00e1ginas \/orri.<\/p>\n","protected":false},"featured_media":10684,"template":"","meta":[],"product_brand":[],"product_cat":[16,4063],"product_tag":[5420,3088,5419],"class_list":{"0":"post-10678","1":"product","2":"type-product","3":"status-publish","4":"has-post-thumbnail","6":"product_cat-libros","7":"product_cat-olerkigintza-poesia","8":"product_tag-antonio-jose-forte","9":"product_tag-grupo-surrealista-de-madrid","10":"product_tag-la-torre-magnetica","12":"first","13":"instock","14":"sold-individually","15":"shipping-taxable","16":"purchasable","17":"product-type-simple"},"yoast_head":"<!-- This site is optimized with the Yoast SEO plugin v27.3 - https:\/\/yoast.com\/product\/yoast-seo-wordpress\/ -->\n<title>Un cuchillo entre los dientes y otros textos &#8212; Zapateneo<\/title>\n<meta name=\"robots\" content=\"index, follow, max-snippet:-1, max-image-preview:large, max-video-preview:-1\" \/>\n<link rel=\"canonical\" href=\"https:\/\/zapateneo.net\/wordpress\/index.php\/producto\/un-cuchillo-entre-los-dientes-y-otros-textos\/\" \/>\n<meta property=\"og:locale\" content=\"es_ES\" \/>\n<meta property=\"og:type\" content=\"article\" \/>\n<meta property=\"og:title\" content=\"Un cuchillo entre los dientes y otros textos &#8212; Zapateneo\" \/>\n<meta property=\"og:description\" content=\"Ant\u00f3nio Jos\u00e9 Forte 9788494939402 - La Torre Magn\u00e9tica - 2018 - 182 p\u00e1ginas \/orri.\" \/>\n<meta property=\"og:url\" content=\"https:\/\/zapateneo.net\/wordpress\/index.php\/producto\/un-cuchillo-entre-los-dientes-y-otros-textos\/\" \/>\n<meta property=\"og:site_name\" content=\"Zapateneo\" \/>\n<meta property=\"article:modified_time\" content=\"2022-07-07T07:09:26+00:00\" \/>\n<meta property=\"og:image\" content=\"https:\/\/zapateneo.net\/wordpress\/wp-content\/uploads\/2022\/01\/forte.jpg\" \/>\n\t<meta property=\"og:image:width\" content=\"198\" \/>\n\t<meta property=\"og:image:height\" content=\"320\" \/>\n\t<meta property=\"og:image:type\" content=\"image\/jpeg\" \/>\n<meta name=\"twitter:card\" content=\"summary_large_image\" \/>\n<meta name=\"twitter:site\" content=\"@zapateneo\" \/>\n<meta name=\"twitter:label1\" content=\"Tiempo de lectura\" \/>\n\t<meta name=\"twitter:data1\" content=\"3 minutos\" \/>\n<script type=\"application\/ld+json\" class=\"yoast-schema-graph\">{\"@context\":\"https:\\\/\\\/schema.org\",\"@graph\":[{\"@type\":\"WebPage\",\"@id\":\"https:\\\/\\\/zapateneo.net\\\/wordpress\\\/index.php\\\/producto\\\/un-cuchillo-entre-los-dientes-y-otros-textos\\\/\",\"url\":\"https:\\\/\\\/zapateneo.net\\\/wordpress\\\/index.php\\\/producto\\\/un-cuchillo-entre-los-dientes-y-otros-textos\\\/\",\"name\":\"Un cuchillo entre los dientes y otros textos &#8212; Zapateneo\",\"isPartOf\":{\"@id\":\"https:\\\/\\\/zapateneo.net\\\/wordpress\\\/#website\"},\"primaryImageOfPage\":{\"@id\":\"https:\\\/\\\/zapateneo.net\\\/wordpress\\\/index.php\\\/producto\\\/un-cuchillo-entre-los-dientes-y-otros-textos\\\/#primaryimage\"},\"image\":{\"@id\":\"https:\\\/\\\/zapateneo.net\\\/wordpress\\\/index.php\\\/producto\\\/un-cuchillo-entre-los-dientes-y-otros-textos\\\/#primaryimage\"},\"thumbnailUrl\":\"https:\\\/\\\/zapateneo.net\\\/wordpress\\\/wp-content\\\/uploads\\\/2022\\\/01\\\/forte.jpg\",\"datePublished\":\"2022-01-18T09:37:13+00:00\",\"dateModified\":\"2022-07-07T07:09:26+00:00\",\"breadcrumb\":{\"@id\":\"https:\\\/\\\/zapateneo.net\\\/wordpress\\\/index.php\\\/producto\\\/un-cuchillo-entre-los-dientes-y-otros-textos\\\/#breadcrumb\"},\"inLanguage\":\"es\",\"potentialAction\":[{\"@type\":\"ReadAction\",\"target\":[\"https:\\\/\\\/zapateneo.net\\\/wordpress\\\/index.php\\\/producto\\\/un-cuchillo-entre-los-dientes-y-otros-textos\\\/\"]}]},{\"@type\":\"ImageObject\",\"inLanguage\":\"es\",\"@id\":\"https:\\\/\\\/zapateneo.net\\\/wordpress\\\/index.php\\\/producto\\\/un-cuchillo-entre-los-dientes-y-otros-textos\\\/#primaryimage\",\"url\":\"https:\\\/\\\/zapateneo.net\\\/wordpress\\\/wp-content\\\/uploads\\\/2022\\\/01\\\/forte.jpg\",\"contentUrl\":\"https:\\\/\\\/zapateneo.net\\\/wordpress\\\/wp-content\\\/uploads\\\/2022\\\/01\\\/forte.jpg\",\"width\":198,\"height\":320},{\"@type\":\"BreadcrumbList\",\"@id\":\"https:\\\/\\\/zapateneo.net\\\/wordpress\\\/index.php\\\/producto\\\/un-cuchillo-entre-los-dientes-y-otros-textos\\\/#breadcrumb\",\"itemListElement\":[{\"@type\":\"ListItem\",\"position\":1,\"name\":\"Portada\",\"item\":\"https:\\\/\\\/zapateneo.net\\\/wordpress\\\/\"},{\"@type\":\"ListItem\",\"position\":2,\"name\":\"Tienda\",\"item\":\"https:\\\/\\\/zapateneo.net\\\/wordpress\\\/\"},{\"@type\":\"ListItem\",\"position\":3,\"name\":\"Un cuchillo entre los dientes y otros textos\"}]},{\"@type\":\"WebSite\",\"@id\":\"https:\\\/\\\/zapateneo.net\\\/wordpress\\\/#website\",\"url\":\"https:\\\/\\\/zapateneo.net\\\/wordpress\\\/\",\"name\":\"Zapateneo\",\"description\":\"Zapateneoaren webgunea\",\"publisher\":{\"@id\":\"https:\\\/\\\/zapateneo.net\\\/wordpress\\\/#organization\"},\"potentialAction\":[{\"@type\":\"SearchAction\",\"target\":{\"@type\":\"EntryPoint\",\"urlTemplate\":\"https:\\\/\\\/zapateneo.net\\\/wordpress\\\/?s={search_term_string}\"},\"query-input\":{\"@type\":\"PropertyValueSpecification\",\"valueRequired\":true,\"valueName\":\"search_term_string\"}}],\"inLanguage\":\"es\"},{\"@type\":\"Organization\",\"@id\":\"https:\\\/\\\/zapateneo.net\\\/wordpress\\\/#organization\",\"name\":\"Zapateneo Kultur Elkartea\",\"url\":\"https:\\\/\\\/zapateneo.net\\\/wordpress\\\/\",\"logo\":{\"@type\":\"ImageObject\",\"inLanguage\":\"es\",\"@id\":\"https:\\\/\\\/zapateneo.net\\\/wordpress\\\/#\\\/schema\\\/logo\\\/image\\\/\",\"url\":\"https:\\\/\\\/zapateneo.net\\\/wordpress\\\/wp-content\\\/uploads\\\/2021\\\/04\\\/zap-libu-kolec.jpg\",\"contentUrl\":\"https:\\\/\\\/zapateneo.net\\\/wordpress\\\/wp-content\\\/uploads\\\/2021\\\/04\\\/zap-libu-kolec.jpg\",\"width\":2234,\"height\":398,\"caption\":\"Zapateneo Kultur Elkartea\"},\"image\":{\"@id\":\"https:\\\/\\\/zapateneo.net\\\/wordpress\\\/#\\\/schema\\\/logo\\\/image\\\/\"},\"sameAs\":[\"https:\\\/\\\/x.com\\\/zapateneo\"]}]}<\/script>\n<!-- \/ Yoast SEO plugin. -->","yoast_head_json":{"title":"Un cuchillo entre los dientes y otros textos &#8212; Zapateneo","robots":{"index":"index","follow":"follow","max-snippet":"max-snippet:-1","max-image-preview":"max-image-preview:large","max-video-preview":"max-video-preview:-1"},"canonical":"https:\/\/zapateneo.net\/wordpress\/index.php\/producto\/un-cuchillo-entre-los-dientes-y-otros-textos\/","og_locale":"es_ES","og_type":"article","og_title":"Un cuchillo entre los dientes y otros textos &#8212; Zapateneo","og_description":"Ant\u00f3nio Jos\u00e9 Forte 9788494939402 - La Torre Magn\u00e9tica - 2018 - 182 p\u00e1ginas \/orri.","og_url":"https:\/\/zapateneo.net\/wordpress\/index.php\/producto\/un-cuchillo-entre-los-dientes-y-otros-textos\/","og_site_name":"Zapateneo","article_modified_time":"2022-07-07T07:09:26+00:00","og_image":[{"width":198,"height":320,"url":"https:\/\/zapateneo.net\/wordpress\/wp-content\/uploads\/2022\/01\/forte.jpg","type":"image\/jpeg"}],"twitter_card":"summary_large_image","twitter_site":"@zapateneo","twitter_misc":{"Tiempo de lectura":"3 minutos"},"schema":{"@context":"https:\/\/schema.org","@graph":[{"@type":"WebPage","@id":"https:\/\/zapateneo.net\/wordpress\/index.php\/producto\/un-cuchillo-entre-los-dientes-y-otros-textos\/","url":"https:\/\/zapateneo.net\/wordpress\/index.php\/producto\/un-cuchillo-entre-los-dientes-y-otros-textos\/","name":"Un cuchillo entre los dientes y otros textos &#8212; Zapateneo","isPartOf":{"@id":"https:\/\/zapateneo.net\/wordpress\/#website"},"primaryImageOfPage":{"@id":"https:\/\/zapateneo.net\/wordpress\/index.php\/producto\/un-cuchillo-entre-los-dientes-y-otros-textos\/#primaryimage"},"image":{"@id":"https:\/\/zapateneo.net\/wordpress\/index.php\/producto\/un-cuchillo-entre-los-dientes-y-otros-textos\/#primaryimage"},"thumbnailUrl":"https:\/\/zapateneo.net\/wordpress\/wp-content\/uploads\/2022\/01\/forte.jpg","datePublished":"2022-01-18T09:37:13+00:00","dateModified":"2022-07-07T07:09:26+00:00","breadcrumb":{"@id":"https:\/\/zapateneo.net\/wordpress\/index.php\/producto\/un-cuchillo-entre-los-dientes-y-otros-textos\/#breadcrumb"},"inLanguage":"es","potentialAction":[{"@type":"ReadAction","target":["https:\/\/zapateneo.net\/wordpress\/index.php\/producto\/un-cuchillo-entre-los-dientes-y-otros-textos\/"]}]},{"@type":"ImageObject","inLanguage":"es","@id":"https:\/\/zapateneo.net\/wordpress\/index.php\/producto\/un-cuchillo-entre-los-dientes-y-otros-textos\/#primaryimage","url":"https:\/\/zapateneo.net\/wordpress\/wp-content\/uploads\/2022\/01\/forte.jpg","contentUrl":"https:\/\/zapateneo.net\/wordpress\/wp-content\/uploads\/2022\/01\/forte.jpg","width":198,"height":320},{"@type":"BreadcrumbList","@id":"https:\/\/zapateneo.net\/wordpress\/index.php\/producto\/un-cuchillo-entre-los-dientes-y-otros-textos\/#breadcrumb","itemListElement":[{"@type":"ListItem","position":1,"name":"Portada","item":"https:\/\/zapateneo.net\/wordpress\/"},{"@type":"ListItem","position":2,"name":"Tienda","item":"https:\/\/zapateneo.net\/wordpress\/"},{"@type":"ListItem","position":3,"name":"Un cuchillo entre los dientes y otros textos"}]},{"@type":"WebSite","@id":"https:\/\/zapateneo.net\/wordpress\/#website","url":"https:\/\/zapateneo.net\/wordpress\/","name":"Zapateneo","description":"Zapateneoaren webgunea","publisher":{"@id":"https:\/\/zapateneo.net\/wordpress\/#organization"},"potentialAction":[{"@type":"SearchAction","target":{"@type":"EntryPoint","urlTemplate":"https:\/\/zapateneo.net\/wordpress\/?s={search_term_string}"},"query-input":{"@type":"PropertyValueSpecification","valueRequired":true,"valueName":"search_term_string"}}],"inLanguage":"es"},{"@type":"Organization","@id":"https:\/\/zapateneo.net\/wordpress\/#organization","name":"Zapateneo Kultur Elkartea","url":"https:\/\/zapateneo.net\/wordpress\/","logo":{"@type":"ImageObject","inLanguage":"es","@id":"https:\/\/zapateneo.net\/wordpress\/#\/schema\/logo\/image\/","url":"https:\/\/zapateneo.net\/wordpress\/wp-content\/uploads\/2021\/04\/zap-libu-kolec.jpg","contentUrl":"https:\/\/zapateneo.net\/wordpress\/wp-content\/uploads\/2021\/04\/zap-libu-kolec.jpg","width":2234,"height":398,"caption":"Zapateneo Kultur Elkartea"},"image":{"@id":"https:\/\/zapateneo.net\/wordpress\/#\/schema\/logo\/image\/"},"sameAs":["https:\/\/x.com\/zapateneo"]}]}},"_links":{"self":[{"href":"https:\/\/zapateneo.net\/wordpress\/index.php\/wp-json\/wp\/v2\/product\/10678","targetHints":{"allow":["GET"]}}],"collection":[{"href":"https:\/\/zapateneo.net\/wordpress\/index.php\/wp-json\/wp\/v2\/product"}],"about":[{"href":"https:\/\/zapateneo.net\/wordpress\/index.php\/wp-json\/wp\/v2\/types\/product"}],"wp:featuredmedia":[{"embeddable":true,"href":"https:\/\/zapateneo.net\/wordpress\/index.php\/wp-json\/wp\/v2\/media\/10684"}],"wp:attachment":[{"href":"https:\/\/zapateneo.net\/wordpress\/index.php\/wp-json\/wp\/v2\/media?parent=10678"}],"wp:term":[{"taxonomy":"product_brand","embeddable":true,"href":"https:\/\/zapateneo.net\/wordpress\/index.php\/wp-json\/wp\/v2\/product_brand?post=10678"},{"taxonomy":"product_cat","embeddable":true,"href":"https:\/\/zapateneo.net\/wordpress\/index.php\/wp-json\/wp\/v2\/product_cat?post=10678"},{"taxonomy":"product_tag","embeddable":true,"href":"https:\/\/zapateneo.net\/wordpress\/index.php\/wp-json\/wp\/v2\/product_tag?post=10678"}],"curies":[{"name":"wp","href":"https:\/\/api.w.org\/{rel}","templated":true}]}}