{"id":10458,"date":"2021-11-29T17:45:34","date_gmt":"2021-11-29T16:45:34","guid":{"rendered":"https:\/\/zapateneo.net\/wordpress\/?post_type=product&#038;p=10458"},"modified":"2023-05-05T12:45:53","modified_gmt":"2023-05-05T11:45:53","slug":"rescoldos-8-guerras","status":"publish","type":"product","link":"https:\/\/zapateneo.net\/wordpress\/index.php\/producto\/rescoldos-8-guerras\/","title":{"rendered":"Rescoldos # 8 Guerra(s)"},"content":{"rendered":"<div class=\"fl-callout-text\">\n<p>En este n\u00famero reflexionamos sobre guerra, pedagog\u00eda y democracia, el papel de la OTAN y los conflictos \u00e9tnicos o tribales, entre\u00a0otros temas relacionados.<\/p>\n<\/div>\n<p class=\"Titulospeque\" align=\"left\">N\u00ba 8. Guerra(s). (1er semestre 2003)<\/p>\n<p class=\"Textopeque\" align=\"left\"><span class=\"remini\"><em>Para la reflexi\u00f3n<\/em><br \/>\nGuerra, pedagog\u00eda y democracia. A. Mr\u00e1n<br \/>\nLa OTAN despu\u00e9s de Praga. Otro impulso al gasto militar mundial. J.Toribio<br \/>\nUn an\u00e1lisis cr\u00edtico de la Ley Org\u00e1nica de Calidad de la Educaci\u00f3n. J. Gil<br \/>\nLas libertad de expresi\u00f3n tras el 12-S. C. Frabetti<br \/>\nGlobalizaci\u00f3n neoliberal y Derecho Internacional en el contexto de Oriente Medio: los derechos humanos en Palestina. A. Cruz<br \/>\nGuerra y resistencia global. C. Taibo<\/span><\/p>\n<p><em>Voces como coces<\/em><br \/>\nGuerra es no bueno. Taller Candela<br \/>\nInmigrante. Alfa Bravo Kilo. Taller Candela<br \/>\nLa expansi\u00f3n. A. Muley-Ali<br \/>\nLey del reparto a costa del pueblo saharaui. Sahara Occidental: derecho y petr\u00f3leo. A. Muley-Ali<br \/>\nLos llamados conflictos \u00e9tnicos o guerras tribales en Africa. A. Nfubea<br \/>\nPobres ni\u00f1os pobres. E. Mart\u00ednez Reguera<\/p>\n<p><span class=\"remini\"><em>De nuestros barrios y otras actividades<\/em><br \/>\nNunca M\u00e1is como s\u00edmbolo de la resistencia y movilizaci\u00f3n popular. Cruzados de la franja azul y la bandera negra. A. Eir\u00e9<br \/>\nSintel. Historia de una lucha. A. Jim\u00e9nez<br \/>\nAguascalientes de Madrid: un relato entre mariposas y multitudes. Aguascalientes de Madrid<br \/>\nLa Comunidad de Madrid condena a la ilegalidad a las radios libres y comunitarias. URCM<br \/>\nLa calle, las urnas y el movimiento antiglobalizaci\u00f3n. A.M.<\/span><\/p>\n<p><em>Poes\u00eda<\/em><br \/>\nLa televisi\u00f3n es mi ojo. E. D\u00edaz-Ceso<br \/>\nInfancia sin flores. E. D\u00edaz-Ceso<br \/>\nV\u00f3mitos de carne picada. E. D\u00edaz-Ceso<\/p>\n<p><em>Relatos desde el callej\u00f3n<\/em><br \/>\nDespu\u00e9s de ver Tierra y Libertad. R. G\u00f3mez<br \/>\nEl viaje I.<br \/>\nEl viaje II. G. Romero<\/p>\n<p><em>Hemos le\u00eddo<br \/>\nHemos o\u00eddo<br \/>\nHemos visto<\/em><br \/>\nVoces contra el imperio: la guerra de Michael Moore. M.L. Ortega<\/p>\n<p><a href=\"http:\/\/www.asociacioncandela.org\/wp-content\/uploads\/2017\/02\/Rescoldos-8.pdf\">Deskarga<\/a><\/p>\n","protected":false},"excerpt":{"rendered":"<p><strong>vvaa<\/strong><br \/>\n2010033000067 &#8211; Asociaci\u00f3n cultural Candela &#8211; 2003 &#8211; 184 p\u00e1ginas \/orri.<\/p>\n","protected":false},"featured_media":10469,"template":"","meta":[],"product_brand":[],"product_cat":[177,16],"product_tag":[5076,1964,4626,4639],"class_list":{"0":"post-10458","1":"product","2":"type-product","3":"status-publish","4":"has-post-thumbnail","6":"product_cat-gizarte-mugimenduak-movimientos-sociales","7":"product_cat-libros","8":"product_tag-antimilitarismo","9":"product_tag-asociacion-cultural-candela","10":"product_tag-deskargak","11":"product_tag-rescoldos","13":"first","14":"instock","15":"sold-individually","16":"shipping-taxable","17":"purchasable","18":"product-type-simple"},"yoast_head":"<!-- This site is optimized with the Yoast SEO plugin v27.3 - https:\/\/yoast.com\/product\/yoast-seo-wordpress\/ -->\n<title>Rescoldos # 8 Guerra(s) &#8212; Zapateneo<\/title>\n<meta name=\"robots\" content=\"index, follow, max-snippet:-1, max-image-preview:large, max-video-preview:-1\" \/>\n<link rel=\"canonical\" href=\"https:\/\/zapateneo.net\/wordpress\/index.php\/producto\/rescoldos-8-guerras\/\" \/>\n<meta property=\"og:locale\" content=\"es_ES\" \/>\n<meta property=\"og:type\" content=\"article\" \/>\n<meta property=\"og:title\" content=\"Rescoldos # 8 Guerra(s) &#8212; Zapateneo\" \/>\n<meta property=\"og:description\" content=\"vvaa 2010033000067 - Asociaci\u00f3n cultural Candela - 2003 - 184 p\u00e1ginas \/orri.\" \/>\n<meta property=\"og:url\" content=\"https:\/\/zapateneo.net\/wordpress\/index.php\/producto\/rescoldos-8-guerras\/\" \/>\n<meta property=\"og:site_name\" content=\"Zapateneo\" \/>\n<meta property=\"article:modified_time\" content=\"2023-05-05T11:45:53+00:00\" \/>\n<meta property=\"og:image\" content=\"https:\/\/zapateneo.net\/wordpress\/wp-content\/uploads\/2021\/12\/rescoldos8-214x300-1.jpg\" \/>\n\t<meta property=\"og:image:width\" content=\"214\" \/>\n\t<meta property=\"og:image:height\" content=\"300\" \/>\n\t<meta property=\"og:image:type\" content=\"image\/jpeg\" \/>\n<meta name=\"twitter:card\" content=\"summary_large_image\" \/>\n<meta name=\"twitter:site\" content=\"@zapateneo\" \/>\n<meta name=\"twitter:label1\" content=\"Tiempo de lectura\" \/>\n\t<meta name=\"twitter:data1\" content=\"2 minutos\" \/>\n<script type=\"application\/ld+json\" class=\"yoast-schema-graph\">{\"@context\":\"https:\\\/\\\/schema.org\",\"@graph\":[{\"@type\":\"WebPage\",\"@id\":\"https:\\\/\\\/zapateneo.net\\\/wordpress\\\/index.php\\\/producto\\\/rescoldos-8-guerras\\\/\",\"url\":\"https:\\\/\\\/zapateneo.net\\\/wordpress\\\/index.php\\\/producto\\\/rescoldos-8-guerras\\\/\",\"name\":\"Rescoldos # 8 Guerra(s) &#8212; Zapateneo\",\"isPartOf\":{\"@id\":\"https:\\\/\\\/zapateneo.net\\\/wordpress\\\/#website\"},\"primaryImageOfPage\":{\"@id\":\"https:\\\/\\\/zapateneo.net\\\/wordpress\\\/index.php\\\/producto\\\/rescoldos-8-guerras\\\/#primaryimage\"},\"image\":{\"@id\":\"https:\\\/\\\/zapateneo.net\\\/wordpress\\\/index.php\\\/producto\\\/rescoldos-8-guerras\\\/#primaryimage\"},\"thumbnailUrl\":\"https:\\\/\\\/zapateneo.net\\\/wordpress\\\/wp-content\\\/uploads\\\/2021\\\/12\\\/rescoldos8-214x300-1.jpg\",\"datePublished\":\"2021-11-29T16:45:34+00:00\",\"dateModified\":\"2023-05-05T11:45:53+00:00\",\"breadcrumb\":{\"@id\":\"https:\\\/\\\/zapateneo.net\\\/wordpress\\\/index.php\\\/producto\\\/rescoldos-8-guerras\\\/#breadcrumb\"},\"inLanguage\":\"es\",\"potentialAction\":[{\"@type\":\"ReadAction\",\"target\":[\"https:\\\/\\\/zapateneo.net\\\/wordpress\\\/index.php\\\/producto\\\/rescoldos-8-guerras\\\/\"]}]},{\"@type\":\"ImageObject\",\"inLanguage\":\"es\",\"@id\":\"https:\\\/\\\/zapateneo.net\\\/wordpress\\\/index.php\\\/producto\\\/rescoldos-8-guerras\\\/#primaryimage\",\"url\":\"https:\\\/\\\/zapateneo.net\\\/wordpress\\\/wp-content\\\/uploads\\\/2021\\\/12\\\/rescoldos8-214x300-1.jpg\",\"contentUrl\":\"https:\\\/\\\/zapateneo.net\\\/wordpress\\\/wp-content\\\/uploads\\\/2021\\\/12\\\/rescoldos8-214x300-1.jpg\",\"width\":214,\"height\":300},{\"@type\":\"BreadcrumbList\",\"@id\":\"https:\\\/\\\/zapateneo.net\\\/wordpress\\\/index.php\\\/producto\\\/rescoldos-8-guerras\\\/#breadcrumb\",\"itemListElement\":[{\"@type\":\"ListItem\",\"position\":1,\"name\":\"Portada\",\"item\":\"https:\\\/\\\/zapateneo.net\\\/wordpress\\\/\"},{\"@type\":\"ListItem\",\"position\":2,\"name\":\"Tienda\",\"item\":\"https:\\\/\\\/zapateneo.net\\\/wordpress\\\/\"},{\"@type\":\"ListItem\",\"position\":3,\"name\":\"Rescoldos # 8 Guerra(s)\"}]},{\"@type\":\"WebSite\",\"@id\":\"https:\\\/\\\/zapateneo.net\\\/wordpress\\\/#website\",\"url\":\"https:\\\/\\\/zapateneo.net\\\/wordpress\\\/\",\"name\":\"Zapateneo\",\"description\":\"Zapateneoaren webgunea\",\"publisher\":{\"@id\":\"https:\\\/\\\/zapateneo.net\\\/wordpress\\\/#organization\"},\"potentialAction\":[{\"@type\":\"SearchAction\",\"target\":{\"@type\":\"EntryPoint\",\"urlTemplate\":\"https:\\\/\\\/zapateneo.net\\\/wordpress\\\/?s={search_term_string}\"},\"query-input\":{\"@type\":\"PropertyValueSpecification\",\"valueRequired\":true,\"valueName\":\"search_term_string\"}}],\"inLanguage\":\"es\"},{\"@type\":\"Organization\",\"@id\":\"https:\\\/\\\/zapateneo.net\\\/wordpress\\\/#organization\",\"name\":\"Zapateneo Kultur Elkartea\",\"url\":\"https:\\\/\\\/zapateneo.net\\\/wordpress\\\/\",\"logo\":{\"@type\":\"ImageObject\",\"inLanguage\":\"es\",\"@id\":\"https:\\\/\\\/zapateneo.net\\\/wordpress\\\/#\\\/schema\\\/logo\\\/image\\\/\",\"url\":\"https:\\\/\\\/zapateneo.net\\\/wordpress\\\/wp-content\\\/uploads\\\/2021\\\/04\\\/zap-libu-kolec.jpg\",\"contentUrl\":\"https:\\\/\\\/zapateneo.net\\\/wordpress\\\/wp-content\\\/uploads\\\/2021\\\/04\\\/zap-libu-kolec.jpg\",\"width\":2234,\"height\":398,\"caption\":\"Zapateneo Kultur Elkartea\"},\"image\":{\"@id\":\"https:\\\/\\\/zapateneo.net\\\/wordpress\\\/#\\\/schema\\\/logo\\\/image\\\/\"},\"sameAs\":[\"https:\\\/\\\/x.com\\\/zapateneo\"]}]}<\/script>\n<!-- \/ Yoast SEO plugin. -->","yoast_head_json":{"title":"Rescoldos # 8 Guerra(s) &#8212; Zapateneo","robots":{"index":"index","follow":"follow","max-snippet":"max-snippet:-1","max-image-preview":"max-image-preview:large","max-video-preview":"max-video-preview:-1"},"canonical":"https:\/\/zapateneo.net\/wordpress\/index.php\/producto\/rescoldos-8-guerras\/","og_locale":"es_ES","og_type":"article","og_title":"Rescoldos # 8 Guerra(s) &#8212; Zapateneo","og_description":"vvaa 2010033000067 - Asociaci\u00f3n cultural Candela - 2003 - 184 p\u00e1ginas \/orri.","og_url":"https:\/\/zapateneo.net\/wordpress\/index.php\/producto\/rescoldos-8-guerras\/","og_site_name":"Zapateneo","article_modified_time":"2023-05-05T11:45:53+00:00","og_image":[{"width":214,"height":300,"url":"https:\/\/zapateneo.net\/wordpress\/wp-content\/uploads\/2021\/12\/rescoldos8-214x300-1.jpg","type":"image\/jpeg"}],"twitter_card":"summary_large_image","twitter_site":"@zapateneo","twitter_misc":{"Tiempo de lectura":"2 minutos"},"schema":{"@context":"https:\/\/schema.org","@graph":[{"@type":"WebPage","@id":"https:\/\/zapateneo.net\/wordpress\/index.php\/producto\/rescoldos-8-guerras\/","url":"https:\/\/zapateneo.net\/wordpress\/index.php\/producto\/rescoldos-8-guerras\/","name":"Rescoldos # 8 Guerra(s) &#8212; Zapateneo","isPartOf":{"@id":"https:\/\/zapateneo.net\/wordpress\/#website"},"primaryImageOfPage":{"@id":"https:\/\/zapateneo.net\/wordpress\/index.php\/producto\/rescoldos-8-guerras\/#primaryimage"},"image":{"@id":"https:\/\/zapateneo.net\/wordpress\/index.php\/producto\/rescoldos-8-guerras\/#primaryimage"},"thumbnailUrl":"https:\/\/zapateneo.net\/wordpress\/wp-content\/uploads\/2021\/12\/rescoldos8-214x300-1.jpg","datePublished":"2021-11-29T16:45:34+00:00","dateModified":"2023-05-05T11:45:53+00:00","breadcrumb":{"@id":"https:\/\/zapateneo.net\/wordpress\/index.php\/producto\/rescoldos-8-guerras\/#breadcrumb"},"inLanguage":"es","potentialAction":[{"@type":"ReadAction","target":["https:\/\/zapateneo.net\/wordpress\/index.php\/producto\/rescoldos-8-guerras\/"]}]},{"@type":"ImageObject","inLanguage":"es","@id":"https:\/\/zapateneo.net\/wordpress\/index.php\/producto\/rescoldos-8-guerras\/#primaryimage","url":"https:\/\/zapateneo.net\/wordpress\/wp-content\/uploads\/2021\/12\/rescoldos8-214x300-1.jpg","contentUrl":"https:\/\/zapateneo.net\/wordpress\/wp-content\/uploads\/2021\/12\/rescoldos8-214x300-1.jpg","width":214,"height":300},{"@type":"BreadcrumbList","@id":"https:\/\/zapateneo.net\/wordpress\/index.php\/producto\/rescoldos-8-guerras\/#breadcrumb","itemListElement":[{"@type":"ListItem","position":1,"name":"Portada","item":"https:\/\/zapateneo.net\/wordpress\/"},{"@type":"ListItem","position":2,"name":"Tienda","item":"https:\/\/zapateneo.net\/wordpress\/"},{"@type":"ListItem","position":3,"name":"Rescoldos # 8 Guerra(s)"}]},{"@type":"WebSite","@id":"https:\/\/zapateneo.net\/wordpress\/#website","url":"https:\/\/zapateneo.net\/wordpress\/","name":"Zapateneo","description":"Zapateneoaren webgunea","publisher":{"@id":"https:\/\/zapateneo.net\/wordpress\/#organization"},"potentialAction":[{"@type":"SearchAction","target":{"@type":"EntryPoint","urlTemplate":"https:\/\/zapateneo.net\/wordpress\/?s={search_term_string}"},"query-input":{"@type":"PropertyValueSpecification","valueRequired":true,"valueName":"search_term_string"}}],"inLanguage":"es"},{"@type":"Organization","@id":"https:\/\/zapateneo.net\/wordpress\/#organization","name":"Zapateneo Kultur Elkartea","url":"https:\/\/zapateneo.net\/wordpress\/","logo":{"@type":"ImageObject","inLanguage":"es","@id":"https:\/\/zapateneo.net\/wordpress\/#\/schema\/logo\/image\/","url":"https:\/\/zapateneo.net\/wordpress\/wp-content\/uploads\/2021\/04\/zap-libu-kolec.jpg","contentUrl":"https:\/\/zapateneo.net\/wordpress\/wp-content\/uploads\/2021\/04\/zap-libu-kolec.jpg","width":2234,"height":398,"caption":"Zapateneo Kultur Elkartea"},"image":{"@id":"https:\/\/zapateneo.net\/wordpress\/#\/schema\/logo\/image\/"},"sameAs":["https:\/\/x.com\/zapateneo"]}]}},"_links":{"self":[{"href":"https:\/\/zapateneo.net\/wordpress\/index.php\/wp-json\/wp\/v2\/product\/10458","targetHints":{"allow":["GET"]}}],"collection":[{"href":"https:\/\/zapateneo.net\/wordpress\/index.php\/wp-json\/wp\/v2\/product"}],"about":[{"href":"https:\/\/zapateneo.net\/wordpress\/index.php\/wp-json\/wp\/v2\/types\/product"}],"wp:featuredmedia":[{"embeddable":true,"href":"https:\/\/zapateneo.net\/wordpress\/index.php\/wp-json\/wp\/v2\/media\/10469"}],"wp:attachment":[{"href":"https:\/\/zapateneo.net\/wordpress\/index.php\/wp-json\/wp\/v2\/media?parent=10458"}],"wp:term":[{"taxonomy":"product_brand","embeddable":true,"href":"https:\/\/zapateneo.net\/wordpress\/index.php\/wp-json\/wp\/v2\/product_brand?post=10458"},{"taxonomy":"product_cat","embeddable":true,"href":"https:\/\/zapateneo.net\/wordpress\/index.php\/wp-json\/wp\/v2\/product_cat?post=10458"},{"taxonomy":"product_tag","embeddable":true,"href":"https:\/\/zapateneo.net\/wordpress\/index.php\/wp-json\/wp\/v2\/product_tag?post=10458"}],"curies":[{"name":"wp","href":"https:\/\/api.w.org\/{rel}","templated":true}]}}