{"id":10421,"date":"2021-11-25T10:00:17","date_gmt":"2021-11-25T09:00:17","guid":{"rendered":"https:\/\/zapateneo.net\/wordpress\/?post_type=product&#038;p=10421"},"modified":"2021-12-25T10:25:46","modified_gmt":"2021-12-25T09:25:46","slug":"el-manifiesto-de-la-carta-magna","status":"publish","type":"product","link":"https:\/\/zapateneo.net\/wordpress\/index.php\/producto\/el-manifiesto-de-la-carta-magna\/","title":{"rendered":"El manifiesto de la Carta Magna"},"content":{"rendered":"<h3><strong>Volver a situar el procom\u00fan en el centro del debate sobre la constituci\u00f3n pol\u00edtica.<\/strong><\/h3>\n<p><em>\u00abEl mensaje de la Carta Magna y de la Carta del Bosque y el mensaje de este libro es sencillo: los derechos pol\u00edticos y legales solo pueden existir sobre una base econ\u00f3mica. Para ser ciudadanos libres tendremos tambi\u00e9n que ser productores y consumidores en igualdad de condiciones. Lo que llamar\u00e9 procom\u00fan (basado en la teor\u00eda que deposita toda la propiedad en la comunidad y organiza el trabajo para el beneficio com\u00fan de tod@s) debe existir tanto en las formas jur\u00eddicas como en la realidad material cotidiana.\u00bb<\/em><em>\u00a0<\/em><\/p>\n<div>\n<div class=\"content-view-embeddedmedia\">\n<div class=\"class-image\">\n<div class=\"attribute-image\">\n<p><img loading=\"lazy\" decoding=\"async\" style=\"border: 0px;\" title=\"tinydiggers\" src=\"http:\/\/www.traficantes.net\/var\/trafis\/storage\/images\/tinydiggers2\/300064-1-esl-ES\/tinydiggers_medium.gif\" alt=\"tinydiggers\" width=\"100\" height=\"163\" \/><\/p>\n<\/div>\n<\/div>\n<\/div>\n<\/div>\n<p>Inglaterra, 1217. Enrique, hijo del rey Juan sin tierra, ratifica la Carta Magna y la Carta del Bosque. La primera establece libertades: quedan prohibidas las detenciones arbitrarias (<em>habeas corpus<\/em>) y las torturas; los juicios seguir\u00e1n el debido proceso legal y contar\u00e1n con un jurado formado por pares. La segunda determina los usos de los comunes: tierras de pasto, frutos y caza del bosque, madera para hogueras, barcas y casas quedan a disposici\u00f3n de todas las personas. El sustento es tambi\u00e9n un derecho, como lo son las libertades. De este modo, derechos y libertades quedaron entrelazados en estas Cartas, una y otra vez reclamadas en las distintas revueltas igualitarias que constituyen la Edad Moderna inglesa.\u00bfQu\u00e9 ha ocurrido desde entonces? \u00bfC\u00f3mo se perdi\u00f3 el derecho al bosque y a la tierra?<\/p>\n<div>\n<div class=\"content-view-embeddedmedia\">\n<div class=\"class-image\">\n<div class=\"attribute-image\">\n<p><img loading=\"lazy\" decoding=\"async\" style=\"border: 0px;\" title=\"1215_magna_carta\" src=\"http:\/\/www.traficantes.net\/var\/trafis\/storage\/images\/1215_magna_carta2\/300067-1-esl-ES\/1215_magna_carta_medium.jpg\" alt=\"1215_magna_carta\" width=\"200\" height=\"138\" \/><\/p>\n<\/div>\n<div class=\"attribute-caption\" style=\"width: 200px;\">\n<p>Carta Magna, 1215<\/p>\n<\/div>\n<\/div>\n<\/div>\n<\/div>\n<p>\u00bfC\u00f3mo<br \/>\nconvivieron estas Cartas con la esclavitud y la colonizaci\u00f3n? \u00bfPor qu\u00e9 la Carta Magna sigue siendo un referente legislativo de las \u00abdemocracias\u00bb actuales y nadie recuerda la Carta del Bosque? \u00bfEs este referente algo m\u00e1s que ret\u00f3rica? En tiempos de Guant\u00e1namo y desposesi\u00f3n neoliberal.<strong>\u00a0<\/strong><\/p>\n<p><strong>Peter Linebaugh recupera la historia de estas Cartas con un firme prop\u00f3sito, alimentar las luchas que en todo el mundo gritan: \u00a1Libertades y comunes para el pueblo!<\/strong><\/p>\n<div>\n<div class=\"content-view-embeddedmedia\">\n<div class=\"class-image\">\n<div class=\"attribute-image\">\n<p><img loading=\"lazy\" decoding=\"async\" style=\"border: 0px;\" title=\"linebaugh-foto\" src=\"http:\/\/www.traficantes.net\/var\/trafis\/storage\/images\/linebaugh-foto3\/300070-1-esl-ES\/linebaugh-foto_medium.jpg\" alt=\"linebaugh-foto\" width=\"171\" height=\"220\" \/><\/p>\n<\/div>\n<\/div>\n<\/div>\n<\/div>\n<p><strong>Peter Linebaugh<\/strong> (1943), historiador marxista estadounidense disc\u00edpulo de E. P. Thompson, es profesor de la Universidad de Toledo (Ohio) y miembro del colectivo <a href=\"http:\/\/www.midnightnotes.org\/\" target=\"_self\" rel=\"noopener\">Midnight Notes<\/a> (junto a Silvia Federici y Georges Caffentzis), un grupo pionero en el estudio y difusi\u00f3n de los comunes hist\u00f3ricos y contempor\u00e1neos. En castellano se ha publicado el libro escrito junto a Marcus Rediker, <em><a href=\"http:\/\/www.traficantes.net\/index.php\/libreria\/catalogo\/libros\/La-hidra-de-la-revolucion.-Marineros-esclavos-y-campesinos-en-la-historia-oculta-del-Atlantico\" target=\"_self\" rel=\"noopener\">La hidra de la revoluci\u00f3n: Marineros, esclavos y campesinos en la historia oculta del Atl\u00e1ntico<\/a><\/em>.<\/p>\n<div class=\"object-left\">\n<div class=\"content-view-embeddedmedia\">\n<div class=\"class-image\">\n<div class=\"attribute-image\">\n<p><img loading=\"lazy\" decoding=\"async\" style=\"border: 0px;\" title=\"digscene\" src=\"http:\/\/www.traficantes.net\/var\/trafis\/storage\/images\/digscene2\/300073-1-esl-ES\/digscene_large.gif\" alt=\"digscene\" width=\"360\" height=\"342\" \/><\/p>\n<\/div>\n<\/div>\n<\/div>\n<\/div>\n<p><strong>\u00cdndice<\/strong><\/p>\n<p><strong>\u00a0<\/strong><strong>Prefacio <\/strong><strong>\u00a0<\/strong><\/p>\n<p><strong>Introducci\u00f3n <\/strong><strong>\u00a0<\/strong><\/p>\n<p><strong>1. Las dos cartas <\/strong><strong>\u00a0<\/strong><\/p>\n<p><strong>2. La mercanc\u00eda y el procom\u00fan <\/strong><strong>\u00a0<\/strong><\/p>\n<p><strong>3. Las cartas perdidas y recuperadas <\/strong><\/p>\n<p><strong>4. Las cartas de Caranegra y Carablanca <\/strong><\/p>\n<p><strong>5. 1776 y Runnamede<\/strong><\/p>\n<p><strong>6. La ley de la selva <\/strong><\/p>\n<p><strong>7. La Carta Magna y el Tribunal Supremo de EEUU <\/strong><\/p>\n<p><strong>8. Icono e \u00eddolo <\/strong><\/p>\n<p><strong>9. Esta tierra fue creada por ti y por m\u00ed <\/strong><\/p>\n<p><strong>10. La Constituci\u00f3n de los comunes <\/strong><\/p>\n<p>El c\u00edrculo sagrado<\/p>\n<p>El ariete<\/p>\n<p>El art\u00edculo 7(a)<\/p>\n<p>La tribuna del jurado<\/p>\n<p>La frontera<\/p>\n<p><strong>Conclusi\u00f3n <\/strong><\/p>\n<p><strong>Las Grandes Cartas de Libertades de Inglaterra o<\/strong><strong>\u00a0La Carta Magna y La Carta del Bosque<\/strong><\/p>\n<p><strong>Traducci\u00f3n<\/strong><\/p>\n<p><a id=\"eztoc299960_0_1_1\" name=\"eztoc299960_0_1_1\"><\/a><\/p>\n<h4><strong>Yaiza Hern\u00e1ndez Vel\u00e1zquez<\/strong><\/h4>\n<p><a id=\"eztoc299960_0_1_2\" name=\"eztoc299960_0_1_2\"><\/a><\/p>\n<h4><strong>Astor D\u00edaz Sim\u00f3n<\/strong><\/h4>\n<p><strong>Correci\u00f3n y revisi\u00f3n hist\u00f3rica<\/strong><\/p>\n<p><a id=\"eztoc299960_0_1_3\" name=\"eztoc299960_0_1_3\"><\/a><\/p>\n<h4>Jos\u00e9 Mguel Lorenzo Arribas<\/h4>\n","protected":false},"excerpt":{"rendered":"<p><strong>Linebaugh, Peter<\/strong><br \/>\n9788496453760 &#8211; Traficantes de sue\u00f1os &#8211; 2013 &#8211; 348 p\u00e1ginas \/orri.<\/p>\n","protected":false},"featured_media":10437,"template":"","meta":[],"product_brand":[],"product_cat":[185,16],"product_tag":[3325,72],"class_list":{"0":"post-10421","1":"product","2":"type-product","3":"status-publish","4":"has-post-thumbnail","6":"product_cat-historia","7":"product_cat-libros","8":"product_tag-linebaugh","9":"product_tag-traficantes-de-suenos","11":"first","12":"instock","13":"sold-individually","14":"shipping-taxable","15":"purchasable","16":"product-type-simple"},"yoast_head":"<!-- This site is optimized with the Yoast SEO plugin v27.4 - https:\/\/yoast.com\/product\/yoast-seo-wordpress\/ -->\n<title>El manifiesto de la Carta Magna &#8212; Zapateneo<\/title>\n<meta name=\"robots\" content=\"index, follow, max-snippet:-1, max-image-preview:large, max-video-preview:-1\" \/>\n<link rel=\"canonical\" href=\"https:\/\/zapateneo.net\/wordpress\/index.php\/producto\/el-manifiesto-de-la-carta-magna\/\" \/>\n<meta property=\"og:locale\" content=\"es_ES\" \/>\n<meta property=\"og:type\" content=\"article\" \/>\n<meta property=\"og:title\" content=\"El manifiesto de la Carta Magna &#8212; Zapateneo\" \/>\n<meta property=\"og:description\" content=\"Linebaugh, Peter 9788496453760 - Traficantes de sue\u00f1os - 2013 - 348 p\u00e1ginas \/orri.\" \/>\n<meta property=\"og:url\" content=\"https:\/\/zapateneo.net\/wordpress\/index.php\/producto\/el-manifiesto-de-la-carta-magna\/\" \/>\n<meta property=\"og:site_name\" content=\"Zapateneo\" \/>\n<meta property=\"article:modified_time\" content=\"2021-12-25T09:25:46+00:00\" \/>\n<meta property=\"og:image\" content=\"https:\/\/zapateneo.net\/wordpress\/wp-content\/uploads\/2021\/12\/9788496453760.jpg\" \/>\n\t<meta property=\"og:image:width\" content=\"229\" \/>\n\t<meta property=\"og:image:height\" content=\"341\" \/>\n\t<meta property=\"og:image:type\" content=\"image\/jpeg\" \/>\n<meta name=\"twitter:card\" content=\"summary_large_image\" \/>\n<meta name=\"twitter:site\" content=\"@zapateneo\" \/>\n<meta name=\"twitter:label1\" content=\"Tiempo de lectura\" \/>\n\t<meta name=\"twitter:data1\" content=\"4 minutos\" \/>\n<script type=\"application\/ld+json\" class=\"yoast-schema-graph\">{\"@context\":\"https:\\\/\\\/schema.org\",\"@graph\":[{\"@type\":\"WebPage\",\"@id\":\"https:\\\/\\\/zapateneo.net\\\/wordpress\\\/index.php\\\/producto\\\/el-manifiesto-de-la-carta-magna\\\/\",\"url\":\"https:\\\/\\\/zapateneo.net\\\/wordpress\\\/index.php\\\/producto\\\/el-manifiesto-de-la-carta-magna\\\/\",\"name\":\"El manifiesto de la Carta Magna &#8212; Zapateneo\",\"isPartOf\":{\"@id\":\"https:\\\/\\\/zapateneo.net\\\/wordpress\\\/#website\"},\"primaryImageOfPage\":{\"@id\":\"https:\\\/\\\/zapateneo.net\\\/wordpress\\\/index.php\\\/producto\\\/el-manifiesto-de-la-carta-magna\\\/#primaryimage\"},\"image\":{\"@id\":\"https:\\\/\\\/zapateneo.net\\\/wordpress\\\/index.php\\\/producto\\\/el-manifiesto-de-la-carta-magna\\\/#primaryimage\"},\"thumbnailUrl\":\"https:\\\/\\\/zapateneo.net\\\/wordpress\\\/wp-content\\\/uploads\\\/2021\\\/12\\\/9788496453760.jpg\",\"datePublished\":\"2021-11-25T09:00:17+00:00\",\"dateModified\":\"2021-12-25T09:25:46+00:00\",\"breadcrumb\":{\"@id\":\"https:\\\/\\\/zapateneo.net\\\/wordpress\\\/index.php\\\/producto\\\/el-manifiesto-de-la-carta-magna\\\/#breadcrumb\"},\"inLanguage\":\"es\",\"potentialAction\":[{\"@type\":\"ReadAction\",\"target\":[\"https:\\\/\\\/zapateneo.net\\\/wordpress\\\/index.php\\\/producto\\\/el-manifiesto-de-la-carta-magna\\\/\"]}]},{\"@type\":\"ImageObject\",\"inLanguage\":\"es\",\"@id\":\"https:\\\/\\\/zapateneo.net\\\/wordpress\\\/index.php\\\/producto\\\/el-manifiesto-de-la-carta-magna\\\/#primaryimage\",\"url\":\"https:\\\/\\\/zapateneo.net\\\/wordpress\\\/wp-content\\\/uploads\\\/2021\\\/12\\\/9788496453760.jpg\",\"contentUrl\":\"https:\\\/\\\/zapateneo.net\\\/wordpress\\\/wp-content\\\/uploads\\\/2021\\\/12\\\/9788496453760.jpg\",\"width\":229,\"height\":341},{\"@type\":\"BreadcrumbList\",\"@id\":\"https:\\\/\\\/zapateneo.net\\\/wordpress\\\/index.php\\\/producto\\\/el-manifiesto-de-la-carta-magna\\\/#breadcrumb\",\"itemListElement\":[{\"@type\":\"ListItem\",\"position\":1,\"name\":\"Portada\",\"item\":\"https:\\\/\\\/zapateneo.net\\\/wordpress\\\/\"},{\"@type\":\"ListItem\",\"position\":2,\"name\":\"Tienda\",\"item\":\"https:\\\/\\\/zapateneo.net\\\/wordpress\\\/\"},{\"@type\":\"ListItem\",\"position\":3,\"name\":\"El manifiesto de la Carta Magna\"}]},{\"@type\":\"WebSite\",\"@id\":\"https:\\\/\\\/zapateneo.net\\\/wordpress\\\/#website\",\"url\":\"https:\\\/\\\/zapateneo.net\\\/wordpress\\\/\",\"name\":\"Zapateneo\",\"description\":\"Zapateneoaren webgunea\",\"publisher\":{\"@id\":\"https:\\\/\\\/zapateneo.net\\\/wordpress\\\/#organization\"},\"potentialAction\":[{\"@type\":\"SearchAction\",\"target\":{\"@type\":\"EntryPoint\",\"urlTemplate\":\"https:\\\/\\\/zapateneo.net\\\/wordpress\\\/?s={search_term_string}\"},\"query-input\":{\"@type\":\"PropertyValueSpecification\",\"valueRequired\":true,\"valueName\":\"search_term_string\"}}],\"inLanguage\":\"es\"},{\"@type\":\"Organization\",\"@id\":\"https:\\\/\\\/zapateneo.net\\\/wordpress\\\/#organization\",\"name\":\"Zapateneo Kultur Elkartea\",\"url\":\"https:\\\/\\\/zapateneo.net\\\/wordpress\\\/\",\"logo\":{\"@type\":\"ImageObject\",\"inLanguage\":\"es\",\"@id\":\"https:\\\/\\\/zapateneo.net\\\/wordpress\\\/#\\\/schema\\\/logo\\\/image\\\/\",\"url\":\"https:\\\/\\\/zapateneo.net\\\/wordpress\\\/wp-content\\\/uploads\\\/2021\\\/04\\\/zap-libu-kolec.jpg\",\"contentUrl\":\"https:\\\/\\\/zapateneo.net\\\/wordpress\\\/wp-content\\\/uploads\\\/2021\\\/04\\\/zap-libu-kolec.jpg\",\"width\":2234,\"height\":398,\"caption\":\"Zapateneo Kultur Elkartea\"},\"image\":{\"@id\":\"https:\\\/\\\/zapateneo.net\\\/wordpress\\\/#\\\/schema\\\/logo\\\/image\\\/\"},\"sameAs\":[\"https:\\\/\\\/x.com\\\/zapateneo\"]}]}<\/script>\n<!-- \/ Yoast SEO plugin. -->","yoast_head_json":{"title":"El manifiesto de la Carta Magna &#8212; Zapateneo","robots":{"index":"index","follow":"follow","max-snippet":"max-snippet:-1","max-image-preview":"max-image-preview:large","max-video-preview":"max-video-preview:-1"},"canonical":"https:\/\/zapateneo.net\/wordpress\/index.php\/producto\/el-manifiesto-de-la-carta-magna\/","og_locale":"es_ES","og_type":"article","og_title":"El manifiesto de la Carta Magna &#8212; Zapateneo","og_description":"Linebaugh, Peter 9788496453760 - Traficantes de sue\u00f1os - 2013 - 348 p\u00e1ginas \/orri.","og_url":"https:\/\/zapateneo.net\/wordpress\/index.php\/producto\/el-manifiesto-de-la-carta-magna\/","og_site_name":"Zapateneo","article_modified_time":"2021-12-25T09:25:46+00:00","og_image":[{"width":229,"height":341,"url":"https:\/\/zapateneo.net\/wordpress\/wp-content\/uploads\/2021\/12\/9788496453760.jpg","type":"image\/jpeg"}],"twitter_card":"summary_large_image","twitter_site":"@zapateneo","twitter_misc":{"Tiempo de lectura":"4 minutos"},"schema":{"@context":"https:\/\/schema.org","@graph":[{"@type":"WebPage","@id":"https:\/\/zapateneo.net\/wordpress\/index.php\/producto\/el-manifiesto-de-la-carta-magna\/","url":"https:\/\/zapateneo.net\/wordpress\/index.php\/producto\/el-manifiesto-de-la-carta-magna\/","name":"El manifiesto de la Carta Magna &#8212; Zapateneo","isPartOf":{"@id":"https:\/\/zapateneo.net\/wordpress\/#website"},"primaryImageOfPage":{"@id":"https:\/\/zapateneo.net\/wordpress\/index.php\/producto\/el-manifiesto-de-la-carta-magna\/#primaryimage"},"image":{"@id":"https:\/\/zapateneo.net\/wordpress\/index.php\/producto\/el-manifiesto-de-la-carta-magna\/#primaryimage"},"thumbnailUrl":"https:\/\/zapateneo.net\/wordpress\/wp-content\/uploads\/2021\/12\/9788496453760.jpg","datePublished":"2021-11-25T09:00:17+00:00","dateModified":"2021-12-25T09:25:46+00:00","breadcrumb":{"@id":"https:\/\/zapateneo.net\/wordpress\/index.php\/producto\/el-manifiesto-de-la-carta-magna\/#breadcrumb"},"inLanguage":"es","potentialAction":[{"@type":"ReadAction","target":["https:\/\/zapateneo.net\/wordpress\/index.php\/producto\/el-manifiesto-de-la-carta-magna\/"]}]},{"@type":"ImageObject","inLanguage":"es","@id":"https:\/\/zapateneo.net\/wordpress\/index.php\/producto\/el-manifiesto-de-la-carta-magna\/#primaryimage","url":"https:\/\/zapateneo.net\/wordpress\/wp-content\/uploads\/2021\/12\/9788496453760.jpg","contentUrl":"https:\/\/zapateneo.net\/wordpress\/wp-content\/uploads\/2021\/12\/9788496453760.jpg","width":229,"height":341},{"@type":"BreadcrumbList","@id":"https:\/\/zapateneo.net\/wordpress\/index.php\/producto\/el-manifiesto-de-la-carta-magna\/#breadcrumb","itemListElement":[{"@type":"ListItem","position":1,"name":"Portada","item":"https:\/\/zapateneo.net\/wordpress\/"},{"@type":"ListItem","position":2,"name":"Tienda","item":"https:\/\/zapateneo.net\/wordpress\/"},{"@type":"ListItem","position":3,"name":"El manifiesto de la Carta Magna"}]},{"@type":"WebSite","@id":"https:\/\/zapateneo.net\/wordpress\/#website","url":"https:\/\/zapateneo.net\/wordpress\/","name":"Zapateneo","description":"Zapateneoaren webgunea","publisher":{"@id":"https:\/\/zapateneo.net\/wordpress\/#organization"},"potentialAction":[{"@type":"SearchAction","target":{"@type":"EntryPoint","urlTemplate":"https:\/\/zapateneo.net\/wordpress\/?s={search_term_string}"},"query-input":{"@type":"PropertyValueSpecification","valueRequired":true,"valueName":"search_term_string"}}],"inLanguage":"es"},{"@type":"Organization","@id":"https:\/\/zapateneo.net\/wordpress\/#organization","name":"Zapateneo Kultur Elkartea","url":"https:\/\/zapateneo.net\/wordpress\/","logo":{"@type":"ImageObject","inLanguage":"es","@id":"https:\/\/zapateneo.net\/wordpress\/#\/schema\/logo\/image\/","url":"https:\/\/zapateneo.net\/wordpress\/wp-content\/uploads\/2021\/04\/zap-libu-kolec.jpg","contentUrl":"https:\/\/zapateneo.net\/wordpress\/wp-content\/uploads\/2021\/04\/zap-libu-kolec.jpg","width":2234,"height":398,"caption":"Zapateneo Kultur Elkartea"},"image":{"@id":"https:\/\/zapateneo.net\/wordpress\/#\/schema\/logo\/image\/"},"sameAs":["https:\/\/x.com\/zapateneo"]}]}},"_links":{"self":[{"href":"https:\/\/zapateneo.net\/wordpress\/index.php\/wp-json\/wp\/v2\/product\/10421","targetHints":{"allow":["GET"]}}],"collection":[{"href":"https:\/\/zapateneo.net\/wordpress\/index.php\/wp-json\/wp\/v2\/product"}],"about":[{"href":"https:\/\/zapateneo.net\/wordpress\/index.php\/wp-json\/wp\/v2\/types\/product"}],"wp:featuredmedia":[{"embeddable":true,"href":"https:\/\/zapateneo.net\/wordpress\/index.php\/wp-json\/wp\/v2\/media\/10437"}],"wp:attachment":[{"href":"https:\/\/zapateneo.net\/wordpress\/index.php\/wp-json\/wp\/v2\/media?parent=10421"}],"wp:term":[{"taxonomy":"product_brand","embeddable":true,"href":"https:\/\/zapateneo.net\/wordpress\/index.php\/wp-json\/wp\/v2\/product_brand?post=10421"},{"taxonomy":"product_cat","embeddable":true,"href":"https:\/\/zapateneo.net\/wordpress\/index.php\/wp-json\/wp\/v2\/product_cat?post=10421"},{"taxonomy":"product_tag","embeddable":true,"href":"https:\/\/zapateneo.net\/wordpress\/index.php\/wp-json\/wp\/v2\/product_tag?post=10421"}],"curies":[{"name":"wp","href":"https:\/\/api.w.org\/{rel}","templated":true}]}}