{"id":10418,"date":"2021-11-25T10:00:17","date_gmt":"2021-11-25T09:00:17","guid":{"rendered":"https:\/\/zapateneo.net\/wordpress\/?post_type=product&#038;p=10418"},"modified":"2021-12-25T10:46:53","modified_gmt":"2021-12-25T09:46:53","slug":"el-poder-constituyente-ensayo-sobre-las-alternativas-de-la-modernidad","status":"publish","type":"product","link":"https:\/\/zapateneo.net\/wordpress\/index.php\/producto\/el-poder-constituyente-ensayo-sobre-las-alternativas-de-la-modernidad\/","title":{"rendered":"El poder constituyente. ensayo sobre las alternativas de la modernidad"},"content":{"rendered":"<p>Maquiavelo, Harrington y los revolucionarios ingleses, los autores de The Federalist y los padres fundadores de la Constituci\u00f3n americana, Sieyes en la revoluci\u00f3n francesa, Marx y Lenin: estos son algunos de los autores en torno a los que Antonio Negri trabaja, en este ensayo, para definir el concepto de poder constituyente. Negri considera el poder constituyente, adem\u00e1s de como una fuente principal del ordenamiento jur\u00eddico y constitucional, como concepto que no encuentra soluci\u00f3n en el ordenamiento constitutivo ni en la estabilidad de las Constituciones hist\u00f3ricamente v\u00e1lidas. Desde esta contradicci\u00f3n, la reapertura continua del proceso constituyente; una respuesta que mina la continuidad del proceso de modernizaci\u00f3n constitucional y las figuras del poder de vez en cuando determinadas, una reapertura que muestra en la historia de la modernidad, una alternativa permanente al perfeccionamiento de la forma-Estado.<br \/>\nProsiguiendo en sus estudios sobre las alternativas a la modernizaci\u00f3n capitalista en la historia del mundo occidental, insistiendo sobre la l\u00ednea que, desde Maquiavelo a Spinoza y a Marx, se opone a la santificaci\u00f3n de lo moderno, Negri define en este libro otro desarrollo constitucional, entre el Renacimiento y la actualidad post-socialista, ligando el desarrollo de la productividad social y el de la democracia pol\u00edtica: una antimodernidad pol\u00edtica y radicalmente democr\u00e1tica que vive, destruye y sobrevive creativamente a todas las formas del Estado.<\/p>\n","protected":false},"excerpt":{"rendered":"<p><strong>Negri, Antonio<\/strong><br \/>\n9788479541569 &#8211; Libertarias &#8211; 1993 &#8211; 456 p\u00e1ginas \/orri.<\/p>\n","protected":false},"featured_media":10440,"template":"","meta":[],"product_brand":[],"product_cat":[185,16],"product_tag":[5301,410,70],"class_list":{"0":"post-10418","1":"product","2":"type-product","3":"status-publish","4":"has-post-thumbnail","6":"product_cat-historia","7":"product_cat-libros","8":"product_tag-antonio-negri","9":"product_tag-libertarias","10":"product_tag-negri","12":"first","13":"onbackorder","14":"sold-individually","15":"shipping-taxable","16":"purchasable","17":"product-type-simple"},"yoast_head":"<!-- This site is optimized with the Yoast SEO plugin v27.3 - https:\/\/yoast.com\/product\/yoast-seo-wordpress\/ -->\n<title>El poder constituyente. ensayo sobre las alternativas de la modernidad &#8212; Zapateneo<\/title>\n<meta name=\"robots\" content=\"index, follow, max-snippet:-1, max-image-preview:large, max-video-preview:-1\" \/>\n<link rel=\"canonical\" href=\"https:\/\/zapateneo.net\/wordpress\/index.php\/producto\/el-poder-constituyente-ensayo-sobre-las-alternativas-de-la-modernidad\/\" \/>\n<meta property=\"og:locale\" content=\"es_ES\" \/>\n<meta property=\"og:type\" content=\"article\" \/>\n<meta property=\"og:title\" content=\"El poder constituyente. ensayo sobre las alternativas de la modernidad &#8212; Zapateneo\" \/>\n<meta property=\"og:description\" content=\"Negri, Antonio 9788479541569 - Libertarias - 1993 - 456 p\u00e1ginas \/orri.\" \/>\n<meta property=\"og:url\" content=\"https:\/\/zapateneo.net\/wordpress\/index.php\/producto\/el-poder-constituyente-ensayo-sobre-las-alternativas-de-la-modernidad\/\" \/>\n<meta property=\"og:site_name\" content=\"Zapateneo\" \/>\n<meta property=\"article:modified_time\" content=\"2021-12-25T09:46:53+00:00\" \/>\n<meta property=\"og:image\" content=\"https:\/\/zapateneo.net\/wordpress\/wp-content\/uploads\/2021\/12\/9788479541569.jpg\" \/>\n\t<meta property=\"og:image:width\" content=\"352\" \/>\n\t<meta property=\"og:image:height\" content=\"552\" \/>\n\t<meta property=\"og:image:type\" content=\"image\/jpeg\" \/>\n<meta name=\"twitter:card\" content=\"summary_large_image\" \/>\n<meta name=\"twitter:site\" content=\"@zapateneo\" \/>\n<meta name=\"twitter:label1\" content=\"Tiempo de lectura\" \/>\n\t<meta name=\"twitter:data1\" content=\"1 minuto\" \/>\n<script type=\"application\/ld+json\" class=\"yoast-schema-graph\">{\"@context\":\"https:\\\/\\\/schema.org\",\"@graph\":[{\"@type\":\"WebPage\",\"@id\":\"https:\\\/\\\/zapateneo.net\\\/wordpress\\\/index.php\\\/producto\\\/el-poder-constituyente-ensayo-sobre-las-alternativas-de-la-modernidad\\\/\",\"url\":\"https:\\\/\\\/zapateneo.net\\\/wordpress\\\/index.php\\\/producto\\\/el-poder-constituyente-ensayo-sobre-las-alternativas-de-la-modernidad\\\/\",\"name\":\"El poder constituyente. ensayo sobre las alternativas de la modernidad &#8212; Zapateneo\",\"isPartOf\":{\"@id\":\"https:\\\/\\\/zapateneo.net\\\/wordpress\\\/#website\"},\"primaryImageOfPage\":{\"@id\":\"https:\\\/\\\/zapateneo.net\\\/wordpress\\\/index.php\\\/producto\\\/el-poder-constituyente-ensayo-sobre-las-alternativas-de-la-modernidad\\\/#primaryimage\"},\"image\":{\"@id\":\"https:\\\/\\\/zapateneo.net\\\/wordpress\\\/index.php\\\/producto\\\/el-poder-constituyente-ensayo-sobre-las-alternativas-de-la-modernidad\\\/#primaryimage\"},\"thumbnailUrl\":\"https:\\\/\\\/zapateneo.net\\\/wordpress\\\/wp-content\\\/uploads\\\/2021\\\/12\\\/9788479541569.jpg\",\"datePublished\":\"2021-11-25T09:00:17+00:00\",\"dateModified\":\"2021-12-25T09:46:53+00:00\",\"breadcrumb\":{\"@id\":\"https:\\\/\\\/zapateneo.net\\\/wordpress\\\/index.php\\\/producto\\\/el-poder-constituyente-ensayo-sobre-las-alternativas-de-la-modernidad\\\/#breadcrumb\"},\"inLanguage\":\"es\",\"potentialAction\":[{\"@type\":\"ReadAction\",\"target\":[\"https:\\\/\\\/zapateneo.net\\\/wordpress\\\/index.php\\\/producto\\\/el-poder-constituyente-ensayo-sobre-las-alternativas-de-la-modernidad\\\/\"]}]},{\"@type\":\"ImageObject\",\"inLanguage\":\"es\",\"@id\":\"https:\\\/\\\/zapateneo.net\\\/wordpress\\\/index.php\\\/producto\\\/el-poder-constituyente-ensayo-sobre-las-alternativas-de-la-modernidad\\\/#primaryimage\",\"url\":\"https:\\\/\\\/zapateneo.net\\\/wordpress\\\/wp-content\\\/uploads\\\/2021\\\/12\\\/9788479541569.jpg\",\"contentUrl\":\"https:\\\/\\\/zapateneo.net\\\/wordpress\\\/wp-content\\\/uploads\\\/2021\\\/12\\\/9788479541569.jpg\",\"width\":352,\"height\":552},{\"@type\":\"BreadcrumbList\",\"@id\":\"https:\\\/\\\/zapateneo.net\\\/wordpress\\\/index.php\\\/producto\\\/el-poder-constituyente-ensayo-sobre-las-alternativas-de-la-modernidad\\\/#breadcrumb\",\"itemListElement\":[{\"@type\":\"ListItem\",\"position\":1,\"name\":\"Portada\",\"item\":\"https:\\\/\\\/zapateneo.net\\\/wordpress\\\/\"},{\"@type\":\"ListItem\",\"position\":2,\"name\":\"Tienda\",\"item\":\"https:\\\/\\\/zapateneo.net\\\/wordpress\\\/\"},{\"@type\":\"ListItem\",\"position\":3,\"name\":\"El poder constituyente. ensayo sobre las alternativas de la modernidad\"}]},{\"@type\":\"WebSite\",\"@id\":\"https:\\\/\\\/zapateneo.net\\\/wordpress\\\/#website\",\"url\":\"https:\\\/\\\/zapateneo.net\\\/wordpress\\\/\",\"name\":\"Zapateneo\",\"description\":\"Zapateneoaren webgunea\",\"publisher\":{\"@id\":\"https:\\\/\\\/zapateneo.net\\\/wordpress\\\/#organization\"},\"potentialAction\":[{\"@type\":\"SearchAction\",\"target\":{\"@type\":\"EntryPoint\",\"urlTemplate\":\"https:\\\/\\\/zapateneo.net\\\/wordpress\\\/?s={search_term_string}\"},\"query-input\":{\"@type\":\"PropertyValueSpecification\",\"valueRequired\":true,\"valueName\":\"search_term_string\"}}],\"inLanguage\":\"es\"},{\"@type\":\"Organization\",\"@id\":\"https:\\\/\\\/zapateneo.net\\\/wordpress\\\/#organization\",\"name\":\"Zapateneo Kultur Elkartea\",\"url\":\"https:\\\/\\\/zapateneo.net\\\/wordpress\\\/\",\"logo\":{\"@type\":\"ImageObject\",\"inLanguage\":\"es\",\"@id\":\"https:\\\/\\\/zapateneo.net\\\/wordpress\\\/#\\\/schema\\\/logo\\\/image\\\/\",\"url\":\"https:\\\/\\\/zapateneo.net\\\/wordpress\\\/wp-content\\\/uploads\\\/2021\\\/04\\\/zap-libu-kolec.jpg\",\"contentUrl\":\"https:\\\/\\\/zapateneo.net\\\/wordpress\\\/wp-content\\\/uploads\\\/2021\\\/04\\\/zap-libu-kolec.jpg\",\"width\":2234,\"height\":398,\"caption\":\"Zapateneo Kultur Elkartea\"},\"image\":{\"@id\":\"https:\\\/\\\/zapateneo.net\\\/wordpress\\\/#\\\/schema\\\/logo\\\/image\\\/\"},\"sameAs\":[\"https:\\\/\\\/x.com\\\/zapateneo\"]}]}<\/script>\n<!-- \/ Yoast SEO plugin. -->","yoast_head_json":{"title":"El poder constituyente. ensayo sobre las alternativas de la modernidad &#8212; Zapateneo","robots":{"index":"index","follow":"follow","max-snippet":"max-snippet:-1","max-image-preview":"max-image-preview:large","max-video-preview":"max-video-preview:-1"},"canonical":"https:\/\/zapateneo.net\/wordpress\/index.php\/producto\/el-poder-constituyente-ensayo-sobre-las-alternativas-de-la-modernidad\/","og_locale":"es_ES","og_type":"article","og_title":"El poder constituyente. ensayo sobre las alternativas de la modernidad &#8212; Zapateneo","og_description":"Negri, Antonio 9788479541569 - Libertarias - 1993 - 456 p\u00e1ginas \/orri.","og_url":"https:\/\/zapateneo.net\/wordpress\/index.php\/producto\/el-poder-constituyente-ensayo-sobre-las-alternativas-de-la-modernidad\/","og_site_name":"Zapateneo","article_modified_time":"2021-12-25T09:46:53+00:00","og_image":[{"width":352,"height":552,"url":"https:\/\/zapateneo.net\/wordpress\/wp-content\/uploads\/2021\/12\/9788479541569.jpg","type":"image\/jpeg"}],"twitter_card":"summary_large_image","twitter_site":"@zapateneo","twitter_misc":{"Tiempo de lectura":"1 minuto"},"schema":{"@context":"https:\/\/schema.org","@graph":[{"@type":"WebPage","@id":"https:\/\/zapateneo.net\/wordpress\/index.php\/producto\/el-poder-constituyente-ensayo-sobre-las-alternativas-de-la-modernidad\/","url":"https:\/\/zapateneo.net\/wordpress\/index.php\/producto\/el-poder-constituyente-ensayo-sobre-las-alternativas-de-la-modernidad\/","name":"El poder constituyente. ensayo sobre las alternativas de la modernidad &#8212; Zapateneo","isPartOf":{"@id":"https:\/\/zapateneo.net\/wordpress\/#website"},"primaryImageOfPage":{"@id":"https:\/\/zapateneo.net\/wordpress\/index.php\/producto\/el-poder-constituyente-ensayo-sobre-las-alternativas-de-la-modernidad\/#primaryimage"},"image":{"@id":"https:\/\/zapateneo.net\/wordpress\/index.php\/producto\/el-poder-constituyente-ensayo-sobre-las-alternativas-de-la-modernidad\/#primaryimage"},"thumbnailUrl":"https:\/\/zapateneo.net\/wordpress\/wp-content\/uploads\/2021\/12\/9788479541569.jpg","datePublished":"2021-11-25T09:00:17+00:00","dateModified":"2021-12-25T09:46:53+00:00","breadcrumb":{"@id":"https:\/\/zapateneo.net\/wordpress\/index.php\/producto\/el-poder-constituyente-ensayo-sobre-las-alternativas-de-la-modernidad\/#breadcrumb"},"inLanguage":"es","potentialAction":[{"@type":"ReadAction","target":["https:\/\/zapateneo.net\/wordpress\/index.php\/producto\/el-poder-constituyente-ensayo-sobre-las-alternativas-de-la-modernidad\/"]}]},{"@type":"ImageObject","inLanguage":"es","@id":"https:\/\/zapateneo.net\/wordpress\/index.php\/producto\/el-poder-constituyente-ensayo-sobre-las-alternativas-de-la-modernidad\/#primaryimage","url":"https:\/\/zapateneo.net\/wordpress\/wp-content\/uploads\/2021\/12\/9788479541569.jpg","contentUrl":"https:\/\/zapateneo.net\/wordpress\/wp-content\/uploads\/2021\/12\/9788479541569.jpg","width":352,"height":552},{"@type":"BreadcrumbList","@id":"https:\/\/zapateneo.net\/wordpress\/index.php\/producto\/el-poder-constituyente-ensayo-sobre-las-alternativas-de-la-modernidad\/#breadcrumb","itemListElement":[{"@type":"ListItem","position":1,"name":"Portada","item":"https:\/\/zapateneo.net\/wordpress\/"},{"@type":"ListItem","position":2,"name":"Tienda","item":"https:\/\/zapateneo.net\/wordpress\/"},{"@type":"ListItem","position":3,"name":"El poder constituyente. ensayo sobre las alternativas de la modernidad"}]},{"@type":"WebSite","@id":"https:\/\/zapateneo.net\/wordpress\/#website","url":"https:\/\/zapateneo.net\/wordpress\/","name":"Zapateneo","description":"Zapateneoaren webgunea","publisher":{"@id":"https:\/\/zapateneo.net\/wordpress\/#organization"},"potentialAction":[{"@type":"SearchAction","target":{"@type":"EntryPoint","urlTemplate":"https:\/\/zapateneo.net\/wordpress\/?s={search_term_string}"},"query-input":{"@type":"PropertyValueSpecification","valueRequired":true,"valueName":"search_term_string"}}],"inLanguage":"es"},{"@type":"Organization","@id":"https:\/\/zapateneo.net\/wordpress\/#organization","name":"Zapateneo Kultur Elkartea","url":"https:\/\/zapateneo.net\/wordpress\/","logo":{"@type":"ImageObject","inLanguage":"es","@id":"https:\/\/zapateneo.net\/wordpress\/#\/schema\/logo\/image\/","url":"https:\/\/zapateneo.net\/wordpress\/wp-content\/uploads\/2021\/04\/zap-libu-kolec.jpg","contentUrl":"https:\/\/zapateneo.net\/wordpress\/wp-content\/uploads\/2021\/04\/zap-libu-kolec.jpg","width":2234,"height":398,"caption":"Zapateneo Kultur Elkartea"},"image":{"@id":"https:\/\/zapateneo.net\/wordpress\/#\/schema\/logo\/image\/"},"sameAs":["https:\/\/x.com\/zapateneo"]}]}},"_links":{"self":[{"href":"https:\/\/zapateneo.net\/wordpress\/index.php\/wp-json\/wp\/v2\/product\/10418","targetHints":{"allow":["GET"]}}],"collection":[{"href":"https:\/\/zapateneo.net\/wordpress\/index.php\/wp-json\/wp\/v2\/product"}],"about":[{"href":"https:\/\/zapateneo.net\/wordpress\/index.php\/wp-json\/wp\/v2\/types\/product"}],"wp:featuredmedia":[{"embeddable":true,"href":"https:\/\/zapateneo.net\/wordpress\/index.php\/wp-json\/wp\/v2\/media\/10440"}],"wp:attachment":[{"href":"https:\/\/zapateneo.net\/wordpress\/index.php\/wp-json\/wp\/v2\/media?parent=10418"}],"wp:term":[{"taxonomy":"product_brand","embeddable":true,"href":"https:\/\/zapateneo.net\/wordpress\/index.php\/wp-json\/wp\/v2\/product_brand?post=10418"},{"taxonomy":"product_cat","embeddable":true,"href":"https:\/\/zapateneo.net\/wordpress\/index.php\/wp-json\/wp\/v2\/product_cat?post=10418"},{"taxonomy":"product_tag","embeddable":true,"href":"https:\/\/zapateneo.net\/wordpress\/index.php\/wp-json\/wp\/v2\/product_tag?post=10418"}],"curies":[{"name":"wp","href":"https:\/\/api.w.org\/{rel}","templated":true}]}}