{"id":10417,"date":"2021-11-25T10:00:16","date_gmt":"2021-11-25T09:00:16","guid":{"rendered":"https:\/\/zapateneo.net\/wordpress\/?post_type=product&#038;p=10417"},"modified":"2021-12-25T10:49:47","modified_gmt":"2021-12-25T09:49:47","slug":"la-escuela-hecha-pedazos-cronocuentos-politicos-de-un-maestro-inadapatado","status":"publish","type":"product","link":"https:\/\/zapateneo.net\/wordpress\/index.php\/producto\/la-escuela-hecha-pedazos-cronocuentos-politicos-de-un-maestro-inadapatado\/","title":{"rendered":"La escuela (h)echa pedazos. Cronocuentos pol\u00edticos de un maestro inadapatado"},"content":{"rendered":"<p>Necesitamos una educaci\u00f3n para la comunidad y no para competir con los iguales por los puestos de \u00a0 \u00a0 trabajo escasos o mejor remunerados. (\u2026) En la educaci\u00f3n<br \/>\ninadaptada a la escuela de mercado, los conocimientos son producto de una inteligencia colectiva. En este proceso, la vida de l@s maestr@s inadaptad@s pasa -l\u00e1mina a l\u00e1mina y d\u00eda a d\u00eda- a la vida de sus alumn@s. La conciencia, la sensibilidad y el cari\u00f1o de l@s maestr@s lamen con su lengua de fuego la conciencia y la sensibilidad seminal de l@s ni\u00f1@s impulsando su desarrollo hacia su verdadera naturaleza, que es la de ciudadan@s cooperativ@s. Al hacerlo, el maestro y la maestra realizan su propia naturaleza.Agust\u00edn Mor\u00e1n, en el pr\u00f3logo.<br \/>\nEducar \u00bfno ser\u00e1 en cierta medida despertar la capacidad de inadaptaci\u00f3n del individuo? Los educadores\/as honestos \u00bfno est\u00e1n moralmente obligados, de alg\u00fan modo, a preparar a los educandos para el ejercicio de la rebeld\u00eda?<br \/>\n<strong>Luis Pumares, en el ep\u00edlogo.<\/strong><\/p>\n<p class=\" text-left\"><em><strong>Gonzalo Romero<\/strong>\u00a0(Madrid, 1959), fundador y militante de la Asociaci\u00f3n Cultural \u201cCandela\u201d. Durante trece a\u00f1os fue maestro en Educaci\u00f3n Infantil, Primaria y Secundaria. Licenciado en Filosof\u00eda y Ciencias de la Educaci\u00f3n. Doctor en Pedagog\u00eda. Ha impartido numerosos cursos y talleres sobre pedagog\u00eda cr\u00edtica y transformaci\u00f3n social en Espa\u00f1a, Bolivia, Chile y M\u00e9xico. Es profesor del Departamento de Did\u00e1ctica de la Universidad de Alcal\u00e1. Ha escrito numerosos art\u00edculos en revistas especializadas sobre sociedad, cultura y educaci\u00f3n. Ha escrito varios libros: Un oficio sin paredes (Ediciones Marova, 1991); Sobre el drama de la inmadurez. Actividades did\u00e1cticas para la lectura de Peter Pan (Ediciones Siruela, 1999); De dentro a fuera y viceversa. Narraciones con dolor de fondo (Ediciones de la Torre, 2000); Fuera de Onda. Relatos de una historia de radio libre (Ediciones Entinema, 2003); \u00bfDe qu\u00e9 medios disponemos? La expresi\u00f3n social a trav\u00e9s de los medios de comunicaci\u00f3n y su uso en la relaci\u00f3n educativa (Universidad de Alcal\u00e1, 2004); Hacia una pedagog\u00eda del contexto (Universidad de Alcal\u00e1, 2005); Palabras liberadas. Microrelatos para una pedagog\u00eda de la deliberaci\u00f3n (Laertes, 2007); La crisis de la escuela educadora (Laertes, 2009).<\/em><\/p>\n","protected":false},"excerpt":{"rendered":"<p><strong>Gonzalo Romero<\/strong><br \/>\n9788493977610 &#8211; La ca\u00edda &#8211; 2012 &#8211; 202 p\u00e1ginas \/orri.<\/p>\n","protected":false},"featured_media":10441,"template":"","meta":[],"product_brand":[],"product_cat":[186,16],"product_tag":[5317,917],"class_list":{"0":"post-10417","1":"product","2":"type-product","3":"status-publish","4":"has-post-thumbnail","6":"product_cat-hezkuntza-educacion","7":"product_cat-libros","8":"product_tag-gonzalo-romero","9":"product_tag-la-caida","11":"first","12":"onbackorder","13":"sold-individually","14":"shipping-taxable","15":"purchasable","16":"product-type-simple"},"yoast_head":"<!-- This site is optimized with the Yoast SEO plugin v27.3 - https:\/\/yoast.com\/product\/yoast-seo-wordpress\/ -->\n<title>La escuela (h)echa pedazos. Cronocuentos pol\u00edticos de un maestro inadapatado &#8212; Zapateneo<\/title>\n<meta name=\"robots\" content=\"index, follow, max-snippet:-1, max-image-preview:large, max-video-preview:-1\" \/>\n<link rel=\"canonical\" href=\"https:\/\/zapateneo.net\/wordpress\/index.php\/producto\/la-escuela-hecha-pedazos-cronocuentos-politicos-de-un-maestro-inadapatado\/\" \/>\n<meta property=\"og:locale\" content=\"es_ES\" \/>\n<meta property=\"og:type\" content=\"article\" \/>\n<meta property=\"og:title\" content=\"La escuela (h)echa pedazos. Cronocuentos pol\u00edticos de un maestro inadapatado &#8212; Zapateneo\" \/>\n<meta property=\"og:description\" content=\"Gonzalo Romero 9788493977610 - La ca\u00edda - 2012 - 202 p\u00e1ginas \/orri.\" \/>\n<meta property=\"og:url\" content=\"https:\/\/zapateneo.net\/wordpress\/index.php\/producto\/la-escuela-hecha-pedazos-cronocuentos-politicos-de-un-maestro-inadapatado\/\" \/>\n<meta property=\"og:site_name\" content=\"Zapateneo\" \/>\n<meta property=\"article:modified_time\" content=\"2021-12-25T09:49:47+00:00\" \/>\n<meta property=\"og:image\" content=\"https:\/\/zapateneo.net\/wordpress\/wp-content\/uploads\/2021\/12\/9788493977610.png\" \/>\n\t<meta property=\"og:image:width\" content=\"354\" \/>\n\t<meta property=\"og:image:height\" content=\"560\" \/>\n\t<meta property=\"og:image:type\" content=\"image\/png\" \/>\n<meta name=\"twitter:card\" content=\"summary_large_image\" \/>\n<meta name=\"twitter:site\" content=\"@zapateneo\" \/>\n<meta name=\"twitter:label1\" content=\"Tiempo de lectura\" \/>\n\t<meta name=\"twitter:data1\" content=\"2 minutos\" \/>\n<script type=\"application\/ld+json\" class=\"yoast-schema-graph\">{\"@context\":\"https:\\\/\\\/schema.org\",\"@graph\":[{\"@type\":\"WebPage\",\"@id\":\"https:\\\/\\\/zapateneo.net\\\/wordpress\\\/index.php\\\/producto\\\/la-escuela-hecha-pedazos-cronocuentos-politicos-de-un-maestro-inadapatado\\\/\",\"url\":\"https:\\\/\\\/zapateneo.net\\\/wordpress\\\/index.php\\\/producto\\\/la-escuela-hecha-pedazos-cronocuentos-politicos-de-un-maestro-inadapatado\\\/\",\"name\":\"La escuela (h)echa pedazos. Cronocuentos pol\u00edticos de un maestro inadapatado &#8212; Zapateneo\",\"isPartOf\":{\"@id\":\"https:\\\/\\\/zapateneo.net\\\/wordpress\\\/#website\"},\"primaryImageOfPage\":{\"@id\":\"https:\\\/\\\/zapateneo.net\\\/wordpress\\\/index.php\\\/producto\\\/la-escuela-hecha-pedazos-cronocuentos-politicos-de-un-maestro-inadapatado\\\/#primaryimage\"},\"image\":{\"@id\":\"https:\\\/\\\/zapateneo.net\\\/wordpress\\\/index.php\\\/producto\\\/la-escuela-hecha-pedazos-cronocuentos-politicos-de-un-maestro-inadapatado\\\/#primaryimage\"},\"thumbnailUrl\":\"https:\\\/\\\/zapateneo.net\\\/wordpress\\\/wp-content\\\/uploads\\\/2021\\\/12\\\/9788493977610.png\",\"datePublished\":\"2021-11-25T09:00:16+00:00\",\"dateModified\":\"2021-12-25T09:49:47+00:00\",\"breadcrumb\":{\"@id\":\"https:\\\/\\\/zapateneo.net\\\/wordpress\\\/index.php\\\/producto\\\/la-escuela-hecha-pedazos-cronocuentos-politicos-de-un-maestro-inadapatado\\\/#breadcrumb\"},\"inLanguage\":\"es\",\"potentialAction\":[{\"@type\":\"ReadAction\",\"target\":[\"https:\\\/\\\/zapateneo.net\\\/wordpress\\\/index.php\\\/producto\\\/la-escuela-hecha-pedazos-cronocuentos-politicos-de-un-maestro-inadapatado\\\/\"]}]},{\"@type\":\"ImageObject\",\"inLanguage\":\"es\",\"@id\":\"https:\\\/\\\/zapateneo.net\\\/wordpress\\\/index.php\\\/producto\\\/la-escuela-hecha-pedazos-cronocuentos-politicos-de-un-maestro-inadapatado\\\/#primaryimage\",\"url\":\"https:\\\/\\\/zapateneo.net\\\/wordpress\\\/wp-content\\\/uploads\\\/2021\\\/12\\\/9788493977610.png\",\"contentUrl\":\"https:\\\/\\\/zapateneo.net\\\/wordpress\\\/wp-content\\\/uploads\\\/2021\\\/12\\\/9788493977610.png\",\"width\":354,\"height\":560},{\"@type\":\"BreadcrumbList\",\"@id\":\"https:\\\/\\\/zapateneo.net\\\/wordpress\\\/index.php\\\/producto\\\/la-escuela-hecha-pedazos-cronocuentos-politicos-de-un-maestro-inadapatado\\\/#breadcrumb\",\"itemListElement\":[{\"@type\":\"ListItem\",\"position\":1,\"name\":\"Portada\",\"item\":\"https:\\\/\\\/zapateneo.net\\\/wordpress\\\/\"},{\"@type\":\"ListItem\",\"position\":2,\"name\":\"Tienda\",\"item\":\"https:\\\/\\\/zapateneo.net\\\/wordpress\\\/\"},{\"@type\":\"ListItem\",\"position\":3,\"name\":\"La escuela (h)echa pedazos. Cronocuentos pol\u00edticos de un maestro inadapatado\"}]},{\"@type\":\"WebSite\",\"@id\":\"https:\\\/\\\/zapateneo.net\\\/wordpress\\\/#website\",\"url\":\"https:\\\/\\\/zapateneo.net\\\/wordpress\\\/\",\"name\":\"Zapateneo\",\"description\":\"Zapateneoaren webgunea\",\"publisher\":{\"@id\":\"https:\\\/\\\/zapateneo.net\\\/wordpress\\\/#organization\"},\"potentialAction\":[{\"@type\":\"SearchAction\",\"target\":{\"@type\":\"EntryPoint\",\"urlTemplate\":\"https:\\\/\\\/zapateneo.net\\\/wordpress\\\/?s={search_term_string}\"},\"query-input\":{\"@type\":\"PropertyValueSpecification\",\"valueRequired\":true,\"valueName\":\"search_term_string\"}}],\"inLanguage\":\"es\"},{\"@type\":\"Organization\",\"@id\":\"https:\\\/\\\/zapateneo.net\\\/wordpress\\\/#organization\",\"name\":\"Zapateneo Kultur Elkartea\",\"url\":\"https:\\\/\\\/zapateneo.net\\\/wordpress\\\/\",\"logo\":{\"@type\":\"ImageObject\",\"inLanguage\":\"es\",\"@id\":\"https:\\\/\\\/zapateneo.net\\\/wordpress\\\/#\\\/schema\\\/logo\\\/image\\\/\",\"url\":\"https:\\\/\\\/zapateneo.net\\\/wordpress\\\/wp-content\\\/uploads\\\/2021\\\/04\\\/zap-libu-kolec.jpg\",\"contentUrl\":\"https:\\\/\\\/zapateneo.net\\\/wordpress\\\/wp-content\\\/uploads\\\/2021\\\/04\\\/zap-libu-kolec.jpg\",\"width\":2234,\"height\":398,\"caption\":\"Zapateneo Kultur Elkartea\"},\"image\":{\"@id\":\"https:\\\/\\\/zapateneo.net\\\/wordpress\\\/#\\\/schema\\\/logo\\\/image\\\/\"},\"sameAs\":[\"https:\\\/\\\/x.com\\\/zapateneo\"]}]}<\/script>\n<!-- \/ Yoast SEO plugin. -->","yoast_head_json":{"title":"La escuela (h)echa pedazos. Cronocuentos pol\u00edticos de un maestro inadapatado &#8212; Zapateneo","robots":{"index":"index","follow":"follow","max-snippet":"max-snippet:-1","max-image-preview":"max-image-preview:large","max-video-preview":"max-video-preview:-1"},"canonical":"https:\/\/zapateneo.net\/wordpress\/index.php\/producto\/la-escuela-hecha-pedazos-cronocuentos-politicos-de-un-maestro-inadapatado\/","og_locale":"es_ES","og_type":"article","og_title":"La escuela (h)echa pedazos. Cronocuentos pol\u00edticos de un maestro inadapatado &#8212; Zapateneo","og_description":"Gonzalo Romero 9788493977610 - La ca\u00edda - 2012 - 202 p\u00e1ginas \/orri.","og_url":"https:\/\/zapateneo.net\/wordpress\/index.php\/producto\/la-escuela-hecha-pedazos-cronocuentos-politicos-de-un-maestro-inadapatado\/","og_site_name":"Zapateneo","article_modified_time":"2021-12-25T09:49:47+00:00","og_image":[{"width":354,"height":560,"url":"https:\/\/zapateneo.net\/wordpress\/wp-content\/uploads\/2021\/12\/9788493977610.png","type":"image\/png"}],"twitter_card":"summary_large_image","twitter_site":"@zapateneo","twitter_misc":{"Tiempo de lectura":"2 minutos"},"schema":{"@context":"https:\/\/schema.org","@graph":[{"@type":"WebPage","@id":"https:\/\/zapateneo.net\/wordpress\/index.php\/producto\/la-escuela-hecha-pedazos-cronocuentos-politicos-de-un-maestro-inadapatado\/","url":"https:\/\/zapateneo.net\/wordpress\/index.php\/producto\/la-escuela-hecha-pedazos-cronocuentos-politicos-de-un-maestro-inadapatado\/","name":"La escuela (h)echa pedazos. Cronocuentos pol\u00edticos de un maestro inadapatado &#8212; Zapateneo","isPartOf":{"@id":"https:\/\/zapateneo.net\/wordpress\/#website"},"primaryImageOfPage":{"@id":"https:\/\/zapateneo.net\/wordpress\/index.php\/producto\/la-escuela-hecha-pedazos-cronocuentos-politicos-de-un-maestro-inadapatado\/#primaryimage"},"image":{"@id":"https:\/\/zapateneo.net\/wordpress\/index.php\/producto\/la-escuela-hecha-pedazos-cronocuentos-politicos-de-un-maestro-inadapatado\/#primaryimage"},"thumbnailUrl":"https:\/\/zapateneo.net\/wordpress\/wp-content\/uploads\/2021\/12\/9788493977610.png","datePublished":"2021-11-25T09:00:16+00:00","dateModified":"2021-12-25T09:49:47+00:00","breadcrumb":{"@id":"https:\/\/zapateneo.net\/wordpress\/index.php\/producto\/la-escuela-hecha-pedazos-cronocuentos-politicos-de-un-maestro-inadapatado\/#breadcrumb"},"inLanguage":"es","potentialAction":[{"@type":"ReadAction","target":["https:\/\/zapateneo.net\/wordpress\/index.php\/producto\/la-escuela-hecha-pedazos-cronocuentos-politicos-de-un-maestro-inadapatado\/"]}]},{"@type":"ImageObject","inLanguage":"es","@id":"https:\/\/zapateneo.net\/wordpress\/index.php\/producto\/la-escuela-hecha-pedazos-cronocuentos-politicos-de-un-maestro-inadapatado\/#primaryimage","url":"https:\/\/zapateneo.net\/wordpress\/wp-content\/uploads\/2021\/12\/9788493977610.png","contentUrl":"https:\/\/zapateneo.net\/wordpress\/wp-content\/uploads\/2021\/12\/9788493977610.png","width":354,"height":560},{"@type":"BreadcrumbList","@id":"https:\/\/zapateneo.net\/wordpress\/index.php\/producto\/la-escuela-hecha-pedazos-cronocuentos-politicos-de-un-maestro-inadapatado\/#breadcrumb","itemListElement":[{"@type":"ListItem","position":1,"name":"Portada","item":"https:\/\/zapateneo.net\/wordpress\/"},{"@type":"ListItem","position":2,"name":"Tienda","item":"https:\/\/zapateneo.net\/wordpress\/"},{"@type":"ListItem","position":3,"name":"La escuela (h)echa pedazos. Cronocuentos pol\u00edticos de un maestro inadapatado"}]},{"@type":"WebSite","@id":"https:\/\/zapateneo.net\/wordpress\/#website","url":"https:\/\/zapateneo.net\/wordpress\/","name":"Zapateneo","description":"Zapateneoaren webgunea","publisher":{"@id":"https:\/\/zapateneo.net\/wordpress\/#organization"},"potentialAction":[{"@type":"SearchAction","target":{"@type":"EntryPoint","urlTemplate":"https:\/\/zapateneo.net\/wordpress\/?s={search_term_string}"},"query-input":{"@type":"PropertyValueSpecification","valueRequired":true,"valueName":"search_term_string"}}],"inLanguage":"es"},{"@type":"Organization","@id":"https:\/\/zapateneo.net\/wordpress\/#organization","name":"Zapateneo Kultur Elkartea","url":"https:\/\/zapateneo.net\/wordpress\/","logo":{"@type":"ImageObject","inLanguage":"es","@id":"https:\/\/zapateneo.net\/wordpress\/#\/schema\/logo\/image\/","url":"https:\/\/zapateneo.net\/wordpress\/wp-content\/uploads\/2021\/04\/zap-libu-kolec.jpg","contentUrl":"https:\/\/zapateneo.net\/wordpress\/wp-content\/uploads\/2021\/04\/zap-libu-kolec.jpg","width":2234,"height":398,"caption":"Zapateneo Kultur Elkartea"},"image":{"@id":"https:\/\/zapateneo.net\/wordpress\/#\/schema\/logo\/image\/"},"sameAs":["https:\/\/x.com\/zapateneo"]}]}},"_links":{"self":[{"href":"https:\/\/zapateneo.net\/wordpress\/index.php\/wp-json\/wp\/v2\/product\/10417","targetHints":{"allow":["GET"]}}],"collection":[{"href":"https:\/\/zapateneo.net\/wordpress\/index.php\/wp-json\/wp\/v2\/product"}],"about":[{"href":"https:\/\/zapateneo.net\/wordpress\/index.php\/wp-json\/wp\/v2\/types\/product"}],"wp:featuredmedia":[{"embeddable":true,"href":"https:\/\/zapateneo.net\/wordpress\/index.php\/wp-json\/wp\/v2\/media\/10441"}],"wp:attachment":[{"href":"https:\/\/zapateneo.net\/wordpress\/index.php\/wp-json\/wp\/v2\/media?parent=10417"}],"wp:term":[{"taxonomy":"product_brand","embeddable":true,"href":"https:\/\/zapateneo.net\/wordpress\/index.php\/wp-json\/wp\/v2\/product_brand?post=10417"},{"taxonomy":"product_cat","embeddable":true,"href":"https:\/\/zapateneo.net\/wordpress\/index.php\/wp-json\/wp\/v2\/product_cat?post=10417"},{"taxonomy":"product_tag","embeddable":true,"href":"https:\/\/zapateneo.net\/wordpress\/index.php\/wp-json\/wp\/v2\/product_tag?post=10417"}],"curies":[{"name":"wp","href":"https:\/\/api.w.org\/{rel}","templated":true}]}}